{"id":28984,"date":"2024-07-31T16:48:36","date_gmt":"2024-07-31T14:48:36","guid":{"rendered":"https:\/\/uj.libwomenstore.com\/shipping-policy\/"},"modified":"2025-11-27T15:33:16","modified_gmt":"2025-11-27T14:33:16","slug":"shipping-policy","status":"publish","type":"page","link":"https:\/\/libwomenstore.com\/en\/shipping-policy\/","title":{"rendered":"Shipping Policy"},"content":{"rendered":"\n<p><strong>DELIVERY METHODS<\/strong><\/p>\n\n<p><strong>GLS courier service<\/strong><\/p>\n\n<p>The product will be delivered by GLS courier service.<br\/>For more information click here: <a href=\"https:\/\/gls-group.eu\/HU\/hu\/cimzetteknek-nyujtott-szolgaltatasok\">https:\/\/gls-group.eu\/HU\/hu\/cimzetteknek-nyujtott-szolgaltatasok<\/a><\/p>\n\n<p><\/p>\n\n<p><strong>MPL courier service<\/strong><\/p>\n\n<p><\/p>\n\n<p>The delivery prices are supplemented by a logistics fee of +1000 HUF in addition to the delivery fee. Therefore, the MPL home delivery fee is 2690 HUF (1690 HUF delivery cost + 1000 HUF logistics fee), the delivery fee to a PostaPont Parcel Machine is 2290 HUF (1290 HUF delivery fee + 1000 HUF logistics fee), and the delivery to a PostaPont Post Office is 3500 HUF (2500 HUF delivery fee + 1000 HUF logistics fee). <\/p>\n\n<p>The product will be delivered by MPL courier service.<br\/>More information can be found here: <a href=\"https:\/\/posta.hu\/\">https:\/\/posta.hu\/<\/a><\/p>\n\n<p><\/p>\n\n<p><strong>Pick Up<\/strong><\/p>\n\n<p>It is possible to pick up your order in person at the store (1053, Bp. Magyar u. 52.).<\/p>\n","protected":false},"excerpt":{"rendered":"<p>DELIVERY METHODS GLS courier service The product will be delivered by GLS courier service.For more information click here: https:\/\/gls-group.eu\/HU\/hu\/cimzetteknek-nyujtott-szolgaltatasok MPL courier service The delivery prices are supplemented by a logistics fee of +1000 HUF in addition to the delivery fee. Therefore, the MPL home delivery fee is 2690 HUF (1690 HUF delivery cost + 1000 [&hellip;]<\/p>\n","protected":false},"author":278,"featured_media":0,"parent":0,"menu_order":0,"comment_status":"closed","ping_status":"closed","template":"","meta":{"_et_pb_use_builder":"off","_et_pb_old_content":"","_et_gb_content_width":"","footnotes":""},"class_list":["post-28984","page","type-page","status-publish","hentry"],"yoast_head":"<!-- This site is optimized with the Yoast SEO Premium plugin v27.4 (Yoast SEO v27.4) - https:\/\/yoast.com\/product\/yoast-seo-premium-wordpress\/ -->\n<title>Shipping Policy - Lib Women&#039;s Store<\/title>\n<meta name=\"robots\" content=\"index, follow, max-snippet:-1, max-image-preview:large, max-video-preview:-1\" \/>\n<link rel=\"canonical\" href=\"https:\/\/libwomenstore.com\/en\/shipping-policy\/\" \/>\n<meta property=\"og:locale\" content=\"en_US\" \/>\n<meta property=\"og:type\" content=\"article\" \/>\n<meta property=\"og:title\" content=\"Shipping Policy\" \/>\n<meta property=\"og:description\" content=\"DELIVERY METHODS GLS courier service The product will be delivered by GLS courier service.For more information click here: https:\/\/gls-group.eu\/HU\/hu\/cimzetteknek-nyujtott-szolgaltatasok MPL courier service The delivery prices are supplemented by a logistics fee of +1000 HUF in addition to the delivery fee. Therefore, the MPL home delivery fee is 2690 HUF (1690 HUF delivery cost + 1000 [&hellip;]\" \/>\n<meta property=\"og:url\" content=\"https:\/\/libwomenstore.com\/en\/shipping-policy\/\" \/>\n<meta property=\"og:site_name\" content=\"Lib Women&#039;s Store\" \/>\n<meta property=\"article:publisher\" content=\"https:\/\/www.facebook.com\/libwomenstore\" \/>\n<meta property=\"article:modified_time\" content=\"2025-11-27T14:33:16+00:00\" \/>\n<meta property=\"og:image\" content=\"https:\/\/libwomenstore.com\/wp-content\/uploads\/2024\/12\/bolt_1200x675.png\" \/>\n\t<meta property=\"og:image:width\" content=\"1200\" \/>\n\t<meta property=\"og:image:height\" content=\"675\" \/>\n\t<meta property=\"og:image:type\" content=\"image\/png\" \/>\n<meta name=\"twitter:card\" content=\"summary_large_image\" \/>\n<meta name=\"twitter:label1\" content=\"Est. reading time\" \/>\n\t<meta name=\"twitter:data1\" content=\"1 minute\" \/>\n<script type=\"application\/ld+json\" class=\"yoast-schema-graph\">{\"@context\":\"https:\\\/\\\/schema.org\",\"@graph\":[{\"@type\":\"WebPage\",\"@id\":\"https:\\\/\\\/libwomenstore.com\\\/en\\\/shipping-policy\\\/\",\"url\":\"https:\\\/\\\/libwomenstore.com\\\/en\\\/shipping-policy\\\/\",\"name\":\"Shipping Policy - Lib Women&#039;s Store\",\"isPartOf\":{\"@id\":\"https:\\\/\\\/libwomenstore.com\\\/en\\\/#website\"},\"datePublished\":\"2024-07-31T14:48:36+00:00\",\"dateModified\":\"2025-11-27T14:33:16+00:00\",\"breadcrumb\":{\"@id\":\"https:\\\/\\\/libwomenstore.com\\\/en\\\/shipping-policy\\\/#breadcrumb\"},\"inLanguage\":\"en-US\",\"potentialAction\":[{\"@type\":\"ReadAction\",\"target\":[\"https:\\\/\\\/libwomenstore.com\\\/en\\\/shipping-policy\\\/\"]}]},{\"@type\":\"BreadcrumbList\",\"@id\":\"https:\\\/\\\/libwomenstore.com\\\/en\\\/shipping-policy\\\/#breadcrumb\",\"itemListElement\":[{\"@type\":\"ListItem\",\"position\":1,\"name\":\"Kezd\u0151lap\",\"item\":\"https:\\\/\\\/libwomenstore.com\\\/en\\\/\"},{\"@type\":\"ListItem\",\"position\":2,\"name\":\"Shipping Policy\"}]},{\"@type\":\"WebSite\",\"@id\":\"https:\\\/\\\/libwomenstore.com\\\/en\\\/#website\",\"url\":\"https:\\\/\\\/libwomenstore.com\\\/en\\\/\",\"name\":\"Lib Women Store\",\"description\":\"Magyarorsz\u00e1g els\u0151 n\u0151kre f\u00f3kusz\u00e1l\u00f3 szexshopja, ahol az eg\u00e9szs\u00e9g ugyanolyan fontos, mint az \u00e9lvezetek.\",\"publisher\":{\"@id\":\"https:\\\/\\\/libwomenstore.com\\\/en\\\/#organization\"},\"alternateName\":\"Lib\",\"potentialAction\":[{\"@type\":\"SearchAction\",\"target\":{\"@type\":\"EntryPoint\",\"urlTemplate\":\"https:\\\/\\\/libwomenstore.com\\\/en\\\/?s={search_term_string}\"},\"query-input\":{\"@type\":\"PropertyValueSpecification\",\"valueRequired\":true,\"valueName\":\"search_term_string\"}}],\"inLanguage\":\"en-US\"},{\"@type\":\"Organization\",\"@id\":\"https:\\\/\\\/libwomenstore.com\\\/en\\\/#organization\",\"name\":\"Lib Women Store\",\"url\":\"https:\\\/\\\/libwomenstore.com\\\/en\\\/\",\"logo\":{\"@type\":\"ImageObject\",\"inLanguage\":\"en-US\",\"@id\":\"https:\\\/\\\/libwomenstore.com\\\/en\\\/#\\\/schema\\\/logo\\\/image\\\/\",\"url\":\"https:\\\/\\\/libwomenstore.com\\\/wp-content\\\/uploads\\\/2024\\\/05\\\/cropped-LIB-logo-A.png\",\"contentUrl\":\"https:\\\/\\\/libwomenstore.com\\\/wp-content\\\/uploads\\\/2024\\\/05\\\/cropped-LIB-logo-A.png\",\"width\":512,\"height\":512,\"caption\":\"Lib Women Store\"},\"image\":{\"@id\":\"https:\\\/\\\/libwomenstore.com\\\/en\\\/#\\\/schema\\\/logo\\\/image\\\/\"},\"sameAs\":[\"https:\\\/\\\/www.facebook.com\\\/libwomenstore\"]}]}<\/script>\n<!-- \/ Yoast SEO Premium plugin. -->","yoast_head_json":{"title":"Shipping Policy - Lib Women&#039;s Store","robots":{"index":"index","follow":"follow","max-snippet":"max-snippet:-1","max-image-preview":"max-image-preview:large","max-video-preview":"max-video-preview:-1"},"canonical":"https:\/\/libwomenstore.com\/en\/shipping-policy\/","og_locale":"en_US","og_type":"article","og_title":"Shipping Policy","og_description":"DELIVERY METHODS GLS courier service The product will be delivered by GLS courier service.For more information click here: https:\/\/gls-group.eu\/HU\/hu\/cimzetteknek-nyujtott-szolgaltatasok MPL courier service The delivery prices are supplemented by a logistics fee of +1000 HUF in addition to the delivery fee. Therefore, the MPL home delivery fee is 2690 HUF (1690 HUF delivery cost + 1000 [&hellip;]","og_url":"https:\/\/libwomenstore.com\/en\/shipping-policy\/","og_site_name":"Lib Women&#039;s Store","article_publisher":"https:\/\/www.facebook.com\/libwomenstore","article_modified_time":"2025-11-27T14:33:16+00:00","og_image":[{"width":1200,"height":675,"url":"https:\/\/libwomenstore.com\/wp-content\/uploads\/2024\/12\/bolt_1200x675.png","type":"image\/png"}],"twitter_card":"summary_large_image","twitter_misc":{"Est. reading time":"1 minute"},"schema":{"@context":"https:\/\/schema.org","@graph":[{"@type":"WebPage","@id":"https:\/\/libwomenstore.com\/en\/shipping-policy\/","url":"https:\/\/libwomenstore.com\/en\/shipping-policy\/","name":"Shipping Policy - Lib Women&#039;s Store","isPartOf":{"@id":"https:\/\/libwomenstore.com\/en\/#website"},"datePublished":"2024-07-31T14:48:36+00:00","dateModified":"2025-11-27T14:33:16+00:00","breadcrumb":{"@id":"https:\/\/libwomenstore.com\/en\/shipping-policy\/#breadcrumb"},"inLanguage":"en-US","potentialAction":[{"@type":"ReadAction","target":["https:\/\/libwomenstore.com\/en\/shipping-policy\/"]}]},{"@type":"BreadcrumbList","@id":"https:\/\/libwomenstore.com\/en\/shipping-policy\/#breadcrumb","itemListElement":[{"@type":"ListItem","position":1,"name":"Kezd\u0151lap","item":"https:\/\/libwomenstore.com\/en\/"},{"@type":"ListItem","position":2,"name":"Shipping Policy"}]},{"@type":"WebSite","@id":"https:\/\/libwomenstore.com\/en\/#website","url":"https:\/\/libwomenstore.com\/en\/","name":"Lib Women Store","description":"Magyarorsz\u00e1g els\u0151 n\u0151kre f\u00f3kusz\u00e1l\u00f3 szexshopja, ahol az eg\u00e9szs\u00e9g ugyanolyan fontos, mint az \u00e9lvezetek.","publisher":{"@id":"https:\/\/libwomenstore.com\/en\/#organization"},"alternateName":"Lib","potentialAction":[{"@type":"SearchAction","target":{"@type":"EntryPoint","urlTemplate":"https:\/\/libwomenstore.com\/en\/?s={search_term_string}"},"query-input":{"@type":"PropertyValueSpecification","valueRequired":true,"valueName":"search_term_string"}}],"inLanguage":"en-US"},{"@type":"Organization","@id":"https:\/\/libwomenstore.com\/en\/#organization","name":"Lib Women Store","url":"https:\/\/libwomenstore.com\/en\/","logo":{"@type":"ImageObject","inLanguage":"en-US","@id":"https:\/\/libwomenstore.com\/en\/#\/schema\/logo\/image\/","url":"https:\/\/libwomenstore.com\/wp-content\/uploads\/2024\/05\/cropped-LIB-logo-A.png","contentUrl":"https:\/\/libwomenstore.com\/wp-content\/uploads\/2024\/05\/cropped-LIB-logo-A.png","width":512,"height":512,"caption":"Lib Women Store"},"image":{"@id":"https:\/\/libwomenstore.com\/en\/#\/schema\/logo\/image\/"},"sameAs":["https:\/\/www.facebook.com\/libwomenstore"]}]}},"_links":{"self":[{"href":"https:\/\/libwomenstore.com\/en\/wp-json\/wp\/v2\/pages\/28984","targetHints":{"allow":["GET"]}}],"collection":[{"href":"https:\/\/libwomenstore.com\/en\/wp-json\/wp\/v2\/pages"}],"about":[{"href":"https:\/\/libwomenstore.com\/en\/wp-json\/wp\/v2\/types\/page"}],"author":[{"embeddable":true,"href":"https:\/\/libwomenstore.com\/en\/wp-json\/wp\/v2\/users\/278"}],"replies":[{"embeddable":true,"href":"https:\/\/libwomenstore.com\/en\/wp-json\/wp\/v2\/comments?post=28984"}],"version-history":[{"count":3,"href":"https:\/\/libwomenstore.com\/en\/wp-json\/wp\/v2\/pages\/28984\/revisions"}],"predecessor-version":[{"id":34419,"href":"https:\/\/libwomenstore.com\/en\/wp-json\/wp\/v2\/pages\/28984\/revisions\/34419"}],"wp:attachment":[{"href":"https:\/\/libwomenstore.com\/en\/wp-json\/wp\/v2\/media?parent=28984"}],"curies":[{"name":"wp","href":"https:\/\/api.w.org\/{rel}","templated":true}]}}