{"id":33780,"date":"2025-09-13T13:00:00","date_gmt":"2025-09-13T11:00:00","guid":{"rendered":"https:\/\/libwomenstore.com\/brands\/"},"modified":"2025-09-13T13:40:33","modified_gmt":"2025-09-13T11:40:33","slug":"brands","status":"publish","type":"page","link":"https:\/\/libwomenstore.com\/en\/brands\/","title":{"rendered":"Brands"},"content":{"rendered":"<p>[et_pb_section fb_built=&#8221;1&#8243; _builder_version=&#8221;4.27.4&#8243; _module_preset=&#8221;default&#8221; global_colors_info=&#8221;{}&#8221;][et_pb_row column_structure=&#8221;1_6,1_6,1_6,1_6,1_6,1_6&#8243; _builder_version=&#8221;4.27.4&#8243; _module_preset=&#8221;default&#8221; global_colors_info=&#8221;{}&#8221;][et_pb_column type=&#8221;1_6&#8243; _builder_version=&#8221;4.27.4&#8243; _module_preset=&#8221;default&#8221; global_colors_info=&#8221;{}&#8221;][et_pb_image title_text=&#8221;azzurro velluto-marka&#8221; url=&#8221;https:\/\/libwomenstore.com\/marka\/azzurro-velluto\/&#8221; _builder_version=&#8221;4.27.4&#8243; _module_preset=&#8221;default&#8221; hover_enabled=&#8221;0&#8243; global_colors_info=&#8221;{}&#8221; src=&#8221;https:\/\/libwomenstore.com\/wp-content\/uploads\/2025\/09\/1-1.png&#8221; sticky_enabled=&#8221;0&#8243;][\/et_pb_image][et_pb_image src=&#8221;https:\/\/libwomenstore.com\/wp-content\/uploads\/2025\/08\/6.jpg&#8221; title_text=&#8221;6&#8243; url=&#8221;https:\/\/libwomenstore.com\/marka\/clone-a-willy\/&#8221; _builder_version=&#8221;4.27.4&#8243; _module_preset=&#8221;default&#8221; hover_enabled=&#8221;0&#8243; global_colors_info=&#8221;{}&#8221; sticky_enabled=&#8221;0&#8243;][\/et_pb_image][et_pb_image src=&#8221;https:\/\/libwomenstore.com\/wp-content\/uploads\/2025\/08\/12.jpg&#8221; alt=&#8221;Le Wand logo&#8221; title_text=&#8221;le-wand-logo&#8221; url=&#8221;https:\/\/libwomenstore.com\/marka\/le-wand\/&#8221; _builder_version=&#8221;4.27.4&#8243; _module_preset=&#8221;default&#8221; hover_enabled=&#8221;0&#8243; global_colors_info=&#8221;{}&#8221; sticky_enabled=&#8221;0&#8243;][\/et_pb_image][et_pb_image alt=&#8221;MV Health logo&#8221; title_text=&#8221;MV-Health-logo&#8221; url=&#8221;https:\/\/libwomenstore.com\/marka\/mv-health\/&#8221; _builder_version=&#8221;4.27.4&#8243; _module_preset=&#8221;default&#8221; hover_enabled=&#8221;0&#8243; global_colors_info=&#8221;{}&#8221; sticky_enabled=&#8221;0&#8243; src=&#8221;https:\/\/libwomenstore.com\/wp-content\/uploads\/2025\/08\/4-3.jpg&#8221;][\/et_pb_image][et_pb_image src=&#8221;https:\/\/libwomenstore.com\/wp-content\/uploads\/2025\/08\/4-2.jpg&#8221; alt=&#8221;Rocks off logo&#8221; title_text=&#8221;rocks-off-logo&#8221; url=&#8221;https:\/\/libwomenstore.com\/marka\/rocks-off\/&#8221; _builder_version=&#8221;4.27.4&#8243; _module_preset=&#8221;default&#8221; hover_enabled=&#8221;0&#8243; global_colors_info=&#8221;{}&#8221; sticky_enabled=&#8221;0&#8243;][\/et_pb_image][et_pb_image src=&#8221;https:\/\/libwomenstore.com\/wp-content\/uploads\/2025\/08\/2.jpg&#8221; title_text=&#8221;2&#8243; url=&#8221;https:\/\/libwomenstore.com\/marka\/unbound\/&#8221; _builder_version=&#8221;4.27.4&#8243; _module_preset=&#8221;default&#8221; hover_enabled=&#8221;0&#8243; global_colors_info=&#8221;{}&#8221; sticky_enabled=&#8221;0&#8243;][\/et_pb_image][\/et_pb_column][et_pb_column type=&#8221;1_6&#8243; _builder_version=&#8221;4.27.4&#8243; _module_preset=&#8221;default&#8221; global_colors_info=&#8221;{}&#8221;][et_pb_image title_text=&#8221;between-logo&#8221; url=&#8221;https:\/\/libwomenstore.com\/marka\/between\/&#8221; _builder_version=&#8221;4.27.4&#8243; _module_preset=&#8221;default&#8221; hover_enabled=&#8221;0&#8243; global_colors_info=&#8221;{}&#8221; sticky_enabled=&#8221;0&#8243; alt=&#8221;Between lingerie logo&#8221; src=&#8221;https:\/\/libwomenstore.com\/wp-content\/uploads\/2025\/08\/10-1.jpg&#8221;][\/et_pb_image][et_pb_image src=&#8221;https:\/\/libwomenstore.com\/wp-content\/uploads\/2025\/08\/2-1.jpg&#8221; title_text=&#8221;2&#8243; url=&#8221;https:\/\/libwomenstore.com\/marka\/dame\/&#8221; _builder_version=&#8221;4.27.4&#8243; _module_preset=&#8221;default&#8221; hover_enabled=&#8221;0&#8243; global_colors_info=&#8221;{}&#8221; sticky_enabled=&#8221;0&#8243;][\/et_pb_image][et_pb_image title_text=&#8221;lelo-hex-logo&#8221; url=&#8221;https:\/\/libwomenstore.com\/marka\/lelo-hex\/&#8221; _builder_version=&#8221;4.27.4&#8243; _module_preset=&#8221;default&#8221; hover_enabled=&#8221;0&#8243; global_colors_info=&#8221;{}&#8221; sticky_enabled=&#8221;0&#8243; alt=&#8221;lelo hex logo&#8221; src=&#8221;https:\/\/libwomenstore.com\/wp-content\/uploads\/2025\/08\/8-1.jpg&#8221;][\/et_pb_image][et_pb_image src=&#8221;https:\/\/libwomenstore.com\/wp-content\/uploads\/2025\/08\/2-3.jpg&#8221; alt=&#8221;Mystra logo&#8221; title_text=&#8221;mystra-logo&#8221; url=&#8221;https:\/\/libwomenstore.com\/marka\/mystra\/&#8221; _builder_version=&#8221;4.27.4&#8243; _module_preset=&#8221;default&#8221; hover_enabled=&#8221;0&#8243; global_colors_info=&#8221;{}&#8221; sticky_enabled=&#8221;0&#8243;][\/et_pb_image][et_pb_image src=&#8221;https:\/\/libwomenstore.com\/wp-content\/uploads\/2025\/08\/1-3.jpg&#8221; alt=&#8221;romp logo&#8221; title_text=&#8221;romp-logo&#8221; url=&#8221;https:\/\/libwomenstore.com\/marka\/puissante\/&#8221; _builder_version=&#8221;4.27.4&#8243; _module_preset=&#8221;default&#8221; global_colors_info=&#8221;{}&#8221;][\/et_pb_image][et_pb_image src=&#8221;https:\/\/libwomenstore.com\/wp-content\/uploads\/2025\/08\/10.jpg&#8221; title_text=&#8221;10&#8243; url=&#8221;https:\/\/libwomenstore.com\/marka\/we-vibe\/&#8221; _builder_version=&#8221;4.27.4&#8243; _module_preset=&#8221;default&#8221; hover_enabled=&#8221;0&#8243; global_colors_info=&#8221;{}&#8221; sticky_enabled=&#8221;0&#8243;][\/et_pb_image][\/et_pb_column][et_pb_column type=&#8221;1_6&#8243; _builder_version=&#8221;4.27.4&#8243; _module_preset=&#8221;default&#8221; global_colors_info=&#8221;{}&#8221;][et_pb_image alt=&#8221;Bijoux Indiscrets logo&#8221; title_text=&#8221;bijoux-indiscrets-logo&#8221; url=&#8221;https:\/\/libwomenstore.com\/marka\/bijoux-indiscrets\/&#8221; _builder_version=&#8221;4.27.4&#8243; _module_preset=&#8221;default&#8221; hover_enabled=&#8221;0&#8243; global_colors_info=&#8221;{}&#8221; src=&#8221;https:\/\/libwomenstore.com\/wp-content\/uploads\/2025\/08\/5-2.jpg&#8221; sticky_enabled=&#8221;0&#8243;][\/et_pb_image][et_pb_image src=&#8221;https:\/\/libwomenstore.com\/wp-content\/uploads\/2025\/08\/2-2.jpg&#8221; alt=&#8221;Dorcel logo&#8221; title_text=&#8221;dorcel-logo&#8221; url=&#8221;https:\/\/libwomenstore.com\/marka\/dorcel\/&#8221; admin_label=&#8221;K\u00e9p&#8221; _builder_version=&#8221;4.27.4&#8243; _module_preset=&#8221;default&#8221; hover_enabled=&#8221;0&#8243; global_colors_info=&#8221;{}&#8221; sticky_enabled=&#8221;0&#8243;][\/et_pb_image][et_pb_image src=&#8221;https:\/\/libwomenstore.com\/wp-content\/uploads\/2025\/08\/9.jpg&#8221; title_text=&#8221;9&#8243; url=&#8221;https:\/\/libwomenstore.com\/marka\/love-to-love\/&#8221; _builder_version=&#8221;4.27.4&#8243; _module_preset=&#8221;default&#8221; hover_enabled=&#8221;0&#8243; global_colors_info=&#8221;{}&#8221; sticky_enabled=&#8221;0&#8243;][\/et_pb_image][et_pb_image src=&#8221;https:\/\/libwomenstore.com\/wp-content\/uploads\/2025\/08\/11.jpg&#8221; alt=&#8221;Noir Handmade logo&#8221; title_text=&#8221;noir-handmade-logo&#8221; url=&#8221;https:\/\/libwomenstore.com\/marka\/noir-handmade\/&#8221; _builder_version=&#8221;4.27.4&#8243; _module_preset=&#8221;default&#8221; hover_enabled=&#8221;0&#8243; global_colors_info=&#8221;{}&#8221; sticky_enabled=&#8221;0&#8243;][\/et_pb_image][et_pb_image alt=&#8221;shunga logo&#8221; title_text=&#8221;shunga-logo&#8221; url=&#8221;https:\/\/libwomenstore.com\/marka\/shunga\/&#8221; _builder_version=&#8221;4.27.4&#8243; _module_preset=&#8221;default&#8221; hover_enabled=&#8221;0&#8243; global_colors_info=&#8221;{}&#8221; sticky_enabled=&#8221;0&#8243; src=&#8221;https:\/\/libwomenstore.com\/wp-content\/uploads\/2025\/08\/3-2.jpg&#8221;][\/et_pb_image][et_pb_image title_text=&#8221;whispered-desires-logo&#8221; url=&#8221;https:\/\/libwomenstore.com\/marka\/whispered-desires\/&#8221; _builder_version=&#8221;4.27.4&#8243; _module_preset=&#8221;default&#8221; hover_enabled=&#8221;0&#8243; global_colors_info=&#8221;{}&#8221; sticky_enabled=&#8221;0&#8243; src=&#8221;https:\/\/libwomenstore.com\/wp-content\/uploads\/2025\/09\/3-1.png&#8221;][\/et_pb_image][\/et_pb_column][et_pb_column type=&#8221;1_6&#8243; _builder_version=&#8221;4.27.4&#8243; _module_preset=&#8221;default&#8221; global_colors_info=&#8221;{}&#8221;][et_pb_image src=&#8221;https:\/\/libwomenstore.com\/wp-content\/uploads\/2025\/08\/5.jpg&#8221; title_text=&#8221;5&#8243; url=&#8221;https:\/\/libwomenstore.com\/marka\/bliss\/&#8221; _builder_version=&#8221;4.27.4&#8243; _module_preset=&#8221;default&#8221; hover_enabled=&#8221;0&#8243; global_colors_info=&#8221;{}&#8221; sticky_enabled=&#8221;0&#8243;][\/et_pb_image][et_pb_image src=&#8221;https:\/\/libwomenstore.com\/wp-content\/uploads\/2025\/08\/1-1.jpg&#8221; title_text=&#8221;1&#8243; url=&#8221;https:\/\/libwomenstore.com\/marka\/honey-play-box\/&#8221; _builder_version=&#8221;4.27.4&#8243; _module_preset=&#8221;default&#8221; hover_enabled=&#8221;0&#8243; global_colors_info=&#8221;{}&#8221; sticky_enabled=&#8221;0&#8243;][\/et_pb_image][et_pb_image title_text=&#8221;LuluLoveLand-logo&#8221; url=&#8221;https:\/\/libwomenstore.com\/marka\/svakom\/&#8221; _builder_version=&#8221;4.27.4&#8243; _module_preset=&#8221;default&#8221; hover_enabled=&#8221;0&#8243; global_colors_info=&#8221;{}&#8221; src=&#8221;https:\/\/libwomenstore.com\/wp-content\/uploads\/2025\/09\/2-1.png&#8221; sticky_enabled=&#8221;0&#8243;][\/et_pb_image][et_pb_image src=&#8221;https:\/\/libwomenstore.com\/wp-content\/uploads\/2025\/08\/8.jpg&#8221; title_text=&#8221;8&#8243; url=&#8221;https:\/\/libwomenstore.com\/marka\/perifit\/&#8221; _builder_version=&#8221;4.27.4&#8243; _module_preset=&#8221;default&#8221; hover_enabled=&#8221;0&#8243; global_colors_info=&#8221;{}&#8221; sticky_enabled=&#8221;0&#8243;][\/et_pb_image][et_pb_image src=&#8221;https:\/\/libwomenstore.com\/wp-content\/uploads\/2025\/08\/3-1.jpg&#8221; title_text=&#8221;3&#8243; url=&#8221;https:\/\/libwomenstore.com\/marka\/svakom\/&#8221; _builder_version=&#8221;4.27.4&#8243; _module_preset=&#8221;default&#8221; hover_enabled=&#8221;0&#8243; global_colors_info=&#8221;{}&#8221; sticky_enabled=&#8221;0&#8243;][\/et_pb_image][et_pb_image src=&#8221;https:\/\/libwomenstore.com\/wp-content\/uploads\/2025\/08\/3-3.jpg&#8221; alt=&#8221;Womanizer logo&#8221; title_text=&#8221;womanizer-logo&#8221; url=&#8221;https:\/\/libwomenstore.com\/marka\/womanizer\/&#8221; _builder_version=&#8221;4.27.4&#8243; _module_preset=&#8221;default&#8221; hover_enabled=&#8221;0&#8243; global_colors_info=&#8221;{}&#8221; sticky_enabled=&#8221;0&#8243;][\/et_pb_image][\/et_pb_column][et_pb_column type=&#8221;1_6&#8243; _builder_version=&#8221;4.27.4&#8243; _module_preset=&#8221;default&#8221; global_colors_info=&#8221;{}&#8221;][et_pb_image src=&#8221;https:\/\/libwomenstore.com\/wp-content\/uploads\/2025\/08\/9-1.jpg&#8221; alt=&#8221;Bondage Couture logo&#8221; title_text=&#8221;bondage-couture-logo&#8221; url=&#8221;https:\/\/libwomenstore.com\/marka\/bondage-couture\/&#8221; admin_label=&#8221;K\u00e9p&#8221; _builder_version=&#8221;4.27.4&#8243; _module_preset=&#8221;default&#8221; hover_enabled=&#8221;0&#8243; global_colors_info=&#8221;{}&#8221; sticky_enabled=&#8221;0&#8243;][\/et_pb_image][et_pb_image src=&#8221;https:\/\/libwomenstore.com\/wp-content\/uploads\/2025\/08\/1.jpg&#8221; title_text=&#8221;1&#8243; url=&#8221;https:\/\/libwomenstore.com\/marka\/intimate-rose\/&#8221; _builder_version=&#8221;4.27.4&#8243; _module_preset=&#8221;default&#8221; hover_enabled=&#8221;0&#8243; global_colors_info=&#8221;{}&#8221; sticky_enabled=&#8221;0&#8243;][\/et_pb_image][et_pb_image src=&#8221;https:\/\/libwomenstore.com\/wp-content\/uploads\/2025\/08\/1-2.jpg&#8221; alt=&#8221;Lustiq logo&#8221; title_text=&#8221;Lustiq-logo&#8221; url=&#8221;https:\/\/libwomenstore.com\/marka\/lustiq\/&#8221; admin_label=&#8221;K\u00e9p&#8221; _builder_version=&#8221;4.27.4&#8243; _module_preset=&#8221;default&#8221; hover_enabled=&#8221;0&#8243; global_colors_info=&#8221;{}&#8221; sticky_enabled=&#8221;0&#8243;][\/et_pb_image][et_pb_image src=&#8221;https:\/\/libwomenstore.com\/wp-content\/uploads\/2025\/08\/4.jpg&#8221; title_text=&#8221;4&#8243; url=&#8221;https:\/\/libwomenstore.com\/marka\/puissante\/&#8221; _builder_version=&#8221;4.27.4&#8243; _module_preset=&#8221;default&#8221; hover_enabled=&#8221;0&#8243; global_colors_info=&#8221;{}&#8221; sticky_enabled=&#8221;0&#8243;][\/et_pb_image][et_pb_image title_text=&#8221;3&#8243; url=&#8221;https:\/\/libwomenstore.com\/marka\/the-oh-collective\/&#8221; _builder_version=&#8221;4.27.4&#8243; _module_preset=&#8221;default&#8221; hover_enabled=&#8221;0&#8243; global_colors_info=&#8221;{}&#8221; sticky_enabled=&#8221;0&#8243; src=&#8221;https:\/\/libwomenstore.com\/wp-content\/uploads\/2025\/08\/3.jpg&#8221;][\/et_pb_image][\/et_pb_column][et_pb_column type=&#8221;1_6&#8243; _builder_version=&#8221;4.27.4&#8243; _module_preset=&#8221;default&#8221; global_colors_info=&#8221;{}&#8221;][et_pb_image src=&#8221;https:\/\/libwomenstore.com\/wp-content\/uploads\/2025\/08\/5-1.jpg&#8221; title_text=&#8221;5&#8243; url=&#8221;https:\/\/libwomenstore.com\/marka\/bouche-bee\/&#8221; _builder_version=&#8221;4.27.4&#8243; _module_preset=&#8221;default&#8221; hover_enabled=&#8221;0&#8243; global_colors_info=&#8221;{}&#8221; sticky_enabled=&#8221;0&#8243;][\/et_pb_image][et_pb_image src=&#8221;https:\/\/libwomenstore.com\/wp-content\/uploads\/2025\/08\/4-1.jpg&#8221; title_text=&#8221;4&#8243; url=&#8221;https:\/\/libwomenstore.com\/marka\/iroha\/&#8221; _builder_version=&#8221;4.27.4&#8243; _module_preset=&#8221;default&#8221; hover_enabled=&#8221;0&#8243; global_colors_info=&#8221;{}&#8221; sticky_enabled=&#8221;0&#8243;][\/et_pb_image][et_pb_image title_text=&#8221;mixgliss-logo&#8221; url=&#8221;https:\/\/libwomenstore.com\/marka\/mixgliss\/&#8221; _builder_version=&#8221;4.27.4&#8243; _module_preset=&#8221;default&#8221; hover_enabled=&#8221;0&#8243; global_colors_info=&#8221;{}&#8221; sticky_enabled=&#8221;0&#8243; alt=&#8221;mixgliss logo&#8221; src=&#8221;https:\/\/libwomenstore.com\/wp-content\/uploads\/2025\/08\/7-1.jpg&#8221;][\/et_pb_image][et_pb_image title_text=&#8221;racz-rebeka-logo&#8221; url=&#8221;https:\/\/libwomenstore.com\/marka\/racz-rebeka\/&#8221; _builder_version=&#8221;4.27.4&#8243; _module_preset=&#8221;default&#8221; hover_enabled=&#8221;0&#8243; global_colors_info=&#8221;{}&#8221; sticky_enabled=&#8221;0&#8243; alt=&#8221;R\u00e1cz Rebeka logo&#8221; src=&#8221;https:\/\/libwomenstore.com\/wp-content\/uploads\/2025\/08\/6-1.jpg&#8221;][\/et_pb_image][et_pb_image src=&#8221;https:\/\/libwomenstore.com\/wp-content\/uploads\/2025\/08\/7.jpg&#8221; title_text=&#8221;7&#8243; url=&#8221;https:\/\/libwomenstore.com\/marka\/the-pelvic-people-ohnut\/&#8221; _builder_version=&#8221;4.27.4&#8243; _module_preset=&#8221;default&#8221; hover_enabled=&#8221;0&#8243; global_colors_info=&#8221;{}&#8221; sticky_enabled=&#8221;0&#8243;][\/et_pb_image][\/et_pb_column][\/et_pb_row][\/et_pb_section]<\/p>\n","protected":false},"excerpt":{"rendered":"","protected":false},"author":278,"featured_media":0,"parent":0,"menu_order":0,"comment_status":"closed","ping_status":"closed","template":"","meta":{"_et_pb_use_builder":"on","_et_pb_old_content":"","_et_gb_content_width":"","footnotes":""},"class_list":["post-33780","page","type-page","status-publish","hentry"],"yoast_head":"<!-- This site is optimized with the Yoast SEO Premium plugin v27.5 (Yoast SEO v27.5) - https:\/\/yoast.com\/product\/yoast-seo-premium-wordpress\/ -->\n<title>Brands - Lib Women&#039;s Store<\/title>\n<meta name=\"description\" content=\"At Lib, we place special emphasis on our brands, so you will only find something with us that is sure to be reliable and make you happy!\" \/>\n<meta name=\"robots\" content=\"index, follow, max-snippet:-1, max-image-preview:large, max-video-preview:-1\" \/>\n<link rel=\"canonical\" href=\"https:\/\/libwomenstore.com\/en\/brands\/\" \/>\n<meta property=\"og:locale\" content=\"en_US\" \/>\n<meta property=\"og:type\" content=\"article\" \/>\n<meta property=\"og:title\" content=\"Brands\" \/>\n<meta property=\"og:description\" content=\"At Lib, we place special emphasis on our brands, so you will only find something with us that is sure to be reliable and make you happy!\" \/>\n<meta property=\"og:url\" content=\"https:\/\/libwomenstore.com\/en\/brands\/\" \/>\n<meta property=\"og:site_name\" content=\"Lib Women&#039;s Store\" \/>\n<meta property=\"article:publisher\" content=\"https:\/\/www.facebook.com\/libwomenstore\" \/>\n<meta property=\"article:modified_time\" content=\"2025-09-13T11:40:33+00:00\" \/>\n<meta property=\"og:image\" content=\"https:\/\/libwomenstore.com\/wp-content\/uploads\/2024\/12\/bolt_1200x675.png\" \/>\n\t<meta property=\"og:image:width\" content=\"1200\" \/>\n\t<meta property=\"og:image:height\" content=\"675\" \/>\n\t<meta property=\"og:image:type\" content=\"image\/png\" \/>\n<meta name=\"twitter:card\" content=\"summary_large_image\" \/>\n<meta name=\"twitter:label1\" content=\"Est. reading time\" \/>\n\t<meta name=\"twitter:data1\" content=\"7 minutes\" \/>\n<script type=\"application\/ld+json\" class=\"yoast-schema-graph\">{\"@context\":\"https:\\\/\\\/schema.org\",\"@graph\":[{\"@type\":\"WebPage\",\"@id\":\"https:\\\/\\\/libwomenstore.com\\\/en\\\/brands\\\/\",\"url\":\"https:\\\/\\\/libwomenstore.com\\\/en\\\/brands\\\/\",\"name\":\"Brands - Lib Women&#039;s Store\",\"isPartOf\":{\"@id\":\"https:\\\/\\\/libwomenstore.com\\\/en\\\/#website\"},\"datePublished\":\"2025-09-13T11:00:00+00:00\",\"dateModified\":\"2025-09-13T11:40:33+00:00\",\"description\":\"At Lib, we place special emphasis on our brands, so you will only find something with us that is sure to be reliable and make you happy!\",\"breadcrumb\":{\"@id\":\"https:\\\/\\\/libwomenstore.com\\\/en\\\/brands\\\/#breadcrumb\"},\"inLanguage\":\"en-US\",\"potentialAction\":[{\"@type\":\"ReadAction\",\"target\":[\"https:\\\/\\\/libwomenstore.com\\\/en\\\/brands\\\/\"]}]},{\"@type\":\"BreadcrumbList\",\"@id\":\"https:\\\/\\\/libwomenstore.com\\\/en\\\/brands\\\/#breadcrumb\",\"itemListElement\":[{\"@type\":\"ListItem\",\"position\":1,\"name\":\"Kezd\u0151lap\",\"item\":\"https:\\\/\\\/libwomenstore.com\\\/en\\\/\"},{\"@type\":\"ListItem\",\"position\":2,\"name\":\"Brands\"}]},{\"@type\":\"WebSite\",\"@id\":\"https:\\\/\\\/libwomenstore.com\\\/en\\\/#website\",\"url\":\"https:\\\/\\\/libwomenstore.com\\\/en\\\/\",\"name\":\"Lib Women Store\",\"description\":\"Magyarorsz\u00e1g els\u0151 n\u0151kre f\u00f3kusz\u00e1l\u00f3 szexshopja, ahol az eg\u00e9szs\u00e9g ugyanolyan fontos, mint az \u00e9lvezetek.\",\"publisher\":{\"@id\":\"https:\\\/\\\/libwomenstore.com\\\/en\\\/#organization\"},\"alternateName\":\"Lib\",\"potentialAction\":[{\"@type\":\"SearchAction\",\"target\":{\"@type\":\"EntryPoint\",\"urlTemplate\":\"https:\\\/\\\/libwomenstore.com\\\/en\\\/?s={search_term_string}\"},\"query-input\":{\"@type\":\"PropertyValueSpecification\",\"valueRequired\":true,\"valueName\":\"search_term_string\"}}],\"inLanguage\":\"en-US\"},{\"@type\":\"Organization\",\"@id\":\"https:\\\/\\\/libwomenstore.com\\\/en\\\/#organization\",\"name\":\"Lib Women Store\",\"url\":\"https:\\\/\\\/libwomenstore.com\\\/en\\\/\",\"logo\":{\"@type\":\"ImageObject\",\"inLanguage\":\"en-US\",\"@id\":\"https:\\\/\\\/libwomenstore.com\\\/en\\\/#\\\/schema\\\/logo\\\/image\\\/\",\"url\":\"https:\\\/\\\/libwomenstore.com\\\/wp-content\\\/uploads\\\/2024\\\/05\\\/cropped-LIB-logo-A.png\",\"contentUrl\":\"https:\\\/\\\/libwomenstore.com\\\/wp-content\\\/uploads\\\/2024\\\/05\\\/cropped-LIB-logo-A.png\",\"width\":512,\"height\":512,\"caption\":\"Lib Women Store\"},\"image\":{\"@id\":\"https:\\\/\\\/libwomenstore.com\\\/en\\\/#\\\/schema\\\/logo\\\/image\\\/\"},\"sameAs\":[\"https:\\\/\\\/www.facebook.com\\\/libwomenstore\"]}]}<\/script>\n<!-- \/ Yoast SEO Premium plugin. -->","yoast_head_json":{"title":"Brands - Lib Women&#039;s Store","description":"At Lib, we place special emphasis on our brands, so you will only find something with us that is sure to be reliable and make you happy!","robots":{"index":"index","follow":"follow","max-snippet":"max-snippet:-1","max-image-preview":"max-image-preview:large","max-video-preview":"max-video-preview:-1"},"canonical":"https:\/\/libwomenstore.com\/en\/brands\/","og_locale":"en_US","og_type":"article","og_title":"Brands","og_description":"At Lib, we place special emphasis on our brands, so you will only find something with us that is sure to be reliable and make you happy!","og_url":"https:\/\/libwomenstore.com\/en\/brands\/","og_site_name":"Lib Women&#039;s Store","article_publisher":"https:\/\/www.facebook.com\/libwomenstore","article_modified_time":"2025-09-13T11:40:33+00:00","og_image":[{"width":1200,"height":675,"url":"https:\/\/libwomenstore.com\/wp-content\/uploads\/2024\/12\/bolt_1200x675.png","type":"image\/png"}],"twitter_card":"summary_large_image","twitter_misc":{"Est. reading time":"7 minutes"},"schema":{"@context":"https:\/\/schema.org","@graph":[{"@type":"WebPage","@id":"https:\/\/libwomenstore.com\/en\/brands\/","url":"https:\/\/libwomenstore.com\/en\/brands\/","name":"Brands - Lib Women&#039;s Store","isPartOf":{"@id":"https:\/\/libwomenstore.com\/en\/#website"},"datePublished":"2025-09-13T11:00:00+00:00","dateModified":"2025-09-13T11:40:33+00:00","description":"At Lib, we place special emphasis on our brands, so you will only find something with us that is sure to be reliable and make you happy!","breadcrumb":{"@id":"https:\/\/libwomenstore.com\/en\/brands\/#breadcrumb"},"inLanguage":"en-US","potentialAction":[{"@type":"ReadAction","target":["https:\/\/libwomenstore.com\/en\/brands\/"]}]},{"@type":"BreadcrumbList","@id":"https:\/\/libwomenstore.com\/en\/brands\/#breadcrumb","itemListElement":[{"@type":"ListItem","position":1,"name":"Kezd\u0151lap","item":"https:\/\/libwomenstore.com\/en\/"},{"@type":"ListItem","position":2,"name":"Brands"}]},{"@type":"WebSite","@id":"https:\/\/libwomenstore.com\/en\/#website","url":"https:\/\/libwomenstore.com\/en\/","name":"Lib Women Store","description":"Magyarorsz\u00e1g els\u0151 n\u0151kre f\u00f3kusz\u00e1l\u00f3 szexshopja, ahol az eg\u00e9szs\u00e9g ugyanolyan fontos, mint az \u00e9lvezetek.","publisher":{"@id":"https:\/\/libwomenstore.com\/en\/#organization"},"alternateName":"Lib","potentialAction":[{"@type":"SearchAction","target":{"@type":"EntryPoint","urlTemplate":"https:\/\/libwomenstore.com\/en\/?s={search_term_string}"},"query-input":{"@type":"PropertyValueSpecification","valueRequired":true,"valueName":"search_term_string"}}],"inLanguage":"en-US"},{"@type":"Organization","@id":"https:\/\/libwomenstore.com\/en\/#organization","name":"Lib Women Store","url":"https:\/\/libwomenstore.com\/en\/","logo":{"@type":"ImageObject","inLanguage":"en-US","@id":"https:\/\/libwomenstore.com\/en\/#\/schema\/logo\/image\/","url":"https:\/\/libwomenstore.com\/wp-content\/uploads\/2024\/05\/cropped-LIB-logo-A.png","contentUrl":"https:\/\/libwomenstore.com\/wp-content\/uploads\/2024\/05\/cropped-LIB-logo-A.png","width":512,"height":512,"caption":"Lib Women Store"},"image":{"@id":"https:\/\/libwomenstore.com\/en\/#\/schema\/logo\/image\/"},"sameAs":["https:\/\/www.facebook.com\/libwomenstore"]}]}},"_links":{"self":[{"href":"https:\/\/libwomenstore.com\/en\/wp-json\/wp\/v2\/pages\/33780","targetHints":{"allow":["GET"]}}],"collection":[{"href":"https:\/\/libwomenstore.com\/en\/wp-json\/wp\/v2\/pages"}],"about":[{"href":"https:\/\/libwomenstore.com\/en\/wp-json\/wp\/v2\/types\/page"}],"author":[{"embeddable":true,"href":"https:\/\/libwomenstore.com\/en\/wp-json\/wp\/v2\/users\/278"}],"replies":[{"embeddable":true,"href":"https:\/\/libwomenstore.com\/en\/wp-json\/wp\/v2\/comments?post=33780"}],"version-history":[{"count":5,"href":"https:\/\/libwomenstore.com\/en\/wp-json\/wp\/v2\/pages\/33780\/revisions"}],"predecessor-version":[{"id":33790,"href":"https:\/\/libwomenstore.com\/en\/wp-json\/wp\/v2\/pages\/33780\/revisions\/33790"}],"wp:attachment":[{"href":"https:\/\/libwomenstore.com\/en\/wp-json\/wp\/v2\/media?parent=33780"}],"curies":[{"name":"wp","href":"https:\/\/api.w.org\/{rel}","templated":true}]}}