{"id":251,"date":"2024-04-16T12:02:36","date_gmt":"2024-04-16T10:02:36","guid":{"rendered":"https:\/\/uj.libwomenstore.com\/termek\/dr-gyovai-gabriella-valtozokonyv\/"},"modified":"2025-09-21T06:51:36","modified_gmt":"2025-09-21T04:51:36","slug":"dr-gyovai-gabriella-valtozokonyv-menopauza","status":"publish","type":"product","link":"https:\/\/libwomenstore.com\/en\/product\/books\/dr-gyovai-gabriella-valtozokonyv-menopauza\/","title":{"rendered":"DR. GYOVAI GABRIELLA: V\u00e1ltoz\u00f3k\u00f6nyv"},"content":{"rendered":"<p style=\"text-align: center;\">Ragadjuk meg azokat a lehet\u0151s\u00e9geket is, amelyeket az orvostudom\u00e1ny k\u00edn\u00e1l. A h\u00fcvelysz\u00e1razs\u00e1g \u00e9s mereved\u00e9si zavar ne rontsa el az egy\u00fcttl\u00e9tet!\u00a0 Megtudhatjuk azt is, hogy mi term\u00e9szetes folyamat, mi az, ami kivizsg\u00e1l\u00e1st ig\u00e9nyel. \u00cdgy szorong\u00e1s helyett felk\u00e9sz\u00fclten kezd\u00fcnk neki a V\u00e1ltoz\u00e1s nagy kalandj\u00e1nak a V\u00e1ltoz\u00f3k\u00f6nyv seg\u00edts\u00e9g\u00e9vel, ami n\u0151knek \u00e9s\u00a0 f\u00e9rfiaknak egyar\u00e1nt hasznos \u00fatit\u00e1rs!<\/p>\n","protected":false},"excerpt":{"rendered":"<p style=\"text-align: left;\">A testi szerelmet \u00fajra felfedezni 50 felett &#8211; hatalmas kaland! Ak\u00e1r eddigi partner\u00fcnkkel tanuljuk \u00fajra, ak\u00e1r m\u00e1sik partnerrel! Gyovai Gabriella k\u00f6nyve arra b\u00edztat, hogy legy\u00fcnk b\u00e1trak \u00e9s kalandv\u00e1gy\u00f3k!<\/p>\n","protected":false},"featured_media":32385,"comment_status":"open","ping_status":"closed","template":"","meta":{"_et_pb_use_builder":"","_et_pb_old_content":"","_et_gb_content_width":""},"product_brand":[],"product_cat":[160,184],"product_tag":[90],"class_list":{"0":"post-251","1":"product","2":"type-product","3":"status-publish","4":"has-post-thumbnail","6":"product_cat-konyv-edukacio-magyar-szerzo","7":"product_cat-konyv-ajandekkartya-lib-ajandekotlet-merch","8":"product_tag-menopauza","10":"first","11":"outofstock","12":"taxable","13":"shipping-taxable","14":"purchasable","15":"product-type-simple"},"yoast_head":"<!-- This site is optimized with the Yoast SEO Premium plugin v27.4 (Yoast SEO v27.4) - https:\/\/yoast.com\/product\/yoast-seo-premium-wordpress\/ -->\n<title>DR. GYOVAI GABRIELLA: V\u00e1ltoz\u00f3k\u00f6nyv - Lib Women&#039;s Store<\/title>\n<meta name=\"description\" content=\"Dr Gyovai Gabriella n\u0151gy\u00f3gy\u00e1sz \u00e1tfog\u00f3 k\u00f6nyve a menopauz\u00e1r\u00f3l, hiszen a tud\u00e1s hatalom. V\u00e1laszd ezt a k\u00f6nyvet, ha orvosi megk\u00f6zel\u00edt\u00e9sb\u0151l szeretn\u00e9l t\u00e1j\u00e9koz\u00f3dni\" \/>\n<meta name=\"robots\" content=\"index, follow, max-snippet:-1, max-image-preview:large, max-video-preview:-1\" \/>\n<link rel=\"canonical\" href=\"https:\/\/libwomenstore.com\/en\/product\/books\/dr-gyovai-gabriella-valtozokonyv-menopauza\/\" \/>\n<meta property=\"og:locale\" content=\"en_US\" \/>\n<meta property=\"og:type\" content=\"article\" \/>\n<meta property=\"og:title\" content=\"DR. GYOVAI GABRIELLA: V\u00e1ltoz\u00f3k\u00f6nyv\" \/>\n<meta property=\"og:description\" content=\"Dr Gyovai Gabriella n\u0151gy\u00f3gy\u00e1sz \u00e1tfog\u00f3 k\u00f6nyve a menopauz\u00e1r\u00f3l, hiszen a tud\u00e1s hatalom. V\u00e1laszd ezt a k\u00f6nyvet, ha orvosi megk\u00f6zel\u00edt\u00e9sb\u0151l szeretn\u00e9l t\u00e1j\u00e9koz\u00f3dni\" \/>\n<meta property=\"og:url\" content=\"https:\/\/libwomenstore.com\/en\/product\/books\/dr-gyovai-gabriella-valtozokonyv-menopauza\/\" \/>\n<meta property=\"og:site_name\" content=\"Lib Women&#039;s Store\" \/>\n<meta property=\"article:publisher\" content=\"https:\/\/www.facebook.com\/libwomenstore\" \/>\n<meta property=\"article:modified_time\" content=\"2025-09-21T04:51:36+00:00\" \/>\n<meta property=\"og:image\" content=\"https:\/\/libwomenstore.com\/wp-content\/uploads\/2024\/04\/gyovai_gabriella_valtozokonyv.jpg\" \/>\n\t<meta property=\"og:image:width\" content=\"600\" \/>\n\t<meta property=\"og:image:height\" content=\"600\" \/>\n\t<meta property=\"og:image:type\" content=\"image\/jpeg\" \/>\n<meta name=\"twitter:card\" content=\"summary_large_image\" \/>\n<meta name=\"twitter:label1\" content=\"Price\" \/>\n\t<meta name=\"twitter:data1\" content=\"4.995&#070;&#116;\" \/>\n\t<meta name=\"twitter:label2\" content=\"Availability\" \/>\n\t<meta name=\"twitter:data2\" content=\"Out of stock\" \/>\n<script type=\"application\/ld+json\" class=\"yoast-schema-graph\">{\"@context\":\"https:\\\/\\\/schema.org\",\"@graph\":[{\"@type\":[\"WebPage\",\"ItemPage\"],\"@id\":\"https:\\\/\\\/libwomenstore.com\\\/en\\\/product\\\/books\\\/dr-gyovai-gabriella-valtozokonyv-menopauza\\\/\",\"url\":\"https:\\\/\\\/libwomenstore.com\\\/en\\\/product\\\/books\\\/dr-gyovai-gabriella-valtozokonyv-menopauza\\\/\",\"name\":\"DR. GYOVAI GABRIELLA: V\u00e1ltoz\u00f3k\u00f6nyv - Lib Women&#039;s Store\",\"isPartOf\":{\"@id\":\"https:\\\/\\\/libwomenstore.com\\\/en\\\/#website\"},\"primaryImageOfPage\":{\"@id\":\"https:\\\/\\\/libwomenstore.com\\\/en\\\/product\\\/books\\\/dr-gyovai-gabriella-valtozokonyv-menopauza\\\/#primaryimage\"},\"image\":{\"@id\":\"https:\\\/\\\/libwomenstore.com\\\/en\\\/product\\\/books\\\/dr-gyovai-gabriella-valtozokonyv-menopauza\\\/#primaryimage\"},\"thumbnailUrl\":\"https:\\\/\\\/libwomenstore.com\\\/wp-content\\\/uploads\\\/2024\\\/04\\\/gyovai_gabriella_valtozokonyv.jpg\",\"datePublished\":\"2024-04-16T10:02:36+00:00\",\"dateModified\":\"2025-09-21T04:51:36+00:00\",\"description\":\"Dr Gyovai Gabriella n\u0151gy\u00f3gy\u00e1sz \u00e1tfog\u00f3 k\u00f6nyve a menopauz\u00e1r\u00f3l, hiszen a tud\u00e1s hatalom. V\u00e1laszd ezt a k\u00f6nyvet, ha orvosi megk\u00f6zel\u00edt\u00e9sb\u0151l szeretn\u00e9l t\u00e1j\u00e9koz\u00f3dni\",\"breadcrumb\":{\"@id\":\"https:\\\/\\\/libwomenstore.com\\\/en\\\/product\\\/books\\\/dr-gyovai-gabriella-valtozokonyv-menopauza\\\/#breadcrumb\"},\"inLanguage\":\"en-US\",\"potentialAction\":[{\"@type\":\"ReadAction\",\"target\":[\"https:\\\/\\\/libwomenstore.com\\\/en\\\/product\\\/books\\\/dr-gyovai-gabriella-valtozokonyv-menopauza\\\/\"]}]},{\"@type\":\"ImageObject\",\"inLanguage\":\"en-US\",\"@id\":\"https:\\\/\\\/libwomenstore.com\\\/en\\\/product\\\/books\\\/dr-gyovai-gabriella-valtozokonyv-menopauza\\\/#primaryimage\",\"url\":\"https:\\\/\\\/libwomenstore.com\\\/wp-content\\\/uploads\\\/2024\\\/04\\\/gyovai_gabriella_valtozokonyv.jpg\",\"contentUrl\":\"https:\\\/\\\/libwomenstore.com\\\/wp-content\\\/uploads\\\/2024\\\/04\\\/gyovai_gabriella_valtozokonyv.jpg\",\"width\":600,\"height\":600,\"caption\":\"Dr Gyovai Gabriella n\u0151gy\u00f3gy\u00e1sz V\u00e1ltoz\u00f3k\u00f6nyv c\u00edm\u0171 k\u00f6nyve a menopauz\u00e1r\u00f3l\"},{\"@type\":\"BreadcrumbList\",\"@id\":\"https:\\\/\\\/libwomenstore.com\\\/en\\\/product\\\/books\\\/dr-gyovai-gabriella-valtozokonyv-menopauza\\\/#breadcrumb\",\"itemListElement\":[{\"@type\":\"ListItem\",\"position\":1,\"name\":\"Kezd\u0151lap\",\"item\":\"https:\\\/\\\/libwomenstore.com\\\/en\\\/\"},{\"@type\":\"ListItem\",\"position\":2,\"name\":\"Shop Home Page &#8211; Product categories\",\"item\":\"https:\\\/\\\/libwomenstore.com\\\/shop-kezdolap-termek-kategoriak\\\/?lang=en\"},{\"@type\":\"ListItem\",\"position\":3,\"name\":\"DR. GYOVAI GABRIELLA: V\u00e1ltoz\u00f3k\u00f6nyv\"}]},{\"@type\":\"WebSite\",\"@id\":\"https:\\\/\\\/libwomenstore.com\\\/en\\\/#website\",\"url\":\"https:\\\/\\\/libwomenstore.com\\\/en\\\/\",\"name\":\"Lib Women Store\",\"description\":\"Magyarorsz\u00e1g els\u0151 n\u0151kre f\u00f3kusz\u00e1l\u00f3 szexshopja, ahol az eg\u00e9szs\u00e9g ugyanolyan fontos, mint az \u00e9lvezetek.\",\"publisher\":{\"@id\":\"https:\\\/\\\/libwomenstore.com\\\/en\\\/#organization\"},\"alternateName\":\"Lib\",\"potentialAction\":[{\"@type\":\"SearchAction\",\"target\":{\"@type\":\"EntryPoint\",\"urlTemplate\":\"https:\\\/\\\/libwomenstore.com\\\/en\\\/?s={search_term_string}\"},\"query-input\":{\"@type\":\"PropertyValueSpecification\",\"valueRequired\":true,\"valueName\":\"search_term_string\"}}],\"inLanguage\":\"en-US\"},{\"@type\":\"Organization\",\"@id\":\"https:\\\/\\\/libwomenstore.com\\\/en\\\/#organization\",\"name\":\"Lib Women Store\",\"url\":\"https:\\\/\\\/libwomenstore.com\\\/en\\\/\",\"logo\":{\"@type\":\"ImageObject\",\"inLanguage\":\"en-US\",\"@id\":\"https:\\\/\\\/libwomenstore.com\\\/en\\\/#\\\/schema\\\/logo\\\/image\\\/\",\"url\":\"https:\\\/\\\/libwomenstore.com\\\/wp-content\\\/uploads\\\/2024\\\/05\\\/cropped-LIB-logo-A.png\",\"contentUrl\":\"https:\\\/\\\/libwomenstore.com\\\/wp-content\\\/uploads\\\/2024\\\/05\\\/cropped-LIB-logo-A.png\",\"width\":512,\"height\":512,\"caption\":\"Lib Women Store\"},\"image\":{\"@id\":\"https:\\\/\\\/libwomenstore.com\\\/en\\\/#\\\/schema\\\/logo\\\/image\\\/\"},\"sameAs\":[\"https:\\\/\\\/www.facebook.com\\\/libwomenstore\"]}]}<\/script>\n<meta property=\"product:price:amount\" content=\"4995\" \/>\n<meta property=\"product:price:currency\" content=\"HUF\" \/>\n<meta property=\"og:availability\" content=\"out of stock\" \/>\n<meta property=\"product:availability\" content=\"out of stock\" \/>\n<meta property=\"product:retailer_item_id\" content=\"LIB-DG001\" \/>\n<meta property=\"product:condition\" content=\"new\" \/>\n<!-- \/ Yoast SEO Premium plugin. -->","yoast_head_json":{"title":"DR. GYOVAI GABRIELLA: V\u00e1ltoz\u00f3k\u00f6nyv - Lib Women&#039;s Store","description":"Dr Gyovai Gabriella n\u0151gy\u00f3gy\u00e1sz \u00e1tfog\u00f3 k\u00f6nyve a menopauz\u00e1r\u00f3l, hiszen a tud\u00e1s hatalom. V\u00e1laszd ezt a k\u00f6nyvet, ha orvosi megk\u00f6zel\u00edt\u00e9sb\u0151l szeretn\u00e9l t\u00e1j\u00e9koz\u00f3dni","robots":{"index":"index","follow":"follow","max-snippet":"max-snippet:-1","max-image-preview":"max-image-preview:large","max-video-preview":"max-video-preview:-1"},"canonical":"https:\/\/libwomenstore.com\/en\/product\/books\/dr-gyovai-gabriella-valtozokonyv-menopauza\/","og_locale":"en_US","og_type":"article","og_title":"DR. GYOVAI GABRIELLA: V\u00e1ltoz\u00f3k\u00f6nyv","og_description":"Dr Gyovai Gabriella n\u0151gy\u00f3gy\u00e1sz \u00e1tfog\u00f3 k\u00f6nyve a menopauz\u00e1r\u00f3l, hiszen a tud\u00e1s hatalom. V\u00e1laszd ezt a k\u00f6nyvet, ha orvosi megk\u00f6zel\u00edt\u00e9sb\u0151l szeretn\u00e9l t\u00e1j\u00e9koz\u00f3dni","og_url":"https:\/\/libwomenstore.com\/en\/product\/books\/dr-gyovai-gabriella-valtozokonyv-menopauza\/","og_site_name":"Lib Women&#039;s Store","article_publisher":"https:\/\/www.facebook.com\/libwomenstore","article_modified_time":"2025-09-21T04:51:36+00:00","og_image":[{"width":600,"height":600,"url":"https:\/\/libwomenstore.com\/wp-content\/uploads\/2024\/04\/gyovai_gabriella_valtozokonyv.jpg","type":"image\/jpeg"}],"twitter_card":"summary_large_image","twitter_misc":{"Price":"4.995&#70;&#116;","Availability":"Out of stock"},"schema":{"@context":"https:\/\/schema.org","@graph":[{"@type":["WebPage","ItemPage"],"@id":"https:\/\/libwomenstore.com\/en\/product\/books\/dr-gyovai-gabriella-valtozokonyv-menopauza\/","url":"https:\/\/libwomenstore.com\/en\/product\/books\/dr-gyovai-gabriella-valtozokonyv-menopauza\/","name":"DR. GYOVAI GABRIELLA: V\u00e1ltoz\u00f3k\u00f6nyv - Lib Women&#039;s Store","isPartOf":{"@id":"https:\/\/libwomenstore.com\/en\/#website"},"primaryImageOfPage":{"@id":"https:\/\/libwomenstore.com\/en\/product\/books\/dr-gyovai-gabriella-valtozokonyv-menopauza\/#primaryimage"},"image":{"@id":"https:\/\/libwomenstore.com\/en\/product\/books\/dr-gyovai-gabriella-valtozokonyv-menopauza\/#primaryimage"},"thumbnailUrl":"https:\/\/libwomenstore.com\/wp-content\/uploads\/2024\/04\/gyovai_gabriella_valtozokonyv.jpg","datePublished":"2024-04-16T10:02:36+00:00","dateModified":"2025-09-21T04:51:36+00:00","description":"Dr Gyovai Gabriella n\u0151gy\u00f3gy\u00e1sz \u00e1tfog\u00f3 k\u00f6nyve a menopauz\u00e1r\u00f3l, hiszen a tud\u00e1s hatalom. V\u00e1laszd ezt a k\u00f6nyvet, ha orvosi megk\u00f6zel\u00edt\u00e9sb\u0151l szeretn\u00e9l t\u00e1j\u00e9koz\u00f3dni","breadcrumb":{"@id":"https:\/\/libwomenstore.com\/en\/product\/books\/dr-gyovai-gabriella-valtozokonyv-menopauza\/#breadcrumb"},"inLanguage":"en-US","potentialAction":[{"@type":"ReadAction","target":["https:\/\/libwomenstore.com\/en\/product\/books\/dr-gyovai-gabriella-valtozokonyv-menopauza\/"]}]},{"@type":"ImageObject","inLanguage":"en-US","@id":"https:\/\/libwomenstore.com\/en\/product\/books\/dr-gyovai-gabriella-valtozokonyv-menopauza\/#primaryimage","url":"https:\/\/libwomenstore.com\/wp-content\/uploads\/2024\/04\/gyovai_gabriella_valtozokonyv.jpg","contentUrl":"https:\/\/libwomenstore.com\/wp-content\/uploads\/2024\/04\/gyovai_gabriella_valtozokonyv.jpg","width":600,"height":600,"caption":"Dr Gyovai Gabriella n\u0151gy\u00f3gy\u00e1sz V\u00e1ltoz\u00f3k\u00f6nyv c\u00edm\u0171 k\u00f6nyve a menopauz\u00e1r\u00f3l"},{"@type":"BreadcrumbList","@id":"https:\/\/libwomenstore.com\/en\/product\/books\/dr-gyovai-gabriella-valtozokonyv-menopauza\/#breadcrumb","itemListElement":[{"@type":"ListItem","position":1,"name":"Kezd\u0151lap","item":"https:\/\/libwomenstore.com\/en\/"},{"@type":"ListItem","position":2,"name":"Shop Home Page &#8211; Product categories","item":"https:\/\/libwomenstore.com\/shop-kezdolap-termek-kategoriak\/?lang=en"},{"@type":"ListItem","position":3,"name":"DR. GYOVAI GABRIELLA: V\u00e1ltoz\u00f3k\u00f6nyv"}]},{"@type":"WebSite","@id":"https:\/\/libwomenstore.com\/en\/#website","url":"https:\/\/libwomenstore.com\/en\/","name":"Lib Women Store","description":"Magyarorsz\u00e1g els\u0151 n\u0151kre f\u00f3kusz\u00e1l\u00f3 szexshopja, ahol az eg\u00e9szs\u00e9g ugyanolyan fontos, mint az \u00e9lvezetek.","publisher":{"@id":"https:\/\/libwomenstore.com\/en\/#organization"},"alternateName":"Lib","potentialAction":[{"@type":"SearchAction","target":{"@type":"EntryPoint","urlTemplate":"https:\/\/libwomenstore.com\/en\/?s={search_term_string}"},"query-input":{"@type":"PropertyValueSpecification","valueRequired":true,"valueName":"search_term_string"}}],"inLanguage":"en-US"},{"@type":"Organization","@id":"https:\/\/libwomenstore.com\/en\/#organization","name":"Lib Women Store","url":"https:\/\/libwomenstore.com\/en\/","logo":{"@type":"ImageObject","inLanguage":"en-US","@id":"https:\/\/libwomenstore.com\/en\/#\/schema\/logo\/image\/","url":"https:\/\/libwomenstore.com\/wp-content\/uploads\/2024\/05\/cropped-LIB-logo-A.png","contentUrl":"https:\/\/libwomenstore.com\/wp-content\/uploads\/2024\/05\/cropped-LIB-logo-A.png","width":512,"height":512,"caption":"Lib Women Store"},"image":{"@id":"https:\/\/libwomenstore.com\/en\/#\/schema\/logo\/image\/"},"sameAs":["https:\/\/www.facebook.com\/libwomenstore"]}]},"product_price_amount":"4995","product_price_currency":"HUF","og_availability":"out of stock","product_availability":"out of stock","product_retailer_item_id":"LIB-DG001","product_condition":"new"},"_links":{"self":[{"href":"https:\/\/libwomenstore.com\/en\/wp-json\/wp\/v2\/product\/251","targetHints":{"allow":["GET"]}}],"collection":[{"href":"https:\/\/libwomenstore.com\/en\/wp-json\/wp\/v2\/product"}],"about":[{"href":"https:\/\/libwomenstore.com\/en\/wp-json\/wp\/v2\/types\/product"}],"replies":[{"embeddable":true,"href":"https:\/\/libwomenstore.com\/en\/wp-json\/wp\/v2\/comments?post=251"}],"wp:featuredmedia":[{"embeddable":true,"href":"https:\/\/libwomenstore.com\/en\/wp-json\/wp\/v2\/media\/32385"}],"wp:attachment":[{"href":"https:\/\/libwomenstore.com\/en\/wp-json\/wp\/v2\/media?parent=251"}],"wp:term":[{"taxonomy":"product_brand","embeddable":true,"href":"https:\/\/libwomenstore.com\/en\/wp-json\/wp\/v2\/product_brand?post=251"},{"taxonomy":"product_cat","embeddable":true,"href":"https:\/\/libwomenstore.com\/en\/wp-json\/wp\/v2\/product_cat?post=251"},{"taxonomy":"product_tag","embeddable":true,"href":"https:\/\/libwomenstore.com\/en\/wp-json\/wp\/v2\/product_tag?post=251"}],"curies":[{"name":"wp","href":"https:\/\/api.w.org\/{rel}","templated":true}]}}