{"id":28344,"date":"2024-09-19T18:30:24","date_gmt":"2024-09-19T16:30:24","guid":{"rendered":"https:\/\/uj.libwomenstore.com\/?post_type=product&#038;p=28344"},"modified":"2025-06-26T12:21:14","modified_gmt":"2025-06-26T10:21:14","slug":"puissante-coco-multifunctional-bunny-vibrator-clitoris-suction","status":"publish","type":"product","link":"https:\/\/libwomenstore.com\/en\/product\/vibrators\/puissante-coco-multifunctional-bunny-vibrator-clitoris-suction\/","title":{"rendered":"PUISSANTE Coco"},"content":{"rendered":"<div id=\"shopify-section-template--18539873173772__main\" class=\"shopify-section page-product\">\n<div class=\"product-wrap clearfix\">\n<div class=\"product__grid-top\">\n<div class=\"product__description rte product__block--border\">\n<p style=\"text-align: center;\"><span style=\"font-weight: 400;\">Coco is designed for internal and\/or external stimulation, thanks to its two separately controllable motors!<\/span><\/p>\n<p style=\"text-align: center;\"><span style=\"font-weight: 400;\">The suction part stimulates the clitoris. The vaginal part vibrates. Thanks to the flexibility of Coco, you can experience both sensations simultaneously or separately, as you please!   <\/span><\/p>\n<p style=\"text-align: center;\"><span style=\"font-weight: 400;\">Also, its flexibility helps you customize the penetration pattern to what is most comfortable for your anatomy!<\/span><\/p>\n<p style=\"text-align: center;\"><span style=\"font-weight: 400;\">Coco is equipped with 7 vibration intensities and 3 vibration patterns, which can be individually adjusted in the branches!<\/span><\/p>\n<p style=\"text-align: center;\"><span style=\"font-weight: 400;\">Coco was created thanks to the Ulule campaign launched in January 2021 and the support of 2,535 people. For 45% of customers, this was their first vibrator purchase and luckily, interest in the brand and their toys has only grown since then! <\/span><\/p>\n<p style=\"text-align: center;\"><span style=\"font-weight: 400;\">\u200b<\/span><\/p>\n<p style=\"text-align: center;\"><b>Tip<\/b><\/p>\n<p style=\"text-align: center;\"><span style=\"font-weight: 400;\">The red Coco d&#8217;Amour is a limited edition while supplies last, don&#8217;t miss out!<\/span><\/p>\n<p style=\"text-align: center;\"><b>Features<\/b><\/p>\n<p style=\"text-align: center;\"><b>Coco Dimensions:<\/b><\/p>\n<p style=\"text-align: center;\"><span style=\"font-weight: 400;\">Total length: 190 mm<\/span><\/p>\n<p style=\"text-align: center;\"><span style=\"font-weight: 400;\">Width: 80 mm<\/span><\/p>\n<p style=\"text-align: center;\"><b>Materials: <\/b><\/p>\n<p style=\"text-align: center;\"><span style=\"font-weight: 400;\">Medical grade silicone and ABS<\/span><\/p>\n<p style=\"text-align: center;\"><span style=\"font-weight: 400;\">Waterproof product! Use with water-based lubricant! <\/span><\/p>\n<p style=\"text-align: center;\"><span style=\"font-weight: 400;\">Operating time: 2 hours. Charging time: 1.5 hours. <\/span><\/p>\n<p style=\"text-align: center;\"><span style=\"font-weight: 400;\">2 year manufacturer&#8217;s warranty<\/span><\/p>\n<p style=\"text-align: center;\"><b>Use &amp; Cleaning<\/b><\/p>\n<p style=\"text-align: center;\"><span style=\"font-weight: 400;\">The product can be disinfected with lukewarm soapy water or cleaning agents developed for this purpose. Clean only with lint-free material. <\/span><\/p>\n<p style=\"text-align: center;\"><span style=\"font-weight: 400;\">Use only with water-based lubricants!<\/span><\/p>\n<\/div>\n<\/div>\n<\/div>\n<\/div>\n<div id=\"shopify-section-template--18539873173772__product-recommendations\" class=\"shopify-section static-product-recommendations\" style=\"text-align: center;\"><\/div>\n","protected":false},"excerpt":{"rendered":"<p style=\"text-align: left;\">Coco is a true wellness accessory. Very soft and versatile, perfect for truly connecting with yourself! <\/p>\n","protected":false},"featured_media":31988,"comment_status":"open","ping_status":"closed","template":"","meta":{"_et_pb_use_builder":"","_et_pb_old_content":"","_et_gb_content_width":""},"product_brand":[],"product_cat":[352,322,318],"product_tag":[],"class_list":{"0":"post-28344","1":"product","2":"type-product","3":"status-publish","4":"has-post-thumbnail","6":"product_cat-bunnies","7":"product_cat-clitoral-vibrators","8":"product_cat-vibrators","10":"first","11":"outofstock","12":"taxable","13":"shipping-taxable","14":"purchasable","15":"product-type-simple"},"yoast_head":"<!-- This site is optimized with the Yoast SEO Premium plugin v27.4 (Yoast SEO v27.4) - https:\/\/yoast.com\/product\/yoast-seo-premium-wordpress\/ -->\n<title>PUISSANTE Coco - Lib Women&#039;s Store<\/title>\n<meta name=\"description\" content=\"The most customizable of the suction-head bunny vibrators. Use it however you like, externally, internally, or mixed!\" \/>\n<meta name=\"robots\" content=\"index, follow, max-snippet:-1, max-image-preview:large, max-video-preview:-1\" \/>\n<link rel=\"canonical\" href=\"https:\/\/libwomenstore.com\/en\/product\/vibrators\/puissante-coco-multifunctional-bunny-vibrator-clitoris-suction\/\" \/>\n<meta property=\"og:locale\" content=\"en_US\" \/>\n<meta property=\"og:type\" content=\"article\" \/>\n<meta property=\"og:title\" content=\"PUISSANTE Coco\" \/>\n<meta property=\"og:description\" content=\"The most customizable of the suction-head bunny vibrators. Use it however you like, externally, internally, or mixed!\" \/>\n<meta property=\"og:url\" content=\"https:\/\/libwomenstore.com\/en\/product\/vibrators\/puissante-coco-multifunctional-bunny-vibrator-clitoris-suction\/\" \/>\n<meta property=\"og:site_name\" content=\"Lib Women&#039;s Store\" \/>\n<meta property=\"article:publisher\" content=\"https:\/\/www.facebook.com\/libwomenstore\" \/>\n<meta property=\"article:modified_time\" content=\"2025-06-26T10:21:14+00:00\" \/>\n<meta property=\"og:image\" content=\"https:\/\/libwomenstore.com\/wp-content\/uploads\/2024\/09\/puissante_coco.jpg\" \/>\n\t<meta property=\"og:image:width\" content=\"600\" \/>\n\t<meta property=\"og:image:height\" content=\"600\" \/>\n\t<meta property=\"og:image:type\" content=\"image\/jpeg\" \/>\n<meta name=\"twitter:card\" content=\"summary_large_image\" \/>\n<meta name=\"twitter:label1\" content=\"Price\" \/>\n\t<meta name=\"twitter:data1\" content=\"49.000&#070;&#116;\" \/>\n\t<meta name=\"twitter:label2\" content=\"Availability\" \/>\n\t<meta name=\"twitter:data2\" content=\"Out of stock\" \/>\n<script type=\"application\/ld+json\" class=\"yoast-schema-graph\">{\"@context\":\"https:\\\/\\\/schema.org\",\"@graph\":[{\"@type\":[\"WebPage\",\"ItemPage\"],\"@id\":\"https:\\\/\\\/libwomenstore.com\\\/en\\\/product\\\/vibrators\\\/puissante-coco-multifunctional-bunny-vibrator-clitoris-suction\\\/\",\"url\":\"https:\\\/\\\/libwomenstore.com\\\/en\\\/product\\\/vibrators\\\/puissante-coco-multifunctional-bunny-vibrator-clitoris-suction\\\/\",\"name\":\"PUISSANTE Coco - Lib Women&#039;s Store\",\"isPartOf\":{\"@id\":\"https:\\\/\\\/libwomenstore.com\\\/en\\\/#website\"},\"primaryImageOfPage\":{\"@id\":\"https:\\\/\\\/libwomenstore.com\\\/en\\\/product\\\/vibrators\\\/puissante-coco-multifunctional-bunny-vibrator-clitoris-suction\\\/#primaryimage\"},\"image\":{\"@id\":\"https:\\\/\\\/libwomenstore.com\\\/en\\\/product\\\/vibrators\\\/puissante-coco-multifunctional-bunny-vibrator-clitoris-suction\\\/#primaryimage\"},\"thumbnailUrl\":\"https:\\\/\\\/libwomenstore.com\\\/wp-content\\\/uploads\\\/2024\\\/09\\\/puissante_coco.jpg\",\"datePublished\":\"2024-09-19T16:30:24+00:00\",\"dateModified\":\"2025-06-26T10:21:14+00:00\",\"description\":\"The most customizable of the suction-head bunny vibrators. Use it however you like, externally, internally, or mixed!\",\"breadcrumb\":{\"@id\":\"https:\\\/\\\/libwomenstore.com\\\/en\\\/product\\\/vibrators\\\/puissante-coco-multifunctional-bunny-vibrator-clitoris-suction\\\/#breadcrumb\"},\"inLanguage\":\"en-US\",\"potentialAction\":[{\"@type\":\"ReadAction\",\"target\":[\"https:\\\/\\\/libwomenstore.com\\\/en\\\/product\\\/vibrators\\\/puissante-coco-multifunctional-bunny-vibrator-clitoris-suction\\\/\"]}]},{\"@type\":\"ImageObject\",\"inLanguage\":\"en-US\",\"@id\":\"https:\\\/\\\/libwomenstore.com\\\/en\\\/product\\\/vibrators\\\/puissante-coco-multifunctional-bunny-vibrator-clitoris-suction\\\/#primaryimage\",\"url\":\"https:\\\/\\\/libwomenstore.com\\\/wp-content\\\/uploads\\\/2024\\\/09\\\/puissante_coco.jpg\",\"contentUrl\":\"https:\\\/\\\/libwomenstore.com\\\/wp-content\\\/uploads\\\/2024\\\/09\\\/puissante_coco.jpg\",\"width\":600,\"height\":600,\"caption\":\"Puissante Coco dupla v\u00e9g\u0171 vibr\u00e1tor\"},{\"@type\":\"BreadcrumbList\",\"@id\":\"https:\\\/\\\/libwomenstore.com\\\/en\\\/product\\\/vibrators\\\/puissante-coco-multifunctional-bunny-vibrator-clitoris-suction\\\/#breadcrumb\",\"itemListElement\":[{\"@type\":\"ListItem\",\"position\":1,\"name\":\"Kezd\u0151lap\",\"item\":\"https:\\\/\\\/libwomenstore.com\\\/en\\\/\"},{\"@type\":\"ListItem\",\"position\":2,\"name\":\"Shop Home Page &#8211; Product categories\",\"item\":\"https:\\\/\\\/libwomenstore.com\\\/shop-kezdolap-termek-kategoriak\\\/?lang=en\"},{\"@type\":\"ListItem\",\"position\":3,\"name\":\"PUISSANTE Coco\"}]},{\"@type\":\"WebSite\",\"@id\":\"https:\\\/\\\/libwomenstore.com\\\/en\\\/#website\",\"url\":\"https:\\\/\\\/libwomenstore.com\\\/en\\\/\",\"name\":\"Lib Women Store\",\"description\":\"Magyarorsz\u00e1g els\u0151 n\u0151kre f\u00f3kusz\u00e1l\u00f3 szexshopja, ahol az eg\u00e9szs\u00e9g ugyanolyan fontos, mint az \u00e9lvezetek.\",\"publisher\":{\"@id\":\"https:\\\/\\\/libwomenstore.com\\\/en\\\/#organization\"},\"alternateName\":\"Lib\",\"potentialAction\":[{\"@type\":\"SearchAction\",\"target\":{\"@type\":\"EntryPoint\",\"urlTemplate\":\"https:\\\/\\\/libwomenstore.com\\\/en\\\/?s={search_term_string}\"},\"query-input\":{\"@type\":\"PropertyValueSpecification\",\"valueRequired\":true,\"valueName\":\"search_term_string\"}}],\"inLanguage\":\"en-US\"},{\"@type\":\"Organization\",\"@id\":\"https:\\\/\\\/libwomenstore.com\\\/en\\\/#organization\",\"name\":\"Lib Women Store\",\"url\":\"https:\\\/\\\/libwomenstore.com\\\/en\\\/\",\"logo\":{\"@type\":\"ImageObject\",\"inLanguage\":\"en-US\",\"@id\":\"https:\\\/\\\/libwomenstore.com\\\/en\\\/#\\\/schema\\\/logo\\\/image\\\/\",\"url\":\"https:\\\/\\\/libwomenstore.com\\\/wp-content\\\/uploads\\\/2024\\\/05\\\/cropped-LIB-logo-A.png\",\"contentUrl\":\"https:\\\/\\\/libwomenstore.com\\\/wp-content\\\/uploads\\\/2024\\\/05\\\/cropped-LIB-logo-A.png\",\"width\":512,\"height\":512,\"caption\":\"Lib Women Store\"},\"image\":{\"@id\":\"https:\\\/\\\/libwomenstore.com\\\/en\\\/#\\\/schema\\\/logo\\\/image\\\/\"},\"sameAs\":[\"https:\\\/\\\/www.facebook.com\\\/libwomenstore\"]}]}<\/script>\n<meta property=\"product:price:amount\" content=\"49000\" \/>\n<meta property=\"product:price:currency\" content=\"HUF\" \/>\n<meta property=\"og:availability\" content=\"out of stock\" \/>\n<meta property=\"product:availability\" content=\"out of stock\" \/>\n<meta property=\"product:retailer_item_id\" content=\"LIB-PUI002\" \/>\n<meta property=\"product:condition\" content=\"new\" \/>\n<!-- \/ Yoast SEO Premium plugin. -->","yoast_head_json":{"title":"PUISSANTE Coco - Lib Women&#039;s Store","description":"The most customizable of the suction-head bunny vibrators. Use it however you like, externally, internally, or mixed!","robots":{"index":"index","follow":"follow","max-snippet":"max-snippet:-1","max-image-preview":"max-image-preview:large","max-video-preview":"max-video-preview:-1"},"canonical":"https:\/\/libwomenstore.com\/en\/product\/vibrators\/puissante-coco-multifunctional-bunny-vibrator-clitoris-suction\/","og_locale":"en_US","og_type":"article","og_title":"PUISSANTE Coco","og_description":"The most customizable of the suction-head bunny vibrators. Use it however you like, externally, internally, or mixed!","og_url":"https:\/\/libwomenstore.com\/en\/product\/vibrators\/puissante-coco-multifunctional-bunny-vibrator-clitoris-suction\/","og_site_name":"Lib Women&#039;s Store","article_publisher":"https:\/\/www.facebook.com\/libwomenstore","article_modified_time":"2025-06-26T10:21:14+00:00","og_image":[{"width":600,"height":600,"url":"https:\/\/libwomenstore.com\/wp-content\/uploads\/2024\/09\/puissante_coco.jpg","type":"image\/jpeg"}],"twitter_card":"summary_large_image","twitter_misc":{"Price":"49.000&#70;&#116;","Availability":"Out of stock"},"schema":{"@context":"https:\/\/schema.org","@graph":[{"@type":["WebPage","ItemPage"],"@id":"https:\/\/libwomenstore.com\/en\/product\/vibrators\/puissante-coco-multifunctional-bunny-vibrator-clitoris-suction\/","url":"https:\/\/libwomenstore.com\/en\/product\/vibrators\/puissante-coco-multifunctional-bunny-vibrator-clitoris-suction\/","name":"PUISSANTE Coco - Lib Women&#039;s Store","isPartOf":{"@id":"https:\/\/libwomenstore.com\/en\/#website"},"primaryImageOfPage":{"@id":"https:\/\/libwomenstore.com\/en\/product\/vibrators\/puissante-coco-multifunctional-bunny-vibrator-clitoris-suction\/#primaryimage"},"image":{"@id":"https:\/\/libwomenstore.com\/en\/product\/vibrators\/puissante-coco-multifunctional-bunny-vibrator-clitoris-suction\/#primaryimage"},"thumbnailUrl":"https:\/\/libwomenstore.com\/wp-content\/uploads\/2024\/09\/puissante_coco.jpg","datePublished":"2024-09-19T16:30:24+00:00","dateModified":"2025-06-26T10:21:14+00:00","description":"The most customizable of the suction-head bunny vibrators. Use it however you like, externally, internally, or mixed!","breadcrumb":{"@id":"https:\/\/libwomenstore.com\/en\/product\/vibrators\/puissante-coco-multifunctional-bunny-vibrator-clitoris-suction\/#breadcrumb"},"inLanguage":"en-US","potentialAction":[{"@type":"ReadAction","target":["https:\/\/libwomenstore.com\/en\/product\/vibrators\/puissante-coco-multifunctional-bunny-vibrator-clitoris-suction\/"]}]},{"@type":"ImageObject","inLanguage":"en-US","@id":"https:\/\/libwomenstore.com\/en\/product\/vibrators\/puissante-coco-multifunctional-bunny-vibrator-clitoris-suction\/#primaryimage","url":"https:\/\/libwomenstore.com\/wp-content\/uploads\/2024\/09\/puissante_coco.jpg","contentUrl":"https:\/\/libwomenstore.com\/wp-content\/uploads\/2024\/09\/puissante_coco.jpg","width":600,"height":600,"caption":"Puissante Coco dupla v\u00e9g\u0171 vibr\u00e1tor"},{"@type":"BreadcrumbList","@id":"https:\/\/libwomenstore.com\/en\/product\/vibrators\/puissante-coco-multifunctional-bunny-vibrator-clitoris-suction\/#breadcrumb","itemListElement":[{"@type":"ListItem","position":1,"name":"Kezd\u0151lap","item":"https:\/\/libwomenstore.com\/en\/"},{"@type":"ListItem","position":2,"name":"Shop Home Page &#8211; Product categories","item":"https:\/\/libwomenstore.com\/shop-kezdolap-termek-kategoriak\/?lang=en"},{"@type":"ListItem","position":3,"name":"PUISSANTE Coco"}]},{"@type":"WebSite","@id":"https:\/\/libwomenstore.com\/en\/#website","url":"https:\/\/libwomenstore.com\/en\/","name":"Lib Women Store","description":"Magyarorsz\u00e1g els\u0151 n\u0151kre f\u00f3kusz\u00e1l\u00f3 szexshopja, ahol az eg\u00e9szs\u00e9g ugyanolyan fontos, mint az \u00e9lvezetek.","publisher":{"@id":"https:\/\/libwomenstore.com\/en\/#organization"},"alternateName":"Lib","potentialAction":[{"@type":"SearchAction","target":{"@type":"EntryPoint","urlTemplate":"https:\/\/libwomenstore.com\/en\/?s={search_term_string}"},"query-input":{"@type":"PropertyValueSpecification","valueRequired":true,"valueName":"search_term_string"}}],"inLanguage":"en-US"},{"@type":"Organization","@id":"https:\/\/libwomenstore.com\/en\/#organization","name":"Lib Women Store","url":"https:\/\/libwomenstore.com\/en\/","logo":{"@type":"ImageObject","inLanguage":"en-US","@id":"https:\/\/libwomenstore.com\/en\/#\/schema\/logo\/image\/","url":"https:\/\/libwomenstore.com\/wp-content\/uploads\/2024\/05\/cropped-LIB-logo-A.png","contentUrl":"https:\/\/libwomenstore.com\/wp-content\/uploads\/2024\/05\/cropped-LIB-logo-A.png","width":512,"height":512,"caption":"Lib Women Store"},"image":{"@id":"https:\/\/libwomenstore.com\/en\/#\/schema\/logo\/image\/"},"sameAs":["https:\/\/www.facebook.com\/libwomenstore"]}]},"product_price_amount":"49000","product_price_currency":"HUF","og_availability":"out of stock","product_availability":"out of stock","product_retailer_item_id":"LIB-PUI002","product_condition":"new"},"_links":{"self":[{"href":"https:\/\/libwomenstore.com\/en\/wp-json\/wp\/v2\/product\/28344","targetHints":{"allow":["GET"]}}],"collection":[{"href":"https:\/\/libwomenstore.com\/en\/wp-json\/wp\/v2\/product"}],"about":[{"href":"https:\/\/libwomenstore.com\/en\/wp-json\/wp\/v2\/types\/product"}],"replies":[{"embeddable":true,"href":"https:\/\/libwomenstore.com\/en\/wp-json\/wp\/v2\/comments?post=28344"}],"wp:featuredmedia":[{"embeddable":true,"href":"https:\/\/libwomenstore.com\/en\/wp-json\/wp\/v2\/media\/31988"}],"wp:attachment":[{"href":"https:\/\/libwomenstore.com\/en\/wp-json\/wp\/v2\/media?parent=28344"}],"wp:term":[{"taxonomy":"product_brand","embeddable":true,"href":"https:\/\/libwomenstore.com\/en\/wp-json\/wp\/v2\/product_brand?post=28344"},{"taxonomy":"product_cat","embeddable":true,"href":"https:\/\/libwomenstore.com\/en\/wp-json\/wp\/v2\/product_cat?post=28344"},{"taxonomy":"product_tag","embeddable":true,"href":"https:\/\/libwomenstore.com\/en\/wp-json\/wp\/v2\/product_tag?post=28344"}],"curies":[{"name":"wp","href":"https:\/\/api.w.org\/{rel}","templated":true}]}}