{"id":28358,"date":"2024-09-01T19:56:02","date_gmt":"2024-09-01T17:56:02","guid":{"rendered":"https:\/\/uj.libwomenstore.com\/?post_type=product&#038;p=28358"},"modified":"2025-01-28T12:20:24","modified_gmt":"2025-01-28T11:20:24","slug":"pleasure-guide-sexshop-tour-guided-friend-groups-birthday-party-bachelorette-corporate-event-education-in-an-informal-setting","status":"publish","type":"product","link":"https:\/\/libwomenstore.com\/en\/product\/events\/pleasure-guide-sexshop-tour-guided-friend-groups-birthday-party-bachelorette-corporate-event-education-in-an-informal-setting\/","title":{"rendered":"Pleasure Guide"},"content":{"rendered":"<p dir=\"ltr\" style=\"text-align: center;\">Maximum number of people: 15 people<\/p>\n<p dir=\"ltr\" style=\"text-align: center;\">Duration: 1 hour<\/p>\n<p dir=\"ltr\" style=\"text-align: center;\">Choosing a time: Before purchasing, please contact us by email (libtheshop@gmail.com) to arrange the exact time. Tuesday-Saturday between 11 am and 7 pm.<\/p>\n<p dir=\"ltr\" style=\"text-align: center;\">For corporate events, please contact us via email so we can tailor the event to your needs!<\/p>\n","protected":false},"excerpt":{"rendered":"<p dir=\"ltr\">Spend an hour at Lib with your girlfriends!<\/p>\n<p dir=\"ltr\">If you want to make a day truly special, be it a birthday, a bachelorette party, or just an hour to yourself, come to LIB&#8217;s guided experience!<\/p>\n<p dir=\"ltr\">We also host corporate events, come and join us for an informal educational event, as sexual wellness is an important part of our everyday lives!<\/p>\n<p dir=\"ltr\">Here you can look around in a good atmosphere and in a relaxed environment and ask questions that you might not otherwise dare to ask. We are waiting for you with champagne and our expertise in our shop, which is open only for you. And in addition to knowledge, you can also acquire a special and unique memory.<\/p>\n","protected":false},"featured_media":28075,"comment_status":"open","ping_status":"closed","template":"","meta":{"_et_pb_use_builder":"","_et_pb_old_content":"","_et_gb_content_width":""},"product_brand":[],"product_cat":[317],"product_tag":[392,393,389,390,394,391],"class_list":{"0":"post-28358","1":"product","2":"type-product","3":"status-publish","4":"has-post-thumbnail","6":"product_cat-events","7":"product_tag-bachelorette","8":"product_tag-birthday","9":"product_tag-event-en","10":"product_tag-event-en-2","11":"product_tag-experience","12":"product_tag-guide-en","14":"first","15":"instock","16":"taxable","17":"shipping-taxable","18":"product-type-simple"},"yoast_head":"<!-- This site is optimized with the Yoast SEO Premium plugin v27.4 (Yoast SEO v27.4) - https:\/\/yoast.com\/product\/yoast-seo-premium-wordpress\/ -->\n<title>Pleasure Guide - Lib Women&#039;s Store<\/title>\n<meta name=\"description\" content=\"If you want to make a day truly special, be it a birthday, a bachelorette party, or just an hour to yourself, come to LIB!\" \/>\n<meta name=\"robots\" content=\"index, follow, max-snippet:-1, max-image-preview:large, max-video-preview:-1\" \/>\n<link rel=\"canonical\" href=\"https:\/\/libwomenstore.com\/en\/product\/events\/pleasure-guide-sexshop-tour-guided-friend-groups-birthday-party-bachelorette-corporate-event-education-in-an-informal-setting\/\" \/>\n<meta property=\"og:locale\" content=\"en_US\" \/>\n<meta property=\"og:type\" content=\"article\" \/>\n<meta property=\"og:title\" content=\"Pleasure Guide\" \/>\n<meta property=\"og:description\" content=\"If you want to make a day truly special, be it a birthday, a bachelorette party, or just an hour to yourself, come to LIB!\" \/>\n<meta property=\"og:url\" content=\"https:\/\/libwomenstore.com\/en\/product\/events\/pleasure-guide-sexshop-tour-guided-friend-groups-birthday-party-bachelorette-corporate-event-education-in-an-informal-setting\/\" \/>\n<meta property=\"og:site_name\" content=\"Lib Women&#039;s Store\" \/>\n<meta property=\"article:publisher\" content=\"https:\/\/www.facebook.com\/libwomenstore\" \/>\n<meta property=\"article:modified_time\" content=\"2025-01-28T11:20:24+00:00\" \/>\n<meta property=\"og:image\" content=\"https:\/\/libwomenstore.com\/wp-content\/uploads\/2024\/09\/240320Libpleasurepost.jpg\" \/>\n\t<meta property=\"og:image:width\" content=\"1200\" \/>\n\t<meta property=\"og:image:height\" content=\"1200\" \/>\n\t<meta property=\"og:image:type\" content=\"image\/jpeg\" \/>\n<meta name=\"twitter:card\" content=\"summary_large_image\" \/>\n<meta name=\"twitter:label1\" content=\"Price\" \/>\n\t<meta name=\"twitter:data1\" content=\"\" \/>\n\t<meta name=\"twitter:label2\" content=\"Availability\" \/>\n\t<meta name=\"twitter:data2\" content=\"In stock\" \/>\n<script type=\"application\/ld+json\" class=\"yoast-schema-graph\">{\"@context\":\"https:\\\/\\\/schema.org\",\"@graph\":[{\"@type\":[\"WebPage\",\"ItemPage\"],\"@id\":\"https:\\\/\\\/libwomenstore.com\\\/en\\\/product\\\/events\\\/pleasure-guide-sexshop-tour-guided-friend-groups-birthday-party-bachelorette-corporate-event-education-in-an-informal-setting\\\/\",\"url\":\"https:\\\/\\\/libwomenstore.com\\\/en\\\/product\\\/events\\\/pleasure-guide-sexshop-tour-guided-friend-groups-birthday-party-bachelorette-corporate-event-education-in-an-informal-setting\\\/\",\"name\":\"Pleasure Guide - Lib Women&#039;s Store\",\"isPartOf\":{\"@id\":\"https:\\\/\\\/libwomenstore.com\\\/en\\\/#website\"},\"primaryImageOfPage\":{\"@id\":\"https:\\\/\\\/libwomenstore.com\\\/en\\\/product\\\/events\\\/pleasure-guide-sexshop-tour-guided-friend-groups-birthday-party-bachelorette-corporate-event-education-in-an-informal-setting\\\/#primaryimage\"},\"image\":{\"@id\":\"https:\\\/\\\/libwomenstore.com\\\/en\\\/product\\\/events\\\/pleasure-guide-sexshop-tour-guided-friend-groups-birthday-party-bachelorette-corporate-event-education-in-an-informal-setting\\\/#primaryimage\"},\"thumbnailUrl\":\"https:\\\/\\\/libwomenstore.com\\\/wp-content\\\/uploads\\\/2024\\\/09\\\/240320Libpleasurepost.jpg\",\"datePublished\":\"2024-09-01T17:56:02+00:00\",\"dateModified\":\"2025-01-28T11:20:24+00:00\",\"description\":\"If you want to make a day truly special, be it a birthday, a bachelorette party, or just an hour to yourself, come to LIB!\",\"breadcrumb\":{\"@id\":\"https:\\\/\\\/libwomenstore.com\\\/en\\\/product\\\/events\\\/pleasure-guide-sexshop-tour-guided-friend-groups-birthday-party-bachelorette-corporate-event-education-in-an-informal-setting\\\/#breadcrumb\"},\"inLanguage\":\"en-US\",\"potentialAction\":[{\"@type\":\"ReadAction\",\"target\":[\"https:\\\/\\\/libwomenstore.com\\\/en\\\/product\\\/events\\\/pleasure-guide-sexshop-tour-guided-friend-groups-birthday-party-bachelorette-corporate-event-education-in-an-informal-setting\\\/\"]}]},{\"@type\":\"ImageObject\",\"inLanguage\":\"en-US\",\"@id\":\"https:\\\/\\\/libwomenstore.com\\\/en\\\/product\\\/events\\\/pleasure-guide-sexshop-tour-guided-friend-groups-birthday-party-bachelorette-corporate-event-education-in-an-informal-setting\\\/#primaryimage\",\"url\":\"https:\\\/\\\/libwomenstore.com\\\/wp-content\\\/uploads\\\/2024\\\/09\\\/240320Libpleasurepost.jpg\",\"contentUrl\":\"https:\\\/\\\/libwomenstore.com\\\/wp-content\\\/uploads\\\/2024\\\/09\\\/240320Libpleasurepost.jpg\",\"width\":1200,\"height\":1200},{\"@type\":\"BreadcrumbList\",\"@id\":\"https:\\\/\\\/libwomenstore.com\\\/en\\\/product\\\/events\\\/pleasure-guide-sexshop-tour-guided-friend-groups-birthday-party-bachelorette-corporate-event-education-in-an-informal-setting\\\/#breadcrumb\",\"itemListElement\":[{\"@type\":\"ListItem\",\"position\":1,\"name\":\"Kezd\u0151lap\",\"item\":\"https:\\\/\\\/libwomenstore.com\\\/en\\\/\"},{\"@type\":\"ListItem\",\"position\":2,\"name\":\"Shop Home Page &#8211; Product categories\",\"item\":\"https:\\\/\\\/libwomenstore.com\\\/shop-kezdolap-termek-kategoriak\\\/?lang=en\"},{\"@type\":\"ListItem\",\"position\":3,\"name\":\"Pleasure Guide\"}]},{\"@type\":\"WebSite\",\"@id\":\"https:\\\/\\\/libwomenstore.com\\\/en\\\/#website\",\"url\":\"https:\\\/\\\/libwomenstore.com\\\/en\\\/\",\"name\":\"Lib Women Store\",\"description\":\"Magyarorsz\u00e1g els\u0151 n\u0151kre f\u00f3kusz\u00e1l\u00f3 szexshopja, ahol az eg\u00e9szs\u00e9g ugyanolyan fontos, mint az \u00e9lvezetek.\",\"publisher\":{\"@id\":\"https:\\\/\\\/libwomenstore.com\\\/en\\\/#organization\"},\"alternateName\":\"Lib\",\"potentialAction\":[{\"@type\":\"SearchAction\",\"target\":{\"@type\":\"EntryPoint\",\"urlTemplate\":\"https:\\\/\\\/libwomenstore.com\\\/en\\\/?s={search_term_string}\"},\"query-input\":{\"@type\":\"PropertyValueSpecification\",\"valueRequired\":true,\"valueName\":\"search_term_string\"}}],\"inLanguage\":\"en-US\"},{\"@type\":\"Organization\",\"@id\":\"https:\\\/\\\/libwomenstore.com\\\/en\\\/#organization\",\"name\":\"Lib Women Store\",\"url\":\"https:\\\/\\\/libwomenstore.com\\\/en\\\/\",\"logo\":{\"@type\":\"ImageObject\",\"inLanguage\":\"en-US\",\"@id\":\"https:\\\/\\\/libwomenstore.com\\\/en\\\/#\\\/schema\\\/logo\\\/image\\\/\",\"url\":\"https:\\\/\\\/libwomenstore.com\\\/wp-content\\\/uploads\\\/2024\\\/05\\\/cropped-LIB-logo-A.png\",\"contentUrl\":\"https:\\\/\\\/libwomenstore.com\\\/wp-content\\\/uploads\\\/2024\\\/05\\\/cropped-LIB-logo-A.png\",\"width\":512,\"height\":512,\"caption\":\"Lib Women Store\"},\"image\":{\"@id\":\"https:\\\/\\\/libwomenstore.com\\\/en\\\/#\\\/schema\\\/logo\\\/image\\\/\"},\"sameAs\":[\"https:\\\/\\\/www.facebook.com\\\/libwomenstore\"]}]}<\/script>\n<meta property=\"product:price:currency\" content=\"HUF\" \/>\n<meta property=\"og:availability\" content=\"instock\" \/>\n<meta property=\"product:availability\" content=\"instock\" \/>\n<meta property=\"product:condition\" content=\"new\" \/>\n<!-- \/ Yoast SEO Premium plugin. -->","yoast_head_json":{"title":"Pleasure Guide - Lib Women&#039;s Store","description":"If you want to make a day truly special, be it a birthday, a bachelorette party, or just an hour to yourself, come to LIB!","robots":{"index":"index","follow":"follow","max-snippet":"max-snippet:-1","max-image-preview":"max-image-preview:large","max-video-preview":"max-video-preview:-1"},"canonical":"https:\/\/libwomenstore.com\/en\/product\/events\/pleasure-guide-sexshop-tour-guided-friend-groups-birthday-party-bachelorette-corporate-event-education-in-an-informal-setting\/","og_locale":"en_US","og_type":"article","og_title":"Pleasure Guide","og_description":"If you want to make a day truly special, be it a birthday, a bachelorette party, or just an hour to yourself, come to LIB!","og_url":"https:\/\/libwomenstore.com\/en\/product\/events\/pleasure-guide-sexshop-tour-guided-friend-groups-birthday-party-bachelorette-corporate-event-education-in-an-informal-setting\/","og_site_name":"Lib Women&#039;s Store","article_publisher":"https:\/\/www.facebook.com\/libwomenstore","article_modified_time":"2025-01-28T11:20:24+00:00","og_image":[{"width":1200,"height":1200,"url":"https:\/\/libwomenstore.com\/wp-content\/uploads\/2024\/09\/240320Libpleasurepost.jpg","type":"image\/jpeg"}],"twitter_card":"summary_large_image","twitter_misc":{"Price":"","Availability":"In stock"},"schema":{"@context":"https:\/\/schema.org","@graph":[{"@type":["WebPage","ItemPage"],"@id":"https:\/\/libwomenstore.com\/en\/product\/events\/pleasure-guide-sexshop-tour-guided-friend-groups-birthday-party-bachelorette-corporate-event-education-in-an-informal-setting\/","url":"https:\/\/libwomenstore.com\/en\/product\/events\/pleasure-guide-sexshop-tour-guided-friend-groups-birthday-party-bachelorette-corporate-event-education-in-an-informal-setting\/","name":"Pleasure Guide - Lib Women&#039;s Store","isPartOf":{"@id":"https:\/\/libwomenstore.com\/en\/#website"},"primaryImageOfPage":{"@id":"https:\/\/libwomenstore.com\/en\/product\/events\/pleasure-guide-sexshop-tour-guided-friend-groups-birthday-party-bachelorette-corporate-event-education-in-an-informal-setting\/#primaryimage"},"image":{"@id":"https:\/\/libwomenstore.com\/en\/product\/events\/pleasure-guide-sexshop-tour-guided-friend-groups-birthday-party-bachelorette-corporate-event-education-in-an-informal-setting\/#primaryimage"},"thumbnailUrl":"https:\/\/libwomenstore.com\/wp-content\/uploads\/2024\/09\/240320Libpleasurepost.jpg","datePublished":"2024-09-01T17:56:02+00:00","dateModified":"2025-01-28T11:20:24+00:00","description":"If you want to make a day truly special, be it a birthday, a bachelorette party, or just an hour to yourself, come to LIB!","breadcrumb":{"@id":"https:\/\/libwomenstore.com\/en\/product\/events\/pleasure-guide-sexshop-tour-guided-friend-groups-birthday-party-bachelorette-corporate-event-education-in-an-informal-setting\/#breadcrumb"},"inLanguage":"en-US","potentialAction":[{"@type":"ReadAction","target":["https:\/\/libwomenstore.com\/en\/product\/events\/pleasure-guide-sexshop-tour-guided-friend-groups-birthday-party-bachelorette-corporate-event-education-in-an-informal-setting\/"]}]},{"@type":"ImageObject","inLanguage":"en-US","@id":"https:\/\/libwomenstore.com\/en\/product\/events\/pleasure-guide-sexshop-tour-guided-friend-groups-birthday-party-bachelorette-corporate-event-education-in-an-informal-setting\/#primaryimage","url":"https:\/\/libwomenstore.com\/wp-content\/uploads\/2024\/09\/240320Libpleasurepost.jpg","contentUrl":"https:\/\/libwomenstore.com\/wp-content\/uploads\/2024\/09\/240320Libpleasurepost.jpg","width":1200,"height":1200},{"@type":"BreadcrumbList","@id":"https:\/\/libwomenstore.com\/en\/product\/events\/pleasure-guide-sexshop-tour-guided-friend-groups-birthday-party-bachelorette-corporate-event-education-in-an-informal-setting\/#breadcrumb","itemListElement":[{"@type":"ListItem","position":1,"name":"Kezd\u0151lap","item":"https:\/\/libwomenstore.com\/en\/"},{"@type":"ListItem","position":2,"name":"Shop Home Page &#8211; Product categories","item":"https:\/\/libwomenstore.com\/shop-kezdolap-termek-kategoriak\/?lang=en"},{"@type":"ListItem","position":3,"name":"Pleasure Guide"}]},{"@type":"WebSite","@id":"https:\/\/libwomenstore.com\/en\/#website","url":"https:\/\/libwomenstore.com\/en\/","name":"Lib Women Store","description":"Magyarorsz\u00e1g els\u0151 n\u0151kre f\u00f3kusz\u00e1l\u00f3 szexshopja, ahol az eg\u00e9szs\u00e9g ugyanolyan fontos, mint az \u00e9lvezetek.","publisher":{"@id":"https:\/\/libwomenstore.com\/en\/#organization"},"alternateName":"Lib","potentialAction":[{"@type":"SearchAction","target":{"@type":"EntryPoint","urlTemplate":"https:\/\/libwomenstore.com\/en\/?s={search_term_string}"},"query-input":{"@type":"PropertyValueSpecification","valueRequired":true,"valueName":"search_term_string"}}],"inLanguage":"en-US"},{"@type":"Organization","@id":"https:\/\/libwomenstore.com\/en\/#organization","name":"Lib Women Store","url":"https:\/\/libwomenstore.com\/en\/","logo":{"@type":"ImageObject","inLanguage":"en-US","@id":"https:\/\/libwomenstore.com\/en\/#\/schema\/logo\/image\/","url":"https:\/\/libwomenstore.com\/wp-content\/uploads\/2024\/05\/cropped-LIB-logo-A.png","contentUrl":"https:\/\/libwomenstore.com\/wp-content\/uploads\/2024\/05\/cropped-LIB-logo-A.png","width":512,"height":512,"caption":"Lib Women Store"},"image":{"@id":"https:\/\/libwomenstore.com\/en\/#\/schema\/logo\/image\/"},"sameAs":["https:\/\/www.facebook.com\/libwomenstore"]}]},"product_price_currency":"HUF","og_availability":"instock","product_availability":"instock","product_condition":"new"},"_links":{"self":[{"href":"https:\/\/libwomenstore.com\/en\/wp-json\/wp\/v2\/product\/28358","targetHints":{"allow":["GET"]}}],"collection":[{"href":"https:\/\/libwomenstore.com\/en\/wp-json\/wp\/v2\/product"}],"about":[{"href":"https:\/\/libwomenstore.com\/en\/wp-json\/wp\/v2\/types\/product"}],"replies":[{"embeddable":true,"href":"https:\/\/libwomenstore.com\/en\/wp-json\/wp\/v2\/comments?post=28358"}],"wp:featuredmedia":[{"embeddable":true,"href":"https:\/\/libwomenstore.com\/en\/wp-json\/wp\/v2\/media\/28075"}],"wp:attachment":[{"href":"https:\/\/libwomenstore.com\/en\/wp-json\/wp\/v2\/media?parent=28358"}],"wp:term":[{"taxonomy":"product_brand","embeddable":true,"href":"https:\/\/libwomenstore.com\/en\/wp-json\/wp\/v2\/product_brand?post=28358"},{"taxonomy":"product_cat","embeddable":true,"href":"https:\/\/libwomenstore.com\/en\/wp-json\/wp\/v2\/product_cat?post=28358"},{"taxonomy":"product_tag","embeddable":true,"href":"https:\/\/libwomenstore.com\/en\/wp-json\/wp\/v2\/product_tag?post=28358"}],"curies":[{"name":"wp","href":"https:\/\/api.w.org\/{rel}","templated":true}]}}