{"id":28368,"date":"2024-09-01T19:55:57","date_gmt":"2024-09-01T17:55:57","guid":{"rendered":"https:\/\/uj.libwomenstore.com\/?post_type=product&#038;p=28368"},"modified":"2025-05-27T23:24:05","modified_gmt":"2025-05-27T21:24:05","slug":"noir-handmade-mirage-wetlook-mini-dress","status":"publish","type":"product","link":"https:\/\/libwomenstore.com\/en\/product\/bdsm-accessories\/noir-handmade-mirage-wetlook-mini-dress\/","title":{"rendered":"NOIR HANDMADE Mirage Wetlook Mini dress"},"content":{"rendered":"<p style=\"text-align: center;\">Ideal for retailers seeking to add a touch of sophistication to their collection, the &#8220;Mirage&#8221; is a versatile dress that promises to catch the eye and captivate the room. Whether styled for a night out or an upscale event, this dress ensures a dramatic entrance and an unforgettable impression.<\/p>\n<p style=\"text-align: center;\">Noir Handmade was dreamed up by Roksana Galka in 2011 and since then they have conquered the lingerie market. Each piece of clothing is made from high-quality materials with great care. Discover the appeal of Noir Handmade &#8211; where each piece tells a story of grace, feminine power and timeless appeal.<\/p>\n<p style=\"text-align: center;\"><strong>Tip<\/strong><\/p>\n<p style=\"text-align: center;\">Wear it if you are preparing for a sensual evening, but it is perfect for any occasion, be it a romantic dinner or a party.<\/p>\n<p style=\"text-align: center;\">Features<\/p>\n<p style=\"text-align: center;\">Elastic wetlook material<\/p>\n<p style=\"text-align: center;\">Mini dress<\/p>\n<p style=\"text-align: center;\">Cut out back<\/p>\n<p style=\"text-align: center;\">Adjustable or removable rhinestone chain<\/p>\n<p style=\"text-align: center;\"><strong>Choosing the Right Size:<\/strong><\/p>\n<p style=\"text-align: center;\">The\u00a0garments are crafted from elastic fabrics, offering a perfect fit for various body types. Selecting the right size will prevent unnecessary overstretching and maintain the threads&#8217; durability.<\/p>\n<p style=\"text-align: center;\"><strong>Cleaning<\/strong><\/p>\n<p style=\"text-align: center;\"><strong>Washing<\/strong><\/p>\n<p style=\"text-align: center;\">Use cold water and mild liquid detergents for washing.<br \/>\nIf using a washing machine, opt for the handwash or delicate program to protect delicate fabrics and embellishments.<br \/>\nBefore your first wear, we recommend washing the garment to prevent any potential bleeding of colors.<\/p>\n<p style=\"text-align: center;\"><strong>Drying<\/strong><\/p>\n<p style=\"text-align: center;\">Dry your garments flat to preserve their shape and avoid stretching.<br \/>\nAvoid using a tumble dryer, as the heat can cause damage to delicate fabrics and elastic components.<\/p>\n<p style=\"text-align: center;\"><strong>Ironing<\/strong><\/p>\n<p style=\"text-align: center;\">If needed, you can use a cool iron setting on the left side of the garment. This helps maintain the fabric&#8217;s integrity and prevents any damage.<\/p>\n<p style=\"text-align: center;\">By following these care instructions, you&#8217;re investing in the longevity of your Noir Handmade pieces. Treat them with care, and they&#8217;ll continue to embrace you with their allure and elegance.<\/p>\n<p style=\"text-align: center;\">\n","protected":false},"excerpt":{"rendered":"<p dir=\"ltr\" style=\"text-align: left;\">The &#8220;Mirage&#8221; mini dress, a stunning piece that blends sophisticated style with a hint of daring.<\/p>\n<p style=\"text-align: left;\">This dress is expertly crafted from stretchy powerwetlook fabric, designed to contour and flatter the figure with its form-fitting silhouette. The highlight of this garment is the delicately decorative rhinestone chain that drapes elegantly across the back, adding an element of luxury and glamour. Fully adjustable and removable, this feature allows for customization to fit any occasion.<\/p>\n","protected":false},"featured_media":32065,"comment_status":"open","ping_status":"closed","template":"","meta":{"_et_pb_use_builder":"","_et_pb_old_content":"","_et_gb_content_width":""},"product_brand":[],"product_cat":[327,554,375],"product_tag":[406],"class_list":{"0":"post-28368","1":"product","2":"type-product","3":"status-publish","4":"has-post-thumbnail","6":"product_cat-bdsm-accessories","7":"product_cat-lib-x-bliss-glass-toys-hand-crafted","8":"product_cat-lingeries","9":"product_tag-lingerie-en","11":"first","12":"instock","13":"sale","14":"taxable","15":"shipping-taxable","16":"purchasable","17":"product-type-variable"},"yoast_head":"<!-- This site is optimized with the Yoast SEO Premium plugin v27.4 (Yoast SEO v27.4) - https:\/\/yoast.com\/product\/yoast-seo-premium-wordpress\/ -->\n<title>NOIR HANDMADE Mirage Wetlook Mini dress - Lib Women&#039;s Store<\/title>\n<meta name=\"description\" content=\"Mini dress made of stretchy power wetlook fabric and has a fitted silhouette that contours the figure, combining sophisticated style with a hint of daring.\" \/>\n<meta name=\"robots\" content=\"index, follow, max-snippet:-1, max-image-preview:large, max-video-preview:-1\" \/>\n<link rel=\"canonical\" href=\"https:\/\/libwomenstore.com\/en\/product\/bdsm-accessories\/noir-handmade-mirage-wetlook-mini-dress\/\" \/>\n<meta property=\"og:locale\" content=\"en_US\" \/>\n<meta property=\"og:type\" content=\"article\" \/>\n<meta property=\"og:title\" content=\"NOIR HANDMADE Mirage Wetlook Mini dress\" \/>\n<meta property=\"og:description\" content=\"Mini dress made of stretchy power wetlook fabric and has a fitted silhouette that contours the figure, combining sophisticated style with a hint of daring.\" \/>\n<meta property=\"og:url\" content=\"https:\/\/libwomenstore.com\/en\/product\/bdsm-accessories\/noir-handmade-mirage-wetlook-mini-dress\/\" \/>\n<meta property=\"og:site_name\" content=\"Lib Women&#039;s Store\" \/>\n<meta property=\"article:publisher\" content=\"https:\/\/www.facebook.com\/libwomenstore\" \/>\n<meta property=\"article:modified_time\" content=\"2025-05-27T21:24:05+00:00\" \/>\n<meta property=\"og:image\" content=\"https:\/\/libwomenstore.com\/wp-content\/uploads\/2024\/09\/noir_handmade_wetlook_mini_dress.jpg\" \/>\n\t<meta property=\"og:image:width\" content=\"600\" \/>\n\t<meta property=\"og:image:height\" content=\"600\" \/>\n\t<meta property=\"og:image:type\" content=\"image\/jpeg\" \/>\n<meta name=\"twitter:card\" content=\"summary_large_image\" \/>\n<meta name=\"twitter:label1\" content=\"Availability\" \/>\n\t<meta name=\"twitter:data1\" content=\"In stock\" \/>\n<script type=\"application\/ld+json\" class=\"yoast-schema-graph\">{\"@context\":\"https:\\\/\\\/schema.org\",\"@graph\":[{\"@type\":[\"WebPage\",\"ItemPage\"],\"@id\":\"https:\\\/\\\/libwomenstore.com\\\/en\\\/product\\\/bdsm-accessories\\\/noir-handmade-mirage-wetlook-mini-dress\\\/\",\"url\":\"https:\\\/\\\/libwomenstore.com\\\/en\\\/product\\\/bdsm-accessories\\\/noir-handmade-mirage-wetlook-mini-dress\\\/\",\"name\":\"NOIR HANDMADE Mirage Wetlook Mini dress - Lib Women&#039;s Store\",\"isPartOf\":{\"@id\":\"https:\\\/\\\/libwomenstore.com\\\/en\\\/#website\"},\"primaryImageOfPage\":{\"@id\":\"https:\\\/\\\/libwomenstore.com\\\/en\\\/product\\\/bdsm-accessories\\\/noir-handmade-mirage-wetlook-mini-dress\\\/#primaryimage\"},\"image\":{\"@id\":\"https:\\\/\\\/libwomenstore.com\\\/en\\\/product\\\/bdsm-accessories\\\/noir-handmade-mirage-wetlook-mini-dress\\\/#primaryimage\"},\"thumbnailUrl\":\"https:\\\/\\\/libwomenstore.com\\\/wp-content\\\/uploads\\\/2024\\\/09\\\/noir_handmade_wetlook_mini_dress.jpg\",\"datePublished\":\"2024-09-01T17:55:57+00:00\",\"dateModified\":\"2025-05-27T21:24:05+00:00\",\"description\":\"Mini dress made of stretchy power wetlook fabric and has a fitted silhouette that contours the figure, combining sophisticated style with a hint of daring.\",\"breadcrumb\":{\"@id\":\"https:\\\/\\\/libwomenstore.com\\\/en\\\/product\\\/bdsm-accessories\\\/noir-handmade-mirage-wetlook-mini-dress\\\/#breadcrumb\"},\"inLanguage\":\"en-US\",\"potentialAction\":[{\"@type\":\"ReadAction\",\"target\":[\"https:\\\/\\\/libwomenstore.com\\\/en\\\/product\\\/bdsm-accessories\\\/noir-handmade-mirage-wetlook-mini-dress\\\/\"]}]},{\"@type\":\"ImageObject\",\"inLanguage\":\"en-US\",\"@id\":\"https:\\\/\\\/libwomenstore.com\\\/en\\\/product\\\/bdsm-accessories\\\/noir-handmade-mirage-wetlook-mini-dress\\\/#primaryimage\",\"url\":\"https:\\\/\\\/libwomenstore.com\\\/wp-content\\\/uploads\\\/2024\\\/09\\\/noir_handmade_wetlook_mini_dress.jpg\",\"contentUrl\":\"https:\\\/\\\/libwomenstore.com\\\/wp-content\\\/uploads\\\/2024\\\/09\\\/noir_handmade_wetlook_mini_dress.jpg\",\"width\":600,\"height\":600,\"caption\":\"Noir Handmade Wetlook Mini ruha szexi h\u00e1tkiv\u00e1g\u00e1ssal\"},{\"@type\":\"BreadcrumbList\",\"@id\":\"https:\\\/\\\/libwomenstore.com\\\/en\\\/product\\\/bdsm-accessories\\\/noir-handmade-mirage-wetlook-mini-dress\\\/#breadcrumb\",\"itemListElement\":[{\"@type\":\"ListItem\",\"position\":1,\"name\":\"Kezd\u0151lap\",\"item\":\"https:\\\/\\\/libwomenstore.com\\\/en\\\/\"},{\"@type\":\"ListItem\",\"position\":2,\"name\":\"Shop Home Page &#8211; Product categories\",\"item\":\"https:\\\/\\\/libwomenstore.com\\\/shop-kezdolap-termek-kategoriak\\\/?lang=en\"},{\"@type\":\"ListItem\",\"position\":3,\"name\":\"NOIR HANDMADE Mirage Wetlook Mini dress\"}]},{\"@type\":\"WebSite\",\"@id\":\"https:\\\/\\\/libwomenstore.com\\\/en\\\/#website\",\"url\":\"https:\\\/\\\/libwomenstore.com\\\/en\\\/\",\"name\":\"Lib Women Store\",\"description\":\"Magyarorsz\u00e1g els\u0151 n\u0151kre f\u00f3kusz\u00e1l\u00f3 szexshopja, ahol az eg\u00e9szs\u00e9g ugyanolyan fontos, mint az \u00e9lvezetek.\",\"publisher\":{\"@id\":\"https:\\\/\\\/libwomenstore.com\\\/en\\\/#organization\"},\"alternateName\":\"Lib\",\"potentialAction\":[{\"@type\":\"SearchAction\",\"target\":{\"@type\":\"EntryPoint\",\"urlTemplate\":\"https:\\\/\\\/libwomenstore.com\\\/en\\\/?s={search_term_string}\"},\"query-input\":{\"@type\":\"PropertyValueSpecification\",\"valueRequired\":true,\"valueName\":\"search_term_string\"}}],\"inLanguage\":\"en-US\"},{\"@type\":\"Organization\",\"@id\":\"https:\\\/\\\/libwomenstore.com\\\/en\\\/#organization\",\"name\":\"Lib Women Store\",\"url\":\"https:\\\/\\\/libwomenstore.com\\\/en\\\/\",\"logo\":{\"@type\":\"ImageObject\",\"inLanguage\":\"en-US\",\"@id\":\"https:\\\/\\\/libwomenstore.com\\\/en\\\/#\\\/schema\\\/logo\\\/image\\\/\",\"url\":\"https:\\\/\\\/libwomenstore.com\\\/wp-content\\\/uploads\\\/2024\\\/05\\\/cropped-LIB-logo-A.png\",\"contentUrl\":\"https:\\\/\\\/libwomenstore.com\\\/wp-content\\\/uploads\\\/2024\\\/05\\\/cropped-LIB-logo-A.png\",\"width\":512,\"height\":512,\"caption\":\"Lib Women Store\"},\"image\":{\"@id\":\"https:\\\/\\\/libwomenstore.com\\\/en\\\/#\\\/schema\\\/logo\\\/image\\\/\"},\"sameAs\":[\"https:\\\/\\\/www.facebook.com\\\/libwomenstore\"]}]}<\/script>\n<meta property=\"og:availability\" content=\"instock\" \/>\n<meta property=\"product:availability\" content=\"instock\" \/>\n<meta property=\"product:condition\" content=\"new\" \/>\n<!-- \/ Yoast SEO Premium plugin. -->","yoast_head_json":{"title":"NOIR HANDMADE Mirage Wetlook Mini dress - Lib Women&#039;s Store","description":"Mini dress made of stretchy power wetlook fabric and has a fitted silhouette that contours the figure, combining sophisticated style with a hint of daring.","robots":{"index":"index","follow":"follow","max-snippet":"max-snippet:-1","max-image-preview":"max-image-preview:large","max-video-preview":"max-video-preview:-1"},"canonical":"https:\/\/libwomenstore.com\/en\/product\/bdsm-accessories\/noir-handmade-mirage-wetlook-mini-dress\/","og_locale":"en_US","og_type":"article","og_title":"NOIR HANDMADE Mirage Wetlook Mini dress","og_description":"Mini dress made of stretchy power wetlook fabric and has a fitted silhouette that contours the figure, combining sophisticated style with a hint of daring.","og_url":"https:\/\/libwomenstore.com\/en\/product\/bdsm-accessories\/noir-handmade-mirage-wetlook-mini-dress\/","og_site_name":"Lib Women&#039;s Store","article_publisher":"https:\/\/www.facebook.com\/libwomenstore","article_modified_time":"2025-05-27T21:24:05+00:00","og_image":[{"width":600,"height":600,"url":"https:\/\/libwomenstore.com\/wp-content\/uploads\/2024\/09\/noir_handmade_wetlook_mini_dress.jpg","type":"image\/jpeg"}],"twitter_card":"summary_large_image","twitter_misc":{"Availability":"In stock"},"schema":{"@context":"https:\/\/schema.org","@graph":[{"@type":["WebPage","ItemPage"],"@id":"https:\/\/libwomenstore.com\/en\/product\/bdsm-accessories\/noir-handmade-mirage-wetlook-mini-dress\/","url":"https:\/\/libwomenstore.com\/en\/product\/bdsm-accessories\/noir-handmade-mirage-wetlook-mini-dress\/","name":"NOIR HANDMADE Mirage Wetlook Mini dress - Lib Women&#039;s Store","isPartOf":{"@id":"https:\/\/libwomenstore.com\/en\/#website"},"primaryImageOfPage":{"@id":"https:\/\/libwomenstore.com\/en\/product\/bdsm-accessories\/noir-handmade-mirage-wetlook-mini-dress\/#primaryimage"},"image":{"@id":"https:\/\/libwomenstore.com\/en\/product\/bdsm-accessories\/noir-handmade-mirage-wetlook-mini-dress\/#primaryimage"},"thumbnailUrl":"https:\/\/libwomenstore.com\/wp-content\/uploads\/2024\/09\/noir_handmade_wetlook_mini_dress.jpg","datePublished":"2024-09-01T17:55:57+00:00","dateModified":"2025-05-27T21:24:05+00:00","description":"Mini dress made of stretchy power wetlook fabric and has a fitted silhouette that contours the figure, combining sophisticated style with a hint of daring.","breadcrumb":{"@id":"https:\/\/libwomenstore.com\/en\/product\/bdsm-accessories\/noir-handmade-mirage-wetlook-mini-dress\/#breadcrumb"},"inLanguage":"en-US","potentialAction":[{"@type":"ReadAction","target":["https:\/\/libwomenstore.com\/en\/product\/bdsm-accessories\/noir-handmade-mirage-wetlook-mini-dress\/"]}]},{"@type":"ImageObject","inLanguage":"en-US","@id":"https:\/\/libwomenstore.com\/en\/product\/bdsm-accessories\/noir-handmade-mirage-wetlook-mini-dress\/#primaryimage","url":"https:\/\/libwomenstore.com\/wp-content\/uploads\/2024\/09\/noir_handmade_wetlook_mini_dress.jpg","contentUrl":"https:\/\/libwomenstore.com\/wp-content\/uploads\/2024\/09\/noir_handmade_wetlook_mini_dress.jpg","width":600,"height":600,"caption":"Noir Handmade Wetlook Mini ruha szexi h\u00e1tkiv\u00e1g\u00e1ssal"},{"@type":"BreadcrumbList","@id":"https:\/\/libwomenstore.com\/en\/product\/bdsm-accessories\/noir-handmade-mirage-wetlook-mini-dress\/#breadcrumb","itemListElement":[{"@type":"ListItem","position":1,"name":"Kezd\u0151lap","item":"https:\/\/libwomenstore.com\/en\/"},{"@type":"ListItem","position":2,"name":"Shop Home Page &#8211; Product categories","item":"https:\/\/libwomenstore.com\/shop-kezdolap-termek-kategoriak\/?lang=en"},{"@type":"ListItem","position":3,"name":"NOIR HANDMADE Mirage Wetlook Mini dress"}]},{"@type":"WebSite","@id":"https:\/\/libwomenstore.com\/en\/#website","url":"https:\/\/libwomenstore.com\/en\/","name":"Lib Women Store","description":"Magyarorsz\u00e1g els\u0151 n\u0151kre f\u00f3kusz\u00e1l\u00f3 szexshopja, ahol az eg\u00e9szs\u00e9g ugyanolyan fontos, mint az \u00e9lvezetek.","publisher":{"@id":"https:\/\/libwomenstore.com\/en\/#organization"},"alternateName":"Lib","potentialAction":[{"@type":"SearchAction","target":{"@type":"EntryPoint","urlTemplate":"https:\/\/libwomenstore.com\/en\/?s={search_term_string}"},"query-input":{"@type":"PropertyValueSpecification","valueRequired":true,"valueName":"search_term_string"}}],"inLanguage":"en-US"},{"@type":"Organization","@id":"https:\/\/libwomenstore.com\/en\/#organization","name":"Lib Women Store","url":"https:\/\/libwomenstore.com\/en\/","logo":{"@type":"ImageObject","inLanguage":"en-US","@id":"https:\/\/libwomenstore.com\/en\/#\/schema\/logo\/image\/","url":"https:\/\/libwomenstore.com\/wp-content\/uploads\/2024\/05\/cropped-LIB-logo-A.png","contentUrl":"https:\/\/libwomenstore.com\/wp-content\/uploads\/2024\/05\/cropped-LIB-logo-A.png","width":512,"height":512,"caption":"Lib Women Store"},"image":{"@id":"https:\/\/libwomenstore.com\/en\/#\/schema\/logo\/image\/"},"sameAs":["https:\/\/www.facebook.com\/libwomenstore"]}]},"og_availability":"instock","product_availability":"instock","product_condition":"new"},"_links":{"self":[{"href":"https:\/\/libwomenstore.com\/en\/wp-json\/wp\/v2\/product\/28368","targetHints":{"allow":["GET"]}}],"collection":[{"href":"https:\/\/libwomenstore.com\/en\/wp-json\/wp\/v2\/product"}],"about":[{"href":"https:\/\/libwomenstore.com\/en\/wp-json\/wp\/v2\/types\/product"}],"replies":[{"embeddable":true,"href":"https:\/\/libwomenstore.com\/en\/wp-json\/wp\/v2\/comments?post=28368"}],"wp:featuredmedia":[{"embeddable":true,"href":"https:\/\/libwomenstore.com\/en\/wp-json\/wp\/v2\/media\/32065"}],"wp:attachment":[{"href":"https:\/\/libwomenstore.com\/en\/wp-json\/wp\/v2\/media?parent=28368"}],"wp:term":[{"taxonomy":"product_brand","embeddable":true,"href":"https:\/\/libwomenstore.com\/en\/wp-json\/wp\/v2\/product_brand?post=28368"},{"taxonomy":"product_cat","embeddable":true,"href":"https:\/\/libwomenstore.com\/en\/wp-json\/wp\/v2\/product_cat?post=28368"},{"taxonomy":"product_tag","embeddable":true,"href":"https:\/\/libwomenstore.com\/en\/wp-json\/wp\/v2\/product_tag?post=28368"}],"curies":[{"name":"wp","href":"https:\/\/api.w.org\/{rel}","templated":true}]}}