{"id":28377,"date":"2024-09-01T19:55:56","date_gmt":"2024-09-01T17:55:56","guid":{"rendered":"https:\/\/uj.libwomenstore.com\/?post_type=product&#038;p=28377"},"modified":"2025-01-10T12:14:04","modified_gmt":"2025-01-10T11:14:04","slug":"noir-handmade-long-maxi-sheer-dress","status":"publish","type":"product","link":"https:\/\/libwomenstore.com\/en\/product\/bdsm-accessories\/noir-handmade-long-maxi-sheer-dress\/","title":{"rendered":"NOIR HANDMADE Maxi Dress"},"content":{"rendered":"<p style=\"text-align: center;\">Noir Handmade was dreamed up by Roksana Galka in 2011 and since then they have conquered the lingerie market. Each piece of clothing is made from high-quality materials with great care. Discover the appeal of Noir Handmade &#8211; where each piece tells a story of grace, feminine power and timeless appeal.<\/p>\n<p style=\"text-align: center;\"><strong>Tip<\/strong><\/p>\n<p style=\"text-align: center;\">Wear it if you&#8217;re going to a sensual evening, but it&#8217;s perfect over a black bodysuit if you&#8217;re partying in the summer.<\/p>\n<p style=\"text-align: center;\"><strong>Features<\/strong><\/p>\n<p style=\"text-align: center;\">Flexible mesh material with a velvety flower pattern<\/p>\n<p style=\"text-align: center;\">Transparent<\/p>\n<p style=\"text-align: center;\">Elegant collar<\/p>\n<p style=\"text-align: center;\">High slit on the skirt<\/p>\n<p style=\"text-align: center;\">Cut out back<\/p>\n<p style=\"text-align: center;\"><strong>Choosing the Right Size:<\/strong><\/p>\n<p style=\"text-align: center;\">The\u00a0garments are crafted from elastic fabrics, offering a perfect fit for various body types. Selecting the right size will prevent unnecessary overstretching and maintain the threads&#8217; durability.<\/p>\n<p style=\"text-align: center;\"><strong>Cleaning<\/strong><\/p>\n<p style=\"text-align: center;\"><strong>Washing<\/strong><\/p>\n<p style=\"text-align: center;\">Use cold water and mild liquid detergents for washing.<br \/>\nIf using a washing machine, opt for the handwash or delicate program to protect delicate fabrics and embellishments.<br \/>\nBefore your first wear, we recommend washing the garment to prevent any potential bleeding of colors.<\/p>\n<p style=\"text-align: center;\"><strong>Drying<\/strong><\/p>\n<p style=\"text-align: center;\">Dry your garments flat to preserve their shape and avoid stretching.<br \/>\nAvoid using a tumble dryer, as the heat can cause damage to delicate fabrics and elastic components.<\/p>\n<p style=\"text-align: center;\"><strong>Ironing<\/strong><\/p>\n<p style=\"text-align: center;\">If needed, you can use a cool iron setting on the left side of the garment. This helps maintain the fabric&#8217;s integrity and prevents any damage.<\/p>\n<p style=\"text-align: center;\">By following these care instructions, you&#8217;re investing in the longevity of your Noir Handmade pieces. Treat them with care, and they&#8217;ll continue to embrace you with their allure and elegance.<\/p>\n","protected":false},"excerpt":{"rendered":"<p style=\"text-align: left;\">Own the night in this jaw-dropping long tulle dress that\u2019s all about making a statement. With its sheer fabric and bold floral embroidery, it\u2019s the perfect mix of daring and delicate. The high neck and halter style top off a sleek silhouette that flows into a long, flirtatious skirt with a thigh-high slit for that extra bit of drama.<\/p>\n<p style=\"text-align: left;\">This dress is all about those details that get you noticed \u2013 the embroidery is a conversation starter, and the backless design is just the right amount of wow. Whether it&#8217;s a fancy dinner or an exclusive party, you&#8217;ll be the one everyone&#8217;s eyes are on.<\/p>\n","protected":false},"featured_media":32097,"comment_status":"open","ping_status":"closed","template":"","meta":{"_et_pb_use_builder":"","_et_pb_old_content":"","_et_gb_content_width":""},"product_brand":[],"product_cat":[327,554,375],"product_tag":[406],"class_list":{"0":"post-28377","1":"product","2":"type-product","3":"status-publish","4":"has-post-thumbnail","6":"product_cat-bdsm-accessories","7":"product_cat-lib-x-bliss-glass-toys-hand-crafted","8":"product_cat-lingeries","9":"product_tag-lingerie-en","11":"first","12":"outofstock","13":"sale","14":"taxable","15":"shipping-taxable","16":"purchasable","17":"product-type-variable"},"yoast_head":"<!-- This site is optimized with the Yoast SEO Premium plugin v27.4 (Yoast SEO v27.4) - https:\/\/yoast.com\/product\/yoast-seo-premium-wordpress\/ -->\n<title>NOIR HANDMADE Maxi Dress - Lib Women&#039;s Store<\/title>\n<meta name=\"description\" content=\"This beautiful velvet flowers decorated maxi dress is the perfect choice if you&#039;re looking for a truly elegant, sensual lingerie outfit.\" \/>\n<meta name=\"robots\" content=\"index, follow, max-snippet:-1, max-image-preview:large, max-video-preview:-1\" \/>\n<link rel=\"canonical\" href=\"https:\/\/libwomenstore.com\/en\/product\/bdsm-accessories\/noir-handmade-long-maxi-sheer-dress\/\" \/>\n<meta property=\"og:locale\" content=\"en_US\" \/>\n<meta property=\"og:type\" content=\"article\" \/>\n<meta property=\"og:title\" content=\"NOIR HANDMADE Maxi Dress\" \/>\n<meta property=\"og:description\" content=\"This beautiful velvet flowers decorated maxi dress is the perfect choice if you&#039;re looking for a truly elegant, sensual lingerie outfit.\" \/>\n<meta property=\"og:url\" content=\"https:\/\/libwomenstore.com\/en\/product\/bdsm-accessories\/noir-handmade-long-maxi-sheer-dress\/\" \/>\n<meta property=\"og:site_name\" content=\"Lib Women&#039;s Store\" \/>\n<meta property=\"article:publisher\" content=\"https:\/\/www.facebook.com\/libwomenstore\" \/>\n<meta property=\"article:modified_time\" content=\"2025-01-10T11:14:04+00:00\" \/>\n<meta property=\"og:image\" content=\"https:\/\/libwomenstore.com\/wp-content\/uploads\/2024\/09\/noir_handmade_maxi.jpg\" \/>\n\t<meta property=\"og:image:width\" content=\"600\" \/>\n\t<meta property=\"og:image:height\" content=\"600\" \/>\n\t<meta property=\"og:image:type\" content=\"image\/jpeg\" \/>\n<meta name=\"twitter:card\" content=\"summary_large_image\" \/>\n<meta name=\"twitter:label1\" content=\"Availability\" \/>\n\t<meta name=\"twitter:data1\" content=\"Out of stock\" \/>\n<script type=\"application\/ld+json\" class=\"yoast-schema-graph\">{\"@context\":\"https:\\\/\\\/schema.org\",\"@graph\":[{\"@type\":[\"WebPage\",\"ItemPage\"],\"@id\":\"https:\\\/\\\/libwomenstore.com\\\/en\\\/product\\\/bdsm-accessories\\\/noir-handmade-long-maxi-sheer-dress\\\/\",\"url\":\"https:\\\/\\\/libwomenstore.com\\\/en\\\/product\\\/bdsm-accessories\\\/noir-handmade-long-maxi-sheer-dress\\\/\",\"name\":\"NOIR HANDMADE Maxi Dress - Lib Women&#039;s Store\",\"isPartOf\":{\"@id\":\"https:\\\/\\\/libwomenstore.com\\\/en\\\/#website\"},\"primaryImageOfPage\":{\"@id\":\"https:\\\/\\\/libwomenstore.com\\\/en\\\/product\\\/bdsm-accessories\\\/noir-handmade-long-maxi-sheer-dress\\\/#primaryimage\"},\"image\":{\"@id\":\"https:\\\/\\\/libwomenstore.com\\\/en\\\/product\\\/bdsm-accessories\\\/noir-handmade-long-maxi-sheer-dress\\\/#primaryimage\"},\"thumbnailUrl\":\"https:\\\/\\\/libwomenstore.com\\\/wp-content\\\/uploads\\\/2024\\\/09\\\/noir_handmade_maxi.jpg\",\"datePublished\":\"2024-09-01T17:55:56+00:00\",\"dateModified\":\"2025-01-10T11:14:04+00:00\",\"description\":\"This beautiful velvet flowers decorated maxi dress is the perfect choice if you're looking for a truly elegant, sensual lingerie outfit.\",\"breadcrumb\":{\"@id\":\"https:\\\/\\\/libwomenstore.com\\\/en\\\/product\\\/bdsm-accessories\\\/noir-handmade-long-maxi-sheer-dress\\\/#breadcrumb\"},\"inLanguage\":\"en-US\",\"potentialAction\":[{\"@type\":\"ReadAction\",\"target\":[\"https:\\\/\\\/libwomenstore.com\\\/en\\\/product\\\/bdsm-accessories\\\/noir-handmade-long-maxi-sheer-dress\\\/\"]}]},{\"@type\":\"ImageObject\",\"inLanguage\":\"en-US\",\"@id\":\"https:\\\/\\\/libwomenstore.com\\\/en\\\/product\\\/bdsm-accessories\\\/noir-handmade-long-maxi-sheer-dress\\\/#primaryimage\",\"url\":\"https:\\\/\\\/libwomenstore.com\\\/wp-content\\\/uploads\\\/2024\\\/09\\\/noir_handmade_maxi.jpg\",\"contentUrl\":\"https:\\\/\\\/libwomenstore.com\\\/wp-content\\\/uploads\\\/2024\\\/09\\\/noir_handmade_maxi.jpg\",\"width\":600,\"height\":600,\"caption\":\"Noir Handmade Maxi Ruha \u00e1tl\u00e1tsz\u00f3 anyag b\u00e1rsony vir\u00e1gokkal\"},{\"@type\":\"BreadcrumbList\",\"@id\":\"https:\\\/\\\/libwomenstore.com\\\/en\\\/product\\\/bdsm-accessories\\\/noir-handmade-long-maxi-sheer-dress\\\/#breadcrumb\",\"itemListElement\":[{\"@type\":\"ListItem\",\"position\":1,\"name\":\"Kezd\u0151lap\",\"item\":\"https:\\\/\\\/libwomenstore.com\\\/en\\\/\"},{\"@type\":\"ListItem\",\"position\":2,\"name\":\"Shop Home Page &#8211; Product categories\",\"item\":\"https:\\\/\\\/libwomenstore.com\\\/shop-kezdolap-termek-kategoriak\\\/?lang=en\"},{\"@type\":\"ListItem\",\"position\":3,\"name\":\"NOIR HANDMADE Maxi Dress\"}]},{\"@type\":\"WebSite\",\"@id\":\"https:\\\/\\\/libwomenstore.com\\\/en\\\/#website\",\"url\":\"https:\\\/\\\/libwomenstore.com\\\/en\\\/\",\"name\":\"Lib Women Store\",\"description\":\"Magyarorsz\u00e1g els\u0151 n\u0151kre f\u00f3kusz\u00e1l\u00f3 szexshopja, ahol az eg\u00e9szs\u00e9g ugyanolyan fontos, mint az \u00e9lvezetek.\",\"publisher\":{\"@id\":\"https:\\\/\\\/libwomenstore.com\\\/en\\\/#organization\"},\"alternateName\":\"Lib\",\"potentialAction\":[{\"@type\":\"SearchAction\",\"target\":{\"@type\":\"EntryPoint\",\"urlTemplate\":\"https:\\\/\\\/libwomenstore.com\\\/en\\\/?s={search_term_string}\"},\"query-input\":{\"@type\":\"PropertyValueSpecification\",\"valueRequired\":true,\"valueName\":\"search_term_string\"}}],\"inLanguage\":\"en-US\"},{\"@type\":\"Organization\",\"@id\":\"https:\\\/\\\/libwomenstore.com\\\/en\\\/#organization\",\"name\":\"Lib Women Store\",\"url\":\"https:\\\/\\\/libwomenstore.com\\\/en\\\/\",\"logo\":{\"@type\":\"ImageObject\",\"inLanguage\":\"en-US\",\"@id\":\"https:\\\/\\\/libwomenstore.com\\\/en\\\/#\\\/schema\\\/logo\\\/image\\\/\",\"url\":\"https:\\\/\\\/libwomenstore.com\\\/wp-content\\\/uploads\\\/2024\\\/05\\\/cropped-LIB-logo-A.png\",\"contentUrl\":\"https:\\\/\\\/libwomenstore.com\\\/wp-content\\\/uploads\\\/2024\\\/05\\\/cropped-LIB-logo-A.png\",\"width\":512,\"height\":512,\"caption\":\"Lib Women Store\"},\"image\":{\"@id\":\"https:\\\/\\\/libwomenstore.com\\\/en\\\/#\\\/schema\\\/logo\\\/image\\\/\"},\"sameAs\":[\"https:\\\/\\\/www.facebook.com\\\/libwomenstore\"]}]}<\/script>\n<meta property=\"og:availability\" content=\"out of stock\" \/>\n<meta property=\"product:availability\" content=\"out of stock\" \/>\n<meta property=\"product:condition\" content=\"new\" \/>\n<!-- \/ Yoast SEO Premium plugin. -->","yoast_head_json":{"title":"NOIR HANDMADE Maxi Dress - Lib Women&#039;s Store","description":"This beautiful velvet flowers decorated maxi dress is the perfect choice if you're looking for a truly elegant, sensual lingerie outfit.","robots":{"index":"index","follow":"follow","max-snippet":"max-snippet:-1","max-image-preview":"max-image-preview:large","max-video-preview":"max-video-preview:-1"},"canonical":"https:\/\/libwomenstore.com\/en\/product\/bdsm-accessories\/noir-handmade-long-maxi-sheer-dress\/","og_locale":"en_US","og_type":"article","og_title":"NOIR HANDMADE Maxi Dress","og_description":"This beautiful velvet flowers decorated maxi dress is the perfect choice if you're looking for a truly elegant, sensual lingerie outfit.","og_url":"https:\/\/libwomenstore.com\/en\/product\/bdsm-accessories\/noir-handmade-long-maxi-sheer-dress\/","og_site_name":"Lib Women&#039;s Store","article_publisher":"https:\/\/www.facebook.com\/libwomenstore","article_modified_time":"2025-01-10T11:14:04+00:00","og_image":[{"width":600,"height":600,"url":"https:\/\/libwomenstore.com\/wp-content\/uploads\/2024\/09\/noir_handmade_maxi.jpg","type":"image\/jpeg"}],"twitter_card":"summary_large_image","twitter_misc":{"Availability":"Out of stock"},"schema":{"@context":"https:\/\/schema.org","@graph":[{"@type":["WebPage","ItemPage"],"@id":"https:\/\/libwomenstore.com\/en\/product\/bdsm-accessories\/noir-handmade-long-maxi-sheer-dress\/","url":"https:\/\/libwomenstore.com\/en\/product\/bdsm-accessories\/noir-handmade-long-maxi-sheer-dress\/","name":"NOIR HANDMADE Maxi Dress - Lib Women&#039;s Store","isPartOf":{"@id":"https:\/\/libwomenstore.com\/en\/#website"},"primaryImageOfPage":{"@id":"https:\/\/libwomenstore.com\/en\/product\/bdsm-accessories\/noir-handmade-long-maxi-sheer-dress\/#primaryimage"},"image":{"@id":"https:\/\/libwomenstore.com\/en\/product\/bdsm-accessories\/noir-handmade-long-maxi-sheer-dress\/#primaryimage"},"thumbnailUrl":"https:\/\/libwomenstore.com\/wp-content\/uploads\/2024\/09\/noir_handmade_maxi.jpg","datePublished":"2024-09-01T17:55:56+00:00","dateModified":"2025-01-10T11:14:04+00:00","description":"This beautiful velvet flowers decorated maxi dress is the perfect choice if you're looking for a truly elegant, sensual lingerie outfit.","breadcrumb":{"@id":"https:\/\/libwomenstore.com\/en\/product\/bdsm-accessories\/noir-handmade-long-maxi-sheer-dress\/#breadcrumb"},"inLanguage":"en-US","potentialAction":[{"@type":"ReadAction","target":["https:\/\/libwomenstore.com\/en\/product\/bdsm-accessories\/noir-handmade-long-maxi-sheer-dress\/"]}]},{"@type":"ImageObject","inLanguage":"en-US","@id":"https:\/\/libwomenstore.com\/en\/product\/bdsm-accessories\/noir-handmade-long-maxi-sheer-dress\/#primaryimage","url":"https:\/\/libwomenstore.com\/wp-content\/uploads\/2024\/09\/noir_handmade_maxi.jpg","contentUrl":"https:\/\/libwomenstore.com\/wp-content\/uploads\/2024\/09\/noir_handmade_maxi.jpg","width":600,"height":600,"caption":"Noir Handmade Maxi Ruha \u00e1tl\u00e1tsz\u00f3 anyag b\u00e1rsony vir\u00e1gokkal"},{"@type":"BreadcrumbList","@id":"https:\/\/libwomenstore.com\/en\/product\/bdsm-accessories\/noir-handmade-long-maxi-sheer-dress\/#breadcrumb","itemListElement":[{"@type":"ListItem","position":1,"name":"Kezd\u0151lap","item":"https:\/\/libwomenstore.com\/en\/"},{"@type":"ListItem","position":2,"name":"Shop Home Page &#8211; Product categories","item":"https:\/\/libwomenstore.com\/shop-kezdolap-termek-kategoriak\/?lang=en"},{"@type":"ListItem","position":3,"name":"NOIR HANDMADE Maxi Dress"}]},{"@type":"WebSite","@id":"https:\/\/libwomenstore.com\/en\/#website","url":"https:\/\/libwomenstore.com\/en\/","name":"Lib Women Store","description":"Magyarorsz\u00e1g els\u0151 n\u0151kre f\u00f3kusz\u00e1l\u00f3 szexshopja, ahol az eg\u00e9szs\u00e9g ugyanolyan fontos, mint az \u00e9lvezetek.","publisher":{"@id":"https:\/\/libwomenstore.com\/en\/#organization"},"alternateName":"Lib","potentialAction":[{"@type":"SearchAction","target":{"@type":"EntryPoint","urlTemplate":"https:\/\/libwomenstore.com\/en\/?s={search_term_string}"},"query-input":{"@type":"PropertyValueSpecification","valueRequired":true,"valueName":"search_term_string"}}],"inLanguage":"en-US"},{"@type":"Organization","@id":"https:\/\/libwomenstore.com\/en\/#organization","name":"Lib Women Store","url":"https:\/\/libwomenstore.com\/en\/","logo":{"@type":"ImageObject","inLanguage":"en-US","@id":"https:\/\/libwomenstore.com\/en\/#\/schema\/logo\/image\/","url":"https:\/\/libwomenstore.com\/wp-content\/uploads\/2024\/05\/cropped-LIB-logo-A.png","contentUrl":"https:\/\/libwomenstore.com\/wp-content\/uploads\/2024\/05\/cropped-LIB-logo-A.png","width":512,"height":512,"caption":"Lib Women Store"},"image":{"@id":"https:\/\/libwomenstore.com\/en\/#\/schema\/logo\/image\/"},"sameAs":["https:\/\/www.facebook.com\/libwomenstore"]}]},"og_availability":"out of stock","product_availability":"out of stock","product_condition":"new"},"_links":{"self":[{"href":"https:\/\/libwomenstore.com\/en\/wp-json\/wp\/v2\/product\/28377","targetHints":{"allow":["GET"]}}],"collection":[{"href":"https:\/\/libwomenstore.com\/en\/wp-json\/wp\/v2\/product"}],"about":[{"href":"https:\/\/libwomenstore.com\/en\/wp-json\/wp\/v2\/types\/product"}],"replies":[{"embeddable":true,"href":"https:\/\/libwomenstore.com\/en\/wp-json\/wp\/v2\/comments?post=28377"}],"wp:featuredmedia":[{"embeddable":true,"href":"https:\/\/libwomenstore.com\/en\/wp-json\/wp\/v2\/media\/32097"}],"wp:attachment":[{"href":"https:\/\/libwomenstore.com\/en\/wp-json\/wp\/v2\/media?parent=28377"}],"wp:term":[{"taxonomy":"product_brand","embeddable":true,"href":"https:\/\/libwomenstore.com\/en\/wp-json\/wp\/v2\/product_brand?post=28377"},{"taxonomy":"product_cat","embeddable":true,"href":"https:\/\/libwomenstore.com\/en\/wp-json\/wp\/v2\/product_cat?post=28377"},{"taxonomy":"product_tag","embeddable":true,"href":"https:\/\/libwomenstore.com\/en\/wp-json\/wp\/v2\/product_tag?post=28377"}],"curies":[{"name":"wp","href":"https:\/\/api.w.org\/{rel}","templated":true}]}}