{"id":28425,"date":"2024-09-01T19:55:32","date_gmt":"2024-09-01T17:55:32","guid":{"rendered":"https:\/\/uj.libwomenstore.com\/?post_type=product&#038;p=28425"},"modified":"2025-12-01T00:48:32","modified_gmt":"2025-11-30T23:48:32","slug":"intt-crunchy-vanilla-massage-foam","status":"publish","type":"product","link":"https:\/\/libwomenstore.com\/en\/product\/bdsm-accessories\/intt-crunchy-vanilla-massage-foam\/","title":{"rendered":"INTT Crunchy Foam Vanilla Massage Foam 150ml"},"content":{"rendered":"<div id=\"shopify-section-template--18539873173772__main\" class=\"shopify-section page-product\">\n<div class=\"product-wrap clearfix\">\n<form id=\"product-form-template--18539873173772__main\" class=\"product\" accept-charset=\"UTF-8\" action=\"https:\/\/libwomenstore.com\/en\/cart\/add\" enctype=\"multipart\/form-data\" method=\"post\" data-product-form=\"\">\n<div class=\"product__grid-top\">\n<div class=\"product__description rte product__block--border\">\n<p style=\"text-align: center;\"><strong>What is Crunchy Foam?<\/strong><\/p>\n<p style=\"text-align: center;\">&#8220;Crunchy Foam&#8221; is a unique foam, with effervescent and moisturizing properties, that elevates your massage experience to an immersive level. When coming into contact with the hands and body, the small particles present in the foam provide an energizing sensation, stimulating microcirculation and promoting immediate relaxation. Furthermore, its delicious vanilla aphrodisiac aroma awakens the senses, making the moment even more sensual and engaging. Enjoy an unforgettable massage with the help of Crunch Foam.<\/p>\n<p style=\"text-align: center;\"><strong>How should you use it?<\/strong><\/p>\n<p style=\"text-align: center;\">To use the product, simply remove the cap and shake it before each application in order to activate the effervescent particles. Apply it vertically to the desired area. It is important to highlight that the product is not recommended for use on intimate parts, due to the presence of gas in its composition, which can cause irritation or burns. Furthermore, it is important to highlight that the product is not suitable for ingestion or direct contact with the mouth.<\/p>\n<p style=\"text-align: center;\"><strong>Who is it suitable for?<\/strong><\/p>\n<p style=\"text-align: center;\">For people who want to innovate and create connections through massage.<\/p>\n<p style=\"text-align: center;\"><strong>Ingredients<\/strong>:\u00a0butane, aqua, alcohol denat, propane, cyclopentasiloxane, isobutane, cyclohexasiloxane, propylheptyl caprylate, steareth-21, parfum, glycerin, hydroxyethylcellulose, PPG-15 stearyl ether,\u00a0imidazolidinyl urea, propylene glycol, lecithin, nelumbium speciosum flower extract<\/p>\n<p style=\"text-align: center;\">150ml spray bottle Valid for 6 months after opening<\/p>\n<p style=\"text-align: center;\"><strong>How to use<\/strong><\/p>\n<p style=\"text-align: center;\">It is important to stop using the product in case of irritation or discomfort. Keep it out of reach of children. Avoid contact with eyes and, if this occurs, rinse thoroughly with water. Do not apply to irritated skin. Store the product in a cool, ventilated place. Do not reuse the packaging. Please remember that the product is intended for external use only.<\/p>\n<\/div>\n<\/div>\n<\/form>\n<\/div>\n<\/div>\n","protected":false},"excerpt":{"rendered":"<p style=\"text-align: left;\">Couples massage plays a crucial role in promoting intimacy, establishing a deeper connection, breaking routine and is an excellent option for foreplay. INTT Crunchy Foam is an innovative foam\u00a0that promises to revolutionize your massage moments.<\/p>\n","protected":false},"featured_media":32333,"comment_status":"open","ping_status":"closed","template":"","meta":{"_et_pb_use_builder":"","_et_pb_old_content":"","_et_gb_content_width":""},"product_brand":[],"product_cat":[327,362,358],"product_tag":[698],"class_list":{"0":"post-28425","1":"product","2":"type-product","3":"status-publish","4":"has-post-thumbnail","6":"product_cat-bdsm-accessories","7":"product_cat-enhancers","8":"product_cat-lubes-and-massage-gels","9":"product_tag-massage-gel","11":"first","12":"instock","13":"taxable","14":"shipping-taxable","15":"purchasable","16":"product-type-simple"},"yoast_head":"<!-- This site is optimized with the Yoast SEO Premium plugin v27.4 (Yoast SEO v27.4) - https:\/\/yoast.com\/product\/yoast-seo-premium-wordpress\/ -->\n<title>INTT Crunchy Foam Vanilla Massage Foam 150ml - Lib Women&#039;s Store<\/title>\n<meta name=\"description\" content=\"INTT Crunchy Foam is an innovative effervescent and hydrating foam that makes couples&#039; massage moments even more sensual, promoting intimacy.\" \/>\n<meta name=\"robots\" content=\"index, follow, max-snippet:-1, max-image-preview:large, max-video-preview:-1\" \/>\n<link rel=\"canonical\" href=\"https:\/\/libwomenstore.com\/en\/product\/bdsm-accessories\/intt-crunchy-vanilla-massage-foam\/\" \/>\n<meta property=\"og:locale\" content=\"en_US\" \/>\n<meta property=\"og:type\" content=\"article\" \/>\n<meta property=\"og:title\" content=\"INTT Crunchy Foam Vanilla Massage Foam 150ml\" \/>\n<meta property=\"og:description\" content=\"INTT Crunchy Foam is an innovative effervescent and hydrating foam that makes couples&#039; massage moments even more sensual, promoting intimacy.\" \/>\n<meta property=\"og:url\" content=\"https:\/\/libwomenstore.com\/en\/product\/bdsm-accessories\/intt-crunchy-vanilla-massage-foam\/\" \/>\n<meta property=\"og:site_name\" content=\"Lib Women&#039;s Store\" \/>\n<meta property=\"article:publisher\" content=\"https:\/\/www.facebook.com\/libwomenstore\" \/>\n<meta property=\"article:modified_time\" content=\"2025-11-30T23:48:32+00:00\" \/>\n<meta property=\"og:image\" content=\"https:\/\/libwomenstore.com\/wp-content\/uploads\/2024\/09\/Nevtelenterv_1.png\" \/>\n\t<meta property=\"og:image:width\" content=\"1080\" \/>\n\t<meta property=\"og:image:height\" content=\"1080\" \/>\n\t<meta property=\"og:image:type\" content=\"image\/png\" \/>\n<meta name=\"twitter:card\" content=\"summary_large_image\" \/>\n<meta name=\"twitter:label1\" content=\"Price\" \/>\n\t<meta name=\"twitter:data1\" content=\"12.000&#070;&#116;\" \/>\n\t<meta name=\"twitter:label2\" content=\"Availability\" \/>\n\t<meta name=\"twitter:data2\" content=\"In stock\" \/>\n<script type=\"application\/ld+json\" class=\"yoast-schema-graph\">{\"@context\":\"https:\\\/\\\/schema.org\",\"@graph\":[{\"@type\":[\"WebPage\",\"ItemPage\"],\"@id\":\"https:\\\/\\\/libwomenstore.com\\\/en\\\/product\\\/bdsm-accessories\\\/intt-crunchy-vanilla-massage-foam\\\/\",\"url\":\"https:\\\/\\\/libwomenstore.com\\\/en\\\/product\\\/bdsm-accessories\\\/intt-crunchy-vanilla-massage-foam\\\/\",\"name\":\"INTT Crunchy Foam Vanilla Massage Foam 150ml - Lib Women&#039;s Store\",\"isPartOf\":{\"@id\":\"https:\\\/\\\/libwomenstore.com\\\/en\\\/#website\"},\"primaryImageOfPage\":{\"@id\":\"https:\\\/\\\/libwomenstore.com\\\/en\\\/product\\\/bdsm-accessories\\\/intt-crunchy-vanilla-massage-foam\\\/#primaryimage\"},\"image\":{\"@id\":\"https:\\\/\\\/libwomenstore.com\\\/en\\\/product\\\/bdsm-accessories\\\/intt-crunchy-vanilla-massage-foam\\\/#primaryimage\"},\"thumbnailUrl\":\"https:\\\/\\\/libwomenstore.com\\\/wp-content\\\/uploads\\\/2024\\\/09\\\/intt_ropogo_masszazs_hab.jpg\",\"datePublished\":\"2024-09-01T17:55:32+00:00\",\"dateModified\":\"2025-11-30T23:48:32+00:00\",\"description\":\"INTT Crunchy Foam is an innovative effervescent and hydrating foam that makes couples' massage moments even more sensual, promoting intimacy.\",\"breadcrumb\":{\"@id\":\"https:\\\/\\\/libwomenstore.com\\\/en\\\/product\\\/bdsm-accessories\\\/intt-crunchy-vanilla-massage-foam\\\/#breadcrumb\"},\"inLanguage\":\"en-US\",\"potentialAction\":[{\"@type\":\"ReadAction\",\"target\":[\"https:\\\/\\\/libwomenstore.com\\\/en\\\/product\\\/bdsm-accessories\\\/intt-crunchy-vanilla-massage-foam\\\/\"]}]},{\"@type\":\"ImageObject\",\"inLanguage\":\"en-US\",\"@id\":\"https:\\\/\\\/libwomenstore.com\\\/en\\\/product\\\/bdsm-accessories\\\/intt-crunchy-vanilla-massage-foam\\\/#primaryimage\",\"url\":\"https:\\\/\\\/libwomenstore.com\\\/wp-content\\\/uploads\\\/2024\\\/09\\\/intt_ropogo_masszazs_hab.jpg\",\"contentUrl\":\"https:\\\/\\\/libwomenstore.com\\\/wp-content\\\/uploads\\\/2024\\\/09\\\/intt_ropogo_masszazs_hab.jpg\",\"width\":600,\"height\":600,\"caption\":\"INTT Ropog\u00f3s massz\u00e1zs hab bizserget\u0151 \u00e9rz\u00e9s \u00e9s van\u00edlia illat\"},{\"@type\":\"BreadcrumbList\",\"@id\":\"https:\\\/\\\/libwomenstore.com\\\/en\\\/product\\\/bdsm-accessories\\\/intt-crunchy-vanilla-massage-foam\\\/#breadcrumb\",\"itemListElement\":[{\"@type\":\"ListItem\",\"position\":1,\"name\":\"Kezd\u0151lap\",\"item\":\"https:\\\/\\\/libwomenstore.com\\\/en\\\/\"},{\"@type\":\"ListItem\",\"position\":2,\"name\":\"Shop Home Page &#8211; Product categories\",\"item\":\"https:\\\/\\\/libwomenstore.com\\\/shop-kezdolap-termek-kategoriak\\\/?lang=en\"},{\"@type\":\"ListItem\",\"position\":3,\"name\":\"INTT Crunchy Foam Vanilla Massage Foam 150ml\"}]},{\"@type\":\"WebSite\",\"@id\":\"https:\\\/\\\/libwomenstore.com\\\/en\\\/#website\",\"url\":\"https:\\\/\\\/libwomenstore.com\\\/en\\\/\",\"name\":\"Lib Women Store\",\"description\":\"Magyarorsz\u00e1g els\u0151 n\u0151kre f\u00f3kusz\u00e1l\u00f3 szexshopja, ahol az eg\u00e9szs\u00e9g ugyanolyan fontos, mint az \u00e9lvezetek.\",\"publisher\":{\"@id\":\"https:\\\/\\\/libwomenstore.com\\\/en\\\/#organization\"},\"alternateName\":\"Lib\",\"potentialAction\":[{\"@type\":\"SearchAction\",\"target\":{\"@type\":\"EntryPoint\",\"urlTemplate\":\"https:\\\/\\\/libwomenstore.com\\\/en\\\/?s={search_term_string}\"},\"query-input\":{\"@type\":\"PropertyValueSpecification\",\"valueRequired\":true,\"valueName\":\"search_term_string\"}}],\"inLanguage\":\"en-US\"},{\"@type\":\"Organization\",\"@id\":\"https:\\\/\\\/libwomenstore.com\\\/en\\\/#organization\",\"name\":\"Lib Women Store\",\"url\":\"https:\\\/\\\/libwomenstore.com\\\/en\\\/\",\"logo\":{\"@type\":\"ImageObject\",\"inLanguage\":\"en-US\",\"@id\":\"https:\\\/\\\/libwomenstore.com\\\/en\\\/#\\\/schema\\\/logo\\\/image\\\/\",\"url\":\"https:\\\/\\\/libwomenstore.com\\\/wp-content\\\/uploads\\\/2024\\\/05\\\/cropped-LIB-logo-A.png\",\"contentUrl\":\"https:\\\/\\\/libwomenstore.com\\\/wp-content\\\/uploads\\\/2024\\\/05\\\/cropped-LIB-logo-A.png\",\"width\":512,\"height\":512,\"caption\":\"Lib Women Store\"},\"image\":{\"@id\":\"https:\\\/\\\/libwomenstore.com\\\/en\\\/#\\\/schema\\\/logo\\\/image\\\/\"},\"sameAs\":[\"https:\\\/\\\/www.facebook.com\\\/libwomenstore\"]}]}<\/script>\n<meta property=\"product:price:amount\" content=\"12000\" \/>\n<meta property=\"product:price:currency\" content=\"HUF\" \/>\n<meta property=\"og:availability\" content=\"instock\" \/>\n<meta property=\"product:availability\" content=\"instock\" \/>\n<meta property=\"product:retailer_item_id\" content=\"LIB-INT001\" \/>\n<meta property=\"product:condition\" content=\"new\" \/>\n<!-- \/ Yoast SEO Premium plugin. -->","yoast_head_json":{"title":"INTT Crunchy Foam Vanilla Massage Foam 150ml - Lib Women&#039;s Store","description":"INTT Crunchy Foam is an innovative effervescent and hydrating foam that makes couples' massage moments even more sensual, promoting intimacy.","robots":{"index":"index","follow":"follow","max-snippet":"max-snippet:-1","max-image-preview":"max-image-preview:large","max-video-preview":"max-video-preview:-1"},"canonical":"https:\/\/libwomenstore.com\/en\/product\/bdsm-accessories\/intt-crunchy-vanilla-massage-foam\/","og_locale":"en_US","og_type":"article","og_title":"INTT Crunchy Foam Vanilla Massage Foam 150ml","og_description":"INTT Crunchy Foam is an innovative effervescent and hydrating foam that makes couples' massage moments even more sensual, promoting intimacy.","og_url":"https:\/\/libwomenstore.com\/en\/product\/bdsm-accessories\/intt-crunchy-vanilla-massage-foam\/","og_site_name":"Lib Women&#039;s Store","article_publisher":"https:\/\/www.facebook.com\/libwomenstore","article_modified_time":"2025-11-30T23:48:32+00:00","og_image":[{"width":1080,"height":1080,"url":"https:\/\/libwomenstore.com\/wp-content\/uploads\/2024\/09\/Nevtelenterv_1.png","type":"image\/png"}],"twitter_card":"summary_large_image","twitter_misc":{"Price":"12.000&#70;&#116;","Availability":"In stock"},"schema":{"@context":"https:\/\/schema.org","@graph":[{"@type":["WebPage","ItemPage"],"@id":"https:\/\/libwomenstore.com\/en\/product\/bdsm-accessories\/intt-crunchy-vanilla-massage-foam\/","url":"https:\/\/libwomenstore.com\/en\/product\/bdsm-accessories\/intt-crunchy-vanilla-massage-foam\/","name":"INTT Crunchy Foam Vanilla Massage Foam 150ml - Lib Women&#039;s Store","isPartOf":{"@id":"https:\/\/libwomenstore.com\/en\/#website"},"primaryImageOfPage":{"@id":"https:\/\/libwomenstore.com\/en\/product\/bdsm-accessories\/intt-crunchy-vanilla-massage-foam\/#primaryimage"},"image":{"@id":"https:\/\/libwomenstore.com\/en\/product\/bdsm-accessories\/intt-crunchy-vanilla-massage-foam\/#primaryimage"},"thumbnailUrl":"https:\/\/libwomenstore.com\/wp-content\/uploads\/2024\/09\/intt_ropogo_masszazs_hab.jpg","datePublished":"2024-09-01T17:55:32+00:00","dateModified":"2025-11-30T23:48:32+00:00","description":"INTT Crunchy Foam is an innovative effervescent and hydrating foam that makes couples' massage moments even more sensual, promoting intimacy.","breadcrumb":{"@id":"https:\/\/libwomenstore.com\/en\/product\/bdsm-accessories\/intt-crunchy-vanilla-massage-foam\/#breadcrumb"},"inLanguage":"en-US","potentialAction":[{"@type":"ReadAction","target":["https:\/\/libwomenstore.com\/en\/product\/bdsm-accessories\/intt-crunchy-vanilla-massage-foam\/"]}]},{"@type":"ImageObject","inLanguage":"en-US","@id":"https:\/\/libwomenstore.com\/en\/product\/bdsm-accessories\/intt-crunchy-vanilla-massage-foam\/#primaryimage","url":"https:\/\/libwomenstore.com\/wp-content\/uploads\/2024\/09\/intt_ropogo_masszazs_hab.jpg","contentUrl":"https:\/\/libwomenstore.com\/wp-content\/uploads\/2024\/09\/intt_ropogo_masszazs_hab.jpg","width":600,"height":600,"caption":"INTT Ropog\u00f3s massz\u00e1zs hab bizserget\u0151 \u00e9rz\u00e9s \u00e9s van\u00edlia illat"},{"@type":"BreadcrumbList","@id":"https:\/\/libwomenstore.com\/en\/product\/bdsm-accessories\/intt-crunchy-vanilla-massage-foam\/#breadcrumb","itemListElement":[{"@type":"ListItem","position":1,"name":"Kezd\u0151lap","item":"https:\/\/libwomenstore.com\/en\/"},{"@type":"ListItem","position":2,"name":"Shop Home Page &#8211; Product categories","item":"https:\/\/libwomenstore.com\/shop-kezdolap-termek-kategoriak\/?lang=en"},{"@type":"ListItem","position":3,"name":"INTT Crunchy Foam Vanilla Massage Foam 150ml"}]},{"@type":"WebSite","@id":"https:\/\/libwomenstore.com\/en\/#website","url":"https:\/\/libwomenstore.com\/en\/","name":"Lib Women Store","description":"Magyarorsz\u00e1g els\u0151 n\u0151kre f\u00f3kusz\u00e1l\u00f3 szexshopja, ahol az eg\u00e9szs\u00e9g ugyanolyan fontos, mint az \u00e9lvezetek.","publisher":{"@id":"https:\/\/libwomenstore.com\/en\/#organization"},"alternateName":"Lib","potentialAction":[{"@type":"SearchAction","target":{"@type":"EntryPoint","urlTemplate":"https:\/\/libwomenstore.com\/en\/?s={search_term_string}"},"query-input":{"@type":"PropertyValueSpecification","valueRequired":true,"valueName":"search_term_string"}}],"inLanguage":"en-US"},{"@type":"Organization","@id":"https:\/\/libwomenstore.com\/en\/#organization","name":"Lib Women Store","url":"https:\/\/libwomenstore.com\/en\/","logo":{"@type":"ImageObject","inLanguage":"en-US","@id":"https:\/\/libwomenstore.com\/en\/#\/schema\/logo\/image\/","url":"https:\/\/libwomenstore.com\/wp-content\/uploads\/2024\/05\/cropped-LIB-logo-A.png","contentUrl":"https:\/\/libwomenstore.com\/wp-content\/uploads\/2024\/05\/cropped-LIB-logo-A.png","width":512,"height":512,"caption":"Lib Women Store"},"image":{"@id":"https:\/\/libwomenstore.com\/en\/#\/schema\/logo\/image\/"},"sameAs":["https:\/\/www.facebook.com\/libwomenstore"]}]},"product_price_amount":"12000","product_price_currency":"HUF","og_availability":"instock","product_availability":"instock","product_retailer_item_id":"LIB-INT001","product_condition":"new"},"_links":{"self":[{"href":"https:\/\/libwomenstore.com\/en\/wp-json\/wp\/v2\/product\/28425","targetHints":{"allow":["GET"]}}],"collection":[{"href":"https:\/\/libwomenstore.com\/en\/wp-json\/wp\/v2\/product"}],"about":[{"href":"https:\/\/libwomenstore.com\/en\/wp-json\/wp\/v2\/types\/product"}],"replies":[{"embeddable":true,"href":"https:\/\/libwomenstore.com\/en\/wp-json\/wp\/v2\/comments?post=28425"}],"wp:featuredmedia":[{"embeddable":true,"href":"https:\/\/libwomenstore.com\/en\/wp-json\/wp\/v2\/media\/32333"}],"wp:attachment":[{"href":"https:\/\/libwomenstore.com\/en\/wp-json\/wp\/v2\/media?parent=28425"}],"wp:term":[{"taxonomy":"product_brand","embeddable":true,"href":"https:\/\/libwomenstore.com\/en\/wp-json\/wp\/v2\/product_brand?post=28425"},{"taxonomy":"product_cat","embeddable":true,"href":"https:\/\/libwomenstore.com\/en\/wp-json\/wp\/v2\/product_cat?post=28425"},{"taxonomy":"product_tag","embeddable":true,"href":"https:\/\/libwomenstore.com\/en\/wp-json\/wp\/v2\/product_tag?post=28425"}],"curies":[{"name":"wp","href":"https:\/\/api.w.org\/{rel}","templated":true}]}}