{"id":28429,"date":"2024-09-01T19:55:24","date_gmt":"2024-09-01T17:55:24","guid":{"rendered":"https:\/\/uj.libwomenstore.com\/?post_type=product&#038;p=28429"},"modified":"2025-05-28T17:43:23","modified_gmt":"2025-05-28T15:43:23","slug":"bouche-bee-ona-suction-clit-plus-vibration","status":"publish","type":"product","link":"https:\/\/libwomenstore.com\/en\/product\/vibrators\/bouche-bee-ona-suction-clit-plus-vibration\/","title":{"rendered":"BOUCHE B\u00c9E Ona"},"content":{"rendered":"<p style=\"text-align: center;\">Bouche B\u00e9e is the first toy from a French brand. Lucie, the founder of the brand, worked as an electrical engineer but her passion is intimacy.<\/p>\n<p dir=\"ltr\" style=\"text-align: center;\">She is driven by the need to find a meaningful way to help people in their quest for more conscious sex, free from society&#8217;s dictates and sexual scripts.<\/p>\n<p dir=\"ltr\" style=\"text-align: center;\">Creating a sex game was a testament to her background and knowledge of the sextech market.<\/p>\n<p style=\"text-align: center;\"><b> <\/b><\/p>\n<p dir=\"ltr\" style=\"text-align: center;\">Ona embodies the brand&#8217;s holistic approach to well-being, which includes fulfilling sexuality, taking control of our own pleasure, and feeling good in body and soul.<\/p>\n<p style=\"text-align: center;\"><b> <\/b><\/p>\n<p dir=\"ltr\" style=\"text-align: center;\">The Ona is the perfect toy if you want to explore the world of suction vibrators. The larger suction head helps you hit the clitoris more easily, and the vibration provides extra pleasure! <\/p>\n<p style=\"text-align: center;\"><b> <\/b><\/p>\n<p dir=\"ltr\" style=\"text-align: center;\">A head that blows air\/pulses\/sucks whatever you call it, this is what sits delicately on the clitoris (or breast).<\/p>\n<p dir=\"ltr\" style=\"text-align: center;\">And a body that vibrates deeply to bring the touch that awakens desire.<\/p>\n<p style=\"text-align: center;\"><b> <\/b><\/p>\n<p dir=\"ltr\" style=\"text-align: center;\">A solo and doubles play, Ona can be used in all conditions and can be held by both players.<\/p>\n<p dir=\"ltr\" style=\"text-align: center;\">Vibration and suction work simultaneously for an amazing experience.<\/p>\n<p dir=\"ltr\" style=\"text-align: center;\">Free from medical silicone, phthalates and latex, Ona is a safe toy in every way.<\/p>\n<p dir=\"ltr\" style=\"text-align: center;\"><strong>Tip<\/strong><\/p>\n<p style=\"text-align: center;\"><b> <\/b><\/p>\n<p dir=\"ltr\" style=\"text-align: center;\">If you&#8217;re curious about the world of suction vibrators, Ona is the perfect entry point!<\/p>\n<p style=\"text-align: center;\"><b> <\/b><\/p>\n<p dir=\"ltr\" style=\"text-align: center;\"><strong>Features<\/strong><\/p>\n<p dir=\"ltr\" style=\"text-align: center;\">Accessories: Ona, magnetic charging cable, pouch, user manual<\/p>\n<p style=\"text-align: center;\"><b> <\/b><\/p>\n<p dir=\"ltr\" style=\"text-align: center;\">Ona is made of medical-grade silicone and high-quality ABS plastic (acrylonitrile butadiene styrene). It is phthalate-free, latex-free, and meets CE and UK standards. <\/p>\n<p style=\"text-align: center;\"><b> <\/b><\/p>\n<p dir=\"ltr\" style=\"text-align: center;\">Use it in the bath? No problem, Ona can be submerged up to 1 meter in 60 degrees Celsius water for up to 30 minutes. <\/p>\n<p dir=\"ltr\" style=\"text-align: center;\"><strong>Cleaning<\/strong><\/p>\n<p style=\"text-align: center;\"><b> <\/b><\/p>\n<p dir=\"ltr\" style=\"text-align: center;\">Clean the appliance thoroughly before first use and after each use. Wash thoroughly with mild soap and lukewarm water, then rinse and let dry. Recommended: Use a special cleaning agent.  <\/p>\n<p style=\"text-align: center;\"><b> <\/b><\/p>\n<p dir=\"ltr\" style=\"text-align: center;\">It can only be used with water-based lubricant, other oils or silicone lubricants may damage its material.<\/p>\n<p style=\"text-align: center;\">\n","protected":false},"excerpt":{"rendered":"<p dir=\"ltr\" style=\"text-align: left;\">Ona is a suction device combined with a vibration function. Quite advanced technology, don&#8217;t you think? <\/p>\n<p dir=\"ltr\" style=\"text-align: left;\">Vibration and suction, waterproof and quiet, Ona satisfies all your desires with ease.<\/p>\n","protected":false},"featured_media":32538,"comment_status":"open","ping_status":"closed","template":"","meta":{"_et_pb_use_builder":"","_et_pb_old_content":"","_et_gb_content_width":""},"product_brand":[],"product_cat":[322,323,318],"product_tag":[645,646],"class_list":{"0":"post-28429","1":"product","2":"type-product","3":"status-publish","4":"has-post-thumbnail","6":"product_cat-clitoral-vibrators","7":"product_cat-lib-offer","8":"product_cat-vibrators","9":"product_tag-bouche-bee-en","10":"product_tag-suction-en","12":"first","13":"instock","14":"taxable","15":"shipping-taxable","16":"purchasable","17":"product-type-simple"},"yoast_head":"<!-- This site is optimized with the Yoast SEO Premium plugin v27.4 (Yoast SEO v27.4) - https:\/\/yoast.com\/product\/yoast-seo-premium-wordpress\/ -->\n<title>BOUCHE B\u00c9E Ona - Lib Women&#039;s Store<\/title>\n<meta name=\"description\" content=\"Ona is the perfect beginner suction vibrator, thanks to its larger head you can easily adjust it to your clitoris and if the air stimulation isn&#039;t enough, turn on the vibration too!\" \/>\n<meta name=\"robots\" content=\"index, follow, max-snippet:-1, max-image-preview:large, max-video-preview:-1\" \/>\n<link rel=\"canonical\" href=\"https:\/\/libwomenstore.com\/en\/product\/vibrators\/bouche-bee-ona-suction-clit-plus-vibration\/\" \/>\n<meta property=\"og:locale\" content=\"en_US\" \/>\n<meta property=\"og:type\" content=\"article\" \/>\n<meta property=\"og:title\" content=\"BOUCHE B\u00c9E Ona\" \/>\n<meta property=\"og:description\" content=\"Ona is the perfect beginner suction vibrator, thanks to its larger head you can easily adjust it to your clitoris and if the air stimulation isn&#039;t enough, turn on the vibration too!\" \/>\n<meta property=\"og:url\" content=\"https:\/\/libwomenstore.com\/en\/product\/vibrators\/bouche-bee-ona-suction-clit-plus-vibration\/\" \/>\n<meta property=\"og:site_name\" content=\"Lib Women&#039;s Store\" \/>\n<meta property=\"article:publisher\" content=\"https:\/\/www.facebook.com\/libwomenstore\" \/>\n<meta property=\"article:modified_time\" content=\"2025-05-28T15:43:23+00:00\" \/>\n<meta property=\"og:image\" content=\"https:\/\/libwomenstore.com\/wp-content\/uploads\/2024\/09\/bouche_bee_ona_csikloizgato_vibrator_szexjatek.jpg\" \/>\n\t<meta property=\"og:image:width\" content=\"600\" \/>\n\t<meta property=\"og:image:height\" content=\"600\" \/>\n\t<meta property=\"og:image:type\" content=\"image\/jpeg\" \/>\n<meta name=\"twitter:card\" content=\"summary_large_image\" \/>\n<meta name=\"twitter:label1\" content=\"Price\" \/>\n\t<meta name=\"twitter:data1\" content=\"36.500&#070;&#116;\" \/>\n\t<meta name=\"twitter:label2\" content=\"Availability\" \/>\n\t<meta name=\"twitter:data2\" content=\"In stock\" \/>\n<script type=\"application\/ld+json\" class=\"yoast-schema-graph\">{\"@context\":\"https:\\\/\\\/schema.org\",\"@graph\":[{\"@type\":[\"WebPage\",\"ItemPage\"],\"@id\":\"https:\\\/\\\/libwomenstore.com\\\/en\\\/product\\\/vibrators\\\/bouche-bee-ona-suction-clit-plus-vibration\\\/\",\"url\":\"https:\\\/\\\/libwomenstore.com\\\/en\\\/product\\\/vibrators\\\/bouche-bee-ona-suction-clit-plus-vibration\\\/\",\"name\":\"BOUCHE B\u00c9E Ona - Lib Women&#039;s Store\",\"isPartOf\":{\"@id\":\"https:\\\/\\\/libwomenstore.com\\\/en\\\/#website\"},\"primaryImageOfPage\":{\"@id\":\"https:\\\/\\\/libwomenstore.com\\\/en\\\/product\\\/vibrators\\\/bouche-bee-ona-suction-clit-plus-vibration\\\/#primaryimage\"},\"image\":{\"@id\":\"https:\\\/\\\/libwomenstore.com\\\/en\\\/product\\\/vibrators\\\/bouche-bee-ona-suction-clit-plus-vibration\\\/#primaryimage\"},\"thumbnailUrl\":\"https:\\\/\\\/libwomenstore.com\\\/wp-content\\\/uploads\\\/2024\\\/09\\\/bouche_bee_ona_csikloizgato_vibrator_szexjatek.jpg\",\"datePublished\":\"2024-09-01T17:55:24+00:00\",\"dateModified\":\"2025-05-28T15:43:23+00:00\",\"description\":\"Ona is the perfect beginner suction vibrator, thanks to its larger head you can easily adjust it to your clitoris and if the air stimulation isn't enough, turn on the vibration too!\",\"breadcrumb\":{\"@id\":\"https:\\\/\\\/libwomenstore.com\\\/en\\\/product\\\/vibrators\\\/bouche-bee-ona-suction-clit-plus-vibration\\\/#breadcrumb\"},\"inLanguage\":\"en-US\",\"potentialAction\":[{\"@type\":\"ReadAction\",\"target\":[\"https:\\\/\\\/libwomenstore.com\\\/en\\\/product\\\/vibrators\\\/bouche-bee-ona-suction-clit-plus-vibration\\\/\"]}]},{\"@type\":\"ImageObject\",\"inLanguage\":\"en-US\",\"@id\":\"https:\\\/\\\/libwomenstore.com\\\/en\\\/product\\\/vibrators\\\/bouche-bee-ona-suction-clit-plus-vibration\\\/#primaryimage\",\"url\":\"https:\\\/\\\/libwomenstore.com\\\/wp-content\\\/uploads\\\/2024\\\/09\\\/bouche_bee_ona_csikloizgato_vibrator_szexjatek.jpg\",\"contentUrl\":\"https:\\\/\\\/libwomenstore.com\\\/wp-content\\\/uploads\\\/2024\\\/09\\\/bouche_bee_ona_csikloizgato_vibrator_szexjatek.jpg\",\"width\":600,\"height\":600,\"caption\":\"Bouche B\u00e9e Ona csikl\u00f3izgat\u00f3 vibr\u00e1tor vibr\u00e1ci\u00f3val \u00e9s sz\u00edv\u00f3 funkci\u00f3val\"},{\"@type\":\"BreadcrumbList\",\"@id\":\"https:\\\/\\\/libwomenstore.com\\\/en\\\/product\\\/vibrators\\\/bouche-bee-ona-suction-clit-plus-vibration\\\/#breadcrumb\",\"itemListElement\":[{\"@type\":\"ListItem\",\"position\":1,\"name\":\"Kezd\u0151lap\",\"item\":\"https:\\\/\\\/libwomenstore.com\\\/en\\\/\"},{\"@type\":\"ListItem\",\"position\":2,\"name\":\"Shop Home Page &#8211; Product categories\",\"item\":\"https:\\\/\\\/libwomenstore.com\\\/shop-kezdolap-termek-kategoriak\\\/?lang=en\"},{\"@type\":\"ListItem\",\"position\":3,\"name\":\"BOUCHE B\u00c9E Ona\"}]},{\"@type\":\"WebSite\",\"@id\":\"https:\\\/\\\/libwomenstore.com\\\/en\\\/#website\",\"url\":\"https:\\\/\\\/libwomenstore.com\\\/en\\\/\",\"name\":\"Lib Women Store\",\"description\":\"Magyarorsz\u00e1g els\u0151 n\u0151kre f\u00f3kusz\u00e1l\u00f3 szexshopja, ahol az eg\u00e9szs\u00e9g ugyanolyan fontos, mint az \u00e9lvezetek.\",\"publisher\":{\"@id\":\"https:\\\/\\\/libwomenstore.com\\\/en\\\/#organization\"},\"alternateName\":\"Lib\",\"potentialAction\":[{\"@type\":\"SearchAction\",\"target\":{\"@type\":\"EntryPoint\",\"urlTemplate\":\"https:\\\/\\\/libwomenstore.com\\\/en\\\/?s={search_term_string}\"},\"query-input\":{\"@type\":\"PropertyValueSpecification\",\"valueRequired\":true,\"valueName\":\"search_term_string\"}}],\"inLanguage\":\"en-US\"},{\"@type\":\"Organization\",\"@id\":\"https:\\\/\\\/libwomenstore.com\\\/en\\\/#organization\",\"name\":\"Lib Women Store\",\"url\":\"https:\\\/\\\/libwomenstore.com\\\/en\\\/\",\"logo\":{\"@type\":\"ImageObject\",\"inLanguage\":\"en-US\",\"@id\":\"https:\\\/\\\/libwomenstore.com\\\/en\\\/#\\\/schema\\\/logo\\\/image\\\/\",\"url\":\"https:\\\/\\\/libwomenstore.com\\\/wp-content\\\/uploads\\\/2024\\\/05\\\/cropped-LIB-logo-A.png\",\"contentUrl\":\"https:\\\/\\\/libwomenstore.com\\\/wp-content\\\/uploads\\\/2024\\\/05\\\/cropped-LIB-logo-A.png\",\"width\":512,\"height\":512,\"caption\":\"Lib Women Store\"},\"image\":{\"@id\":\"https:\\\/\\\/libwomenstore.com\\\/en\\\/#\\\/schema\\\/logo\\\/image\\\/\"},\"sameAs\":[\"https:\\\/\\\/www.facebook.com\\\/libwomenstore\"]}]}<\/script>\n<meta property=\"product:price:amount\" content=\"36500\" \/>\n<meta property=\"product:price:currency\" content=\"HUF\" \/>\n<meta property=\"og:availability\" content=\"instock\" \/>\n<meta property=\"product:availability\" content=\"instock\" \/>\n<meta property=\"product:retailer_item_id\" content=\"LIB-BB002\" \/>\n<meta property=\"product:condition\" content=\"new\" \/>\n<!-- \/ Yoast SEO Premium plugin. -->","yoast_head_json":{"title":"BOUCHE B\u00c9E Ona - Lib Women&#039;s Store","description":"Ona is the perfect beginner suction vibrator, thanks to its larger head you can easily adjust it to your clitoris and if the air stimulation isn't enough, turn on the vibration too!","robots":{"index":"index","follow":"follow","max-snippet":"max-snippet:-1","max-image-preview":"max-image-preview:large","max-video-preview":"max-video-preview:-1"},"canonical":"https:\/\/libwomenstore.com\/en\/product\/vibrators\/bouche-bee-ona-suction-clit-plus-vibration\/","og_locale":"en_US","og_type":"article","og_title":"BOUCHE B\u00c9E Ona","og_description":"Ona is the perfect beginner suction vibrator, thanks to its larger head you can easily adjust it to your clitoris and if the air stimulation isn't enough, turn on the vibration too!","og_url":"https:\/\/libwomenstore.com\/en\/product\/vibrators\/bouche-bee-ona-suction-clit-plus-vibration\/","og_site_name":"Lib Women&#039;s Store","article_publisher":"https:\/\/www.facebook.com\/libwomenstore","article_modified_time":"2025-05-28T15:43:23+00:00","og_image":[{"width":600,"height":600,"url":"https:\/\/libwomenstore.com\/wp-content\/uploads\/2024\/09\/bouche_bee_ona_csikloizgato_vibrator_szexjatek.jpg","type":"image\/jpeg"}],"twitter_card":"summary_large_image","twitter_misc":{"Price":"36.500&#70;&#116;","Availability":"In stock"},"schema":{"@context":"https:\/\/schema.org","@graph":[{"@type":["WebPage","ItemPage"],"@id":"https:\/\/libwomenstore.com\/en\/product\/vibrators\/bouche-bee-ona-suction-clit-plus-vibration\/","url":"https:\/\/libwomenstore.com\/en\/product\/vibrators\/bouche-bee-ona-suction-clit-plus-vibration\/","name":"BOUCHE B\u00c9E Ona - Lib Women&#039;s Store","isPartOf":{"@id":"https:\/\/libwomenstore.com\/en\/#website"},"primaryImageOfPage":{"@id":"https:\/\/libwomenstore.com\/en\/product\/vibrators\/bouche-bee-ona-suction-clit-plus-vibration\/#primaryimage"},"image":{"@id":"https:\/\/libwomenstore.com\/en\/product\/vibrators\/bouche-bee-ona-suction-clit-plus-vibration\/#primaryimage"},"thumbnailUrl":"https:\/\/libwomenstore.com\/wp-content\/uploads\/2024\/09\/bouche_bee_ona_csikloizgato_vibrator_szexjatek.jpg","datePublished":"2024-09-01T17:55:24+00:00","dateModified":"2025-05-28T15:43:23+00:00","description":"Ona is the perfect beginner suction vibrator, thanks to its larger head you can easily adjust it to your clitoris and if the air stimulation isn't enough, turn on the vibration too!","breadcrumb":{"@id":"https:\/\/libwomenstore.com\/en\/product\/vibrators\/bouche-bee-ona-suction-clit-plus-vibration\/#breadcrumb"},"inLanguage":"en-US","potentialAction":[{"@type":"ReadAction","target":["https:\/\/libwomenstore.com\/en\/product\/vibrators\/bouche-bee-ona-suction-clit-plus-vibration\/"]}]},{"@type":"ImageObject","inLanguage":"en-US","@id":"https:\/\/libwomenstore.com\/en\/product\/vibrators\/bouche-bee-ona-suction-clit-plus-vibration\/#primaryimage","url":"https:\/\/libwomenstore.com\/wp-content\/uploads\/2024\/09\/bouche_bee_ona_csikloizgato_vibrator_szexjatek.jpg","contentUrl":"https:\/\/libwomenstore.com\/wp-content\/uploads\/2024\/09\/bouche_bee_ona_csikloizgato_vibrator_szexjatek.jpg","width":600,"height":600,"caption":"Bouche B\u00e9e Ona csikl\u00f3izgat\u00f3 vibr\u00e1tor vibr\u00e1ci\u00f3val \u00e9s sz\u00edv\u00f3 funkci\u00f3val"},{"@type":"BreadcrumbList","@id":"https:\/\/libwomenstore.com\/en\/product\/vibrators\/bouche-bee-ona-suction-clit-plus-vibration\/#breadcrumb","itemListElement":[{"@type":"ListItem","position":1,"name":"Kezd\u0151lap","item":"https:\/\/libwomenstore.com\/en\/"},{"@type":"ListItem","position":2,"name":"Shop Home Page &#8211; Product categories","item":"https:\/\/libwomenstore.com\/shop-kezdolap-termek-kategoriak\/?lang=en"},{"@type":"ListItem","position":3,"name":"BOUCHE B\u00c9E Ona"}]},{"@type":"WebSite","@id":"https:\/\/libwomenstore.com\/en\/#website","url":"https:\/\/libwomenstore.com\/en\/","name":"Lib Women Store","description":"Magyarorsz\u00e1g els\u0151 n\u0151kre f\u00f3kusz\u00e1l\u00f3 szexshopja, ahol az eg\u00e9szs\u00e9g ugyanolyan fontos, mint az \u00e9lvezetek.","publisher":{"@id":"https:\/\/libwomenstore.com\/en\/#organization"},"alternateName":"Lib","potentialAction":[{"@type":"SearchAction","target":{"@type":"EntryPoint","urlTemplate":"https:\/\/libwomenstore.com\/en\/?s={search_term_string}"},"query-input":{"@type":"PropertyValueSpecification","valueRequired":true,"valueName":"search_term_string"}}],"inLanguage":"en-US"},{"@type":"Organization","@id":"https:\/\/libwomenstore.com\/en\/#organization","name":"Lib Women Store","url":"https:\/\/libwomenstore.com\/en\/","logo":{"@type":"ImageObject","inLanguage":"en-US","@id":"https:\/\/libwomenstore.com\/en\/#\/schema\/logo\/image\/","url":"https:\/\/libwomenstore.com\/wp-content\/uploads\/2024\/05\/cropped-LIB-logo-A.png","contentUrl":"https:\/\/libwomenstore.com\/wp-content\/uploads\/2024\/05\/cropped-LIB-logo-A.png","width":512,"height":512,"caption":"Lib Women Store"},"image":{"@id":"https:\/\/libwomenstore.com\/en\/#\/schema\/logo\/image\/"},"sameAs":["https:\/\/www.facebook.com\/libwomenstore"]}]},"product_price_amount":"36500","product_price_currency":"HUF","og_availability":"instock","product_availability":"instock","product_retailer_item_id":"LIB-BB002","product_condition":"new"},"_links":{"self":[{"href":"https:\/\/libwomenstore.com\/en\/wp-json\/wp\/v2\/product\/28429","targetHints":{"allow":["GET"]}}],"collection":[{"href":"https:\/\/libwomenstore.com\/en\/wp-json\/wp\/v2\/product"}],"about":[{"href":"https:\/\/libwomenstore.com\/en\/wp-json\/wp\/v2\/types\/product"}],"replies":[{"embeddable":true,"href":"https:\/\/libwomenstore.com\/en\/wp-json\/wp\/v2\/comments?post=28429"}],"wp:featuredmedia":[{"embeddable":true,"href":"https:\/\/libwomenstore.com\/en\/wp-json\/wp\/v2\/media\/32538"}],"wp:attachment":[{"href":"https:\/\/libwomenstore.com\/en\/wp-json\/wp\/v2\/media?parent=28429"}],"wp:term":[{"taxonomy":"product_brand","embeddable":true,"href":"https:\/\/libwomenstore.com\/en\/wp-json\/wp\/v2\/product_brand?post=28429"},{"taxonomy":"product_cat","embeddable":true,"href":"https:\/\/libwomenstore.com\/en\/wp-json\/wp\/v2\/product_cat?post=28429"},{"taxonomy":"product_tag","embeddable":true,"href":"https:\/\/libwomenstore.com\/en\/wp-json\/wp\/v2\/product_tag?post=28429"}],"curies":[{"name":"wp","href":"https:\/\/api.w.org\/{rel}","templated":true}]}}