{"id":28432,"date":"2024-09-01T19:55:22","date_gmt":"2024-09-01T17:55:22","guid":{"rendered":"https:\/\/uj.libwomenstore.com\/?post_type=product&#038;p=28432"},"modified":"2025-05-27T23:24:03","modified_gmt":"2025-05-27T21:24:03","slug":"bouche-bee-lube-water-based-lubricant-with-hyaluronic-acid","status":"publish","type":"product","link":"https:\/\/libwomenstore.com\/en\/product\/lubes-and-massage-gels\/bouche-bee-lube-water-based-lubricant-with-hyaluronic-acid\/","title":{"rendered":"BOUCHE B\u00c9E Lube Water based lubricant with hyaluronic acid"},"content":{"rendered":"<div id=\"shopify-section-template--18539873173772__main\" class=\"shopify-section page-product\">\n<div class=\"product-wrap clearfix\">\n<form id=\"product-form-template--18539873173772__main\" class=\"product\" accept-charset=\"UTF-8\" action=\"https:\/\/libwomenstore.com\/en\/cart\/add\" enctype=\"multipart\/form-data\" method=\"post\" data-product-form=\"\">\n<div class=\"product__grid-top\">\n<div class=\"product__description rte product__block--border\">\n<p style=\"text-align: center;\">Its flagship ingredient? Acid natural hyaluronic. Capable of retaining up to a thousand times its weight in water, it is recognized for its hydrating, healing and restorative action, in addition to absolute comfort during sexual intercourse.<\/p>\n<p style=\"text-align: center;\">Lube has been specially formulated to respect the physiological pH of the intimate area and maintain the balance of the vaginal flora . It is also ideal for combating intimate dryness.<\/p>\n<p style=\"text-align: center;\">Its non-greasy texture does not run or stain. It is fragrance-free, without colorings or flavorings. synthesis.<\/p>\n<p style=\"text-align: center;\"><strong>Tip<\/strong><\/p>\n<p style=\"text-align: center;\">We recommend it to everyone, excellent quality, perfect intimate cosmetics.<\/p>\n<p style=\"text-align: center;\"><strong>Features<\/strong><\/p>\n<p style=\"text-align: center;\">Dermatologically tested.<\/p>\n<p style=\"text-align: center;\">100\/100 on Yuka.<\/p>\n<p style=\"text-align: center;\">Compatible with condoms and sex toys.<\/p>\n<p style=\"text-align: center;\"><strong>Composition:<\/strong><\/p>\n<p style=\"text-align: center;\">Aqua, propanediol, glycerin, xanthan gum, inulin, sodium lactate, alpha-glucan oligosaccharide, sodium hyaluronate, lactic acid, sodium benzoate, potassium sorbate.<\/p>\n<p style=\"text-align: center;\"><strong>Use<\/strong><\/p>\n<p style=\"text-align: center;\">Apply 1-2 drops to desired body parts. The water-based formula gives the product a light and easy-to-spread texture, providing a soft and comfortable feeling. It can be easily washed off if necessary.<\/p>\n<\/div>\n<\/div>\n<\/form>\n<\/div>\n<\/div>\n<p style=\"text-align: center;\">\n","protected":false},"excerpt":{"rendered":"<p style=\"text-align: left;\">Hyaluronic acid is already hugely popular in the cosmetics industry, and has finally entered the world of sexual wellness. Lube is a gentle water-based lubricant that also nourishes the skin!<\/p>\n","protected":false},"featured_media":32572,"comment_status":"open","ping_status":"closed","template":"","meta":{"_et_pb_use_builder":"","_et_pb_old_content":"","_et_gb_content_width":""},"product_brand":[],"product_cat":[358,364],"product_tag":[645,690,736],"class_list":{"0":"post-28432","1":"product","2":"type-product","3":"status-publish","4":"has-post-thumbnail","6":"product_cat-lubes-and-massage-gels","7":"product_cat-water-based-lubes","8":"product_tag-bouche-bee-en","9":"product_tag-lubricant","10":"product_tag-water-based","12":"first","13":"instock","14":"taxable","15":"shipping-taxable","16":"purchasable","17":"product-type-simple"},"yoast_head":"<!-- This site is optimized with the Yoast SEO Premium plugin v27.5 (Yoast SEO v27.5) - https:\/\/yoast.com\/product\/yoast-seo-premium-wordpress\/ -->\n<title>BOUCHE B\u00c9E Lube Water based lubricant with hyaluronic acid - Lib Women&#039;s Store<\/title>\n<meta name=\"description\" content=\"Lube is a gentle water-based lubricant that, supplemented with hyaluronic acid, already well-known from the cosmetic industry, also nourishes the skin!\" \/>\n<meta name=\"robots\" content=\"index, follow, max-snippet:-1, max-image-preview:large, max-video-preview:-1\" \/>\n<link rel=\"canonical\" href=\"https:\/\/libwomenstore.com\/en\/product\/lubes-and-massage-gels\/bouche-bee-lube-water-based-lubricant-with-hyaluronic-acid\/\" \/>\n<meta property=\"og:locale\" content=\"en_US\" \/>\n<meta property=\"og:type\" content=\"article\" \/>\n<meta property=\"og:title\" content=\"BOUCHE B\u00c9E Lube Water based lubricant with hyaluronic acid\" \/>\n<meta property=\"og:description\" content=\"Lube is a gentle water-based lubricant that, supplemented with hyaluronic acid, already well-known from the cosmetic industry, also nourishes the skin!\" \/>\n<meta property=\"og:url\" content=\"https:\/\/libwomenstore.com\/en\/product\/lubes-and-massage-gels\/bouche-bee-lube-water-based-lubricant-with-hyaluronic-acid\/\" \/>\n<meta property=\"og:site_name\" content=\"Lib Women&#039;s Store\" \/>\n<meta property=\"article:publisher\" content=\"https:\/\/www.facebook.com\/libwomenstore\" \/>\n<meta property=\"article:modified_time\" content=\"2025-05-27T21:24:03+00:00\" \/>\n<meta property=\"og:image\" content=\"https:\/\/libwomenstore.com\/wp-content\/uploads\/2024\/09\/1_62f0158a-62e9-494a-a65b-6fe84159604a.png\" \/>\n\t<meta property=\"og:image:width\" content=\"1080\" \/>\n\t<meta property=\"og:image:height\" content=\"1080\" \/>\n\t<meta property=\"og:image:type\" content=\"image\/png\" \/>\n<meta name=\"twitter:card\" content=\"summary_large_image\" \/>\n<meta name=\"twitter:label1\" content=\"Price\" \/>\n\t<meta name=\"twitter:data1\" content=\"8.000&#070;&#116;\" \/>\n\t<meta name=\"twitter:label2\" content=\"Availability\" \/>\n\t<meta name=\"twitter:data2\" content=\"In stock\" \/>\n<script type=\"application\/ld+json\" class=\"yoast-schema-graph\">{\"@context\":\"https:\\\/\\\/schema.org\",\"@graph\":[{\"@type\":[\"WebPage\",\"ItemPage\"],\"@id\":\"https:\\\/\\\/libwomenstore.com\\\/en\\\/product\\\/lubes-and-massage-gels\\\/bouche-bee-lube-water-based-lubricant-with-hyaluronic-acid\\\/\",\"url\":\"https:\\\/\\\/libwomenstore.com\\\/en\\\/product\\\/lubes-and-massage-gels\\\/bouche-bee-lube-water-based-lubricant-with-hyaluronic-acid\\\/\",\"name\":\"BOUCHE B\u00c9E Lube Water based lubricant with hyaluronic acid - Lib Women&#039;s Store\",\"isPartOf\":{\"@id\":\"https:\\\/\\\/libwomenstore.com\\\/en\\\/#website\"},\"primaryImageOfPage\":{\"@id\":\"https:\\\/\\\/libwomenstore.com\\\/en\\\/product\\\/lubes-and-massage-gels\\\/bouche-bee-lube-water-based-lubricant-with-hyaluronic-acid\\\/#primaryimage\"},\"image\":{\"@id\":\"https:\\\/\\\/libwomenstore.com\\\/en\\\/product\\\/lubes-and-massage-gels\\\/bouche-bee-lube-water-based-lubricant-with-hyaluronic-acid\\\/#primaryimage\"},\"thumbnailUrl\":\"https:\\\/\\\/libwomenstore.com\\\/wp-content\\\/uploads\\\/2024\\\/09\\\/bouche_bee_lube_vizbazisu_sikosito.jpg\",\"datePublished\":\"2024-09-01T17:55:22+00:00\",\"dateModified\":\"2025-05-27T21:24:03+00:00\",\"description\":\"Lube is a gentle water-based lubricant that, supplemented with hyaluronic acid, already well-known from the cosmetic industry, also nourishes the skin!\",\"breadcrumb\":{\"@id\":\"https:\\\/\\\/libwomenstore.com\\\/en\\\/product\\\/lubes-and-massage-gels\\\/bouche-bee-lube-water-based-lubricant-with-hyaluronic-acid\\\/#breadcrumb\"},\"inLanguage\":\"en-US\",\"potentialAction\":[{\"@type\":\"ReadAction\",\"target\":[\"https:\\\/\\\/libwomenstore.com\\\/en\\\/product\\\/lubes-and-massage-gels\\\/bouche-bee-lube-water-based-lubricant-with-hyaluronic-acid\\\/\"]}]},{\"@type\":\"ImageObject\",\"inLanguage\":\"en-US\",\"@id\":\"https:\\\/\\\/libwomenstore.com\\\/en\\\/product\\\/lubes-and-massage-gels\\\/bouche-bee-lube-water-based-lubricant-with-hyaluronic-acid\\\/#primaryimage\",\"url\":\"https:\\\/\\\/libwomenstore.com\\\/wp-content\\\/uploads\\\/2024\\\/09\\\/bouche_bee_lube_vizbazisu_sikosito.jpg\",\"contentUrl\":\"https:\\\/\\\/libwomenstore.com\\\/wp-content\\\/uploads\\\/2024\\\/09\\\/bouche_bee_lube_vizbazisu_sikosito.jpg\",\"width\":600,\"height\":600,\"caption\":\"Bouche B\u00e9e Lube v\u00edzb\u00e1zis\u00fa s\u00edkos\u00edt\u00f3\"},{\"@type\":\"BreadcrumbList\",\"@id\":\"https:\\\/\\\/libwomenstore.com\\\/en\\\/product\\\/lubes-and-massage-gels\\\/bouche-bee-lube-water-based-lubricant-with-hyaluronic-acid\\\/#breadcrumb\",\"itemListElement\":[{\"@type\":\"ListItem\",\"position\":1,\"name\":\"Kezd\u0151lap\",\"item\":\"https:\\\/\\\/libwomenstore.com\\\/en\\\/\"},{\"@type\":\"ListItem\",\"position\":2,\"name\":\"Shop Home Page &#8211; Product categories\",\"item\":\"https:\\\/\\\/libwomenstore.com\\\/shop-kezdolap-termek-kategoriak\\\/?lang=en\"},{\"@type\":\"ListItem\",\"position\":3,\"name\":\"BOUCHE B\u00c9E Lube Water based lubricant with hyaluronic acid\"}]},{\"@type\":\"WebSite\",\"@id\":\"https:\\\/\\\/libwomenstore.com\\\/en\\\/#website\",\"url\":\"https:\\\/\\\/libwomenstore.com\\\/en\\\/\",\"name\":\"Lib Women Store\",\"description\":\"Magyarorsz\u00e1g els\u0151 n\u0151kre f\u00f3kusz\u00e1l\u00f3 szexshopja, ahol az eg\u00e9szs\u00e9g ugyanolyan fontos, mint az \u00e9lvezetek.\",\"publisher\":{\"@id\":\"https:\\\/\\\/libwomenstore.com\\\/en\\\/#organization\"},\"alternateName\":\"Lib\",\"potentialAction\":[{\"@type\":\"SearchAction\",\"target\":{\"@type\":\"EntryPoint\",\"urlTemplate\":\"https:\\\/\\\/libwomenstore.com\\\/en\\\/?s={search_term_string}\"},\"query-input\":{\"@type\":\"PropertyValueSpecification\",\"valueRequired\":true,\"valueName\":\"search_term_string\"}}],\"inLanguage\":\"en-US\"},{\"@type\":\"Organization\",\"@id\":\"https:\\\/\\\/libwomenstore.com\\\/en\\\/#organization\",\"name\":\"Lib Women Store\",\"url\":\"https:\\\/\\\/libwomenstore.com\\\/en\\\/\",\"logo\":{\"@type\":\"ImageObject\",\"inLanguage\":\"en-US\",\"@id\":\"https:\\\/\\\/libwomenstore.com\\\/en\\\/#\\\/schema\\\/logo\\\/image\\\/\",\"url\":\"https:\\\/\\\/libwomenstore.com\\\/wp-content\\\/uploads\\\/2024\\\/05\\\/cropped-LIB-logo-A.png\",\"contentUrl\":\"https:\\\/\\\/libwomenstore.com\\\/wp-content\\\/uploads\\\/2024\\\/05\\\/cropped-LIB-logo-A.png\",\"width\":512,\"height\":512,\"caption\":\"Lib Women Store\"},\"image\":{\"@id\":\"https:\\\/\\\/libwomenstore.com\\\/en\\\/#\\\/schema\\\/logo\\\/image\\\/\"},\"sameAs\":[\"https:\\\/\\\/www.facebook.com\\\/libwomenstore\"]}]}<\/script>\n<meta property=\"product:price:amount\" content=\"8000\" \/>\n<meta property=\"product:price:currency\" content=\"HUF\" \/>\n<meta property=\"og:availability\" content=\"instock\" \/>\n<meta property=\"product:availability\" content=\"instock\" \/>\n<meta property=\"product:retailer_item_id\" content=\"LIB-BB001\" \/>\n<meta property=\"product:condition\" content=\"new\" \/>\n<!-- \/ Yoast SEO Premium plugin. -->","yoast_head_json":{"title":"BOUCHE B\u00c9E Lube Water based lubricant with hyaluronic acid - Lib Women&#039;s Store","description":"Lube is a gentle water-based lubricant that, supplemented with hyaluronic acid, already well-known from the cosmetic industry, also nourishes the skin!","robots":{"index":"index","follow":"follow","max-snippet":"max-snippet:-1","max-image-preview":"max-image-preview:large","max-video-preview":"max-video-preview:-1"},"canonical":"https:\/\/libwomenstore.com\/en\/product\/lubes-and-massage-gels\/bouche-bee-lube-water-based-lubricant-with-hyaluronic-acid\/","og_locale":"en_US","og_type":"article","og_title":"BOUCHE B\u00c9E Lube Water based lubricant with hyaluronic acid","og_description":"Lube is a gentle water-based lubricant that, supplemented with hyaluronic acid, already well-known from the cosmetic industry, also nourishes the skin!","og_url":"https:\/\/libwomenstore.com\/en\/product\/lubes-and-massage-gels\/bouche-bee-lube-water-based-lubricant-with-hyaluronic-acid\/","og_site_name":"Lib Women&#039;s Store","article_publisher":"https:\/\/www.facebook.com\/libwomenstore","article_modified_time":"2025-05-27T21:24:03+00:00","og_image":[{"width":1080,"height":1080,"url":"https:\/\/libwomenstore.com\/wp-content\/uploads\/2024\/09\/1_62f0158a-62e9-494a-a65b-6fe84159604a.png","type":"image\/png"}],"twitter_card":"summary_large_image","twitter_misc":{"Price":"8.000&#70;&#116;","Availability":"In stock"},"schema":{"@context":"https:\/\/schema.org","@graph":[{"@type":["WebPage","ItemPage"],"@id":"https:\/\/libwomenstore.com\/en\/product\/lubes-and-massage-gels\/bouche-bee-lube-water-based-lubricant-with-hyaluronic-acid\/","url":"https:\/\/libwomenstore.com\/en\/product\/lubes-and-massage-gels\/bouche-bee-lube-water-based-lubricant-with-hyaluronic-acid\/","name":"BOUCHE B\u00c9E Lube Water based lubricant with hyaluronic acid - Lib Women&#039;s Store","isPartOf":{"@id":"https:\/\/libwomenstore.com\/en\/#website"},"primaryImageOfPage":{"@id":"https:\/\/libwomenstore.com\/en\/product\/lubes-and-massage-gels\/bouche-bee-lube-water-based-lubricant-with-hyaluronic-acid\/#primaryimage"},"image":{"@id":"https:\/\/libwomenstore.com\/en\/product\/lubes-and-massage-gels\/bouche-bee-lube-water-based-lubricant-with-hyaluronic-acid\/#primaryimage"},"thumbnailUrl":"https:\/\/libwomenstore.com\/wp-content\/uploads\/2024\/09\/bouche_bee_lube_vizbazisu_sikosito.jpg","datePublished":"2024-09-01T17:55:22+00:00","dateModified":"2025-05-27T21:24:03+00:00","description":"Lube is a gentle water-based lubricant that, supplemented with hyaluronic acid, already well-known from the cosmetic industry, also nourishes the skin!","breadcrumb":{"@id":"https:\/\/libwomenstore.com\/en\/product\/lubes-and-massage-gels\/bouche-bee-lube-water-based-lubricant-with-hyaluronic-acid\/#breadcrumb"},"inLanguage":"en-US","potentialAction":[{"@type":"ReadAction","target":["https:\/\/libwomenstore.com\/en\/product\/lubes-and-massage-gels\/bouche-bee-lube-water-based-lubricant-with-hyaluronic-acid\/"]}]},{"@type":"ImageObject","inLanguage":"en-US","@id":"https:\/\/libwomenstore.com\/en\/product\/lubes-and-massage-gels\/bouche-bee-lube-water-based-lubricant-with-hyaluronic-acid\/#primaryimage","url":"https:\/\/libwomenstore.com\/wp-content\/uploads\/2024\/09\/bouche_bee_lube_vizbazisu_sikosito.jpg","contentUrl":"https:\/\/libwomenstore.com\/wp-content\/uploads\/2024\/09\/bouche_bee_lube_vizbazisu_sikosito.jpg","width":600,"height":600,"caption":"Bouche B\u00e9e Lube v\u00edzb\u00e1zis\u00fa s\u00edkos\u00edt\u00f3"},{"@type":"BreadcrumbList","@id":"https:\/\/libwomenstore.com\/en\/product\/lubes-and-massage-gels\/bouche-bee-lube-water-based-lubricant-with-hyaluronic-acid\/#breadcrumb","itemListElement":[{"@type":"ListItem","position":1,"name":"Kezd\u0151lap","item":"https:\/\/libwomenstore.com\/en\/"},{"@type":"ListItem","position":2,"name":"Shop Home Page &#8211; Product categories","item":"https:\/\/libwomenstore.com\/shop-kezdolap-termek-kategoriak\/?lang=en"},{"@type":"ListItem","position":3,"name":"BOUCHE B\u00c9E Lube Water based lubricant with hyaluronic acid"}]},{"@type":"WebSite","@id":"https:\/\/libwomenstore.com\/en\/#website","url":"https:\/\/libwomenstore.com\/en\/","name":"Lib Women Store","description":"Magyarorsz\u00e1g els\u0151 n\u0151kre f\u00f3kusz\u00e1l\u00f3 szexshopja, ahol az eg\u00e9szs\u00e9g ugyanolyan fontos, mint az \u00e9lvezetek.","publisher":{"@id":"https:\/\/libwomenstore.com\/en\/#organization"},"alternateName":"Lib","potentialAction":[{"@type":"SearchAction","target":{"@type":"EntryPoint","urlTemplate":"https:\/\/libwomenstore.com\/en\/?s={search_term_string}"},"query-input":{"@type":"PropertyValueSpecification","valueRequired":true,"valueName":"search_term_string"}}],"inLanguage":"en-US"},{"@type":"Organization","@id":"https:\/\/libwomenstore.com\/en\/#organization","name":"Lib Women Store","url":"https:\/\/libwomenstore.com\/en\/","logo":{"@type":"ImageObject","inLanguage":"en-US","@id":"https:\/\/libwomenstore.com\/en\/#\/schema\/logo\/image\/","url":"https:\/\/libwomenstore.com\/wp-content\/uploads\/2024\/05\/cropped-LIB-logo-A.png","contentUrl":"https:\/\/libwomenstore.com\/wp-content\/uploads\/2024\/05\/cropped-LIB-logo-A.png","width":512,"height":512,"caption":"Lib Women Store"},"image":{"@id":"https:\/\/libwomenstore.com\/en\/#\/schema\/logo\/image\/"},"sameAs":["https:\/\/www.facebook.com\/libwomenstore"]}]},"product_price_amount":"8000","product_price_currency":"HUF","og_availability":"instock","product_availability":"instock","product_retailer_item_id":"LIB-BB001","product_condition":"new"},"_links":{"self":[{"href":"https:\/\/libwomenstore.com\/en\/wp-json\/wp\/v2\/product\/28432","targetHints":{"allow":["GET"]}}],"collection":[{"href":"https:\/\/libwomenstore.com\/en\/wp-json\/wp\/v2\/product"}],"about":[{"href":"https:\/\/libwomenstore.com\/en\/wp-json\/wp\/v2\/types\/product"}],"replies":[{"embeddable":true,"href":"https:\/\/libwomenstore.com\/en\/wp-json\/wp\/v2\/comments?post=28432"}],"wp:featuredmedia":[{"embeddable":true,"href":"https:\/\/libwomenstore.com\/en\/wp-json\/wp\/v2\/media\/32572"}],"wp:attachment":[{"href":"https:\/\/libwomenstore.com\/en\/wp-json\/wp\/v2\/media?parent=28432"}],"wp:term":[{"taxonomy":"product_brand","embeddable":true,"href":"https:\/\/libwomenstore.com\/en\/wp-json\/wp\/v2\/product_brand?post=28432"},{"taxonomy":"product_cat","embeddable":true,"href":"https:\/\/libwomenstore.com\/en\/wp-json\/wp\/v2\/product_cat?post=28432"},{"taxonomy":"product_tag","embeddable":true,"href":"https:\/\/libwomenstore.com\/en\/wp-json\/wp\/v2\/product_tag?post=28432"}],"curies":[{"name":"wp","href":"https:\/\/api.w.org\/{rel}","templated":true}]}}