{"id":28438,"date":"2024-04-16T12:05:51","date_gmt":"2024-04-16T10:05:51","guid":{"rendered":"https:\/\/uj.libwomenstore.com\/?post_type=product&#038;p=28438"},"modified":"2025-01-10T13:06:04","modified_gmt":"2025-01-10T12:06:04","slug":"womanizer-og-suction-vibrator-for-clitoris-and-g-spot","status":"publish","type":"product","link":"https:\/\/libwomenstore.com\/en\/product\/g-spot\/womanizer-og-suction-vibrator-for-clitoris-and-g-spot\/","title":{"rendered":"WOMANIZER OG"},"content":{"rendered":"<p style=\"text-align: center;\"><span style=\"font-weight: 400;\">All Womanizer products have a unique innovation, the clitoris is stimulated without direct contact. Fine air vibrations suck and massage at the same time.<\/span><\/p>\n<p style=\"text-align: center;\"><span style=\"font-weight: 400;\">\u00a0<\/span><\/p>\n<p style=\"text-align: center;\"><span style=\"font-weight: 400;\">The OG is also completely waterproof, so nothing stands in the way of a long, relaxing bath, a refreshing shower or even a pool party.<\/span><\/p>\n<p style=\"text-align: center;\"><b>Tip<\/b><b>\u00a0<\/b><\/p>\n<p style=\"text-align: center;\"><span style=\"font-weight: 400;\">Briefly press the minus button after the climax to reset the game to the lowest setting (Afterglow) to give a relaxing endgame to your orgasm.<\/span><\/p>\n<p style=\"text-align: center;\"><b>Features<\/b><span style=\"font-weight: 400;\">\u00a0<\/span><\/p>\n<p style=\"text-align: center;\"><span style=\"font-weight: 400;\">unique double orgasm, clitoral stimulator and vibrator in one\u00a0<\/span><\/p>\n<p style=\"text-align: center;\"><span style=\"font-weight: 400;\">ergonomic shape adapted to the female body<\/span><\/p>\n<p style=\"text-align: center;\"><span style=\"font-weight: 400;\">design perfectly positions vibrations and air-wave suction pulses to the G-spot<\/span><\/p>\n<p style=\"text-align: center;\"><span style=\"font-weight: 400;\">3 vibration levels<\/span><\/p>\n<p style=\"text-align: center;\"><span style=\"font-weight: 400;\">12 suction pulse strengths<\/span><\/p>\n<p style=\"text-align: center;\"><span style=\"font-weight: 400;\">100% waterproof design (IPX7: up to 1m for up to 30 minutes)<\/span><\/p>\n<p style=\"text-align: center;\"><span style=\"font-weight: 400;\">Smart Silence technology<\/span><\/p>\n<p style=\"text-align: center;\"><span style=\"font-weight: 400;\">Afterglow technology<\/span><\/p>\n<p style=\"text-align: center;\"><span style=\"font-weight: 400;\">5 year warranty<\/span><\/p>\n<p style=\"text-align: center;\"><span style=\"font-weight: 400;\">soft-touch skin-friendly silicone coating that is free of phthalates, BPA and latex<\/span><\/p>\n<p style=\"text-align: center;\"><span style=\"font-weight: 400;\">rechargeable lithium-ion USB battery<\/span><\/p>\n<p style=\"text-align: center;\"><span style=\"font-weight: 400;\">120 minutes of battery life<\/span><\/p>\n<p style=\"text-align: center;\"><span style=\"font-weight: 400;\">100 minutes charging time<\/span><\/p>\n<p style=\"text-align: center;\"><span style=\"font-weight: 400;\">weight: 152 g<\/span><\/p>\n<p style=\"text-align: center;\"><span style=\"font-weight: 400;\">dimensions: 176 mm x 113 mm x 39 mm<\/span><\/p>\n<p style=\"text-align: center;\"><span style=\"font-weight: 400;\">color: black\/dark purple<\/span><\/p>\n<p style=\"text-align: center;\"><span style=\"font-weight: 400;\">package contents: 1pc Womanizer OG, magnetic USB cable (AC adapter not included), quick start guide, safety instructions, cotton storage bag<\/span><\/p>\n<p style=\"text-align: center;\"><b>Use &amp; Cleaning<\/b><\/p>\n<p style=\"text-align: center;\"><span style=\"font-weight: 400;\">Clean the device thoroughly before first use and after each use. Wash thoroughly with mild soap and lukewarm water, then rinse and let dry. Recommended: Use of a special cleaning agent.<\/span><\/p>\n<p style=\"text-align: center;\"><span style=\"font-weight: 400;\">Use exclusively with water-based lubricants, other oils and lubricants can damage the material.<\/span><\/p>\n<p style=\"text-align: center;\">\n","protected":false},"excerpt":{"rendered":"<p style=\"text-align: left;\">The Womanizer OG is the first air-wave G-spot vibrator that combines targeted air-wave suction pulses with tingling vibrations for a powerful and original orgasmic journey. The two types of stimulation mean double pleasure, pampering and exciting the G-spot at the same time.<\/p>\n","protected":false},"featured_media":26903,"comment_status":"open","ping_status":"closed","template":"","meta":{"_et_pb_use_builder":"","_et_pb_old_content":"","_et_gb_content_width":""},"product_brand":[],"product_cat":[322,342,554,318],"product_tag":[],"class_list":{"0":"post-28438","1":"product","2":"type-product","3":"status-publish","4":"has-post-thumbnail","6":"product_cat-clitoral-vibrators","7":"product_cat-g-spot","8":"product_cat-lib-x-bliss-glass-toys-hand-crafted","9":"product_cat-vibrators","11":"first","12":"outofstock","13":"taxable","14":"shipping-taxable","15":"purchasable","16":"product-type-variable"},"yoast_head":"<!-- This site is optimized with the Yoast SEO Premium plugin v27.5 (Yoast SEO v27.5) - https:\/\/yoast.com\/product\/yoast-seo-premium-wordpress\/ -->\n<title>WOMANIZER OG - Lib Women&#039;s Store<\/title>\n<meta name=\"description\" content=\"The Womanizer OG is the first air-wave G-spot vibrator that combines targeted air-wave suction pulses with tingling vibrations for a powerful orgasm.\" \/>\n<meta name=\"robots\" content=\"index, follow, max-snippet:-1, max-image-preview:large, max-video-preview:-1\" \/>\n<link rel=\"canonical\" href=\"https:\/\/libwomenstore.com\/en\/product\/g-spot\/womanizer-og-suction-vibrator-for-clitoris-and-g-spot\/\" \/>\n<meta property=\"og:locale\" content=\"en_US\" \/>\n<meta property=\"og:type\" content=\"article\" \/>\n<meta property=\"og:title\" content=\"WOMANIZER OG\" \/>\n<meta property=\"og:description\" content=\"The Womanizer OG is the first air-wave G-spot vibrator that combines targeted air-wave suction pulses with tingling vibrations for a powerful orgasm.\" \/>\n<meta property=\"og:url\" content=\"https:\/\/libwomenstore.com\/en\/product\/g-spot\/womanizer-og-suction-vibrator-for-clitoris-and-g-spot\/\" \/>\n<meta property=\"og:site_name\" content=\"Lib Women&#039;s Store\" \/>\n<meta property=\"article:publisher\" content=\"https:\/\/www.facebook.com\/libwomenstore\" \/>\n<meta property=\"article:modified_time\" content=\"2025-01-10T12:06:04+00:00\" \/>\n<meta property=\"og:image\" content=\"https:\/\/libwomenstore.com\/wp-content\/uploads\/2024\/04\/Womanizer_OG.jpg\" \/>\n\t<meta property=\"og:image:width\" content=\"1000\" \/>\n\t<meta property=\"og:image:height\" content=\"1000\" \/>\n\t<meta property=\"og:image:type\" content=\"image\/jpeg\" \/>\n<meta name=\"twitter:card\" content=\"summary_large_image\" \/>\n<meta name=\"twitter:label1\" content=\"Availability\" \/>\n\t<meta name=\"twitter:data1\" content=\"Out of stock\" \/>\n<script type=\"application\/ld+json\" class=\"yoast-schema-graph\">{\"@context\":\"https:\\\/\\\/schema.org\",\"@graph\":[{\"@type\":[\"WebPage\",\"ItemPage\"],\"@id\":\"https:\\\/\\\/libwomenstore.com\\\/en\\\/product\\\/g-spot\\\/womanizer-og-suction-vibrator-for-clitoris-and-g-spot\\\/\",\"url\":\"https:\\\/\\\/libwomenstore.com\\\/en\\\/product\\\/g-spot\\\/womanizer-og-suction-vibrator-for-clitoris-and-g-spot\\\/\",\"name\":\"WOMANIZER OG - Lib Women&#039;s Store\",\"isPartOf\":{\"@id\":\"https:\\\/\\\/libwomenstore.com\\\/en\\\/#website\"},\"primaryImageOfPage\":{\"@id\":\"https:\\\/\\\/libwomenstore.com\\\/en\\\/product\\\/g-spot\\\/womanizer-og-suction-vibrator-for-clitoris-and-g-spot\\\/#primaryimage\"},\"image\":{\"@id\":\"https:\\\/\\\/libwomenstore.com\\\/en\\\/product\\\/g-spot\\\/womanizer-og-suction-vibrator-for-clitoris-and-g-spot\\\/#primaryimage\"},\"thumbnailUrl\":\"https:\\\/\\\/libwomenstore.com\\\/wp-content\\\/uploads\\\/2024\\\/04\\\/Womanizer_OG.jpg\",\"datePublished\":\"2024-04-16T10:05:51+00:00\",\"dateModified\":\"2025-01-10T12:06:04+00:00\",\"description\":\"The Womanizer OG is the first air-wave G-spot vibrator that combines targeted air-wave suction pulses with tingling vibrations for a powerful orgasm.\",\"breadcrumb\":{\"@id\":\"https:\\\/\\\/libwomenstore.com\\\/en\\\/product\\\/g-spot\\\/womanizer-og-suction-vibrator-for-clitoris-and-g-spot\\\/#breadcrumb\"},\"inLanguage\":\"en-US\",\"potentialAction\":[{\"@type\":\"ReadAction\",\"target\":[\"https:\\\/\\\/libwomenstore.com\\\/en\\\/product\\\/g-spot\\\/womanizer-og-suction-vibrator-for-clitoris-and-g-spot\\\/\"]}]},{\"@type\":\"ImageObject\",\"inLanguage\":\"en-US\",\"@id\":\"https:\\\/\\\/libwomenstore.com\\\/en\\\/product\\\/g-spot\\\/womanizer-og-suction-vibrator-for-clitoris-and-g-spot\\\/#primaryimage\",\"url\":\"https:\\\/\\\/libwomenstore.com\\\/wp-content\\\/uploads\\\/2024\\\/04\\\/Womanizer_OG.jpg\",\"contentUrl\":\"https:\\\/\\\/libwomenstore.com\\\/wp-content\\\/uploads\\\/2024\\\/04\\\/Womanizer_OG.jpg\",\"width\":1000,\"height\":1000,\"caption\":\"Womanizer OG l\u00e9ghull\u00e1mos g-pont \u00e9s csikl\u00f3 izgat\u00f3 luxus vibr\u00e1tor\"},{\"@type\":\"BreadcrumbList\",\"@id\":\"https:\\\/\\\/libwomenstore.com\\\/en\\\/product\\\/g-spot\\\/womanizer-og-suction-vibrator-for-clitoris-and-g-spot\\\/#breadcrumb\",\"itemListElement\":[{\"@type\":\"ListItem\",\"position\":1,\"name\":\"Kezd\u0151lap\",\"item\":\"https:\\\/\\\/libwomenstore.com\\\/en\\\/\"},{\"@type\":\"ListItem\",\"position\":2,\"name\":\"Shop Home Page &#8211; Product categories\",\"item\":\"https:\\\/\\\/libwomenstore.com\\\/shop-kezdolap-termek-kategoriak\\\/?lang=en\"},{\"@type\":\"ListItem\",\"position\":3,\"name\":\"WOMANIZER OG\"}]},{\"@type\":\"WebSite\",\"@id\":\"https:\\\/\\\/libwomenstore.com\\\/en\\\/#website\",\"url\":\"https:\\\/\\\/libwomenstore.com\\\/en\\\/\",\"name\":\"Lib Women Store\",\"description\":\"Magyarorsz\u00e1g els\u0151 n\u0151kre f\u00f3kusz\u00e1l\u00f3 szexshopja, ahol az eg\u00e9szs\u00e9g ugyanolyan fontos, mint az \u00e9lvezetek.\",\"publisher\":{\"@id\":\"https:\\\/\\\/libwomenstore.com\\\/en\\\/#organization\"},\"alternateName\":\"Lib\",\"potentialAction\":[{\"@type\":\"SearchAction\",\"target\":{\"@type\":\"EntryPoint\",\"urlTemplate\":\"https:\\\/\\\/libwomenstore.com\\\/en\\\/?s={search_term_string}\"},\"query-input\":{\"@type\":\"PropertyValueSpecification\",\"valueRequired\":true,\"valueName\":\"search_term_string\"}}],\"inLanguage\":\"en-US\"},{\"@type\":\"Organization\",\"@id\":\"https:\\\/\\\/libwomenstore.com\\\/en\\\/#organization\",\"name\":\"Lib Women Store\",\"url\":\"https:\\\/\\\/libwomenstore.com\\\/en\\\/\",\"logo\":{\"@type\":\"ImageObject\",\"inLanguage\":\"en-US\",\"@id\":\"https:\\\/\\\/libwomenstore.com\\\/en\\\/#\\\/schema\\\/logo\\\/image\\\/\",\"url\":\"https:\\\/\\\/libwomenstore.com\\\/wp-content\\\/uploads\\\/2024\\\/05\\\/cropped-LIB-logo-A.png\",\"contentUrl\":\"https:\\\/\\\/libwomenstore.com\\\/wp-content\\\/uploads\\\/2024\\\/05\\\/cropped-LIB-logo-A.png\",\"width\":512,\"height\":512,\"caption\":\"Lib Women Store\"},\"image\":{\"@id\":\"https:\\\/\\\/libwomenstore.com\\\/en\\\/#\\\/schema\\\/logo\\\/image\\\/\"},\"sameAs\":[\"https:\\\/\\\/www.facebook.com\\\/libwomenstore\"]}]}<\/script>\n<meta property=\"og:availability\" content=\"out of stock\" \/>\n<meta property=\"product:availability\" content=\"out of stock\" \/>\n<meta property=\"product:condition\" content=\"new\" \/>\n<!-- \/ Yoast SEO Premium plugin. -->","yoast_head_json":{"title":"WOMANIZER OG - Lib Women&#039;s Store","description":"The Womanizer OG is the first air-wave G-spot vibrator that combines targeted air-wave suction pulses with tingling vibrations for a powerful orgasm.","robots":{"index":"index","follow":"follow","max-snippet":"max-snippet:-1","max-image-preview":"max-image-preview:large","max-video-preview":"max-video-preview:-1"},"canonical":"https:\/\/libwomenstore.com\/en\/product\/g-spot\/womanizer-og-suction-vibrator-for-clitoris-and-g-spot\/","og_locale":"en_US","og_type":"article","og_title":"WOMANIZER OG","og_description":"The Womanizer OG is the first air-wave G-spot vibrator that combines targeted air-wave suction pulses with tingling vibrations for a powerful orgasm.","og_url":"https:\/\/libwomenstore.com\/en\/product\/g-spot\/womanizer-og-suction-vibrator-for-clitoris-and-g-spot\/","og_site_name":"Lib Women&#039;s Store","article_publisher":"https:\/\/www.facebook.com\/libwomenstore","article_modified_time":"2025-01-10T12:06:04+00:00","og_image":[{"width":1000,"height":1000,"url":"https:\/\/libwomenstore.com\/wp-content\/uploads\/2024\/04\/Womanizer_OG.jpg","type":"image\/jpeg"}],"twitter_card":"summary_large_image","twitter_misc":{"Availability":"Out of stock"},"schema":{"@context":"https:\/\/schema.org","@graph":[{"@type":["WebPage","ItemPage"],"@id":"https:\/\/libwomenstore.com\/en\/product\/g-spot\/womanizer-og-suction-vibrator-for-clitoris-and-g-spot\/","url":"https:\/\/libwomenstore.com\/en\/product\/g-spot\/womanizer-og-suction-vibrator-for-clitoris-and-g-spot\/","name":"WOMANIZER OG - Lib Women&#039;s Store","isPartOf":{"@id":"https:\/\/libwomenstore.com\/en\/#website"},"primaryImageOfPage":{"@id":"https:\/\/libwomenstore.com\/en\/product\/g-spot\/womanizer-og-suction-vibrator-for-clitoris-and-g-spot\/#primaryimage"},"image":{"@id":"https:\/\/libwomenstore.com\/en\/product\/g-spot\/womanizer-og-suction-vibrator-for-clitoris-and-g-spot\/#primaryimage"},"thumbnailUrl":"https:\/\/libwomenstore.com\/wp-content\/uploads\/2024\/04\/Womanizer_OG.jpg","datePublished":"2024-04-16T10:05:51+00:00","dateModified":"2025-01-10T12:06:04+00:00","description":"The Womanizer OG is the first air-wave G-spot vibrator that combines targeted air-wave suction pulses with tingling vibrations for a powerful orgasm.","breadcrumb":{"@id":"https:\/\/libwomenstore.com\/en\/product\/g-spot\/womanizer-og-suction-vibrator-for-clitoris-and-g-spot\/#breadcrumb"},"inLanguage":"en-US","potentialAction":[{"@type":"ReadAction","target":["https:\/\/libwomenstore.com\/en\/product\/g-spot\/womanizer-og-suction-vibrator-for-clitoris-and-g-spot\/"]}]},{"@type":"ImageObject","inLanguage":"en-US","@id":"https:\/\/libwomenstore.com\/en\/product\/g-spot\/womanizer-og-suction-vibrator-for-clitoris-and-g-spot\/#primaryimage","url":"https:\/\/libwomenstore.com\/wp-content\/uploads\/2024\/04\/Womanizer_OG.jpg","contentUrl":"https:\/\/libwomenstore.com\/wp-content\/uploads\/2024\/04\/Womanizer_OG.jpg","width":1000,"height":1000,"caption":"Womanizer OG l\u00e9ghull\u00e1mos g-pont \u00e9s csikl\u00f3 izgat\u00f3 luxus vibr\u00e1tor"},{"@type":"BreadcrumbList","@id":"https:\/\/libwomenstore.com\/en\/product\/g-spot\/womanizer-og-suction-vibrator-for-clitoris-and-g-spot\/#breadcrumb","itemListElement":[{"@type":"ListItem","position":1,"name":"Kezd\u0151lap","item":"https:\/\/libwomenstore.com\/en\/"},{"@type":"ListItem","position":2,"name":"Shop Home Page &#8211; Product categories","item":"https:\/\/libwomenstore.com\/shop-kezdolap-termek-kategoriak\/?lang=en"},{"@type":"ListItem","position":3,"name":"WOMANIZER OG"}]},{"@type":"WebSite","@id":"https:\/\/libwomenstore.com\/en\/#website","url":"https:\/\/libwomenstore.com\/en\/","name":"Lib Women Store","description":"Magyarorsz\u00e1g els\u0151 n\u0151kre f\u00f3kusz\u00e1l\u00f3 szexshopja, ahol az eg\u00e9szs\u00e9g ugyanolyan fontos, mint az \u00e9lvezetek.","publisher":{"@id":"https:\/\/libwomenstore.com\/en\/#organization"},"alternateName":"Lib","potentialAction":[{"@type":"SearchAction","target":{"@type":"EntryPoint","urlTemplate":"https:\/\/libwomenstore.com\/en\/?s={search_term_string}"},"query-input":{"@type":"PropertyValueSpecification","valueRequired":true,"valueName":"search_term_string"}}],"inLanguage":"en-US"},{"@type":"Organization","@id":"https:\/\/libwomenstore.com\/en\/#organization","name":"Lib Women Store","url":"https:\/\/libwomenstore.com\/en\/","logo":{"@type":"ImageObject","inLanguage":"en-US","@id":"https:\/\/libwomenstore.com\/en\/#\/schema\/logo\/image\/","url":"https:\/\/libwomenstore.com\/wp-content\/uploads\/2024\/05\/cropped-LIB-logo-A.png","contentUrl":"https:\/\/libwomenstore.com\/wp-content\/uploads\/2024\/05\/cropped-LIB-logo-A.png","width":512,"height":512,"caption":"Lib Women Store"},"image":{"@id":"https:\/\/libwomenstore.com\/en\/#\/schema\/logo\/image\/"},"sameAs":["https:\/\/www.facebook.com\/libwomenstore"]}]},"og_availability":"out of stock","product_availability":"out of stock","product_condition":"new"},"_links":{"self":[{"href":"https:\/\/libwomenstore.com\/en\/wp-json\/wp\/v2\/product\/28438","targetHints":{"allow":["GET"]}}],"collection":[{"href":"https:\/\/libwomenstore.com\/en\/wp-json\/wp\/v2\/product"}],"about":[{"href":"https:\/\/libwomenstore.com\/en\/wp-json\/wp\/v2\/types\/product"}],"replies":[{"embeddable":true,"href":"https:\/\/libwomenstore.com\/en\/wp-json\/wp\/v2\/comments?post=28438"}],"wp:featuredmedia":[{"embeddable":true,"href":"https:\/\/libwomenstore.com\/en\/wp-json\/wp\/v2\/media\/26903"}],"wp:attachment":[{"href":"https:\/\/libwomenstore.com\/en\/wp-json\/wp\/v2\/media?parent=28438"}],"wp:term":[{"taxonomy":"product_brand","embeddable":true,"href":"https:\/\/libwomenstore.com\/en\/wp-json\/wp\/v2\/product_brand?post=28438"},{"taxonomy":"product_cat","embeddable":true,"href":"https:\/\/libwomenstore.com\/en\/wp-json\/wp\/v2\/product_cat?post=28438"},{"taxonomy":"product_tag","embeddable":true,"href":"https:\/\/libwomenstore.com\/en\/wp-json\/wp\/v2\/product_tag?post=28438"}],"curies":[{"name":"wp","href":"https:\/\/api.w.org\/{rel}","templated":true}]}}