{"id":28445,"date":"2024-04-16T12:05:45","date_gmt":"2024-04-16T10:05:45","guid":{"rendered":"https:\/\/uj.libwomenstore.com\/?post_type=product&#038;p=28445"},"modified":"2025-01-10T13:05:09","modified_gmt":"2025-01-10T12:05:09","slug":"we-vibe-rave-2-smart-g-spot-vibrator-with-app","status":"publish","type":"product","link":"https:\/\/libwomenstore.com\/en\/product\/g-spot\/we-vibe-rave-2-smart-g-spot-vibrator-with-app\/","title":{"rendered":"WE-VIBE Rave 2"},"content":{"rendered":"<p style=\"text-align: center;\"><span style=\"font-weight: 400;\">How do you use it?<\/span><\/p>\n<ol style=\"text-align: center;\">\n<li style=\"font-weight: 400;\"><span style=\"font-weight: 400;\">Apply a water-based lubricant to the head of the toy and slide it into the vagina.<\/span><\/li>\n<li style=\"font-weight: 400;\"><span style=\"font-weight: 400;\">Thanks to its twisted shape, the toy stays in constant contact with the G-spot, continually massaging the area.<\/span><\/li>\n<li style=\"font-weight: 400;\"><span style=\"font-weight: 400;\">You can use the + and &#8211; buttons on the game or the We-Vibe app to cycle through different vibration pattern modes and intensity levels.<\/span><\/li>\n<\/ol>\n<p style=\"text-align: center;\"><strong>Tip<\/strong><\/p>\n<p style=\"text-align: center;\"><span style=\"font-weight: 400;\">The Rave&#8217;s exterior simplicity hides extraordinary power, try it and you won&#8217;t be disappointed!<\/span><\/p>\n<p style=\"text-align: center;\"><strong>Features\u00a0<\/strong><\/p>\n<p style=\"text-align: center;\"><span style=\"font-weight: 400;\">Playing time: 120 minutes<\/span><\/p>\n<p style=\"text-align: center;\"><span style=\"font-weight: 400;\">Charging time: 90 minutes<\/span><\/p>\n<p style=\"text-align: center;\"><span style=\"font-weight: 400;\">Materials: Body-safe silicone, no phthalates, BPA or latex<\/span><\/p>\n<p style=\"text-align: center;\"><span style=\"font-weight: 400;\">USB rechargeable lithium-ion battery<\/span><\/p>\n<p style=\"text-align: center;\"><span style=\"font-weight: 400;\">Dimensions 21.7 cm x 8.5 cm x 3.9 cm<\/span><\/p>\n<p style=\"text-align: center;\"><span style=\"font-weight: 400;\">Warranty 2 years<\/span><\/p>\n<p style=\"text-align: center;\"><span style=\"font-weight: 400;\">Waterproof<\/span><\/p>\n<p style=\"text-align: center;\"><span style=\"font-weight: 400;\">Ergonomic design<\/span><\/p>\n<p style=\"text-align: center;\"><span style=\"font-weight: 400;\">Can also be operated with the We-Vibe app<\/span><\/p>\n<p style=\"text-align: center;\"><strong>Cleaning<\/strong><\/p>\n<p style=\"text-align: center;\"><span style=\"font-weight: 400;\">Wash thoroughly with gentle soap and lukewarm water, then rinse and let dry. Use of a special cleaning agent is recommended.<\/span><\/p>\n<p style=\"text-align: center;\"><span style=\"font-weight: 400;\">Use exclusively with a water-based lubricant, other oils can be damaging to the material.<\/span><\/p>\n","protected":false},"excerpt":{"rendered":"<p style=\"text-align: left;\">The universally adored We-Vibe Rave has been renewed, and it&#8217;s even better than before!<\/p>\n<p style=\"text-align: left;\"><span style=\"font-weight: 400;\">The We-Vibe Rave 2 is designed for pure enjoyment. Target both the G-spot and vaginal opening with penetrating vibrations for an intense climax. Its twisted shape, smooth silicone and adjustable fit ensure an unforgettable experience.<\/span><\/p>\n","protected":false},"featured_media":31516,"comment_status":"open","ping_status":"closed","template":"","meta":{"_et_pb_use_builder":"","_et_pb_old_content":"","_et_gb_content_width":""},"product_brand":[],"product_cat":[342,318],"product_tag":[],"class_list":{"0":"post-28445","1":"product","2":"type-product","3":"status-publish","4":"has-post-thumbnail","6":"product_cat-g-spot","7":"product_cat-vibrators","9":"first","10":"outofstock","11":"sale","12":"taxable","13":"shipping-taxable","14":"purchasable","15":"product-type-simple"},"yoast_head":"<!-- This site is optimized with the Yoast SEO Premium plugin v27.4 (Yoast SEO v27.4) - https:\/\/yoast.com\/product\/yoast-seo-premium-wordpress\/ -->\n<title>WE-VIBE Rave 2 - Lib Women&#039;s Store<\/title>\n<meta name=\"description\" content=\"Rave 2 is a smart g-spot vibrator for those who crave an intense vibration. The design and the edges all made to point in the direction of your g-spot!\" \/>\n<meta name=\"robots\" content=\"index, follow, max-snippet:-1, max-image-preview:large, max-video-preview:-1\" \/>\n<link rel=\"canonical\" href=\"https:\/\/libwomenstore.com\/en\/product\/g-spot\/we-vibe-rave-2-smart-g-spot-vibrator-with-app\/\" \/>\n<meta property=\"og:locale\" content=\"en_US\" \/>\n<meta property=\"og:type\" content=\"article\" \/>\n<meta property=\"og:title\" content=\"WE-VIBE Rave 2\" \/>\n<meta property=\"og:description\" content=\"Rave 2 is a smart g-spot vibrator for those who crave an intense vibration. The design and the edges all made to point in the direction of your g-spot!\" \/>\n<meta property=\"og:url\" content=\"https:\/\/libwomenstore.com\/en\/product\/g-spot\/we-vibe-rave-2-smart-g-spot-vibrator-with-app\/\" \/>\n<meta property=\"og:site_name\" content=\"Lib Women&#039;s Store\" \/>\n<meta property=\"article:publisher\" content=\"https:\/\/www.facebook.com\/libwomenstore\" \/>\n<meta property=\"article:modified_time\" content=\"2025-01-10T12:05:09+00:00\" \/>\n<meta property=\"og:image\" content=\"https:\/\/libwomenstore.com\/wp-content\/uploads\/2024\/04\/rave2.png\" \/>\n\t<meta property=\"og:image:width\" content=\"1080\" \/>\n\t<meta property=\"og:image:height\" content=\"1080\" \/>\n\t<meta property=\"og:image:type\" content=\"image\/png\" \/>\n<meta name=\"twitter:card\" content=\"summary_large_image\" \/>\n<meta name=\"twitter:label1\" content=\"Price\" \/>\n\t<meta name=\"twitter:data1\" content=\"46.500&#070;&#116;\" \/>\n\t<meta name=\"twitter:label2\" content=\"Availability\" \/>\n\t<meta name=\"twitter:data2\" content=\"Out of stock\" \/>\n<script type=\"application\/ld+json\" class=\"yoast-schema-graph\">{\"@context\":\"https:\\\/\\\/schema.org\",\"@graph\":[{\"@type\":[\"WebPage\",\"ItemPage\"],\"@id\":\"https:\\\/\\\/libwomenstore.com\\\/en\\\/product\\\/g-spot\\\/we-vibe-rave-2-smart-g-spot-vibrator-with-app\\\/\",\"url\":\"https:\\\/\\\/libwomenstore.com\\\/en\\\/product\\\/g-spot\\\/we-vibe-rave-2-smart-g-spot-vibrator-with-app\\\/\",\"name\":\"WE-VIBE Rave 2 - Lib Women&#039;s Store\",\"isPartOf\":{\"@id\":\"https:\\\/\\\/libwomenstore.com\\\/en\\\/#website\"},\"primaryImageOfPage\":{\"@id\":\"https:\\\/\\\/libwomenstore.com\\\/en\\\/product\\\/g-spot\\\/we-vibe-rave-2-smart-g-spot-vibrator-with-app\\\/#primaryimage\"},\"image\":{\"@id\":\"https:\\\/\\\/libwomenstore.com\\\/en\\\/product\\\/g-spot\\\/we-vibe-rave-2-smart-g-spot-vibrator-with-app\\\/#primaryimage\"},\"thumbnailUrl\":\"https:\\\/\\\/libwomenstore.com\\\/wp-content\\\/uploads\\\/2024\\\/04\\\/rave2.png\",\"datePublished\":\"2024-04-16T10:05:45+00:00\",\"dateModified\":\"2025-01-10T12:05:09+00:00\",\"description\":\"Rave 2 is a smart g-spot vibrator for those who crave an intense vibration. The design and the edges all made to point in the direction of your g-spot!\",\"breadcrumb\":{\"@id\":\"https:\\\/\\\/libwomenstore.com\\\/en\\\/product\\\/g-spot\\\/we-vibe-rave-2-smart-g-spot-vibrator-with-app\\\/#breadcrumb\"},\"inLanguage\":\"en-US\",\"potentialAction\":[{\"@type\":\"ReadAction\",\"target\":[\"https:\\\/\\\/libwomenstore.com\\\/en\\\/product\\\/g-spot\\\/we-vibe-rave-2-smart-g-spot-vibrator-with-app\\\/\"]}]},{\"@type\":\"ImageObject\",\"inLanguage\":\"en-US\",\"@id\":\"https:\\\/\\\/libwomenstore.com\\\/en\\\/product\\\/g-spot\\\/we-vibe-rave-2-smart-g-spot-vibrator-with-app\\\/#primaryimage\",\"url\":\"https:\\\/\\\/libwomenstore.com\\\/wp-content\\\/uploads\\\/2024\\\/04\\\/rave2.png\",\"contentUrl\":\"https:\\\/\\\/libwomenstore.com\\\/wp-content\\\/uploads\\\/2024\\\/04\\\/rave2.png\",\"width\":1080,\"height\":1080},{\"@type\":\"BreadcrumbList\",\"@id\":\"https:\\\/\\\/libwomenstore.com\\\/en\\\/product\\\/g-spot\\\/we-vibe-rave-2-smart-g-spot-vibrator-with-app\\\/#breadcrumb\",\"itemListElement\":[{\"@type\":\"ListItem\",\"position\":1,\"name\":\"Kezd\u0151lap\",\"item\":\"https:\\\/\\\/libwomenstore.com\\\/en\\\/\"},{\"@type\":\"ListItem\",\"position\":2,\"name\":\"Shop Home Page &#8211; Product categories\",\"item\":\"https:\\\/\\\/libwomenstore.com\\\/shop-kezdolap-termek-kategoriak\\\/?lang=en\"},{\"@type\":\"ListItem\",\"position\":3,\"name\":\"WE-VIBE Rave 2\"}]},{\"@type\":\"WebSite\",\"@id\":\"https:\\\/\\\/libwomenstore.com\\\/en\\\/#website\",\"url\":\"https:\\\/\\\/libwomenstore.com\\\/en\\\/\",\"name\":\"Lib Women Store\",\"description\":\"Magyarorsz\u00e1g els\u0151 n\u0151kre f\u00f3kusz\u00e1l\u00f3 szexshopja, ahol az eg\u00e9szs\u00e9g ugyanolyan fontos, mint az \u00e9lvezetek.\",\"publisher\":{\"@id\":\"https:\\\/\\\/libwomenstore.com\\\/en\\\/#organization\"},\"alternateName\":\"Lib\",\"potentialAction\":[{\"@type\":\"SearchAction\",\"target\":{\"@type\":\"EntryPoint\",\"urlTemplate\":\"https:\\\/\\\/libwomenstore.com\\\/en\\\/?s={search_term_string}\"},\"query-input\":{\"@type\":\"PropertyValueSpecification\",\"valueRequired\":true,\"valueName\":\"search_term_string\"}}],\"inLanguage\":\"en-US\"},{\"@type\":\"Organization\",\"@id\":\"https:\\\/\\\/libwomenstore.com\\\/en\\\/#organization\",\"name\":\"Lib Women Store\",\"url\":\"https:\\\/\\\/libwomenstore.com\\\/en\\\/\",\"logo\":{\"@type\":\"ImageObject\",\"inLanguage\":\"en-US\",\"@id\":\"https:\\\/\\\/libwomenstore.com\\\/en\\\/#\\\/schema\\\/logo\\\/image\\\/\",\"url\":\"https:\\\/\\\/libwomenstore.com\\\/wp-content\\\/uploads\\\/2024\\\/05\\\/cropped-LIB-logo-A.png\",\"contentUrl\":\"https:\\\/\\\/libwomenstore.com\\\/wp-content\\\/uploads\\\/2024\\\/05\\\/cropped-LIB-logo-A.png\",\"width\":512,\"height\":512,\"caption\":\"Lib Women Store\"},\"image\":{\"@id\":\"https:\\\/\\\/libwomenstore.com\\\/en\\\/#\\\/schema\\\/logo\\\/image\\\/\"},\"sameAs\":[\"https:\\\/\\\/www.facebook.com\\\/libwomenstore\"]}]}<\/script>\n<meta property=\"product:price:amount\" content=\"46500\" \/>\n<meta property=\"product:price:currency\" content=\"HUF\" \/>\n<meta property=\"og:availability\" content=\"out of stock\" \/>\n<meta property=\"product:availability\" content=\"out of stock\" \/>\n<meta property=\"product:retailer_item_id\" content=\"LIB-WV006\" \/>\n<meta property=\"product:condition\" content=\"new\" \/>\n<!-- \/ Yoast SEO Premium plugin. -->","yoast_head_json":{"title":"WE-VIBE Rave 2 - Lib Women&#039;s Store","description":"Rave 2 is a smart g-spot vibrator for those who crave an intense vibration. The design and the edges all made to point in the direction of your g-spot!","robots":{"index":"index","follow":"follow","max-snippet":"max-snippet:-1","max-image-preview":"max-image-preview:large","max-video-preview":"max-video-preview:-1"},"canonical":"https:\/\/libwomenstore.com\/en\/product\/g-spot\/we-vibe-rave-2-smart-g-spot-vibrator-with-app\/","og_locale":"en_US","og_type":"article","og_title":"WE-VIBE Rave 2","og_description":"Rave 2 is a smart g-spot vibrator for those who crave an intense vibration. The design and the edges all made to point in the direction of your g-spot!","og_url":"https:\/\/libwomenstore.com\/en\/product\/g-spot\/we-vibe-rave-2-smart-g-spot-vibrator-with-app\/","og_site_name":"Lib Women&#039;s Store","article_publisher":"https:\/\/www.facebook.com\/libwomenstore","article_modified_time":"2025-01-10T12:05:09+00:00","og_image":[{"width":1080,"height":1080,"url":"https:\/\/libwomenstore.com\/wp-content\/uploads\/2024\/04\/rave2.png","type":"image\/png"}],"twitter_card":"summary_large_image","twitter_misc":{"Price":"46.500&#70;&#116;","Availability":"Out of stock"},"schema":{"@context":"https:\/\/schema.org","@graph":[{"@type":["WebPage","ItemPage"],"@id":"https:\/\/libwomenstore.com\/en\/product\/g-spot\/we-vibe-rave-2-smart-g-spot-vibrator-with-app\/","url":"https:\/\/libwomenstore.com\/en\/product\/g-spot\/we-vibe-rave-2-smart-g-spot-vibrator-with-app\/","name":"WE-VIBE Rave 2 - Lib Women&#039;s Store","isPartOf":{"@id":"https:\/\/libwomenstore.com\/en\/#website"},"primaryImageOfPage":{"@id":"https:\/\/libwomenstore.com\/en\/product\/g-spot\/we-vibe-rave-2-smart-g-spot-vibrator-with-app\/#primaryimage"},"image":{"@id":"https:\/\/libwomenstore.com\/en\/product\/g-spot\/we-vibe-rave-2-smart-g-spot-vibrator-with-app\/#primaryimage"},"thumbnailUrl":"https:\/\/libwomenstore.com\/wp-content\/uploads\/2024\/04\/rave2.png","datePublished":"2024-04-16T10:05:45+00:00","dateModified":"2025-01-10T12:05:09+00:00","description":"Rave 2 is a smart g-spot vibrator for those who crave an intense vibration. The design and the edges all made to point in the direction of your g-spot!","breadcrumb":{"@id":"https:\/\/libwomenstore.com\/en\/product\/g-spot\/we-vibe-rave-2-smart-g-spot-vibrator-with-app\/#breadcrumb"},"inLanguage":"en-US","potentialAction":[{"@type":"ReadAction","target":["https:\/\/libwomenstore.com\/en\/product\/g-spot\/we-vibe-rave-2-smart-g-spot-vibrator-with-app\/"]}]},{"@type":"ImageObject","inLanguage":"en-US","@id":"https:\/\/libwomenstore.com\/en\/product\/g-spot\/we-vibe-rave-2-smart-g-spot-vibrator-with-app\/#primaryimage","url":"https:\/\/libwomenstore.com\/wp-content\/uploads\/2024\/04\/rave2.png","contentUrl":"https:\/\/libwomenstore.com\/wp-content\/uploads\/2024\/04\/rave2.png","width":1080,"height":1080},{"@type":"BreadcrumbList","@id":"https:\/\/libwomenstore.com\/en\/product\/g-spot\/we-vibe-rave-2-smart-g-spot-vibrator-with-app\/#breadcrumb","itemListElement":[{"@type":"ListItem","position":1,"name":"Kezd\u0151lap","item":"https:\/\/libwomenstore.com\/en\/"},{"@type":"ListItem","position":2,"name":"Shop Home Page &#8211; Product categories","item":"https:\/\/libwomenstore.com\/shop-kezdolap-termek-kategoriak\/?lang=en"},{"@type":"ListItem","position":3,"name":"WE-VIBE Rave 2"}]},{"@type":"WebSite","@id":"https:\/\/libwomenstore.com\/en\/#website","url":"https:\/\/libwomenstore.com\/en\/","name":"Lib Women Store","description":"Magyarorsz\u00e1g els\u0151 n\u0151kre f\u00f3kusz\u00e1l\u00f3 szexshopja, ahol az eg\u00e9szs\u00e9g ugyanolyan fontos, mint az \u00e9lvezetek.","publisher":{"@id":"https:\/\/libwomenstore.com\/en\/#organization"},"alternateName":"Lib","potentialAction":[{"@type":"SearchAction","target":{"@type":"EntryPoint","urlTemplate":"https:\/\/libwomenstore.com\/en\/?s={search_term_string}"},"query-input":{"@type":"PropertyValueSpecification","valueRequired":true,"valueName":"search_term_string"}}],"inLanguage":"en-US"},{"@type":"Organization","@id":"https:\/\/libwomenstore.com\/en\/#organization","name":"Lib Women Store","url":"https:\/\/libwomenstore.com\/en\/","logo":{"@type":"ImageObject","inLanguage":"en-US","@id":"https:\/\/libwomenstore.com\/en\/#\/schema\/logo\/image\/","url":"https:\/\/libwomenstore.com\/wp-content\/uploads\/2024\/05\/cropped-LIB-logo-A.png","contentUrl":"https:\/\/libwomenstore.com\/wp-content\/uploads\/2024\/05\/cropped-LIB-logo-A.png","width":512,"height":512,"caption":"Lib Women Store"},"image":{"@id":"https:\/\/libwomenstore.com\/en\/#\/schema\/logo\/image\/"},"sameAs":["https:\/\/www.facebook.com\/libwomenstore"]}]},"product_price_amount":"46500","product_price_currency":"HUF","og_availability":"out of stock","product_availability":"out of stock","product_retailer_item_id":"LIB-WV006","product_condition":"new"},"_links":{"self":[{"href":"https:\/\/libwomenstore.com\/en\/wp-json\/wp\/v2\/product\/28445","targetHints":{"allow":["GET"]}}],"collection":[{"href":"https:\/\/libwomenstore.com\/en\/wp-json\/wp\/v2\/product"}],"about":[{"href":"https:\/\/libwomenstore.com\/en\/wp-json\/wp\/v2\/types\/product"}],"replies":[{"embeddable":true,"href":"https:\/\/libwomenstore.com\/en\/wp-json\/wp\/v2\/comments?post=28445"}],"wp:featuredmedia":[{"embeddable":true,"href":"https:\/\/libwomenstore.com\/en\/wp-json\/wp\/v2\/media\/31516"}],"wp:attachment":[{"href":"https:\/\/libwomenstore.com\/en\/wp-json\/wp\/v2\/media?parent=28445"}],"wp:term":[{"taxonomy":"product_brand","embeddable":true,"href":"https:\/\/libwomenstore.com\/en\/wp-json\/wp\/v2\/product_brand?post=28445"},{"taxonomy":"product_cat","embeddable":true,"href":"https:\/\/libwomenstore.com\/en\/wp-json\/wp\/v2\/product_cat?post=28445"},{"taxonomy":"product_tag","embeddable":true,"href":"https:\/\/libwomenstore.com\/en\/wp-json\/wp\/v2\/product_tag?post=28445"}],"curies":[{"name":"wp","href":"https:\/\/api.w.org\/{rel}","templated":true}]}}