{"id":28448,"date":"2024-04-16T12:05:42","date_gmt":"2024-04-16T10:05:42","guid":{"rendered":"https:\/\/uj.libwomenstore.com\/?post_type=product&#038;p=28448"},"modified":"2025-12-01T00:48:31","modified_gmt":"2025-11-30T23:48:31","slug":"we-vibe-moxie-wearable-panty-clitoris-vibrator-app","status":"publish","type":"product","link":"https:\/\/libwomenstore.com\/en\/product\/wearable\/we-vibe-moxie-wearable-panty-clitoris-vibrator-app\/","title":{"rendered":"WE-VIBE Moxie"},"content":{"rendered":"<div id=\"shopify-section-template--18539873173772__main\" class=\"shopify-section page-product\">\n<div class=\"product-wrap clearfix\">\n<form id=\"product-form-template--18539873173772__main\" class=\"product\" accept-charset=\"UTF-8\" action=\"https:\/\/libwomenstore.com\/en\/cart\/add\" enctype=\"multipart\/form-data\" method=\"post\" data-product-form=\"\">\n<div class=\"product__grid-top\">\n<div class=\"product__description rte product__block--border\">\n<p style=\"text-align: center;\"><span style=\"font-weight: 400;\">The perfectly contoured shape is made of silky-smooth body-safe silicone with a non-slip magnet that attaches to the panty, so it stays exactly where you want it.<\/span><\/p>\n<p style=\"text-align: center;\"><span style=\"font-weight: 400;\">\u00a0<\/span><\/p>\n<p style=\"text-align: center;\"><span style=\"font-weight: 400;\">Designed to be discreet, Moxie is very quiet so no one will know what you are up to.<\/span><\/p>\n<p style=\"text-align: center;\"><span style=\"font-weight: 400;\">\u00a0<\/span><\/p>\n<p style=\"text-align: center;\"><span style=\"font-weight: 400;\">Bluetooth tethering provides security and prevents other signals from interfering with the wireless connection.<\/span><\/p>\n<p style=\"text-align: center;\"><b>Tip<\/b><b>\u00a0<\/b><\/p>\n<p style=\"text-align: center;\"><span style=\"font-weight: 400;\">Spice up your next grocery store trip with Moxie!<\/span><\/p>\n<p style=\"text-align: center;\"><b>Features<\/b><span style=\"font-weight: 400;\">\u00a0<\/span><\/p>\n<p style=\"text-align: center;\"><span style=\"font-weight: 400;\">The material is silicone, phthalate, BPA and latex free.<\/span><\/p>\n<p style=\"text-align: center;\"><span style=\"font-weight: 400;\">\u00a0<\/span><\/p>\n<p style=\"text-align: center;\"><span style=\"font-weight: 400;\">10 vibration modes can be set on the device, plus the app, with which you can customize the vibration pattern that best suits you and your partner.<\/span><\/p>\n<p style=\"text-align: center;\"><span style=\"font-weight: 400;\">\u00a0<\/span><\/p>\n<p style=\"text-align: center;\"><span style=\"font-weight: 400;\">Fully waterproof product (IPX7)<\/span><\/p>\n<p style=\"text-align: center;\"><span style=\"font-weight: 400;\">\u00a0<\/span><\/p>\n<p style=\"text-align: center;\"><span style=\"font-weight: 400;\">Size: 9.2 x 6.43 x 3.575 cm<\/span><\/p>\n<p style=\"text-align: center;\"><span style=\"font-weight: 400;\">\u00a0<\/span><\/p>\n<p style=\"text-align: center;\"><span style=\"font-weight: 400;\">USB rechargeable.<\/span><\/p>\n<p style=\"text-align: center;\"><span style=\"font-weight: 400;\">\u00a0<\/span><\/p>\n<p style=\"text-align: center;\"><span style=\"font-weight: 400;\">Charging time: 1.5 hours, running time: 2 hours.<\/span><\/p>\n<p style=\"text-align: center;\"><b>Use &amp; Cleaning<\/b><\/p>\n<p style=\"text-align: center;\"><span style=\"font-weight: 400;\">This product can be disinfected with lukewarm soapy water or cleaning agents developed for this purpose.<\/span><span style=\"font-weight: 400;\">\u00a0<\/span><\/p>\n<p style=\"text-align: center;\"><span style=\"font-weight: 400;\">Use only water-based lubricants, as other types can weaken the silicone, thereby significantly shortening the life of the device.<\/span><\/p>\n<\/div>\n<\/div>\n<\/form>\n<\/div>\n<\/div>\n<div id=\"shopify-section-template--18539873173772__product-recommendations\" class=\"shopify-section static-product-recommendations\" style=\"text-align: center;\"><\/div>\n","protected":false},"excerpt":{"rendered":"<p style=\"text-align: left;\">Moxie provides discreet and sensual pleasure. Put it on and you can come and go freely, the Moxie stays in place!<\/p>\n","protected":false},"featured_media":31868,"comment_status":"open","ping_status":"closed","template":"","meta":{"_et_pb_use_builder":"","_et_pb_old_content":"","_et_gb_content_width":""},"product_brand":[],"product_cat":[513,355,554,318,343],"product_tag":[495],"class_list":{"0":"post-28448","1":"product","2":"type-product","3":"status-publish","4":"has-post-thumbnail","6":"product_cat-collabs","7":"product_cat-couple","8":"product_cat-lib-x-bliss-glass-toys-hand-crafted","9":"product_cat-vibrators","10":"product_cat-wearable","11":"product_tag-couples","13":"first","14":"instock","15":"taxable","16":"shipping-taxable","17":"purchasable","18":"product-type-simple"},"yoast_head":"<!-- This site is optimized with the Yoast SEO Premium plugin v27.4 (Yoast SEO v27.4) - https:\/\/yoast.com\/product\/yoast-seo-premium-wordpress\/ -->\n<title>WE-VIBE Moxie - Lib Women&#039;s Store<\/title>\n<meta name=\"description\" content=\"Moxie provides discreet and sensual pleasure. Put it on your panties and you can come and go freely, the Moxie stays in place!\" \/>\n<meta name=\"robots\" content=\"index, follow, max-snippet:-1, max-image-preview:large, max-video-preview:-1\" \/>\n<link rel=\"canonical\" href=\"https:\/\/libwomenstore.com\/en\/product\/wearable\/we-vibe-moxie-wearable-panty-clitoris-vibrator-app\/\" \/>\n<meta property=\"og:locale\" content=\"en_US\" \/>\n<meta property=\"og:type\" content=\"article\" \/>\n<meta property=\"og:title\" content=\"WE-VIBE Moxie\" \/>\n<meta property=\"og:description\" content=\"Moxie provides discreet and sensual pleasure. Put it on your panties and you can come and go freely, the Moxie stays in place!\" \/>\n<meta property=\"og:url\" content=\"https:\/\/libwomenstore.com\/en\/product\/wearable\/we-vibe-moxie-wearable-panty-clitoris-vibrator-app\/\" \/>\n<meta property=\"og:site_name\" content=\"Lib Women&#039;s Store\" \/>\n<meta property=\"article:publisher\" content=\"https:\/\/www.facebook.com\/libwomenstore\" \/>\n<meta property=\"article:modified_time\" content=\"2025-11-30T23:48:31+00:00\" \/>\n<meta property=\"og:image\" content=\"https:\/\/libwomenstore.com\/wp-content\/uploads\/2024\/04\/we-vibe_moxie_hordhato.jpg\" \/>\n\t<meta property=\"og:image:width\" content=\"600\" \/>\n\t<meta property=\"og:image:height\" content=\"600\" \/>\n\t<meta property=\"og:image:type\" content=\"image\/jpeg\" \/>\n<meta name=\"twitter:card\" content=\"summary_large_image\" \/>\n<meta name=\"twitter:label1\" content=\"Price\" \/>\n\t<meta name=\"twitter:data1\" content=\"52.000&#070;&#116;\" \/>\n\t<meta name=\"twitter:label2\" content=\"Availability\" \/>\n\t<meta name=\"twitter:data2\" content=\"In stock\" \/>\n<script type=\"application\/ld+json\" class=\"yoast-schema-graph\">{\"@context\":\"https:\\\/\\\/schema.org\",\"@graph\":[{\"@type\":[\"WebPage\",\"ItemPage\"],\"@id\":\"https:\\\/\\\/libwomenstore.com\\\/en\\\/product\\\/wearable\\\/we-vibe-moxie-wearable-panty-clitoris-vibrator-app\\\/\",\"url\":\"https:\\\/\\\/libwomenstore.com\\\/en\\\/product\\\/wearable\\\/we-vibe-moxie-wearable-panty-clitoris-vibrator-app\\\/\",\"name\":\"WE-VIBE Moxie - Lib Women&#039;s Store\",\"isPartOf\":{\"@id\":\"https:\\\/\\\/libwomenstore.com\\\/en\\\/#website\"},\"primaryImageOfPage\":{\"@id\":\"https:\\\/\\\/libwomenstore.com\\\/en\\\/product\\\/wearable\\\/we-vibe-moxie-wearable-panty-clitoris-vibrator-app\\\/#primaryimage\"},\"image\":{\"@id\":\"https:\\\/\\\/libwomenstore.com\\\/en\\\/product\\\/wearable\\\/we-vibe-moxie-wearable-panty-clitoris-vibrator-app\\\/#primaryimage\"},\"thumbnailUrl\":\"https:\\\/\\\/libwomenstore.com\\\/wp-content\\\/uploads\\\/2024\\\/04\\\/we-vibe_moxie_hordhato.jpg\",\"datePublished\":\"2024-04-16T10:05:42+00:00\",\"dateModified\":\"2025-11-30T23:48:31+00:00\",\"description\":\"Moxie provides discreet and sensual pleasure. Put it on your panties and you can come and go freely, the Moxie stays in place!\",\"breadcrumb\":{\"@id\":\"https:\\\/\\\/libwomenstore.com\\\/en\\\/product\\\/wearable\\\/we-vibe-moxie-wearable-panty-clitoris-vibrator-app\\\/#breadcrumb\"},\"inLanguage\":\"en-US\",\"potentialAction\":[{\"@type\":\"ReadAction\",\"target\":[\"https:\\\/\\\/libwomenstore.com\\\/en\\\/product\\\/wearable\\\/we-vibe-moxie-wearable-panty-clitoris-vibrator-app\\\/\"]}]},{\"@type\":\"ImageObject\",\"inLanguage\":\"en-US\",\"@id\":\"https:\\\/\\\/libwomenstore.com\\\/en\\\/product\\\/wearable\\\/we-vibe-moxie-wearable-panty-clitoris-vibrator-app\\\/#primaryimage\",\"url\":\"https:\\\/\\\/libwomenstore.com\\\/wp-content\\\/uploads\\\/2024\\\/04\\\/we-vibe_moxie_hordhato.jpg\",\"contentUrl\":\"https:\\\/\\\/libwomenstore.com\\\/wp-content\\\/uploads\\\/2024\\\/04\\\/we-vibe_moxie_hordhato.jpg\",\"width\":600,\"height\":600,\"caption\":\"We-vibe Moxie hordhat\u00f3 vibr\u00e1tor p\u00e1roknak\"},{\"@type\":\"BreadcrumbList\",\"@id\":\"https:\\\/\\\/libwomenstore.com\\\/en\\\/product\\\/wearable\\\/we-vibe-moxie-wearable-panty-clitoris-vibrator-app\\\/#breadcrumb\",\"itemListElement\":[{\"@type\":\"ListItem\",\"position\":1,\"name\":\"Kezd\u0151lap\",\"item\":\"https:\\\/\\\/libwomenstore.com\\\/en\\\/\"},{\"@type\":\"ListItem\",\"position\":2,\"name\":\"Shop Home Page &#8211; Product categories\",\"item\":\"https:\\\/\\\/libwomenstore.com\\\/shop-kezdolap-termek-kategoriak\\\/?lang=en\"},{\"@type\":\"ListItem\",\"position\":3,\"name\":\"WE-VIBE Moxie\"}]},{\"@type\":\"WebSite\",\"@id\":\"https:\\\/\\\/libwomenstore.com\\\/en\\\/#website\",\"url\":\"https:\\\/\\\/libwomenstore.com\\\/en\\\/\",\"name\":\"Lib Women Store\",\"description\":\"Magyarorsz\u00e1g els\u0151 n\u0151kre f\u00f3kusz\u00e1l\u00f3 szexshopja, ahol az eg\u00e9szs\u00e9g ugyanolyan fontos, mint az \u00e9lvezetek.\",\"publisher\":{\"@id\":\"https:\\\/\\\/libwomenstore.com\\\/en\\\/#organization\"},\"alternateName\":\"Lib\",\"potentialAction\":[{\"@type\":\"SearchAction\",\"target\":{\"@type\":\"EntryPoint\",\"urlTemplate\":\"https:\\\/\\\/libwomenstore.com\\\/en\\\/?s={search_term_string}\"},\"query-input\":{\"@type\":\"PropertyValueSpecification\",\"valueRequired\":true,\"valueName\":\"search_term_string\"}}],\"inLanguage\":\"en-US\"},{\"@type\":\"Organization\",\"@id\":\"https:\\\/\\\/libwomenstore.com\\\/en\\\/#organization\",\"name\":\"Lib Women Store\",\"url\":\"https:\\\/\\\/libwomenstore.com\\\/en\\\/\",\"logo\":{\"@type\":\"ImageObject\",\"inLanguage\":\"en-US\",\"@id\":\"https:\\\/\\\/libwomenstore.com\\\/en\\\/#\\\/schema\\\/logo\\\/image\\\/\",\"url\":\"https:\\\/\\\/libwomenstore.com\\\/wp-content\\\/uploads\\\/2024\\\/05\\\/cropped-LIB-logo-A.png\",\"contentUrl\":\"https:\\\/\\\/libwomenstore.com\\\/wp-content\\\/uploads\\\/2024\\\/05\\\/cropped-LIB-logo-A.png\",\"width\":512,\"height\":512,\"caption\":\"Lib Women Store\"},\"image\":{\"@id\":\"https:\\\/\\\/libwomenstore.com\\\/en\\\/#\\\/schema\\\/logo\\\/image\\\/\"},\"sameAs\":[\"https:\\\/\\\/www.facebook.com\\\/libwomenstore\"]}]}<\/script>\n<meta property=\"product:price:amount\" content=\"52000\" \/>\n<meta property=\"product:price:currency\" content=\"HUF\" \/>\n<meta property=\"og:availability\" content=\"instock\" \/>\n<meta property=\"product:availability\" content=\"instock\" \/>\n<meta property=\"product:retailer_item_id\" content=\"LIB-WV004\" \/>\n<meta property=\"product:condition\" content=\"new\" \/>\n<!-- \/ Yoast SEO Premium plugin. -->","yoast_head_json":{"title":"WE-VIBE Moxie - Lib Women&#039;s Store","description":"Moxie provides discreet and sensual pleasure. Put it on your panties and you can come and go freely, the Moxie stays in place!","robots":{"index":"index","follow":"follow","max-snippet":"max-snippet:-1","max-image-preview":"max-image-preview:large","max-video-preview":"max-video-preview:-1"},"canonical":"https:\/\/libwomenstore.com\/en\/product\/wearable\/we-vibe-moxie-wearable-panty-clitoris-vibrator-app\/","og_locale":"en_US","og_type":"article","og_title":"WE-VIBE Moxie","og_description":"Moxie provides discreet and sensual pleasure. Put it on your panties and you can come and go freely, the Moxie stays in place!","og_url":"https:\/\/libwomenstore.com\/en\/product\/wearable\/we-vibe-moxie-wearable-panty-clitoris-vibrator-app\/","og_site_name":"Lib Women&#039;s Store","article_publisher":"https:\/\/www.facebook.com\/libwomenstore","article_modified_time":"2025-11-30T23:48:31+00:00","og_image":[{"width":600,"height":600,"url":"https:\/\/libwomenstore.com\/wp-content\/uploads\/2024\/04\/we-vibe_moxie_hordhato.jpg","type":"image\/jpeg"}],"twitter_card":"summary_large_image","twitter_misc":{"Price":"52.000&#70;&#116;","Availability":"In stock"},"schema":{"@context":"https:\/\/schema.org","@graph":[{"@type":["WebPage","ItemPage"],"@id":"https:\/\/libwomenstore.com\/en\/product\/wearable\/we-vibe-moxie-wearable-panty-clitoris-vibrator-app\/","url":"https:\/\/libwomenstore.com\/en\/product\/wearable\/we-vibe-moxie-wearable-panty-clitoris-vibrator-app\/","name":"WE-VIBE Moxie - Lib Women&#039;s Store","isPartOf":{"@id":"https:\/\/libwomenstore.com\/en\/#website"},"primaryImageOfPage":{"@id":"https:\/\/libwomenstore.com\/en\/product\/wearable\/we-vibe-moxie-wearable-panty-clitoris-vibrator-app\/#primaryimage"},"image":{"@id":"https:\/\/libwomenstore.com\/en\/product\/wearable\/we-vibe-moxie-wearable-panty-clitoris-vibrator-app\/#primaryimage"},"thumbnailUrl":"https:\/\/libwomenstore.com\/wp-content\/uploads\/2024\/04\/we-vibe_moxie_hordhato.jpg","datePublished":"2024-04-16T10:05:42+00:00","dateModified":"2025-11-30T23:48:31+00:00","description":"Moxie provides discreet and sensual pleasure. Put it on your panties and you can come and go freely, the Moxie stays in place!","breadcrumb":{"@id":"https:\/\/libwomenstore.com\/en\/product\/wearable\/we-vibe-moxie-wearable-panty-clitoris-vibrator-app\/#breadcrumb"},"inLanguage":"en-US","potentialAction":[{"@type":"ReadAction","target":["https:\/\/libwomenstore.com\/en\/product\/wearable\/we-vibe-moxie-wearable-panty-clitoris-vibrator-app\/"]}]},{"@type":"ImageObject","inLanguage":"en-US","@id":"https:\/\/libwomenstore.com\/en\/product\/wearable\/we-vibe-moxie-wearable-panty-clitoris-vibrator-app\/#primaryimage","url":"https:\/\/libwomenstore.com\/wp-content\/uploads\/2024\/04\/we-vibe_moxie_hordhato.jpg","contentUrl":"https:\/\/libwomenstore.com\/wp-content\/uploads\/2024\/04\/we-vibe_moxie_hordhato.jpg","width":600,"height":600,"caption":"We-vibe Moxie hordhat\u00f3 vibr\u00e1tor p\u00e1roknak"},{"@type":"BreadcrumbList","@id":"https:\/\/libwomenstore.com\/en\/product\/wearable\/we-vibe-moxie-wearable-panty-clitoris-vibrator-app\/#breadcrumb","itemListElement":[{"@type":"ListItem","position":1,"name":"Kezd\u0151lap","item":"https:\/\/libwomenstore.com\/en\/"},{"@type":"ListItem","position":2,"name":"Shop Home Page &#8211; Product categories","item":"https:\/\/libwomenstore.com\/shop-kezdolap-termek-kategoriak\/?lang=en"},{"@type":"ListItem","position":3,"name":"WE-VIBE Moxie"}]},{"@type":"WebSite","@id":"https:\/\/libwomenstore.com\/en\/#website","url":"https:\/\/libwomenstore.com\/en\/","name":"Lib Women Store","description":"Magyarorsz\u00e1g els\u0151 n\u0151kre f\u00f3kusz\u00e1l\u00f3 szexshopja, ahol az eg\u00e9szs\u00e9g ugyanolyan fontos, mint az \u00e9lvezetek.","publisher":{"@id":"https:\/\/libwomenstore.com\/en\/#organization"},"alternateName":"Lib","potentialAction":[{"@type":"SearchAction","target":{"@type":"EntryPoint","urlTemplate":"https:\/\/libwomenstore.com\/en\/?s={search_term_string}"},"query-input":{"@type":"PropertyValueSpecification","valueRequired":true,"valueName":"search_term_string"}}],"inLanguage":"en-US"},{"@type":"Organization","@id":"https:\/\/libwomenstore.com\/en\/#organization","name":"Lib Women Store","url":"https:\/\/libwomenstore.com\/en\/","logo":{"@type":"ImageObject","inLanguage":"en-US","@id":"https:\/\/libwomenstore.com\/en\/#\/schema\/logo\/image\/","url":"https:\/\/libwomenstore.com\/wp-content\/uploads\/2024\/05\/cropped-LIB-logo-A.png","contentUrl":"https:\/\/libwomenstore.com\/wp-content\/uploads\/2024\/05\/cropped-LIB-logo-A.png","width":512,"height":512,"caption":"Lib Women Store"},"image":{"@id":"https:\/\/libwomenstore.com\/en\/#\/schema\/logo\/image\/"},"sameAs":["https:\/\/www.facebook.com\/libwomenstore"]}]},"product_price_amount":"52000","product_price_currency":"HUF","og_availability":"instock","product_availability":"instock","product_retailer_item_id":"LIB-WV004","product_condition":"new"},"_links":{"self":[{"href":"https:\/\/libwomenstore.com\/en\/wp-json\/wp\/v2\/product\/28448","targetHints":{"allow":["GET"]}}],"collection":[{"href":"https:\/\/libwomenstore.com\/en\/wp-json\/wp\/v2\/product"}],"about":[{"href":"https:\/\/libwomenstore.com\/en\/wp-json\/wp\/v2\/types\/product"}],"replies":[{"embeddable":true,"href":"https:\/\/libwomenstore.com\/en\/wp-json\/wp\/v2\/comments?post=28448"}],"wp:featuredmedia":[{"embeddable":true,"href":"https:\/\/libwomenstore.com\/en\/wp-json\/wp\/v2\/media\/31868"}],"wp:attachment":[{"href":"https:\/\/libwomenstore.com\/en\/wp-json\/wp\/v2\/media?parent=28448"}],"wp:term":[{"taxonomy":"product_brand","embeddable":true,"href":"https:\/\/libwomenstore.com\/en\/wp-json\/wp\/v2\/product_brand?post=28448"},{"taxonomy":"product_cat","embeddable":true,"href":"https:\/\/libwomenstore.com\/en\/wp-json\/wp\/v2\/product_cat?post=28448"},{"taxonomy":"product_tag","embeddable":true,"href":"https:\/\/libwomenstore.com\/en\/wp-json\/wp\/v2\/product_tag?post=28448"}],"curies":[{"name":"wp","href":"https:\/\/api.w.org\/{rel}","templated":true}]}}