{"id":28455,"date":"2024-04-16T12:05:32","date_gmt":"2024-04-16T10:05:32","guid":{"rendered":"https:\/\/uj.libwomenstore.com\/?post_type=product&#038;p=28455"},"modified":"2025-12-11T08:14:55","modified_gmt":"2025-12-11T07:14:55","slug":"uberlube-silicone-based-lubricant-55ml-high-quality-travel-sized","status":"publish","type":"product","link":"https:\/\/libwomenstore.com\/en\/product\/lubes-and-massage-gels\/uberlube-silicone-based-lubricant-55ml-high-quality-travel-sized\/","title":{"rendered":"\u00dcBERLUBE Silicone-based Lubricant"},"content":{"rendered":"<p style=\"text-align: center;\"><span style=\"font-weight: 400;\">\u00dcberlube was originally developed for sex, but the results are so good that it can be used in many areas of life. It protects your skin and nipples from abrasion when playing sports. It protects your hair and skin from chlorine and bromine when swimming. It is worth using a small amount before drying your hair for heat protection, and after drying it helps keep your locks under control. It reduces skin irritation after shaving, making the skin silky and soft.    <\/span><\/p>\n<p style=\"text-align: center;\"><b>Tip<\/b><\/p>\n<p style=\"text-align: center;\"><span style=\"font-weight: 400;\">Small amounts of \u00dcberlube can be swallowed, so it can also be used for oral sex. Stephen, the inventor of \u00dcberlube, drank a small glass of it and still has it. <\/span><\/p>\n<p style=\"text-align: center;\"><b>Features<\/b><\/p>\n<p style=\"text-align: center;\">Vegan and cruelty-free product.<\/p>\n<p style=\"text-align: center;\"><span style=\"font-weight: 400;\">Ingredients: Dimethicone, Dimethiconol, Cyclomethicone, Tocopheryl Acetate (Vitamin E).<\/span><\/p>\n<p style=\"text-align: center;\">Free from parabens, glycerin, gluten, preservatives and petrochemicals.<\/p>\n<p style=\"text-align: center;\"><span style=\"color: #ff2a00;\">Do not use with silicone-based sex toys! Not compatible with polyurethane condoms! <\/span><\/p>\n<p style=\"text-align: center;\"><b>Usage &amp; Cleaning<\/b><\/p>\n<p style=\"text-align: center;\"><span style=\"font-weight: 400;\">If \u00dcberlube is spilled, it can be easily cleaned up with a little detergent and water.<\/span><\/p>\n","protected":false},"excerpt":{"rendered":"<p style=\"text-align: left;\"><span style=\"font-weight: 400;\">Long-lasting performance that allows both of you to enjoy skin-to-skin contact. Simple, body- and condom-friendly ingredients. Dissolves when no longer needed \u2013 no sticky residue.  <\/span><\/p>\n<p style=\"text-align: left;\"><span style=\"font-weight: 400;\">Recommended by leading doctors. Fragrance and dye free. <\/span><\/p>\n","protected":false},"featured_media":26857,"comment_status":"open","ping_status":"closed","template":"","meta":{"_et_pb_use_builder":"","_et_pb_old_content":"","_et_gb_content_width":""},"product_brand":[],"product_cat":[358,357],"product_tag":[690,698,699,700],"class_list":{"0":"post-28455","1":"product","2":"type-product","3":"status-publish","4":"has-post-thumbnail","6":"product_cat-lubes-and-massage-gels","7":"product_cat-silicone-based-lubes","8":"product_tag-lubricant","9":"product_tag-massage-gel","10":"product_tag-multifunctional","11":"product_tag-uberlube-en","13":"first","14":"outofstock","15":"taxable","16":"shipping-taxable","17":"purchasable","18":"product-type-variable"},"yoast_head":"<!-- This site is optimized with the Yoast SEO Premium plugin v27.4 (Yoast SEO v27.4) - https:\/\/yoast.com\/product\/yoast-seo-premium-wordpress\/ -->\n<title>\u00dcBERLUBE Silicone-based Lubricant - Lib Women&#039;s Store<\/title>\n<meta name=\"description\" content=\"Recommended by leading doctors. A fragrance-free, dye-free silicone lubricant that provides long-lasting and enjoyable body contact for both of you.\" \/>\n<meta name=\"robots\" content=\"index, follow, max-snippet:-1, max-image-preview:large, max-video-preview:-1\" \/>\n<link rel=\"canonical\" href=\"https:\/\/libwomenstore.com\/en\/product\/lubes-and-massage-gels\/uberlube-silicone-based-lubricant-55ml-high-quality-travel-sized\/\" \/>\n<meta property=\"og:locale\" content=\"en_US\" \/>\n<meta property=\"og:type\" content=\"article\" \/>\n<meta property=\"og:title\" content=\"\u00dcBERLUBE Silicone-based Lubricant\" \/>\n<meta property=\"og:description\" content=\"Recommended by leading doctors. A fragrance-free, dye-free silicone lubricant that provides long-lasting and enjoyable body contact for both of you.\" \/>\n<meta property=\"og:url\" content=\"https:\/\/libwomenstore.com\/en\/product\/lubes-and-massage-gels\/uberlube-silicone-based-lubricant-55ml-high-quality-travel-sized\/\" \/>\n<meta property=\"og:site_name\" content=\"Lib Women&#039;s Store\" \/>\n<meta property=\"article:publisher\" content=\"https:\/\/www.facebook.com\/libwomenstore\" \/>\n<meta property=\"article:modified_time\" content=\"2025-12-11T07:14:55+00:00\" \/>\n<meta property=\"og:image\" content=\"https:\/\/libwomenstore.com\/wp-content\/uploads\/2024\/04\/Uberlube_Silicone_Lubricant_50ml.png\" \/>\n\t<meta property=\"og:image:width\" content=\"1214\" \/>\n\t<meta property=\"og:image:height\" content=\"1214\" \/>\n\t<meta property=\"og:image:type\" content=\"image\/png\" \/>\n<meta name=\"twitter:card\" content=\"summary_large_image\" \/>\n<meta name=\"twitter:label1\" content=\"Availability\" \/>\n\t<meta name=\"twitter:data1\" content=\"Out of stock\" \/>\n<script type=\"application\/ld+json\" class=\"yoast-schema-graph\">{\"@context\":\"https:\\\/\\\/schema.org\",\"@graph\":[{\"@type\":[\"WebPage\",\"ItemPage\"],\"@id\":\"https:\\\/\\\/libwomenstore.com\\\/en\\\/product\\\/lubes-and-massage-gels\\\/uberlube-silicone-based-lubricant-55ml-high-quality-travel-sized\\\/\",\"url\":\"https:\\\/\\\/libwomenstore.com\\\/en\\\/product\\\/lubes-and-massage-gels\\\/uberlube-silicone-based-lubricant-55ml-high-quality-travel-sized\\\/\",\"name\":\"\u00dcBERLUBE Silicone-based Lubricant - Lib Women&#039;s Store\",\"isPartOf\":{\"@id\":\"https:\\\/\\\/libwomenstore.com\\\/en\\\/#website\"},\"primaryImageOfPage\":{\"@id\":\"https:\\\/\\\/libwomenstore.com\\\/en\\\/product\\\/lubes-and-massage-gels\\\/uberlube-silicone-based-lubricant-55ml-high-quality-travel-sized\\\/#primaryimage\"},\"image\":{\"@id\":\"https:\\\/\\\/libwomenstore.com\\\/en\\\/product\\\/lubes-and-massage-gels\\\/uberlube-silicone-based-lubricant-55ml-high-quality-travel-sized\\\/#primaryimage\"},\"thumbnailUrl\":\"https:\\\/\\\/libwomenstore.com\\\/wp-content\\\/uploads\\\/2024\\\/04\\\/Uberlube_Silicone_Lubricant_50ml.png\",\"datePublished\":\"2024-04-16T10:05:32+00:00\",\"dateModified\":\"2025-12-11T07:14:55+00:00\",\"description\":\"Recommended by leading doctors. A fragrance-free, dye-free silicone lubricant that provides long-lasting and enjoyable body contact for both of you.\",\"breadcrumb\":{\"@id\":\"https:\\\/\\\/libwomenstore.com\\\/en\\\/product\\\/lubes-and-massage-gels\\\/uberlube-silicone-based-lubricant-55ml-high-quality-travel-sized\\\/#breadcrumb\"},\"inLanguage\":\"en-US\",\"potentialAction\":[{\"@type\":\"ReadAction\",\"target\":[\"https:\\\/\\\/libwomenstore.com\\\/en\\\/product\\\/lubes-and-massage-gels\\\/uberlube-silicone-based-lubricant-55ml-high-quality-travel-sized\\\/\"]}]},{\"@type\":\"ImageObject\",\"inLanguage\":\"en-US\",\"@id\":\"https:\\\/\\\/libwomenstore.com\\\/en\\\/product\\\/lubes-and-massage-gels\\\/uberlube-silicone-based-lubricant-55ml-high-quality-travel-sized\\\/#primaryimage\",\"url\":\"https:\\\/\\\/libwomenstore.com\\\/wp-content\\\/uploads\\\/2024\\\/04\\\/Uberlube_Silicone_Lubricant_50ml.png\",\"contentUrl\":\"https:\\\/\\\/libwomenstore.com\\\/wp-content\\\/uploads\\\/2024\\\/04\\\/Uberlube_Silicone_Lubricant_50ml.png\",\"width\":1214,\"height\":1214,\"caption\":\"\u00dcberlube Szilikon B\u00e1zis\u00fa Selymes S\u00edkos\u00edt\u00f3\"},{\"@type\":\"BreadcrumbList\",\"@id\":\"https:\\\/\\\/libwomenstore.com\\\/en\\\/product\\\/lubes-and-massage-gels\\\/uberlube-silicone-based-lubricant-55ml-high-quality-travel-sized\\\/#breadcrumb\",\"itemListElement\":[{\"@type\":\"ListItem\",\"position\":1,\"name\":\"Kezd\u0151lap\",\"item\":\"https:\\\/\\\/libwomenstore.com\\\/en\\\/\"},{\"@type\":\"ListItem\",\"position\":2,\"name\":\"Shop Home Page &#8211; Product categories\",\"item\":\"https:\\\/\\\/libwomenstore.com\\\/shop-kezdolap-termek-kategoriak\\\/?lang=en\"},{\"@type\":\"ListItem\",\"position\":3,\"name\":\"\u00dcBERLUBE Silicone-based Lubricant\"}]},{\"@type\":\"WebSite\",\"@id\":\"https:\\\/\\\/libwomenstore.com\\\/en\\\/#website\",\"url\":\"https:\\\/\\\/libwomenstore.com\\\/en\\\/\",\"name\":\"Lib Women Store\",\"description\":\"Magyarorsz\u00e1g els\u0151 n\u0151kre f\u00f3kusz\u00e1l\u00f3 szexshopja, ahol az eg\u00e9szs\u00e9g ugyanolyan fontos, mint az \u00e9lvezetek.\",\"publisher\":{\"@id\":\"https:\\\/\\\/libwomenstore.com\\\/en\\\/#organization\"},\"alternateName\":\"Lib\",\"potentialAction\":[{\"@type\":\"SearchAction\",\"target\":{\"@type\":\"EntryPoint\",\"urlTemplate\":\"https:\\\/\\\/libwomenstore.com\\\/en\\\/?s={search_term_string}\"},\"query-input\":{\"@type\":\"PropertyValueSpecification\",\"valueRequired\":true,\"valueName\":\"search_term_string\"}}],\"inLanguage\":\"en-US\"},{\"@type\":\"Organization\",\"@id\":\"https:\\\/\\\/libwomenstore.com\\\/en\\\/#organization\",\"name\":\"Lib Women Store\",\"url\":\"https:\\\/\\\/libwomenstore.com\\\/en\\\/\",\"logo\":{\"@type\":\"ImageObject\",\"inLanguage\":\"en-US\",\"@id\":\"https:\\\/\\\/libwomenstore.com\\\/en\\\/#\\\/schema\\\/logo\\\/image\\\/\",\"url\":\"https:\\\/\\\/libwomenstore.com\\\/wp-content\\\/uploads\\\/2024\\\/05\\\/cropped-LIB-logo-A.png\",\"contentUrl\":\"https:\\\/\\\/libwomenstore.com\\\/wp-content\\\/uploads\\\/2024\\\/05\\\/cropped-LIB-logo-A.png\",\"width\":512,\"height\":512,\"caption\":\"Lib Women Store\"},\"image\":{\"@id\":\"https:\\\/\\\/libwomenstore.com\\\/en\\\/#\\\/schema\\\/logo\\\/image\\\/\"},\"sameAs\":[\"https:\\\/\\\/www.facebook.com\\\/libwomenstore\"]}]}<\/script>\n<meta property=\"og:availability\" content=\"out of stock\" \/>\n<meta property=\"product:availability\" content=\"out of stock\" \/>\n<meta property=\"product:retailer_item_id\" content=\"LIB-UL001.1\" \/>\n<meta property=\"product:condition\" content=\"new\" \/>\n<!-- \/ Yoast SEO Premium plugin. -->","yoast_head_json":{"title":"\u00dcBERLUBE Silicone-based Lubricant - Lib Women&#039;s Store","description":"Recommended by leading doctors. A fragrance-free, dye-free silicone lubricant that provides long-lasting and enjoyable body contact for both of you.","robots":{"index":"index","follow":"follow","max-snippet":"max-snippet:-1","max-image-preview":"max-image-preview:large","max-video-preview":"max-video-preview:-1"},"canonical":"https:\/\/libwomenstore.com\/en\/product\/lubes-and-massage-gels\/uberlube-silicone-based-lubricant-55ml-high-quality-travel-sized\/","og_locale":"en_US","og_type":"article","og_title":"\u00dcBERLUBE Silicone-based Lubricant","og_description":"Recommended by leading doctors. A fragrance-free, dye-free silicone lubricant that provides long-lasting and enjoyable body contact for both of you.","og_url":"https:\/\/libwomenstore.com\/en\/product\/lubes-and-massage-gels\/uberlube-silicone-based-lubricant-55ml-high-quality-travel-sized\/","og_site_name":"Lib Women&#039;s Store","article_publisher":"https:\/\/www.facebook.com\/libwomenstore","article_modified_time":"2025-12-11T07:14:55+00:00","og_image":[{"width":1214,"height":1214,"url":"https:\/\/libwomenstore.com\/wp-content\/uploads\/2024\/04\/Uberlube_Silicone_Lubricant_50ml.png","type":"image\/png"}],"twitter_card":"summary_large_image","twitter_misc":{"Availability":"Out of stock"},"schema":{"@context":"https:\/\/schema.org","@graph":[{"@type":["WebPage","ItemPage"],"@id":"https:\/\/libwomenstore.com\/en\/product\/lubes-and-massage-gels\/uberlube-silicone-based-lubricant-55ml-high-quality-travel-sized\/","url":"https:\/\/libwomenstore.com\/en\/product\/lubes-and-massage-gels\/uberlube-silicone-based-lubricant-55ml-high-quality-travel-sized\/","name":"\u00dcBERLUBE Silicone-based Lubricant - Lib Women&#039;s Store","isPartOf":{"@id":"https:\/\/libwomenstore.com\/en\/#website"},"primaryImageOfPage":{"@id":"https:\/\/libwomenstore.com\/en\/product\/lubes-and-massage-gels\/uberlube-silicone-based-lubricant-55ml-high-quality-travel-sized\/#primaryimage"},"image":{"@id":"https:\/\/libwomenstore.com\/en\/product\/lubes-and-massage-gels\/uberlube-silicone-based-lubricant-55ml-high-quality-travel-sized\/#primaryimage"},"thumbnailUrl":"https:\/\/libwomenstore.com\/wp-content\/uploads\/2024\/04\/Uberlube_Silicone_Lubricant_50ml.png","datePublished":"2024-04-16T10:05:32+00:00","dateModified":"2025-12-11T07:14:55+00:00","description":"Recommended by leading doctors. A fragrance-free, dye-free silicone lubricant that provides long-lasting and enjoyable body contact for both of you.","breadcrumb":{"@id":"https:\/\/libwomenstore.com\/en\/product\/lubes-and-massage-gels\/uberlube-silicone-based-lubricant-55ml-high-quality-travel-sized\/#breadcrumb"},"inLanguage":"en-US","potentialAction":[{"@type":"ReadAction","target":["https:\/\/libwomenstore.com\/en\/product\/lubes-and-massage-gels\/uberlube-silicone-based-lubricant-55ml-high-quality-travel-sized\/"]}]},{"@type":"ImageObject","inLanguage":"en-US","@id":"https:\/\/libwomenstore.com\/en\/product\/lubes-and-massage-gels\/uberlube-silicone-based-lubricant-55ml-high-quality-travel-sized\/#primaryimage","url":"https:\/\/libwomenstore.com\/wp-content\/uploads\/2024\/04\/Uberlube_Silicone_Lubricant_50ml.png","contentUrl":"https:\/\/libwomenstore.com\/wp-content\/uploads\/2024\/04\/Uberlube_Silicone_Lubricant_50ml.png","width":1214,"height":1214,"caption":"\u00dcberlube Szilikon B\u00e1zis\u00fa Selymes S\u00edkos\u00edt\u00f3"},{"@type":"BreadcrumbList","@id":"https:\/\/libwomenstore.com\/en\/product\/lubes-and-massage-gels\/uberlube-silicone-based-lubricant-55ml-high-quality-travel-sized\/#breadcrumb","itemListElement":[{"@type":"ListItem","position":1,"name":"Kezd\u0151lap","item":"https:\/\/libwomenstore.com\/en\/"},{"@type":"ListItem","position":2,"name":"Shop Home Page &#8211; Product categories","item":"https:\/\/libwomenstore.com\/shop-kezdolap-termek-kategoriak\/?lang=en"},{"@type":"ListItem","position":3,"name":"\u00dcBERLUBE Silicone-based Lubricant"}]},{"@type":"WebSite","@id":"https:\/\/libwomenstore.com\/en\/#website","url":"https:\/\/libwomenstore.com\/en\/","name":"Lib Women Store","description":"Magyarorsz\u00e1g els\u0151 n\u0151kre f\u00f3kusz\u00e1l\u00f3 szexshopja, ahol az eg\u00e9szs\u00e9g ugyanolyan fontos, mint az \u00e9lvezetek.","publisher":{"@id":"https:\/\/libwomenstore.com\/en\/#organization"},"alternateName":"Lib","potentialAction":[{"@type":"SearchAction","target":{"@type":"EntryPoint","urlTemplate":"https:\/\/libwomenstore.com\/en\/?s={search_term_string}"},"query-input":{"@type":"PropertyValueSpecification","valueRequired":true,"valueName":"search_term_string"}}],"inLanguage":"en-US"},{"@type":"Organization","@id":"https:\/\/libwomenstore.com\/en\/#organization","name":"Lib Women Store","url":"https:\/\/libwomenstore.com\/en\/","logo":{"@type":"ImageObject","inLanguage":"en-US","@id":"https:\/\/libwomenstore.com\/en\/#\/schema\/logo\/image\/","url":"https:\/\/libwomenstore.com\/wp-content\/uploads\/2024\/05\/cropped-LIB-logo-A.png","contentUrl":"https:\/\/libwomenstore.com\/wp-content\/uploads\/2024\/05\/cropped-LIB-logo-A.png","width":512,"height":512,"caption":"Lib Women Store"},"image":{"@id":"https:\/\/libwomenstore.com\/en\/#\/schema\/logo\/image\/"},"sameAs":["https:\/\/www.facebook.com\/libwomenstore"]}]},"og_availability":"out of stock","product_availability":"out of stock","product_retailer_item_id":"LIB-UL001.1","product_condition":"new"},"_links":{"self":[{"href":"https:\/\/libwomenstore.com\/en\/wp-json\/wp\/v2\/product\/28455","targetHints":{"allow":["GET"]}}],"collection":[{"href":"https:\/\/libwomenstore.com\/en\/wp-json\/wp\/v2\/product"}],"about":[{"href":"https:\/\/libwomenstore.com\/en\/wp-json\/wp\/v2\/types\/product"}],"replies":[{"embeddable":true,"href":"https:\/\/libwomenstore.com\/en\/wp-json\/wp\/v2\/comments?post=28455"}],"wp:featuredmedia":[{"embeddable":true,"href":"https:\/\/libwomenstore.com\/en\/wp-json\/wp\/v2\/media\/26857"}],"wp:attachment":[{"href":"https:\/\/libwomenstore.com\/en\/wp-json\/wp\/v2\/media?parent=28455"}],"wp:term":[{"taxonomy":"product_brand","embeddable":true,"href":"https:\/\/libwomenstore.com\/en\/wp-json\/wp\/v2\/product_brand?post=28455"},{"taxonomy":"product_cat","embeddable":true,"href":"https:\/\/libwomenstore.com\/en\/wp-json\/wp\/v2\/product_cat?post=28455"},{"taxonomy":"product_tag","embeddable":true,"href":"https:\/\/libwomenstore.com\/en\/wp-json\/wp\/v2\/product_tag?post=28455"}],"curies":[{"name":"wp","href":"https:\/\/api.w.org\/{rel}","templated":true}]}}