{"id":28459,"date":"2024-04-16T12:05:27","date_gmt":"2024-04-16T10:05:27","guid":{"rendered":"https:\/\/uj.libwomenstore.com\/?post_type=product&#038;p=28459"},"modified":"2025-01-10T12:54:09","modified_gmt":"2025-01-10T11:54:09","slug":"szombat-eva-i-want-orgasms-not-roses-photo-book","status":"publish","type":"product","link":"https:\/\/libwomenstore.com\/en\/product\/books\/szombat-eva-i-want-orgasms-not-roses-photo-book\/","title":{"rendered":"SZOMBAT \u00c9VA: I want orgasms not roses"},"content":{"rendered":"<p style=\"text-align: center;\"><strong>Published by<\/strong> Kehrer Verlag, Heidelberg<br \/>\n<strong>Release:<\/strong> 2022<br \/>\n<strong>Contributor<\/strong>: \u00c9va SOMBAT<br \/>\n<strong>Type:<\/strong> photobook<br \/>\n<strong>Page number:<\/strong> 288<\/p>\n","protected":false},"excerpt":{"rendered":"<p style=\"text-align: left;\">The series itself is a collection of photos and interviews, all taking place between 2017-2022. The photos are related to sexuality, trauma, shame, desire, acceptance and rebellion.<\/p>\n","protected":false},"featured_media":31909,"comment_status":"open","ping_status":"closed","template":"","meta":{"_et_pb_use_builder":"","_et_pb_old_content":"","_et_gb_content_width":""},"product_brand":[],"product_cat":[349,348],"product_tag":[],"class_list":{"0":"post-28459","1":"product","2":"type-product","3":"status-publish","4":"has-post-thumbnail","6":"product_cat-books","7":"product_cat-books-gift-cards","9":"first","10":"instock","11":"taxable","12":"shipping-taxable","13":"purchasable","14":"product-type-simple"},"yoast_head":"<!-- This site is optimized with the Yoast SEO Premium plugin v27.5 (Yoast SEO v27.5) - https:\/\/yoast.com\/product\/yoast-seo-premium-wordpress\/ -->\n<title>SZOMBAT \u00c9VA: I want orgasms not roses - Lib Women&#039;s Store<\/title>\n<meta name=\"description\" content=\"The series itself is a collection of photos and interviews. The photos are related to sexuality, trauma, shame, desire, acceptance and rebellion.\" \/>\n<meta name=\"robots\" content=\"index, follow, max-snippet:-1, max-image-preview:large, max-video-preview:-1\" \/>\n<link rel=\"canonical\" href=\"https:\/\/libwomenstore.com\/en\/product\/books\/szombat-eva-i-want-orgasms-not-roses-photo-book\/\" \/>\n<meta property=\"og:locale\" content=\"en_US\" \/>\n<meta property=\"og:type\" content=\"article\" \/>\n<meta property=\"og:title\" content=\"SZOMBAT \u00c9VA: I want orgasms not roses\" \/>\n<meta property=\"og:description\" content=\"The series itself is a collection of photos and interviews. The photos are related to sexuality, trauma, shame, desire, acceptance and rebellion.\" \/>\n<meta property=\"og:url\" content=\"https:\/\/libwomenstore.com\/en\/product\/books\/szombat-eva-i-want-orgasms-not-roses-photo-book\/\" \/>\n<meta property=\"og:site_name\" content=\"Lib Women&#039;s Store\" \/>\n<meta property=\"article:publisher\" content=\"https:\/\/www.facebook.com\/libwomenstore\" \/>\n<meta property=\"article:modified_time\" content=\"2025-01-10T11:54:09+00:00\" \/>\n<meta property=\"og:image\" content=\"https:\/\/libwomenstore.com\/wp-content\/uploads\/2024\/04\/2_2e1ae6f0-5ee0-46a8-b41b-1b35077556f4.png\" \/>\n\t<meta property=\"og:image:width\" content=\"1080\" \/>\n\t<meta property=\"og:image:height\" content=\"1080\" \/>\n\t<meta property=\"og:image:type\" content=\"image\/png\" \/>\n<meta name=\"twitter:card\" content=\"summary_large_image\" \/>\n<meta name=\"twitter:label1\" content=\"Price\" \/>\n\t<meta name=\"twitter:data1\" content=\"13.800&#070;&#116;\" \/>\n\t<meta name=\"twitter:label2\" content=\"Availability\" \/>\n\t<meta name=\"twitter:data2\" content=\"In stock\" \/>\n<script type=\"application\/ld+json\" class=\"yoast-schema-graph\">{\"@context\":\"https:\\\/\\\/schema.org\",\"@graph\":[{\"@type\":[\"WebPage\",\"ItemPage\"],\"@id\":\"https:\\\/\\\/libwomenstore.com\\\/en\\\/product\\\/books\\\/szombat-eva-i-want-orgasms-not-roses-photo-book\\\/\",\"url\":\"https:\\\/\\\/libwomenstore.com\\\/en\\\/product\\\/books\\\/szombat-eva-i-want-orgasms-not-roses-photo-book\\\/\",\"name\":\"SZOMBAT \u00c9VA: I want orgasms not roses - Lib Women&#039;s Store\",\"isPartOf\":{\"@id\":\"https:\\\/\\\/libwomenstore.com\\\/en\\\/#website\"},\"primaryImageOfPage\":{\"@id\":\"https:\\\/\\\/libwomenstore.com\\\/en\\\/product\\\/books\\\/szombat-eva-i-want-orgasms-not-roses-photo-book\\\/#primaryimage\"},\"image\":{\"@id\":\"https:\\\/\\\/libwomenstore.com\\\/en\\\/product\\\/books\\\/szombat-eva-i-want-orgasms-not-roses-photo-book\\\/#primaryimage\"},\"thumbnailUrl\":\"https:\\\/\\\/libwomenstore.com\\\/wp-content\\\/uploads\\\/2024\\\/04\\\/Szombat_Eva_I_Want_Orgasms_not_Roses_photo_book.jpg\",\"datePublished\":\"2024-04-16T10:05:27+00:00\",\"dateModified\":\"2025-01-10T11:54:09+00:00\",\"description\":\"The series itself is a collection of photos and interviews. The photos are related to sexuality, trauma, shame, desire, acceptance and rebellion.\",\"breadcrumb\":{\"@id\":\"https:\\\/\\\/libwomenstore.com\\\/en\\\/product\\\/books\\\/szombat-eva-i-want-orgasms-not-roses-photo-book\\\/#breadcrumb\"},\"inLanguage\":\"en-US\",\"potentialAction\":[{\"@type\":\"ReadAction\",\"target\":[\"https:\\\/\\\/libwomenstore.com\\\/en\\\/product\\\/books\\\/szombat-eva-i-want-orgasms-not-roses-photo-book\\\/\"]}]},{\"@type\":\"ImageObject\",\"inLanguage\":\"en-US\",\"@id\":\"https:\\\/\\\/libwomenstore.com\\\/en\\\/product\\\/books\\\/szombat-eva-i-want-orgasms-not-roses-photo-book\\\/#primaryimage\",\"url\":\"https:\\\/\\\/libwomenstore.com\\\/wp-content\\\/uploads\\\/2024\\\/04\\\/Szombat_Eva_I_Want_Orgasms_not_Roses_photo_book.jpg\",\"contentUrl\":\"https:\\\/\\\/libwomenstore.com\\\/wp-content\\\/uploads\\\/2024\\\/04\\\/Szombat_Eva_I_Want_Orgasms_not_Roses_photo_book.jpg\",\"width\":600,\"height\":600,\"caption\":\"Szombat \u00c9va Orgazmust akarok nem r\u00f3zs\u00e1t\"},{\"@type\":\"BreadcrumbList\",\"@id\":\"https:\\\/\\\/libwomenstore.com\\\/en\\\/product\\\/books\\\/szombat-eva-i-want-orgasms-not-roses-photo-book\\\/#breadcrumb\",\"itemListElement\":[{\"@type\":\"ListItem\",\"position\":1,\"name\":\"Kezd\u0151lap\",\"item\":\"https:\\\/\\\/libwomenstore.com\\\/en\\\/\"},{\"@type\":\"ListItem\",\"position\":2,\"name\":\"Shop Home Page &#8211; Product categories\",\"item\":\"https:\\\/\\\/libwomenstore.com\\\/shop-kezdolap-termek-kategoriak\\\/?lang=en\"},{\"@type\":\"ListItem\",\"position\":3,\"name\":\"SZOMBAT \u00c9VA: I want orgasms not roses\"}]},{\"@type\":\"WebSite\",\"@id\":\"https:\\\/\\\/libwomenstore.com\\\/en\\\/#website\",\"url\":\"https:\\\/\\\/libwomenstore.com\\\/en\\\/\",\"name\":\"Lib Women Store\",\"description\":\"Magyarorsz\u00e1g els\u0151 n\u0151kre f\u00f3kusz\u00e1l\u00f3 szexshopja, ahol az eg\u00e9szs\u00e9g ugyanolyan fontos, mint az \u00e9lvezetek.\",\"publisher\":{\"@id\":\"https:\\\/\\\/libwomenstore.com\\\/en\\\/#organization\"},\"alternateName\":\"Lib\",\"potentialAction\":[{\"@type\":\"SearchAction\",\"target\":{\"@type\":\"EntryPoint\",\"urlTemplate\":\"https:\\\/\\\/libwomenstore.com\\\/en\\\/?s={search_term_string}\"},\"query-input\":{\"@type\":\"PropertyValueSpecification\",\"valueRequired\":true,\"valueName\":\"search_term_string\"}}],\"inLanguage\":\"en-US\"},{\"@type\":\"Organization\",\"@id\":\"https:\\\/\\\/libwomenstore.com\\\/en\\\/#organization\",\"name\":\"Lib Women Store\",\"url\":\"https:\\\/\\\/libwomenstore.com\\\/en\\\/\",\"logo\":{\"@type\":\"ImageObject\",\"inLanguage\":\"en-US\",\"@id\":\"https:\\\/\\\/libwomenstore.com\\\/en\\\/#\\\/schema\\\/logo\\\/image\\\/\",\"url\":\"https:\\\/\\\/libwomenstore.com\\\/wp-content\\\/uploads\\\/2024\\\/05\\\/cropped-LIB-logo-A.png\",\"contentUrl\":\"https:\\\/\\\/libwomenstore.com\\\/wp-content\\\/uploads\\\/2024\\\/05\\\/cropped-LIB-logo-A.png\",\"width\":512,\"height\":512,\"caption\":\"Lib Women Store\"},\"image\":{\"@id\":\"https:\\\/\\\/libwomenstore.com\\\/en\\\/#\\\/schema\\\/logo\\\/image\\\/\"},\"sameAs\":[\"https:\\\/\\\/www.facebook.com\\\/libwomenstore\"]}]}<\/script>\n<meta property=\"product:price:amount\" content=\"13800\" \/>\n<meta property=\"product:price:currency\" content=\"HUF\" \/>\n<meta property=\"og:availability\" content=\"instock\" \/>\n<meta property=\"product:availability\" content=\"instock\" \/>\n<meta property=\"product:condition\" content=\"new\" \/>\n<!-- \/ Yoast SEO Premium plugin. -->","yoast_head_json":{"title":"SZOMBAT \u00c9VA: I want orgasms not roses - Lib Women&#039;s Store","description":"The series itself is a collection of photos and interviews. The photos are related to sexuality, trauma, shame, desire, acceptance and rebellion.","robots":{"index":"index","follow":"follow","max-snippet":"max-snippet:-1","max-image-preview":"max-image-preview:large","max-video-preview":"max-video-preview:-1"},"canonical":"https:\/\/libwomenstore.com\/en\/product\/books\/szombat-eva-i-want-orgasms-not-roses-photo-book\/","og_locale":"en_US","og_type":"article","og_title":"SZOMBAT \u00c9VA: I want orgasms not roses","og_description":"The series itself is a collection of photos and interviews. The photos are related to sexuality, trauma, shame, desire, acceptance and rebellion.","og_url":"https:\/\/libwomenstore.com\/en\/product\/books\/szombat-eva-i-want-orgasms-not-roses-photo-book\/","og_site_name":"Lib Women&#039;s Store","article_publisher":"https:\/\/www.facebook.com\/libwomenstore","article_modified_time":"2025-01-10T11:54:09+00:00","og_image":[{"width":1080,"height":1080,"url":"https:\/\/libwomenstore.com\/wp-content\/uploads\/2024\/04\/2_2e1ae6f0-5ee0-46a8-b41b-1b35077556f4.png","type":"image\/png"}],"twitter_card":"summary_large_image","twitter_misc":{"Price":"13.800&#70;&#116;","Availability":"In stock"},"schema":{"@context":"https:\/\/schema.org","@graph":[{"@type":["WebPage","ItemPage"],"@id":"https:\/\/libwomenstore.com\/en\/product\/books\/szombat-eva-i-want-orgasms-not-roses-photo-book\/","url":"https:\/\/libwomenstore.com\/en\/product\/books\/szombat-eva-i-want-orgasms-not-roses-photo-book\/","name":"SZOMBAT \u00c9VA: I want orgasms not roses - Lib Women&#039;s Store","isPartOf":{"@id":"https:\/\/libwomenstore.com\/en\/#website"},"primaryImageOfPage":{"@id":"https:\/\/libwomenstore.com\/en\/product\/books\/szombat-eva-i-want-orgasms-not-roses-photo-book\/#primaryimage"},"image":{"@id":"https:\/\/libwomenstore.com\/en\/product\/books\/szombat-eva-i-want-orgasms-not-roses-photo-book\/#primaryimage"},"thumbnailUrl":"https:\/\/libwomenstore.com\/wp-content\/uploads\/2024\/04\/Szombat_Eva_I_Want_Orgasms_not_Roses_photo_book.jpg","datePublished":"2024-04-16T10:05:27+00:00","dateModified":"2025-01-10T11:54:09+00:00","description":"The series itself is a collection of photos and interviews. The photos are related to sexuality, trauma, shame, desire, acceptance and rebellion.","breadcrumb":{"@id":"https:\/\/libwomenstore.com\/en\/product\/books\/szombat-eva-i-want-orgasms-not-roses-photo-book\/#breadcrumb"},"inLanguage":"en-US","potentialAction":[{"@type":"ReadAction","target":["https:\/\/libwomenstore.com\/en\/product\/books\/szombat-eva-i-want-orgasms-not-roses-photo-book\/"]}]},{"@type":"ImageObject","inLanguage":"en-US","@id":"https:\/\/libwomenstore.com\/en\/product\/books\/szombat-eva-i-want-orgasms-not-roses-photo-book\/#primaryimage","url":"https:\/\/libwomenstore.com\/wp-content\/uploads\/2024\/04\/Szombat_Eva_I_Want_Orgasms_not_Roses_photo_book.jpg","contentUrl":"https:\/\/libwomenstore.com\/wp-content\/uploads\/2024\/04\/Szombat_Eva_I_Want_Orgasms_not_Roses_photo_book.jpg","width":600,"height":600,"caption":"Szombat \u00c9va Orgazmust akarok nem r\u00f3zs\u00e1t"},{"@type":"BreadcrumbList","@id":"https:\/\/libwomenstore.com\/en\/product\/books\/szombat-eva-i-want-orgasms-not-roses-photo-book\/#breadcrumb","itemListElement":[{"@type":"ListItem","position":1,"name":"Kezd\u0151lap","item":"https:\/\/libwomenstore.com\/en\/"},{"@type":"ListItem","position":2,"name":"Shop Home Page &#8211; Product categories","item":"https:\/\/libwomenstore.com\/shop-kezdolap-termek-kategoriak\/?lang=en"},{"@type":"ListItem","position":3,"name":"SZOMBAT \u00c9VA: I want orgasms not roses"}]},{"@type":"WebSite","@id":"https:\/\/libwomenstore.com\/en\/#website","url":"https:\/\/libwomenstore.com\/en\/","name":"Lib Women Store","description":"Magyarorsz\u00e1g els\u0151 n\u0151kre f\u00f3kusz\u00e1l\u00f3 szexshopja, ahol az eg\u00e9szs\u00e9g ugyanolyan fontos, mint az \u00e9lvezetek.","publisher":{"@id":"https:\/\/libwomenstore.com\/en\/#organization"},"alternateName":"Lib","potentialAction":[{"@type":"SearchAction","target":{"@type":"EntryPoint","urlTemplate":"https:\/\/libwomenstore.com\/en\/?s={search_term_string}"},"query-input":{"@type":"PropertyValueSpecification","valueRequired":true,"valueName":"search_term_string"}}],"inLanguage":"en-US"},{"@type":"Organization","@id":"https:\/\/libwomenstore.com\/en\/#organization","name":"Lib Women Store","url":"https:\/\/libwomenstore.com\/en\/","logo":{"@type":"ImageObject","inLanguage":"en-US","@id":"https:\/\/libwomenstore.com\/en\/#\/schema\/logo\/image\/","url":"https:\/\/libwomenstore.com\/wp-content\/uploads\/2024\/05\/cropped-LIB-logo-A.png","contentUrl":"https:\/\/libwomenstore.com\/wp-content\/uploads\/2024\/05\/cropped-LIB-logo-A.png","width":512,"height":512,"caption":"Lib Women Store"},"image":{"@id":"https:\/\/libwomenstore.com\/en\/#\/schema\/logo\/image\/"},"sameAs":["https:\/\/www.facebook.com\/libwomenstore"]}]},"product_price_amount":"13800","product_price_currency":"HUF","og_availability":"instock","product_availability":"instock","product_condition":"new"},"_links":{"self":[{"href":"https:\/\/libwomenstore.com\/en\/wp-json\/wp\/v2\/product\/28459","targetHints":{"allow":["GET"]}}],"collection":[{"href":"https:\/\/libwomenstore.com\/en\/wp-json\/wp\/v2\/product"}],"about":[{"href":"https:\/\/libwomenstore.com\/en\/wp-json\/wp\/v2\/types\/product"}],"replies":[{"embeddable":true,"href":"https:\/\/libwomenstore.com\/en\/wp-json\/wp\/v2\/comments?post=28459"}],"wp:featuredmedia":[{"embeddable":true,"href":"https:\/\/libwomenstore.com\/en\/wp-json\/wp\/v2\/media\/31909"}],"wp:attachment":[{"href":"https:\/\/libwomenstore.com\/en\/wp-json\/wp\/v2\/media?parent=28459"}],"wp:term":[{"taxonomy":"product_brand","embeddable":true,"href":"https:\/\/libwomenstore.com\/en\/wp-json\/wp\/v2\/product_brand?post=28459"},{"taxonomy":"product_cat","embeddable":true,"href":"https:\/\/libwomenstore.com\/en\/wp-json\/wp\/v2\/product_cat?post=28459"},{"taxonomy":"product_tag","embeddable":true,"href":"https:\/\/libwomenstore.com\/en\/wp-json\/wp\/v2\/product_tag?post=28459"}],"curies":[{"name":"wp","href":"https:\/\/api.w.org\/{rel}","templated":true}]}}