{"id":28466,"date":"2024-04-16T12:05:22","date_gmt":"2024-04-16T10:05:22","guid":{"rendered":"https:\/\/uj.libwomenstore.com\/?post_type=product&#038;p=28466"},"modified":"2025-01-10T12:53:30","modified_gmt":"2025-01-10T11:53:30","slug":"svakom-elva-vibrating-egg-with-controller-for-couple-play-wearable-toy","status":"publish","type":"product","link":"https:\/\/libwomenstore.com\/en\/product\/collabs\/lib-x-bliss-glass-toys-hand-crafted\/svakom-elva-vibrating-egg-with-controller-for-couple-play-wearable-toy\/","title":{"rendered":"SVAKOM Elva"},"content":{"rendered":"<p style=\"text-align: center;\"><span style=\"font-weight: 400;\">Simple, extremely elegant, the Elva vibrating egg is made using skin-friendly and environmentally friendly materials, with a rechargeable battery and remote control.<\/span><\/p>\n<p style=\"text-align: center;\"><span style=\"font-weight: 400;\">\u00a0<\/span><\/p>\n<p style=\"text-align: center;\"><span style=\"font-weight: 400;\">As we are used to from Svakom, it is equipped with a high-performance motor, but it is extremely quiet and discreet.<\/span><\/p>\n<p style=\"text-align: center;\"><b>Tip<\/b><b>\u00a0<\/b><\/p>\n<p style=\"text-align: center;\"><span style=\"font-weight: 400;\">Hand over control to your partner and enjoy the moment together!<\/span><\/p>\n<p style=\"text-align: center;\"><b>Features<\/b><span style=\"font-weight: 400;\">\u00a0<\/span><\/p>\n<p style=\"text-align: center;\"><span style=\"font-weight: 400;\">The material is silicone, phthalate and latex free, environmentally friendly material.<\/span><\/p>\n<p style=\"text-align: center;\"><span style=\"font-weight: 400;\">\u00a0<\/span><\/p>\n<p style=\"text-align: center;\"><span style=\"font-weight: 400;\">The vibration can be controlled at the push of a button with 5 different rhythms and 5 intensity levels, plus 1 Svakom intelligent mode, which pampers you with a unique, personalized vibration program.<\/span><\/p>\n<p style=\"text-align: center;\"><span style=\"font-weight: 400;\">\u00a0<\/span><\/p>\n<p style=\"text-align: center;\"><span style=\"font-weight: 400;\">Completely waterproof product.<\/span><\/p>\n<p style=\"text-align: center;\"><span style=\"font-weight: 400;\">\u00a0<\/span><\/p>\n<p style=\"text-align: center;\"><span style=\"font-weight: 400;\">Weight: 80 gr<\/span><\/p>\n<p style=\"text-align: center;\"><span style=\"font-weight: 400;\">\u00a0<\/span><\/p>\n<p style=\"text-align: center;\"><span style=\"font-weight: 400;\">Maximum egg diameter: 3.2 cm<\/span><\/p>\n<p style=\"text-align: center;\"><span style=\"font-weight: 400;\">\u00a0<\/span><\/p>\n<p style=\"text-align: center;\"><span style=\"font-weight: 400;\">Length: 8 cm<\/span><\/p>\n<p style=\"text-align: center;\"><span style=\"font-weight: 400;\">\u00a0<\/span><\/p>\n<p style=\"text-align: center;\"><span style=\"font-weight: 400;\">USB rechargeable.<\/span><\/p>\n<p style=\"text-align: center;\"><span style=\"font-weight: 400;\">\u00a0<\/span><\/p>\n<p style=\"text-align: center;\"><span style=\"font-weight: 400;\">Charging time: 2 hours, play time: 3 hours.<\/span><\/p>\n<p style=\"text-align: center;\"><b>Use &amp; Cleaning<\/b><\/p>\n<p style=\"text-align: center;\"><span style=\"font-weight: 400;\">The product can be disinfected with lukewarm soapy water or cleaning agents developed for this purpose.<\/span><\/p>\n<p style=\"text-align: center;\"><span style=\"font-weight: 400;\">\u00a0<\/span><span style=\"font-weight: 400;\">Use only water-based lubricants, as other types can weaken the silicone, thereby significantly shortening the life of the device.<\/span><\/p>\n<p style=\"text-align: center;\">\n","protected":false},"excerpt":{"rendered":"<p style=\"text-align: left;\">An Intelligent vibrating egg with built-in battery, wireless remote control and extra quiet motor!<\/p>\n","protected":false},"featured_media":26835,"comment_status":"open","ping_status":"closed","template":"","meta":{"_et_pb_use_builder":"","_et_pb_old_content":"","_et_gb_content_width":""},"product_brand":[],"product_cat":[513,355,554,318,343],"product_tag":[584],"class_list":{"0":"post-28466","1":"product","2":"type-product","3":"status-publish","4":"has-post-thumbnail","6":"product_cat-collabs","7":"product_cat-couple","8":"product_cat-lib-x-bliss-glass-toys-hand-crafted","9":"product_cat-vibrators","10":"product_cat-wearable","11":"product_tag-svakom-en","13":"first","14":"outofstock","15":"sale","16":"taxable","17":"shipping-taxable","18":"purchasable","19":"product-type-simple"},"yoast_head":"<!-- This site is optimized with the Yoast SEO Premium plugin v27.5 (Yoast SEO v27.5) - https:\/\/yoast.com\/product\/yoast-seo-premium-wordpress\/ -->\n<title>SVAKOM Elva - Lib Women&#039;s Store<\/title>\n<meta name=\"description\" content=\"Smart vibrating egg made of skin-friendly and environmentally friendly materials, with a built-in battery, wireless remote control and extra quiet motor!\" \/>\n<meta name=\"robots\" content=\"index, follow, max-snippet:-1, max-image-preview:large, max-video-preview:-1\" \/>\n<link rel=\"canonical\" href=\"https:\/\/libwomenstore.com\/en\/product\/collabs\/lib-x-bliss-glass-toys-hand-crafted\/svakom-elva-vibrating-egg-with-controller-for-couple-play-wearable-toy\/\" \/>\n<meta property=\"og:locale\" content=\"en_US\" \/>\n<meta property=\"og:type\" content=\"article\" \/>\n<meta property=\"og:title\" content=\"SVAKOM Elva\" \/>\n<meta property=\"og:description\" content=\"Smart vibrating egg made of skin-friendly and environmentally friendly materials, with a built-in battery, wireless remote control and extra quiet motor!\" \/>\n<meta property=\"og:url\" content=\"https:\/\/libwomenstore.com\/en\/product\/collabs\/lib-x-bliss-glass-toys-hand-crafted\/svakom-elva-vibrating-egg-with-controller-for-couple-play-wearable-toy\/\" \/>\n<meta property=\"og:site_name\" content=\"Lib Women&#039;s Store\" \/>\n<meta property=\"article:publisher\" content=\"https:\/\/www.facebook.com\/libwomenstore\" \/>\n<meta property=\"article:modified_time\" content=\"2025-01-10T11:53:30+00:00\" \/>\n<meta property=\"og:image\" content=\"https:\/\/libwomenstore.com\/wp-content\/uploads\/2024\/04\/svakomelva-scaled.jpg\" \/>\n\t<meta property=\"og:image:width\" content=\"2560\" \/>\n\t<meta property=\"og:image:height\" content=\"2560\" \/>\n\t<meta property=\"og:image:type\" content=\"image\/jpeg\" \/>\n<meta name=\"twitter:card\" content=\"summary_large_image\" \/>\n<meta name=\"twitter:label1\" content=\"Price\" \/>\n\t<meta name=\"twitter:data1\" content=\"22.500&#070;&#116;\" \/>\n\t<meta name=\"twitter:label2\" content=\"Availability\" \/>\n\t<meta name=\"twitter:data2\" content=\"Out of stock\" \/>\n<script type=\"application\/ld+json\" class=\"yoast-schema-graph\">{\"@context\":\"https:\\\/\\\/schema.org\",\"@graph\":[{\"@type\":[\"WebPage\",\"ItemPage\"],\"@id\":\"https:\\\/\\\/libwomenstore.com\\\/en\\\/product\\\/collabs\\\/lib-x-bliss-glass-toys-hand-crafted\\\/svakom-elva-vibrating-egg-with-controller-for-couple-play-wearable-toy\\\/\",\"url\":\"https:\\\/\\\/libwomenstore.com\\\/en\\\/product\\\/collabs\\\/lib-x-bliss-glass-toys-hand-crafted\\\/svakom-elva-vibrating-egg-with-controller-for-couple-play-wearable-toy\\\/\",\"name\":\"SVAKOM Elva - Lib Women&#039;s Store\",\"isPartOf\":{\"@id\":\"https:\\\/\\\/libwomenstore.com\\\/en\\\/#website\"},\"primaryImageOfPage\":{\"@id\":\"https:\\\/\\\/libwomenstore.com\\\/en\\\/product\\\/collabs\\\/lib-x-bliss-glass-toys-hand-crafted\\\/svakom-elva-vibrating-egg-with-controller-for-couple-play-wearable-toy\\\/#primaryimage\"},\"image\":{\"@id\":\"https:\\\/\\\/libwomenstore.com\\\/en\\\/product\\\/collabs\\\/lib-x-bliss-glass-toys-hand-crafted\\\/svakom-elva-vibrating-egg-with-controller-for-couple-play-wearable-toy\\\/#primaryimage\"},\"thumbnailUrl\":\"https:\\\/\\\/libwomenstore.com\\\/wp-content\\\/uploads\\\/2024\\\/04\\\/svakomelva-scaled.jpg\",\"datePublished\":\"2024-04-16T10:05:22+00:00\",\"dateModified\":\"2025-01-10T11:53:30+00:00\",\"description\":\"Smart vibrating egg made of skin-friendly and environmentally friendly materials, with a built-in battery, wireless remote control and extra quiet motor!\",\"breadcrumb\":{\"@id\":\"https:\\\/\\\/libwomenstore.com\\\/en\\\/product\\\/collabs\\\/lib-x-bliss-glass-toys-hand-crafted\\\/svakom-elva-vibrating-egg-with-controller-for-couple-play-wearable-toy\\\/#breadcrumb\"},\"inLanguage\":\"en-US\",\"potentialAction\":[{\"@type\":\"ReadAction\",\"target\":[\"https:\\\/\\\/libwomenstore.com\\\/en\\\/product\\\/collabs\\\/lib-x-bliss-glass-toys-hand-crafted\\\/svakom-elva-vibrating-egg-with-controller-for-couple-play-wearable-toy\\\/\"]}]},{\"@type\":\"ImageObject\",\"inLanguage\":\"en-US\",\"@id\":\"https:\\\/\\\/libwomenstore.com\\\/en\\\/product\\\/collabs\\\/lib-x-bliss-glass-toys-hand-crafted\\\/svakom-elva-vibrating-egg-with-controller-for-couple-play-wearable-toy\\\/#primaryimage\",\"url\":\"https:\\\/\\\/libwomenstore.com\\\/wp-content\\\/uploads\\\/2024\\\/04\\\/svakomelva-scaled.jpg\",\"contentUrl\":\"https:\\\/\\\/libwomenstore.com\\\/wp-content\\\/uploads\\\/2024\\\/04\\\/svakomelva-scaled.jpg\",\"width\":2560,\"height\":2560,\"caption\":\"Svakom Elva hordhat\u00f3 vibr\u00e1tor p\u00e1ros j\u00e1t\u00e9khoz\"},{\"@type\":\"BreadcrumbList\",\"@id\":\"https:\\\/\\\/libwomenstore.com\\\/en\\\/product\\\/collabs\\\/lib-x-bliss-glass-toys-hand-crafted\\\/svakom-elva-vibrating-egg-with-controller-for-couple-play-wearable-toy\\\/#breadcrumb\",\"itemListElement\":[{\"@type\":\"ListItem\",\"position\":1,\"name\":\"Kezd\u0151lap\",\"item\":\"https:\\\/\\\/libwomenstore.com\\\/en\\\/\"},{\"@type\":\"ListItem\",\"position\":2,\"name\":\"Shop Home Page &#8211; Product categories\",\"item\":\"https:\\\/\\\/libwomenstore.com\\\/shop-kezdolap-termek-kategoriak\\\/?lang=en\"},{\"@type\":\"ListItem\",\"position\":3,\"name\":\"SVAKOM Elva\"}]},{\"@type\":\"WebSite\",\"@id\":\"https:\\\/\\\/libwomenstore.com\\\/en\\\/#website\",\"url\":\"https:\\\/\\\/libwomenstore.com\\\/en\\\/\",\"name\":\"Lib Women Store\",\"description\":\"Magyarorsz\u00e1g els\u0151 n\u0151kre f\u00f3kusz\u00e1l\u00f3 szexshopja, ahol az eg\u00e9szs\u00e9g ugyanolyan fontos, mint az \u00e9lvezetek.\",\"publisher\":{\"@id\":\"https:\\\/\\\/libwomenstore.com\\\/en\\\/#organization\"},\"alternateName\":\"Lib\",\"potentialAction\":[{\"@type\":\"SearchAction\",\"target\":{\"@type\":\"EntryPoint\",\"urlTemplate\":\"https:\\\/\\\/libwomenstore.com\\\/en\\\/?s={search_term_string}\"},\"query-input\":{\"@type\":\"PropertyValueSpecification\",\"valueRequired\":true,\"valueName\":\"search_term_string\"}}],\"inLanguage\":\"en-US\"},{\"@type\":\"Organization\",\"@id\":\"https:\\\/\\\/libwomenstore.com\\\/en\\\/#organization\",\"name\":\"Lib Women Store\",\"url\":\"https:\\\/\\\/libwomenstore.com\\\/en\\\/\",\"logo\":{\"@type\":\"ImageObject\",\"inLanguage\":\"en-US\",\"@id\":\"https:\\\/\\\/libwomenstore.com\\\/en\\\/#\\\/schema\\\/logo\\\/image\\\/\",\"url\":\"https:\\\/\\\/libwomenstore.com\\\/wp-content\\\/uploads\\\/2024\\\/05\\\/cropped-LIB-logo-A.png\",\"contentUrl\":\"https:\\\/\\\/libwomenstore.com\\\/wp-content\\\/uploads\\\/2024\\\/05\\\/cropped-LIB-logo-A.png\",\"width\":512,\"height\":512,\"caption\":\"Lib Women Store\"},\"image\":{\"@id\":\"https:\\\/\\\/libwomenstore.com\\\/en\\\/#\\\/schema\\\/logo\\\/image\\\/\"},\"sameAs\":[\"https:\\\/\\\/www.facebook.com\\\/libwomenstore\"]}]}<\/script>\n<meta property=\"product:price:amount\" content=\"22500\" \/>\n<meta property=\"product:price:currency\" content=\"HUF\" \/>\n<meta property=\"og:availability\" content=\"out of stock\" \/>\n<meta property=\"product:availability\" content=\"out of stock\" \/>\n<meta property=\"product:retailer_item_id\" content=\"LIB-SV003\" \/>\n<meta property=\"product:condition\" content=\"new\" \/>\n<!-- \/ Yoast SEO Premium plugin. -->","yoast_head_json":{"title":"SVAKOM Elva - Lib Women&#039;s Store","description":"Smart vibrating egg made of skin-friendly and environmentally friendly materials, with a built-in battery, wireless remote control and extra quiet motor!","robots":{"index":"index","follow":"follow","max-snippet":"max-snippet:-1","max-image-preview":"max-image-preview:large","max-video-preview":"max-video-preview:-1"},"canonical":"https:\/\/libwomenstore.com\/en\/product\/collabs\/lib-x-bliss-glass-toys-hand-crafted\/svakom-elva-vibrating-egg-with-controller-for-couple-play-wearable-toy\/","og_locale":"en_US","og_type":"article","og_title":"SVAKOM Elva","og_description":"Smart vibrating egg made of skin-friendly and environmentally friendly materials, with a built-in battery, wireless remote control and extra quiet motor!","og_url":"https:\/\/libwomenstore.com\/en\/product\/collabs\/lib-x-bliss-glass-toys-hand-crafted\/svakom-elva-vibrating-egg-with-controller-for-couple-play-wearable-toy\/","og_site_name":"Lib Women&#039;s Store","article_publisher":"https:\/\/www.facebook.com\/libwomenstore","article_modified_time":"2025-01-10T11:53:30+00:00","og_image":[{"width":2560,"height":2560,"url":"https:\/\/libwomenstore.com\/wp-content\/uploads\/2024\/04\/svakomelva-scaled.jpg","type":"image\/jpeg"}],"twitter_card":"summary_large_image","twitter_misc":{"Price":"22.500&#70;&#116;","Availability":"Out of stock"},"schema":{"@context":"https:\/\/schema.org","@graph":[{"@type":["WebPage","ItemPage"],"@id":"https:\/\/libwomenstore.com\/en\/product\/collabs\/lib-x-bliss-glass-toys-hand-crafted\/svakom-elva-vibrating-egg-with-controller-for-couple-play-wearable-toy\/","url":"https:\/\/libwomenstore.com\/en\/product\/collabs\/lib-x-bliss-glass-toys-hand-crafted\/svakom-elva-vibrating-egg-with-controller-for-couple-play-wearable-toy\/","name":"SVAKOM Elva - Lib Women&#039;s Store","isPartOf":{"@id":"https:\/\/libwomenstore.com\/en\/#website"},"primaryImageOfPage":{"@id":"https:\/\/libwomenstore.com\/en\/product\/collabs\/lib-x-bliss-glass-toys-hand-crafted\/svakom-elva-vibrating-egg-with-controller-for-couple-play-wearable-toy\/#primaryimage"},"image":{"@id":"https:\/\/libwomenstore.com\/en\/product\/collabs\/lib-x-bliss-glass-toys-hand-crafted\/svakom-elva-vibrating-egg-with-controller-for-couple-play-wearable-toy\/#primaryimage"},"thumbnailUrl":"https:\/\/libwomenstore.com\/wp-content\/uploads\/2024\/04\/svakomelva-scaled.jpg","datePublished":"2024-04-16T10:05:22+00:00","dateModified":"2025-01-10T11:53:30+00:00","description":"Smart vibrating egg made of skin-friendly and environmentally friendly materials, with a built-in battery, wireless remote control and extra quiet motor!","breadcrumb":{"@id":"https:\/\/libwomenstore.com\/en\/product\/collabs\/lib-x-bliss-glass-toys-hand-crafted\/svakom-elva-vibrating-egg-with-controller-for-couple-play-wearable-toy\/#breadcrumb"},"inLanguage":"en-US","potentialAction":[{"@type":"ReadAction","target":["https:\/\/libwomenstore.com\/en\/product\/collabs\/lib-x-bliss-glass-toys-hand-crafted\/svakom-elva-vibrating-egg-with-controller-for-couple-play-wearable-toy\/"]}]},{"@type":"ImageObject","inLanguage":"en-US","@id":"https:\/\/libwomenstore.com\/en\/product\/collabs\/lib-x-bliss-glass-toys-hand-crafted\/svakom-elva-vibrating-egg-with-controller-for-couple-play-wearable-toy\/#primaryimage","url":"https:\/\/libwomenstore.com\/wp-content\/uploads\/2024\/04\/svakomelva-scaled.jpg","contentUrl":"https:\/\/libwomenstore.com\/wp-content\/uploads\/2024\/04\/svakomelva-scaled.jpg","width":2560,"height":2560,"caption":"Svakom Elva hordhat\u00f3 vibr\u00e1tor p\u00e1ros j\u00e1t\u00e9khoz"},{"@type":"BreadcrumbList","@id":"https:\/\/libwomenstore.com\/en\/product\/collabs\/lib-x-bliss-glass-toys-hand-crafted\/svakom-elva-vibrating-egg-with-controller-for-couple-play-wearable-toy\/#breadcrumb","itemListElement":[{"@type":"ListItem","position":1,"name":"Kezd\u0151lap","item":"https:\/\/libwomenstore.com\/en\/"},{"@type":"ListItem","position":2,"name":"Shop Home Page &#8211; Product categories","item":"https:\/\/libwomenstore.com\/shop-kezdolap-termek-kategoriak\/?lang=en"},{"@type":"ListItem","position":3,"name":"SVAKOM Elva"}]},{"@type":"WebSite","@id":"https:\/\/libwomenstore.com\/en\/#website","url":"https:\/\/libwomenstore.com\/en\/","name":"Lib Women Store","description":"Magyarorsz\u00e1g els\u0151 n\u0151kre f\u00f3kusz\u00e1l\u00f3 szexshopja, ahol az eg\u00e9szs\u00e9g ugyanolyan fontos, mint az \u00e9lvezetek.","publisher":{"@id":"https:\/\/libwomenstore.com\/en\/#organization"},"alternateName":"Lib","potentialAction":[{"@type":"SearchAction","target":{"@type":"EntryPoint","urlTemplate":"https:\/\/libwomenstore.com\/en\/?s={search_term_string}"},"query-input":{"@type":"PropertyValueSpecification","valueRequired":true,"valueName":"search_term_string"}}],"inLanguage":"en-US"},{"@type":"Organization","@id":"https:\/\/libwomenstore.com\/en\/#organization","name":"Lib Women Store","url":"https:\/\/libwomenstore.com\/en\/","logo":{"@type":"ImageObject","inLanguage":"en-US","@id":"https:\/\/libwomenstore.com\/en\/#\/schema\/logo\/image\/","url":"https:\/\/libwomenstore.com\/wp-content\/uploads\/2024\/05\/cropped-LIB-logo-A.png","contentUrl":"https:\/\/libwomenstore.com\/wp-content\/uploads\/2024\/05\/cropped-LIB-logo-A.png","width":512,"height":512,"caption":"Lib Women Store"},"image":{"@id":"https:\/\/libwomenstore.com\/en\/#\/schema\/logo\/image\/"},"sameAs":["https:\/\/www.facebook.com\/libwomenstore"]}]},"product_price_amount":"22500","product_price_currency":"HUF","og_availability":"out of stock","product_availability":"out of stock","product_retailer_item_id":"LIB-SV003","product_condition":"new"},"_links":{"self":[{"href":"https:\/\/libwomenstore.com\/en\/wp-json\/wp\/v2\/product\/28466","targetHints":{"allow":["GET"]}}],"collection":[{"href":"https:\/\/libwomenstore.com\/en\/wp-json\/wp\/v2\/product"}],"about":[{"href":"https:\/\/libwomenstore.com\/en\/wp-json\/wp\/v2\/types\/product"}],"replies":[{"embeddable":true,"href":"https:\/\/libwomenstore.com\/en\/wp-json\/wp\/v2\/comments?post=28466"}],"wp:featuredmedia":[{"embeddable":true,"href":"https:\/\/libwomenstore.com\/en\/wp-json\/wp\/v2\/media\/26835"}],"wp:attachment":[{"href":"https:\/\/libwomenstore.com\/en\/wp-json\/wp\/v2\/media?parent=28466"}],"wp:term":[{"taxonomy":"product_brand","embeddable":true,"href":"https:\/\/libwomenstore.com\/en\/wp-json\/wp\/v2\/product_brand?post=28466"},{"taxonomy":"product_cat","embeddable":true,"href":"https:\/\/libwomenstore.com\/en\/wp-json\/wp\/v2\/product_cat?post=28466"},{"taxonomy":"product_tag","embeddable":true,"href":"https:\/\/libwomenstore.com\/en\/wp-json\/wp\/v2\/product_tag?post=28466"}],"curies":[{"name":"wp","href":"https:\/\/api.w.org\/{rel}","templated":true}]}}