{"id":28468,"date":"2024-04-16T12:05:17","date_gmt":"2024-04-16T10:05:17","guid":{"rendered":"https:\/\/uj.libwomenstore.com\/?post_type=product&#038;p=28468"},"modified":"2025-01-21T17:13:05","modified_gmt":"2025-01-21T16:13:05","slug":"strap-on-me-plug-beads-s-soft-silicone-anal-beads-dildo-with-suction-cup","status":"publish","type":"product","link":"https:\/\/libwomenstore.com\/en\/product\/anal-toys\/strap-on-me-plug-beads-s-soft-silicone-anal-beads-dildo-with-suction-cup\/","title":{"rendered":"STRAP-ON-ME Plug Beads S"},"content":{"rendered":"<p style=\"text-align: center;\"><span style=\"font-weight: 400;\">Made entirely of liquid silicone, the Plug Beads provide an extremely soft and smooth touch for the most comfortable vaginal or anal penetration. With an ergonomic handle, strong suction cup, harnesses compatibility, Plug Beads are the best companion for unforgettable and limitless pleasure!<\/span><\/p>\n<p style=\"text-align: center;\"><span style=\"font-weight: 400;\">Strap-on-me&#8217;s collection of Plug Beads are specially designed to stimulate the G or P-spot and can be adapted to different roles and desires.<\/span><\/p>\n<p style=\"text-align: center;\"><span style=\"font-weight: 400;\">Pass them on or take the lead: the possibilities are endless!<\/span><\/p>\n<p style=\"text-align: center;\"><b>Tip<\/b><\/p>\n<p style=\"text-align: center;\"><span style=\"font-weight: 400;\">Try the Plug Beads for pegging too, they are the perfect starting size!<\/span><\/p>\n<p style=\"text-align: center;\"><b>Features<\/b><\/p>\n<p style=\"text-align: center;\"><span style=\"font-weight: 400;\">Dimensions:<\/span><\/p>\n<p style=\"text-align: center;\"><span style=\"font-weight: 400;\">Insertable length: 12.8 cm<\/span><\/p>\n<p style=\"text-align: center;\"><span style=\"font-weight: 400;\">Largest diameter: 4 cm<\/span><\/p>\n<p style=\"text-align: center;\"><span style=\"font-weight: 400;\">Progressive design<\/span><\/p>\n<p style=\"text-align: center;\"><span style=\"font-weight: 400;\">Flexible<\/span><\/p>\n<p style=\"text-align: center;\"><span style=\"font-weight: 400;\">High quality liquid silicone<\/span><\/p>\n<p style=\"text-align: center;\"><span style=\"font-weight: 400;\">Skin-friendly silicone<\/span><\/p>\n<p style=\"text-align: center;\"><span style=\"font-weight: 400;\">Phthalate and latex free material<\/span><\/p>\n<p style=\"text-align: center;\"><span style=\"font-weight: 400;\">100% waterproof<\/span><\/p>\n<p style=\"text-align: center;\"><span style=\"font-weight: 400;\">use with water-based lubricants<\/span><\/p>\n<p style=\"text-align: center;\"><span style=\"font-weight: 400;\">Easy to clean<\/span><\/p>\n<p style=\"text-align: center;\"><b>Use &amp; Cleaning<\/b><\/p>\n<p style=\"text-align: center;\"><span style=\"font-weight: 400;\">Wash thoroughly with gentle soap and lukewarm water, then rinse and let dry. Use of a special cleaning agent is recommended.<\/span><\/p>\n","protected":false},"excerpt":{"rendered":"<p style=\"text-align: left;\">Let yourself be enchanted by the new hybrid series, the &#8220;dildo plug&#8221;, designed for varied pleasures, possibilities and to adapt specifically to the curves of the body. The Plug Beads seduce even the most curious with its progressive design! 3 different sized beads allow for easy and pleasant insertion. With each bead you can increase the intensity of the sensation.<\/p>\n","protected":false},"featured_media":26825,"comment_status":"open","ping_status":"closed","template":"","meta":{"_et_pb_use_builder":"","_et_pb_old_content":"","_et_gb_content_width":""},"product_brand":[],"product_cat":[325,340],"product_tag":[],"class_list":{"0":"post-28468","1":"product","2":"type-product","3":"status-publish","4":"has-post-thumbnail","6":"product_cat-anal-toys","7":"product_cat-dildos","9":"first","10":"outofstock","11":"taxable","12":"shipping-taxable","13":"purchasable","14":"product-type-simple"},"yoast_head":"<!-- This site is optimized with the Yoast SEO Premium plugin v27.4 (Yoast SEO v27.4) - https:\/\/yoast.com\/product\/yoast-seo-premium-wordpress\/ -->\n<title>STRAP-ON-ME Plug Beads S - Lib Women&#039;s Store<\/title>\n<meta name=\"description\" content=\"The Plug Beads dildo has 3 different diameter beads for easy and comfortable insertion. With each bead you can increase the intensity of the pleasure.\" \/>\n<meta name=\"robots\" content=\"index, follow, max-snippet:-1, max-image-preview:large, max-video-preview:-1\" \/>\n<link rel=\"canonical\" href=\"https:\/\/libwomenstore.com\/en\/product\/anal-toys\/strap-on-me-plug-beads-s-soft-silicone-anal-beads-dildo-with-suction-cup\/\" \/>\n<meta property=\"og:locale\" content=\"en_US\" \/>\n<meta property=\"og:type\" content=\"article\" \/>\n<meta property=\"og:title\" content=\"STRAP-ON-ME Plug Beads S\" \/>\n<meta property=\"og:description\" content=\"The Plug Beads dildo has 3 different diameter beads for easy and comfortable insertion. With each bead you can increase the intensity of the pleasure.\" \/>\n<meta property=\"og:url\" content=\"https:\/\/libwomenstore.com\/en\/product\/anal-toys\/strap-on-me-plug-beads-s-soft-silicone-anal-beads-dildo-with-suction-cup\/\" \/>\n<meta property=\"og:site_name\" content=\"Lib Women&#039;s Store\" \/>\n<meta property=\"article:publisher\" content=\"https:\/\/www.facebook.com\/libwomenstore\" \/>\n<meta property=\"article:modified_time\" content=\"2025-01-21T16:13:05+00:00\" \/>\n<meta property=\"og:image\" content=\"https:\/\/libwomenstore.com\/wp-content\/uploads\/2024\/04\/714bc51ade438e879c5bd6454a594c20.jpg\" \/>\n\t<meta property=\"og:image:width\" content=\"700\" \/>\n\t<meta property=\"og:image:height\" content=\"700\" \/>\n\t<meta property=\"og:image:type\" content=\"image\/jpeg\" \/>\n<meta name=\"twitter:card\" content=\"summary_large_image\" \/>\n<meta name=\"twitter:label1\" content=\"Price\" \/>\n\t<meta name=\"twitter:data1\" content=\"17.000&#070;&#116;\" \/>\n\t<meta name=\"twitter:label2\" content=\"Availability\" \/>\n\t<meta name=\"twitter:data2\" content=\"Out of stock\" \/>\n<script type=\"application\/ld+json\" class=\"yoast-schema-graph\">{\"@context\":\"https:\\\/\\\/schema.org\",\"@graph\":[{\"@type\":[\"WebPage\",\"ItemPage\"],\"@id\":\"https:\\\/\\\/libwomenstore.com\\\/en\\\/product\\\/anal-toys\\\/strap-on-me-plug-beads-s-soft-silicone-anal-beads-dildo-with-suction-cup\\\/\",\"url\":\"https:\\\/\\\/libwomenstore.com\\\/en\\\/product\\\/anal-toys\\\/strap-on-me-plug-beads-s-soft-silicone-anal-beads-dildo-with-suction-cup\\\/\",\"name\":\"STRAP-ON-ME Plug Beads S - Lib Women&#039;s Store\",\"isPartOf\":{\"@id\":\"https:\\\/\\\/libwomenstore.com\\\/en\\\/#website\"},\"primaryImageOfPage\":{\"@id\":\"https:\\\/\\\/libwomenstore.com\\\/en\\\/product\\\/anal-toys\\\/strap-on-me-plug-beads-s-soft-silicone-anal-beads-dildo-with-suction-cup\\\/#primaryimage\"},\"image\":{\"@id\":\"https:\\\/\\\/libwomenstore.com\\\/en\\\/product\\\/anal-toys\\\/strap-on-me-plug-beads-s-soft-silicone-anal-beads-dildo-with-suction-cup\\\/#primaryimage\"},\"thumbnailUrl\":\"https:\\\/\\\/libwomenstore.com\\\/wp-content\\\/uploads\\\/2024\\\/04\\\/714bc51ade438e879c5bd6454a594c20.jpg\",\"datePublished\":\"2024-04-16T10:05:17+00:00\",\"dateModified\":\"2025-01-21T16:13:05+00:00\",\"description\":\"The Plug Beads dildo has 3 different diameter beads for easy and comfortable insertion. With each bead you can increase the intensity of the pleasure.\",\"breadcrumb\":{\"@id\":\"https:\\\/\\\/libwomenstore.com\\\/en\\\/product\\\/anal-toys\\\/strap-on-me-plug-beads-s-soft-silicone-anal-beads-dildo-with-suction-cup\\\/#breadcrumb\"},\"inLanguage\":\"en-US\",\"potentialAction\":[{\"@type\":\"ReadAction\",\"target\":[\"https:\\\/\\\/libwomenstore.com\\\/en\\\/product\\\/anal-toys\\\/strap-on-me-plug-beads-s-soft-silicone-anal-beads-dildo-with-suction-cup\\\/\"]}]},{\"@type\":\"ImageObject\",\"inLanguage\":\"en-US\",\"@id\":\"https:\\\/\\\/libwomenstore.com\\\/en\\\/product\\\/anal-toys\\\/strap-on-me-plug-beads-s-soft-silicone-anal-beads-dildo-with-suction-cup\\\/#primaryimage\",\"url\":\"https:\\\/\\\/libwomenstore.com\\\/wp-content\\\/uploads\\\/2024\\\/04\\\/714bc51ade438e879c5bd6454a594c20.jpg\",\"contentUrl\":\"https:\\\/\\\/libwomenstore.com\\\/wp-content\\\/uploads\\\/2024\\\/04\\\/714bc51ade438e879c5bd6454a594c20.jpg\",\"width\":700,\"height\":700,\"caption\":\"Strap-on-me Plug Beads feltapaszthat\u00f3 dild\u00f3\"},{\"@type\":\"BreadcrumbList\",\"@id\":\"https:\\\/\\\/libwomenstore.com\\\/en\\\/product\\\/anal-toys\\\/strap-on-me-plug-beads-s-soft-silicone-anal-beads-dildo-with-suction-cup\\\/#breadcrumb\",\"itemListElement\":[{\"@type\":\"ListItem\",\"position\":1,\"name\":\"Kezd\u0151lap\",\"item\":\"https:\\\/\\\/libwomenstore.com\\\/en\\\/\"},{\"@type\":\"ListItem\",\"position\":2,\"name\":\"Shop Home Page &#8211; Product categories\",\"item\":\"https:\\\/\\\/libwomenstore.com\\\/shop-kezdolap-termek-kategoriak\\\/?lang=en\"},{\"@type\":\"ListItem\",\"position\":3,\"name\":\"STRAP-ON-ME Plug Beads S\"}]},{\"@type\":\"WebSite\",\"@id\":\"https:\\\/\\\/libwomenstore.com\\\/en\\\/#website\",\"url\":\"https:\\\/\\\/libwomenstore.com\\\/en\\\/\",\"name\":\"Lib Women Store\",\"description\":\"Magyarorsz\u00e1g els\u0151 n\u0151kre f\u00f3kusz\u00e1l\u00f3 szexshopja, ahol az eg\u00e9szs\u00e9g ugyanolyan fontos, mint az \u00e9lvezetek.\",\"publisher\":{\"@id\":\"https:\\\/\\\/libwomenstore.com\\\/en\\\/#organization\"},\"alternateName\":\"Lib\",\"potentialAction\":[{\"@type\":\"SearchAction\",\"target\":{\"@type\":\"EntryPoint\",\"urlTemplate\":\"https:\\\/\\\/libwomenstore.com\\\/en\\\/?s={search_term_string}\"},\"query-input\":{\"@type\":\"PropertyValueSpecification\",\"valueRequired\":true,\"valueName\":\"search_term_string\"}}],\"inLanguage\":\"en-US\"},{\"@type\":\"Organization\",\"@id\":\"https:\\\/\\\/libwomenstore.com\\\/en\\\/#organization\",\"name\":\"Lib Women Store\",\"url\":\"https:\\\/\\\/libwomenstore.com\\\/en\\\/\",\"logo\":{\"@type\":\"ImageObject\",\"inLanguage\":\"en-US\",\"@id\":\"https:\\\/\\\/libwomenstore.com\\\/en\\\/#\\\/schema\\\/logo\\\/image\\\/\",\"url\":\"https:\\\/\\\/libwomenstore.com\\\/wp-content\\\/uploads\\\/2024\\\/05\\\/cropped-LIB-logo-A.png\",\"contentUrl\":\"https:\\\/\\\/libwomenstore.com\\\/wp-content\\\/uploads\\\/2024\\\/05\\\/cropped-LIB-logo-A.png\",\"width\":512,\"height\":512,\"caption\":\"Lib Women Store\"},\"image\":{\"@id\":\"https:\\\/\\\/libwomenstore.com\\\/en\\\/#\\\/schema\\\/logo\\\/image\\\/\"},\"sameAs\":[\"https:\\\/\\\/www.facebook.com\\\/libwomenstore\"]}]}<\/script>\n<meta property=\"product:price:amount\" content=\"17000\" \/>\n<meta property=\"product:price:currency\" content=\"HUF\" \/>\n<meta property=\"og:availability\" content=\"out of stock\" \/>\n<meta property=\"product:availability\" content=\"out of stock\" \/>\n<meta property=\"product:retailer_item_id\" content=\"LIB-LTL014\" \/>\n<meta property=\"product:condition\" content=\"new\" \/>\n<!-- \/ Yoast SEO Premium plugin. -->","yoast_head_json":{"title":"STRAP-ON-ME Plug Beads S - Lib Women&#039;s Store","description":"The Plug Beads dildo has 3 different diameter beads for easy and comfortable insertion. With each bead you can increase the intensity of the pleasure.","robots":{"index":"index","follow":"follow","max-snippet":"max-snippet:-1","max-image-preview":"max-image-preview:large","max-video-preview":"max-video-preview:-1"},"canonical":"https:\/\/libwomenstore.com\/en\/product\/anal-toys\/strap-on-me-plug-beads-s-soft-silicone-anal-beads-dildo-with-suction-cup\/","og_locale":"en_US","og_type":"article","og_title":"STRAP-ON-ME Plug Beads S","og_description":"The Plug Beads dildo has 3 different diameter beads for easy and comfortable insertion. With each bead you can increase the intensity of the pleasure.","og_url":"https:\/\/libwomenstore.com\/en\/product\/anal-toys\/strap-on-me-plug-beads-s-soft-silicone-anal-beads-dildo-with-suction-cup\/","og_site_name":"Lib Women&#039;s Store","article_publisher":"https:\/\/www.facebook.com\/libwomenstore","article_modified_time":"2025-01-21T16:13:05+00:00","og_image":[{"width":700,"height":700,"url":"https:\/\/libwomenstore.com\/wp-content\/uploads\/2024\/04\/714bc51ade438e879c5bd6454a594c20.jpg","type":"image\/jpeg"}],"twitter_card":"summary_large_image","twitter_misc":{"Price":"17.000&#70;&#116;","Availability":"Out of stock"},"schema":{"@context":"https:\/\/schema.org","@graph":[{"@type":["WebPage","ItemPage"],"@id":"https:\/\/libwomenstore.com\/en\/product\/anal-toys\/strap-on-me-plug-beads-s-soft-silicone-anal-beads-dildo-with-suction-cup\/","url":"https:\/\/libwomenstore.com\/en\/product\/anal-toys\/strap-on-me-plug-beads-s-soft-silicone-anal-beads-dildo-with-suction-cup\/","name":"STRAP-ON-ME Plug Beads S - Lib Women&#039;s Store","isPartOf":{"@id":"https:\/\/libwomenstore.com\/en\/#website"},"primaryImageOfPage":{"@id":"https:\/\/libwomenstore.com\/en\/product\/anal-toys\/strap-on-me-plug-beads-s-soft-silicone-anal-beads-dildo-with-suction-cup\/#primaryimage"},"image":{"@id":"https:\/\/libwomenstore.com\/en\/product\/anal-toys\/strap-on-me-plug-beads-s-soft-silicone-anal-beads-dildo-with-suction-cup\/#primaryimage"},"thumbnailUrl":"https:\/\/libwomenstore.com\/wp-content\/uploads\/2024\/04\/714bc51ade438e879c5bd6454a594c20.jpg","datePublished":"2024-04-16T10:05:17+00:00","dateModified":"2025-01-21T16:13:05+00:00","description":"The Plug Beads dildo has 3 different diameter beads for easy and comfortable insertion. With each bead you can increase the intensity of the pleasure.","breadcrumb":{"@id":"https:\/\/libwomenstore.com\/en\/product\/anal-toys\/strap-on-me-plug-beads-s-soft-silicone-anal-beads-dildo-with-suction-cup\/#breadcrumb"},"inLanguage":"en-US","potentialAction":[{"@type":"ReadAction","target":["https:\/\/libwomenstore.com\/en\/product\/anal-toys\/strap-on-me-plug-beads-s-soft-silicone-anal-beads-dildo-with-suction-cup\/"]}]},{"@type":"ImageObject","inLanguage":"en-US","@id":"https:\/\/libwomenstore.com\/en\/product\/anal-toys\/strap-on-me-plug-beads-s-soft-silicone-anal-beads-dildo-with-suction-cup\/#primaryimage","url":"https:\/\/libwomenstore.com\/wp-content\/uploads\/2024\/04\/714bc51ade438e879c5bd6454a594c20.jpg","contentUrl":"https:\/\/libwomenstore.com\/wp-content\/uploads\/2024\/04\/714bc51ade438e879c5bd6454a594c20.jpg","width":700,"height":700,"caption":"Strap-on-me Plug Beads feltapaszthat\u00f3 dild\u00f3"},{"@type":"BreadcrumbList","@id":"https:\/\/libwomenstore.com\/en\/product\/anal-toys\/strap-on-me-plug-beads-s-soft-silicone-anal-beads-dildo-with-suction-cup\/#breadcrumb","itemListElement":[{"@type":"ListItem","position":1,"name":"Kezd\u0151lap","item":"https:\/\/libwomenstore.com\/en\/"},{"@type":"ListItem","position":2,"name":"Shop Home Page &#8211; Product categories","item":"https:\/\/libwomenstore.com\/shop-kezdolap-termek-kategoriak\/?lang=en"},{"@type":"ListItem","position":3,"name":"STRAP-ON-ME Plug Beads S"}]},{"@type":"WebSite","@id":"https:\/\/libwomenstore.com\/en\/#website","url":"https:\/\/libwomenstore.com\/en\/","name":"Lib Women Store","description":"Magyarorsz\u00e1g els\u0151 n\u0151kre f\u00f3kusz\u00e1l\u00f3 szexshopja, ahol az eg\u00e9szs\u00e9g ugyanolyan fontos, mint az \u00e9lvezetek.","publisher":{"@id":"https:\/\/libwomenstore.com\/en\/#organization"},"alternateName":"Lib","potentialAction":[{"@type":"SearchAction","target":{"@type":"EntryPoint","urlTemplate":"https:\/\/libwomenstore.com\/en\/?s={search_term_string}"},"query-input":{"@type":"PropertyValueSpecification","valueRequired":true,"valueName":"search_term_string"}}],"inLanguage":"en-US"},{"@type":"Organization","@id":"https:\/\/libwomenstore.com\/en\/#organization","name":"Lib Women Store","url":"https:\/\/libwomenstore.com\/en\/","logo":{"@type":"ImageObject","inLanguage":"en-US","@id":"https:\/\/libwomenstore.com\/en\/#\/schema\/logo\/image\/","url":"https:\/\/libwomenstore.com\/wp-content\/uploads\/2024\/05\/cropped-LIB-logo-A.png","contentUrl":"https:\/\/libwomenstore.com\/wp-content\/uploads\/2024\/05\/cropped-LIB-logo-A.png","width":512,"height":512,"caption":"Lib Women Store"},"image":{"@id":"https:\/\/libwomenstore.com\/en\/#\/schema\/logo\/image\/"},"sameAs":["https:\/\/www.facebook.com\/libwomenstore"]}]},"product_price_amount":"17000","product_price_currency":"HUF","og_availability":"out of stock","product_availability":"out of stock","product_retailer_item_id":"LIB-LTL014","product_condition":"new"},"_links":{"self":[{"href":"https:\/\/libwomenstore.com\/en\/wp-json\/wp\/v2\/product\/28468","targetHints":{"allow":["GET"]}}],"collection":[{"href":"https:\/\/libwomenstore.com\/en\/wp-json\/wp\/v2\/product"}],"about":[{"href":"https:\/\/libwomenstore.com\/en\/wp-json\/wp\/v2\/types\/product"}],"replies":[{"embeddable":true,"href":"https:\/\/libwomenstore.com\/en\/wp-json\/wp\/v2\/comments?post=28468"}],"wp:featuredmedia":[{"embeddable":true,"href":"https:\/\/libwomenstore.com\/en\/wp-json\/wp\/v2\/media\/26825"}],"wp:attachment":[{"href":"https:\/\/libwomenstore.com\/en\/wp-json\/wp\/v2\/media?parent=28468"}],"wp:term":[{"taxonomy":"product_brand","embeddable":true,"href":"https:\/\/libwomenstore.com\/en\/wp-json\/wp\/v2\/product_brand?post=28468"},{"taxonomy":"product_cat","embeddable":true,"href":"https:\/\/libwomenstore.com\/en\/wp-json\/wp\/v2\/product_cat?post=28468"},{"taxonomy":"product_tag","embeddable":true,"href":"https:\/\/libwomenstore.com\/en\/wp-json\/wp\/v2\/product_tag?post=28468"}],"curies":[{"name":"wp","href":"https:\/\/api.w.org\/{rel}","templated":true}]}}