{"id":28474,"date":"2024-04-16T12:05:15","date_gmt":"2024-04-16T10:05:15","guid":{"rendered":"https:\/\/uj.libwomenstore.com\/?post_type=product&#038;p=28474"},"modified":"2025-06-05T23:04:22","modified_gmt":"2025-06-05T21:04:22","slug":"strap-on-me-sliding-skin-dildo-s-soft-silicone-dildo-life-like-material","status":"publish","type":"product","link":"https:\/\/libwomenstore.com\/en\/product\/dildos\/strap-on-me-sliding-skin-dildo-s-soft-silicone-dildo-life-like-material\/","title":{"rendered":"STRAP-ON-ME Sliding Skin Dildo (S)"},"content":{"rendered":"<p style=\"text-align: center;\"><span style=\"font-weight: 400;\">Double layer premium silicone material &#8211; outer layer that can be stretched using hands<\/span><\/p>\n<p style=\"text-align: center;\"><span style=\"font-weight: 400;\">Elastic, pleasantly soft surface &#8211; soft touch on skin<\/span><\/p>\n<p style=\"text-align: center;\"><span style=\"font-weight: 400;\">Realistic head, veined surface and rounded testes<\/span><\/p>\n<p style=\"text-align: center;\"><span style=\"font-weight: 400;\">Unisex &#8211; for all genders<\/span><\/p>\n<p style=\"text-align: center;\"><span style=\"font-weight: 400;\">Universal &#8211; can be used safely for both vaginal and anal use<\/span><\/p>\n<p style=\"text-align: center;\"><span style=\"font-weight: 400;\">100% waterproof &#8211; contains no electrical parts, can be used in the bathtub or shower<\/span><\/p>\n<p style=\"text-align: center;\"><b>Tip<\/b><\/p>\n<p style=\"text-align: center;\"><span style=\"font-weight: 400;\">The dildo has a suction cup, so you can stick it to most smooth surfaces, so you can not only vary the angle of penetration, but also achieve different poses.<\/span><\/p>\n<p style=\"text-align: center;\"><b>Features<\/b><\/p>\n<p style=\"text-align: center;\"><span style=\"font-weight: 400;\">innovative, double-layered, skin-friendly silicone material over a rigid inner frame<\/span><\/p>\n<p style=\"text-align: center;\"><span style=\"font-weight: 400;\">velvety touch<\/span><\/p>\n<p style=\"text-align: center;\"><span style=\"font-weight: 400;\">stretchable outer layer<\/span><\/p>\n<p style=\"text-align: center;\"><span style=\"font-weight: 400;\">realistic penis shape<\/span><\/p>\n<p style=\"text-align: center;\"><span style=\"font-weight: 400;\">strong suction cup<\/span><\/p>\n<p style=\"text-align: center;\"><span style=\"font-weight: 400;\">Suitable for anal and vaginal use<\/span><\/p>\n<p style=\"text-align: center;\"><span style=\"font-weight: 400;\">waterproof, easy to clean<\/span><\/p>\n<p style=\"text-align: center;\"><span style=\"font-weight: 400;\">total length (including sole): 17.8 cm<\/span><\/p>\n<p style=\"text-align: center;\"><span style=\"font-weight: 400;\">insertable length (to testicles): 13.5cm<\/span><\/p>\n<p style=\"text-align: center;\"><span style=\"font-weight: 400;\">max. diameter: 3.4 cm<\/span><\/p>\n<p style=\"text-align: center;\"><span style=\"font-weight: 400;\">size of heart-shaped suction cup: 7.8 x 7.6 x 1.8 cm<\/span><\/p>\n<p style=\"text-align: center;\"><span style=\"font-weight: 400;\">color:\u00a0hot pink<\/span><\/p>\n<p style=\"text-align: center;\"><span style=\"font-weight: 400;\">material: antibacterial TPE (compliant with EU regulations, phthalate-free)<\/span><\/p>\n<p style=\"text-align: center;\"><span style=\"font-weight: 400;\">satin storage bag included<\/span><\/p>\n<p style=\"text-align: center;\"><b>Use &amp; Cleaning<\/b><\/p>\n<p style=\"text-align: center;\"><span style=\"font-weight: 400;\">Wash thoroughly with gentle soap and lukewarm water, then rinse and let dry. Using a special cleaning agent is recommended.<\/span><\/p>\n<p style=\"text-align: center;\"><span style=\"font-weight: 400;\">After drying, it is a good idea to sprinkle the dildo with natural baby powder to keep its surface velvety.<\/span><\/p>\n<p style=\"text-align: center;\"><span style=\"font-weight: 400;\">Only use a water-based lubricant with this toy!<\/span><\/p>\n<p style=\"text-align: center;\"><span style=\"font-weight: 400;\">When storing, make sure that the dildo does not come into contact with other products.<\/span><\/p>\n<p style=\"text-align: center;\">\n","protected":false},"excerpt":{"rendered":"<p style=\"text-align: left;\"><span style=\"font-weight: 400;\">This artificial penis is made with innovative double-layer technology, with a stretchable skin-like effect! The outer, soft layer will move over the inner, stiffer frame if you grip it tightly!<\/span><\/p>\n<p style=\"text-align: left;\"><span style=\"font-weight: 400;\">The secret lies in the solid inner frame, which is covered by soft, silky-touch silicone, for the most lifelike experience! <\/span><span style=\"font-weight: 400;\">You can also place it in a strap-on panty or harness.<\/span><\/p>\n","protected":false},"featured_media":26821,"comment_status":"open","ping_status":"closed","template":"","meta":{"_et_pb_use_builder":"","_et_pb_old_content":"","_et_gb_content_width":""},"product_brand":[],"product_cat":[340],"product_tag":[],"class_list":{"0":"post-28474","1":"product","2":"type-product","3":"status-publish","4":"has-post-thumbnail","6":"product_cat-dildos","8":"first","9":"outofstock","10":"taxable","11":"shipping-taxable","12":"purchasable","13":"product-type-simple"},"yoast_head":"<!-- This site is optimized with the Yoast SEO Premium plugin v27.4 (Yoast SEO v27.4) - https:\/\/yoast.com\/product\/yoast-seo-premium-wordpress\/ -->\n<title>STRAP-ON-ME Sliding Skin Dildo (S) - Lib Women&#039;s Store<\/title>\n<meta name=\"description\" content=\"This dildo made with innovative double-layer technology, with a stretchable leather effect! Try it if you crave the real thing!\" \/>\n<meta name=\"robots\" content=\"index, follow, max-snippet:-1, max-image-preview:large, max-video-preview:-1\" \/>\n<link rel=\"canonical\" href=\"https:\/\/libwomenstore.com\/en\/product\/dildos\/strap-on-me-sliding-skin-dildo-s-soft-silicone-dildo-life-like-material\/\" \/>\n<meta property=\"og:locale\" content=\"en_US\" \/>\n<meta property=\"og:type\" content=\"article\" \/>\n<meta property=\"og:title\" content=\"STRAP-ON-ME Sliding Skin Dildo (S)\" \/>\n<meta property=\"og:description\" content=\"This dildo made with innovative double-layer technology, with a stretchable leather effect! Try it if you crave the real thing!\" \/>\n<meta property=\"og:url\" content=\"https:\/\/libwomenstore.com\/en\/product\/dildos\/strap-on-me-sliding-skin-dildo-s-soft-silicone-dildo-life-like-material\/\" \/>\n<meta property=\"og:site_name\" content=\"Lib Women&#039;s Store\" \/>\n<meta property=\"article:publisher\" content=\"https:\/\/www.facebook.com\/libwomenstore\" \/>\n<meta property=\"article:modified_time\" content=\"2025-06-05T21:04:22+00:00\" \/>\n<meta property=\"og:image\" content=\"https:\/\/libwomenstore.com\/wp-content\/uploads\/2024\/04\/Strap-on-me_Sliding_Skin_S_1.jpg\" \/>\n\t<meta property=\"og:image:width\" content=\"1946\" \/>\n\t<meta property=\"og:image:height\" content=\"1946\" \/>\n\t<meta property=\"og:image:type\" content=\"image\/jpeg\" \/>\n<meta name=\"twitter:card\" content=\"summary_large_image\" \/>\n<meta name=\"twitter:label1\" content=\"Price\" \/>\n\t<meta name=\"twitter:data1\" content=\"23.000&#070;&#116;\" \/>\n\t<meta name=\"twitter:label2\" content=\"Availability\" \/>\n\t<meta name=\"twitter:data2\" content=\"Out of stock\" \/>\n<script type=\"application\/ld+json\" class=\"yoast-schema-graph\">{\"@context\":\"https:\\\/\\\/schema.org\",\"@graph\":[{\"@type\":[\"WebPage\",\"ItemPage\"],\"@id\":\"https:\\\/\\\/libwomenstore.com\\\/en\\\/product\\\/dildos\\\/strap-on-me-sliding-skin-dildo-s-soft-silicone-dildo-life-like-material\\\/\",\"url\":\"https:\\\/\\\/libwomenstore.com\\\/en\\\/product\\\/dildos\\\/strap-on-me-sliding-skin-dildo-s-soft-silicone-dildo-life-like-material\\\/\",\"name\":\"STRAP-ON-ME Sliding Skin Dildo (S) - Lib Women&#039;s Store\",\"isPartOf\":{\"@id\":\"https:\\\/\\\/libwomenstore.com\\\/en\\\/#website\"},\"primaryImageOfPage\":{\"@id\":\"https:\\\/\\\/libwomenstore.com\\\/en\\\/product\\\/dildos\\\/strap-on-me-sliding-skin-dildo-s-soft-silicone-dildo-life-like-material\\\/#primaryimage\"},\"image\":{\"@id\":\"https:\\\/\\\/libwomenstore.com\\\/en\\\/product\\\/dildos\\\/strap-on-me-sliding-skin-dildo-s-soft-silicone-dildo-life-like-material\\\/#primaryimage\"},\"thumbnailUrl\":\"https:\\\/\\\/libwomenstore.com\\\/wp-content\\\/uploads\\\/2024\\\/04\\\/Strap-on-me_Sliding_Skin_S_2.jpg\",\"datePublished\":\"2024-04-16T10:05:15+00:00\",\"dateModified\":\"2025-06-05T21:04:22+00:00\",\"description\":\"This dildo made with innovative double-layer technology, with a stretchable leather effect! Try it if you crave the real thing!\",\"breadcrumb\":{\"@id\":\"https:\\\/\\\/libwomenstore.com\\\/en\\\/product\\\/dildos\\\/strap-on-me-sliding-skin-dildo-s-soft-silicone-dildo-life-like-material\\\/#breadcrumb\"},\"inLanguage\":\"en-US\",\"potentialAction\":[{\"@type\":\"ReadAction\",\"target\":[\"https:\\\/\\\/libwomenstore.com\\\/en\\\/product\\\/dildos\\\/strap-on-me-sliding-skin-dildo-s-soft-silicone-dildo-life-like-material\\\/\"]}]},{\"@type\":\"ImageObject\",\"inLanguage\":\"en-US\",\"@id\":\"https:\\\/\\\/libwomenstore.com\\\/en\\\/product\\\/dildos\\\/strap-on-me-sliding-skin-dildo-s-soft-silicone-dildo-life-like-material\\\/#primaryimage\",\"url\":\"https:\\\/\\\/libwomenstore.com\\\/wp-content\\\/uploads\\\/2024\\\/04\\\/Strap-on-me_Sliding_Skin_S_2.jpg\",\"contentUrl\":\"https:\\\/\\\/libwomenstore.com\\\/wp-content\\\/uploads\\\/2024\\\/04\\\/Strap-on-me_Sliding_Skin_S_2.jpg\",\"width\":800,\"height\":1016,\"caption\":\"Strap-on-me \u00c9leth\u0171 feltapaszthat\u00f3 dild\u00f3\"},{\"@type\":\"BreadcrumbList\",\"@id\":\"https:\\\/\\\/libwomenstore.com\\\/en\\\/product\\\/dildos\\\/strap-on-me-sliding-skin-dildo-s-soft-silicone-dildo-life-like-material\\\/#breadcrumb\",\"itemListElement\":[{\"@type\":\"ListItem\",\"position\":1,\"name\":\"Kezd\u0151lap\",\"item\":\"https:\\\/\\\/libwomenstore.com\\\/en\\\/\"},{\"@type\":\"ListItem\",\"position\":2,\"name\":\"Shop Home Page &#8211; Product categories\",\"item\":\"https:\\\/\\\/libwomenstore.com\\\/shop-kezdolap-termek-kategoriak\\\/?lang=en\"},{\"@type\":\"ListItem\",\"position\":3,\"name\":\"STRAP-ON-ME Sliding Skin Dildo (S)\"}]},{\"@type\":\"WebSite\",\"@id\":\"https:\\\/\\\/libwomenstore.com\\\/en\\\/#website\",\"url\":\"https:\\\/\\\/libwomenstore.com\\\/en\\\/\",\"name\":\"Lib Women Store\",\"description\":\"Magyarorsz\u00e1g els\u0151 n\u0151kre f\u00f3kusz\u00e1l\u00f3 szexshopja, ahol az eg\u00e9szs\u00e9g ugyanolyan fontos, mint az \u00e9lvezetek.\",\"publisher\":{\"@id\":\"https:\\\/\\\/libwomenstore.com\\\/en\\\/#organization\"},\"alternateName\":\"Lib\",\"potentialAction\":[{\"@type\":\"SearchAction\",\"target\":{\"@type\":\"EntryPoint\",\"urlTemplate\":\"https:\\\/\\\/libwomenstore.com\\\/en\\\/?s={search_term_string}\"},\"query-input\":{\"@type\":\"PropertyValueSpecification\",\"valueRequired\":true,\"valueName\":\"search_term_string\"}}],\"inLanguage\":\"en-US\"},{\"@type\":\"Organization\",\"@id\":\"https:\\\/\\\/libwomenstore.com\\\/en\\\/#organization\",\"name\":\"Lib Women Store\",\"url\":\"https:\\\/\\\/libwomenstore.com\\\/en\\\/\",\"logo\":{\"@type\":\"ImageObject\",\"inLanguage\":\"en-US\",\"@id\":\"https:\\\/\\\/libwomenstore.com\\\/en\\\/#\\\/schema\\\/logo\\\/image\\\/\",\"url\":\"https:\\\/\\\/libwomenstore.com\\\/wp-content\\\/uploads\\\/2024\\\/05\\\/cropped-LIB-logo-A.png\",\"contentUrl\":\"https:\\\/\\\/libwomenstore.com\\\/wp-content\\\/uploads\\\/2024\\\/05\\\/cropped-LIB-logo-A.png\",\"width\":512,\"height\":512,\"caption\":\"Lib Women Store\"},\"image\":{\"@id\":\"https:\\\/\\\/libwomenstore.com\\\/en\\\/#\\\/schema\\\/logo\\\/image\\\/\"},\"sameAs\":[\"https:\\\/\\\/www.facebook.com\\\/libwomenstore\"]}]}<\/script>\n<meta property=\"product:price:amount\" content=\"23000\" \/>\n<meta property=\"product:price:currency\" content=\"HUF\" \/>\n<meta property=\"og:availability\" content=\"out of stock\" \/>\n<meta property=\"product:availability\" content=\"out of stock\" \/>\n<meta property=\"product:retailer_item_id\" content=\"LIB-SOM003.3\" \/>\n<meta property=\"product:condition\" content=\"new\" \/>\n<!-- \/ Yoast SEO Premium plugin. -->","yoast_head_json":{"title":"STRAP-ON-ME Sliding Skin Dildo (S) - Lib Women&#039;s Store","description":"This dildo made with innovative double-layer technology, with a stretchable leather effect! Try it if you crave the real thing!","robots":{"index":"index","follow":"follow","max-snippet":"max-snippet:-1","max-image-preview":"max-image-preview:large","max-video-preview":"max-video-preview:-1"},"canonical":"https:\/\/libwomenstore.com\/en\/product\/dildos\/strap-on-me-sliding-skin-dildo-s-soft-silicone-dildo-life-like-material\/","og_locale":"en_US","og_type":"article","og_title":"STRAP-ON-ME Sliding Skin Dildo (S)","og_description":"This dildo made with innovative double-layer technology, with a stretchable leather effect! Try it if you crave the real thing!","og_url":"https:\/\/libwomenstore.com\/en\/product\/dildos\/strap-on-me-sliding-skin-dildo-s-soft-silicone-dildo-life-like-material\/","og_site_name":"Lib Women&#039;s Store","article_publisher":"https:\/\/www.facebook.com\/libwomenstore","article_modified_time":"2025-06-05T21:04:22+00:00","og_image":[{"width":1946,"height":1946,"url":"https:\/\/libwomenstore.com\/wp-content\/uploads\/2024\/04\/Strap-on-me_Sliding_Skin_S_1.jpg","type":"image\/jpeg"}],"twitter_card":"summary_large_image","twitter_misc":{"Price":"23.000&#70;&#116;","Availability":"Out of stock"},"schema":{"@context":"https:\/\/schema.org","@graph":[{"@type":["WebPage","ItemPage"],"@id":"https:\/\/libwomenstore.com\/en\/product\/dildos\/strap-on-me-sliding-skin-dildo-s-soft-silicone-dildo-life-like-material\/","url":"https:\/\/libwomenstore.com\/en\/product\/dildos\/strap-on-me-sliding-skin-dildo-s-soft-silicone-dildo-life-like-material\/","name":"STRAP-ON-ME Sliding Skin Dildo (S) - Lib Women&#039;s Store","isPartOf":{"@id":"https:\/\/libwomenstore.com\/en\/#website"},"primaryImageOfPage":{"@id":"https:\/\/libwomenstore.com\/en\/product\/dildos\/strap-on-me-sliding-skin-dildo-s-soft-silicone-dildo-life-like-material\/#primaryimage"},"image":{"@id":"https:\/\/libwomenstore.com\/en\/product\/dildos\/strap-on-me-sliding-skin-dildo-s-soft-silicone-dildo-life-like-material\/#primaryimage"},"thumbnailUrl":"https:\/\/libwomenstore.com\/wp-content\/uploads\/2024\/04\/Strap-on-me_Sliding_Skin_S_2.jpg","datePublished":"2024-04-16T10:05:15+00:00","dateModified":"2025-06-05T21:04:22+00:00","description":"This dildo made with innovative double-layer technology, with a stretchable leather effect! Try it if you crave the real thing!","breadcrumb":{"@id":"https:\/\/libwomenstore.com\/en\/product\/dildos\/strap-on-me-sliding-skin-dildo-s-soft-silicone-dildo-life-like-material\/#breadcrumb"},"inLanguage":"en-US","potentialAction":[{"@type":"ReadAction","target":["https:\/\/libwomenstore.com\/en\/product\/dildos\/strap-on-me-sliding-skin-dildo-s-soft-silicone-dildo-life-like-material\/"]}]},{"@type":"ImageObject","inLanguage":"en-US","@id":"https:\/\/libwomenstore.com\/en\/product\/dildos\/strap-on-me-sliding-skin-dildo-s-soft-silicone-dildo-life-like-material\/#primaryimage","url":"https:\/\/libwomenstore.com\/wp-content\/uploads\/2024\/04\/Strap-on-me_Sliding_Skin_S_2.jpg","contentUrl":"https:\/\/libwomenstore.com\/wp-content\/uploads\/2024\/04\/Strap-on-me_Sliding_Skin_S_2.jpg","width":800,"height":1016,"caption":"Strap-on-me \u00c9leth\u0171 feltapaszthat\u00f3 dild\u00f3"},{"@type":"BreadcrumbList","@id":"https:\/\/libwomenstore.com\/en\/product\/dildos\/strap-on-me-sliding-skin-dildo-s-soft-silicone-dildo-life-like-material\/#breadcrumb","itemListElement":[{"@type":"ListItem","position":1,"name":"Kezd\u0151lap","item":"https:\/\/libwomenstore.com\/en\/"},{"@type":"ListItem","position":2,"name":"Shop Home Page &#8211; Product categories","item":"https:\/\/libwomenstore.com\/shop-kezdolap-termek-kategoriak\/?lang=en"},{"@type":"ListItem","position":3,"name":"STRAP-ON-ME Sliding Skin Dildo (S)"}]},{"@type":"WebSite","@id":"https:\/\/libwomenstore.com\/en\/#website","url":"https:\/\/libwomenstore.com\/en\/","name":"Lib Women Store","description":"Magyarorsz\u00e1g els\u0151 n\u0151kre f\u00f3kusz\u00e1l\u00f3 szexshopja, ahol az eg\u00e9szs\u00e9g ugyanolyan fontos, mint az \u00e9lvezetek.","publisher":{"@id":"https:\/\/libwomenstore.com\/en\/#organization"},"alternateName":"Lib","potentialAction":[{"@type":"SearchAction","target":{"@type":"EntryPoint","urlTemplate":"https:\/\/libwomenstore.com\/en\/?s={search_term_string}"},"query-input":{"@type":"PropertyValueSpecification","valueRequired":true,"valueName":"search_term_string"}}],"inLanguage":"en-US"},{"@type":"Organization","@id":"https:\/\/libwomenstore.com\/en\/#organization","name":"Lib Women Store","url":"https:\/\/libwomenstore.com\/en\/","logo":{"@type":"ImageObject","inLanguage":"en-US","@id":"https:\/\/libwomenstore.com\/en\/#\/schema\/logo\/image\/","url":"https:\/\/libwomenstore.com\/wp-content\/uploads\/2024\/05\/cropped-LIB-logo-A.png","contentUrl":"https:\/\/libwomenstore.com\/wp-content\/uploads\/2024\/05\/cropped-LIB-logo-A.png","width":512,"height":512,"caption":"Lib Women Store"},"image":{"@id":"https:\/\/libwomenstore.com\/en\/#\/schema\/logo\/image\/"},"sameAs":["https:\/\/www.facebook.com\/libwomenstore"]}]},"product_price_amount":"23000","product_price_currency":"HUF","og_availability":"out of stock","product_availability":"out of stock","product_retailer_item_id":"LIB-SOM003.3","product_condition":"new"},"_links":{"self":[{"href":"https:\/\/libwomenstore.com\/en\/wp-json\/wp\/v2\/product\/28474","targetHints":{"allow":["GET"]}}],"collection":[{"href":"https:\/\/libwomenstore.com\/en\/wp-json\/wp\/v2\/product"}],"about":[{"href":"https:\/\/libwomenstore.com\/en\/wp-json\/wp\/v2\/types\/product"}],"replies":[{"embeddable":true,"href":"https:\/\/libwomenstore.com\/en\/wp-json\/wp\/v2\/comments?post=28474"}],"wp:featuredmedia":[{"embeddable":true,"href":"https:\/\/libwomenstore.com\/en\/wp-json\/wp\/v2\/media\/26821"}],"wp:attachment":[{"href":"https:\/\/libwomenstore.com\/en\/wp-json\/wp\/v2\/media?parent=28474"}],"wp:term":[{"taxonomy":"product_brand","embeddable":true,"href":"https:\/\/libwomenstore.com\/en\/wp-json\/wp\/v2\/product_brand?post=28474"},{"taxonomy":"product_cat","embeddable":true,"href":"https:\/\/libwomenstore.com\/en\/wp-json\/wp\/v2\/product_cat?post=28474"},{"taxonomy":"product_tag","embeddable":true,"href":"https:\/\/libwomenstore.com\/en\/wp-json\/wp\/v2\/product_tag?post=28474"}],"curies":[{"name":"wp","href":"https:\/\/api.w.org\/{rel}","templated":true}]}}