{"id":28489,"date":"2024-04-16T12:05:07","date_gmt":"2024-04-16T10:05:07","guid":{"rendered":"https:\/\/uj.libwomenstore.com\/?post_type=product&#038;p=28489"},"modified":"2025-01-21T17:00:31","modified_gmt":"2025-01-21T16:00:31","slug":"strap-on-me-dual-density-dildo-m-bendable-soft-silicone-toy","status":"publish","type":"product","link":"https:\/\/libwomenstore.com\/en\/product\/dildos\/strap-on-me-dual-density-dildo-m-bendable-soft-silicone-toy\/","title":{"rendered":"STRAP-ON-ME Dual Density Dildo (M)"},"content":{"rendered":"<p style=\"text-align: center;\"><span style=\"font-weight: 400;\">Due to its special double-layered material, it is sufficiently stiff, yet still very flexible. The outer soft material creates a feeling of lifelike, soft skin, while the inner rigid frame holds the shape you set it to.<\/span><\/p>\n<p style=\"text-align: center;\"><span style=\"font-weight: 400;\">It can also be used as a strap-on toy, paired with a harness.\u00a0<\/span><\/p>\n<p style=\"text-align: center;\"><span style=\"font-weight: 400;\">It does not contain electrical parts, so it is completely waterproof and can be used in the bathtub or shower.<\/span><\/p>\n<p style=\"text-align: center;\"><b>Tip<\/b><\/p>\n<p style=\"text-align: center;\"><span style=\"font-weight: 400;\">Only use a water-based lubricant for this toy<\/span><\/p>\n<p style=\"text-align: center;\"><span style=\"font-weight: 400;\">Clean thoroughly before and after each use<\/span><\/p>\n<p style=\"text-align: center;\"><b>Features<\/b><\/p>\n<p style=\"text-align: center;\"><span style=\"font-weight: 400;\">premium quality skin-friendly, double layered silicone material<\/span><\/p>\n<p style=\"text-align: center;\"><span style=\"font-weight: 400;\">strong suction cup<\/span><\/p>\n<p style=\"text-align: center;\"><span style=\"font-weight: 400;\">Suitable for anal and vaginal use<\/span><\/p>\n<p style=\"text-align: center;\"><span style=\"font-weight: 400;\">waterproof, easy to clean<\/span><\/p>\n<p style=\"text-align: center;\"><span style=\"font-weight: 400;\">total length (including base): 18 cm<\/span><\/p>\n<p style=\"text-align: center;\"><span style=\"font-weight: 400;\">insertable length: 17cm<\/span><\/p>\n<p style=\"text-align: center;\"><span style=\"font-weight: 400;\">diameter: 3.3 cm<\/span><\/p>\n<p style=\"text-align: center;\"><span style=\"font-weight: 400;\">size of heart-shaped suction cup: 7.5 x 7.3 cm<\/span><\/p>\n<p style=\"text-align: center;\"><span style=\"font-weight: 400;\">color: Black<\/span><\/p>\n<p style=\"text-align: center;\"><span style=\"font-weight: 400;\">material: antibacterial TPE (compliant with EU regulations, phthalate-free)<\/span><\/p>\n<p style=\"text-align: center;\"><span style=\"font-weight: 400;\">satin storage bag included<\/span><\/p>\n<p style=\"text-align: center;\"><b>Use &amp; Cleaning<\/b><\/p>\n<p style=\"text-align: center;\"><span style=\"font-weight: 400;\">Wash thoroughly with gentle soap and lukewarm water, then rinse and let dry. Recommended: Use of a special cleaning agent.<\/span><\/p>\n<p style=\"text-align: center;\"><span style=\"font-weight: 400;\">\u00a0<\/span><\/p>\n<p style=\"text-align: center;\"><span style=\"font-weight: 400;\">After drying, it is a good idea to sprinkle the dildo with natural baby powder to keep the surface velvety.<\/span><\/p>\n<p style=\"text-align: center;\">\n","protected":false},"excerpt":{"rendered":"<p style=\"text-align: left;\"><span style=\"font-weight: 400;\">The medium-sized Strap-on-me, French-made dildo has realistic lines, and is entirely made of premium quality silicone. You can bend and customize its shape as you like, so you can achieve varied penetration angles!<\/span><\/p>\n<p style=\"text-align: left;\"><span style=\"font-weight: 400;\">There is a heart-shaped suction cup on the bottom, thanks to which the dildo can be easily stuck to any smooth surface, giving you the opportunity for additional poses. <\/span><span style=\"font-weight: 400;\">As an addition, you can use the universal base to turn it into a strap-on penis!<\/span><\/p>\n","protected":false},"featured_media":31975,"comment_status":"open","ping_status":"closed","template":"","meta":{"_et_pb_use_builder":"","_et_pb_old_content":"","_et_gb_content_width":""},"product_brand":[],"product_cat":[340],"product_tag":[],"class_list":{"0":"post-28489","1":"product","2":"type-product","3":"status-publish","4":"has-post-thumbnail","6":"product_cat-dildos","8":"first","9":"outofstock","10":"taxable","11":"shipping-taxable","12":"purchasable","13":"product-type-simple"},"yoast_head":"<!-- This site is optimized with the Yoast SEO Premium plugin v27.4 (Yoast SEO v27.4) - https:\/\/yoast.com\/product\/yoast-seo-premium-wordpress\/ -->\n<title>STRAP-ON-ME Dual Density Dildo (M) - Lib Women&#039;s Store<\/title>\n<meta name=\"description\" content=\"A medium-sized, French-made, realistic dildo made entirely of premium silicone. You can bend and personalize its shape as you like.\" \/>\n<meta name=\"robots\" content=\"index, follow, max-snippet:-1, max-image-preview:large, max-video-preview:-1\" \/>\n<link rel=\"canonical\" href=\"https:\/\/libwomenstore.com\/en\/product\/dildos\/strap-on-me-dual-density-dildo-m-bendable-soft-silicone-toy\/\" \/>\n<meta property=\"og:locale\" content=\"en_US\" \/>\n<meta property=\"og:type\" content=\"article\" \/>\n<meta property=\"og:title\" content=\"STRAP-ON-ME Dual Density Dildo (M)\" \/>\n<meta property=\"og:description\" content=\"A medium-sized, French-made, realistic dildo made entirely of premium silicone. You can bend and personalize its shape as you like.\" \/>\n<meta property=\"og:url\" content=\"https:\/\/libwomenstore.com\/en\/product\/dildos\/strap-on-me-dual-density-dildo-m-bendable-soft-silicone-toy\/\" \/>\n<meta property=\"og:site_name\" content=\"Lib Women&#039;s Store\" \/>\n<meta property=\"article:publisher\" content=\"https:\/\/www.facebook.com\/libwomenstore\" \/>\n<meta property=\"article:modified_time\" content=\"2025-01-21T16:00:31+00:00\" \/>\n<meta property=\"og:image\" content=\"https:\/\/libwomenstore.com\/wp-content\/uploads\/2024\/04\/dualdensity.png\" \/>\n\t<meta property=\"og:image:width\" content=\"1080\" \/>\n\t<meta property=\"og:image:height\" content=\"1080\" \/>\n\t<meta property=\"og:image:type\" content=\"image\/png\" \/>\n<meta name=\"twitter:card\" content=\"summary_large_image\" \/>\n<meta name=\"twitter:label1\" content=\"Price\" \/>\n\t<meta name=\"twitter:data1\" content=\"28.000&#070;&#116;\" \/>\n\t<meta name=\"twitter:label2\" content=\"Availability\" \/>\n\t<meta name=\"twitter:data2\" content=\"Out of stock\" \/>\n<script type=\"application\/ld+json\" class=\"yoast-schema-graph\">{\"@context\":\"https:\\\/\\\/schema.org\",\"@graph\":[{\"@type\":[\"WebPage\",\"ItemPage\"],\"@id\":\"https:\\\/\\\/libwomenstore.com\\\/en\\\/product\\\/dildos\\\/strap-on-me-dual-density-dildo-m-bendable-soft-silicone-toy\\\/\",\"url\":\"https:\\\/\\\/libwomenstore.com\\\/en\\\/product\\\/dildos\\\/strap-on-me-dual-density-dildo-m-bendable-soft-silicone-toy\\\/\",\"name\":\"STRAP-ON-ME Dual Density Dildo (M) - Lib Women&#039;s Store\",\"isPartOf\":{\"@id\":\"https:\\\/\\\/libwomenstore.com\\\/en\\\/#website\"},\"primaryImageOfPage\":{\"@id\":\"https:\\\/\\\/libwomenstore.com\\\/en\\\/product\\\/dildos\\\/strap-on-me-dual-density-dildo-m-bendable-soft-silicone-toy\\\/#primaryimage\"},\"image\":{\"@id\":\"https:\\\/\\\/libwomenstore.com\\\/en\\\/product\\\/dildos\\\/strap-on-me-dual-density-dildo-m-bendable-soft-silicone-toy\\\/#primaryimage\"},\"thumbnailUrl\":\"https:\\\/\\\/libwomenstore.com\\\/wp-content\\\/uploads\\\/2024\\\/04\\\/strap-on-me_dual_density_dildo.jpg\",\"datePublished\":\"2024-04-16T10:05:07+00:00\",\"dateModified\":\"2025-01-21T16:00:31+00:00\",\"description\":\"A medium-sized, French-made, realistic dildo made entirely of premium silicone. You can bend and personalize its shape as you like.\",\"breadcrumb\":{\"@id\":\"https:\\\/\\\/libwomenstore.com\\\/en\\\/product\\\/dildos\\\/strap-on-me-dual-density-dildo-m-bendable-soft-silicone-toy\\\/#breadcrumb\"},\"inLanguage\":\"en-US\",\"potentialAction\":[{\"@type\":\"ReadAction\",\"target\":[\"https:\\\/\\\/libwomenstore.com\\\/en\\\/product\\\/dildos\\\/strap-on-me-dual-density-dildo-m-bendable-soft-silicone-toy\\\/\"]}]},{\"@type\":\"ImageObject\",\"inLanguage\":\"en-US\",\"@id\":\"https:\\\/\\\/libwomenstore.com\\\/en\\\/product\\\/dildos\\\/strap-on-me-dual-density-dildo-m-bendable-soft-silicone-toy\\\/#primaryimage\",\"url\":\"https:\\\/\\\/libwomenstore.com\\\/wp-content\\\/uploads\\\/2024\\\/04\\\/strap-on-me_dual_density_dildo.jpg\",\"contentUrl\":\"https:\\\/\\\/libwomenstore.com\\\/wp-content\\\/uploads\\\/2024\\\/04\\\/strap-on-me_dual_density_dildo.jpg\",\"width\":600,\"height\":600,\"caption\":\"Strap-on-me Dual Density hajl\u00edthat\u00f3, feltapaszthat\u00f3 dild\u00f3\"},{\"@type\":\"BreadcrumbList\",\"@id\":\"https:\\\/\\\/libwomenstore.com\\\/en\\\/product\\\/dildos\\\/strap-on-me-dual-density-dildo-m-bendable-soft-silicone-toy\\\/#breadcrumb\",\"itemListElement\":[{\"@type\":\"ListItem\",\"position\":1,\"name\":\"Kezd\u0151lap\",\"item\":\"https:\\\/\\\/libwomenstore.com\\\/en\\\/\"},{\"@type\":\"ListItem\",\"position\":2,\"name\":\"Shop Home Page &#8211; Product categories\",\"item\":\"https:\\\/\\\/libwomenstore.com\\\/shop-kezdolap-termek-kategoriak\\\/?lang=en\"},{\"@type\":\"ListItem\",\"position\":3,\"name\":\"STRAP-ON-ME Dual Density Dildo (M)\"}]},{\"@type\":\"WebSite\",\"@id\":\"https:\\\/\\\/libwomenstore.com\\\/en\\\/#website\",\"url\":\"https:\\\/\\\/libwomenstore.com\\\/en\\\/\",\"name\":\"Lib Women Store\",\"description\":\"Magyarorsz\u00e1g els\u0151 n\u0151kre f\u00f3kusz\u00e1l\u00f3 szexshopja, ahol az eg\u00e9szs\u00e9g ugyanolyan fontos, mint az \u00e9lvezetek.\",\"publisher\":{\"@id\":\"https:\\\/\\\/libwomenstore.com\\\/en\\\/#organization\"},\"alternateName\":\"Lib\",\"potentialAction\":[{\"@type\":\"SearchAction\",\"target\":{\"@type\":\"EntryPoint\",\"urlTemplate\":\"https:\\\/\\\/libwomenstore.com\\\/en\\\/?s={search_term_string}\"},\"query-input\":{\"@type\":\"PropertyValueSpecification\",\"valueRequired\":true,\"valueName\":\"search_term_string\"}}],\"inLanguage\":\"en-US\"},{\"@type\":\"Organization\",\"@id\":\"https:\\\/\\\/libwomenstore.com\\\/en\\\/#organization\",\"name\":\"Lib Women Store\",\"url\":\"https:\\\/\\\/libwomenstore.com\\\/en\\\/\",\"logo\":{\"@type\":\"ImageObject\",\"inLanguage\":\"en-US\",\"@id\":\"https:\\\/\\\/libwomenstore.com\\\/en\\\/#\\\/schema\\\/logo\\\/image\\\/\",\"url\":\"https:\\\/\\\/libwomenstore.com\\\/wp-content\\\/uploads\\\/2024\\\/05\\\/cropped-LIB-logo-A.png\",\"contentUrl\":\"https:\\\/\\\/libwomenstore.com\\\/wp-content\\\/uploads\\\/2024\\\/05\\\/cropped-LIB-logo-A.png\",\"width\":512,\"height\":512,\"caption\":\"Lib Women Store\"},\"image\":{\"@id\":\"https:\\\/\\\/libwomenstore.com\\\/en\\\/#\\\/schema\\\/logo\\\/image\\\/\"},\"sameAs\":[\"https:\\\/\\\/www.facebook.com\\\/libwomenstore\"]}]}<\/script>\n<meta property=\"product:price:amount\" content=\"28000\" \/>\n<meta property=\"product:price:currency\" content=\"HUF\" \/>\n<meta property=\"og:availability\" content=\"out of stock\" \/>\n<meta property=\"product:availability\" content=\"out of stock\" \/>\n<meta property=\"product:retailer_item_id\" content=\"LIB-SOM004\" \/>\n<meta property=\"product:condition\" content=\"new\" \/>\n<!-- \/ Yoast SEO Premium plugin. -->","yoast_head_json":{"title":"STRAP-ON-ME Dual Density Dildo (M) - Lib Women&#039;s Store","description":"A medium-sized, French-made, realistic dildo made entirely of premium silicone. You can bend and personalize its shape as you like.","robots":{"index":"index","follow":"follow","max-snippet":"max-snippet:-1","max-image-preview":"max-image-preview:large","max-video-preview":"max-video-preview:-1"},"canonical":"https:\/\/libwomenstore.com\/en\/product\/dildos\/strap-on-me-dual-density-dildo-m-bendable-soft-silicone-toy\/","og_locale":"en_US","og_type":"article","og_title":"STRAP-ON-ME Dual Density Dildo (M)","og_description":"A medium-sized, French-made, realistic dildo made entirely of premium silicone. You can bend and personalize its shape as you like.","og_url":"https:\/\/libwomenstore.com\/en\/product\/dildos\/strap-on-me-dual-density-dildo-m-bendable-soft-silicone-toy\/","og_site_name":"Lib Women&#039;s Store","article_publisher":"https:\/\/www.facebook.com\/libwomenstore","article_modified_time":"2025-01-21T16:00:31+00:00","og_image":[{"width":1080,"height":1080,"url":"https:\/\/libwomenstore.com\/wp-content\/uploads\/2024\/04\/dualdensity.png","type":"image\/png"}],"twitter_card":"summary_large_image","twitter_misc":{"Price":"28.000&#70;&#116;","Availability":"Out of stock"},"schema":{"@context":"https:\/\/schema.org","@graph":[{"@type":["WebPage","ItemPage"],"@id":"https:\/\/libwomenstore.com\/en\/product\/dildos\/strap-on-me-dual-density-dildo-m-bendable-soft-silicone-toy\/","url":"https:\/\/libwomenstore.com\/en\/product\/dildos\/strap-on-me-dual-density-dildo-m-bendable-soft-silicone-toy\/","name":"STRAP-ON-ME Dual Density Dildo (M) - Lib Women&#039;s Store","isPartOf":{"@id":"https:\/\/libwomenstore.com\/en\/#website"},"primaryImageOfPage":{"@id":"https:\/\/libwomenstore.com\/en\/product\/dildos\/strap-on-me-dual-density-dildo-m-bendable-soft-silicone-toy\/#primaryimage"},"image":{"@id":"https:\/\/libwomenstore.com\/en\/product\/dildos\/strap-on-me-dual-density-dildo-m-bendable-soft-silicone-toy\/#primaryimage"},"thumbnailUrl":"https:\/\/libwomenstore.com\/wp-content\/uploads\/2024\/04\/strap-on-me_dual_density_dildo.jpg","datePublished":"2024-04-16T10:05:07+00:00","dateModified":"2025-01-21T16:00:31+00:00","description":"A medium-sized, French-made, realistic dildo made entirely of premium silicone. You can bend and personalize its shape as you like.","breadcrumb":{"@id":"https:\/\/libwomenstore.com\/en\/product\/dildos\/strap-on-me-dual-density-dildo-m-bendable-soft-silicone-toy\/#breadcrumb"},"inLanguage":"en-US","potentialAction":[{"@type":"ReadAction","target":["https:\/\/libwomenstore.com\/en\/product\/dildos\/strap-on-me-dual-density-dildo-m-bendable-soft-silicone-toy\/"]}]},{"@type":"ImageObject","inLanguage":"en-US","@id":"https:\/\/libwomenstore.com\/en\/product\/dildos\/strap-on-me-dual-density-dildo-m-bendable-soft-silicone-toy\/#primaryimage","url":"https:\/\/libwomenstore.com\/wp-content\/uploads\/2024\/04\/strap-on-me_dual_density_dildo.jpg","contentUrl":"https:\/\/libwomenstore.com\/wp-content\/uploads\/2024\/04\/strap-on-me_dual_density_dildo.jpg","width":600,"height":600,"caption":"Strap-on-me Dual Density hajl\u00edthat\u00f3, feltapaszthat\u00f3 dild\u00f3"},{"@type":"BreadcrumbList","@id":"https:\/\/libwomenstore.com\/en\/product\/dildos\/strap-on-me-dual-density-dildo-m-bendable-soft-silicone-toy\/#breadcrumb","itemListElement":[{"@type":"ListItem","position":1,"name":"Kezd\u0151lap","item":"https:\/\/libwomenstore.com\/en\/"},{"@type":"ListItem","position":2,"name":"Shop Home Page &#8211; Product categories","item":"https:\/\/libwomenstore.com\/shop-kezdolap-termek-kategoriak\/?lang=en"},{"@type":"ListItem","position":3,"name":"STRAP-ON-ME Dual Density Dildo (M)"}]},{"@type":"WebSite","@id":"https:\/\/libwomenstore.com\/en\/#website","url":"https:\/\/libwomenstore.com\/en\/","name":"Lib Women Store","description":"Magyarorsz\u00e1g els\u0151 n\u0151kre f\u00f3kusz\u00e1l\u00f3 szexshopja, ahol az eg\u00e9szs\u00e9g ugyanolyan fontos, mint az \u00e9lvezetek.","publisher":{"@id":"https:\/\/libwomenstore.com\/en\/#organization"},"alternateName":"Lib","potentialAction":[{"@type":"SearchAction","target":{"@type":"EntryPoint","urlTemplate":"https:\/\/libwomenstore.com\/en\/?s={search_term_string}"},"query-input":{"@type":"PropertyValueSpecification","valueRequired":true,"valueName":"search_term_string"}}],"inLanguage":"en-US"},{"@type":"Organization","@id":"https:\/\/libwomenstore.com\/en\/#organization","name":"Lib Women Store","url":"https:\/\/libwomenstore.com\/en\/","logo":{"@type":"ImageObject","inLanguage":"en-US","@id":"https:\/\/libwomenstore.com\/en\/#\/schema\/logo\/image\/","url":"https:\/\/libwomenstore.com\/wp-content\/uploads\/2024\/05\/cropped-LIB-logo-A.png","contentUrl":"https:\/\/libwomenstore.com\/wp-content\/uploads\/2024\/05\/cropped-LIB-logo-A.png","width":512,"height":512,"caption":"Lib Women Store"},"image":{"@id":"https:\/\/libwomenstore.com\/en\/#\/schema\/logo\/image\/"},"sameAs":["https:\/\/www.facebook.com\/libwomenstore"]}]},"product_price_amount":"28000","product_price_currency":"HUF","og_availability":"out of stock","product_availability":"out of stock","product_retailer_item_id":"LIB-SOM004","product_condition":"new"},"_links":{"self":[{"href":"https:\/\/libwomenstore.com\/en\/wp-json\/wp\/v2\/product\/28489","targetHints":{"allow":["GET"]}}],"collection":[{"href":"https:\/\/libwomenstore.com\/en\/wp-json\/wp\/v2\/product"}],"about":[{"href":"https:\/\/libwomenstore.com\/en\/wp-json\/wp\/v2\/types\/product"}],"replies":[{"embeddable":true,"href":"https:\/\/libwomenstore.com\/en\/wp-json\/wp\/v2\/comments?post=28489"}],"wp:featuredmedia":[{"embeddable":true,"href":"https:\/\/libwomenstore.com\/en\/wp-json\/wp\/v2\/media\/31975"}],"wp:attachment":[{"href":"https:\/\/libwomenstore.com\/en\/wp-json\/wp\/v2\/media?parent=28489"}],"wp:term":[{"taxonomy":"product_brand","embeddable":true,"href":"https:\/\/libwomenstore.com\/en\/wp-json\/wp\/v2\/product_brand?post=28489"},{"taxonomy":"product_cat","embeddable":true,"href":"https:\/\/libwomenstore.com\/en\/wp-json\/wp\/v2\/product_cat?post=28489"},{"taxonomy":"product_tag","embeddable":true,"href":"https:\/\/libwomenstore.com\/en\/wp-json\/wp\/v2\/product_tag?post=28489"}],"curies":[{"name":"wp","href":"https:\/\/api.w.org\/{rel}","templated":true}]}}