{"id":28496,"date":"2024-04-16T12:04:56","date_gmt":"2024-04-16T10:04:56","guid":{"rendered":"https:\/\/uj.libwomenstore.com\/?post_type=product&#038;p=28496"},"modified":"2025-01-10T12:34:48","modified_gmt":"2025-01-10T11:34:48","slug":"romp-rose-clit-suction-vibrator-waterproof","status":"publish","type":"product","link":"https:\/\/libwomenstore.com\/en\/product\/collabs\/lib-x-bliss-glass-toys-hand-crafted\/romp-rose-clit-suction-vibrator-waterproof\/","title":{"rendered":"ROMP Rose"},"content":{"rendered":"<p style=\"text-align: center;\">ROMP Rose\u2019s extraordinary shape is designed to put orgasm front and center, with 6 intensities and 4 pattern modes, all in a high quality, rechargeable, silicone-coated toy at an entry-level price.<\/p>\n<p style=\"text-align: center;\"><strong>Tip<\/strong><\/p>\n<p style=\"text-align: center;\">Take it with you on holidays!<\/p>\n<p style=\"text-align: center;\"><strong>Features<\/strong><\/p>\n<p style=\"text-align: center;\">Waterproof<\/p>\n<p style=\"text-align: center;\"><strong>Dimensions:<\/strong><\/p>\n<p style=\"text-align: center;\">Length: 7.6 cm<\/p>\n<p style=\"text-align: center;\">Circumference: 17.78 cm<\/p>\n<p style=\"text-align: center;\"><strong>Material:<\/strong><\/p>\n<p style=\"text-align: center;\">Head Material: Body-safe silicone<\/p>\n<p style=\"text-align: center;\">Materials: Body-safe silicone, ABS<\/p>\n<p style=\"text-align: center;\">Battery: 3.7 V \u2393 0.5 A: Built-in li-ion rechargeable battery<\/p>\n<p style=\"text-align: center;\">Run Time: 65 min<\/p>\n<p style=\"text-align: center;\">Charge Time: 60 min<\/p>\n<p style=\"text-align: center;\"><b>Use &amp; Cleaning<\/b><\/p>\n<p style=\"text-align: center;\">Clean the device thoroughly before first use and after each use. Wash thoroughly with gentle soap and lukewarm water, then rinse and let dry. Recommended: Use of a special cleaning agent.<\/p>\n<p style=\"text-align: center;\">Use exclusively with water-based lubricants, other oils and lubricants can damage the material.<\/p>\n<p style=\"text-align: center;\">\n","protected":false},"excerpt":{"rendered":"<p style=\"text-align: left;\">ROMP Rose is a unique clitoral stimulator with original Pleasure Air Technology, the groundbreaking suction-like sensation using waves of contactless air pressure.<\/p>\n","protected":false},"featured_media":31981,"comment_status":"open","ping_status":"closed","template":"","meta":{"_et_pb_use_builder":"","_et_pb_old_content":"","_et_gb_content_width":""},"product_brand":[],"product_cat":[322,554,318],"product_tag":[],"class_list":{"0":"post-28496","1":"product","2":"type-product","3":"status-publish","4":"has-post-thumbnail","6":"product_cat-clitoral-vibrators","7":"product_cat-lib-x-bliss-glass-toys-hand-crafted","8":"product_cat-vibrators","10":"first","11":"outofstock","12":"taxable","13":"shipping-taxable","14":"purchasable","15":"product-type-simple"},"yoast_head":"<!-- This site is optimized with the Yoast SEO Premium plugin v27.4 (Yoast SEO v27.4) - https:\/\/yoast.com\/product\/yoast-seo-premium-wordpress\/ -->\n<title>ROMP Rose - Lib Women&#039;s Store<\/title>\n<meta name=\"description\" content=\"ROMP Rose is a unique clitoral stimulator with Pleasure Air technology, which delivers an amazing suction sensation using waves of non-contact air pressure.\" \/>\n<meta name=\"robots\" content=\"index, follow, max-snippet:-1, max-image-preview:large, max-video-preview:-1\" \/>\n<link rel=\"canonical\" href=\"https:\/\/libwomenstore.com\/en\/product\/collabs\/lib-x-bliss-glass-toys-hand-crafted\/romp-rose-clit-suction-vibrator-waterproof\/\" \/>\n<meta property=\"og:locale\" content=\"en_US\" \/>\n<meta property=\"og:type\" content=\"article\" \/>\n<meta property=\"og:title\" content=\"ROMP Rose\" \/>\n<meta property=\"og:description\" content=\"ROMP Rose is a unique clitoral stimulator with Pleasure Air technology, which delivers an amazing suction sensation using waves of non-contact air pressure.\" \/>\n<meta property=\"og:url\" content=\"https:\/\/libwomenstore.com\/en\/product\/collabs\/lib-x-bliss-glass-toys-hand-crafted\/romp-rose-clit-suction-vibrator-waterproof\/\" \/>\n<meta property=\"og:site_name\" content=\"Lib Women&#039;s Store\" \/>\n<meta property=\"article:publisher\" content=\"https:\/\/www.facebook.com\/libwomenstore\" \/>\n<meta property=\"article:modified_time\" content=\"2025-01-10T11:34:48+00:00\" \/>\n<meta property=\"og:image\" content=\"https:\/\/libwomenstore.com\/wp-content\/uploads\/2024\/04\/Romp_rose_leghullamos.jpg\" \/>\n\t<meta property=\"og:image:width\" content=\"600\" \/>\n\t<meta property=\"og:image:height\" content=\"600\" \/>\n\t<meta property=\"og:image:type\" content=\"image\/jpeg\" \/>\n<meta name=\"twitter:card\" content=\"summary_large_image\" \/>\n<meta name=\"twitter:label1\" content=\"Price\" \/>\n\t<meta name=\"twitter:data1\" content=\"25.000&#070;&#116;\" \/>\n\t<meta name=\"twitter:label2\" content=\"Availability\" \/>\n\t<meta name=\"twitter:data2\" content=\"Out of stock\" \/>\n<script type=\"application\/ld+json\" class=\"yoast-schema-graph\">{\"@context\":\"https:\\\/\\\/schema.org\",\"@graph\":[{\"@type\":[\"WebPage\",\"ItemPage\"],\"@id\":\"https:\\\/\\\/libwomenstore.com\\\/en\\\/product\\\/collabs\\\/lib-x-bliss-glass-toys-hand-crafted\\\/romp-rose-clit-suction-vibrator-waterproof\\\/\",\"url\":\"https:\\\/\\\/libwomenstore.com\\\/en\\\/product\\\/collabs\\\/lib-x-bliss-glass-toys-hand-crafted\\\/romp-rose-clit-suction-vibrator-waterproof\\\/\",\"name\":\"ROMP Rose - Lib Women&#039;s Store\",\"isPartOf\":{\"@id\":\"https:\\\/\\\/libwomenstore.com\\\/en\\\/#website\"},\"primaryImageOfPage\":{\"@id\":\"https:\\\/\\\/libwomenstore.com\\\/en\\\/product\\\/collabs\\\/lib-x-bliss-glass-toys-hand-crafted\\\/romp-rose-clit-suction-vibrator-waterproof\\\/#primaryimage\"},\"image\":{\"@id\":\"https:\\\/\\\/libwomenstore.com\\\/en\\\/product\\\/collabs\\\/lib-x-bliss-glass-toys-hand-crafted\\\/romp-rose-clit-suction-vibrator-waterproof\\\/#primaryimage\"},\"thumbnailUrl\":\"https:\\\/\\\/libwomenstore.com\\\/wp-content\\\/uploads\\\/2024\\\/04\\\/Romp_rose_leghullamos.jpg\",\"datePublished\":\"2024-04-16T10:04:56+00:00\",\"dateModified\":\"2025-01-10T11:34:48+00:00\",\"description\":\"ROMP Rose is a unique clitoral stimulator with Pleasure Air technology, which delivers an amazing suction sensation using waves of non-contact air pressure.\",\"breadcrumb\":{\"@id\":\"https:\\\/\\\/libwomenstore.com\\\/en\\\/product\\\/collabs\\\/lib-x-bliss-glass-toys-hand-crafted\\\/romp-rose-clit-suction-vibrator-waterproof\\\/#breadcrumb\"},\"inLanguage\":\"en-US\",\"potentialAction\":[{\"@type\":\"ReadAction\",\"target\":[\"https:\\\/\\\/libwomenstore.com\\\/en\\\/product\\\/collabs\\\/lib-x-bliss-glass-toys-hand-crafted\\\/romp-rose-clit-suction-vibrator-waterproof\\\/\"]}]},{\"@type\":\"ImageObject\",\"inLanguage\":\"en-US\",\"@id\":\"https:\\\/\\\/libwomenstore.com\\\/en\\\/product\\\/collabs\\\/lib-x-bliss-glass-toys-hand-crafted\\\/romp-rose-clit-suction-vibrator-waterproof\\\/#primaryimage\",\"url\":\"https:\\\/\\\/libwomenstore.com\\\/wp-content\\\/uploads\\\/2024\\\/04\\\/Romp_rose_leghullamos.jpg\",\"contentUrl\":\"https:\\\/\\\/libwomenstore.com\\\/wp-content\\\/uploads\\\/2024\\\/04\\\/Romp_rose_leghullamos.jpg\",\"width\":600,\"height\":600,\"caption\":\"Romp Rose l\u00e9ghull\u00e1mos csikl\u00f3izgat\u00f3 vibr\u00e1tor kezd\u0151knek\"},{\"@type\":\"BreadcrumbList\",\"@id\":\"https:\\\/\\\/libwomenstore.com\\\/en\\\/product\\\/collabs\\\/lib-x-bliss-glass-toys-hand-crafted\\\/romp-rose-clit-suction-vibrator-waterproof\\\/#breadcrumb\",\"itemListElement\":[{\"@type\":\"ListItem\",\"position\":1,\"name\":\"Kezd\u0151lap\",\"item\":\"https:\\\/\\\/libwomenstore.com\\\/en\\\/\"},{\"@type\":\"ListItem\",\"position\":2,\"name\":\"Shop Home Page &#8211; Product categories\",\"item\":\"https:\\\/\\\/libwomenstore.com\\\/shop-kezdolap-termek-kategoriak\\\/?lang=en\"},{\"@type\":\"ListItem\",\"position\":3,\"name\":\"ROMP Rose\"}]},{\"@type\":\"WebSite\",\"@id\":\"https:\\\/\\\/libwomenstore.com\\\/en\\\/#website\",\"url\":\"https:\\\/\\\/libwomenstore.com\\\/en\\\/\",\"name\":\"Lib Women Store\",\"description\":\"Magyarorsz\u00e1g els\u0151 n\u0151kre f\u00f3kusz\u00e1l\u00f3 szexshopja, ahol az eg\u00e9szs\u00e9g ugyanolyan fontos, mint az \u00e9lvezetek.\",\"publisher\":{\"@id\":\"https:\\\/\\\/libwomenstore.com\\\/en\\\/#organization\"},\"alternateName\":\"Lib\",\"potentialAction\":[{\"@type\":\"SearchAction\",\"target\":{\"@type\":\"EntryPoint\",\"urlTemplate\":\"https:\\\/\\\/libwomenstore.com\\\/en\\\/?s={search_term_string}\"},\"query-input\":{\"@type\":\"PropertyValueSpecification\",\"valueRequired\":true,\"valueName\":\"search_term_string\"}}],\"inLanguage\":\"en-US\"},{\"@type\":\"Organization\",\"@id\":\"https:\\\/\\\/libwomenstore.com\\\/en\\\/#organization\",\"name\":\"Lib Women Store\",\"url\":\"https:\\\/\\\/libwomenstore.com\\\/en\\\/\",\"logo\":{\"@type\":\"ImageObject\",\"inLanguage\":\"en-US\",\"@id\":\"https:\\\/\\\/libwomenstore.com\\\/en\\\/#\\\/schema\\\/logo\\\/image\\\/\",\"url\":\"https:\\\/\\\/libwomenstore.com\\\/wp-content\\\/uploads\\\/2024\\\/05\\\/cropped-LIB-logo-A.png\",\"contentUrl\":\"https:\\\/\\\/libwomenstore.com\\\/wp-content\\\/uploads\\\/2024\\\/05\\\/cropped-LIB-logo-A.png\",\"width\":512,\"height\":512,\"caption\":\"Lib Women Store\"},\"image\":{\"@id\":\"https:\\\/\\\/libwomenstore.com\\\/en\\\/#\\\/schema\\\/logo\\\/image\\\/\"},\"sameAs\":[\"https:\\\/\\\/www.facebook.com\\\/libwomenstore\"]}]}<\/script>\n<meta property=\"product:price:amount\" content=\"25000\" \/>\n<meta property=\"product:price:currency\" content=\"HUF\" \/>\n<meta property=\"og:availability\" content=\"out of stock\" \/>\n<meta property=\"product:availability\" content=\"out of stock\" \/>\n<meta property=\"product:retailer_item_id\" content=\"LIB-ROM001\" \/>\n<meta property=\"product:condition\" content=\"new\" \/>\n<!-- \/ Yoast SEO Premium plugin. -->","yoast_head_json":{"title":"ROMP Rose - Lib Women&#039;s Store","description":"ROMP Rose is a unique clitoral stimulator with Pleasure Air technology, which delivers an amazing suction sensation using waves of non-contact air pressure.","robots":{"index":"index","follow":"follow","max-snippet":"max-snippet:-1","max-image-preview":"max-image-preview:large","max-video-preview":"max-video-preview:-1"},"canonical":"https:\/\/libwomenstore.com\/en\/product\/collabs\/lib-x-bliss-glass-toys-hand-crafted\/romp-rose-clit-suction-vibrator-waterproof\/","og_locale":"en_US","og_type":"article","og_title":"ROMP Rose","og_description":"ROMP Rose is a unique clitoral stimulator with Pleasure Air technology, which delivers an amazing suction sensation using waves of non-contact air pressure.","og_url":"https:\/\/libwomenstore.com\/en\/product\/collabs\/lib-x-bliss-glass-toys-hand-crafted\/romp-rose-clit-suction-vibrator-waterproof\/","og_site_name":"Lib Women&#039;s Store","article_publisher":"https:\/\/www.facebook.com\/libwomenstore","article_modified_time":"2025-01-10T11:34:48+00:00","og_image":[{"width":600,"height":600,"url":"https:\/\/libwomenstore.com\/wp-content\/uploads\/2024\/04\/Romp_rose_leghullamos.jpg","type":"image\/jpeg"}],"twitter_card":"summary_large_image","twitter_misc":{"Price":"25.000&#70;&#116;","Availability":"Out of stock"},"schema":{"@context":"https:\/\/schema.org","@graph":[{"@type":["WebPage","ItemPage"],"@id":"https:\/\/libwomenstore.com\/en\/product\/collabs\/lib-x-bliss-glass-toys-hand-crafted\/romp-rose-clit-suction-vibrator-waterproof\/","url":"https:\/\/libwomenstore.com\/en\/product\/collabs\/lib-x-bliss-glass-toys-hand-crafted\/romp-rose-clit-suction-vibrator-waterproof\/","name":"ROMP Rose - Lib Women&#039;s Store","isPartOf":{"@id":"https:\/\/libwomenstore.com\/en\/#website"},"primaryImageOfPage":{"@id":"https:\/\/libwomenstore.com\/en\/product\/collabs\/lib-x-bliss-glass-toys-hand-crafted\/romp-rose-clit-suction-vibrator-waterproof\/#primaryimage"},"image":{"@id":"https:\/\/libwomenstore.com\/en\/product\/collabs\/lib-x-bliss-glass-toys-hand-crafted\/romp-rose-clit-suction-vibrator-waterproof\/#primaryimage"},"thumbnailUrl":"https:\/\/libwomenstore.com\/wp-content\/uploads\/2024\/04\/Romp_rose_leghullamos.jpg","datePublished":"2024-04-16T10:04:56+00:00","dateModified":"2025-01-10T11:34:48+00:00","description":"ROMP Rose is a unique clitoral stimulator with Pleasure Air technology, which delivers an amazing suction sensation using waves of non-contact air pressure.","breadcrumb":{"@id":"https:\/\/libwomenstore.com\/en\/product\/collabs\/lib-x-bliss-glass-toys-hand-crafted\/romp-rose-clit-suction-vibrator-waterproof\/#breadcrumb"},"inLanguage":"en-US","potentialAction":[{"@type":"ReadAction","target":["https:\/\/libwomenstore.com\/en\/product\/collabs\/lib-x-bliss-glass-toys-hand-crafted\/romp-rose-clit-suction-vibrator-waterproof\/"]}]},{"@type":"ImageObject","inLanguage":"en-US","@id":"https:\/\/libwomenstore.com\/en\/product\/collabs\/lib-x-bliss-glass-toys-hand-crafted\/romp-rose-clit-suction-vibrator-waterproof\/#primaryimage","url":"https:\/\/libwomenstore.com\/wp-content\/uploads\/2024\/04\/Romp_rose_leghullamos.jpg","contentUrl":"https:\/\/libwomenstore.com\/wp-content\/uploads\/2024\/04\/Romp_rose_leghullamos.jpg","width":600,"height":600,"caption":"Romp Rose l\u00e9ghull\u00e1mos csikl\u00f3izgat\u00f3 vibr\u00e1tor kezd\u0151knek"},{"@type":"BreadcrumbList","@id":"https:\/\/libwomenstore.com\/en\/product\/collabs\/lib-x-bliss-glass-toys-hand-crafted\/romp-rose-clit-suction-vibrator-waterproof\/#breadcrumb","itemListElement":[{"@type":"ListItem","position":1,"name":"Kezd\u0151lap","item":"https:\/\/libwomenstore.com\/en\/"},{"@type":"ListItem","position":2,"name":"Shop Home Page &#8211; Product categories","item":"https:\/\/libwomenstore.com\/shop-kezdolap-termek-kategoriak\/?lang=en"},{"@type":"ListItem","position":3,"name":"ROMP Rose"}]},{"@type":"WebSite","@id":"https:\/\/libwomenstore.com\/en\/#website","url":"https:\/\/libwomenstore.com\/en\/","name":"Lib Women Store","description":"Magyarorsz\u00e1g els\u0151 n\u0151kre f\u00f3kusz\u00e1l\u00f3 szexshopja, ahol az eg\u00e9szs\u00e9g ugyanolyan fontos, mint az \u00e9lvezetek.","publisher":{"@id":"https:\/\/libwomenstore.com\/en\/#organization"},"alternateName":"Lib","potentialAction":[{"@type":"SearchAction","target":{"@type":"EntryPoint","urlTemplate":"https:\/\/libwomenstore.com\/en\/?s={search_term_string}"},"query-input":{"@type":"PropertyValueSpecification","valueRequired":true,"valueName":"search_term_string"}}],"inLanguage":"en-US"},{"@type":"Organization","@id":"https:\/\/libwomenstore.com\/en\/#organization","name":"Lib Women Store","url":"https:\/\/libwomenstore.com\/en\/","logo":{"@type":"ImageObject","inLanguage":"en-US","@id":"https:\/\/libwomenstore.com\/en\/#\/schema\/logo\/image\/","url":"https:\/\/libwomenstore.com\/wp-content\/uploads\/2024\/05\/cropped-LIB-logo-A.png","contentUrl":"https:\/\/libwomenstore.com\/wp-content\/uploads\/2024\/05\/cropped-LIB-logo-A.png","width":512,"height":512,"caption":"Lib Women Store"},"image":{"@id":"https:\/\/libwomenstore.com\/en\/#\/schema\/logo\/image\/"},"sameAs":["https:\/\/www.facebook.com\/libwomenstore"]}]},"product_price_amount":"25000","product_price_currency":"HUF","og_availability":"out of stock","product_availability":"out of stock","product_retailer_item_id":"LIB-ROM001","product_condition":"new"},"_links":{"self":[{"href":"https:\/\/libwomenstore.com\/en\/wp-json\/wp\/v2\/product\/28496","targetHints":{"allow":["GET"]}}],"collection":[{"href":"https:\/\/libwomenstore.com\/en\/wp-json\/wp\/v2\/product"}],"about":[{"href":"https:\/\/libwomenstore.com\/en\/wp-json\/wp\/v2\/types\/product"}],"replies":[{"embeddable":true,"href":"https:\/\/libwomenstore.com\/en\/wp-json\/wp\/v2\/comments?post=28496"}],"wp:featuredmedia":[{"embeddable":true,"href":"https:\/\/libwomenstore.com\/en\/wp-json\/wp\/v2\/media\/31981"}],"wp:attachment":[{"href":"https:\/\/libwomenstore.com\/en\/wp-json\/wp\/v2\/media?parent=28496"}],"wp:term":[{"taxonomy":"product_brand","embeddable":true,"href":"https:\/\/libwomenstore.com\/en\/wp-json\/wp\/v2\/product_brand?post=28496"},{"taxonomy":"product_cat","embeddable":true,"href":"https:\/\/libwomenstore.com\/en\/wp-json\/wp\/v2\/product_cat?post=28496"},{"taxonomy":"product_tag","embeddable":true,"href":"https:\/\/libwomenstore.com\/en\/wp-json\/wp\/v2\/product_tag?post=28496"}],"curies":[{"name":"wp","href":"https:\/\/api.w.org\/{rel}","templated":true}]}}