{"id":28500,"date":"2024-04-16T12:04:48","date_gmt":"2024-04-16T10:04:48","guid":{"rendered":"https:\/\/uj.libwomenstore.com\/?post_type=product&#038;p=28500"},"modified":"2025-08-14T16:02:42","modified_gmt":"2025-08-14T14:02:42","slug":"puissante-chouchou-bunny-vibrator-beginner-friendly","status":"publish","type":"product","link":"https:\/\/libwomenstore.com\/en\/product\/vibrators\/puissante-chouchou-bunny-vibrator-beginner-friendly\/","title":{"rendered":"PUISSANTE Chouchou"},"content":{"rendered":"<p style=\"text-align: center;\"><span style=\"font-weight: 400;\">Unlike traditional rabbits, the clitoris part resembles the head of a wand. Which is good to keep in mind as wands are one of the most effective types of vibrators, so you can expect truly earth-shattering orgasms with Chouchou!<\/span><\/p>\n<p style=\"text-align: center;\"><span style=\"font-weight: 400;\">Chouchou is the result of joint effort, the first bunny vibrator made by the Puissante brand, made with experts and the needs of the community at the forefront, so that as many people as possible can enjoy it!<\/span><\/p>\n<p style=\"text-align: center;\"><strong>Tip<\/strong><\/p>\n<p style=\"text-align: center;\"><span style=\"font-weight: 400;\">Chouchou will be the decoration highlight of your apartment, you can leave it on display anywhere! Use it in the bathtub or in the shower, but be reassured that it also looks good in the living room!<\/span><\/p>\n<p style=\"text-align: center;\"><strong>Features\u00a0<\/strong><\/p>\n<p style=\"text-align: center;\"><strong>Measurements:<\/strong><\/p>\n<p style=\"text-align: center;\"><span style=\"font-weight: 400;\">Total length: 181 mm<\/span><\/p>\n<p style=\"text-align: center;\"><span style=\"font-weight: 400;\">Vagina branch diameter: 35.9 mm<\/span><\/p>\n<p style=\"text-align: center;\"><span style=\"font-weight: 400;\">Insertable length: 121 mm<\/span><\/p>\n<p style=\"text-align: center;\"><span style=\"font-weight: 400;\">Diameter of the ball at the end of the clitoral branch: 29.9 mm<\/span><\/p>\n<p style=\"text-align: center;\"><strong>Materials:<\/strong><\/p>\n<p style=\"text-align: center;\"><span style=\"font-weight: 400;\">Medical silicone and ABS<\/span><\/p>\n<p style=\"text-align: center;\"><span style=\"font-weight: 400;\">Waterproof product! Use with water-based lubricants!<\/span><\/p>\n<p style=\"text-align: center;\"><span style=\"font-weight: 400;\">Operating time: 2 hours. Charging time: 1 hour.<\/span><\/p>\n<p style=\"text-align: center;\"><span style=\"font-weight: 400;\">2 year manufacturer&#8217;s warranty<\/span><\/p>\n<p style=\"text-align: center;\"><strong>Use &amp; Cleaning<\/strong><\/p>\n<p style=\"text-align: center;\"><span style=\"font-weight: 400;\">Clean the product with warm soapy water, or a cleaning product developed specially for this purpose. Clean exclusively with lint-free materials.<\/span><\/p>\n<p style=\"text-align: center;\"><span style=\"font-weight: 400;\">Use only water based lubricants with this product.<\/span><\/p>\n<p style=\"text-align: center;\">\n","protected":false},"excerpt":{"rendered":"<p style=\"text-align: left;\">Finally a rabbit vibrator that you can proudly display on a shelf! Equipped with two branches offering 10 different vibrations, Chouchou offers an endless range of sensual pleasures. <span style=\"font-weight: 400;\">With its two motors, you can control both parts separately making this vibrator completely customizable!<\/span><\/p>\n","protected":false},"featured_media":31998,"comment_status":"open","ping_status":"closed","template":"","meta":{"_et_pb_use_builder":"","_et_pb_old_content":"","_et_gb_content_width":""},"product_brand":[],"product_cat":[352,318],"product_tag":[],"class_list":{"0":"post-28500","1":"product","2":"type-product","3":"status-publish","4":"has-post-thumbnail","6":"product_cat-bunnies","7":"product_cat-vibrators","9":"first","10":"outofstock","11":"sale","12":"taxable","13":"shipping-taxable","14":"purchasable","15":"product-type-variable"},"yoast_head":"<!-- This site is optimized with the Yoast SEO Premium plugin v27.4 (Yoast SEO v27.4) - https:\/\/yoast.com\/product\/yoast-seo-premium-wordpress\/ -->\n<title>PUISSANTE Chouchou - Lib Women&#039;s Store<\/title>\n<meta name=\"description\" content=\"Chouchou is your choice if you are looking for quality and design in a beginner friendly bunny vibrator which gives you the best mixed orgasm!\" \/>\n<meta name=\"robots\" content=\"index, follow, max-snippet:-1, max-image-preview:large, max-video-preview:-1\" \/>\n<link rel=\"canonical\" href=\"https:\/\/libwomenstore.com\/en\/product\/vibrators\/puissante-chouchou-bunny-vibrator-beginner-friendly\/\" \/>\n<meta property=\"og:locale\" content=\"en_US\" \/>\n<meta property=\"og:type\" content=\"article\" \/>\n<meta property=\"og:title\" content=\"PUISSANTE Chouchou\" \/>\n<meta property=\"og:description\" content=\"Chouchou is your choice if you are looking for quality and design in a beginner friendly bunny vibrator which gives you the best mixed orgasm!\" \/>\n<meta property=\"og:url\" content=\"https:\/\/libwomenstore.com\/en\/product\/vibrators\/puissante-chouchou-bunny-vibrator-beginner-friendly\/\" \/>\n<meta property=\"og:site_name\" content=\"Lib Women&#039;s Store\" \/>\n<meta property=\"article:publisher\" content=\"https:\/\/www.facebook.com\/libwomenstore\" \/>\n<meta property=\"article:modified_time\" content=\"2025-08-14T14:02:42+00:00\" \/>\n<meta property=\"og:image\" content=\"https:\/\/libwomenstore.com\/wp-content\/uploads\/2024\/04\/puissante_chouchou.jpg\" \/>\n\t<meta property=\"og:image:width\" content=\"600\" \/>\n\t<meta property=\"og:image:height\" content=\"600\" \/>\n\t<meta property=\"og:image:type\" content=\"image\/jpeg\" \/>\n<meta name=\"twitter:card\" content=\"summary_large_image\" \/>\n<meta name=\"twitter:label1\" content=\"Availability\" \/>\n\t<meta name=\"twitter:data1\" content=\"Out of stock\" \/>\n<script type=\"application\/ld+json\" class=\"yoast-schema-graph\">{\"@context\":\"https:\\\/\\\/schema.org\",\"@graph\":[{\"@type\":[\"WebPage\",\"ItemPage\"],\"@id\":\"https:\\\/\\\/libwomenstore.com\\\/en\\\/product\\\/vibrators\\\/puissante-chouchou-bunny-vibrator-beginner-friendly\\\/\",\"url\":\"https:\\\/\\\/libwomenstore.com\\\/en\\\/product\\\/vibrators\\\/puissante-chouchou-bunny-vibrator-beginner-friendly\\\/\",\"name\":\"PUISSANTE Chouchou - Lib Women&#039;s Store\",\"isPartOf\":{\"@id\":\"https:\\\/\\\/libwomenstore.com\\\/en\\\/#website\"},\"primaryImageOfPage\":{\"@id\":\"https:\\\/\\\/libwomenstore.com\\\/en\\\/product\\\/vibrators\\\/puissante-chouchou-bunny-vibrator-beginner-friendly\\\/#primaryimage\"},\"image\":{\"@id\":\"https:\\\/\\\/libwomenstore.com\\\/en\\\/product\\\/vibrators\\\/puissante-chouchou-bunny-vibrator-beginner-friendly\\\/#primaryimage\"},\"thumbnailUrl\":\"https:\\\/\\\/libwomenstore.com\\\/wp-content\\\/uploads\\\/2024\\\/04\\\/puissante_chouchou.jpg\",\"datePublished\":\"2024-04-16T10:04:48+00:00\",\"dateModified\":\"2025-08-14T14:02:42+00:00\",\"description\":\"Chouchou is your choice if you are looking for quality and design in a beginner friendly bunny vibrator which gives you the best mixed orgasm!\",\"breadcrumb\":{\"@id\":\"https:\\\/\\\/libwomenstore.com\\\/en\\\/product\\\/vibrators\\\/puissante-chouchou-bunny-vibrator-beginner-friendly\\\/#breadcrumb\"},\"inLanguage\":\"en-US\",\"potentialAction\":[{\"@type\":\"ReadAction\",\"target\":[\"https:\\\/\\\/libwomenstore.com\\\/en\\\/product\\\/vibrators\\\/puissante-chouchou-bunny-vibrator-beginner-friendly\\\/\"]}]},{\"@type\":\"ImageObject\",\"inLanguage\":\"en-US\",\"@id\":\"https:\\\/\\\/libwomenstore.com\\\/en\\\/product\\\/vibrators\\\/puissante-chouchou-bunny-vibrator-beginner-friendly\\\/#primaryimage\",\"url\":\"https:\\\/\\\/libwomenstore.com\\\/wp-content\\\/uploads\\\/2024\\\/04\\\/puissante_chouchou.jpg\",\"contentUrl\":\"https:\\\/\\\/libwomenstore.com\\\/wp-content\\\/uploads\\\/2024\\\/04\\\/puissante_chouchou.jpg\",\"width\":600,\"height\":600,\"caption\":\"Puissante Chouchou nyuszi vibr\u00e1tor kevert stimul\u00e1l\u00e1ssal\"},{\"@type\":\"BreadcrumbList\",\"@id\":\"https:\\\/\\\/libwomenstore.com\\\/en\\\/product\\\/vibrators\\\/puissante-chouchou-bunny-vibrator-beginner-friendly\\\/#breadcrumb\",\"itemListElement\":[{\"@type\":\"ListItem\",\"position\":1,\"name\":\"Kezd\u0151lap\",\"item\":\"https:\\\/\\\/libwomenstore.com\\\/en\\\/\"},{\"@type\":\"ListItem\",\"position\":2,\"name\":\"Shop Home Page &#8211; Product categories\",\"item\":\"https:\\\/\\\/libwomenstore.com\\\/shop-kezdolap-termek-kategoriak\\\/?lang=en\"},{\"@type\":\"ListItem\",\"position\":3,\"name\":\"PUISSANTE Chouchou\"}]},{\"@type\":\"WebSite\",\"@id\":\"https:\\\/\\\/libwomenstore.com\\\/en\\\/#website\",\"url\":\"https:\\\/\\\/libwomenstore.com\\\/en\\\/\",\"name\":\"Lib Women Store\",\"description\":\"Magyarorsz\u00e1g els\u0151 n\u0151kre f\u00f3kusz\u00e1l\u00f3 szexshopja, ahol az eg\u00e9szs\u00e9g ugyanolyan fontos, mint az \u00e9lvezetek.\",\"publisher\":{\"@id\":\"https:\\\/\\\/libwomenstore.com\\\/en\\\/#organization\"},\"alternateName\":\"Lib\",\"potentialAction\":[{\"@type\":\"SearchAction\",\"target\":{\"@type\":\"EntryPoint\",\"urlTemplate\":\"https:\\\/\\\/libwomenstore.com\\\/en\\\/?s={search_term_string}\"},\"query-input\":{\"@type\":\"PropertyValueSpecification\",\"valueRequired\":true,\"valueName\":\"search_term_string\"}}],\"inLanguage\":\"en-US\"},{\"@type\":\"Organization\",\"@id\":\"https:\\\/\\\/libwomenstore.com\\\/en\\\/#organization\",\"name\":\"Lib Women Store\",\"url\":\"https:\\\/\\\/libwomenstore.com\\\/en\\\/\",\"logo\":{\"@type\":\"ImageObject\",\"inLanguage\":\"en-US\",\"@id\":\"https:\\\/\\\/libwomenstore.com\\\/en\\\/#\\\/schema\\\/logo\\\/image\\\/\",\"url\":\"https:\\\/\\\/libwomenstore.com\\\/wp-content\\\/uploads\\\/2024\\\/05\\\/cropped-LIB-logo-A.png\",\"contentUrl\":\"https:\\\/\\\/libwomenstore.com\\\/wp-content\\\/uploads\\\/2024\\\/05\\\/cropped-LIB-logo-A.png\",\"width\":512,\"height\":512,\"caption\":\"Lib Women Store\"},\"image\":{\"@id\":\"https:\\\/\\\/libwomenstore.com\\\/en\\\/#\\\/schema\\\/logo\\\/image\\\/\"},\"sameAs\":[\"https:\\\/\\\/www.facebook.com\\\/libwomenstore\"]}]}<\/script>\n<meta property=\"og:availability\" content=\"out of stock\" \/>\n<meta property=\"product:availability\" content=\"out of stock\" \/>\n<meta property=\"product:condition\" content=\"new\" \/>\n<!-- \/ Yoast SEO Premium plugin. -->","yoast_head_json":{"title":"PUISSANTE Chouchou - Lib Women&#039;s Store","description":"Chouchou is your choice if you are looking for quality and design in a beginner friendly bunny vibrator which gives you the best mixed orgasm!","robots":{"index":"index","follow":"follow","max-snippet":"max-snippet:-1","max-image-preview":"max-image-preview:large","max-video-preview":"max-video-preview:-1"},"canonical":"https:\/\/libwomenstore.com\/en\/product\/vibrators\/puissante-chouchou-bunny-vibrator-beginner-friendly\/","og_locale":"en_US","og_type":"article","og_title":"PUISSANTE Chouchou","og_description":"Chouchou is your choice if you are looking for quality and design in a beginner friendly bunny vibrator which gives you the best mixed orgasm!","og_url":"https:\/\/libwomenstore.com\/en\/product\/vibrators\/puissante-chouchou-bunny-vibrator-beginner-friendly\/","og_site_name":"Lib Women&#039;s Store","article_publisher":"https:\/\/www.facebook.com\/libwomenstore","article_modified_time":"2025-08-14T14:02:42+00:00","og_image":[{"width":600,"height":600,"url":"https:\/\/libwomenstore.com\/wp-content\/uploads\/2024\/04\/puissante_chouchou.jpg","type":"image\/jpeg"}],"twitter_card":"summary_large_image","twitter_misc":{"Availability":"Out of stock"},"schema":{"@context":"https:\/\/schema.org","@graph":[{"@type":["WebPage","ItemPage"],"@id":"https:\/\/libwomenstore.com\/en\/product\/vibrators\/puissante-chouchou-bunny-vibrator-beginner-friendly\/","url":"https:\/\/libwomenstore.com\/en\/product\/vibrators\/puissante-chouchou-bunny-vibrator-beginner-friendly\/","name":"PUISSANTE Chouchou - Lib Women&#039;s Store","isPartOf":{"@id":"https:\/\/libwomenstore.com\/en\/#website"},"primaryImageOfPage":{"@id":"https:\/\/libwomenstore.com\/en\/product\/vibrators\/puissante-chouchou-bunny-vibrator-beginner-friendly\/#primaryimage"},"image":{"@id":"https:\/\/libwomenstore.com\/en\/product\/vibrators\/puissante-chouchou-bunny-vibrator-beginner-friendly\/#primaryimage"},"thumbnailUrl":"https:\/\/libwomenstore.com\/wp-content\/uploads\/2024\/04\/puissante_chouchou.jpg","datePublished":"2024-04-16T10:04:48+00:00","dateModified":"2025-08-14T14:02:42+00:00","description":"Chouchou is your choice if you are looking for quality and design in a beginner friendly bunny vibrator which gives you the best mixed orgasm!","breadcrumb":{"@id":"https:\/\/libwomenstore.com\/en\/product\/vibrators\/puissante-chouchou-bunny-vibrator-beginner-friendly\/#breadcrumb"},"inLanguage":"en-US","potentialAction":[{"@type":"ReadAction","target":["https:\/\/libwomenstore.com\/en\/product\/vibrators\/puissante-chouchou-bunny-vibrator-beginner-friendly\/"]}]},{"@type":"ImageObject","inLanguage":"en-US","@id":"https:\/\/libwomenstore.com\/en\/product\/vibrators\/puissante-chouchou-bunny-vibrator-beginner-friendly\/#primaryimage","url":"https:\/\/libwomenstore.com\/wp-content\/uploads\/2024\/04\/puissante_chouchou.jpg","contentUrl":"https:\/\/libwomenstore.com\/wp-content\/uploads\/2024\/04\/puissante_chouchou.jpg","width":600,"height":600,"caption":"Puissante Chouchou nyuszi vibr\u00e1tor kevert stimul\u00e1l\u00e1ssal"},{"@type":"BreadcrumbList","@id":"https:\/\/libwomenstore.com\/en\/product\/vibrators\/puissante-chouchou-bunny-vibrator-beginner-friendly\/#breadcrumb","itemListElement":[{"@type":"ListItem","position":1,"name":"Kezd\u0151lap","item":"https:\/\/libwomenstore.com\/en\/"},{"@type":"ListItem","position":2,"name":"Shop Home Page &#8211; Product categories","item":"https:\/\/libwomenstore.com\/shop-kezdolap-termek-kategoriak\/?lang=en"},{"@type":"ListItem","position":3,"name":"PUISSANTE Chouchou"}]},{"@type":"WebSite","@id":"https:\/\/libwomenstore.com\/en\/#website","url":"https:\/\/libwomenstore.com\/en\/","name":"Lib Women Store","description":"Magyarorsz\u00e1g els\u0151 n\u0151kre f\u00f3kusz\u00e1l\u00f3 szexshopja, ahol az eg\u00e9szs\u00e9g ugyanolyan fontos, mint az \u00e9lvezetek.","publisher":{"@id":"https:\/\/libwomenstore.com\/en\/#organization"},"alternateName":"Lib","potentialAction":[{"@type":"SearchAction","target":{"@type":"EntryPoint","urlTemplate":"https:\/\/libwomenstore.com\/en\/?s={search_term_string}"},"query-input":{"@type":"PropertyValueSpecification","valueRequired":true,"valueName":"search_term_string"}}],"inLanguage":"en-US"},{"@type":"Organization","@id":"https:\/\/libwomenstore.com\/en\/#organization","name":"Lib Women Store","url":"https:\/\/libwomenstore.com\/en\/","logo":{"@type":"ImageObject","inLanguage":"en-US","@id":"https:\/\/libwomenstore.com\/en\/#\/schema\/logo\/image\/","url":"https:\/\/libwomenstore.com\/wp-content\/uploads\/2024\/05\/cropped-LIB-logo-A.png","contentUrl":"https:\/\/libwomenstore.com\/wp-content\/uploads\/2024\/05\/cropped-LIB-logo-A.png","width":512,"height":512,"caption":"Lib Women Store"},"image":{"@id":"https:\/\/libwomenstore.com\/en\/#\/schema\/logo\/image\/"},"sameAs":["https:\/\/www.facebook.com\/libwomenstore"]}]},"og_availability":"out of stock","product_availability":"out of stock","product_condition":"new"},"_links":{"self":[{"href":"https:\/\/libwomenstore.com\/en\/wp-json\/wp\/v2\/product\/28500","targetHints":{"allow":["GET"]}}],"collection":[{"href":"https:\/\/libwomenstore.com\/en\/wp-json\/wp\/v2\/product"}],"about":[{"href":"https:\/\/libwomenstore.com\/en\/wp-json\/wp\/v2\/types\/product"}],"replies":[{"embeddable":true,"href":"https:\/\/libwomenstore.com\/en\/wp-json\/wp\/v2\/comments?post=28500"}],"wp:featuredmedia":[{"embeddable":true,"href":"https:\/\/libwomenstore.com\/en\/wp-json\/wp\/v2\/media\/31998"}],"wp:attachment":[{"href":"https:\/\/libwomenstore.com\/en\/wp-json\/wp\/v2\/media?parent=28500"}],"wp:term":[{"taxonomy":"product_brand","embeddable":true,"href":"https:\/\/libwomenstore.com\/en\/wp-json\/wp\/v2\/product_brand?post=28500"},{"taxonomy":"product_cat","embeddable":true,"href":"https:\/\/libwomenstore.com\/en\/wp-json\/wp\/v2\/product_cat?post=28500"},{"taxonomy":"product_tag","embeddable":true,"href":"https:\/\/libwomenstore.com\/en\/wp-json\/wp\/v2\/product_tag?post=28500"}],"curies":[{"name":"wp","href":"https:\/\/api.w.org\/{rel}","templated":true}]}}