{"id":28506,"date":"2024-04-16T12:04:45","date_gmt":"2024-04-16T10:04:45","guid":{"rendered":"https:\/\/uj.libwomenstore.com\/?post_type=product&#038;p=28506"},"modified":"2025-01-10T12:18:30","modified_gmt":"2025-01-10T11:18:30","slug":"perifit-care-smart-kegel-excerciser-with-app-real-time-feedback","status":"publish","type":"product","link":"https:\/\/libwomenstore.com\/en\/product\/kegel-en\/perifit-care-smart-kegel-excerciser-with-app-real-time-feedback\/","title":{"rendered":"PERIFIT Care"},"content":{"rendered":"<p style=\"text-align: center;\"><span style=\"font-weight: 400;\">More than 1 billion women suffer from pelvic floor disorders such as incontinence or prolapse.<\/span><\/p>\n<p style=\"text-align: center;\"><span style=\"font-weight: 400;\">Kegel exercises strengthen the pelvic floor to help you overcome these incontinence and pelvic floor problems.<\/span><\/p>\n<p style=\"text-align: center;\"><span style=\"font-weight: 400;\">Unfortunately, nearly 30% of women perform Kegel exercises incorrectly and most likely in a harmful way.<\/span><\/p>\n<p style=\"text-align: center;\"><span style=\"font-weight: 400;\">\u00a0<\/span><span style=\"font-weight: 400;\">Perifit is the only device that uses a unique, patented dual pressure sensor technology to identify faulty muscle contractions.<\/span><\/p>\n<p style=\"text-align: center;\"><b>Features<\/b><b>\u00a0<\/b><\/p>\n<p style=\"text-align: center;\"><span style=\"font-weight: 400;\">The Perifit device is only 26 mm wide. It is designed to fit comfortably for all body types and accurately measure the level of exertion. All Perifits are made of medical grade silicone.<\/span><\/p>\n<p style=\"text-align: center;\"><span style=\"font-weight: 400;\">This device was developed in cooperation with the best pelvic floor specialists. It includes clinically proven biofeedback technology, an innovative, patented solution.<\/span><\/p>\n<p style=\"text-align: center;\"><span style=\"font-weight: 400;\">100% waterproof design<\/span><\/p>\n<p style=\"text-align: center;\"><span style=\"font-weight: 400;\">\u00a0<\/span><span style=\"font-weight: 400;\">Recommended by 1000+ doctors<\/span><\/p>\n<p style=\"text-align: center;\"><span style=\"font-weight: 400;\">The Perifit does not need to be charged, its battery works for ten years with an average of 30 minutes of practice per week, but the manufacturer guarantees its battery for five years. If the product dies after five years, it will be replaced with a new battery at a cost of 50 USD.<\/span><\/p>\n<p style=\"text-align: center;\"><b>Use &amp; Cleaning<\/b><b>\u00a0<\/b><\/p>\n<p style=\"text-align: center;\"><span style=\"font-weight: 400;\">The device can be cleaned with lukewarm soapy water, then it is recommended to let it air dry. Using Perifit is not recommended during pregnancy, as it has not been tested on pregnant women for ethical reasons. If you are currently pregnant, we recommend that you do manual Kegel exercises and start using Perifit 6 weeks after giving birth.<\/span><\/p>\n<p style=\"text-align: center;\">\n","protected":false},"excerpt":{"rendered":"<p style=\"text-align: left;\">The Perifit is a Kegel trainer that targets your pelvic floor muscles with video games, or rather as a controller. When you tense your pelvic floor muscles, the bird in the toy rises &#8211; when you relax, the bird descends. It comes with 6 unique kegel training programs and fun video games. The games are designed by doctors to help strengthen the pelvic floor properly. It is so effective that many doctors recommend Perifit to their patients to combat the symptoms of incontinence, prolapse (gynecological prolapse) and other pelvic floor disorders. In addition to these, it speeds up recovery after childbirth and you can increase your sexual well-being with regular practice.<\/p>\n","protected":false},"featured_media":26775,"comment_status":"open","ping_status":"closed","template":"","meta":{"_et_pb_use_builder":"","_et_pb_old_content":"","_et_gb_content_width":""},"product_brand":[],"product_cat":[345,356],"product_tag":[395,396],"class_list":{"0":"post-28506","1":"product","2":"type-product","3":"status-publish","4":"has-post-thumbnail","6":"product_cat-kegel-en","7":"product_cat-sexual-health","8":"product_tag-kegel-en","9":"product_tag-perifit-en","11":"first","12":"outofstock","13":"taxable","14":"shipping-taxable","15":"purchasable","16":"product-type-variable"},"yoast_head":"<!-- This site is optimized with the Yoast SEO Premium plugin v27.4 (Yoast SEO v27.4) - https:\/\/yoast.com\/product\/yoast-seo-premium-wordpress\/ -->\n<title>PERIFIT Care - Lib Women&#039;s Store<\/title>\n<meta name=\"description\" content=\"Perifit Care is a smart kegel trainer that trains your pelvic floor muscles. Recommended by doctors for incontinence and postpartum rehabilitation.\" \/>\n<meta name=\"robots\" content=\"index, follow, max-snippet:-1, max-image-preview:large, max-video-preview:-1\" \/>\n<link rel=\"canonical\" href=\"https:\/\/libwomenstore.com\/en\/product\/kegel-en\/perifit-care-smart-kegel-excerciser-with-app-real-time-feedback\/\" \/>\n<meta property=\"og:locale\" content=\"en_US\" \/>\n<meta property=\"og:type\" content=\"article\" \/>\n<meta property=\"og:title\" content=\"PERIFIT Care\" \/>\n<meta property=\"og:description\" content=\"Perifit Care is a smart kegel trainer that trains your pelvic floor muscles. Recommended by doctors for incontinence and postpartum rehabilitation.\" \/>\n<meta property=\"og:url\" content=\"https:\/\/libwomenstore.com\/en\/product\/kegel-en\/perifit-care-smart-kegel-excerciser-with-app-real-time-feedback\/\" \/>\n<meta property=\"og:site_name\" content=\"Lib Women&#039;s Store\" \/>\n<meta property=\"article:publisher\" content=\"https:\/\/www.facebook.com\/libwomenstore\" \/>\n<meta property=\"article:modified_time\" content=\"2025-01-10T11:18:30+00:00\" \/>\n<meta property=\"og:image\" content=\"https:\/\/libwomenstore.com\/wp-content\/uploads\/2024\/04\/Perifit_2.jpg\" \/>\n\t<meta property=\"og:image:width\" content=\"1200\" \/>\n\t<meta property=\"og:image:height\" content=\"1200\" \/>\n\t<meta property=\"og:image:type\" content=\"image\/jpeg\" \/>\n<meta name=\"twitter:card\" content=\"summary_large_image\" \/>\n<meta name=\"twitter:label1\" content=\"Availability\" \/>\n\t<meta name=\"twitter:data1\" content=\"Out of stock\" \/>\n<script type=\"application\/ld+json\" class=\"yoast-schema-graph\">{\"@context\":\"https:\\\/\\\/schema.org\",\"@graph\":[{\"@type\":[\"WebPage\",\"ItemPage\"],\"@id\":\"https:\\\/\\\/libwomenstore.com\\\/en\\\/product\\\/kegel-en\\\/perifit-care-smart-kegel-excerciser-with-app-real-time-feedback\\\/\",\"url\":\"https:\\\/\\\/libwomenstore.com\\\/en\\\/product\\\/kegel-en\\\/perifit-care-smart-kegel-excerciser-with-app-real-time-feedback\\\/\",\"name\":\"PERIFIT Care - Lib Women&#039;s Store\",\"isPartOf\":{\"@id\":\"https:\\\/\\\/libwomenstore.com\\\/en\\\/#website\"},\"primaryImageOfPage\":{\"@id\":\"https:\\\/\\\/libwomenstore.com\\\/en\\\/product\\\/kegel-en\\\/perifit-care-smart-kegel-excerciser-with-app-real-time-feedback\\\/#primaryimage\"},\"image\":{\"@id\":\"https:\\\/\\\/libwomenstore.com\\\/en\\\/product\\\/kegel-en\\\/perifit-care-smart-kegel-excerciser-with-app-real-time-feedback\\\/#primaryimage\"},\"thumbnailUrl\":\"https:\\\/\\\/libwomenstore.com\\\/wp-content\\\/uploads\\\/2024\\\/04\\\/Perifit_1.jpg\",\"datePublished\":\"2024-04-16T10:04:45+00:00\",\"dateModified\":\"2025-01-10T11:18:30+00:00\",\"description\":\"Perifit Care is a smart kegel trainer that trains your pelvic floor muscles. Recommended by doctors for incontinence and postpartum rehabilitation.\",\"breadcrumb\":{\"@id\":\"https:\\\/\\\/libwomenstore.com\\\/en\\\/product\\\/kegel-en\\\/perifit-care-smart-kegel-excerciser-with-app-real-time-feedback\\\/#breadcrumb\"},\"inLanguage\":\"en-US\",\"potentialAction\":[{\"@type\":\"ReadAction\",\"target\":[\"https:\\\/\\\/libwomenstore.com\\\/en\\\/product\\\/kegel-en\\\/perifit-care-smart-kegel-excerciser-with-app-real-time-feedback\\\/\"]}]},{\"@type\":\"ImageObject\",\"inLanguage\":\"en-US\",\"@id\":\"https:\\\/\\\/libwomenstore.com\\\/en\\\/product\\\/kegel-en\\\/perifit-care-smart-kegel-excerciser-with-app-real-time-feedback\\\/#primaryimage\",\"url\":\"https:\\\/\\\/libwomenstore.com\\\/wp-content\\\/uploads\\\/2024\\\/04\\\/Perifit_1.jpg\",\"contentUrl\":\"https:\\\/\\\/libwomenstore.com\\\/wp-content\\\/uploads\\\/2024\\\/04\\\/Perifit_1.jpg\",\"width\":1200,\"height\":1372,\"caption\":\"Perifit Care a medencefen\u00e9k izmok otthoni edz\u00e9s\u00e9re\"},{\"@type\":\"BreadcrumbList\",\"@id\":\"https:\\\/\\\/libwomenstore.com\\\/en\\\/product\\\/kegel-en\\\/perifit-care-smart-kegel-excerciser-with-app-real-time-feedback\\\/#breadcrumb\",\"itemListElement\":[{\"@type\":\"ListItem\",\"position\":1,\"name\":\"Kezd\u0151lap\",\"item\":\"https:\\\/\\\/libwomenstore.com\\\/en\\\/\"},{\"@type\":\"ListItem\",\"position\":2,\"name\":\"Shop Home Page &#8211; Product categories\",\"item\":\"https:\\\/\\\/libwomenstore.com\\\/shop-kezdolap-termek-kategoriak\\\/?lang=en\"},{\"@type\":\"ListItem\",\"position\":3,\"name\":\"PERIFIT Care\"}]},{\"@type\":\"WebSite\",\"@id\":\"https:\\\/\\\/libwomenstore.com\\\/en\\\/#website\",\"url\":\"https:\\\/\\\/libwomenstore.com\\\/en\\\/\",\"name\":\"Lib Women Store\",\"description\":\"Magyarorsz\u00e1g els\u0151 n\u0151kre f\u00f3kusz\u00e1l\u00f3 szexshopja, ahol az eg\u00e9szs\u00e9g ugyanolyan fontos, mint az \u00e9lvezetek.\",\"publisher\":{\"@id\":\"https:\\\/\\\/libwomenstore.com\\\/en\\\/#organization\"},\"alternateName\":\"Lib\",\"potentialAction\":[{\"@type\":\"SearchAction\",\"target\":{\"@type\":\"EntryPoint\",\"urlTemplate\":\"https:\\\/\\\/libwomenstore.com\\\/en\\\/?s={search_term_string}\"},\"query-input\":{\"@type\":\"PropertyValueSpecification\",\"valueRequired\":true,\"valueName\":\"search_term_string\"}}],\"inLanguage\":\"en-US\"},{\"@type\":\"Organization\",\"@id\":\"https:\\\/\\\/libwomenstore.com\\\/en\\\/#organization\",\"name\":\"Lib Women Store\",\"url\":\"https:\\\/\\\/libwomenstore.com\\\/en\\\/\",\"logo\":{\"@type\":\"ImageObject\",\"inLanguage\":\"en-US\",\"@id\":\"https:\\\/\\\/libwomenstore.com\\\/en\\\/#\\\/schema\\\/logo\\\/image\\\/\",\"url\":\"https:\\\/\\\/libwomenstore.com\\\/wp-content\\\/uploads\\\/2024\\\/05\\\/cropped-LIB-logo-A.png\",\"contentUrl\":\"https:\\\/\\\/libwomenstore.com\\\/wp-content\\\/uploads\\\/2024\\\/05\\\/cropped-LIB-logo-A.png\",\"width\":512,\"height\":512,\"caption\":\"Lib Women Store\"},\"image\":{\"@id\":\"https:\\\/\\\/libwomenstore.com\\\/en\\\/#\\\/schema\\\/logo\\\/image\\\/\"},\"sameAs\":[\"https:\\\/\\\/www.facebook.com\\\/libwomenstore\"]}]}<\/script>\n<meta property=\"og:availability\" content=\"out of stock\" \/>\n<meta property=\"product:availability\" content=\"out of stock\" \/>\n<meta property=\"product:condition\" content=\"new\" \/>\n<!-- \/ Yoast SEO Premium plugin. -->","yoast_head_json":{"title":"PERIFIT Care - Lib Women&#039;s Store","description":"Perifit Care is a smart kegel trainer that trains your pelvic floor muscles. Recommended by doctors for incontinence and postpartum rehabilitation.","robots":{"index":"index","follow":"follow","max-snippet":"max-snippet:-1","max-image-preview":"max-image-preview:large","max-video-preview":"max-video-preview:-1"},"canonical":"https:\/\/libwomenstore.com\/en\/product\/kegel-en\/perifit-care-smart-kegel-excerciser-with-app-real-time-feedback\/","og_locale":"en_US","og_type":"article","og_title":"PERIFIT Care","og_description":"Perifit Care is a smart kegel trainer that trains your pelvic floor muscles. Recommended by doctors for incontinence and postpartum rehabilitation.","og_url":"https:\/\/libwomenstore.com\/en\/product\/kegel-en\/perifit-care-smart-kegel-excerciser-with-app-real-time-feedback\/","og_site_name":"Lib Women&#039;s Store","article_publisher":"https:\/\/www.facebook.com\/libwomenstore","article_modified_time":"2025-01-10T11:18:30+00:00","og_image":[{"width":1200,"height":1200,"url":"https:\/\/libwomenstore.com\/wp-content\/uploads\/2024\/04\/Perifit_2.jpg","type":"image\/jpeg"}],"twitter_card":"summary_large_image","twitter_misc":{"Availability":"Out of stock"},"schema":{"@context":"https:\/\/schema.org","@graph":[{"@type":["WebPage","ItemPage"],"@id":"https:\/\/libwomenstore.com\/en\/product\/kegel-en\/perifit-care-smart-kegel-excerciser-with-app-real-time-feedback\/","url":"https:\/\/libwomenstore.com\/en\/product\/kegel-en\/perifit-care-smart-kegel-excerciser-with-app-real-time-feedback\/","name":"PERIFIT Care - Lib Women&#039;s Store","isPartOf":{"@id":"https:\/\/libwomenstore.com\/en\/#website"},"primaryImageOfPage":{"@id":"https:\/\/libwomenstore.com\/en\/product\/kegel-en\/perifit-care-smart-kegel-excerciser-with-app-real-time-feedback\/#primaryimage"},"image":{"@id":"https:\/\/libwomenstore.com\/en\/product\/kegel-en\/perifit-care-smart-kegel-excerciser-with-app-real-time-feedback\/#primaryimage"},"thumbnailUrl":"https:\/\/libwomenstore.com\/wp-content\/uploads\/2024\/04\/Perifit_1.jpg","datePublished":"2024-04-16T10:04:45+00:00","dateModified":"2025-01-10T11:18:30+00:00","description":"Perifit Care is a smart kegel trainer that trains your pelvic floor muscles. Recommended by doctors for incontinence and postpartum rehabilitation.","breadcrumb":{"@id":"https:\/\/libwomenstore.com\/en\/product\/kegel-en\/perifit-care-smart-kegel-excerciser-with-app-real-time-feedback\/#breadcrumb"},"inLanguage":"en-US","potentialAction":[{"@type":"ReadAction","target":["https:\/\/libwomenstore.com\/en\/product\/kegel-en\/perifit-care-smart-kegel-excerciser-with-app-real-time-feedback\/"]}]},{"@type":"ImageObject","inLanguage":"en-US","@id":"https:\/\/libwomenstore.com\/en\/product\/kegel-en\/perifit-care-smart-kegel-excerciser-with-app-real-time-feedback\/#primaryimage","url":"https:\/\/libwomenstore.com\/wp-content\/uploads\/2024\/04\/Perifit_1.jpg","contentUrl":"https:\/\/libwomenstore.com\/wp-content\/uploads\/2024\/04\/Perifit_1.jpg","width":1200,"height":1372,"caption":"Perifit Care a medencefen\u00e9k izmok otthoni edz\u00e9s\u00e9re"},{"@type":"BreadcrumbList","@id":"https:\/\/libwomenstore.com\/en\/product\/kegel-en\/perifit-care-smart-kegel-excerciser-with-app-real-time-feedback\/#breadcrumb","itemListElement":[{"@type":"ListItem","position":1,"name":"Kezd\u0151lap","item":"https:\/\/libwomenstore.com\/en\/"},{"@type":"ListItem","position":2,"name":"Shop Home Page &#8211; Product categories","item":"https:\/\/libwomenstore.com\/shop-kezdolap-termek-kategoriak\/?lang=en"},{"@type":"ListItem","position":3,"name":"PERIFIT Care"}]},{"@type":"WebSite","@id":"https:\/\/libwomenstore.com\/en\/#website","url":"https:\/\/libwomenstore.com\/en\/","name":"Lib Women Store","description":"Magyarorsz\u00e1g els\u0151 n\u0151kre f\u00f3kusz\u00e1l\u00f3 szexshopja, ahol az eg\u00e9szs\u00e9g ugyanolyan fontos, mint az \u00e9lvezetek.","publisher":{"@id":"https:\/\/libwomenstore.com\/en\/#organization"},"alternateName":"Lib","potentialAction":[{"@type":"SearchAction","target":{"@type":"EntryPoint","urlTemplate":"https:\/\/libwomenstore.com\/en\/?s={search_term_string}"},"query-input":{"@type":"PropertyValueSpecification","valueRequired":true,"valueName":"search_term_string"}}],"inLanguage":"en-US"},{"@type":"Organization","@id":"https:\/\/libwomenstore.com\/en\/#organization","name":"Lib Women Store","url":"https:\/\/libwomenstore.com\/en\/","logo":{"@type":"ImageObject","inLanguage":"en-US","@id":"https:\/\/libwomenstore.com\/en\/#\/schema\/logo\/image\/","url":"https:\/\/libwomenstore.com\/wp-content\/uploads\/2024\/05\/cropped-LIB-logo-A.png","contentUrl":"https:\/\/libwomenstore.com\/wp-content\/uploads\/2024\/05\/cropped-LIB-logo-A.png","width":512,"height":512,"caption":"Lib Women Store"},"image":{"@id":"https:\/\/libwomenstore.com\/en\/#\/schema\/logo\/image\/"},"sameAs":["https:\/\/www.facebook.com\/libwomenstore"]}]},"og_availability":"out of stock","product_availability":"out of stock","product_condition":"new"},"_links":{"self":[{"href":"https:\/\/libwomenstore.com\/en\/wp-json\/wp\/v2\/product\/28506","targetHints":{"allow":["GET"]}}],"collection":[{"href":"https:\/\/libwomenstore.com\/en\/wp-json\/wp\/v2\/product"}],"about":[{"href":"https:\/\/libwomenstore.com\/en\/wp-json\/wp\/v2\/types\/product"}],"replies":[{"embeddable":true,"href":"https:\/\/libwomenstore.com\/en\/wp-json\/wp\/v2\/comments?post=28506"}],"wp:featuredmedia":[{"embeddable":true,"href":"https:\/\/libwomenstore.com\/en\/wp-json\/wp\/v2\/media\/26775"}],"wp:attachment":[{"href":"https:\/\/libwomenstore.com\/en\/wp-json\/wp\/v2\/media?parent=28506"}],"wp:term":[{"taxonomy":"product_brand","embeddable":true,"href":"https:\/\/libwomenstore.com\/en\/wp-json\/wp\/v2\/product_brand?post=28506"},{"taxonomy":"product_cat","embeddable":true,"href":"https:\/\/libwomenstore.com\/en\/wp-json\/wp\/v2\/product_cat?post=28506"},{"taxonomy":"product_tag","embeddable":true,"href":"https:\/\/libwomenstore.com\/en\/wp-json\/wp\/v2\/product_tag?post=28506"}],"curies":[{"name":"wp","href":"https:\/\/api.w.org\/{rel}","templated":true}]}}