{"id":28515,"date":"2024-04-16T12:04:38","date_gmt":"2024-04-16T10:04:38","guid":{"rendered":"https:\/\/uj.libwomenstore.com\/?post_type=product&#038;p=28515"},"modified":"2025-01-10T12:12:58","modified_gmt":"2025-01-10T11:12:58","slug":"niya-n5-soft-silicone-couple-vibrator-2-in-1-masturbator-or-massager","status":"publish","type":"product","link":"https:\/\/libwomenstore.com\/en\/product\/wearable\/niya-n5-soft-silicone-couple-vibrator-2-in-1-masturbator-or-massager\/","title":{"rendered":"NIYA N5"},"content":{"rendered":"<p style=\"text-align: center;\"><span style=\"font-weight: 400;\">What we love about this beautiful toy is that it is suitable for all genders and sexual orientations, thanks to its ability to be transformed into various stimulation devices, it can even be incorporated into couples play to enhance pleasure with your partner.<\/span><\/p>\n<p style=\"text-align: center;\"><span style=\"font-weight: 400;\">To stimulate the clitoris and vagina, the flexi pad has an ergonomic &#8220;hump and grind&#8221; rib and can be used on any flat surface, making it the perfect lying massager.<\/span><\/p>\n<p style=\"text-align: center;\"><span style=\"font-weight: 400;\">You&#8217;ll love the included remote control that lets you conveniently choose between 10 different vibration settings, especially when used in a harness like the Strap-On-Me.<\/span><\/p>\n<p style=\"text-align: center;\"><span style=\"font-weight: 400;\">The NIYA N5 Flexi Pad Couples Massager also features double-sided pleasure points on its wings to further enhance stimulation.<\/span><\/p>\n<p style=\"text-align: center;\"><span style=\"font-weight: 400;\">Those with penises will also be happy, thanks to the flexibility of the NIYA N5, you can make your own masturbator by folding in the wings of the device.<\/span><\/p>\n<p style=\"text-align: center;\"><span style=\"font-weight: 400;\">The gender-flexible design ensures that NIYA is a toy for everyone.<\/span><\/p>\n<p style=\"text-align: center;\"><span style=\"font-weight: 400;\">The NIYA N5 is waterproof, making it ideal for the bath or shower, and it&#8217;s also USB rechargeable, so there&#8217;s no need to constantly change batteries.<\/span><\/p>\n<p style=\"text-align: center;\"><b>Features:<\/b><span style=\"font-weight: 400;\">\u00a0<\/span><\/p>\n<p style=\"text-align: center;\"><span style=\"font-weight: 400;\">Sensory stimulation<\/span><\/p>\n<p style=\"text-align: center;\"><span style=\"font-weight: 400;\">Made of body-safe silicone<\/span><\/p>\n<p style=\"text-align: center;\"><span style=\"font-weight: 400;\">10 different features to explore and enjoy<\/span><\/p>\n<p style=\"text-align: center;\"><span style=\"font-weight: 400;\">Remote control<\/span><\/p>\n<p style=\"text-align: center;\"><span style=\"font-weight: 400;\">USB rechargeable (charging cable included)<\/span><\/p>\n<p style=\"text-align: center;\"><span style=\"font-weight: 400;\">Reusable &#8220;Pleasure fluid&#8221; intimate massager for individual and duo enjoyment<\/span><\/p>\n<p style=\"text-align: center;\"><span style=\"font-weight: 400;\">Made of soft silicone material with sensual ribs for added stimulation, Niya has a flexible design, 10 functions and a remote control for ease of use.<\/span><\/p>\n<p style=\"text-align: center;\"><b>Use &amp; Cleaning<\/b><\/p>\n<p style=\"text-align: center;\"><span style=\"font-weight: 400;\">The product can be disinfected with lukewarm soapy water or cleaning agents developed for this purpose. It is important to clean the product before and after each use.<\/span><\/p>\n","protected":false},"excerpt":{"rendered":"<p style=\"text-align: left;\">Soft, flexible and usable in all areas of the body, Niya is a sensuous external vibrator. In your hand, between two bodies, around the penis or hidden in a harness for clitoral stimulation. Unlock the many possibilities it offers!<\/p>\n","protected":false},"featured_media":26761,"comment_status":"open","ping_status":"closed","template":"","meta":{"_et_pb_use_builder":"","_et_pb_old_content":"","_et_gb_content_width":""},"product_brand":[],"product_cat":[322,355,554,318,343],"product_tag":[495],"class_list":{"0":"post-28515","1":"product","2":"type-product","3":"status-publish","4":"has-post-thumbnail","6":"product_cat-clitoral-vibrators","7":"product_cat-couple","8":"product_cat-lib-x-bliss-glass-toys-hand-crafted","9":"product_cat-vibrators","10":"product_cat-wearable","11":"product_tag-couples","13":"first","14":"onbackorder","15":"taxable","16":"shipping-taxable","17":"purchasable","18":"product-type-simple"},"yoast_head":"<!-- This site is optimized with the Yoast SEO Premium plugin v27.4 (Yoast SEO v27.4) - https:\/\/yoast.com\/product\/yoast-seo-premium-wordpress\/ -->\n<title>NIYA N5 - Lib Women&#039;s Store<\/title>\n<meta name=\"description\" content=\"Niya N5 is not just a vibrator but 3 in 1! You can sit on it, use it as a couple&#039;s massager or a masturbator. It is truly a versatile toy for all your needs\" \/>\n<meta name=\"robots\" content=\"index, follow, max-snippet:-1, max-image-preview:large, max-video-preview:-1\" \/>\n<link rel=\"canonical\" href=\"https:\/\/libwomenstore.com\/en\/product\/wearable\/niya-n5-soft-silicone-couple-vibrator-2-in-1-masturbator-or-massager\/\" \/>\n<meta property=\"og:locale\" content=\"en_US\" \/>\n<meta property=\"og:type\" content=\"article\" \/>\n<meta property=\"og:title\" content=\"NIYA N5\" \/>\n<meta property=\"og:description\" content=\"Niya N5 is not just a vibrator but 3 in 1! You can sit on it, use it as a couple&#039;s massager or a masturbator. It is truly a versatile toy for all your needs\" \/>\n<meta property=\"og:url\" content=\"https:\/\/libwomenstore.com\/en\/product\/wearable\/niya-n5-soft-silicone-couple-vibrator-2-in-1-masturbator-or-massager\/\" \/>\n<meta property=\"og:site_name\" content=\"Lib Women&#039;s Store\" \/>\n<meta property=\"article:publisher\" content=\"https:\/\/www.facebook.com\/libwomenstore\" \/>\n<meta property=\"article:modified_time\" content=\"2025-01-10T11:12:58+00:00\" \/>\n<meta property=\"og:image\" content=\"https:\/\/libwomenstore.com\/wp-content\/uploads\/2024\/04\/M00811041015263-3584184347.jpg\" \/>\n\t<meta property=\"og:image:width\" content=\"1536\" \/>\n\t<meta property=\"og:image:height\" content=\"1536\" \/>\n\t<meta property=\"og:image:type\" content=\"image\/jpeg\" \/>\n<meta name=\"twitter:card\" content=\"summary_large_image\" \/>\n<meta name=\"twitter:label1\" content=\"Price\" \/>\n\t<meta name=\"twitter:data1\" content=\"37.000&#070;&#116;\" \/>\n\t<meta name=\"twitter:label2\" content=\"Availability\" \/>\n\t<meta name=\"twitter:data2\" content=\"On backorder\" \/>\n<script type=\"application\/ld+json\" class=\"yoast-schema-graph\">{\"@context\":\"https:\\\/\\\/schema.org\",\"@graph\":[{\"@type\":[\"WebPage\",\"ItemPage\"],\"@id\":\"https:\\\/\\\/libwomenstore.com\\\/en\\\/product\\\/wearable\\\/niya-n5-soft-silicone-couple-vibrator-2-in-1-masturbator-or-massager\\\/\",\"url\":\"https:\\\/\\\/libwomenstore.com\\\/en\\\/product\\\/wearable\\\/niya-n5-soft-silicone-couple-vibrator-2-in-1-masturbator-or-massager\\\/\",\"name\":\"NIYA N5 - Lib Women&#039;s Store\",\"isPartOf\":{\"@id\":\"https:\\\/\\\/libwomenstore.com\\\/en\\\/#website\"},\"primaryImageOfPage\":{\"@id\":\"https:\\\/\\\/libwomenstore.com\\\/en\\\/product\\\/wearable\\\/niya-n5-soft-silicone-couple-vibrator-2-in-1-masturbator-or-massager\\\/#primaryimage\"},\"image\":{\"@id\":\"https:\\\/\\\/libwomenstore.com\\\/en\\\/product\\\/wearable\\\/niya-n5-soft-silicone-couple-vibrator-2-in-1-masturbator-or-massager\\\/#primaryimage\"},\"thumbnailUrl\":\"https:\\\/\\\/libwomenstore.com\\\/wp-content\\\/uploads\\\/2024\\\/04\\\/M00811041015263-3584184347.jpg\",\"datePublished\":\"2024-04-16T10:04:38+00:00\",\"dateModified\":\"2025-01-10T11:12:58+00:00\",\"description\":\"Niya N5 is not just a vibrator but 3 in 1! You can sit on it, use it as a couple's massager or a masturbator. It is truly a versatile toy for all your needs\",\"breadcrumb\":{\"@id\":\"https:\\\/\\\/libwomenstore.com\\\/en\\\/product\\\/wearable\\\/niya-n5-soft-silicone-couple-vibrator-2-in-1-masturbator-or-massager\\\/#breadcrumb\"},\"inLanguage\":\"en-US\",\"potentialAction\":[{\"@type\":\"ReadAction\",\"target\":[\"https:\\\/\\\/libwomenstore.com\\\/en\\\/product\\\/wearable\\\/niya-n5-soft-silicone-couple-vibrator-2-in-1-masturbator-or-massager\\\/\"]}]},{\"@type\":\"ImageObject\",\"inLanguage\":\"en-US\",\"@id\":\"https:\\\/\\\/libwomenstore.com\\\/en\\\/product\\\/wearable\\\/niya-n5-soft-silicone-couple-vibrator-2-in-1-masturbator-or-massager\\\/#primaryimage\",\"url\":\"https:\\\/\\\/libwomenstore.com\\\/wp-content\\\/uploads\\\/2024\\\/04\\\/M00811041015263-3584184347.jpg\",\"contentUrl\":\"https:\\\/\\\/libwomenstore.com\\\/wp-content\\\/uploads\\\/2024\\\/04\\\/M00811041015263-3584184347.jpg\",\"width\":1536,\"height\":1536,\"caption\":\"Niya N5 p\u00e1ros vibr\u00e1tor t\u00e1vir\u00e1ny\u00edt\u00f3val\"},{\"@type\":\"BreadcrumbList\",\"@id\":\"https:\\\/\\\/libwomenstore.com\\\/en\\\/product\\\/wearable\\\/niya-n5-soft-silicone-couple-vibrator-2-in-1-masturbator-or-massager\\\/#breadcrumb\",\"itemListElement\":[{\"@type\":\"ListItem\",\"position\":1,\"name\":\"Kezd\u0151lap\",\"item\":\"https:\\\/\\\/libwomenstore.com\\\/en\\\/\"},{\"@type\":\"ListItem\",\"position\":2,\"name\":\"Shop Home Page &#8211; Product categories\",\"item\":\"https:\\\/\\\/libwomenstore.com\\\/shop-kezdolap-termek-kategoriak\\\/?lang=en\"},{\"@type\":\"ListItem\",\"position\":3,\"name\":\"NIYA N5\"}]},{\"@type\":\"WebSite\",\"@id\":\"https:\\\/\\\/libwomenstore.com\\\/en\\\/#website\",\"url\":\"https:\\\/\\\/libwomenstore.com\\\/en\\\/\",\"name\":\"Lib Women Store\",\"description\":\"Magyarorsz\u00e1g els\u0151 n\u0151kre f\u00f3kusz\u00e1l\u00f3 szexshopja, ahol az eg\u00e9szs\u00e9g ugyanolyan fontos, mint az \u00e9lvezetek.\",\"publisher\":{\"@id\":\"https:\\\/\\\/libwomenstore.com\\\/en\\\/#organization\"},\"alternateName\":\"Lib\",\"potentialAction\":[{\"@type\":\"SearchAction\",\"target\":{\"@type\":\"EntryPoint\",\"urlTemplate\":\"https:\\\/\\\/libwomenstore.com\\\/en\\\/?s={search_term_string}\"},\"query-input\":{\"@type\":\"PropertyValueSpecification\",\"valueRequired\":true,\"valueName\":\"search_term_string\"}}],\"inLanguage\":\"en-US\"},{\"@type\":\"Organization\",\"@id\":\"https:\\\/\\\/libwomenstore.com\\\/en\\\/#organization\",\"name\":\"Lib Women Store\",\"url\":\"https:\\\/\\\/libwomenstore.com\\\/en\\\/\",\"logo\":{\"@type\":\"ImageObject\",\"inLanguage\":\"en-US\",\"@id\":\"https:\\\/\\\/libwomenstore.com\\\/en\\\/#\\\/schema\\\/logo\\\/image\\\/\",\"url\":\"https:\\\/\\\/libwomenstore.com\\\/wp-content\\\/uploads\\\/2024\\\/05\\\/cropped-LIB-logo-A.png\",\"contentUrl\":\"https:\\\/\\\/libwomenstore.com\\\/wp-content\\\/uploads\\\/2024\\\/05\\\/cropped-LIB-logo-A.png\",\"width\":512,\"height\":512,\"caption\":\"Lib Women Store\"},\"image\":{\"@id\":\"https:\\\/\\\/libwomenstore.com\\\/en\\\/#\\\/schema\\\/logo\\\/image\\\/\"},\"sameAs\":[\"https:\\\/\\\/www.facebook.com\\\/libwomenstore\"]}]}<\/script>\n<meta property=\"product:price:amount\" content=\"37000\" \/>\n<meta property=\"product:price:currency\" content=\"HUF\" \/>\n<meta property=\"og:availability\" content=\"backorder\" \/>\n<meta property=\"product:availability\" content=\"available for order\" \/>\n<meta property=\"product:retailer_item_id\" content=\"LIB-NY001\" \/>\n<meta property=\"product:condition\" content=\"new\" \/>\n<!-- \/ Yoast SEO Premium plugin. -->","yoast_head_json":{"title":"NIYA N5 - Lib Women&#039;s Store","description":"Niya N5 is not just a vibrator but 3 in 1! You can sit on it, use it as a couple's massager or a masturbator. It is truly a versatile toy for all your needs","robots":{"index":"index","follow":"follow","max-snippet":"max-snippet:-1","max-image-preview":"max-image-preview:large","max-video-preview":"max-video-preview:-1"},"canonical":"https:\/\/libwomenstore.com\/en\/product\/wearable\/niya-n5-soft-silicone-couple-vibrator-2-in-1-masturbator-or-massager\/","og_locale":"en_US","og_type":"article","og_title":"NIYA N5","og_description":"Niya N5 is not just a vibrator but 3 in 1! You can sit on it, use it as a couple's massager or a masturbator. It is truly a versatile toy for all your needs","og_url":"https:\/\/libwomenstore.com\/en\/product\/wearable\/niya-n5-soft-silicone-couple-vibrator-2-in-1-masturbator-or-massager\/","og_site_name":"Lib Women&#039;s Store","article_publisher":"https:\/\/www.facebook.com\/libwomenstore","article_modified_time":"2025-01-10T11:12:58+00:00","og_image":[{"width":1536,"height":1536,"url":"https:\/\/libwomenstore.com\/wp-content\/uploads\/2024\/04\/M00811041015263-3584184347.jpg","type":"image\/jpeg"}],"twitter_card":"summary_large_image","twitter_misc":{"Price":"37.000&#70;&#116;","Availability":"On backorder"},"schema":{"@context":"https:\/\/schema.org","@graph":[{"@type":["WebPage","ItemPage"],"@id":"https:\/\/libwomenstore.com\/en\/product\/wearable\/niya-n5-soft-silicone-couple-vibrator-2-in-1-masturbator-or-massager\/","url":"https:\/\/libwomenstore.com\/en\/product\/wearable\/niya-n5-soft-silicone-couple-vibrator-2-in-1-masturbator-or-massager\/","name":"NIYA N5 - Lib Women&#039;s Store","isPartOf":{"@id":"https:\/\/libwomenstore.com\/en\/#website"},"primaryImageOfPage":{"@id":"https:\/\/libwomenstore.com\/en\/product\/wearable\/niya-n5-soft-silicone-couple-vibrator-2-in-1-masturbator-or-massager\/#primaryimage"},"image":{"@id":"https:\/\/libwomenstore.com\/en\/product\/wearable\/niya-n5-soft-silicone-couple-vibrator-2-in-1-masturbator-or-massager\/#primaryimage"},"thumbnailUrl":"https:\/\/libwomenstore.com\/wp-content\/uploads\/2024\/04\/M00811041015263-3584184347.jpg","datePublished":"2024-04-16T10:04:38+00:00","dateModified":"2025-01-10T11:12:58+00:00","description":"Niya N5 is not just a vibrator but 3 in 1! You can sit on it, use it as a couple's massager or a masturbator. It is truly a versatile toy for all your needs","breadcrumb":{"@id":"https:\/\/libwomenstore.com\/en\/product\/wearable\/niya-n5-soft-silicone-couple-vibrator-2-in-1-masturbator-or-massager\/#breadcrumb"},"inLanguage":"en-US","potentialAction":[{"@type":"ReadAction","target":["https:\/\/libwomenstore.com\/en\/product\/wearable\/niya-n5-soft-silicone-couple-vibrator-2-in-1-masturbator-or-massager\/"]}]},{"@type":"ImageObject","inLanguage":"en-US","@id":"https:\/\/libwomenstore.com\/en\/product\/wearable\/niya-n5-soft-silicone-couple-vibrator-2-in-1-masturbator-or-massager\/#primaryimage","url":"https:\/\/libwomenstore.com\/wp-content\/uploads\/2024\/04\/M00811041015263-3584184347.jpg","contentUrl":"https:\/\/libwomenstore.com\/wp-content\/uploads\/2024\/04\/M00811041015263-3584184347.jpg","width":1536,"height":1536,"caption":"Niya N5 p\u00e1ros vibr\u00e1tor t\u00e1vir\u00e1ny\u00edt\u00f3val"},{"@type":"BreadcrumbList","@id":"https:\/\/libwomenstore.com\/en\/product\/wearable\/niya-n5-soft-silicone-couple-vibrator-2-in-1-masturbator-or-massager\/#breadcrumb","itemListElement":[{"@type":"ListItem","position":1,"name":"Kezd\u0151lap","item":"https:\/\/libwomenstore.com\/en\/"},{"@type":"ListItem","position":2,"name":"Shop Home Page &#8211; Product categories","item":"https:\/\/libwomenstore.com\/shop-kezdolap-termek-kategoriak\/?lang=en"},{"@type":"ListItem","position":3,"name":"NIYA N5"}]},{"@type":"WebSite","@id":"https:\/\/libwomenstore.com\/en\/#website","url":"https:\/\/libwomenstore.com\/en\/","name":"Lib Women Store","description":"Magyarorsz\u00e1g els\u0151 n\u0151kre f\u00f3kusz\u00e1l\u00f3 szexshopja, ahol az eg\u00e9szs\u00e9g ugyanolyan fontos, mint az \u00e9lvezetek.","publisher":{"@id":"https:\/\/libwomenstore.com\/en\/#organization"},"alternateName":"Lib","potentialAction":[{"@type":"SearchAction","target":{"@type":"EntryPoint","urlTemplate":"https:\/\/libwomenstore.com\/en\/?s={search_term_string}"},"query-input":{"@type":"PropertyValueSpecification","valueRequired":true,"valueName":"search_term_string"}}],"inLanguage":"en-US"},{"@type":"Organization","@id":"https:\/\/libwomenstore.com\/en\/#organization","name":"Lib Women Store","url":"https:\/\/libwomenstore.com\/en\/","logo":{"@type":"ImageObject","inLanguage":"en-US","@id":"https:\/\/libwomenstore.com\/en\/#\/schema\/logo\/image\/","url":"https:\/\/libwomenstore.com\/wp-content\/uploads\/2024\/05\/cropped-LIB-logo-A.png","contentUrl":"https:\/\/libwomenstore.com\/wp-content\/uploads\/2024\/05\/cropped-LIB-logo-A.png","width":512,"height":512,"caption":"Lib Women Store"},"image":{"@id":"https:\/\/libwomenstore.com\/en\/#\/schema\/logo\/image\/"},"sameAs":["https:\/\/www.facebook.com\/libwomenstore"]}]},"product_price_amount":"37000","product_price_currency":"HUF","og_availability":"backorder","product_availability":"available for order","product_retailer_item_id":"LIB-NY001","product_condition":"new"},"_links":{"self":[{"href":"https:\/\/libwomenstore.com\/en\/wp-json\/wp\/v2\/product\/28515","targetHints":{"allow":["GET"]}}],"collection":[{"href":"https:\/\/libwomenstore.com\/en\/wp-json\/wp\/v2\/product"}],"about":[{"href":"https:\/\/libwomenstore.com\/en\/wp-json\/wp\/v2\/types\/product"}],"replies":[{"embeddable":true,"href":"https:\/\/libwomenstore.com\/en\/wp-json\/wp\/v2\/comments?post=28515"}],"wp:featuredmedia":[{"embeddable":true,"href":"https:\/\/libwomenstore.com\/en\/wp-json\/wp\/v2\/media\/26761"}],"wp:attachment":[{"href":"https:\/\/libwomenstore.com\/en\/wp-json\/wp\/v2\/media?parent=28515"}],"wp:term":[{"taxonomy":"product_brand","embeddable":true,"href":"https:\/\/libwomenstore.com\/en\/wp-json\/wp\/v2\/product_brand?post=28515"},{"taxonomy":"product_cat","embeddable":true,"href":"https:\/\/libwomenstore.com\/en\/wp-json\/wp\/v2\/product_cat?post=28515"},{"taxonomy":"product_tag","embeddable":true,"href":"https:\/\/libwomenstore.com\/en\/wp-json\/wp\/v2\/product_tag?post=28515"}],"curies":[{"name":"wp","href":"https:\/\/api.w.org\/{rel}","templated":true}]}}