{"id":28517,"date":"2024-04-16T12:04:36","date_gmt":"2024-04-16T10:04:36","guid":{"rendered":"https:\/\/uj.libwomenstore.com\/?post_type=product&#038;p=28517"},"modified":"2025-08-15T15:19:02","modified_gmt":"2025-08-15T13:19:02","slug":"mysteryvibe-crescendo-2-fda-approve-g-spot-vibrator","status":"publish","type":"product","link":"https:\/\/libwomenstore.com\/en\/product\/couple\/mysteryvibe-crescendo-2-fda-approve-g-spot-vibrator\/","title":{"rendered":"MV HEALTH Crescendo 2"},"content":{"rendered":"<p style=\"text-align: center;\"><b>Speciality<\/b><\/p>\n<p style=\"text-align: center;\"><span style=\"font-weight: 400;\">Crescendo 2 is the world&#8217;s first vibrator designed to mimic the feel of your fingers. Thanks to its extreme flexibility, you can fully adjust it to your body. Reach and explore every erogenous zone from the G-spot to the P-spot!  <\/span><\/p>\n<p style=\"text-align: center;\"><span style=\"font-weight: 400;\">Crescendo 2 also helps you explore your partner&#8217;s body. Your relationship is guaranteed to be transformed when you indulge in this kind of pampering. <\/span><\/p>\n<p style=\"text-align: center;\"><span style=\"font-weight: 400;\">Discover why sexologists are raving about this vibrator! 4 years of research and development have resulted in the Crescendo, a multi-award winning vibrator with 6 motors and 16 power settings that will stimulate every inch of you. <\/span><\/p>\n<p style=\"text-align: center;\"><span style=\"font-weight: 400;\">With this programmable vibrator, your partner can control the motors live. Experience an extremely intense, explosive orgasm by handing over the control and letting your partner take control using the smart app. <\/span><\/p>\n<p>&nbsp;<\/p>\n<p style=\"text-align: center;\"><b>Health benefits:<\/b><\/p>\n<p>&nbsp;<\/p>\n<p style=\"text-align: center;\"><strong>1. Increase excitement, relieve discomfort<\/strong><\/p>\n<p style=\"text-align: center;\">\nCrescendo 2 is the world&#8217;s first ultra-flexible vibrating device designed to enhance pelvic floor comfort. Its revolutionary, body-contouring design mimics human fingers and curves, so it fits all body shapes and sizes.<\/p>\n<p style=\"text-align: center;\">This allows you to deliver precise vibrations to the pelvic floor exactly where stimulation is needed, which can promote healthy blood flow, increase arousal, and relieve muscle tension.<\/p>\n<p style=\"text-align: center;\"><strong>2. Better intimacy every time<\/strong><\/p>\n<p style=\"text-align: center;\">\nThe multi-award winning Crescendo 2 provides significant assistance to couples who struggle with intimacy due to uncomfortable intercourse, sexual difficulties, or low arousal levels.<\/p>\n<p style=\"text-align: center;\">The Crescendo 2&#8217;s six strategically placed motors deliver vibrations at frequencies optimized to relieve discomfort, increase arousal, and relax the pelvic floor. It simultaneously stimulates your or your partner&#8217;s vagina, labia, labia minora, clitoris, and perineum. <\/p>\n<p>&nbsp;<\/p>\n<p style=\"text-align: center;\"><b>Tip<\/b><\/p>\n<p style=\"text-align: center;\"><span style=\"font-weight: 400;\">Since it&#8217;s completely waterproof, jump in the shower or soak in the tub and use it during sex!<\/span><\/p>\n<p>&nbsp;<\/p>\n<p style=\"text-align: center;\"><b>Features<\/b><\/p>\n<p style=\"text-align: center;\"><span style=\"font-weight: 400;\">The Crescendo 2 is flexible enough to be used alone or together, allowing you to stimulate your G-spot and clitoris at the same time. It can be used as a masturbator or anally, whichever you prefer. <\/span><\/p>\n<p style=\"text-align: center;\">Medically Designed, Clinically Tested<br \/>\nThe Crescendo 2&#8217;s technology is backed by over 8 years of extensive medical research. It&#8217;s built with strong, malleable electronics that bend with the product without breaking, along with intricate circuitry and defense-grade components. <\/p>\n<p style=\"text-align: center;\">Find out what&#8217;s inside the most advanced vibrating devices used in women&#8217;s healthcare.<\/p>\n<p style=\"text-align: center;\"><b>Size:<\/b><\/p>\n<p style=\"text-align: center;\"><span style=\"font-weight: 400;\">Length: 22 cm<\/span><\/p>\n<p style=\"text-align: center;\"><span style=\"font-weight: 400;\">The material is body-safe silicone.<\/span><\/p>\n<p style=\"text-align: center;\"><span style=\"font-weight: 400;\">Waterproof, use in the shower or bath.<\/span><\/p>\n<p style=\"text-align: center;\"><b>Cleaning<\/b><\/p>\n<p style=\"text-align: center;\"><span style=\"font-weight: 400;\">The product can be disinfected with lukewarm soapy water or cleaning agents designed for this purpose.<\/span><\/p>\n<p style=\"text-align: center;\"><span style=\"font-weight: 400;\">It is recommended to use only water-based lubricant, as other types can weaken the silicone, significantly shortening the life of the device.<\/span><\/p>\n","protected":false},"excerpt":{"rendered":"<p><span style=\"font-weight: 400;\">The world&#8217;s most flexible vibrator that hits the mark every time. The Crescendo 2 is an award-winning, hand-crafted vibrator, a new generation of sex toys that allows you to personalize the experience for both of you. An FDA-registered Class II device, featured in leading peer-reviewed journals.<br \/>\nFeel maximum excitement with 6 anatomically placed motor stimulation that you can flex with just your fingers.<\/span><\/p>\n<p>The pre-order period is about 1 month, so we expect to deliver the products at the end of September or beginning of October. We will keep you informed about the status of your order! <\/p>\n","protected":false},"featured_media":33401,"comment_status":"open","ping_status":"closed","template":"","meta":{"_et_pb_use_builder":"","_et_pb_old_content":"","_et_gb_content_width":""},"product_brand":[],"product_cat":[355,342,318],"product_tag":[799,749,495,751,791,516,792,790,798,638],"class_list":{"0":"post-28517","1":"product","2":"type-product","3":"status-publish","4":"has-post-thumbnail","6":"product_cat-couple","7":"product_cat-g-spot","8":"product_cat-vibrators","9":"product_tag-aid","10":"product_tag-bunny-en-2","11":"product_tag-couples","12":"product_tag-g-spot","13":"product_tag-lubrication","14":"product_tag-menopause","15":"product_tag-mv-health-en","16":"product_tag-mysteryvibe-en","17":"product_tag-painful-penetration","18":"product_tag-pelvic-floor","20":"first","21":"onbackorder","22":"taxable","23":"shipping-taxable","24":"purchasable","25":"product-type-simple"},"yoast_head":"<!-- This site is optimized with the Yoast SEO Premium plugin v27.5 (Yoast SEO v27.5) - https:\/\/yoast.com\/product\/yoast-seo-premium-wordpress\/ -->\n<title>MV HEALTH Crescendo 2 - Lib Women&#039;s Store<\/title>\n<meta name=\"description\" content=\"Mysteryvibe is a luxury brand whose main goal is to satisfy individual needs. Crescendo 2 is the most unique g-spot vibrator that follows the contours of your body.\" \/>\n<meta name=\"robots\" content=\"index, follow, max-snippet:-1, max-image-preview:large, max-video-preview:-1\" \/>\n<link rel=\"canonical\" href=\"https:\/\/libwomenstore.com\/en\/product\/couple\/mysteryvibe-crescendo-2-fda-approve-g-spot-vibrator\/\" \/>\n<meta property=\"og:locale\" content=\"en_US\" \/>\n<meta property=\"og:type\" content=\"article\" \/>\n<meta property=\"og:title\" content=\"MV HEALTH Crescendo 2\" \/>\n<meta property=\"og:description\" content=\"Mysteryvibe is a luxury brand whose main goal is to satisfy individual needs. Crescendo 2 is the most unique g-spot vibrator that follows the contours of your body.\" \/>\n<meta property=\"og:url\" content=\"https:\/\/libwomenstore.com\/en\/product\/couple\/mysteryvibe-crescendo-2-fda-approve-g-spot-vibrator\/\" \/>\n<meta property=\"og:site_name\" content=\"Lib Women&#039;s Store\" \/>\n<meta property=\"article:publisher\" content=\"https:\/\/www.facebook.com\/libwomenstore\" \/>\n<meta property=\"article:modified_time\" content=\"2025-08-15T13:19:02+00:00\" \/>\n<meta property=\"og:image\" content=\"https:\/\/libwomenstore.com\/wp-content\/uploads\/2024\/04\/mv-crescendo2.png\" \/>\n\t<meta property=\"og:image:width\" content=\"1080\" \/>\n\t<meta property=\"og:image:height\" content=\"1080\" \/>\n\t<meta property=\"og:image:type\" content=\"image\/png\" \/>\n<meta name=\"twitter:card\" content=\"summary_large_image\" \/>\n<meta name=\"twitter:label1\" content=\"Price\" \/>\n\t<meta name=\"twitter:data1\" content=\"140.000&#070;&#116;\" \/>\n\t<meta name=\"twitter:label2\" content=\"Availability\" \/>\n\t<meta name=\"twitter:data2\" content=\"On backorder\" \/>\n<script type=\"application\/ld+json\" class=\"yoast-schema-graph\">{\"@context\":\"https:\\\/\\\/schema.org\",\"@graph\":[{\"@type\":[\"WebPage\",\"ItemPage\"],\"@id\":\"https:\\\/\\\/libwomenstore.com\\\/en\\\/product\\\/couple\\\/mysteryvibe-crescendo-2-fda-approve-g-spot-vibrator\\\/\",\"url\":\"https:\\\/\\\/libwomenstore.com\\\/en\\\/product\\\/couple\\\/mysteryvibe-crescendo-2-fda-approve-g-spot-vibrator\\\/\",\"name\":\"MV HEALTH Crescendo 2 - Lib Women&#039;s Store\",\"isPartOf\":{\"@id\":\"https:\\\/\\\/libwomenstore.com\\\/en\\\/#website\"},\"primaryImageOfPage\":{\"@id\":\"https:\\\/\\\/libwomenstore.com\\\/en\\\/product\\\/couple\\\/mysteryvibe-crescendo-2-fda-approve-g-spot-vibrator\\\/#primaryimage\"},\"image\":{\"@id\":\"https:\\\/\\\/libwomenstore.com\\\/en\\\/product\\\/couple\\\/mysteryvibe-crescendo-2-fda-approve-g-spot-vibrator\\\/#primaryimage\"},\"thumbnailUrl\":\"https:\\\/\\\/libwomenstore.com\\\/wp-content\\\/uploads\\\/2024\\\/04\\\/mv-crescendo2.png\",\"datePublished\":\"2024-04-16T10:04:36+00:00\",\"dateModified\":\"2025-08-15T13:19:02+00:00\",\"description\":\"Mysteryvibe is a luxury brand whose main goal is to satisfy individual needs. Crescendo 2 is the most unique g-spot vibrator that follows the contours of your body.\",\"breadcrumb\":{\"@id\":\"https:\\\/\\\/libwomenstore.com\\\/en\\\/product\\\/couple\\\/mysteryvibe-crescendo-2-fda-approve-g-spot-vibrator\\\/#breadcrumb\"},\"inLanguage\":\"en-US\",\"potentialAction\":[{\"@type\":\"ReadAction\",\"target\":[\"https:\\\/\\\/libwomenstore.com\\\/en\\\/product\\\/couple\\\/mysteryvibe-crescendo-2-fda-approve-g-spot-vibrator\\\/\"]}]},{\"@type\":\"ImageObject\",\"inLanguage\":\"en-US\",\"@id\":\"https:\\\/\\\/libwomenstore.com\\\/en\\\/product\\\/couple\\\/mysteryvibe-crescendo-2-fda-approve-g-spot-vibrator\\\/#primaryimage\",\"url\":\"https:\\\/\\\/libwomenstore.com\\\/wp-content\\\/uploads\\\/2024\\\/04\\\/mv-crescendo2.png\",\"contentUrl\":\"https:\\\/\\\/libwomenstore.com\\\/wp-content\\\/uploads\\\/2024\\\/04\\\/mv-crescendo2.png\",\"width\":1080,\"height\":1080},{\"@type\":\"BreadcrumbList\",\"@id\":\"https:\\\/\\\/libwomenstore.com\\\/en\\\/product\\\/couple\\\/mysteryvibe-crescendo-2-fda-approve-g-spot-vibrator\\\/#breadcrumb\",\"itemListElement\":[{\"@type\":\"ListItem\",\"position\":1,\"name\":\"Kezd\u0151lap\",\"item\":\"https:\\\/\\\/libwomenstore.com\\\/en\\\/\"},{\"@type\":\"ListItem\",\"position\":2,\"name\":\"Shop Home Page &#8211; Product categories\",\"item\":\"https:\\\/\\\/libwomenstore.com\\\/shop-kezdolap-termek-kategoriak\\\/?lang=en\"},{\"@type\":\"ListItem\",\"position\":3,\"name\":\"MV HEALTH Crescendo 2\"}]},{\"@type\":\"WebSite\",\"@id\":\"https:\\\/\\\/libwomenstore.com\\\/en\\\/#website\",\"url\":\"https:\\\/\\\/libwomenstore.com\\\/en\\\/\",\"name\":\"Lib Women Store\",\"description\":\"Magyarorsz\u00e1g els\u0151 n\u0151kre f\u00f3kusz\u00e1l\u00f3 szexshopja, ahol az eg\u00e9szs\u00e9g ugyanolyan fontos, mint az \u00e9lvezetek.\",\"publisher\":{\"@id\":\"https:\\\/\\\/libwomenstore.com\\\/en\\\/#organization\"},\"alternateName\":\"Lib\",\"potentialAction\":[{\"@type\":\"SearchAction\",\"target\":{\"@type\":\"EntryPoint\",\"urlTemplate\":\"https:\\\/\\\/libwomenstore.com\\\/en\\\/?s={search_term_string}\"},\"query-input\":{\"@type\":\"PropertyValueSpecification\",\"valueRequired\":true,\"valueName\":\"search_term_string\"}}],\"inLanguage\":\"en-US\"},{\"@type\":\"Organization\",\"@id\":\"https:\\\/\\\/libwomenstore.com\\\/en\\\/#organization\",\"name\":\"Lib Women Store\",\"url\":\"https:\\\/\\\/libwomenstore.com\\\/en\\\/\",\"logo\":{\"@type\":\"ImageObject\",\"inLanguage\":\"en-US\",\"@id\":\"https:\\\/\\\/libwomenstore.com\\\/en\\\/#\\\/schema\\\/logo\\\/image\\\/\",\"url\":\"https:\\\/\\\/libwomenstore.com\\\/wp-content\\\/uploads\\\/2024\\\/05\\\/cropped-LIB-logo-A.png\",\"contentUrl\":\"https:\\\/\\\/libwomenstore.com\\\/wp-content\\\/uploads\\\/2024\\\/05\\\/cropped-LIB-logo-A.png\",\"width\":512,\"height\":512,\"caption\":\"Lib Women Store\"},\"image\":{\"@id\":\"https:\\\/\\\/libwomenstore.com\\\/en\\\/#\\\/schema\\\/logo\\\/image\\\/\"},\"sameAs\":[\"https:\\\/\\\/www.facebook.com\\\/libwomenstore\"]}]}<\/script>\n<meta property=\"product:price:amount\" content=\"140000\" \/>\n<meta property=\"product:price:currency\" content=\"HUF\" \/>\n<meta property=\"og:availability\" content=\"backorder\" \/>\n<meta property=\"product:availability\" content=\"available for order\" \/>\n<meta property=\"product:retailer_item_id\" content=\"LIB-MY002\" \/>\n<meta property=\"product:condition\" content=\"new\" \/>\n<!-- \/ Yoast SEO Premium plugin. -->","yoast_head_json":{"title":"MV HEALTH Crescendo 2 - Lib Women&#039;s Store","description":"Mysteryvibe is a luxury brand whose main goal is to satisfy individual needs. Crescendo 2 is the most unique g-spot vibrator that follows the contours of your body.","robots":{"index":"index","follow":"follow","max-snippet":"max-snippet:-1","max-image-preview":"max-image-preview:large","max-video-preview":"max-video-preview:-1"},"canonical":"https:\/\/libwomenstore.com\/en\/product\/couple\/mysteryvibe-crescendo-2-fda-approve-g-spot-vibrator\/","og_locale":"en_US","og_type":"article","og_title":"MV HEALTH Crescendo 2","og_description":"Mysteryvibe is a luxury brand whose main goal is to satisfy individual needs. Crescendo 2 is the most unique g-spot vibrator that follows the contours of your body.","og_url":"https:\/\/libwomenstore.com\/en\/product\/couple\/mysteryvibe-crescendo-2-fda-approve-g-spot-vibrator\/","og_site_name":"Lib Women&#039;s Store","article_publisher":"https:\/\/www.facebook.com\/libwomenstore","article_modified_time":"2025-08-15T13:19:02+00:00","og_image":[{"width":1080,"height":1080,"url":"https:\/\/libwomenstore.com\/wp-content\/uploads\/2024\/04\/mv-crescendo2.png","type":"image\/png"}],"twitter_card":"summary_large_image","twitter_misc":{"Price":"140.000&#70;&#116;","Availability":"On backorder"},"schema":{"@context":"https:\/\/schema.org","@graph":[{"@type":["WebPage","ItemPage"],"@id":"https:\/\/libwomenstore.com\/en\/product\/couple\/mysteryvibe-crescendo-2-fda-approve-g-spot-vibrator\/","url":"https:\/\/libwomenstore.com\/en\/product\/couple\/mysteryvibe-crescendo-2-fda-approve-g-spot-vibrator\/","name":"MV HEALTH Crescendo 2 - Lib Women&#039;s Store","isPartOf":{"@id":"https:\/\/libwomenstore.com\/en\/#website"},"primaryImageOfPage":{"@id":"https:\/\/libwomenstore.com\/en\/product\/couple\/mysteryvibe-crescendo-2-fda-approve-g-spot-vibrator\/#primaryimage"},"image":{"@id":"https:\/\/libwomenstore.com\/en\/product\/couple\/mysteryvibe-crescendo-2-fda-approve-g-spot-vibrator\/#primaryimage"},"thumbnailUrl":"https:\/\/libwomenstore.com\/wp-content\/uploads\/2024\/04\/mv-crescendo2.png","datePublished":"2024-04-16T10:04:36+00:00","dateModified":"2025-08-15T13:19:02+00:00","description":"Mysteryvibe is a luxury brand whose main goal is to satisfy individual needs. Crescendo 2 is the most unique g-spot vibrator that follows the contours of your body.","breadcrumb":{"@id":"https:\/\/libwomenstore.com\/en\/product\/couple\/mysteryvibe-crescendo-2-fda-approve-g-spot-vibrator\/#breadcrumb"},"inLanguage":"en-US","potentialAction":[{"@type":"ReadAction","target":["https:\/\/libwomenstore.com\/en\/product\/couple\/mysteryvibe-crescendo-2-fda-approve-g-spot-vibrator\/"]}]},{"@type":"ImageObject","inLanguage":"en-US","@id":"https:\/\/libwomenstore.com\/en\/product\/couple\/mysteryvibe-crescendo-2-fda-approve-g-spot-vibrator\/#primaryimage","url":"https:\/\/libwomenstore.com\/wp-content\/uploads\/2024\/04\/mv-crescendo2.png","contentUrl":"https:\/\/libwomenstore.com\/wp-content\/uploads\/2024\/04\/mv-crescendo2.png","width":1080,"height":1080},{"@type":"BreadcrumbList","@id":"https:\/\/libwomenstore.com\/en\/product\/couple\/mysteryvibe-crescendo-2-fda-approve-g-spot-vibrator\/#breadcrumb","itemListElement":[{"@type":"ListItem","position":1,"name":"Kezd\u0151lap","item":"https:\/\/libwomenstore.com\/en\/"},{"@type":"ListItem","position":2,"name":"Shop Home Page &#8211; Product categories","item":"https:\/\/libwomenstore.com\/shop-kezdolap-termek-kategoriak\/?lang=en"},{"@type":"ListItem","position":3,"name":"MV HEALTH Crescendo 2"}]},{"@type":"WebSite","@id":"https:\/\/libwomenstore.com\/en\/#website","url":"https:\/\/libwomenstore.com\/en\/","name":"Lib Women Store","description":"Magyarorsz\u00e1g els\u0151 n\u0151kre f\u00f3kusz\u00e1l\u00f3 szexshopja, ahol az eg\u00e9szs\u00e9g ugyanolyan fontos, mint az \u00e9lvezetek.","publisher":{"@id":"https:\/\/libwomenstore.com\/en\/#organization"},"alternateName":"Lib","potentialAction":[{"@type":"SearchAction","target":{"@type":"EntryPoint","urlTemplate":"https:\/\/libwomenstore.com\/en\/?s={search_term_string}"},"query-input":{"@type":"PropertyValueSpecification","valueRequired":true,"valueName":"search_term_string"}}],"inLanguage":"en-US"},{"@type":"Organization","@id":"https:\/\/libwomenstore.com\/en\/#organization","name":"Lib Women Store","url":"https:\/\/libwomenstore.com\/en\/","logo":{"@type":"ImageObject","inLanguage":"en-US","@id":"https:\/\/libwomenstore.com\/en\/#\/schema\/logo\/image\/","url":"https:\/\/libwomenstore.com\/wp-content\/uploads\/2024\/05\/cropped-LIB-logo-A.png","contentUrl":"https:\/\/libwomenstore.com\/wp-content\/uploads\/2024\/05\/cropped-LIB-logo-A.png","width":512,"height":512,"caption":"Lib Women Store"},"image":{"@id":"https:\/\/libwomenstore.com\/en\/#\/schema\/logo\/image\/"},"sameAs":["https:\/\/www.facebook.com\/libwomenstore"]}]},"product_price_amount":"140000","product_price_currency":"HUF","og_availability":"backorder","product_availability":"available for order","product_retailer_item_id":"LIB-MY002","product_condition":"new"},"_links":{"self":[{"href":"https:\/\/libwomenstore.com\/en\/wp-json\/wp\/v2\/product\/28517","targetHints":{"allow":["GET"]}}],"collection":[{"href":"https:\/\/libwomenstore.com\/en\/wp-json\/wp\/v2\/product"}],"about":[{"href":"https:\/\/libwomenstore.com\/en\/wp-json\/wp\/v2\/types\/product"}],"replies":[{"embeddable":true,"href":"https:\/\/libwomenstore.com\/en\/wp-json\/wp\/v2\/comments?post=28517"}],"wp:featuredmedia":[{"embeddable":true,"href":"https:\/\/libwomenstore.com\/en\/wp-json\/wp\/v2\/media\/33401"}],"wp:attachment":[{"href":"https:\/\/libwomenstore.com\/en\/wp-json\/wp\/v2\/media?parent=28517"}],"wp:term":[{"taxonomy":"product_brand","embeddable":true,"href":"https:\/\/libwomenstore.com\/en\/wp-json\/wp\/v2\/product_brand?post=28517"},{"taxonomy":"product_cat","embeddable":true,"href":"https:\/\/libwomenstore.com\/en\/wp-json\/wp\/v2\/product_cat?post=28517"},{"taxonomy":"product_tag","embeddable":true,"href":"https:\/\/libwomenstore.com\/en\/wp-json\/wp\/v2\/product_tag?post=28517"}],"curies":[{"name":"wp","href":"https:\/\/api.w.org\/{rel}","templated":true}]}}