{"id":28576,"date":"2024-04-16T12:04:00","date_gmt":"2024-04-16T10:04:00","guid":{"rendered":"https:\/\/uj.libwomenstore.com\/?post_type=product&#038;p=28576"},"modified":"2025-01-07T18:54:35","modified_gmt":"2025-01-07T17:54:35","slug":"love-to-love-please-me-couple-play-2-in-1-g-spot-vibrator-maturbator","status":"publish","type":"product","link":"https:\/\/libwomenstore.com\/en\/product\/couple\/love-to-love-please-me-couple-play-2-in-1-g-spot-vibrator-maturbator\/","title":{"rendered":"LOVE TO LOVE Please Me"},"content":{"rendered":"<div id=\"shopify-section-template--18539873173772__main\" class=\"shopify-section page-product\">\n<div class=\"product-wrap clearfix\">\n<form id=\"product-form-template--18539873173772__main\" class=\"product\" accept-charset=\"UTF-8\" action=\"https:\/\/libwomenstore.com\/en\/cart\/add\" enctype=\"multipart\/form-data\" method=\"post\" data-product-form=\"\">\n<div class=\"product__grid-top\">\n<div class=\"product__description rte product__block--border\">\n<p style=\"text-align: center;\"><span style=\"font-weight: 400;\">The three high-performance, independently controllable motors provide targeted and pleasant vibrations for both partners. The ultra-soft, phthalate-free silicone and the textured areas take the experience to a new level.<\/span><\/p>\n<p style=\"text-align: center;\"><b>Tip:<\/b><\/p>\n<p style=\"text-align: center;\"><span style=\"font-weight: 400;\">You can use Please Me from foreplay, to stimulate the nipples, all the way to orgasm, this toy is only limited by your imagination!<\/span><\/p>\n<p style=\"text-align: center;\"><b>Features:<\/b><span style=\"font-weight: 400;\">\u00a0<\/span><\/p>\n<p style=\"text-align: center;\"><span style=\"font-weight: 400;\">Material: 100% silicone, phthalate and latex free. The 3 powerful motors have 16 vibration modes.<\/span><\/p>\n<p style=\"text-align: center;\"><span style=\"font-weight: 400;\">Weight: 163g<\/span><\/p>\n<p style=\"text-align: center;\"><span style=\"font-weight: 400;\">Dimensions: 21.3 x 7.8 cm<\/span><span style=\"font-weight: 400;\">\u00a0<\/span><\/p>\n<p style=\"text-align: center;\"><span style=\"font-weight: 400;\">USB rechargeable.<\/span><\/p>\n<p style=\"text-align: center;\"><span style=\"font-weight: 400;\">Water resistant<\/span><\/p>\n<p style=\"text-align: center;\"><b>Use &amp; Cleaning<\/b><\/p>\n<p style=\"text-align: center;\"><span style=\"font-weight: 400;\">The product can be disinfected with lukewarm soapy water or cleaning agents developed for this purpose.<\/span><\/p>\n<p style=\"text-align: center;\"><span style=\"font-weight: 400;\">Use only water-based lubricants, as the other types can weaken the silicone, thereby significantly shortening the life of the device. Not recommended for pregnant women.<\/span><\/p>\n<\/div>\n<\/div>\n<\/form>\n<\/div>\n<\/div>\n<div id=\"shopify-section-template--18539873173772__product-recommendations\" class=\"shopify-section static-product-recommendations\"><\/div>\n<p style=\"text-align: center;\">\n","protected":false},"excerpt":{"rendered":"<p style=\"text-align: left;\"><span style=\"font-weight: 400;\">Discover a whole new form of entertainment with Please Me.\u00a0<\/span><span style=\"font-weight: 400;\">This toy offers 3 different play modes: the ring on the top can be used as a masturbator, while the handle works as a powerful vibrator. Once the ring is placed around the penis, it becomes the perfect accessory for double penetration.<\/span><\/p>\n","protected":false},"featured_media":26707,"comment_status":"open","ping_status":"closed","template":"","meta":{"_et_pb_use_builder":"","_et_pb_old_content":"","_et_gb_content_width":""},"product_brand":[],"product_cat":[355,342,318],"product_tag":[495,397],"class_list":{"0":"post-28576","1":"product","2":"type-product","3":"status-publish","4":"has-post-thumbnail","6":"product_cat-couple","7":"product_cat-g-spot","8":"product_cat-vibrators","9":"product_tag-couples","10":"product_tag-love-to-love-en","12":"first","13":"outofstock","14":"taxable","15":"shipping-taxable","16":"purchasable","17":"product-type-simple"},"yoast_head":"<!-- This site is optimized with the Yoast SEO Premium plugin v27.4 (Yoast SEO v27.4) - https:\/\/yoast.com\/product\/yoast-seo-premium-wordpress\/ -->\n<title>LOVE TO LOVE Please Me - Lib Women&#039;s Store<\/title>\n<meta name=\"description\" content=\"Looking for the perfect couple vibrator? Here it is! Please me has a g-spot end for her and a masturbator end for him, perfect toy for both of you\" \/>\n<meta name=\"robots\" content=\"index, follow, max-snippet:-1, max-image-preview:large, max-video-preview:-1\" \/>\n<link rel=\"canonical\" href=\"https:\/\/libwomenstore.com\/en\/product\/couple\/love-to-love-please-me-couple-play-2-in-1-g-spot-vibrator-maturbator\/\" \/>\n<meta property=\"og:locale\" content=\"en_US\" \/>\n<meta property=\"og:type\" content=\"article\" \/>\n<meta property=\"og:title\" content=\"LOVE TO LOVE Please Me\" \/>\n<meta property=\"og:description\" content=\"Looking for the perfect couple vibrator? Here it is! Please me has a g-spot end for her and a masturbator end for him, perfect toy for both of you\" \/>\n<meta property=\"og:url\" content=\"https:\/\/libwomenstore.com\/en\/product\/couple\/love-to-love-please-me-couple-play-2-in-1-g-spot-vibrator-maturbator\/\" \/>\n<meta property=\"og:site_name\" content=\"Lib Women&#039;s Store\" \/>\n<meta property=\"article:publisher\" content=\"https:\/\/www.facebook.com\/libwomenstore\" \/>\n<meta property=\"article:modified_time\" content=\"2025-01-07T17:54:35+00:00\" \/>\n<meta property=\"og:image\" content=\"https:\/\/libwomenstore.com\/wp-content\/uploads\/2024\/04\/pleaseme.jpg\" \/>\n\t<meta property=\"og:image:width\" content=\"600\" \/>\n\t<meta property=\"og:image:height\" content=\"600\" \/>\n\t<meta property=\"og:image:type\" content=\"image\/jpeg\" \/>\n<meta name=\"twitter:card\" content=\"summary_large_image\" \/>\n<meta name=\"twitter:label1\" content=\"Price\" \/>\n\t<meta name=\"twitter:data1\" content=\"35.000&#070;&#116;\" \/>\n\t<meta name=\"twitter:label2\" content=\"Availability\" \/>\n\t<meta name=\"twitter:data2\" content=\"Out of stock\" \/>\n<script type=\"application\/ld+json\" class=\"yoast-schema-graph\">{\"@context\":\"https:\\\/\\\/schema.org\",\"@graph\":[{\"@type\":[\"WebPage\",\"ItemPage\"],\"@id\":\"https:\\\/\\\/libwomenstore.com\\\/en\\\/product\\\/couple\\\/love-to-love-please-me-couple-play-2-in-1-g-spot-vibrator-maturbator\\\/\",\"url\":\"https:\\\/\\\/libwomenstore.com\\\/en\\\/product\\\/couple\\\/love-to-love-please-me-couple-play-2-in-1-g-spot-vibrator-maturbator\\\/\",\"name\":\"LOVE TO LOVE Please Me - Lib Women&#039;s Store\",\"isPartOf\":{\"@id\":\"https:\\\/\\\/libwomenstore.com\\\/en\\\/#website\"},\"primaryImageOfPage\":{\"@id\":\"https:\\\/\\\/libwomenstore.com\\\/en\\\/product\\\/couple\\\/love-to-love-please-me-couple-play-2-in-1-g-spot-vibrator-maturbator\\\/#primaryimage\"},\"image\":{\"@id\":\"https:\\\/\\\/libwomenstore.com\\\/en\\\/product\\\/couple\\\/love-to-love-please-me-couple-play-2-in-1-g-spot-vibrator-maturbator\\\/#primaryimage\"},\"thumbnailUrl\":\"https:\\\/\\\/libwomenstore.com\\\/wp-content\\\/uploads\\\/2024\\\/04\\\/pleaseme.jpg\",\"datePublished\":\"2024-04-16T10:04:00+00:00\",\"dateModified\":\"2025-01-07T17:54:35+00:00\",\"description\":\"Looking for the perfect couple vibrator? Here it is! Please me has a g-spot end for her and a masturbator end for him, perfect toy for both of you\",\"breadcrumb\":{\"@id\":\"https:\\\/\\\/libwomenstore.com\\\/en\\\/product\\\/couple\\\/love-to-love-please-me-couple-play-2-in-1-g-spot-vibrator-maturbator\\\/#breadcrumb\"},\"inLanguage\":\"en-US\",\"potentialAction\":[{\"@type\":\"ReadAction\",\"target\":[\"https:\\\/\\\/libwomenstore.com\\\/en\\\/product\\\/couple\\\/love-to-love-please-me-couple-play-2-in-1-g-spot-vibrator-maturbator\\\/\"]}]},{\"@type\":\"ImageObject\",\"inLanguage\":\"en-US\",\"@id\":\"https:\\\/\\\/libwomenstore.com\\\/en\\\/product\\\/couple\\\/love-to-love-please-me-couple-play-2-in-1-g-spot-vibrator-maturbator\\\/#primaryimage\",\"url\":\"https:\\\/\\\/libwomenstore.com\\\/wp-content\\\/uploads\\\/2024\\\/04\\\/pleaseme.jpg\",\"contentUrl\":\"https:\\\/\\\/libwomenstore.com\\\/wp-content\\\/uploads\\\/2024\\\/04\\\/pleaseme.jpg\",\"width\":600,\"height\":600,\"caption\":\"Love to love Please Me p\u00e1ros szexj\u00e1t\u00e9k v\u00edz\u00e1ll\u00f3\"},{\"@type\":\"BreadcrumbList\",\"@id\":\"https:\\\/\\\/libwomenstore.com\\\/en\\\/product\\\/couple\\\/love-to-love-please-me-couple-play-2-in-1-g-spot-vibrator-maturbator\\\/#breadcrumb\",\"itemListElement\":[{\"@type\":\"ListItem\",\"position\":1,\"name\":\"Kezd\u0151lap\",\"item\":\"https:\\\/\\\/libwomenstore.com\\\/en\\\/\"},{\"@type\":\"ListItem\",\"position\":2,\"name\":\"Shop Home Page &#8211; Product categories\",\"item\":\"https:\\\/\\\/libwomenstore.com\\\/shop-kezdolap-termek-kategoriak\\\/?lang=en\"},{\"@type\":\"ListItem\",\"position\":3,\"name\":\"LOVE TO LOVE Please Me\"}]},{\"@type\":\"WebSite\",\"@id\":\"https:\\\/\\\/libwomenstore.com\\\/en\\\/#website\",\"url\":\"https:\\\/\\\/libwomenstore.com\\\/en\\\/\",\"name\":\"Lib Women Store\",\"description\":\"Magyarorsz\u00e1g els\u0151 n\u0151kre f\u00f3kusz\u00e1l\u00f3 szexshopja, ahol az eg\u00e9szs\u00e9g ugyanolyan fontos, mint az \u00e9lvezetek.\",\"publisher\":{\"@id\":\"https:\\\/\\\/libwomenstore.com\\\/en\\\/#organization\"},\"alternateName\":\"Lib\",\"potentialAction\":[{\"@type\":\"SearchAction\",\"target\":{\"@type\":\"EntryPoint\",\"urlTemplate\":\"https:\\\/\\\/libwomenstore.com\\\/en\\\/?s={search_term_string}\"},\"query-input\":{\"@type\":\"PropertyValueSpecification\",\"valueRequired\":true,\"valueName\":\"search_term_string\"}}],\"inLanguage\":\"en-US\"},{\"@type\":\"Organization\",\"@id\":\"https:\\\/\\\/libwomenstore.com\\\/en\\\/#organization\",\"name\":\"Lib Women Store\",\"url\":\"https:\\\/\\\/libwomenstore.com\\\/en\\\/\",\"logo\":{\"@type\":\"ImageObject\",\"inLanguage\":\"en-US\",\"@id\":\"https:\\\/\\\/libwomenstore.com\\\/en\\\/#\\\/schema\\\/logo\\\/image\\\/\",\"url\":\"https:\\\/\\\/libwomenstore.com\\\/wp-content\\\/uploads\\\/2024\\\/05\\\/cropped-LIB-logo-A.png\",\"contentUrl\":\"https:\\\/\\\/libwomenstore.com\\\/wp-content\\\/uploads\\\/2024\\\/05\\\/cropped-LIB-logo-A.png\",\"width\":512,\"height\":512,\"caption\":\"Lib Women Store\"},\"image\":{\"@id\":\"https:\\\/\\\/libwomenstore.com\\\/en\\\/#\\\/schema\\\/logo\\\/image\\\/\"},\"sameAs\":[\"https:\\\/\\\/www.facebook.com\\\/libwomenstore\"]}]}<\/script>\n<meta property=\"product:price:amount\" content=\"35000\" \/>\n<meta property=\"product:price:currency\" content=\"HUF\" \/>\n<meta property=\"og:availability\" content=\"out of stock\" \/>\n<meta property=\"product:availability\" content=\"out of stock\" \/>\n<meta property=\"product:retailer_item_id\" content=\"LIB-LTL011\" \/>\n<meta property=\"product:condition\" content=\"new\" \/>\n<!-- \/ Yoast SEO Premium plugin. -->","yoast_head_json":{"title":"LOVE TO LOVE Please Me - Lib Women&#039;s Store","description":"Looking for the perfect couple vibrator? Here it is! Please me has a g-spot end for her and a masturbator end for him, perfect toy for both of you","robots":{"index":"index","follow":"follow","max-snippet":"max-snippet:-1","max-image-preview":"max-image-preview:large","max-video-preview":"max-video-preview:-1"},"canonical":"https:\/\/libwomenstore.com\/en\/product\/couple\/love-to-love-please-me-couple-play-2-in-1-g-spot-vibrator-maturbator\/","og_locale":"en_US","og_type":"article","og_title":"LOVE TO LOVE Please Me","og_description":"Looking for the perfect couple vibrator? Here it is! Please me has a g-spot end for her and a masturbator end for him, perfect toy for both of you","og_url":"https:\/\/libwomenstore.com\/en\/product\/couple\/love-to-love-please-me-couple-play-2-in-1-g-spot-vibrator-maturbator\/","og_site_name":"Lib Women&#039;s Store","article_publisher":"https:\/\/www.facebook.com\/libwomenstore","article_modified_time":"2025-01-07T17:54:35+00:00","og_image":[{"width":600,"height":600,"url":"https:\/\/libwomenstore.com\/wp-content\/uploads\/2024\/04\/pleaseme.jpg","type":"image\/jpeg"}],"twitter_card":"summary_large_image","twitter_misc":{"Price":"35.000&#70;&#116;","Availability":"Out of stock"},"schema":{"@context":"https:\/\/schema.org","@graph":[{"@type":["WebPage","ItemPage"],"@id":"https:\/\/libwomenstore.com\/en\/product\/couple\/love-to-love-please-me-couple-play-2-in-1-g-spot-vibrator-maturbator\/","url":"https:\/\/libwomenstore.com\/en\/product\/couple\/love-to-love-please-me-couple-play-2-in-1-g-spot-vibrator-maturbator\/","name":"LOVE TO LOVE Please Me - Lib Women&#039;s Store","isPartOf":{"@id":"https:\/\/libwomenstore.com\/en\/#website"},"primaryImageOfPage":{"@id":"https:\/\/libwomenstore.com\/en\/product\/couple\/love-to-love-please-me-couple-play-2-in-1-g-spot-vibrator-maturbator\/#primaryimage"},"image":{"@id":"https:\/\/libwomenstore.com\/en\/product\/couple\/love-to-love-please-me-couple-play-2-in-1-g-spot-vibrator-maturbator\/#primaryimage"},"thumbnailUrl":"https:\/\/libwomenstore.com\/wp-content\/uploads\/2024\/04\/pleaseme.jpg","datePublished":"2024-04-16T10:04:00+00:00","dateModified":"2025-01-07T17:54:35+00:00","description":"Looking for the perfect couple vibrator? Here it is! Please me has a g-spot end for her and a masturbator end for him, perfect toy for both of you","breadcrumb":{"@id":"https:\/\/libwomenstore.com\/en\/product\/couple\/love-to-love-please-me-couple-play-2-in-1-g-spot-vibrator-maturbator\/#breadcrumb"},"inLanguage":"en-US","potentialAction":[{"@type":"ReadAction","target":["https:\/\/libwomenstore.com\/en\/product\/couple\/love-to-love-please-me-couple-play-2-in-1-g-spot-vibrator-maturbator\/"]}]},{"@type":"ImageObject","inLanguage":"en-US","@id":"https:\/\/libwomenstore.com\/en\/product\/couple\/love-to-love-please-me-couple-play-2-in-1-g-spot-vibrator-maturbator\/#primaryimage","url":"https:\/\/libwomenstore.com\/wp-content\/uploads\/2024\/04\/pleaseme.jpg","contentUrl":"https:\/\/libwomenstore.com\/wp-content\/uploads\/2024\/04\/pleaseme.jpg","width":600,"height":600,"caption":"Love to love Please Me p\u00e1ros szexj\u00e1t\u00e9k v\u00edz\u00e1ll\u00f3"},{"@type":"BreadcrumbList","@id":"https:\/\/libwomenstore.com\/en\/product\/couple\/love-to-love-please-me-couple-play-2-in-1-g-spot-vibrator-maturbator\/#breadcrumb","itemListElement":[{"@type":"ListItem","position":1,"name":"Kezd\u0151lap","item":"https:\/\/libwomenstore.com\/en\/"},{"@type":"ListItem","position":2,"name":"Shop Home Page &#8211; Product categories","item":"https:\/\/libwomenstore.com\/shop-kezdolap-termek-kategoriak\/?lang=en"},{"@type":"ListItem","position":3,"name":"LOVE TO LOVE Please Me"}]},{"@type":"WebSite","@id":"https:\/\/libwomenstore.com\/en\/#website","url":"https:\/\/libwomenstore.com\/en\/","name":"Lib Women Store","description":"Magyarorsz\u00e1g els\u0151 n\u0151kre f\u00f3kusz\u00e1l\u00f3 szexshopja, ahol az eg\u00e9szs\u00e9g ugyanolyan fontos, mint az \u00e9lvezetek.","publisher":{"@id":"https:\/\/libwomenstore.com\/en\/#organization"},"alternateName":"Lib","potentialAction":[{"@type":"SearchAction","target":{"@type":"EntryPoint","urlTemplate":"https:\/\/libwomenstore.com\/en\/?s={search_term_string}"},"query-input":{"@type":"PropertyValueSpecification","valueRequired":true,"valueName":"search_term_string"}}],"inLanguage":"en-US"},{"@type":"Organization","@id":"https:\/\/libwomenstore.com\/en\/#organization","name":"Lib Women Store","url":"https:\/\/libwomenstore.com\/en\/","logo":{"@type":"ImageObject","inLanguage":"en-US","@id":"https:\/\/libwomenstore.com\/en\/#\/schema\/logo\/image\/","url":"https:\/\/libwomenstore.com\/wp-content\/uploads\/2024\/05\/cropped-LIB-logo-A.png","contentUrl":"https:\/\/libwomenstore.com\/wp-content\/uploads\/2024\/05\/cropped-LIB-logo-A.png","width":512,"height":512,"caption":"Lib Women Store"},"image":{"@id":"https:\/\/libwomenstore.com\/en\/#\/schema\/logo\/image\/"},"sameAs":["https:\/\/www.facebook.com\/libwomenstore"]}]},"product_price_amount":"35000","product_price_currency":"HUF","og_availability":"out of stock","product_availability":"out of stock","product_retailer_item_id":"LIB-LTL011","product_condition":"new"},"_links":{"self":[{"href":"https:\/\/libwomenstore.com\/en\/wp-json\/wp\/v2\/product\/28576","targetHints":{"allow":["GET"]}}],"collection":[{"href":"https:\/\/libwomenstore.com\/en\/wp-json\/wp\/v2\/product"}],"about":[{"href":"https:\/\/libwomenstore.com\/en\/wp-json\/wp\/v2\/types\/product"}],"replies":[{"embeddable":true,"href":"https:\/\/libwomenstore.com\/en\/wp-json\/wp\/v2\/comments?post=28576"}],"wp:featuredmedia":[{"embeddable":true,"href":"https:\/\/libwomenstore.com\/en\/wp-json\/wp\/v2\/media\/26707"}],"wp:attachment":[{"href":"https:\/\/libwomenstore.com\/en\/wp-json\/wp\/v2\/media?parent=28576"}],"wp:term":[{"taxonomy":"product_brand","embeddable":true,"href":"https:\/\/libwomenstore.com\/en\/wp-json\/wp\/v2\/product_brand?post=28576"},{"taxonomy":"product_cat","embeddable":true,"href":"https:\/\/libwomenstore.com\/en\/wp-json\/wp\/v2\/product_cat?post=28576"},{"taxonomy":"product_tag","embeddable":true,"href":"https:\/\/libwomenstore.com\/en\/wp-json\/wp\/v2\/product_tag?post=28576"}],"curies":[{"name":"wp","href":"https:\/\/api.w.org\/{rel}","templated":true}]}}