{"id":28578,"date":"2024-04-16T12:03:58","date_gmt":"2024-04-16T10:03:58","guid":{"rendered":"https:\/\/uj.libwomenstore.com\/?post_type=product&#038;p=28578"},"modified":"2025-06-24T17:38:43","modified_gmt":"2025-06-24T15:38:43","slug":"love-to-love-open-roses-s-butt-plug","status":"publish","type":"product","link":"https:\/\/libwomenstore.com\/en\/product\/anal-toys\/love-to-love-open-roses-s-butt-plug\/","title":{"rendered":"LOVE TO LOVE Open Roses Anal Plug"},"content":{"rendered":"<p style=\"text-align: center;\"><span style=\"font-weight: 400;\">Thanks to its design, it is easy to insert and among the three available sizes, everyone can find the right one for them, whether they are a beginner or an advanced user.<\/span><\/p>\n<p style=\"text-align: center;\"><b>Tip<\/b><\/p>\n<p style=\"text-align: center;\"><span style=\"font-weight: 400;\">Use it as a couple or alone, this anal plug is not only comfortable but also aesthetic! <\/span><\/p>\n<p style=\"text-align: center;\"><b> <\/b><\/p>\n<p style=\"text-align: center;\"><b>Features<\/b><\/p>\n<p style=\"text-align: center;\"><span style=\"font-weight: 400;\">100% skin-friendly silicone, phthalate-free, soft and flexible material. <\/span><\/p>\n<p style=\"text-align: center;\"><span style=\"font-weight: 400;\"><strong>S size:<\/strong> The insertion length is 8 cm. The maximum diameter is 3 cm. <\/span><\/p>\n<p style=\"text-align: center;\"><strong>M size:<\/strong> The insertion length is 8.5 cm. The maximum diameter is 3.4 cm. <\/p>\n<p style=\"text-align: center;\"><strong>L size:<\/strong> The insertion length is 9 cm. The maximum diameter is 3.7 cm. <\/p>\n<p style=\"text-align: center;\"><span style=\"font-weight: 400;\">Completely waterproof toy.<\/span><\/p>\n<p style=\"text-align: center;\"><b>Usage &amp; Cleaning<\/b><\/p>\n<p style=\"text-align: center;\"><span style=\"font-weight: 400;\">It is recommended to use with water-based lubricant to avoid damaging the material of the product. It is recommended to use a large amount of lubricant with all anal play. Clean with antibacterial cleanser before and after each use. Do not use alcohol, acetone, or petroleum-based cleansers. Keep away from dust, heat, light, and other products and store separately. Do not use if the area is swollen or the skin is broken. This product is not recommended for pregnant women. Stop using the product if you feel pain or discomfort.       <\/span><\/p>\n","protected":false},"excerpt":{"rendered":"<p style=\"text-align: left;\"><span style=\"font-weight: 400;\">Anal plug that ends in an aesthetic rose. Thanks to its ergonomic design, it is easy to insert and provides an intense experience. <\/span><\/p>\n","protected":false},"featured_media":26704,"comment_status":"open","ping_status":"closed","template":"","meta":{"_et_pb_use_builder":"","_et_pb_old_content":"","_et_gb_content_width":""},"product_brand":[],"product_cat":[325],"product_tag":[397],"class_list":{"0":"post-28578","1":"product","2":"type-product","3":"status-publish","4":"has-post-thumbnail","6":"product_cat-anal-toys","7":"product_tag-love-to-love-en","9":"first","10":"instock","11":"taxable","12":"shipping-taxable","13":"purchasable","14":"product-type-variable"},"yoast_head":"<!-- This site is optimized with the Yoast SEO Premium plugin v27.4 (Yoast SEO v27.4) - https:\/\/yoast.com\/product\/yoast-seo-premium-wordpress\/ -->\n<title>LOVE TO LOVE Open Roses Anal Plug - Lib Women&#039;s Store<\/title>\n<meta name=\"description\" content=\"An easy-to-insert butt plug made of silky silicone that ends in a beautiful rose. Take it home and let it heat up the atmosphere\" \/>\n<meta name=\"robots\" content=\"index, follow, max-snippet:-1, max-image-preview:large, max-video-preview:-1\" \/>\n<link rel=\"canonical\" href=\"https:\/\/libwomenstore.com\/en\/product\/anal-toys\/love-to-love-open-roses-s-butt-plug\/\" \/>\n<meta property=\"og:locale\" content=\"en_US\" \/>\n<meta property=\"og:type\" content=\"article\" \/>\n<meta property=\"og:title\" content=\"LOVE TO LOVE Open Roses Anal Plug\" \/>\n<meta property=\"og:description\" content=\"An easy-to-insert butt plug made of silky silicone that ends in a beautiful rose. Take it home and let it heat up the atmosphere\" \/>\n<meta property=\"og:url\" content=\"https:\/\/libwomenstore.com\/en\/product\/anal-toys\/love-to-love-open-roses-s-butt-plug\/\" \/>\n<meta property=\"og:site_name\" content=\"Lib Women&#039;s Store\" \/>\n<meta property=\"article:publisher\" content=\"https:\/\/www.facebook.com\/libwomenstore\" \/>\n<meta property=\"article:modified_time\" content=\"2025-06-24T15:38:43+00:00\" \/>\n<meta property=\"og:image\" content=\"https:\/\/libwomenstore.com\/wp-content\/uploads\/2024\/04\/Love_to_Love_Open_Roses_S.jpg\" \/>\n\t<meta property=\"og:image:width\" content=\"1200\" \/>\n\t<meta property=\"og:image:height\" content=\"1200\" \/>\n\t<meta property=\"og:image:type\" content=\"image\/jpeg\" \/>\n<meta name=\"twitter:card\" content=\"summary_large_image\" \/>\n<meta name=\"twitter:label1\" content=\"Availability\" \/>\n\t<meta name=\"twitter:data1\" content=\"In stock\" \/>\n<script type=\"application\/ld+json\" class=\"yoast-schema-graph\">{\"@context\":\"https:\\\/\\\/schema.org\",\"@graph\":[{\"@type\":[\"WebPage\",\"ItemPage\"],\"@id\":\"https:\\\/\\\/libwomenstore.com\\\/en\\\/product\\\/anal-toys\\\/love-to-love-open-roses-s-butt-plug\\\/\",\"url\":\"https:\\\/\\\/libwomenstore.com\\\/en\\\/product\\\/anal-toys\\\/love-to-love-open-roses-s-butt-plug\\\/\",\"name\":\"LOVE TO LOVE Open Roses Anal Plug - Lib Women&#039;s Store\",\"isPartOf\":{\"@id\":\"https:\\\/\\\/libwomenstore.com\\\/en\\\/#website\"},\"primaryImageOfPage\":{\"@id\":\"https:\\\/\\\/libwomenstore.com\\\/en\\\/product\\\/anal-toys\\\/love-to-love-open-roses-s-butt-plug\\\/#primaryimage\"},\"image\":{\"@id\":\"https:\\\/\\\/libwomenstore.com\\\/en\\\/product\\\/anal-toys\\\/love-to-love-open-roses-s-butt-plug\\\/#primaryimage\"},\"thumbnailUrl\":\"https:\\\/\\\/libwomenstore.com\\\/wp-content\\\/uploads\\\/2024\\\/04\\\/Love_to_Love_Open_Roses_S.jpg\",\"datePublished\":\"2024-04-16T10:03:58+00:00\",\"dateModified\":\"2025-06-24T15:38:43+00:00\",\"description\":\"An easy-to-insert butt plug made of silky silicone that ends in a beautiful rose. Take it home and let it heat up the atmosphere\",\"breadcrumb\":{\"@id\":\"https:\\\/\\\/libwomenstore.com\\\/en\\\/product\\\/anal-toys\\\/love-to-love-open-roses-s-butt-plug\\\/#breadcrumb\"},\"inLanguage\":\"en-US\",\"potentialAction\":[{\"@type\":\"ReadAction\",\"target\":[\"https:\\\/\\\/libwomenstore.com\\\/en\\\/product\\\/anal-toys\\\/love-to-love-open-roses-s-butt-plug\\\/\"]}]},{\"@type\":\"ImageObject\",\"inLanguage\":\"en-US\",\"@id\":\"https:\\\/\\\/libwomenstore.com\\\/en\\\/product\\\/anal-toys\\\/love-to-love-open-roses-s-butt-plug\\\/#primaryimage\",\"url\":\"https:\\\/\\\/libwomenstore.com\\\/wp-content\\\/uploads\\\/2024\\\/04\\\/Love_to_Love_Open_Roses_S.jpg\",\"contentUrl\":\"https:\\\/\\\/libwomenstore.com\\\/wp-content\\\/uploads\\\/2024\\\/04\\\/Love_to_Love_Open_Roses_S.jpg\",\"width\":1200,\"height\":1200,\"caption\":\"Love to love Open Roses S an\u00e1l k\u00fap szilikon\"},{\"@type\":\"BreadcrumbList\",\"@id\":\"https:\\\/\\\/libwomenstore.com\\\/en\\\/product\\\/anal-toys\\\/love-to-love-open-roses-s-butt-plug\\\/#breadcrumb\",\"itemListElement\":[{\"@type\":\"ListItem\",\"position\":1,\"name\":\"Kezd\u0151lap\",\"item\":\"https:\\\/\\\/libwomenstore.com\\\/en\\\/\"},{\"@type\":\"ListItem\",\"position\":2,\"name\":\"Shop Home Page &#8211; Product categories\",\"item\":\"https:\\\/\\\/libwomenstore.com\\\/shop-kezdolap-termek-kategoriak\\\/?lang=en\"},{\"@type\":\"ListItem\",\"position\":3,\"name\":\"LOVE TO LOVE Open Roses Anal Plug\"}]},{\"@type\":\"WebSite\",\"@id\":\"https:\\\/\\\/libwomenstore.com\\\/en\\\/#website\",\"url\":\"https:\\\/\\\/libwomenstore.com\\\/en\\\/\",\"name\":\"Lib Women Store\",\"description\":\"Magyarorsz\u00e1g els\u0151 n\u0151kre f\u00f3kusz\u00e1l\u00f3 szexshopja, ahol az eg\u00e9szs\u00e9g ugyanolyan fontos, mint az \u00e9lvezetek.\",\"publisher\":{\"@id\":\"https:\\\/\\\/libwomenstore.com\\\/en\\\/#organization\"},\"alternateName\":\"Lib\",\"potentialAction\":[{\"@type\":\"SearchAction\",\"target\":{\"@type\":\"EntryPoint\",\"urlTemplate\":\"https:\\\/\\\/libwomenstore.com\\\/en\\\/?s={search_term_string}\"},\"query-input\":{\"@type\":\"PropertyValueSpecification\",\"valueRequired\":true,\"valueName\":\"search_term_string\"}}],\"inLanguage\":\"en-US\"},{\"@type\":\"Organization\",\"@id\":\"https:\\\/\\\/libwomenstore.com\\\/en\\\/#organization\",\"name\":\"Lib Women Store\",\"url\":\"https:\\\/\\\/libwomenstore.com\\\/en\\\/\",\"logo\":{\"@type\":\"ImageObject\",\"inLanguage\":\"en-US\",\"@id\":\"https:\\\/\\\/libwomenstore.com\\\/en\\\/#\\\/schema\\\/logo\\\/image\\\/\",\"url\":\"https:\\\/\\\/libwomenstore.com\\\/wp-content\\\/uploads\\\/2024\\\/05\\\/cropped-LIB-logo-A.png\",\"contentUrl\":\"https:\\\/\\\/libwomenstore.com\\\/wp-content\\\/uploads\\\/2024\\\/05\\\/cropped-LIB-logo-A.png\",\"width\":512,\"height\":512,\"caption\":\"Lib Women Store\"},\"image\":{\"@id\":\"https:\\\/\\\/libwomenstore.com\\\/en\\\/#\\\/schema\\\/logo\\\/image\\\/\"},\"sameAs\":[\"https:\\\/\\\/www.facebook.com\\\/libwomenstore\"]}]}<\/script>\n<meta property=\"og:availability\" content=\"instock\" \/>\n<meta property=\"product:availability\" content=\"instock\" \/>\n<meta property=\"product:retailer_item_id\" content=\"LIB-LTL005.1\" \/>\n<meta property=\"product:condition\" content=\"new\" \/>\n<!-- \/ Yoast SEO Premium plugin. -->","yoast_head_json":{"title":"LOVE TO LOVE Open Roses Anal Plug - Lib Women&#039;s Store","description":"An easy-to-insert butt plug made of silky silicone that ends in a beautiful rose. Take it home and let it heat up the atmosphere","robots":{"index":"index","follow":"follow","max-snippet":"max-snippet:-1","max-image-preview":"max-image-preview:large","max-video-preview":"max-video-preview:-1"},"canonical":"https:\/\/libwomenstore.com\/en\/product\/anal-toys\/love-to-love-open-roses-s-butt-plug\/","og_locale":"en_US","og_type":"article","og_title":"LOVE TO LOVE Open Roses Anal Plug","og_description":"An easy-to-insert butt plug made of silky silicone that ends in a beautiful rose. Take it home and let it heat up the atmosphere","og_url":"https:\/\/libwomenstore.com\/en\/product\/anal-toys\/love-to-love-open-roses-s-butt-plug\/","og_site_name":"Lib Women&#039;s Store","article_publisher":"https:\/\/www.facebook.com\/libwomenstore","article_modified_time":"2025-06-24T15:38:43+00:00","og_image":[{"width":1200,"height":1200,"url":"https:\/\/libwomenstore.com\/wp-content\/uploads\/2024\/04\/Love_to_Love_Open_Roses_S.jpg","type":"image\/jpeg"}],"twitter_card":"summary_large_image","twitter_misc":{"Availability":"In stock"},"schema":{"@context":"https:\/\/schema.org","@graph":[{"@type":["WebPage","ItemPage"],"@id":"https:\/\/libwomenstore.com\/en\/product\/anal-toys\/love-to-love-open-roses-s-butt-plug\/","url":"https:\/\/libwomenstore.com\/en\/product\/anal-toys\/love-to-love-open-roses-s-butt-plug\/","name":"LOVE TO LOVE Open Roses Anal Plug - Lib Women&#039;s Store","isPartOf":{"@id":"https:\/\/libwomenstore.com\/en\/#website"},"primaryImageOfPage":{"@id":"https:\/\/libwomenstore.com\/en\/product\/anal-toys\/love-to-love-open-roses-s-butt-plug\/#primaryimage"},"image":{"@id":"https:\/\/libwomenstore.com\/en\/product\/anal-toys\/love-to-love-open-roses-s-butt-plug\/#primaryimage"},"thumbnailUrl":"https:\/\/libwomenstore.com\/wp-content\/uploads\/2024\/04\/Love_to_Love_Open_Roses_S.jpg","datePublished":"2024-04-16T10:03:58+00:00","dateModified":"2025-06-24T15:38:43+00:00","description":"An easy-to-insert butt plug made of silky silicone that ends in a beautiful rose. Take it home and let it heat up the atmosphere","breadcrumb":{"@id":"https:\/\/libwomenstore.com\/en\/product\/anal-toys\/love-to-love-open-roses-s-butt-plug\/#breadcrumb"},"inLanguage":"en-US","potentialAction":[{"@type":"ReadAction","target":["https:\/\/libwomenstore.com\/en\/product\/anal-toys\/love-to-love-open-roses-s-butt-plug\/"]}]},{"@type":"ImageObject","inLanguage":"en-US","@id":"https:\/\/libwomenstore.com\/en\/product\/anal-toys\/love-to-love-open-roses-s-butt-plug\/#primaryimage","url":"https:\/\/libwomenstore.com\/wp-content\/uploads\/2024\/04\/Love_to_Love_Open_Roses_S.jpg","contentUrl":"https:\/\/libwomenstore.com\/wp-content\/uploads\/2024\/04\/Love_to_Love_Open_Roses_S.jpg","width":1200,"height":1200,"caption":"Love to love Open Roses S an\u00e1l k\u00fap szilikon"},{"@type":"BreadcrumbList","@id":"https:\/\/libwomenstore.com\/en\/product\/anal-toys\/love-to-love-open-roses-s-butt-plug\/#breadcrumb","itemListElement":[{"@type":"ListItem","position":1,"name":"Kezd\u0151lap","item":"https:\/\/libwomenstore.com\/en\/"},{"@type":"ListItem","position":2,"name":"Shop Home Page &#8211; Product categories","item":"https:\/\/libwomenstore.com\/shop-kezdolap-termek-kategoriak\/?lang=en"},{"@type":"ListItem","position":3,"name":"LOVE TO LOVE Open Roses Anal Plug"}]},{"@type":"WebSite","@id":"https:\/\/libwomenstore.com\/en\/#website","url":"https:\/\/libwomenstore.com\/en\/","name":"Lib Women Store","description":"Magyarorsz\u00e1g els\u0151 n\u0151kre f\u00f3kusz\u00e1l\u00f3 szexshopja, ahol az eg\u00e9szs\u00e9g ugyanolyan fontos, mint az \u00e9lvezetek.","publisher":{"@id":"https:\/\/libwomenstore.com\/en\/#organization"},"alternateName":"Lib","potentialAction":[{"@type":"SearchAction","target":{"@type":"EntryPoint","urlTemplate":"https:\/\/libwomenstore.com\/en\/?s={search_term_string}"},"query-input":{"@type":"PropertyValueSpecification","valueRequired":true,"valueName":"search_term_string"}}],"inLanguage":"en-US"},{"@type":"Organization","@id":"https:\/\/libwomenstore.com\/en\/#organization","name":"Lib Women Store","url":"https:\/\/libwomenstore.com\/en\/","logo":{"@type":"ImageObject","inLanguage":"en-US","@id":"https:\/\/libwomenstore.com\/en\/#\/schema\/logo\/image\/","url":"https:\/\/libwomenstore.com\/wp-content\/uploads\/2024\/05\/cropped-LIB-logo-A.png","contentUrl":"https:\/\/libwomenstore.com\/wp-content\/uploads\/2024\/05\/cropped-LIB-logo-A.png","width":512,"height":512,"caption":"Lib Women Store"},"image":{"@id":"https:\/\/libwomenstore.com\/en\/#\/schema\/logo\/image\/"},"sameAs":["https:\/\/www.facebook.com\/libwomenstore"]}]},"og_availability":"instock","product_availability":"instock","product_retailer_item_id":"LIB-LTL005.1","product_condition":"new"},"_links":{"self":[{"href":"https:\/\/libwomenstore.com\/en\/wp-json\/wp\/v2\/product\/28578","targetHints":{"allow":["GET"]}}],"collection":[{"href":"https:\/\/libwomenstore.com\/en\/wp-json\/wp\/v2\/product"}],"about":[{"href":"https:\/\/libwomenstore.com\/en\/wp-json\/wp\/v2\/types\/product"}],"replies":[{"embeddable":true,"href":"https:\/\/libwomenstore.com\/en\/wp-json\/wp\/v2\/comments?post=28578"}],"wp:featuredmedia":[{"embeddable":true,"href":"https:\/\/libwomenstore.com\/en\/wp-json\/wp\/v2\/media\/26704"}],"wp:attachment":[{"href":"https:\/\/libwomenstore.com\/en\/wp-json\/wp\/v2\/media?parent=28578"}],"wp:term":[{"taxonomy":"product_brand","embeddable":true,"href":"https:\/\/libwomenstore.com\/en\/wp-json\/wp\/v2\/product_brand?post=28578"},{"taxonomy":"product_cat","embeddable":true,"href":"https:\/\/libwomenstore.com\/en\/wp-json\/wp\/v2\/product_cat?post=28578"},{"taxonomy":"product_tag","embeddable":true,"href":"https:\/\/libwomenstore.com\/en\/wp-json\/wp\/v2\/product_tag?post=28578"}],"curies":[{"name":"wp","href":"https:\/\/api.w.org\/{rel}","templated":true}]}}