{"id":28632,"date":"2024-04-16T12:03:21","date_gmt":"2024-04-16T10:03:21","guid":{"rendered":"https:\/\/uj.libwomenstore.com\/?post_type=product&#038;p=28632"},"modified":"2025-12-01T00:48:29","modified_gmt":"2025-11-30T23:48:29","slug":"le-wand-original-loop-attachment-masturbator","status":"publish","type":"product","link":"https:\/\/libwomenstore.com\/en\/product\/collabs\/lib-x-bliss-glass-toys-hand-crafted\/le-wand-original-loop-attachment-masturbator\/","title":{"rendered":"LE WAND Original Loop Attachment"},"content":{"rendered":"<p style=\"text-align: center;\"><b>Specialties<\/b><b>\u00a0<\/b><\/p>\n<p style=\"text-align: center;\"><span style=\"font-weight: 400;\">Use the Loop silicone attachment to turn the Le Wand Massager into the most powerful sex toy for mutual masturbation or solo penis play.<\/span><\/p>\n<p style=\"text-align: center;\"><span style=\"font-weight: 400;\">\u00a0<\/span><\/p>\n<p style=\"text-align: center;\"><span style=\"font-weight: 400;\">Voted one of the best sex toys for men in 2020 by GQ&#8217;s Zachary Zane, the Loop has a textured interior to provide orgasmic stimulation to the bridle (the brake that secures the foreskin below the glans) and penis.<\/span><\/p>\n<p style=\"text-align: center;\"><span style=\"font-weight: 400;\">\u00a0<\/span><\/p>\n<p style=\"text-align: center;\"><span style=\"font-weight: 400;\">Place the head of your penis inside the super soft Le Wand Loop interior and press down on the flexible arm for endless waves of pleasure. Move the wand back and forth to transform the Loop attachment into the perfect masturbator!<\/span><\/p>\n<p style=\"text-align: center;\"><b>Features:<\/b><span style=\"font-weight: 400;\">\u00a0<\/span><\/p>\n<p style=\"text-align: center;\"><span style=\"font-weight: 400;\">Materials:<\/span><\/p>\n<p style=\"text-align: center;\"><span style=\"font-weight: 400;\">\u00a0<\/span><\/p>\n<p style=\"text-align: center;\"><span style=\"font-weight: 400;\">100% body-safe silicone, non-porous and easy to clean.<\/span><\/p>\n<p style=\"text-align: center;\"><span style=\"font-weight: 400;\">\u00a0<\/span><\/p>\n<p style=\"text-align: center;\"><span style=\"font-weight: 400;\">Use with a water-based lubricant!<\/span><\/p>\n<p style=\"text-align: center;\"><b>Use &amp; Cleaning<\/b><\/p>\n<p style=\"text-align: center;\"><span style=\"font-weight: 400;\">The product can be disinfected with lukewarm soapy water or with cleaning agents developed for this purpose. Clean only with lint-free material.<\/span><\/p>\n<p style=\"text-align: center;\"><span style=\"font-weight: 400;\">Use only with water-based lubricants.<\/span><\/p>\n","protected":false},"excerpt":{"rendered":"<p>One of the exciting accessories of Le Wand OG, which allows you to experience the power of the wand internally.<\/p>\n","protected":false},"featured_media":26650,"comment_status":"open","ping_status":"closed","template":"","meta":{"_et_pb_use_builder":"","_et_pb_old_content":"","_et_gb_content_width":""},"product_brand":[],"product_cat":[513,554,351],"product_tag":[],"class_list":{"0":"post-28632","1":"product","2":"type-product","3":"status-publish","4":"has-post-thumbnail","6":"product_cat-collabs","7":"product_cat-lib-x-bliss-glass-toys-hand-crafted","8":"product_cat-vibrator-attachment","10":"first","11":"instock","12":"taxable","13":"shipping-taxable","14":"purchasable","15":"product-type-simple"},"yoast_head":"<!-- This site is optimized with the Yoast SEO Premium plugin v27.4 (Yoast SEO v27.4) - https:\/\/yoast.com\/product\/yoast-seo-premium-wordpress\/ -->\n<title>LE WAND Original Loop Attachment - Lib Women&#039;s Store<\/title>\n<meta name=\"description\" content=\"Collect the attachments to your wand so you can pop on the one fits the mood! This turns your wand into a masturbator for him\" \/>\n<meta name=\"robots\" content=\"index, follow, max-snippet:-1, max-image-preview:large, max-video-preview:-1\" \/>\n<link rel=\"canonical\" href=\"https:\/\/libwomenstore.com\/en\/product\/collabs\/lib-x-bliss-glass-toys-hand-crafted\/le-wand-original-loop-attachment-masturbator\/\" \/>\n<meta property=\"og:locale\" content=\"en_US\" \/>\n<meta property=\"og:type\" content=\"article\" \/>\n<meta property=\"og:title\" content=\"LE WAND Original Loop Attachment\" \/>\n<meta property=\"og:description\" content=\"Collect the attachments to your wand so you can pop on the one fits the mood! This turns your wand into a masturbator for him\" \/>\n<meta property=\"og:url\" content=\"https:\/\/libwomenstore.com\/en\/product\/collabs\/lib-x-bliss-glass-toys-hand-crafted\/le-wand-original-loop-attachment-masturbator\/\" \/>\n<meta property=\"og:site_name\" content=\"Lib Women&#039;s Store\" \/>\n<meta property=\"article:publisher\" content=\"https:\/\/www.facebook.com\/libwomenstore\" \/>\n<meta property=\"article:modified_time\" content=\"2025-11-30T23:48:29+00:00\" \/>\n<meta property=\"og:image\" content=\"https:\/\/libwomenstore.com\/wp-content\/uploads\/2024\/04\/Le_Wand_Original_Loop_Attachment_1.png\" \/>\n\t<meta property=\"og:image:width\" content=\"910\" \/>\n\t<meta property=\"og:image:height\" content=\"910\" \/>\n\t<meta property=\"og:image:type\" content=\"image\/png\" \/>\n<meta name=\"twitter:card\" content=\"summary_large_image\" \/>\n<meta name=\"twitter:label1\" content=\"Price\" \/>\n\t<meta name=\"twitter:data1\" content=\"17.700&#070;&#116;\" \/>\n\t<meta name=\"twitter:label2\" content=\"Availability\" \/>\n\t<meta name=\"twitter:data2\" content=\"In stock\" \/>\n<script type=\"application\/ld+json\" class=\"yoast-schema-graph\">{\"@context\":\"https:\\\/\\\/schema.org\",\"@graph\":[{\"@type\":[\"WebPage\",\"ItemPage\"],\"@id\":\"https:\\\/\\\/libwomenstore.com\\\/en\\\/product\\\/collabs\\\/lib-x-bliss-glass-toys-hand-crafted\\\/le-wand-original-loop-attachment-masturbator\\\/\",\"url\":\"https:\\\/\\\/libwomenstore.com\\\/en\\\/product\\\/collabs\\\/lib-x-bliss-glass-toys-hand-crafted\\\/le-wand-original-loop-attachment-masturbator\\\/\",\"name\":\"LE WAND Original Loop Attachment - Lib Women&#039;s Store\",\"isPartOf\":{\"@id\":\"https:\\\/\\\/libwomenstore.com\\\/en\\\/#website\"},\"primaryImageOfPage\":{\"@id\":\"https:\\\/\\\/libwomenstore.com\\\/en\\\/product\\\/collabs\\\/lib-x-bliss-glass-toys-hand-crafted\\\/le-wand-original-loop-attachment-masturbator\\\/#primaryimage\"},\"image\":{\"@id\":\"https:\\\/\\\/libwomenstore.com\\\/en\\\/product\\\/collabs\\\/lib-x-bliss-glass-toys-hand-crafted\\\/le-wand-original-loop-attachment-masturbator\\\/#primaryimage\"},\"thumbnailUrl\":\"https:\\\/\\\/libwomenstore.com\\\/wp-content\\\/uploads\\\/2024\\\/04\\\/Le_Wand_Original_Loop_Attachment_1.png\",\"datePublished\":\"2024-04-16T10:03:21+00:00\",\"dateModified\":\"2025-11-30T23:48:29+00:00\",\"description\":\"Collect the attachments to your wand so you can pop on the one fits the mood! This turns your wand into a masturbator for him\",\"breadcrumb\":{\"@id\":\"https:\\\/\\\/libwomenstore.com\\\/en\\\/product\\\/collabs\\\/lib-x-bliss-glass-toys-hand-crafted\\\/le-wand-original-loop-attachment-masturbator\\\/#breadcrumb\"},\"inLanguage\":\"en-US\",\"potentialAction\":[{\"@type\":\"ReadAction\",\"target\":[\"https:\\\/\\\/libwomenstore.com\\\/en\\\/product\\\/collabs\\\/lib-x-bliss-glass-toys-hand-crafted\\\/le-wand-original-loop-attachment-masturbator\\\/\"]}]},{\"@type\":\"ImageObject\",\"inLanguage\":\"en-US\",\"@id\":\"https:\\\/\\\/libwomenstore.com\\\/en\\\/product\\\/collabs\\\/lib-x-bliss-glass-toys-hand-crafted\\\/le-wand-original-loop-attachment-masturbator\\\/#primaryimage\",\"url\":\"https:\\\/\\\/libwomenstore.com\\\/wp-content\\\/uploads\\\/2024\\\/04\\\/Le_Wand_Original_Loop_Attachment_1.png\",\"contentUrl\":\"https:\\\/\\\/libwomenstore.com\\\/wp-content\\\/uploads\\\/2024\\\/04\\\/Le_Wand_Original_Loop_Attachment_1.png\",\"width\":910,\"height\":910,\"caption\":\"Le Wand Original maszturb\u00e1tor fej massz\u00edroz\u00f3hoz\"},{\"@type\":\"BreadcrumbList\",\"@id\":\"https:\\\/\\\/libwomenstore.com\\\/en\\\/product\\\/collabs\\\/lib-x-bliss-glass-toys-hand-crafted\\\/le-wand-original-loop-attachment-masturbator\\\/#breadcrumb\",\"itemListElement\":[{\"@type\":\"ListItem\",\"position\":1,\"name\":\"Kezd\u0151lap\",\"item\":\"https:\\\/\\\/libwomenstore.com\\\/en\\\/\"},{\"@type\":\"ListItem\",\"position\":2,\"name\":\"Shop Home Page &#8211; Product categories\",\"item\":\"https:\\\/\\\/libwomenstore.com\\\/shop-kezdolap-termek-kategoriak\\\/?lang=en\"},{\"@type\":\"ListItem\",\"position\":3,\"name\":\"LE WAND Original Loop Attachment\"}]},{\"@type\":\"WebSite\",\"@id\":\"https:\\\/\\\/libwomenstore.com\\\/en\\\/#website\",\"url\":\"https:\\\/\\\/libwomenstore.com\\\/en\\\/\",\"name\":\"Lib Women Store\",\"description\":\"Magyarorsz\u00e1g els\u0151 n\u0151kre f\u00f3kusz\u00e1l\u00f3 szexshopja, ahol az eg\u00e9szs\u00e9g ugyanolyan fontos, mint az \u00e9lvezetek.\",\"publisher\":{\"@id\":\"https:\\\/\\\/libwomenstore.com\\\/en\\\/#organization\"},\"alternateName\":\"Lib\",\"potentialAction\":[{\"@type\":\"SearchAction\",\"target\":{\"@type\":\"EntryPoint\",\"urlTemplate\":\"https:\\\/\\\/libwomenstore.com\\\/en\\\/?s={search_term_string}\"},\"query-input\":{\"@type\":\"PropertyValueSpecification\",\"valueRequired\":true,\"valueName\":\"search_term_string\"}}],\"inLanguage\":\"en-US\"},{\"@type\":\"Organization\",\"@id\":\"https:\\\/\\\/libwomenstore.com\\\/en\\\/#organization\",\"name\":\"Lib Women Store\",\"url\":\"https:\\\/\\\/libwomenstore.com\\\/en\\\/\",\"logo\":{\"@type\":\"ImageObject\",\"inLanguage\":\"en-US\",\"@id\":\"https:\\\/\\\/libwomenstore.com\\\/en\\\/#\\\/schema\\\/logo\\\/image\\\/\",\"url\":\"https:\\\/\\\/libwomenstore.com\\\/wp-content\\\/uploads\\\/2024\\\/05\\\/cropped-LIB-logo-A.png\",\"contentUrl\":\"https:\\\/\\\/libwomenstore.com\\\/wp-content\\\/uploads\\\/2024\\\/05\\\/cropped-LIB-logo-A.png\",\"width\":512,\"height\":512,\"caption\":\"Lib Women Store\"},\"image\":{\"@id\":\"https:\\\/\\\/libwomenstore.com\\\/en\\\/#\\\/schema\\\/logo\\\/image\\\/\"},\"sameAs\":[\"https:\\\/\\\/www.facebook.com\\\/libwomenstore\"]}]}<\/script>\n<meta property=\"product:price:amount\" content=\"17700\" \/>\n<meta property=\"product:price:currency\" content=\"HUF\" \/>\n<meta property=\"og:availability\" content=\"instock\" \/>\n<meta property=\"product:availability\" content=\"instock\" \/>\n<meta property=\"product:retailer_item_id\" content=\"LIB-LW003\" \/>\n<meta property=\"product:condition\" content=\"new\" \/>\n<!-- \/ Yoast SEO Premium plugin. -->","yoast_head_json":{"title":"LE WAND Original Loop Attachment - Lib Women&#039;s Store","description":"Collect the attachments to your wand so you can pop on the one fits the mood! This turns your wand into a masturbator for him","robots":{"index":"index","follow":"follow","max-snippet":"max-snippet:-1","max-image-preview":"max-image-preview:large","max-video-preview":"max-video-preview:-1"},"canonical":"https:\/\/libwomenstore.com\/en\/product\/collabs\/lib-x-bliss-glass-toys-hand-crafted\/le-wand-original-loop-attachment-masturbator\/","og_locale":"en_US","og_type":"article","og_title":"LE WAND Original Loop Attachment","og_description":"Collect the attachments to your wand so you can pop on the one fits the mood! This turns your wand into a masturbator for him","og_url":"https:\/\/libwomenstore.com\/en\/product\/collabs\/lib-x-bliss-glass-toys-hand-crafted\/le-wand-original-loop-attachment-masturbator\/","og_site_name":"Lib Women&#039;s Store","article_publisher":"https:\/\/www.facebook.com\/libwomenstore","article_modified_time":"2025-11-30T23:48:29+00:00","og_image":[{"width":910,"height":910,"url":"https:\/\/libwomenstore.com\/wp-content\/uploads\/2024\/04\/Le_Wand_Original_Loop_Attachment_1.png","type":"image\/png"}],"twitter_card":"summary_large_image","twitter_misc":{"Price":"17.700&#70;&#116;","Availability":"In stock"},"schema":{"@context":"https:\/\/schema.org","@graph":[{"@type":["WebPage","ItemPage"],"@id":"https:\/\/libwomenstore.com\/en\/product\/collabs\/lib-x-bliss-glass-toys-hand-crafted\/le-wand-original-loop-attachment-masturbator\/","url":"https:\/\/libwomenstore.com\/en\/product\/collabs\/lib-x-bliss-glass-toys-hand-crafted\/le-wand-original-loop-attachment-masturbator\/","name":"LE WAND Original Loop Attachment - Lib Women&#039;s Store","isPartOf":{"@id":"https:\/\/libwomenstore.com\/en\/#website"},"primaryImageOfPage":{"@id":"https:\/\/libwomenstore.com\/en\/product\/collabs\/lib-x-bliss-glass-toys-hand-crafted\/le-wand-original-loop-attachment-masturbator\/#primaryimage"},"image":{"@id":"https:\/\/libwomenstore.com\/en\/product\/collabs\/lib-x-bliss-glass-toys-hand-crafted\/le-wand-original-loop-attachment-masturbator\/#primaryimage"},"thumbnailUrl":"https:\/\/libwomenstore.com\/wp-content\/uploads\/2024\/04\/Le_Wand_Original_Loop_Attachment_1.png","datePublished":"2024-04-16T10:03:21+00:00","dateModified":"2025-11-30T23:48:29+00:00","description":"Collect the attachments to your wand so you can pop on the one fits the mood! This turns your wand into a masturbator for him","breadcrumb":{"@id":"https:\/\/libwomenstore.com\/en\/product\/collabs\/lib-x-bliss-glass-toys-hand-crafted\/le-wand-original-loop-attachment-masturbator\/#breadcrumb"},"inLanguage":"en-US","potentialAction":[{"@type":"ReadAction","target":["https:\/\/libwomenstore.com\/en\/product\/collabs\/lib-x-bliss-glass-toys-hand-crafted\/le-wand-original-loop-attachment-masturbator\/"]}]},{"@type":"ImageObject","inLanguage":"en-US","@id":"https:\/\/libwomenstore.com\/en\/product\/collabs\/lib-x-bliss-glass-toys-hand-crafted\/le-wand-original-loop-attachment-masturbator\/#primaryimage","url":"https:\/\/libwomenstore.com\/wp-content\/uploads\/2024\/04\/Le_Wand_Original_Loop_Attachment_1.png","contentUrl":"https:\/\/libwomenstore.com\/wp-content\/uploads\/2024\/04\/Le_Wand_Original_Loop_Attachment_1.png","width":910,"height":910,"caption":"Le Wand Original maszturb\u00e1tor fej massz\u00edroz\u00f3hoz"},{"@type":"BreadcrumbList","@id":"https:\/\/libwomenstore.com\/en\/product\/collabs\/lib-x-bliss-glass-toys-hand-crafted\/le-wand-original-loop-attachment-masturbator\/#breadcrumb","itemListElement":[{"@type":"ListItem","position":1,"name":"Kezd\u0151lap","item":"https:\/\/libwomenstore.com\/en\/"},{"@type":"ListItem","position":2,"name":"Shop Home Page &#8211; Product categories","item":"https:\/\/libwomenstore.com\/shop-kezdolap-termek-kategoriak\/?lang=en"},{"@type":"ListItem","position":3,"name":"LE WAND Original Loop Attachment"}]},{"@type":"WebSite","@id":"https:\/\/libwomenstore.com\/en\/#website","url":"https:\/\/libwomenstore.com\/en\/","name":"Lib Women Store","description":"Magyarorsz\u00e1g els\u0151 n\u0151kre f\u00f3kusz\u00e1l\u00f3 szexshopja, ahol az eg\u00e9szs\u00e9g ugyanolyan fontos, mint az \u00e9lvezetek.","publisher":{"@id":"https:\/\/libwomenstore.com\/en\/#organization"},"alternateName":"Lib","potentialAction":[{"@type":"SearchAction","target":{"@type":"EntryPoint","urlTemplate":"https:\/\/libwomenstore.com\/en\/?s={search_term_string}"},"query-input":{"@type":"PropertyValueSpecification","valueRequired":true,"valueName":"search_term_string"}}],"inLanguage":"en-US"},{"@type":"Organization","@id":"https:\/\/libwomenstore.com\/en\/#organization","name":"Lib Women Store","url":"https:\/\/libwomenstore.com\/en\/","logo":{"@type":"ImageObject","inLanguage":"en-US","@id":"https:\/\/libwomenstore.com\/en\/#\/schema\/logo\/image\/","url":"https:\/\/libwomenstore.com\/wp-content\/uploads\/2024\/05\/cropped-LIB-logo-A.png","contentUrl":"https:\/\/libwomenstore.com\/wp-content\/uploads\/2024\/05\/cropped-LIB-logo-A.png","width":512,"height":512,"caption":"Lib Women Store"},"image":{"@id":"https:\/\/libwomenstore.com\/en\/#\/schema\/logo\/image\/"},"sameAs":["https:\/\/www.facebook.com\/libwomenstore"]}]},"product_price_amount":"17700","product_price_currency":"HUF","og_availability":"instock","product_availability":"instock","product_retailer_item_id":"LIB-LW003","product_condition":"new"},"_links":{"self":[{"href":"https:\/\/libwomenstore.com\/en\/wp-json\/wp\/v2\/product\/28632","targetHints":{"allow":["GET"]}}],"collection":[{"href":"https:\/\/libwomenstore.com\/en\/wp-json\/wp\/v2\/product"}],"about":[{"href":"https:\/\/libwomenstore.com\/en\/wp-json\/wp\/v2\/types\/product"}],"replies":[{"embeddable":true,"href":"https:\/\/libwomenstore.com\/en\/wp-json\/wp\/v2\/comments?post=28632"}],"wp:featuredmedia":[{"embeddable":true,"href":"https:\/\/libwomenstore.com\/en\/wp-json\/wp\/v2\/media\/26650"}],"wp:attachment":[{"href":"https:\/\/libwomenstore.com\/en\/wp-json\/wp\/v2\/media?parent=28632"}],"wp:term":[{"taxonomy":"product_brand","embeddable":true,"href":"https:\/\/libwomenstore.com\/en\/wp-json\/wp\/v2\/product_brand?post=28632"},{"taxonomy":"product_cat","embeddable":true,"href":"https:\/\/libwomenstore.com\/en\/wp-json\/wp\/v2\/product_cat?post=28632"},{"taxonomy":"product_tag","embeddable":true,"href":"https:\/\/libwomenstore.com\/en\/wp-json\/wp\/v2\/product_tag?post=28632"}],"curies":[{"name":"wp","href":"https:\/\/api.w.org\/{rel}","templated":true}]}}