{"id":28645,"date":"2024-04-16T12:03:16","date_gmt":"2024-04-16T10:03:16","guid":{"rendered":"https:\/\/uj.libwomenstore.com\/?post_type=product&#038;p=28645"},"modified":"2025-01-21T17:03:06","modified_gmt":"2025-01-21T16:03:06","slug":"le-wand-hoop-stainless-steel-g-spot-dildo-luxurious","status":"publish","type":"product","link":"https:\/\/libwomenstore.com\/en\/product\/dildos\/le-wand-hoop-stainless-steel-g-spot-dildo-luxurious\/","title":{"rendered":"LE WAND Hoop"},"content":{"rendered":"<p style=\"text-align: center;\"><span style=\"font-weight: 400;\">Stainless steel toys are special because of their hardness, weight and hygiene.<\/span><\/p>\n<p style=\"text-align: center;\"><span style=\"font-weight: 400;\">Plus, the shape and curvature of the Hoop ensures many paths to enjoyment.<\/span><\/p>\n<p style=\"text-align: center;\"><b>Tip<\/b><\/p>\n<p style=\"text-align: center;\"><span style=\"font-weight: 400;\">Thanks to its material, the Hoop can be used with any lubricant.<\/span><\/p>\n<p style=\"text-align: center;\"><span style=\"font-weight: 400;\">Placed in hot or even cold water, it is also excellent for temperature play.<\/span><\/p>\n<p style=\"text-align: center;\"><b>Features<\/b><\/p>\n<p style=\"text-align: center;\"><span style=\"font-weight: 400;\">made of stainless steel<\/span><\/p>\n<p style=\"text-align: center;\"><span style=\"font-weight: 400;\">length: 26.1 cm<\/span><\/p>\n<p style=\"text-align: center;\"><span style=\"font-weight: 400;\">slimmest diameter: 2.5 cm<\/span><\/p>\n<p style=\"text-align: center;\"><span style=\"font-weight: 400;\">thickest diameter: 3.7 cm<\/span><\/p>\n<p style=\"text-align: center;\"><span style=\"font-weight: 400;\">weight: 630.5g<\/span><\/p>\n<p style=\"text-align: center;\"><span style=\"font-weight: 400;\">color: silver<\/span><\/p>\n<p style=\"text-align: center;\"><span style=\"font-weight: 400;\">free storage bag<\/span><\/p>\n<p style=\"text-align: center;\"><b>Use &amp; Cleaning<\/b><\/p>\n<p style=\"text-align: center;\"><span style=\"font-weight: 400;\">To clean, simply use soap and water, place in the dishwasher or boil for 3-4 minutes for complete disinfection.<\/span><\/p>\n","protected":false},"excerpt":{"rendered":"<p style=\"text-align: left;\"><span style=\"font-weight: 400;\">The perfect curvature and appropriate weight of this double-ended stainless-steel dildo provide a guaranteed exciting experience whether you use it alone or with your partner.<\/span><\/p>\n<p style=\"text-align: left;\"><span style=\"font-weight: 400;\">One end of the Hoop is closed with a beginner-friendly, easy-to-insert ball, while at the other end, beads connected in waves ensure the mind-blowing sensation.<\/span><\/p>\n<p style=\"text-align: left;\"><span style=\"font-weight: 400;\">Both ends are great for G-spot and P-spot play.<\/span><\/p>\n","protected":false},"featured_media":32314,"comment_status":"open","ping_status":"closed","template":"","meta":{"_et_pb_use_builder":"","_et_pb_old_content":"","_et_gb_content_width":""},"product_brand":[],"product_cat":[340],"product_tag":[],"class_list":{"0":"post-28645","1":"product","2":"type-product","3":"status-publish","4":"has-post-thumbnail","6":"product_cat-dildos","8":"first","9":"outofstock","10":"taxable","11":"shipping-taxable","12":"purchasable","13":"product-type-simple"},"yoast_head":"<!-- This site is optimized with the Yoast SEO Premium plugin v27.4 (Yoast SEO v27.4) - https:\/\/yoast.com\/product\/yoast-seo-premium-wordpress\/ -->\n<title>LE WAND Hoop - Lib Women&#039;s Store<\/title>\n<meta name=\"description\" content=\"Treat yourself with a Loop if you do not want to compromise. You can use it with any type of lubricant, heat it up or cool it down as you wish!\" \/>\n<meta name=\"robots\" content=\"index, follow, max-snippet:-1, max-image-preview:large, max-video-preview:-1\" \/>\n<link rel=\"canonical\" href=\"https:\/\/libwomenstore.com\/en\/product\/dildos\/le-wand-hoop-stainless-steel-g-spot-dildo-luxurious\/\" \/>\n<meta property=\"og:locale\" content=\"en_US\" \/>\n<meta property=\"og:type\" content=\"article\" \/>\n<meta property=\"og:title\" content=\"LE WAND Hoop\" \/>\n<meta property=\"og:description\" content=\"Treat yourself with a Loop if you do not want to compromise. You can use it with any type of lubricant, heat it up or cool it down as you wish!\" \/>\n<meta property=\"og:url\" content=\"https:\/\/libwomenstore.com\/en\/product\/dildos\/le-wand-hoop-stainless-steel-g-spot-dildo-luxurious\/\" \/>\n<meta property=\"og:site_name\" content=\"Lib Women&#039;s Store\" \/>\n<meta property=\"article:publisher\" content=\"https:\/\/www.facebook.com\/libwomenstore\" \/>\n<meta property=\"article:modified_time\" content=\"2025-01-21T16:03:06+00:00\" \/>\n<meta property=\"og:image\" content=\"https:\/\/libwomenstore.com\/wp-content\/uploads\/2024\/04\/Le_WAND_Hoop05.png\" \/>\n\t<meta property=\"og:image:width\" content=\"600\" \/>\n\t<meta property=\"og:image:height\" content=\"600\" \/>\n\t<meta property=\"og:image:type\" content=\"image\/png\" \/>\n<meta name=\"twitter:card\" content=\"summary_large_image\" \/>\n<meta name=\"twitter:label1\" content=\"Price\" \/>\n\t<meta name=\"twitter:data1\" content=\"105.000&#070;&#116;\" \/>\n\t<meta name=\"twitter:label2\" content=\"Availability\" \/>\n\t<meta name=\"twitter:data2\" content=\"Out of stock\" \/>\n<script type=\"application\/ld+json\" class=\"yoast-schema-graph\">{\"@context\":\"https:\\\/\\\/schema.org\",\"@graph\":[{\"@type\":[\"WebPage\",\"ItemPage\"],\"@id\":\"https:\\\/\\\/libwomenstore.com\\\/en\\\/product\\\/dildos\\\/le-wand-hoop-stainless-steel-g-spot-dildo-luxurious\\\/\",\"url\":\"https:\\\/\\\/libwomenstore.com\\\/en\\\/product\\\/dildos\\\/le-wand-hoop-stainless-steel-g-spot-dildo-luxurious\\\/\",\"name\":\"LE WAND Hoop - Lib Women&#039;s Store\",\"isPartOf\":{\"@id\":\"https:\\\/\\\/libwomenstore.com\\\/en\\\/#website\"},\"primaryImageOfPage\":{\"@id\":\"https:\\\/\\\/libwomenstore.com\\\/en\\\/product\\\/dildos\\\/le-wand-hoop-stainless-steel-g-spot-dildo-luxurious\\\/#primaryimage\"},\"image\":{\"@id\":\"https:\\\/\\\/libwomenstore.com\\\/en\\\/product\\\/dildos\\\/le-wand-hoop-stainless-steel-g-spot-dildo-luxurious\\\/#primaryimage\"},\"thumbnailUrl\":\"https:\\\/\\\/libwomenstore.com\\\/wp-content\\\/uploads\\\/2024\\\/04\\\/le_wand_hoop_dildo.jpg\",\"datePublished\":\"2024-04-16T10:03:16+00:00\",\"dateModified\":\"2025-01-21T16:03:06+00:00\",\"description\":\"Treat yourself with a Loop if you do not want to compromise. You can use it with any type of lubricant, heat it up or cool it down as you wish!\",\"breadcrumb\":{\"@id\":\"https:\\\/\\\/libwomenstore.com\\\/en\\\/product\\\/dildos\\\/le-wand-hoop-stainless-steel-g-spot-dildo-luxurious\\\/#breadcrumb\"},\"inLanguage\":\"en-US\",\"potentialAction\":[{\"@type\":\"ReadAction\",\"target\":[\"https:\\\/\\\/libwomenstore.com\\\/en\\\/product\\\/dildos\\\/le-wand-hoop-stainless-steel-g-spot-dildo-luxurious\\\/\"]}]},{\"@type\":\"ImageObject\",\"inLanguage\":\"en-US\",\"@id\":\"https:\\\/\\\/libwomenstore.com\\\/en\\\/product\\\/dildos\\\/le-wand-hoop-stainless-steel-g-spot-dildo-luxurious\\\/#primaryimage\",\"url\":\"https:\\\/\\\/libwomenstore.com\\\/wp-content\\\/uploads\\\/2024\\\/04\\\/le_wand_hoop_dildo.jpg\",\"contentUrl\":\"https:\\\/\\\/libwomenstore.com\\\/wp-content\\\/uploads\\\/2024\\\/04\\\/le_wand_hoop_dildo.jpg\",\"width\":600,\"height\":600,\"caption\":\"Le Wand Hoop rozsdamentes ac\u00e9l dild\u00f3, f\u00e9m szexj\u00e1t\u00e9k\"},{\"@type\":\"BreadcrumbList\",\"@id\":\"https:\\\/\\\/libwomenstore.com\\\/en\\\/product\\\/dildos\\\/le-wand-hoop-stainless-steel-g-spot-dildo-luxurious\\\/#breadcrumb\",\"itemListElement\":[{\"@type\":\"ListItem\",\"position\":1,\"name\":\"Kezd\u0151lap\",\"item\":\"https:\\\/\\\/libwomenstore.com\\\/en\\\/\"},{\"@type\":\"ListItem\",\"position\":2,\"name\":\"Shop Home Page &#8211; Product categories\",\"item\":\"https:\\\/\\\/libwomenstore.com\\\/shop-kezdolap-termek-kategoriak\\\/?lang=en\"},{\"@type\":\"ListItem\",\"position\":3,\"name\":\"LE WAND Hoop\"}]},{\"@type\":\"WebSite\",\"@id\":\"https:\\\/\\\/libwomenstore.com\\\/en\\\/#website\",\"url\":\"https:\\\/\\\/libwomenstore.com\\\/en\\\/\",\"name\":\"Lib Women Store\",\"description\":\"Magyarorsz\u00e1g els\u0151 n\u0151kre f\u00f3kusz\u00e1l\u00f3 szexshopja, ahol az eg\u00e9szs\u00e9g ugyanolyan fontos, mint az \u00e9lvezetek.\",\"publisher\":{\"@id\":\"https:\\\/\\\/libwomenstore.com\\\/en\\\/#organization\"},\"alternateName\":\"Lib\",\"potentialAction\":[{\"@type\":\"SearchAction\",\"target\":{\"@type\":\"EntryPoint\",\"urlTemplate\":\"https:\\\/\\\/libwomenstore.com\\\/en\\\/?s={search_term_string}\"},\"query-input\":{\"@type\":\"PropertyValueSpecification\",\"valueRequired\":true,\"valueName\":\"search_term_string\"}}],\"inLanguage\":\"en-US\"},{\"@type\":\"Organization\",\"@id\":\"https:\\\/\\\/libwomenstore.com\\\/en\\\/#organization\",\"name\":\"Lib Women Store\",\"url\":\"https:\\\/\\\/libwomenstore.com\\\/en\\\/\",\"logo\":{\"@type\":\"ImageObject\",\"inLanguage\":\"en-US\",\"@id\":\"https:\\\/\\\/libwomenstore.com\\\/en\\\/#\\\/schema\\\/logo\\\/image\\\/\",\"url\":\"https:\\\/\\\/libwomenstore.com\\\/wp-content\\\/uploads\\\/2024\\\/05\\\/cropped-LIB-logo-A.png\",\"contentUrl\":\"https:\\\/\\\/libwomenstore.com\\\/wp-content\\\/uploads\\\/2024\\\/05\\\/cropped-LIB-logo-A.png\",\"width\":512,\"height\":512,\"caption\":\"Lib Women Store\"},\"image\":{\"@id\":\"https:\\\/\\\/libwomenstore.com\\\/en\\\/#\\\/schema\\\/logo\\\/image\\\/\"},\"sameAs\":[\"https:\\\/\\\/www.facebook.com\\\/libwomenstore\"]}]}<\/script>\n<meta property=\"product:price:amount\" content=\"105000\" \/>\n<meta property=\"product:price:currency\" content=\"HUF\" \/>\n<meta property=\"og:availability\" content=\"out of stock\" \/>\n<meta property=\"product:availability\" content=\"out of stock\" \/>\n<meta property=\"product:retailer_item_id\" content=\"LIB-LW001\" \/>\n<meta property=\"product:condition\" content=\"new\" \/>\n<!-- \/ Yoast SEO Premium plugin. -->","yoast_head_json":{"title":"LE WAND Hoop - Lib Women&#039;s Store","description":"Treat yourself with a Loop if you do not want to compromise. You can use it with any type of lubricant, heat it up or cool it down as you wish!","robots":{"index":"index","follow":"follow","max-snippet":"max-snippet:-1","max-image-preview":"max-image-preview:large","max-video-preview":"max-video-preview:-1"},"canonical":"https:\/\/libwomenstore.com\/en\/product\/dildos\/le-wand-hoop-stainless-steel-g-spot-dildo-luxurious\/","og_locale":"en_US","og_type":"article","og_title":"LE WAND Hoop","og_description":"Treat yourself with a Loop if you do not want to compromise. You can use it with any type of lubricant, heat it up or cool it down as you wish!","og_url":"https:\/\/libwomenstore.com\/en\/product\/dildos\/le-wand-hoop-stainless-steel-g-spot-dildo-luxurious\/","og_site_name":"Lib Women&#039;s Store","article_publisher":"https:\/\/www.facebook.com\/libwomenstore","article_modified_time":"2025-01-21T16:03:06+00:00","og_image":[{"width":600,"height":600,"url":"https:\/\/libwomenstore.com\/wp-content\/uploads\/2024\/04\/Le_WAND_Hoop05.png","type":"image\/png"}],"twitter_card":"summary_large_image","twitter_misc":{"Price":"105.000&#70;&#116;","Availability":"Out of stock"},"schema":{"@context":"https:\/\/schema.org","@graph":[{"@type":["WebPage","ItemPage"],"@id":"https:\/\/libwomenstore.com\/en\/product\/dildos\/le-wand-hoop-stainless-steel-g-spot-dildo-luxurious\/","url":"https:\/\/libwomenstore.com\/en\/product\/dildos\/le-wand-hoop-stainless-steel-g-spot-dildo-luxurious\/","name":"LE WAND Hoop - Lib Women&#039;s Store","isPartOf":{"@id":"https:\/\/libwomenstore.com\/en\/#website"},"primaryImageOfPage":{"@id":"https:\/\/libwomenstore.com\/en\/product\/dildos\/le-wand-hoop-stainless-steel-g-spot-dildo-luxurious\/#primaryimage"},"image":{"@id":"https:\/\/libwomenstore.com\/en\/product\/dildos\/le-wand-hoop-stainless-steel-g-spot-dildo-luxurious\/#primaryimage"},"thumbnailUrl":"https:\/\/libwomenstore.com\/wp-content\/uploads\/2024\/04\/le_wand_hoop_dildo.jpg","datePublished":"2024-04-16T10:03:16+00:00","dateModified":"2025-01-21T16:03:06+00:00","description":"Treat yourself with a Loop if you do not want to compromise. You can use it with any type of lubricant, heat it up or cool it down as you wish!","breadcrumb":{"@id":"https:\/\/libwomenstore.com\/en\/product\/dildos\/le-wand-hoop-stainless-steel-g-spot-dildo-luxurious\/#breadcrumb"},"inLanguage":"en-US","potentialAction":[{"@type":"ReadAction","target":["https:\/\/libwomenstore.com\/en\/product\/dildos\/le-wand-hoop-stainless-steel-g-spot-dildo-luxurious\/"]}]},{"@type":"ImageObject","inLanguage":"en-US","@id":"https:\/\/libwomenstore.com\/en\/product\/dildos\/le-wand-hoop-stainless-steel-g-spot-dildo-luxurious\/#primaryimage","url":"https:\/\/libwomenstore.com\/wp-content\/uploads\/2024\/04\/le_wand_hoop_dildo.jpg","contentUrl":"https:\/\/libwomenstore.com\/wp-content\/uploads\/2024\/04\/le_wand_hoop_dildo.jpg","width":600,"height":600,"caption":"Le Wand Hoop rozsdamentes ac\u00e9l dild\u00f3, f\u00e9m szexj\u00e1t\u00e9k"},{"@type":"BreadcrumbList","@id":"https:\/\/libwomenstore.com\/en\/product\/dildos\/le-wand-hoop-stainless-steel-g-spot-dildo-luxurious\/#breadcrumb","itemListElement":[{"@type":"ListItem","position":1,"name":"Kezd\u0151lap","item":"https:\/\/libwomenstore.com\/en\/"},{"@type":"ListItem","position":2,"name":"Shop Home Page &#8211; Product categories","item":"https:\/\/libwomenstore.com\/shop-kezdolap-termek-kategoriak\/?lang=en"},{"@type":"ListItem","position":3,"name":"LE WAND Hoop"}]},{"@type":"WebSite","@id":"https:\/\/libwomenstore.com\/en\/#website","url":"https:\/\/libwomenstore.com\/en\/","name":"Lib Women Store","description":"Magyarorsz\u00e1g els\u0151 n\u0151kre f\u00f3kusz\u00e1l\u00f3 szexshopja, ahol az eg\u00e9szs\u00e9g ugyanolyan fontos, mint az \u00e9lvezetek.","publisher":{"@id":"https:\/\/libwomenstore.com\/en\/#organization"},"alternateName":"Lib","potentialAction":[{"@type":"SearchAction","target":{"@type":"EntryPoint","urlTemplate":"https:\/\/libwomenstore.com\/en\/?s={search_term_string}"},"query-input":{"@type":"PropertyValueSpecification","valueRequired":true,"valueName":"search_term_string"}}],"inLanguage":"en-US"},{"@type":"Organization","@id":"https:\/\/libwomenstore.com\/en\/#organization","name":"Lib Women Store","url":"https:\/\/libwomenstore.com\/en\/","logo":{"@type":"ImageObject","inLanguage":"en-US","@id":"https:\/\/libwomenstore.com\/en\/#\/schema\/logo\/image\/","url":"https:\/\/libwomenstore.com\/wp-content\/uploads\/2024\/05\/cropped-LIB-logo-A.png","contentUrl":"https:\/\/libwomenstore.com\/wp-content\/uploads\/2024\/05\/cropped-LIB-logo-A.png","width":512,"height":512,"caption":"Lib Women Store"},"image":{"@id":"https:\/\/libwomenstore.com\/en\/#\/schema\/logo\/image\/"},"sameAs":["https:\/\/www.facebook.com\/libwomenstore"]}]},"product_price_amount":"105000","product_price_currency":"HUF","og_availability":"out of stock","product_availability":"out of stock","product_retailer_item_id":"LIB-LW001","product_condition":"new"},"_links":{"self":[{"href":"https:\/\/libwomenstore.com\/en\/wp-json\/wp\/v2\/product\/28645","targetHints":{"allow":["GET"]}}],"collection":[{"href":"https:\/\/libwomenstore.com\/en\/wp-json\/wp\/v2\/product"}],"about":[{"href":"https:\/\/libwomenstore.com\/en\/wp-json\/wp\/v2\/types\/product"}],"replies":[{"embeddable":true,"href":"https:\/\/libwomenstore.com\/en\/wp-json\/wp\/v2\/comments?post=28645"}],"wp:featuredmedia":[{"embeddable":true,"href":"https:\/\/libwomenstore.com\/en\/wp-json\/wp\/v2\/media\/32314"}],"wp:attachment":[{"href":"https:\/\/libwomenstore.com\/en\/wp-json\/wp\/v2\/media?parent=28645"}],"wp:term":[{"taxonomy":"product_brand","embeddable":true,"href":"https:\/\/libwomenstore.com\/en\/wp-json\/wp\/v2\/product_brand?post=28645"},{"taxonomy":"product_cat","embeddable":true,"href":"https:\/\/libwomenstore.com\/en\/wp-json\/wp\/v2\/product_cat?post=28645"},{"taxonomy":"product_tag","embeddable":true,"href":"https:\/\/libwomenstore.com\/en\/wp-json\/wp\/v2\/product_tag?post=28645"}],"curies":[{"name":"wp","href":"https:\/\/api.w.org\/{rel}","templated":true}]}}