{"id":28660,"date":"2024-04-16T12:03:03","date_gmt":"2024-04-16T10:03:03","guid":{"rendered":"https:\/\/uj.libwomenstore.com\/?post_type=product&#038;p=28660"},"modified":"2025-12-01T00:48:29","modified_gmt":"2025-11-30T23:48:29","slug":"iroha-ukidama-clitoral-stimulator-vibrator-light-float","status":"publish","type":"product","link":"https:\/\/libwomenstore.com\/en\/product\/vibrators\/clitoral-vibrators\/iroha-ukidama-clitoral-stimulator-vibrator-light-float\/","title":{"rendered":"IROHA Ukidama"},"content":{"rendered":"<p style=\"text-align: center;\"><span style=\"font-weight: 400;\">Ukidama helps you feel like you have a spa in your home. Choosing the right lights is essential in creating an intimate atmosphere. Once you have this, you can set the appropriate vibration level so that everything perfectly matches your mood and desires.<\/span><\/p>\n<p style=\"text-align: center;\"><span style=\"font-weight: 400;\">This massager is perfect for extra pampering of erogenous zones, whether in the bath or in bed.\u00a0<\/span><\/p>\n<p style=\"text-align: center;\"><span style=\"font-weight: 400;\">It can be controlled with two buttons, which also helps you immerse yourself in pleasure.<\/span><\/p>\n<p style=\"text-align: center;\"><b>Tip<\/b><b>\u00a0<\/b><\/p>\n<p style=\"text-align: center;\"><span style=\"font-weight: 400;\">Ukidama is an essential accessory for every bath. Achieve a high even after a long day.<\/span><\/p>\n<p style=\"text-align: center;\"><b>Features<\/b><span style=\"font-weight: 400;\">\u00a0<\/span><\/p>\n<p style=\"text-align: center;\"><span style=\"font-weight: 400;\">4 vibration strengths and 4 different lights can be set on the Ukidama.<\/span><\/p>\n<p style=\"text-align: center;\"><span style=\"font-weight: 400;\">\u00a0<\/span><\/p>\n<p style=\"text-align: center;\"><span style=\"font-weight: 400;\">It can be charged via USB.<\/span><\/p>\n<p style=\"text-align: center;\"><span style=\"font-weight: 400;\">\u00a0<\/span><\/p>\n<p style=\"text-align: center;\"><span style=\"font-weight: 400;\">Waterproof up to 50 cm.<\/span><\/p>\n<p style=\"text-align: center;\"><span style=\"font-weight: 400;\">\u00a0<\/span><\/p>\n<p style=\"text-align: center;\"><span style=\"font-weight: 400;\">Dimensions:<\/span><\/p>\n<p style=\"text-align: center;\"><span style=\"font-weight: 400;\">\u00a0<\/span><\/p>\n<p style=\"text-align: center;\"><span style=\"font-weight: 400;\">57\u00d757\u00d769 mm<\/span><\/p>\n<p style=\"text-align: center;\"><span style=\"font-weight: 400;\">\u00a0<\/span><\/p>\n<p style=\"text-align: center;\"><span style=\"font-weight: 400;\">Weight: 72 gr<\/span><\/p>\n<p style=\"text-align: center;\"><span style=\"font-weight: 400;\">\u00a0\u00a0<\/span><\/p>\n<p style=\"text-align: center;\"><span style=\"font-weight: 400;\">Materials:<\/span><\/p>\n<p style=\"text-align: center;\"><span style=\"font-weight: 400;\">\u00a0<\/span><\/p>\n<p style=\"text-align: center;\"><span style=\"font-weight: 400;\">Silicone \/ TPU \/ ABS \/ PC \/ Rechargeable Li-ion polymer battery, holder material is silicone rubber.<\/span><\/p>\n<p style=\"text-align: center;\"><span style=\"font-weight: 400;\">\u00a0<\/span><\/p>\n<p style=\"text-align: center;\"><span style=\"font-weight: 400;\">Use with a water-based lubricant!<\/span><\/p>\n<p style=\"text-align: center;\"><b>Use &amp; Cleaning<\/b><\/p>\n<p style=\"text-align: center;\"><span style=\"font-weight: 400;\">The product can be disinfected with lukewarm soapy (neutral) water or with cleaning agents developed for this purpose. Clean only with lint-free material.<\/span><\/p>\n<p style=\"text-align: center;\"><span style=\"font-weight: 400;\">Use only with water-based lubricants.<\/span><\/p>\n","protected":false},"excerpt":{"rendered":"<p style=\"text-align: left;\"><span style=\"font-weight: 400;\">Masturbating is part of many people&#8217;s daily self-care routine. Through this you can learn to understand your body more deeply.<\/span><\/p>\n<p style=\"text-align: left;\"><span style=\"font-weight: 400;\">Ukidama can function as both a bath light and massager, for self-care and pleasure during intimate moments with your body, both in the bath and outdoors.<\/span><\/p>\n<p style=\"text-align: left;\"><span style=\"font-weight: 400;\">Bathe in soft, relaxing light as you float in the bath, or soothe your tiredness with a massage thanks to the vibration mode. The cozy light helps set the mood for complete relaxation.<\/span><\/p>\n","protected":false},"featured_media":26618,"comment_status":"open","ping_status":"closed","template":"","meta":{"_et_pb_use_builder":"","_et_pb_old_content":"","_et_gb_content_width":""},"product_brand":[],"product_cat":[322,513,432,318,350],"product_tag":[633],"class_list":{"0":"post-28660","1":"product","2":"type-product","3":"status-publish","4":"has-post-thumbnail","6":"product_cat-clitoral-vibrators","7":"product_cat-collabs","8":"product_cat-lib-x-rebeka-racz-dildos-tapys","9":"product_cat-vibrators","10":"product_cat-wand-massagers","11":"product_tag-wand-en","13":"first","14":"instock","15":"taxable","16":"shipping-taxable","17":"purchasable","18":"product-type-simple"},"yoast_head":"<!-- This site is optimized with the Yoast SEO Premium plugin v27.5 (Yoast SEO v27.5) - https:\/\/yoast.com\/product\/yoast-seo-premium-wordpress\/ -->\n<title>IROHA Ukidama - Lib Women&#039;s Store<\/title>\n<meta name=\"description\" content=\"Ukidama is your choice if you are craving a spa treatment at home. Make a bath, set the mood with the light and turn on the vibration for ultimate pleasure\" \/>\n<meta name=\"robots\" content=\"index, follow, max-snippet:-1, max-image-preview:large, max-video-preview:-1\" \/>\n<link rel=\"canonical\" href=\"https:\/\/libwomenstore.com\/en\/product\/vibrators\/clitoral-vibrators\/iroha-ukidama-clitoral-stimulator-vibrator-light-float\/\" \/>\n<meta property=\"og:locale\" content=\"en_US\" \/>\n<meta property=\"og:type\" content=\"article\" \/>\n<meta property=\"og:title\" content=\"IROHA Ukidama\" \/>\n<meta property=\"og:description\" content=\"Ukidama is your choice if you are craving a spa treatment at home. Make a bath, set the mood with the light and turn on the vibration for ultimate pleasure\" \/>\n<meta property=\"og:url\" content=\"https:\/\/libwomenstore.com\/en\/product\/vibrators\/clitoral-vibrators\/iroha-ukidama-clitoral-stimulator-vibrator-light-float\/\" \/>\n<meta property=\"og:site_name\" content=\"Lib Women&#039;s Store\" \/>\n<meta property=\"article:publisher\" content=\"https:\/\/www.facebook.com\/libwomenstore\" \/>\n<meta property=\"article:modified_time\" content=\"2025-11-30T23:48:29+00:00\" \/>\n<meta property=\"og:image\" content=\"https:\/\/libwomenstore.com\/wp-content\/uploads\/2024\/04\/Iroha_Ukidama_2.jpg\" \/>\n\t<meta property=\"og:image:width\" content=\"1500\" \/>\n\t<meta property=\"og:image:height\" content=\"1500\" \/>\n\t<meta property=\"og:image:type\" content=\"image\/jpeg\" \/>\n<meta name=\"twitter:card\" content=\"summary_large_image\" \/>\n<meta name=\"twitter:label1\" content=\"Price\" \/>\n\t<meta name=\"twitter:data1\" content=\"42.000&#070;&#116;\" \/>\n\t<meta name=\"twitter:label2\" content=\"Availability\" \/>\n\t<meta name=\"twitter:data2\" content=\"In stock\" \/>\n<script type=\"application\/ld+json\" class=\"yoast-schema-graph\">{\"@context\":\"https:\\\/\\\/schema.org\",\"@graph\":[{\"@type\":[\"WebPage\",\"ItemPage\"],\"@id\":\"https:\\\/\\\/libwomenstore.com\\\/en\\\/product\\\/vibrators\\\/clitoral-vibrators\\\/iroha-ukidama-clitoral-stimulator-vibrator-light-float\\\/\",\"url\":\"https:\\\/\\\/libwomenstore.com\\\/en\\\/product\\\/vibrators\\\/clitoral-vibrators\\\/iroha-ukidama-clitoral-stimulator-vibrator-light-float\\\/\",\"name\":\"IROHA Ukidama - Lib Women&#039;s Store\",\"isPartOf\":{\"@id\":\"https:\\\/\\\/libwomenstore.com\\\/en\\\/#website\"},\"primaryImageOfPage\":{\"@id\":\"https:\\\/\\\/libwomenstore.com\\\/en\\\/product\\\/vibrators\\\/clitoral-vibrators\\\/iroha-ukidama-clitoral-stimulator-vibrator-light-float\\\/#primaryimage\"},\"image\":{\"@id\":\"https:\\\/\\\/libwomenstore.com\\\/en\\\/product\\\/vibrators\\\/clitoral-vibrators\\\/iroha-ukidama-clitoral-stimulator-vibrator-light-float\\\/#primaryimage\"},\"thumbnailUrl\":\"https:\\\/\\\/libwomenstore.com\\\/wp-content\\\/uploads\\\/2024\\\/04\\\/Iroha_Ukidama_2.jpg\",\"datePublished\":\"2024-04-16T10:03:03+00:00\",\"dateModified\":\"2025-11-30T23:48:29+00:00\",\"description\":\"Ukidama is your choice if you are craving a spa treatment at home. Make a bath, set the mood with the light and turn on the vibration for ultimate pleasure\",\"breadcrumb\":{\"@id\":\"https:\\\/\\\/libwomenstore.com\\\/en\\\/product\\\/vibrators\\\/clitoral-vibrators\\\/iroha-ukidama-clitoral-stimulator-vibrator-light-float\\\/#breadcrumb\"},\"inLanguage\":\"en-US\",\"potentialAction\":[{\"@type\":\"ReadAction\",\"target\":[\"https:\\\/\\\/libwomenstore.com\\\/en\\\/product\\\/vibrators\\\/clitoral-vibrators\\\/iroha-ukidama-clitoral-stimulator-vibrator-light-float\\\/\"]}]},{\"@type\":\"ImageObject\",\"inLanguage\":\"en-US\",\"@id\":\"https:\\\/\\\/libwomenstore.com\\\/en\\\/product\\\/vibrators\\\/clitoral-vibrators\\\/iroha-ukidama-clitoral-stimulator-vibrator-light-float\\\/#primaryimage\",\"url\":\"https:\\\/\\\/libwomenstore.com\\\/wp-content\\\/uploads\\\/2024\\\/04\\\/Iroha_Ukidama_2.jpg\",\"contentUrl\":\"https:\\\/\\\/libwomenstore.com\\\/wp-content\\\/uploads\\\/2024\\\/04\\\/Iroha_Ukidama_2.jpg\",\"width\":1500,\"height\":1500,\"caption\":\"Iroha Ukidama massz\u00edroz\u00f3 vibr\u00e1tor, hangulatf\u00e9nnyel\"},{\"@type\":\"BreadcrumbList\",\"@id\":\"https:\\\/\\\/libwomenstore.com\\\/en\\\/product\\\/vibrators\\\/clitoral-vibrators\\\/iroha-ukidama-clitoral-stimulator-vibrator-light-float\\\/#breadcrumb\",\"itemListElement\":[{\"@type\":\"ListItem\",\"position\":1,\"name\":\"Kezd\u0151lap\",\"item\":\"https:\\\/\\\/libwomenstore.com\\\/en\\\/\"},{\"@type\":\"ListItem\",\"position\":2,\"name\":\"Shop Home Page &#8211; Product categories\",\"item\":\"https:\\\/\\\/libwomenstore.com\\\/shop-kezdolap-termek-kategoriak\\\/?lang=en\"},{\"@type\":\"ListItem\",\"position\":3,\"name\":\"IROHA Ukidama\"}]},{\"@type\":\"WebSite\",\"@id\":\"https:\\\/\\\/libwomenstore.com\\\/en\\\/#website\",\"url\":\"https:\\\/\\\/libwomenstore.com\\\/en\\\/\",\"name\":\"Lib Women Store\",\"description\":\"Magyarorsz\u00e1g els\u0151 n\u0151kre f\u00f3kusz\u00e1l\u00f3 szexshopja, ahol az eg\u00e9szs\u00e9g ugyanolyan fontos, mint az \u00e9lvezetek.\",\"publisher\":{\"@id\":\"https:\\\/\\\/libwomenstore.com\\\/en\\\/#organization\"},\"alternateName\":\"Lib\",\"potentialAction\":[{\"@type\":\"SearchAction\",\"target\":{\"@type\":\"EntryPoint\",\"urlTemplate\":\"https:\\\/\\\/libwomenstore.com\\\/en\\\/?s={search_term_string}\"},\"query-input\":{\"@type\":\"PropertyValueSpecification\",\"valueRequired\":true,\"valueName\":\"search_term_string\"}}],\"inLanguage\":\"en-US\"},{\"@type\":\"Organization\",\"@id\":\"https:\\\/\\\/libwomenstore.com\\\/en\\\/#organization\",\"name\":\"Lib Women Store\",\"url\":\"https:\\\/\\\/libwomenstore.com\\\/en\\\/\",\"logo\":{\"@type\":\"ImageObject\",\"inLanguage\":\"en-US\",\"@id\":\"https:\\\/\\\/libwomenstore.com\\\/en\\\/#\\\/schema\\\/logo\\\/image\\\/\",\"url\":\"https:\\\/\\\/libwomenstore.com\\\/wp-content\\\/uploads\\\/2024\\\/05\\\/cropped-LIB-logo-A.png\",\"contentUrl\":\"https:\\\/\\\/libwomenstore.com\\\/wp-content\\\/uploads\\\/2024\\\/05\\\/cropped-LIB-logo-A.png\",\"width\":512,\"height\":512,\"caption\":\"Lib Women Store\"},\"image\":{\"@id\":\"https:\\\/\\\/libwomenstore.com\\\/en\\\/#\\\/schema\\\/logo\\\/image\\\/\"},\"sameAs\":[\"https:\\\/\\\/www.facebook.com\\\/libwomenstore\"]}]}<\/script>\n<meta property=\"product:price:amount\" content=\"42000\" \/>\n<meta property=\"product:price:currency\" content=\"HUF\" \/>\n<meta property=\"og:availability\" content=\"instock\" \/>\n<meta property=\"product:availability\" content=\"instock\" \/>\n<meta property=\"product:retailer_item_id\" content=\"LIB-IH010\" \/>\n<meta property=\"product:condition\" content=\"new\" \/>\n<!-- \/ Yoast SEO Premium plugin. -->","yoast_head_json":{"title":"IROHA Ukidama - Lib Women&#039;s Store","description":"Ukidama is your choice if you are craving a spa treatment at home. Make a bath, set the mood with the light and turn on the vibration for ultimate pleasure","robots":{"index":"index","follow":"follow","max-snippet":"max-snippet:-1","max-image-preview":"max-image-preview:large","max-video-preview":"max-video-preview:-1"},"canonical":"https:\/\/libwomenstore.com\/en\/product\/vibrators\/clitoral-vibrators\/iroha-ukidama-clitoral-stimulator-vibrator-light-float\/","og_locale":"en_US","og_type":"article","og_title":"IROHA Ukidama","og_description":"Ukidama is your choice if you are craving a spa treatment at home. Make a bath, set the mood with the light and turn on the vibration for ultimate pleasure","og_url":"https:\/\/libwomenstore.com\/en\/product\/vibrators\/clitoral-vibrators\/iroha-ukidama-clitoral-stimulator-vibrator-light-float\/","og_site_name":"Lib Women&#039;s Store","article_publisher":"https:\/\/www.facebook.com\/libwomenstore","article_modified_time":"2025-11-30T23:48:29+00:00","og_image":[{"width":1500,"height":1500,"url":"https:\/\/libwomenstore.com\/wp-content\/uploads\/2024\/04\/Iroha_Ukidama_2.jpg","type":"image\/jpeg"}],"twitter_card":"summary_large_image","twitter_misc":{"Price":"42.000&#70;&#116;","Availability":"In stock"},"schema":{"@context":"https:\/\/schema.org","@graph":[{"@type":["WebPage","ItemPage"],"@id":"https:\/\/libwomenstore.com\/en\/product\/vibrators\/clitoral-vibrators\/iroha-ukidama-clitoral-stimulator-vibrator-light-float\/","url":"https:\/\/libwomenstore.com\/en\/product\/vibrators\/clitoral-vibrators\/iroha-ukidama-clitoral-stimulator-vibrator-light-float\/","name":"IROHA Ukidama - Lib Women&#039;s Store","isPartOf":{"@id":"https:\/\/libwomenstore.com\/en\/#website"},"primaryImageOfPage":{"@id":"https:\/\/libwomenstore.com\/en\/product\/vibrators\/clitoral-vibrators\/iroha-ukidama-clitoral-stimulator-vibrator-light-float\/#primaryimage"},"image":{"@id":"https:\/\/libwomenstore.com\/en\/product\/vibrators\/clitoral-vibrators\/iroha-ukidama-clitoral-stimulator-vibrator-light-float\/#primaryimage"},"thumbnailUrl":"https:\/\/libwomenstore.com\/wp-content\/uploads\/2024\/04\/Iroha_Ukidama_2.jpg","datePublished":"2024-04-16T10:03:03+00:00","dateModified":"2025-11-30T23:48:29+00:00","description":"Ukidama is your choice if you are craving a spa treatment at home. Make a bath, set the mood with the light and turn on the vibration for ultimate pleasure","breadcrumb":{"@id":"https:\/\/libwomenstore.com\/en\/product\/vibrators\/clitoral-vibrators\/iroha-ukidama-clitoral-stimulator-vibrator-light-float\/#breadcrumb"},"inLanguage":"en-US","potentialAction":[{"@type":"ReadAction","target":["https:\/\/libwomenstore.com\/en\/product\/vibrators\/clitoral-vibrators\/iroha-ukidama-clitoral-stimulator-vibrator-light-float\/"]}]},{"@type":"ImageObject","inLanguage":"en-US","@id":"https:\/\/libwomenstore.com\/en\/product\/vibrators\/clitoral-vibrators\/iroha-ukidama-clitoral-stimulator-vibrator-light-float\/#primaryimage","url":"https:\/\/libwomenstore.com\/wp-content\/uploads\/2024\/04\/Iroha_Ukidama_2.jpg","contentUrl":"https:\/\/libwomenstore.com\/wp-content\/uploads\/2024\/04\/Iroha_Ukidama_2.jpg","width":1500,"height":1500,"caption":"Iroha Ukidama massz\u00edroz\u00f3 vibr\u00e1tor, hangulatf\u00e9nnyel"},{"@type":"BreadcrumbList","@id":"https:\/\/libwomenstore.com\/en\/product\/vibrators\/clitoral-vibrators\/iroha-ukidama-clitoral-stimulator-vibrator-light-float\/#breadcrumb","itemListElement":[{"@type":"ListItem","position":1,"name":"Kezd\u0151lap","item":"https:\/\/libwomenstore.com\/en\/"},{"@type":"ListItem","position":2,"name":"Shop Home Page &#8211; Product categories","item":"https:\/\/libwomenstore.com\/shop-kezdolap-termek-kategoriak\/?lang=en"},{"@type":"ListItem","position":3,"name":"IROHA Ukidama"}]},{"@type":"WebSite","@id":"https:\/\/libwomenstore.com\/en\/#website","url":"https:\/\/libwomenstore.com\/en\/","name":"Lib Women Store","description":"Magyarorsz\u00e1g els\u0151 n\u0151kre f\u00f3kusz\u00e1l\u00f3 szexshopja, ahol az eg\u00e9szs\u00e9g ugyanolyan fontos, mint az \u00e9lvezetek.","publisher":{"@id":"https:\/\/libwomenstore.com\/en\/#organization"},"alternateName":"Lib","potentialAction":[{"@type":"SearchAction","target":{"@type":"EntryPoint","urlTemplate":"https:\/\/libwomenstore.com\/en\/?s={search_term_string}"},"query-input":{"@type":"PropertyValueSpecification","valueRequired":true,"valueName":"search_term_string"}}],"inLanguage":"en-US"},{"@type":"Organization","@id":"https:\/\/libwomenstore.com\/en\/#organization","name":"Lib Women Store","url":"https:\/\/libwomenstore.com\/en\/","logo":{"@type":"ImageObject","inLanguage":"en-US","@id":"https:\/\/libwomenstore.com\/en\/#\/schema\/logo\/image\/","url":"https:\/\/libwomenstore.com\/wp-content\/uploads\/2024\/05\/cropped-LIB-logo-A.png","contentUrl":"https:\/\/libwomenstore.com\/wp-content\/uploads\/2024\/05\/cropped-LIB-logo-A.png","width":512,"height":512,"caption":"Lib Women Store"},"image":{"@id":"https:\/\/libwomenstore.com\/en\/#\/schema\/logo\/image\/"},"sameAs":["https:\/\/www.facebook.com\/libwomenstore"]}]},"product_price_amount":"42000","product_price_currency":"HUF","og_availability":"instock","product_availability":"instock","product_retailer_item_id":"LIB-IH010","product_condition":"new"},"_links":{"self":[{"href":"https:\/\/libwomenstore.com\/en\/wp-json\/wp\/v2\/product\/28660","targetHints":{"allow":["GET"]}}],"collection":[{"href":"https:\/\/libwomenstore.com\/en\/wp-json\/wp\/v2\/product"}],"about":[{"href":"https:\/\/libwomenstore.com\/en\/wp-json\/wp\/v2\/types\/product"}],"replies":[{"embeddable":true,"href":"https:\/\/libwomenstore.com\/en\/wp-json\/wp\/v2\/comments?post=28660"}],"wp:featuredmedia":[{"embeddable":true,"href":"https:\/\/libwomenstore.com\/en\/wp-json\/wp\/v2\/media\/26618"}],"wp:attachment":[{"href":"https:\/\/libwomenstore.com\/en\/wp-json\/wp\/v2\/media?parent=28660"}],"wp:term":[{"taxonomy":"product_brand","embeddable":true,"href":"https:\/\/libwomenstore.com\/en\/wp-json\/wp\/v2\/product_brand?post=28660"},{"taxonomy":"product_cat","embeddable":true,"href":"https:\/\/libwomenstore.com\/en\/wp-json\/wp\/v2\/product_cat?post=28660"},{"taxonomy":"product_tag","embeddable":true,"href":"https:\/\/libwomenstore.com\/en\/wp-json\/wp\/v2\/product_tag?post=28660"}],"curies":[{"name":"wp","href":"https:\/\/api.w.org\/{rel}","templated":true}]}}