{"id":28665,"date":"2024-04-16T12:03:00","date_gmt":"2024-04-16T10:03:00","guid":{"rendered":"https:\/\/uj.libwomenstore.com\/?post_type=product&#038;p=28665"},"modified":"2025-01-17T18:06:39","modified_gmt":"2025-01-17T17:06:39","slug":"iroha-tenga-svr-penis-ring-and-finger-vibrator","status":"publish","type":"product","link":"https:\/\/libwomenstore.com\/en\/product\/vibrators\/clitoral-vibrators\/iroha-tenga-svr-penis-ring-and-finger-vibrator\/","title":{"rendered":"IROHA Tenga SVR"},"content":{"rendered":"<p style=\"text-align: center;\"><span style=\"font-weight: 400;\">This Red Dot award winning product proves the perfect job of Japanese desingers.\u00a0The Iroha brand is designed by women, so they put a lot of emphasis on making the games available in finer vibration modes. The SVR&#8217;s powerful engine enables maximum pleasure, while its longitudinal design stimulates your partner throughout.<\/span><\/p>\n<p style=\"text-align: center;\">The ring can be placed around the penis and the vibrations during sex pamper both parties. It can also be used as a finger vibrator by simply holding the object and stimulating your partner or yourself with it as part of foreplay.<\/p>\n<p style=\"text-align: center;\">The device can be controlled simply with one button, which allows you to easily turn it on and off even during use.<\/p>\n<p style=\"text-align: center;\"><b>Tip<\/b><\/p>\n<p style=\"text-align: center;\">A perfect choice for couples to start with, more flexible rubber for easier picking up and elongated shape to easily reach the clitoris!<\/p>\n<p style=\"text-align: center;\"><b>Features<\/b><\/p>\n<p style=\"text-align: center;\"><b>Size:<\/b><\/p>\n<p style=\"text-align: center;\">Length: 9 cm<br \/>\nRing diameter without stretching: 3.1 cm<br \/>\n5 different vibration strengths and 2 vibration patterns<br \/>\nOperating time: approx. 60 minutes (full power)<br \/>\nCharging time: approx. 60 minutes (5V 1A)<br \/>\nWaterproof up to 50 cm<br \/>\nUSB rechargeable<\/p>\n<p style=\"text-align: center;\"><b>Materials:\u00a0<\/b><\/p>\n<p style=\"text-align: center;\">Body: Body-Safe silicone, ABS, Li-ion battery<\/p>\n<p style=\"text-align: center;\"><b>Use\u00a0&amp;\u00a0Cleaning<\/b><\/p>\n<p style=\"text-align: center;\">Clean the product with lukewarm soapy water and wipe before letting it air dry. Keep the device in the holder included in the package. Do not come into direct contact with other silicone toys or oily materials as these may weaken the material.<\/p>\n<p style=\"text-align: center;\">It is worth using only a water-based lubricant, as the other types can weaken the silicone, thereby significantly shortening the life of the device.<\/p>\n","protected":false},"excerpt":{"rendered":"<p style=\"text-align: left;\">Passionate nights, intensified. The perfect smart vibe ring\u00a0for couples. The iroha SVR was created for couples in order to create deeper moments of partnered communication. Compact and powerful, the gorgeously colorful iroha SVR brings pleasurable moments to you and your partner.<\/p>\n","protected":false},"featured_media":35021,"comment_status":"open","ping_status":"closed","template":"","meta":{"_et_pb_use_builder":"","_et_pb_old_content":"","_et_gb_content_width":""},"product_brand":[],"product_cat":[322,355,318,343],"product_tag":[495,805],"class_list":{"0":"post-28665","1":"product","2":"type-product","3":"status-publish","4":"has-post-thumbnail","6":"product_cat-clitoral-vibrators","7":"product_cat-couple","8":"product_cat-vibrators","9":"product_cat-wearable","10":"product_tag-couples","11":"product_tag-penis-ring","13":"first","14":"instock","15":"taxable","16":"shipping-taxable","17":"purchasable","18":"product-type-variable"},"yoast_head":"<!-- This site is optimized with the Yoast SEO Premium plugin v27.4 (Yoast SEO v27.4) - https:\/\/yoast.com\/product\/yoast-seo-premium-wordpress\/ -->\n<title>IROHA Tenga SVR - Lib Women&#039;s Store<\/title>\n<meta name=\"description\" content=\"Tenga SVR is the perfect vibe for couples. You can use it as a finger vibrator for foreplay and as a penis ring during sex it is pleasurable for both\" \/>\n<meta name=\"robots\" content=\"index, follow, max-snippet:-1, max-image-preview:large, max-video-preview:-1\" \/>\n<link rel=\"canonical\" href=\"https:\/\/libwomenstore.com\/en\/product\/vibrators\/clitoral-vibrators\/iroha-tenga-svr-penis-ring-and-finger-vibrator\/\" \/>\n<meta property=\"og:locale\" content=\"en_US\" \/>\n<meta property=\"og:type\" content=\"article\" \/>\n<meta property=\"og:title\" content=\"IROHA Tenga SVR\" \/>\n<meta property=\"og:description\" content=\"Tenga SVR is the perfect vibe for couples. You can use it as a finger vibrator for foreplay and as a penis ring during sex it is pleasurable for both\" \/>\n<meta property=\"og:url\" content=\"https:\/\/libwomenstore.com\/en\/product\/vibrators\/clitoral-vibrators\/iroha-tenga-svr-penis-ring-and-finger-vibrator\/\" \/>\n<meta property=\"og:site_name\" content=\"Lib Women&#039;s Store\" \/>\n<meta property=\"article:publisher\" content=\"https:\/\/www.facebook.com\/libwomenstore\" \/>\n<meta property=\"article:modified_time\" content=\"2025-01-17T17:06:39+00:00\" \/>\n<meta property=\"og:image\" content=\"https:\/\/libwomenstore.com\/wp-content\/uploads\/2025\/01\/iroha-tenga-svr-zuld.jpg\" \/>\n\t<meta property=\"og:image:width\" content=\"2000\" \/>\n\t<meta property=\"og:image:height\" content=\"2000\" \/>\n\t<meta property=\"og:image:type\" content=\"image\/jpeg\" \/>\n<meta name=\"twitter:card\" content=\"summary_large_image\" \/>\n<meta name=\"twitter:label1\" content=\"Availability\" \/>\n\t<meta name=\"twitter:data1\" content=\"In stock\" \/>\n<script type=\"application\/ld+json\" class=\"yoast-schema-graph\">{\"@context\":\"https:\\\/\\\/schema.org\",\"@graph\":[{\"@type\":[\"WebPage\",\"ItemPage\"],\"@id\":\"https:\\\/\\\/libwomenstore.com\\\/en\\\/product\\\/vibrators\\\/clitoral-vibrators\\\/iroha-tenga-svr-penis-ring-and-finger-vibrator\\\/\",\"url\":\"https:\\\/\\\/libwomenstore.com\\\/en\\\/product\\\/vibrators\\\/clitoral-vibrators\\\/iroha-tenga-svr-penis-ring-and-finger-vibrator\\\/\",\"name\":\"IROHA Tenga SVR - Lib Women&#039;s Store\",\"isPartOf\":{\"@id\":\"https:\\\/\\\/libwomenstore.com\\\/en\\\/#website\"},\"primaryImageOfPage\":{\"@id\":\"https:\\\/\\\/libwomenstore.com\\\/en\\\/product\\\/vibrators\\\/clitoral-vibrators\\\/iroha-tenga-svr-penis-ring-and-finger-vibrator\\\/#primaryimage\"},\"image\":{\"@id\":\"https:\\\/\\\/libwomenstore.com\\\/en\\\/product\\\/vibrators\\\/clitoral-vibrators\\\/iroha-tenga-svr-penis-ring-and-finger-vibrator\\\/#primaryimage\"},\"thumbnailUrl\":\"https:\\\/\\\/libwomenstore.com\\\/wp-content\\\/uploads\\\/2024\\\/04\\\/iroha-svr-indigo-cockring.webp\",\"datePublished\":\"2024-04-16T10:03:00+00:00\",\"dateModified\":\"2025-01-17T17:06:39+00:00\",\"description\":\"Tenga SVR is the perfect vibe for couples. You can use it as a finger vibrator for foreplay and as a penis ring during sex it is pleasurable for both\",\"breadcrumb\":{\"@id\":\"https:\\\/\\\/libwomenstore.com\\\/en\\\/product\\\/vibrators\\\/clitoral-vibrators\\\/iroha-tenga-svr-penis-ring-and-finger-vibrator\\\/#breadcrumb\"},\"inLanguage\":\"en-US\",\"potentialAction\":[{\"@type\":\"ReadAction\",\"target\":[\"https:\\\/\\\/libwomenstore.com\\\/en\\\/product\\\/vibrators\\\/clitoral-vibrators\\\/iroha-tenga-svr-penis-ring-and-finger-vibrator\\\/\"]}]},{\"@type\":\"ImageObject\",\"inLanguage\":\"en-US\",\"@id\":\"https:\\\/\\\/libwomenstore.com\\\/en\\\/product\\\/vibrators\\\/clitoral-vibrators\\\/iroha-tenga-svr-penis-ring-and-finger-vibrator\\\/#primaryimage\",\"url\":\"https:\\\/\\\/libwomenstore.com\\\/wp-content\\\/uploads\\\/2024\\\/04\\\/iroha-svr-indigo-cockring.webp\",\"contentUrl\":\"https:\\\/\\\/libwomenstore.com\\\/wp-content\\\/uploads\\\/2024\\\/04\\\/iroha-svr-indigo-cockring.webp\",\"width\":700,\"height\":700},{\"@type\":\"BreadcrumbList\",\"@id\":\"https:\\\/\\\/libwomenstore.com\\\/en\\\/product\\\/vibrators\\\/clitoral-vibrators\\\/iroha-tenga-svr-penis-ring-and-finger-vibrator\\\/#breadcrumb\",\"itemListElement\":[{\"@type\":\"ListItem\",\"position\":1,\"name\":\"Kezd\u0151lap\",\"item\":\"https:\\\/\\\/libwomenstore.com\\\/en\\\/\"},{\"@type\":\"ListItem\",\"position\":2,\"name\":\"Shop Home Page &#8211; Product categories\",\"item\":\"https:\\\/\\\/libwomenstore.com\\\/shop-kezdolap-termek-kategoriak\\\/?lang=en\"},{\"@type\":\"ListItem\",\"position\":3,\"name\":\"IROHA Tenga SVR\"}]},{\"@type\":\"WebSite\",\"@id\":\"https:\\\/\\\/libwomenstore.com\\\/en\\\/#website\",\"url\":\"https:\\\/\\\/libwomenstore.com\\\/en\\\/\",\"name\":\"Lib Women Store\",\"description\":\"Magyarorsz\u00e1g els\u0151 n\u0151kre f\u00f3kusz\u00e1l\u00f3 szexshopja, ahol az eg\u00e9szs\u00e9g ugyanolyan fontos, mint az \u00e9lvezetek.\",\"publisher\":{\"@id\":\"https:\\\/\\\/libwomenstore.com\\\/en\\\/#organization\"},\"alternateName\":\"Lib\",\"potentialAction\":[{\"@type\":\"SearchAction\",\"target\":{\"@type\":\"EntryPoint\",\"urlTemplate\":\"https:\\\/\\\/libwomenstore.com\\\/en\\\/?s={search_term_string}\"},\"query-input\":{\"@type\":\"PropertyValueSpecification\",\"valueRequired\":true,\"valueName\":\"search_term_string\"}}],\"inLanguage\":\"en-US\"},{\"@type\":\"Organization\",\"@id\":\"https:\\\/\\\/libwomenstore.com\\\/en\\\/#organization\",\"name\":\"Lib Women Store\",\"url\":\"https:\\\/\\\/libwomenstore.com\\\/en\\\/\",\"logo\":{\"@type\":\"ImageObject\",\"inLanguage\":\"en-US\",\"@id\":\"https:\\\/\\\/libwomenstore.com\\\/en\\\/#\\\/schema\\\/logo\\\/image\\\/\",\"url\":\"https:\\\/\\\/libwomenstore.com\\\/wp-content\\\/uploads\\\/2024\\\/05\\\/cropped-LIB-logo-A.png\",\"contentUrl\":\"https:\\\/\\\/libwomenstore.com\\\/wp-content\\\/uploads\\\/2024\\\/05\\\/cropped-LIB-logo-A.png\",\"width\":512,\"height\":512,\"caption\":\"Lib Women Store\"},\"image\":{\"@id\":\"https:\\\/\\\/libwomenstore.com\\\/en\\\/#\\\/schema\\\/logo\\\/image\\\/\"},\"sameAs\":[\"https:\\\/\\\/www.facebook.com\\\/libwomenstore\"]}]}<\/script>\n<meta property=\"og:availability\" content=\"instock\" \/>\n<meta property=\"product:availability\" content=\"instock\" \/>\n<meta property=\"product:retailer_item_id\" content=\"8126111875340\" \/>\n<meta property=\"product:condition\" content=\"new\" \/>\n<!-- \/ Yoast SEO Premium plugin. -->","yoast_head_json":{"title":"IROHA Tenga SVR - Lib Women&#039;s Store","description":"Tenga SVR is the perfect vibe for couples. You can use it as a finger vibrator for foreplay and as a penis ring during sex it is pleasurable for both","robots":{"index":"index","follow":"follow","max-snippet":"max-snippet:-1","max-image-preview":"max-image-preview:large","max-video-preview":"max-video-preview:-1"},"canonical":"https:\/\/libwomenstore.com\/en\/product\/vibrators\/clitoral-vibrators\/iroha-tenga-svr-penis-ring-and-finger-vibrator\/","og_locale":"en_US","og_type":"article","og_title":"IROHA Tenga SVR","og_description":"Tenga SVR is the perfect vibe for couples. You can use it as a finger vibrator for foreplay and as a penis ring during sex it is pleasurable for both","og_url":"https:\/\/libwomenstore.com\/en\/product\/vibrators\/clitoral-vibrators\/iroha-tenga-svr-penis-ring-and-finger-vibrator\/","og_site_name":"Lib Women&#039;s Store","article_publisher":"https:\/\/www.facebook.com\/libwomenstore","article_modified_time":"2025-01-17T17:06:39+00:00","og_image":[{"width":2000,"height":2000,"url":"https:\/\/libwomenstore.com\/wp-content\/uploads\/2025\/01\/iroha-tenga-svr-zuld.jpg","type":"image\/jpeg"}],"twitter_card":"summary_large_image","twitter_misc":{"Availability":"In stock"},"schema":{"@context":"https:\/\/schema.org","@graph":[{"@type":["WebPage","ItemPage"],"@id":"https:\/\/libwomenstore.com\/en\/product\/vibrators\/clitoral-vibrators\/iroha-tenga-svr-penis-ring-and-finger-vibrator\/","url":"https:\/\/libwomenstore.com\/en\/product\/vibrators\/clitoral-vibrators\/iroha-tenga-svr-penis-ring-and-finger-vibrator\/","name":"IROHA Tenga SVR - Lib Women&#039;s Store","isPartOf":{"@id":"https:\/\/libwomenstore.com\/en\/#website"},"primaryImageOfPage":{"@id":"https:\/\/libwomenstore.com\/en\/product\/vibrators\/clitoral-vibrators\/iroha-tenga-svr-penis-ring-and-finger-vibrator\/#primaryimage"},"image":{"@id":"https:\/\/libwomenstore.com\/en\/product\/vibrators\/clitoral-vibrators\/iroha-tenga-svr-penis-ring-and-finger-vibrator\/#primaryimage"},"thumbnailUrl":"https:\/\/libwomenstore.com\/wp-content\/uploads\/2024\/04\/iroha-svr-indigo-cockring.webp","datePublished":"2024-04-16T10:03:00+00:00","dateModified":"2025-01-17T17:06:39+00:00","description":"Tenga SVR is the perfect vibe for couples. You can use it as a finger vibrator for foreplay and as a penis ring during sex it is pleasurable for both","breadcrumb":{"@id":"https:\/\/libwomenstore.com\/en\/product\/vibrators\/clitoral-vibrators\/iroha-tenga-svr-penis-ring-and-finger-vibrator\/#breadcrumb"},"inLanguage":"en-US","potentialAction":[{"@type":"ReadAction","target":["https:\/\/libwomenstore.com\/en\/product\/vibrators\/clitoral-vibrators\/iroha-tenga-svr-penis-ring-and-finger-vibrator\/"]}]},{"@type":"ImageObject","inLanguage":"en-US","@id":"https:\/\/libwomenstore.com\/en\/product\/vibrators\/clitoral-vibrators\/iroha-tenga-svr-penis-ring-and-finger-vibrator\/#primaryimage","url":"https:\/\/libwomenstore.com\/wp-content\/uploads\/2024\/04\/iroha-svr-indigo-cockring.webp","contentUrl":"https:\/\/libwomenstore.com\/wp-content\/uploads\/2024\/04\/iroha-svr-indigo-cockring.webp","width":700,"height":700},{"@type":"BreadcrumbList","@id":"https:\/\/libwomenstore.com\/en\/product\/vibrators\/clitoral-vibrators\/iroha-tenga-svr-penis-ring-and-finger-vibrator\/#breadcrumb","itemListElement":[{"@type":"ListItem","position":1,"name":"Kezd\u0151lap","item":"https:\/\/libwomenstore.com\/en\/"},{"@type":"ListItem","position":2,"name":"Shop Home Page &#8211; Product categories","item":"https:\/\/libwomenstore.com\/shop-kezdolap-termek-kategoriak\/?lang=en"},{"@type":"ListItem","position":3,"name":"IROHA Tenga SVR"}]},{"@type":"WebSite","@id":"https:\/\/libwomenstore.com\/en\/#website","url":"https:\/\/libwomenstore.com\/en\/","name":"Lib Women Store","description":"Magyarorsz\u00e1g els\u0151 n\u0151kre f\u00f3kusz\u00e1l\u00f3 szexshopja, ahol az eg\u00e9szs\u00e9g ugyanolyan fontos, mint az \u00e9lvezetek.","publisher":{"@id":"https:\/\/libwomenstore.com\/en\/#organization"},"alternateName":"Lib","potentialAction":[{"@type":"SearchAction","target":{"@type":"EntryPoint","urlTemplate":"https:\/\/libwomenstore.com\/en\/?s={search_term_string}"},"query-input":{"@type":"PropertyValueSpecification","valueRequired":true,"valueName":"search_term_string"}}],"inLanguage":"en-US"},{"@type":"Organization","@id":"https:\/\/libwomenstore.com\/en\/#organization","name":"Lib Women Store","url":"https:\/\/libwomenstore.com\/en\/","logo":{"@type":"ImageObject","inLanguage":"en-US","@id":"https:\/\/libwomenstore.com\/en\/#\/schema\/logo\/image\/","url":"https:\/\/libwomenstore.com\/wp-content\/uploads\/2024\/05\/cropped-LIB-logo-A.png","contentUrl":"https:\/\/libwomenstore.com\/wp-content\/uploads\/2024\/05\/cropped-LIB-logo-A.png","width":512,"height":512,"caption":"Lib Women Store"},"image":{"@id":"https:\/\/libwomenstore.com\/en\/#\/schema\/logo\/image\/"},"sameAs":["https:\/\/www.facebook.com\/libwomenstore"]}]},"og_availability":"instock","product_availability":"instock","product_retailer_item_id":"8126111875340","product_condition":"new"},"_links":{"self":[{"href":"https:\/\/libwomenstore.com\/en\/wp-json\/wp\/v2\/product\/28665","targetHints":{"allow":["GET"]}}],"collection":[{"href":"https:\/\/libwomenstore.com\/en\/wp-json\/wp\/v2\/product"}],"about":[{"href":"https:\/\/libwomenstore.com\/en\/wp-json\/wp\/v2\/types\/product"}],"replies":[{"embeddable":true,"href":"https:\/\/libwomenstore.com\/en\/wp-json\/wp\/v2\/comments?post=28665"}],"wp:featuredmedia":[{"embeddable":true,"href":"https:\/\/libwomenstore.com\/en\/wp-json\/wp\/v2\/media\/35021"}],"wp:attachment":[{"href":"https:\/\/libwomenstore.com\/en\/wp-json\/wp\/v2\/media?parent=28665"}],"wp:term":[{"taxonomy":"product_brand","embeddable":true,"href":"https:\/\/libwomenstore.com\/en\/wp-json\/wp\/v2\/product_brand?post=28665"},{"taxonomy":"product_cat","embeddable":true,"href":"https:\/\/libwomenstore.com\/en\/wp-json\/wp\/v2\/product_cat?post=28665"},{"taxonomy":"product_tag","embeddable":true,"href":"https:\/\/libwomenstore.com\/en\/wp-json\/wp\/v2\/product_tag?post=28665"}],"curies":[{"name":"wp","href":"https:\/\/api.w.org\/{rel}","templated":true}]}}