{"id":28669,"date":"2024-04-16T12:02:55","date_gmt":"2024-04-16T10:02:55","guid":{"rendered":"https:\/\/uj.libwomenstore.com\/?post_type=product&#038;p=28669"},"modified":"2026-04-16T12:58:21","modified_gmt":"2026-04-16T10:58:21","slug":"iroha-stick-external-clitoris-bullet-vibrator","status":"publish","type":"product","link":"https:\/\/libwomenstore.com\/en\/product\/vibrators\/clitoral-vibrators\/iroha-stick-external-clitoris-bullet-vibrator\/","title":{"rendered":"IROHA Stick"},"content":{"rendered":"<p style=\"text-align: center;\"><span style=\"font-weight: 400;\">Due to its practical design and size, you can take the Stick with you anywhere. The Stick is capable of different types of stimulation, thanks to its unique design, use the tip if you want a more intense feeling! The lipstick is discreet, while the cap protects it from dirt.\u00a0\u00a0<\/span><\/p>\n<p style=\"text-align: center;\"><span style=\"font-weight: 400;\">A combination of soft silicone and powerful vibration.<\/span><\/p>\n<p style=\"text-align: center;\"><b>Tip<\/b><b>\u00a0<\/b><\/p>\n<p style=\"text-align: center;\"><span style=\"font-weight: 400;\">You can use it in the bath or in bed, take it with you anywhere in your toiletry bag!<\/span><\/p>\n<p style=\"text-align: center;\"><b>Features<\/b><span style=\"font-weight: 400;\">\u00a0<\/span><\/p>\n<p style=\"text-align: center;\"><span style=\"font-weight: 400;\">Silicone, PC, works with 1 AAA alkaline battery.<\/span><\/p>\n<p style=\"text-align: center;\"><span style=\"font-weight: 400;\">\u00a0<\/span><\/p>\n<p style=\"text-align: center;\"><span style=\"font-weight: 400;\">The strength of the vibration can be adjusted on the device.<\/span><\/p>\n<p style=\"text-align: center;\"><span style=\"font-weight: 400;\">\u00a0<\/span><\/p>\n<p style=\"text-align: center;\"><span style=\"font-weight: 400;\">Product waterproof up to 50 cm.<\/span><\/p>\n<p style=\"text-align: center;\"><span style=\"font-weight: 400;\">\u00a0<\/span><\/p>\n<p style=\"text-align: center;\"><span style=\"font-weight: 400;\">Size: 2.2 \u00d7 2.2 \u00d7 9.9 cm<\/span><\/p>\n<p style=\"text-align: center;\"><span style=\"font-weight: 400;\">\u00a0<\/span><\/p>\n<p style=\"text-align: center;\"><span style=\"font-weight: 400;\">Running time: 5 hours on the strongest setting.<\/span><\/p>\n<p style=\"text-align: center;\"><b>Use &amp; Cleaning<\/b><\/p>\n<p style=\"text-align: center;\"><span style=\"font-weight: 400;\">The product can be disinfected with lukewarm soapy water or cleaning agents developed for this purpose.<\/span><\/p>\n<p style=\"text-align: center;\"><span style=\"font-weight: 400;\">\u00a0<\/span><\/p>\n<p style=\"text-align: center;\"><span style=\"font-weight: 400;\">Use only water-based lubricants, as other types can weaken the silicone, thereby significantly decreasing the life of the device.<\/span><\/p>\n","protected":false},"excerpt":{"rendered":"<p style=\"text-align: left;\">Iroha is designed by women for women. The Stick was created so that self-care can be integrated into the daily routine as easily as possible. Iroha has developed this compact object that can easily be slipped into a pocket or purse and will accompany you anywhere.<\/p>\n","protected":false},"featured_media":34995,"comment_status":"open","ping_status":"closed","template":"","meta":{"_et_pb_use_builder":"","_et_pb_old_content":"","_et_gb_content_width":""},"product_brand":[],"product_cat":[347,322,323,318],"product_tag":[493],"class_list":{"0":"post-28669","1":"product","2":"type-product","3":"status-publish","4":"has-post-thumbnail","6":"product_cat-classic","7":"product_cat-clitoral-vibrators","8":"product_cat-lib-offer","9":"product_cat-vibrators","10":"product_tag-classic","12":"first","13":"instock","14":"taxable","15":"shipping-taxable","16":"purchasable","17":"product-type-simple"},"yoast_head":"<!-- This site is optimized with the Yoast SEO Premium plugin v27.4 (Yoast SEO v27.4) - https:\/\/yoast.com\/product\/yoast-seo-premium-wordpress\/ -->\n<title>IROHA Stick - Lib Women&#039;s Store<\/title>\n<meta name=\"description\" content=\"The Stick is the perfect partner on your travels. You can pop it in your purse with other essentials and you are ready to go!\" \/>\n<meta name=\"robots\" content=\"index, follow, max-snippet:-1, max-image-preview:large, max-video-preview:-1\" \/>\n<link rel=\"canonical\" href=\"https:\/\/libwomenstore.com\/en\/product\/vibrators\/clitoral-vibrators\/iroha-stick-external-clitoris-bullet-vibrator\/\" \/>\n<meta property=\"og:locale\" content=\"en_US\" \/>\n<meta property=\"og:type\" content=\"article\" \/>\n<meta property=\"og:title\" content=\"IROHA Stick\" \/>\n<meta property=\"og:description\" content=\"The Stick is the perfect partner on your travels. You can pop it in your purse with other essentials and you are ready to go!\" \/>\n<meta property=\"og:url\" content=\"https:\/\/libwomenstore.com\/en\/product\/vibrators\/clitoral-vibrators\/iroha-stick-external-clitoris-bullet-vibrator\/\" \/>\n<meta property=\"og:site_name\" content=\"Lib Women&#039;s Store\" \/>\n<meta property=\"article:publisher\" content=\"https:\/\/www.facebook.com\/libwomenstore\" \/>\n<meta property=\"article:modified_time\" content=\"2026-04-16T10:58:21+00:00\" \/>\n<meta property=\"og:image\" content=\"https:\/\/libwomenstore.com\/wp-content\/uploads\/2024\/04\/iroha-stick.webp\" \/>\n\t<meta property=\"og:image:width\" content=\"700\" \/>\n\t<meta property=\"og:image:height\" content=\"700\" \/>\n\t<meta property=\"og:image:type\" content=\"image\/webp\" \/>\n<meta name=\"twitter:card\" content=\"summary_large_image\" \/>\n<meta name=\"twitter:label1\" content=\"Price\" \/>\n\t<meta name=\"twitter:data1\" content=\"9.500&#070;&#116;\" \/>\n\t<meta name=\"twitter:label2\" content=\"Availability\" \/>\n\t<meta name=\"twitter:data2\" content=\"In stock\" \/>\n<script type=\"application\/ld+json\" class=\"yoast-schema-graph\">{\"@context\":\"https:\\\/\\\/schema.org\",\"@graph\":[{\"@type\":[\"WebPage\",\"ItemPage\"],\"@id\":\"https:\\\/\\\/libwomenstore.com\\\/en\\\/product\\\/vibrators\\\/clitoral-vibrators\\\/iroha-stick-external-clitoris-bullet-vibrator\\\/\",\"url\":\"https:\\\/\\\/libwomenstore.com\\\/en\\\/product\\\/vibrators\\\/clitoral-vibrators\\\/iroha-stick-external-clitoris-bullet-vibrator\\\/\",\"name\":\"IROHA Stick - Lib Women&#039;s Store\",\"isPartOf\":{\"@id\":\"https:\\\/\\\/libwomenstore.com\\\/en\\\/#website\"},\"primaryImageOfPage\":{\"@id\":\"https:\\\/\\\/libwomenstore.com\\\/en\\\/product\\\/vibrators\\\/clitoral-vibrators\\\/iroha-stick-external-clitoris-bullet-vibrator\\\/#primaryimage\"},\"image\":{\"@id\":\"https:\\\/\\\/libwomenstore.com\\\/en\\\/product\\\/vibrators\\\/clitoral-vibrators\\\/iroha-stick-external-clitoris-bullet-vibrator\\\/#primaryimage\"},\"thumbnailUrl\":\"https:\\\/\\\/libwomenstore.com\\\/wp-content\\\/uploads\\\/2024\\\/04\\\/iroha-stick.webp\",\"datePublished\":\"2024-04-16T10:02:55+00:00\",\"dateModified\":\"2026-04-16T10:58:21+00:00\",\"description\":\"The Stick is the perfect partner on your travels. You can pop it in your purse with other essentials and you are ready to go!\",\"breadcrumb\":{\"@id\":\"https:\\\/\\\/libwomenstore.com\\\/en\\\/product\\\/vibrators\\\/clitoral-vibrators\\\/iroha-stick-external-clitoris-bullet-vibrator\\\/#breadcrumb\"},\"inLanguage\":\"en-US\",\"potentialAction\":[{\"@type\":\"ReadAction\",\"target\":[\"https:\\\/\\\/libwomenstore.com\\\/en\\\/product\\\/vibrators\\\/clitoral-vibrators\\\/iroha-stick-external-clitoris-bullet-vibrator\\\/\"]}]},{\"@type\":\"ImageObject\",\"inLanguage\":\"en-US\",\"@id\":\"https:\\\/\\\/libwomenstore.com\\\/en\\\/product\\\/vibrators\\\/clitoral-vibrators\\\/iroha-stick-external-clitoris-bullet-vibrator\\\/#primaryimage\",\"url\":\"https:\\\/\\\/libwomenstore.com\\\/wp-content\\\/uploads\\\/2024\\\/04\\\/iroha-stick.webp\",\"contentUrl\":\"https:\\\/\\\/libwomenstore.com\\\/wp-content\\\/uploads\\\/2024\\\/04\\\/iroha-stick.webp\",\"width\":700,\"height\":700},{\"@type\":\"BreadcrumbList\",\"@id\":\"https:\\\/\\\/libwomenstore.com\\\/en\\\/product\\\/vibrators\\\/clitoral-vibrators\\\/iroha-stick-external-clitoris-bullet-vibrator\\\/#breadcrumb\",\"itemListElement\":[{\"@type\":\"ListItem\",\"position\":1,\"name\":\"Kezd\u0151lap\",\"item\":\"https:\\\/\\\/libwomenstore.com\\\/en\\\/\"},{\"@type\":\"ListItem\",\"position\":2,\"name\":\"Shop Home Page &#8211; Product categories\",\"item\":\"https:\\\/\\\/libwomenstore.com\\\/shop-kezdolap-termek-kategoriak\\\/?lang=en\"},{\"@type\":\"ListItem\",\"position\":3,\"name\":\"IROHA Stick\"}]},{\"@type\":\"WebSite\",\"@id\":\"https:\\\/\\\/libwomenstore.com\\\/en\\\/#website\",\"url\":\"https:\\\/\\\/libwomenstore.com\\\/en\\\/\",\"name\":\"Lib Women Store\",\"description\":\"Magyarorsz\u00e1g els\u0151 n\u0151kre f\u00f3kusz\u00e1l\u00f3 szexshopja, ahol az eg\u00e9szs\u00e9g ugyanolyan fontos, mint az \u00e9lvezetek.\",\"publisher\":{\"@id\":\"https:\\\/\\\/libwomenstore.com\\\/en\\\/#organization\"},\"alternateName\":\"Lib\",\"potentialAction\":[{\"@type\":\"SearchAction\",\"target\":{\"@type\":\"EntryPoint\",\"urlTemplate\":\"https:\\\/\\\/libwomenstore.com\\\/en\\\/?s={search_term_string}\"},\"query-input\":{\"@type\":\"PropertyValueSpecification\",\"valueRequired\":true,\"valueName\":\"search_term_string\"}}],\"inLanguage\":\"en-US\"},{\"@type\":\"Organization\",\"@id\":\"https:\\\/\\\/libwomenstore.com\\\/en\\\/#organization\",\"name\":\"Lib Women Store\",\"url\":\"https:\\\/\\\/libwomenstore.com\\\/en\\\/\",\"logo\":{\"@type\":\"ImageObject\",\"inLanguage\":\"en-US\",\"@id\":\"https:\\\/\\\/libwomenstore.com\\\/en\\\/#\\\/schema\\\/logo\\\/image\\\/\",\"url\":\"https:\\\/\\\/libwomenstore.com\\\/wp-content\\\/uploads\\\/2024\\\/05\\\/cropped-LIB-logo-A.png\",\"contentUrl\":\"https:\\\/\\\/libwomenstore.com\\\/wp-content\\\/uploads\\\/2024\\\/05\\\/cropped-LIB-logo-A.png\",\"width\":512,\"height\":512,\"caption\":\"Lib Women Store\"},\"image\":{\"@id\":\"https:\\\/\\\/libwomenstore.com\\\/en\\\/#\\\/schema\\\/logo\\\/image\\\/\"},\"sameAs\":[\"https:\\\/\\\/www.facebook.com\\\/libwomenstore\"]}]}<\/script>\n<meta property=\"product:price:amount\" content=\"9500\" \/>\n<meta property=\"product:price:currency\" content=\"HUF\" \/>\n<meta property=\"og:availability\" content=\"instock\" \/>\n<meta property=\"product:availability\" content=\"instock\" \/>\n<meta property=\"product:retailer_item_id\" content=\"LIB-IH001\" \/>\n<meta property=\"product:condition\" content=\"new\" \/>\n<!-- \/ Yoast SEO Premium plugin. -->","yoast_head_json":{"title":"IROHA Stick - Lib Women&#039;s Store","description":"The Stick is the perfect partner on your travels. You can pop it in your purse with other essentials and you are ready to go!","robots":{"index":"index","follow":"follow","max-snippet":"max-snippet:-1","max-image-preview":"max-image-preview:large","max-video-preview":"max-video-preview:-1"},"canonical":"https:\/\/libwomenstore.com\/en\/product\/vibrators\/clitoral-vibrators\/iroha-stick-external-clitoris-bullet-vibrator\/","og_locale":"en_US","og_type":"article","og_title":"IROHA Stick","og_description":"The Stick is the perfect partner on your travels. You can pop it in your purse with other essentials and you are ready to go!","og_url":"https:\/\/libwomenstore.com\/en\/product\/vibrators\/clitoral-vibrators\/iroha-stick-external-clitoris-bullet-vibrator\/","og_site_name":"Lib Women&#039;s Store","article_publisher":"https:\/\/www.facebook.com\/libwomenstore","article_modified_time":"2026-04-16T10:58:21+00:00","og_image":[{"width":700,"height":700,"url":"https:\/\/libwomenstore.com\/wp-content\/uploads\/2024\/04\/iroha-stick.webp","type":"image\/webp"}],"twitter_card":"summary_large_image","twitter_misc":{"Price":"9.500&#70;&#116;","Availability":"In stock"},"schema":{"@context":"https:\/\/schema.org","@graph":[{"@type":["WebPage","ItemPage"],"@id":"https:\/\/libwomenstore.com\/en\/product\/vibrators\/clitoral-vibrators\/iroha-stick-external-clitoris-bullet-vibrator\/","url":"https:\/\/libwomenstore.com\/en\/product\/vibrators\/clitoral-vibrators\/iroha-stick-external-clitoris-bullet-vibrator\/","name":"IROHA Stick - Lib Women&#039;s Store","isPartOf":{"@id":"https:\/\/libwomenstore.com\/en\/#website"},"primaryImageOfPage":{"@id":"https:\/\/libwomenstore.com\/en\/product\/vibrators\/clitoral-vibrators\/iroha-stick-external-clitoris-bullet-vibrator\/#primaryimage"},"image":{"@id":"https:\/\/libwomenstore.com\/en\/product\/vibrators\/clitoral-vibrators\/iroha-stick-external-clitoris-bullet-vibrator\/#primaryimage"},"thumbnailUrl":"https:\/\/libwomenstore.com\/wp-content\/uploads\/2024\/04\/iroha-stick.webp","datePublished":"2024-04-16T10:02:55+00:00","dateModified":"2026-04-16T10:58:21+00:00","description":"The Stick is the perfect partner on your travels. You can pop it in your purse with other essentials and you are ready to go!","breadcrumb":{"@id":"https:\/\/libwomenstore.com\/en\/product\/vibrators\/clitoral-vibrators\/iroha-stick-external-clitoris-bullet-vibrator\/#breadcrumb"},"inLanguage":"en-US","potentialAction":[{"@type":"ReadAction","target":["https:\/\/libwomenstore.com\/en\/product\/vibrators\/clitoral-vibrators\/iroha-stick-external-clitoris-bullet-vibrator\/"]}]},{"@type":"ImageObject","inLanguage":"en-US","@id":"https:\/\/libwomenstore.com\/en\/product\/vibrators\/clitoral-vibrators\/iroha-stick-external-clitoris-bullet-vibrator\/#primaryimage","url":"https:\/\/libwomenstore.com\/wp-content\/uploads\/2024\/04\/iroha-stick.webp","contentUrl":"https:\/\/libwomenstore.com\/wp-content\/uploads\/2024\/04\/iroha-stick.webp","width":700,"height":700},{"@type":"BreadcrumbList","@id":"https:\/\/libwomenstore.com\/en\/product\/vibrators\/clitoral-vibrators\/iroha-stick-external-clitoris-bullet-vibrator\/#breadcrumb","itemListElement":[{"@type":"ListItem","position":1,"name":"Kezd\u0151lap","item":"https:\/\/libwomenstore.com\/en\/"},{"@type":"ListItem","position":2,"name":"Shop Home Page &#8211; Product categories","item":"https:\/\/libwomenstore.com\/shop-kezdolap-termek-kategoriak\/?lang=en"},{"@type":"ListItem","position":3,"name":"IROHA Stick"}]},{"@type":"WebSite","@id":"https:\/\/libwomenstore.com\/en\/#website","url":"https:\/\/libwomenstore.com\/en\/","name":"Lib Women Store","description":"Magyarorsz\u00e1g els\u0151 n\u0151kre f\u00f3kusz\u00e1l\u00f3 szexshopja, ahol az eg\u00e9szs\u00e9g ugyanolyan fontos, mint az \u00e9lvezetek.","publisher":{"@id":"https:\/\/libwomenstore.com\/en\/#organization"},"alternateName":"Lib","potentialAction":[{"@type":"SearchAction","target":{"@type":"EntryPoint","urlTemplate":"https:\/\/libwomenstore.com\/en\/?s={search_term_string}"},"query-input":{"@type":"PropertyValueSpecification","valueRequired":true,"valueName":"search_term_string"}}],"inLanguage":"en-US"},{"@type":"Organization","@id":"https:\/\/libwomenstore.com\/en\/#organization","name":"Lib Women Store","url":"https:\/\/libwomenstore.com\/en\/","logo":{"@type":"ImageObject","inLanguage":"en-US","@id":"https:\/\/libwomenstore.com\/en\/#\/schema\/logo\/image\/","url":"https:\/\/libwomenstore.com\/wp-content\/uploads\/2024\/05\/cropped-LIB-logo-A.png","contentUrl":"https:\/\/libwomenstore.com\/wp-content\/uploads\/2024\/05\/cropped-LIB-logo-A.png","width":512,"height":512,"caption":"Lib Women Store"},"image":{"@id":"https:\/\/libwomenstore.com\/en\/#\/schema\/logo\/image\/"},"sameAs":["https:\/\/www.facebook.com\/libwomenstore"]}]},"product_price_amount":"9500","product_price_currency":"HUF","og_availability":"instock","product_availability":"instock","product_retailer_item_id":"LIB-IH001","product_condition":"new"},"_links":{"self":[{"href":"https:\/\/libwomenstore.com\/en\/wp-json\/wp\/v2\/product\/28669","targetHints":{"allow":["GET"]}}],"collection":[{"href":"https:\/\/libwomenstore.com\/en\/wp-json\/wp\/v2\/product"}],"about":[{"href":"https:\/\/libwomenstore.com\/en\/wp-json\/wp\/v2\/types\/product"}],"replies":[{"embeddable":true,"href":"https:\/\/libwomenstore.com\/en\/wp-json\/wp\/v2\/comments?post=28669"}],"wp:featuredmedia":[{"embeddable":true,"href":"https:\/\/libwomenstore.com\/en\/wp-json\/wp\/v2\/media\/34995"}],"wp:attachment":[{"href":"https:\/\/libwomenstore.com\/en\/wp-json\/wp\/v2\/media?parent=28669"}],"wp:term":[{"taxonomy":"product_brand","embeddable":true,"href":"https:\/\/libwomenstore.com\/en\/wp-json\/wp\/v2\/product_brand?post=28669"},{"taxonomy":"product_cat","embeddable":true,"href":"https:\/\/libwomenstore.com\/en\/wp-json\/wp\/v2\/product_cat?post=28669"},{"taxonomy":"product_tag","embeddable":true,"href":"https:\/\/libwomenstore.com\/en\/wp-json\/wp\/v2\/product_tag?post=28669"}],"curies":[{"name":"wp","href":"https:\/\/api.w.org\/{rel}","templated":true}]}}