{"id":28698,"date":"2024-04-16T12:02:38","date_gmt":"2024-04-16T10:02:38","guid":{"rendered":"https:\/\/uj.libwomenstore.com\/?post_type=product&#038;p=28698"},"modified":"2025-12-01T00:48:30","modified_gmt":"2025-11-30T23:48:30","slug":"intimate-rose-temperature-therapy-pelvic-wand-sexual-health-device-endometriosis","status":"publish","type":"product","link":"https:\/\/libwomenstore.com\/en\/product\/collabs\/lib-x-bliss-glass-toys-hand-crafted\/intimate-rose-temperature-therapy-pelvic-wand-sexual-health-device-endometriosis\/","title":{"rendered":"INTIMATE ROSE Temperature Therapy Pelvic Wand"},"content":{"rendered":"<p style=\"text-align: center;\"><strong>Warm or Cooling Temperature Therapy<\/strong><\/p>\n<p style=\"text-align: center;\"><strong><br \/>\n<\/strong>This is the only wand available that combines ergonomic shape with soothing temperature therapy.<br \/>\nRun it under warm tap water or put it in the freezer to cool it down. The core of the wand will retain the temperature to add soothing comfort to your pelvic pain therapy or endometriosis symptom management.<\/p>\n<p style=\"text-align: center;\"><strong>Fully covered in Body-safe silicone<\/strong><\/p>\n<p style=\"text-align: center;\">Intimate Rose Pelvic wands are the only wands available that are fully covered in smooth, medical grade, BPA-free silicone for the maximum comfort during use.<\/p>\n<p style=\"text-align: center;\"><strong>Each end is uniquely sized &amp; shaped<\/strong><\/p>\n<p style=\"text-align: center;\">Designed so that either end can be used vaginally or rectally for relief of trigger points.<\/p>\n<p style=\"text-align: center;\"><strong>Reaches trigger points throughout the pelvic floor<\/strong><br \/>\nThis includes the hard to reach puborectalis &amp; obturator internus muscles.<\/p>\n<p style=\"text-align: center;\"><strong>Tip<\/strong><\/p>\n<p style=\"text-align: center;\">Use the yellow pelvic wand to ease endometriosis symptoms!<\/p>\n<p style=\"text-align: center;\"><strong>How to use<\/strong><\/p>\n<p style=\"text-align: center;\"><strong>Step 1<\/strong><b>Step 2<\/b><\/p>\n<p style=\"text-align: center;\"><b>Decide which end to use. The curved end with the pointed tip is helpful for addressing trigger points closer to the entrance of the vagina or rectum. The longer, rounded end is often helpful for reaching deep tender points in the rectum or vagina.<\/b><\/p>\n<p style=\"text-align: center;\">For cold therapy, place the wand in the refrigerator or freezer. Prior to use, wash the wand with cold water and mild soap then pat dry.<\/p>\n<p>For warm therapy, use mild soap to wash the wand and run it under warm water for 1 to 3 minutes to achieve the desired temperature. The wand should be warm but not too hot to handle. *** Do Not boil, microwave, or heat in oven. *** Designate a place in your home that is safe, quiet and comfortable, such as your bed.<\/p>\n<p style=\"text-align: center;\"><strong>Step 2<\/strong><br \/>\nDecide which end to use. The curved end with the pointed tip is helpful for addressing trigger points closer to the entrance of the vagina or rectum. The longer, rounded end is often helpful for reaching deep tender points in the rectum or vagina.<\/p>\n<p style=\"text-align: center;\"><strong>Step 3<\/strong><br \/>\nUse a generous amount of water-based lubricant on the first 1 to 2 inches of the desired treatment end of the wand, as well as the opening of the vagina. The use of a water-based lubricant is important to preserve the medical grade silicone of the wand.<\/p>\n<p style=\"text-align: center;\"><strong>Step 4<\/strong><br \/>\nStart by lying on your back with your knees bent and feet planted. Some people may prefer to lie on their side instead. If that&#8217;s the case, be sure to bend your knees and support your top leg with a folded pillow between your knees.<\/p>\n<p style=\"text-align: center;\"><strong>Step 5<\/strong><br \/>\nBegin your session by breathing in and allowing your belly to expand, followed by exhaling, allowing your belly to slowly fall. The act of slowly exhaling helps to naturally relax the pelvic floor muscles. Repeat the deep breathing pattern, and continue to do so steadily and deliberately. Gently bring the wand to the opening of the vagina and carefully insert it on an exhale.<\/p>\n<p style=\"text-align: center;\"><strong>Step 6<\/strong><br \/>\nGently sweep the end of the wand until you encounter a tender point. When you find tender point, gently compress the end of the wand into the tender point with the same firmness you would use to check a tomato for ripeness. For example, don\u2019t press so hard you squish your tomato.<\/p>\n<p style=\"text-align: center;\"><strong>Step 7<\/strong><br \/>\nMaintain gentle pressure on the tender point and slowly move your bent knee left and right until you find a position that stops the pain in the pelvic floor muscle. When you find this position, remain there for 1 to 2 minutes to allow the tender point to fully release. Continue to breathe deeply.<\/p>\n<p style=\"text-align: center;\">Repeat this process 1 or 2 times per day as needed.<\/p>\n<p style=\"text-align: center;\"><strong>Sizes:<\/strong><\/p>\n<p style=\"text-align: center;\">Shallow muscles end:<\/p>\n<p style=\"text-align: center;\">thickest diameter: 6.35 cm<\/p>\n<p style=\"text-align: center;\">Longer, deeper muscles end:<\/p>\n<p style=\"text-align: center;\">thickest diameter: 3.81 cm<\/p>\n<p style=\"text-align: center;\">Full stick width: 20.32 cm<\/p>\n<p style=\"text-align: center;\">Total wand height: 10.4 cm<\/p>\n<p style=\"text-align: center;\"><strong>Cleaning<\/strong><\/p>\n<p>Clean before and after each use. It can be cleaned with lukewarm soapy water, then it is recommended to let it air dry. You can also use an alcohol-free disinfectant specially developed for keeping sexual aids clean. Use only with a water-based lubricant.<\/p>\n","protected":false},"excerpt":{"rendered":"<p style=\"text-align: left;\">The Temperature Therapy Pelvic Wand is covered in silky smooth, medical-grade silicone and uniquely designed to reach all muscles of the pelvic floor. It was created by a pelvic physical therapist to use soothing warm and cool temperature therapy to relieve trigger points in the pelvic floor muscles.<\/p>\n<p style=\"text-align: left;\"><strong>Yellow wand for those who battle with Endometriosis<\/strong><\/p>\n","protected":false},"featured_media":32342,"comment_status":"open","ping_status":"closed","template":"","meta":{"_et_pb_use_builder":"","_et_pb_old_content":"","_et_gb_content_width":""},"product_brand":[],"product_cat":[513,554,353,356],"product_tag":[633],"class_list":{"0":"post-28698","1":"product","2":"type-product","3":"status-publish","4":"has-post-thumbnail","6":"product_cat-collabs","7":"product_cat-lib-x-bliss-glass-toys-hand-crafted","8":"product_cat-pelvic-wand-en","9":"product_cat-sexual-health","10":"product_tag-wand-en","12":"first","13":"outofstock","14":"taxable","15":"shipping-taxable","16":"purchasable","17":"product-type-simple"},"yoast_head":"<!-- This site is optimized with the Yoast SEO Premium plugin v27.5 (Yoast SEO v27.5) - https:\/\/yoast.com\/product\/yoast-seo-premium-wordpress\/ -->\n<title>INTIMATE ROSE Temperature Therapy Pelvic Wand - Lib Women&#039;s Store<\/title>\n<meta name=\"description\" content=\"Did you know that endometriosis affects 10% of women? Try the cold therapy yellow wand for endometriosis pain relief if it affects you!\" \/>\n<meta name=\"robots\" content=\"index, follow, max-snippet:-1, max-image-preview:large, max-video-preview:-1\" \/>\n<link rel=\"canonical\" href=\"https:\/\/libwomenstore.com\/en\/product\/collabs\/lib-x-bliss-glass-toys-hand-crafted\/intimate-rose-temperature-therapy-pelvic-wand-sexual-health-device-endometriosis\/\" \/>\n<meta property=\"og:locale\" content=\"en_US\" \/>\n<meta property=\"og:type\" content=\"article\" \/>\n<meta property=\"og:title\" content=\"INTIMATE ROSE Temperature Therapy Pelvic Wand\" \/>\n<meta property=\"og:description\" content=\"Did you know that endometriosis affects 10% of women? Try the cold therapy yellow wand for endometriosis pain relief if it affects you!\" \/>\n<meta property=\"og:url\" content=\"https:\/\/libwomenstore.com\/en\/product\/collabs\/lib-x-bliss-glass-toys-hand-crafted\/intimate-rose-temperature-therapy-pelvic-wand-sexual-health-device-endometriosis\/\" \/>\n<meta property=\"og:site_name\" content=\"Lib Women&#039;s Store\" \/>\n<meta property=\"article:publisher\" content=\"https:\/\/www.facebook.com\/libwomenstore\" \/>\n<meta property=\"article:modified_time\" content=\"2025-11-30T23:48:30+00:00\" \/>\n<meta property=\"og:image\" content=\"https:\/\/libwomenstore.com\/wp-content\/uploads\/2024\/04\/intimate_rose_melegitheto_pelvic_wand.jpg\" \/>\n\t<meta property=\"og:image:width\" content=\"600\" \/>\n\t<meta property=\"og:image:height\" content=\"600\" \/>\n\t<meta property=\"og:image:type\" content=\"image\/jpeg\" \/>\n<meta name=\"twitter:card\" content=\"summary_large_image\" \/>\n<meta name=\"twitter:label1\" content=\"Price\" \/>\n\t<meta name=\"twitter:data1\" content=\"26.000&#070;&#116;\" \/>\n\t<meta name=\"twitter:label2\" content=\"Availability\" \/>\n\t<meta name=\"twitter:data2\" content=\"Out of stock\" \/>\n<script type=\"application\/ld+json\" class=\"yoast-schema-graph\">{\"@context\":\"https:\\\/\\\/schema.org\",\"@graph\":[{\"@type\":[\"WebPage\",\"ItemPage\"],\"@id\":\"https:\\\/\\\/libwomenstore.com\\\/en\\\/product\\\/collabs\\\/lib-x-bliss-glass-toys-hand-crafted\\\/intimate-rose-temperature-therapy-pelvic-wand-sexual-health-device-endometriosis\\\/\",\"url\":\"https:\\\/\\\/libwomenstore.com\\\/en\\\/product\\\/collabs\\\/lib-x-bliss-glass-toys-hand-crafted\\\/intimate-rose-temperature-therapy-pelvic-wand-sexual-health-device-endometriosis\\\/\",\"name\":\"INTIMATE ROSE Temperature Therapy Pelvic Wand - Lib Women&#039;s Store\",\"isPartOf\":{\"@id\":\"https:\\\/\\\/libwomenstore.com\\\/en\\\/#website\"},\"primaryImageOfPage\":{\"@id\":\"https:\\\/\\\/libwomenstore.com\\\/en\\\/product\\\/collabs\\\/lib-x-bliss-glass-toys-hand-crafted\\\/intimate-rose-temperature-therapy-pelvic-wand-sexual-health-device-endometriosis\\\/#primaryimage\"},\"image\":{\"@id\":\"https:\\\/\\\/libwomenstore.com\\\/en\\\/product\\\/collabs\\\/lib-x-bliss-glass-toys-hand-crafted\\\/intimate-rose-temperature-therapy-pelvic-wand-sexual-health-device-endometriosis\\\/#primaryimage\"},\"thumbnailUrl\":\"https:\\\/\\\/libwomenstore.com\\\/wp-content\\\/uploads\\\/2024\\\/04\\\/intimate_rose_melegitheto_pelvic_wand.jpg\",\"datePublished\":\"2024-04-16T10:02:38+00:00\",\"dateModified\":\"2025-11-30T23:48:30+00:00\",\"description\":\"Did you know that endometriosis affects 10% of women? Try the cold therapy yellow wand for endometriosis pain relief if it affects you!\",\"breadcrumb\":{\"@id\":\"https:\\\/\\\/libwomenstore.com\\\/en\\\/product\\\/collabs\\\/lib-x-bliss-glass-toys-hand-crafted\\\/intimate-rose-temperature-therapy-pelvic-wand-sexual-health-device-endometriosis\\\/#breadcrumb\"},\"inLanguage\":\"en-US\",\"potentialAction\":[{\"@type\":\"ReadAction\",\"target\":[\"https:\\\/\\\/libwomenstore.com\\\/en\\\/product\\\/collabs\\\/lib-x-bliss-glass-toys-hand-crafted\\\/intimate-rose-temperature-therapy-pelvic-wand-sexual-health-device-endometriosis\\\/\"]}]},{\"@type\":\"ImageObject\",\"inLanguage\":\"en-US\",\"@id\":\"https:\\\/\\\/libwomenstore.com\\\/en\\\/product\\\/collabs\\\/lib-x-bliss-glass-toys-hand-crafted\\\/intimate-rose-temperature-therapy-pelvic-wand-sexual-health-device-endometriosis\\\/#primaryimage\",\"url\":\"https:\\\/\\\/libwomenstore.com\\\/wp-content\\\/uploads\\\/2024\\\/04\\\/intimate_rose_melegitheto_pelvic_wand.jpg\",\"contentUrl\":\"https:\\\/\\\/libwomenstore.com\\\/wp-content\\\/uploads\\\/2024\\\/04\\\/intimate_rose_melegitheto_pelvic_wand.jpg\",\"width\":600,\"height\":600,\"caption\":\"Intimate Rose h\u0171thet\u0151 pelvic wand a medencefen\u00e9k eg\u00e9szs\u00e9g\u00e9\u00e9rt endometri\u00f3zisos f\u00e1jdalmakra\"},{\"@type\":\"BreadcrumbList\",\"@id\":\"https:\\\/\\\/libwomenstore.com\\\/en\\\/product\\\/collabs\\\/lib-x-bliss-glass-toys-hand-crafted\\\/intimate-rose-temperature-therapy-pelvic-wand-sexual-health-device-endometriosis\\\/#breadcrumb\",\"itemListElement\":[{\"@type\":\"ListItem\",\"position\":1,\"name\":\"Kezd\u0151lap\",\"item\":\"https:\\\/\\\/libwomenstore.com\\\/en\\\/\"},{\"@type\":\"ListItem\",\"position\":2,\"name\":\"Shop Home Page &#8211; Product categories\",\"item\":\"https:\\\/\\\/libwomenstore.com\\\/shop-kezdolap-termek-kategoriak\\\/?lang=en\"},{\"@type\":\"ListItem\",\"position\":3,\"name\":\"INTIMATE ROSE Temperature Therapy Pelvic Wand\"}]},{\"@type\":\"WebSite\",\"@id\":\"https:\\\/\\\/libwomenstore.com\\\/en\\\/#website\",\"url\":\"https:\\\/\\\/libwomenstore.com\\\/en\\\/\",\"name\":\"Lib Women Store\",\"description\":\"Magyarorsz\u00e1g els\u0151 n\u0151kre f\u00f3kusz\u00e1l\u00f3 szexshopja, ahol az eg\u00e9szs\u00e9g ugyanolyan fontos, mint az \u00e9lvezetek.\",\"publisher\":{\"@id\":\"https:\\\/\\\/libwomenstore.com\\\/en\\\/#organization\"},\"alternateName\":\"Lib\",\"potentialAction\":[{\"@type\":\"SearchAction\",\"target\":{\"@type\":\"EntryPoint\",\"urlTemplate\":\"https:\\\/\\\/libwomenstore.com\\\/en\\\/?s={search_term_string}\"},\"query-input\":{\"@type\":\"PropertyValueSpecification\",\"valueRequired\":true,\"valueName\":\"search_term_string\"}}],\"inLanguage\":\"en-US\"},{\"@type\":\"Organization\",\"@id\":\"https:\\\/\\\/libwomenstore.com\\\/en\\\/#organization\",\"name\":\"Lib Women Store\",\"url\":\"https:\\\/\\\/libwomenstore.com\\\/en\\\/\",\"logo\":{\"@type\":\"ImageObject\",\"inLanguage\":\"en-US\",\"@id\":\"https:\\\/\\\/libwomenstore.com\\\/en\\\/#\\\/schema\\\/logo\\\/image\\\/\",\"url\":\"https:\\\/\\\/libwomenstore.com\\\/wp-content\\\/uploads\\\/2024\\\/05\\\/cropped-LIB-logo-A.png\",\"contentUrl\":\"https:\\\/\\\/libwomenstore.com\\\/wp-content\\\/uploads\\\/2024\\\/05\\\/cropped-LIB-logo-A.png\",\"width\":512,\"height\":512,\"caption\":\"Lib Women Store\"},\"image\":{\"@id\":\"https:\\\/\\\/libwomenstore.com\\\/en\\\/#\\\/schema\\\/logo\\\/image\\\/\"},\"sameAs\":[\"https:\\\/\\\/www.facebook.com\\\/libwomenstore\"]}]}<\/script>\n<meta property=\"product:price:amount\" content=\"26000\" \/>\n<meta property=\"product:price:currency\" content=\"HUF\" \/>\n<meta property=\"og:availability\" content=\"out of stock\" \/>\n<meta property=\"product:availability\" content=\"out of stock\" \/>\n<meta property=\"product:retailer_item_id\" content=\"LIB-IR001\" \/>\n<meta property=\"product:condition\" content=\"new\" \/>\n<!-- \/ Yoast SEO Premium plugin. -->","yoast_head_json":{"title":"INTIMATE ROSE Temperature Therapy Pelvic Wand - Lib Women&#039;s Store","description":"Did you know that endometriosis affects 10% of women? Try the cold therapy yellow wand for endometriosis pain relief if it affects you!","robots":{"index":"index","follow":"follow","max-snippet":"max-snippet:-1","max-image-preview":"max-image-preview:large","max-video-preview":"max-video-preview:-1"},"canonical":"https:\/\/libwomenstore.com\/en\/product\/collabs\/lib-x-bliss-glass-toys-hand-crafted\/intimate-rose-temperature-therapy-pelvic-wand-sexual-health-device-endometriosis\/","og_locale":"en_US","og_type":"article","og_title":"INTIMATE ROSE Temperature Therapy Pelvic Wand","og_description":"Did you know that endometriosis affects 10% of women? Try the cold therapy yellow wand for endometriosis pain relief if it affects you!","og_url":"https:\/\/libwomenstore.com\/en\/product\/collabs\/lib-x-bliss-glass-toys-hand-crafted\/intimate-rose-temperature-therapy-pelvic-wand-sexual-health-device-endometriosis\/","og_site_name":"Lib Women&#039;s Store","article_publisher":"https:\/\/www.facebook.com\/libwomenstore","article_modified_time":"2025-11-30T23:48:30+00:00","og_image":[{"width":600,"height":600,"url":"https:\/\/libwomenstore.com\/wp-content\/uploads\/2024\/04\/intimate_rose_melegitheto_pelvic_wand.jpg","type":"image\/jpeg"}],"twitter_card":"summary_large_image","twitter_misc":{"Price":"26.000&#70;&#116;","Availability":"Out of stock"},"schema":{"@context":"https:\/\/schema.org","@graph":[{"@type":["WebPage","ItemPage"],"@id":"https:\/\/libwomenstore.com\/en\/product\/collabs\/lib-x-bliss-glass-toys-hand-crafted\/intimate-rose-temperature-therapy-pelvic-wand-sexual-health-device-endometriosis\/","url":"https:\/\/libwomenstore.com\/en\/product\/collabs\/lib-x-bliss-glass-toys-hand-crafted\/intimate-rose-temperature-therapy-pelvic-wand-sexual-health-device-endometriosis\/","name":"INTIMATE ROSE Temperature Therapy Pelvic Wand - Lib Women&#039;s Store","isPartOf":{"@id":"https:\/\/libwomenstore.com\/en\/#website"},"primaryImageOfPage":{"@id":"https:\/\/libwomenstore.com\/en\/product\/collabs\/lib-x-bliss-glass-toys-hand-crafted\/intimate-rose-temperature-therapy-pelvic-wand-sexual-health-device-endometriosis\/#primaryimage"},"image":{"@id":"https:\/\/libwomenstore.com\/en\/product\/collabs\/lib-x-bliss-glass-toys-hand-crafted\/intimate-rose-temperature-therapy-pelvic-wand-sexual-health-device-endometriosis\/#primaryimage"},"thumbnailUrl":"https:\/\/libwomenstore.com\/wp-content\/uploads\/2024\/04\/intimate_rose_melegitheto_pelvic_wand.jpg","datePublished":"2024-04-16T10:02:38+00:00","dateModified":"2025-11-30T23:48:30+00:00","description":"Did you know that endometriosis affects 10% of women? Try the cold therapy yellow wand for endometriosis pain relief if it affects you!","breadcrumb":{"@id":"https:\/\/libwomenstore.com\/en\/product\/collabs\/lib-x-bliss-glass-toys-hand-crafted\/intimate-rose-temperature-therapy-pelvic-wand-sexual-health-device-endometriosis\/#breadcrumb"},"inLanguage":"en-US","potentialAction":[{"@type":"ReadAction","target":["https:\/\/libwomenstore.com\/en\/product\/collabs\/lib-x-bliss-glass-toys-hand-crafted\/intimate-rose-temperature-therapy-pelvic-wand-sexual-health-device-endometriosis\/"]}]},{"@type":"ImageObject","inLanguage":"en-US","@id":"https:\/\/libwomenstore.com\/en\/product\/collabs\/lib-x-bliss-glass-toys-hand-crafted\/intimate-rose-temperature-therapy-pelvic-wand-sexual-health-device-endometriosis\/#primaryimage","url":"https:\/\/libwomenstore.com\/wp-content\/uploads\/2024\/04\/intimate_rose_melegitheto_pelvic_wand.jpg","contentUrl":"https:\/\/libwomenstore.com\/wp-content\/uploads\/2024\/04\/intimate_rose_melegitheto_pelvic_wand.jpg","width":600,"height":600,"caption":"Intimate Rose h\u0171thet\u0151 pelvic wand a medencefen\u00e9k eg\u00e9szs\u00e9g\u00e9\u00e9rt endometri\u00f3zisos f\u00e1jdalmakra"},{"@type":"BreadcrumbList","@id":"https:\/\/libwomenstore.com\/en\/product\/collabs\/lib-x-bliss-glass-toys-hand-crafted\/intimate-rose-temperature-therapy-pelvic-wand-sexual-health-device-endometriosis\/#breadcrumb","itemListElement":[{"@type":"ListItem","position":1,"name":"Kezd\u0151lap","item":"https:\/\/libwomenstore.com\/en\/"},{"@type":"ListItem","position":2,"name":"Shop Home Page &#8211; Product categories","item":"https:\/\/libwomenstore.com\/shop-kezdolap-termek-kategoriak\/?lang=en"},{"@type":"ListItem","position":3,"name":"INTIMATE ROSE Temperature Therapy Pelvic Wand"}]},{"@type":"WebSite","@id":"https:\/\/libwomenstore.com\/en\/#website","url":"https:\/\/libwomenstore.com\/en\/","name":"Lib Women Store","description":"Magyarorsz\u00e1g els\u0151 n\u0151kre f\u00f3kusz\u00e1l\u00f3 szexshopja, ahol az eg\u00e9szs\u00e9g ugyanolyan fontos, mint az \u00e9lvezetek.","publisher":{"@id":"https:\/\/libwomenstore.com\/en\/#organization"},"alternateName":"Lib","potentialAction":[{"@type":"SearchAction","target":{"@type":"EntryPoint","urlTemplate":"https:\/\/libwomenstore.com\/en\/?s={search_term_string}"},"query-input":{"@type":"PropertyValueSpecification","valueRequired":true,"valueName":"search_term_string"}}],"inLanguage":"en-US"},{"@type":"Organization","@id":"https:\/\/libwomenstore.com\/en\/#organization","name":"Lib Women Store","url":"https:\/\/libwomenstore.com\/en\/","logo":{"@type":"ImageObject","inLanguage":"en-US","@id":"https:\/\/libwomenstore.com\/en\/#\/schema\/logo\/image\/","url":"https:\/\/libwomenstore.com\/wp-content\/uploads\/2024\/05\/cropped-LIB-logo-A.png","contentUrl":"https:\/\/libwomenstore.com\/wp-content\/uploads\/2024\/05\/cropped-LIB-logo-A.png","width":512,"height":512,"caption":"Lib Women Store"},"image":{"@id":"https:\/\/libwomenstore.com\/en\/#\/schema\/logo\/image\/"},"sameAs":["https:\/\/www.facebook.com\/libwomenstore"]}]},"product_price_amount":"26000","product_price_currency":"HUF","og_availability":"out of stock","product_availability":"out of stock","product_retailer_item_id":"LIB-IR001","product_condition":"new"},"_links":{"self":[{"href":"https:\/\/libwomenstore.com\/en\/wp-json\/wp\/v2\/product\/28698","targetHints":{"allow":["GET"]}}],"collection":[{"href":"https:\/\/libwomenstore.com\/en\/wp-json\/wp\/v2\/product"}],"about":[{"href":"https:\/\/libwomenstore.com\/en\/wp-json\/wp\/v2\/types\/product"}],"replies":[{"embeddable":true,"href":"https:\/\/libwomenstore.com\/en\/wp-json\/wp\/v2\/comments?post=28698"}],"wp:featuredmedia":[{"embeddable":true,"href":"https:\/\/libwomenstore.com\/en\/wp-json\/wp\/v2\/media\/32342"}],"wp:attachment":[{"href":"https:\/\/libwomenstore.com\/en\/wp-json\/wp\/v2\/media?parent=28698"}],"wp:term":[{"taxonomy":"product_brand","embeddable":true,"href":"https:\/\/libwomenstore.com\/en\/wp-json\/wp\/v2\/product_brand?post=28698"},{"taxonomy":"product_cat","embeddable":true,"href":"https:\/\/libwomenstore.com\/en\/wp-json\/wp\/v2\/product_cat?post=28698"},{"taxonomy":"product_tag","embeddable":true,"href":"https:\/\/libwomenstore.com\/en\/wp-json\/wp\/v2\/product_tag?post=28698"}],"curies":[{"name":"wp","href":"https:\/\/api.w.org\/{rel}","templated":true}]}}