{"id":28705,"date":"2024-04-16T12:02:37","date_gmt":"2024-04-16T10:02:37","guid":{"rendered":"https:\/\/uj.libwomenstore.com\/?post_type=product&#038;p=28705"},"modified":"2025-01-07T17:36:03","modified_gmt":"2025-01-07T16:36:03","slug":"inspire-silicone-dilator-set-sexual-health-device-vaginismus","status":"publish","type":"product","link":"https:\/\/libwomenstore.com\/en\/product\/sexual-health\/inspire-silicone-dilator-set-sexual-health-device-vaginismus\/","title":{"rendered":"INSPIRE Silicone Dilator Set"},"content":{"rendered":"<p style=\"text-align: center;\"><span style=\"font-weight: 400;\">This five-piece vaginal trainer set is recommended for gradual expansion of the vagina, treatment of vaginismus, or recovery after vaginal surgery, radiation, or chemotherapy.<\/span><\/p>\n<p style=\"text-align: center;\"><span style=\"font-weight: 400;\">\u00a0<\/span><\/p>\n<p style=\"text-align: center;\"><span style=\"font-weight: 400;\">Sizes ranging from 7.5 centimeters to 14 centimeters in length are suitable for gradual expansion of the vagina, at a pace that suits you.<\/span><\/p>\n<p style=\"text-align: center;\"><span style=\"font-weight: 400;\">\u00a0<\/span><\/p>\n<p style=\"text-align: center;\"><span style=\"font-weight: 400;\">Made of soft, medical-grade silicone, each dilator has an ergonomic design which helps with easy insertion.<\/span><\/p>\n<p style=\"text-align: center;\"><span style=\"font-weight: 400;\">\u00a0<\/span><\/p>\n<p style=\"text-align: center;\"><span style=\"font-weight: 400;\">The finger loop at the bottom provides the user with complete peace of mind and control over the device.<\/span><\/p>\n<p style=\"text-align: center;\"><span style=\"font-weight: 400;\">After radiation or chemotherapy:<\/span><\/p>\n<p style=\"text-align: center;\"><span style=\"font-weight: 400;\">\u00a0<\/span><\/p>\n<p style=\"text-align: center;\"><span style=\"font-weight: 400;\">Pelvic radiation can cause scar tissue to form and make the entrance to the vagina less flexible and dry. Ladies often experience a shortening and narrowing of the vagina, as well as a decrease in blood flow to the area. Scarring of the vaginal tissue results in adhesions that can close the sides of the vagina, making intercourse and vaginal exams extremely difficult and uncomfortable.<\/span><\/p>\n<p style=\"text-align: center;\"><span style=\"font-weight: 400;\">\u00a0<\/span><\/p>\n<p style=\"text-align: center;\"><span style=\"font-weight: 400;\">Stimulation with a dilator helps prevent the formation of scar tissue and promotes healthy blood flow to the area, which aids in the breaking down of any scar tissue that may have formed. Even for women who are not sexually active and do not intend to be, it is important to be able to undergo a gynecological examination if necessary. Therefore, it is recommended to use a dilator regularly after treatment, as scarring can occur at any time. <\/span><span style=\"font-weight: 400;\">Be sure to check with your doctor for recommended instructions for use!<\/span><\/p>\n<p style=\"text-align: center;\"><span style=\"font-weight: 400;\">For people with vaginismus:<\/span><\/p>\n<p style=\"text-align: center;\"><span style=\"font-weight: 400;\">\u00a0<\/span><\/p>\n<p style=\"text-align: center;\"><span style=\"font-weight: 400;\">If you suffer from vaginismus, a dilation kit that allows you to gradually increase the flexibility of your vagina and get used to the sensation of penetration may be the answer you&#8217;ve been looking for. A deep-rooted fear of vaginal penetration can have a serious impact on your life, sexual intimacy and gynecological examinations can seem torturous. Unfortunately, many women who experience this crippling feeling are too scared to discuss it with a healthcare professional, so their condition goes untreated, leaving them feeling isolated and alone. If this sounds familiar, the first thing you should do is talk to someone, whether it&#8217;s a healthcare professional or a friend you trust; you will soon realize that you are not alone and you are definitely not &#8216;abnormal&#8217;. Many health professionals recommend using a dilator to prepare the body and mind to accept vaginal penetration and allow the dilator to increase in size over time. This should be done in an environment in which you feel completely comfortable and safe and should always be at your own pace. It is worth confirming the diagnosis with the help of a specialist and then starting treatment, which is planned together with the specialist.<\/span><\/p>\n<p style=\"text-align: center;\"><b>Features<\/b><span style=\"font-weight: 400;\">\u00a0<\/span><\/p>\n<p style=\"text-align: center;\"><span style=\"font-weight: 400;\">Each of the five dilators are made of medical grade silicone, and their ergonomic design promotes easy insertion and a comfortable fit. The finger loop helps control the entire range of movement. The finger loop may also be used with a massager, which helps some women relax. Using a water-based lubricant can make the product easier to use.<\/span><\/p>\n<p style=\"text-align: center;\"><b>Dimentions:<\/b><\/p>\n<p style=\"text-align: center;\"><span style=\"font-weight: 400;\">\u00a0<\/span><\/p>\n<p style=\"text-align: center;\"><span style=\"font-weight: 400;\">7.5 x 1.25 cm<\/span><\/p>\n<p style=\"text-align: center;\"><span style=\"font-weight: 400;\">\u00a0<\/span><\/p>\n<p style=\"text-align: center;\"><span style=\"font-weight: 400;\">9 x 2 cm<\/span><\/p>\n<p style=\"text-align: center;\"><span style=\"font-weight: 400;\">\u00a0<\/span><\/p>\n<p style=\"text-align: center;\"><span style=\"font-weight: 400;\">10.75 x 2 cm<\/span><\/p>\n<p style=\"text-align: center;\"><span style=\"font-weight: 400;\">\u00a0<\/span><\/p>\n<p style=\"text-align: center;\"><span style=\"font-weight: 400;\">12.75 x 2.5 cm<\/span><\/p>\n<p style=\"text-align: center;\"><span style=\"font-weight: 400;\">\u00a0<\/span><\/p>\n<p style=\"text-align: center;\"><span style=\"font-weight: 400;\">14 x 3.25 cm<\/span><\/p>\n<p style=\"text-align: center;\"><b>Use &amp; Cleaning<\/b><span style=\"font-weight: 400;\">\u00a0<\/span><\/p>\n<p style=\"text-align: center;\"><span style=\"font-weight: 400;\">Do not use this product with silicone-based lubricants, only water-based lubricants! Before and after each use, clean with lukewarm soapy water or an alcohol-free disinfectant specially designed for sexual aids.<\/span><\/p>\n","protected":false},"excerpt":{"rendered":"<p style=\"text-align: left;\">This five-piece vaginal trainer set is recommended for gradual expansion of the vagina, treatment of vaginismus, or recovery after vaginal surgery, radiation, or chemotherapy.<\/p>\n","protected":false},"featured_media":26569,"comment_status":"open","ping_status":"closed","template":"","meta":{"_et_pb_use_builder":"","_et_pb_old_content":"","_et_gb_content_width":""},"product_brand":[],"product_cat":[356],"product_tag":[],"class_list":{"0":"post-28705","1":"product","2":"type-product","3":"status-publish","4":"has-post-thumbnail","6":"product_cat-sexual-health","8":"first","9":"outofstock","10":"taxable","11":"shipping-taxable","12":"purchasable","13":"product-type-simple"},"yoast_head":"<!-- This site is optimized with the Yoast SEO Premium plugin v27.4 (Yoast SEO v27.4) - https:\/\/yoast.com\/product\/yoast-seo-premium-wordpress\/ -->\n<title>INSPIRE Silicone Dilator Set - Lib Women&#039;s Store<\/title>\n<meta name=\"description\" content=\"Did you know that vaginismus affects up to 15% of women? Try this easy-to-use 5-piece silicone dilator set if you&#039;re affected!\" \/>\n<meta name=\"robots\" content=\"index, follow, max-snippet:-1, max-image-preview:large, max-video-preview:-1\" \/>\n<link rel=\"canonical\" href=\"https:\/\/libwomenstore.com\/en\/product\/sexual-health\/inspire-silicone-dilator-set-sexual-health-device-vaginismus\/\" \/>\n<meta property=\"og:locale\" content=\"en_US\" \/>\n<meta property=\"og:type\" content=\"article\" \/>\n<meta property=\"og:title\" content=\"INSPIRE Silicone Dilator Set\" \/>\n<meta property=\"og:description\" content=\"Did you know that vaginismus affects up to 15% of women? Try this easy-to-use 5-piece silicone dilator set if you&#039;re affected!\" \/>\n<meta property=\"og:url\" content=\"https:\/\/libwomenstore.com\/en\/product\/sexual-health\/inspire-silicone-dilator-set-sexual-health-device-vaginismus\/\" \/>\n<meta property=\"og:site_name\" content=\"Lib Women&#039;s Store\" \/>\n<meta property=\"article:publisher\" content=\"https:\/\/www.facebook.com\/libwomenstore\" \/>\n<meta property=\"article:modified_time\" content=\"2025-01-07T16:36:03+00:00\" \/>\n<meta property=\"og:image\" content=\"https:\/\/libwomenstore.com\/wp-content\/uploads\/2024\/04\/Inspire_Dilator_Set_1.jpg\" \/>\n\t<meta property=\"og:image:width\" content=\"1500\" \/>\n\t<meta property=\"og:image:height\" content=\"1499\" \/>\n\t<meta property=\"og:image:type\" content=\"image\/jpeg\" \/>\n<meta name=\"twitter:card\" content=\"summary_large_image\" \/>\n<meta name=\"twitter:label1\" content=\"Price\" \/>\n\t<meta name=\"twitter:data1\" content=\"44.000&#070;&#116;\" \/>\n\t<meta name=\"twitter:label2\" content=\"Availability\" \/>\n\t<meta name=\"twitter:data2\" content=\"Out of stock\" \/>\n<script type=\"application\/ld+json\" class=\"yoast-schema-graph\">{\"@context\":\"https:\\\/\\\/schema.org\",\"@graph\":[{\"@type\":[\"WebPage\",\"ItemPage\"],\"@id\":\"https:\\\/\\\/libwomenstore.com\\\/en\\\/product\\\/sexual-health\\\/inspire-silicone-dilator-set-sexual-health-device-vaginismus\\\/\",\"url\":\"https:\\\/\\\/libwomenstore.com\\\/en\\\/product\\\/sexual-health\\\/inspire-silicone-dilator-set-sexual-health-device-vaginismus\\\/\",\"name\":\"INSPIRE Silicone Dilator Set - Lib Women&#039;s Store\",\"isPartOf\":{\"@id\":\"https:\\\/\\\/libwomenstore.com\\\/en\\\/#website\"},\"primaryImageOfPage\":{\"@id\":\"https:\\\/\\\/libwomenstore.com\\\/en\\\/product\\\/sexual-health\\\/inspire-silicone-dilator-set-sexual-health-device-vaginismus\\\/#primaryimage\"},\"image\":{\"@id\":\"https:\\\/\\\/libwomenstore.com\\\/en\\\/product\\\/sexual-health\\\/inspire-silicone-dilator-set-sexual-health-device-vaginismus\\\/#primaryimage\"},\"thumbnailUrl\":\"https:\\\/\\\/libwomenstore.com\\\/wp-content\\\/uploads\\\/2024\\\/04\\\/Inspire_Dilator_Set_1.jpg\",\"datePublished\":\"2024-04-16T10:02:37+00:00\",\"dateModified\":\"2025-01-07T16:36:03+00:00\",\"description\":\"Did you know that vaginismus affects up to 15% of women? Try this easy-to-use 5-piece silicone dilator set if you're affected!\",\"breadcrumb\":{\"@id\":\"https:\\\/\\\/libwomenstore.com\\\/en\\\/product\\\/sexual-health\\\/inspire-silicone-dilator-set-sexual-health-device-vaginismus\\\/#breadcrumb\"},\"inLanguage\":\"en-US\",\"potentialAction\":[{\"@type\":\"ReadAction\",\"target\":[\"https:\\\/\\\/libwomenstore.com\\\/en\\\/product\\\/sexual-health\\\/inspire-silicone-dilator-set-sexual-health-device-vaginismus\\\/\"]}]},{\"@type\":\"ImageObject\",\"inLanguage\":\"en-US\",\"@id\":\"https:\\\/\\\/libwomenstore.com\\\/en\\\/product\\\/sexual-health\\\/inspire-silicone-dilator-set-sexual-health-device-vaginismus\\\/#primaryimage\",\"url\":\"https:\\\/\\\/libwomenstore.com\\\/wp-content\\\/uploads\\\/2024\\\/04\\\/Inspire_Dilator_Set_1.jpg\",\"contentUrl\":\"https:\\\/\\\/libwomenstore.com\\\/wp-content\\\/uploads\\\/2024\\\/04\\\/Inspire_Dilator_Set_1.jpg\",\"width\":1500,\"height\":1499,\"caption\":\"Inspire Dil\u00e1tor k\u00e9szlet, 5 darabb\u00f3l \u00e1ll a vaginizmus kezel\u00e9s\u00e9re\"},{\"@type\":\"BreadcrumbList\",\"@id\":\"https:\\\/\\\/libwomenstore.com\\\/en\\\/product\\\/sexual-health\\\/inspire-silicone-dilator-set-sexual-health-device-vaginismus\\\/#breadcrumb\",\"itemListElement\":[{\"@type\":\"ListItem\",\"position\":1,\"name\":\"Kezd\u0151lap\",\"item\":\"https:\\\/\\\/libwomenstore.com\\\/en\\\/\"},{\"@type\":\"ListItem\",\"position\":2,\"name\":\"Shop Home Page &#8211; Product categories\",\"item\":\"https:\\\/\\\/libwomenstore.com\\\/shop-kezdolap-termek-kategoriak\\\/?lang=en\"},{\"@type\":\"ListItem\",\"position\":3,\"name\":\"INSPIRE Silicone Dilator Set\"}]},{\"@type\":\"WebSite\",\"@id\":\"https:\\\/\\\/libwomenstore.com\\\/en\\\/#website\",\"url\":\"https:\\\/\\\/libwomenstore.com\\\/en\\\/\",\"name\":\"Lib Women Store\",\"description\":\"Magyarorsz\u00e1g els\u0151 n\u0151kre f\u00f3kusz\u00e1l\u00f3 szexshopja, ahol az eg\u00e9szs\u00e9g ugyanolyan fontos, mint az \u00e9lvezetek.\",\"publisher\":{\"@id\":\"https:\\\/\\\/libwomenstore.com\\\/en\\\/#organization\"},\"alternateName\":\"Lib\",\"potentialAction\":[{\"@type\":\"SearchAction\",\"target\":{\"@type\":\"EntryPoint\",\"urlTemplate\":\"https:\\\/\\\/libwomenstore.com\\\/en\\\/?s={search_term_string}\"},\"query-input\":{\"@type\":\"PropertyValueSpecification\",\"valueRequired\":true,\"valueName\":\"search_term_string\"}}],\"inLanguage\":\"en-US\"},{\"@type\":\"Organization\",\"@id\":\"https:\\\/\\\/libwomenstore.com\\\/en\\\/#organization\",\"name\":\"Lib Women Store\",\"url\":\"https:\\\/\\\/libwomenstore.com\\\/en\\\/\",\"logo\":{\"@type\":\"ImageObject\",\"inLanguage\":\"en-US\",\"@id\":\"https:\\\/\\\/libwomenstore.com\\\/en\\\/#\\\/schema\\\/logo\\\/image\\\/\",\"url\":\"https:\\\/\\\/libwomenstore.com\\\/wp-content\\\/uploads\\\/2024\\\/05\\\/cropped-LIB-logo-A.png\",\"contentUrl\":\"https:\\\/\\\/libwomenstore.com\\\/wp-content\\\/uploads\\\/2024\\\/05\\\/cropped-LIB-logo-A.png\",\"width\":512,\"height\":512,\"caption\":\"Lib Women Store\"},\"image\":{\"@id\":\"https:\\\/\\\/libwomenstore.com\\\/en\\\/#\\\/schema\\\/logo\\\/image\\\/\"},\"sameAs\":[\"https:\\\/\\\/www.facebook.com\\\/libwomenstore\"]}]}<\/script>\n<meta property=\"product:price:amount\" content=\"44000\" \/>\n<meta property=\"product:price:currency\" content=\"HUF\" \/>\n<meta property=\"og:availability\" content=\"out of stock\" \/>\n<meta property=\"product:availability\" content=\"out of stock\" \/>\n<meta property=\"product:retailer_item_id\" content=\"LIB-IN001\" \/>\n<meta property=\"product:condition\" content=\"new\" \/>\n<!-- \/ Yoast SEO Premium plugin. -->","yoast_head_json":{"title":"INSPIRE Silicone Dilator Set - Lib Women&#039;s Store","description":"Did you know that vaginismus affects up to 15% of women? Try this easy-to-use 5-piece silicone dilator set if you're affected!","robots":{"index":"index","follow":"follow","max-snippet":"max-snippet:-1","max-image-preview":"max-image-preview:large","max-video-preview":"max-video-preview:-1"},"canonical":"https:\/\/libwomenstore.com\/en\/product\/sexual-health\/inspire-silicone-dilator-set-sexual-health-device-vaginismus\/","og_locale":"en_US","og_type":"article","og_title":"INSPIRE Silicone Dilator Set","og_description":"Did you know that vaginismus affects up to 15% of women? Try this easy-to-use 5-piece silicone dilator set if you're affected!","og_url":"https:\/\/libwomenstore.com\/en\/product\/sexual-health\/inspire-silicone-dilator-set-sexual-health-device-vaginismus\/","og_site_name":"Lib Women&#039;s Store","article_publisher":"https:\/\/www.facebook.com\/libwomenstore","article_modified_time":"2025-01-07T16:36:03+00:00","og_image":[{"width":1500,"height":1499,"url":"https:\/\/libwomenstore.com\/wp-content\/uploads\/2024\/04\/Inspire_Dilator_Set_1.jpg","type":"image\/jpeg"}],"twitter_card":"summary_large_image","twitter_misc":{"Price":"44.000&#70;&#116;","Availability":"Out of stock"},"schema":{"@context":"https:\/\/schema.org","@graph":[{"@type":["WebPage","ItemPage"],"@id":"https:\/\/libwomenstore.com\/en\/product\/sexual-health\/inspire-silicone-dilator-set-sexual-health-device-vaginismus\/","url":"https:\/\/libwomenstore.com\/en\/product\/sexual-health\/inspire-silicone-dilator-set-sexual-health-device-vaginismus\/","name":"INSPIRE Silicone Dilator Set - Lib Women&#039;s Store","isPartOf":{"@id":"https:\/\/libwomenstore.com\/en\/#website"},"primaryImageOfPage":{"@id":"https:\/\/libwomenstore.com\/en\/product\/sexual-health\/inspire-silicone-dilator-set-sexual-health-device-vaginismus\/#primaryimage"},"image":{"@id":"https:\/\/libwomenstore.com\/en\/product\/sexual-health\/inspire-silicone-dilator-set-sexual-health-device-vaginismus\/#primaryimage"},"thumbnailUrl":"https:\/\/libwomenstore.com\/wp-content\/uploads\/2024\/04\/Inspire_Dilator_Set_1.jpg","datePublished":"2024-04-16T10:02:37+00:00","dateModified":"2025-01-07T16:36:03+00:00","description":"Did you know that vaginismus affects up to 15% of women? Try this easy-to-use 5-piece silicone dilator set if you're affected!","breadcrumb":{"@id":"https:\/\/libwomenstore.com\/en\/product\/sexual-health\/inspire-silicone-dilator-set-sexual-health-device-vaginismus\/#breadcrumb"},"inLanguage":"en-US","potentialAction":[{"@type":"ReadAction","target":["https:\/\/libwomenstore.com\/en\/product\/sexual-health\/inspire-silicone-dilator-set-sexual-health-device-vaginismus\/"]}]},{"@type":"ImageObject","inLanguage":"en-US","@id":"https:\/\/libwomenstore.com\/en\/product\/sexual-health\/inspire-silicone-dilator-set-sexual-health-device-vaginismus\/#primaryimage","url":"https:\/\/libwomenstore.com\/wp-content\/uploads\/2024\/04\/Inspire_Dilator_Set_1.jpg","contentUrl":"https:\/\/libwomenstore.com\/wp-content\/uploads\/2024\/04\/Inspire_Dilator_Set_1.jpg","width":1500,"height":1499,"caption":"Inspire Dil\u00e1tor k\u00e9szlet, 5 darabb\u00f3l \u00e1ll a vaginizmus kezel\u00e9s\u00e9re"},{"@type":"BreadcrumbList","@id":"https:\/\/libwomenstore.com\/en\/product\/sexual-health\/inspire-silicone-dilator-set-sexual-health-device-vaginismus\/#breadcrumb","itemListElement":[{"@type":"ListItem","position":1,"name":"Kezd\u0151lap","item":"https:\/\/libwomenstore.com\/en\/"},{"@type":"ListItem","position":2,"name":"Shop Home Page &#8211; Product categories","item":"https:\/\/libwomenstore.com\/shop-kezdolap-termek-kategoriak\/?lang=en"},{"@type":"ListItem","position":3,"name":"INSPIRE Silicone Dilator Set"}]},{"@type":"WebSite","@id":"https:\/\/libwomenstore.com\/en\/#website","url":"https:\/\/libwomenstore.com\/en\/","name":"Lib Women Store","description":"Magyarorsz\u00e1g els\u0151 n\u0151kre f\u00f3kusz\u00e1l\u00f3 szexshopja, ahol az eg\u00e9szs\u00e9g ugyanolyan fontos, mint az \u00e9lvezetek.","publisher":{"@id":"https:\/\/libwomenstore.com\/en\/#organization"},"alternateName":"Lib","potentialAction":[{"@type":"SearchAction","target":{"@type":"EntryPoint","urlTemplate":"https:\/\/libwomenstore.com\/en\/?s={search_term_string}"},"query-input":{"@type":"PropertyValueSpecification","valueRequired":true,"valueName":"search_term_string"}}],"inLanguage":"en-US"},{"@type":"Organization","@id":"https:\/\/libwomenstore.com\/en\/#organization","name":"Lib Women Store","url":"https:\/\/libwomenstore.com\/en\/","logo":{"@type":"ImageObject","inLanguage":"en-US","@id":"https:\/\/libwomenstore.com\/en\/#\/schema\/logo\/image\/","url":"https:\/\/libwomenstore.com\/wp-content\/uploads\/2024\/05\/cropped-LIB-logo-A.png","contentUrl":"https:\/\/libwomenstore.com\/wp-content\/uploads\/2024\/05\/cropped-LIB-logo-A.png","width":512,"height":512,"caption":"Lib Women Store"},"image":{"@id":"https:\/\/libwomenstore.com\/en\/#\/schema\/logo\/image\/"},"sameAs":["https:\/\/www.facebook.com\/libwomenstore"]}]},"product_price_amount":"44000","product_price_currency":"HUF","og_availability":"out of stock","product_availability":"out of stock","product_retailer_item_id":"LIB-IN001","product_condition":"new"},"_links":{"self":[{"href":"https:\/\/libwomenstore.com\/en\/wp-json\/wp\/v2\/product\/28705","targetHints":{"allow":["GET"]}}],"collection":[{"href":"https:\/\/libwomenstore.com\/en\/wp-json\/wp\/v2\/product"}],"about":[{"href":"https:\/\/libwomenstore.com\/en\/wp-json\/wp\/v2\/types\/product"}],"replies":[{"embeddable":true,"href":"https:\/\/libwomenstore.com\/en\/wp-json\/wp\/v2\/comments?post=28705"}],"wp:featuredmedia":[{"embeddable":true,"href":"https:\/\/libwomenstore.com\/en\/wp-json\/wp\/v2\/media\/26569"}],"wp:attachment":[{"href":"https:\/\/libwomenstore.com\/en\/wp-json\/wp\/v2\/media?parent=28705"}],"wp:term":[{"taxonomy":"product_brand","embeddable":true,"href":"https:\/\/libwomenstore.com\/en\/wp-json\/wp\/v2\/product_brand?post=28705"},{"taxonomy":"product_cat","embeddable":true,"href":"https:\/\/libwomenstore.com\/en\/wp-json\/wp\/v2\/product_cat?post=28705"},{"taxonomy":"product_tag","embeddable":true,"href":"https:\/\/libwomenstore.com\/en\/wp-json\/wp\/v2\/product_tag?post=28705"}],"curies":[{"name":"wp","href":"https:\/\/api.w.org\/{rel}","templated":true}]}}