{"id":28712,"date":"2024-04-16T12:02:32","date_gmt":"2024-04-16T10:02:32","guid":{"rendered":"https:\/\/uj.libwomenstore.com\/?post_type=product&#038;p=28712"},"modified":"2025-04-28T01:03:07","modified_gmt":"2025-04-27T23:03:07","slug":"dorcel-flexi-rabbit-flexible-heatable-bunny-vibrator","status":"publish","type":"product","link":"https:\/\/libwomenstore.com\/en\/product\/vibrators\/dorcel-flexi-rabbit-flexible-heatable-bunny-vibrator\/","title":{"rendered":"DORCEL Flexi Rabbit"},"content":{"rendered":"<p style=\"text-align: center;\">The Flexi Rabbit from Dorcel is an ultra flexible sextoy for those who like to combine aesthetics, performance and comfort. Its design and flexibility allow it to bend to your wildest demands and stimulate both the clitoris and the G-spot simultaneously. Its powerful vibration and textured surface promise moments of intense pleasure. With its heated function, it will spice up your lovemaking and give you the most realistic sensations. If you like it, Flexi Rabbit will accompany you in the shower, there&#8217;s no stopping it, it&#8217;s up to you to challenge it!<\/p>\n<p style=\"text-align: center;\"><strong>Tip<\/strong><\/p>\n<p style=\"text-align: center;\">Turn on the heating function and surrender to greater pleasure!<\/p>\n<p style=\"text-align: center;\"><strong>Features<\/strong><\/p>\n<p style=\"text-align: center;\">Flexi Rabbit is made of hypoallergenic, phthalate-free silicone for maximum safety. The vibration buttons are made of ABS plastic.<\/p>\n<p style=\"text-align: center;\">9-9 vibration modes for vaginal and clitoral stimulation, from which you can create a unique combination to achieve orgasm.<\/p>\n<p style=\"text-align: center;\"><strong>Dimensions:<\/strong><\/p>\n<p style=\"text-align: center;\">21.2 x 4 x 3.6 cm<\/p>\n<p style=\"text-align: center;\">&#8211; Insertable length: 13 cm<\/p>\n<p style=\"text-align: center;\">&#8211; Lithium battery<\/p>\n<p style=\"text-align: center;\">&#8211; Charging time: 3 hours<\/p>\n<p style=\"text-align: center;\">&#8211; Battery life: 30-65 minutes<\/p>\n<p style=\"text-align: center;\">&#8211; Noise level: 45 pcs<\/p>\n<p style=\"text-align: center;\">&#8211; USB rechargeable (cable included)<\/p>\n<p style=\"text-align: center;\">&#8211; Waterproof IPX 7<\/p>\n<p style=\"text-align: center;\"><strong>Use &amp; Cleaning<\/strong><\/p>\n<p style=\"text-align: center;\">The product can be disinfected with lukewarm soapy water or cleaning agents developed for this purpose. Clean only with a lint-free material.<\/p>\n<p style=\"text-align: center;\">Use only with a water-based lubricant! It is not recommended for pregnant women.<\/p>\n","protected":false},"excerpt":{"rendered":"<p style=\"text-align: left;\">Dorcel&#8217;s ultra-flexible bunny has another secret, a heating function has been added for more intense stimulation!<\/p>\n","protected":false},"featured_media":32390,"comment_status":"open","ping_status":"closed","template":"","meta":{"_et_pb_use_builder":"","_et_pb_old_content":"","_et_gb_content_width":""},"product_brand":[],"product_cat":[352,554,318],"product_tag":[683],"class_list":{"0":"post-28712","1":"product","2":"type-product","3":"status-publish","4":"has-post-thumbnail","6":"product_cat-bunnies","7":"product_cat-lib-x-bliss-glass-toys-hand-crafted","8":"product_cat-vibrators","9":"product_tag-dorcel-en","11":"first","12":"outofstock","13":"taxable","14":"shipping-taxable","15":"purchasable","16":"product-type-simple"},"yoast_head":"<!-- This site is optimized with the Yoast SEO Premium plugin v27.4 (Yoast SEO v27.4) - https:\/\/yoast.com\/product\/yoast-seo-premium-wordpress\/ -->\n<title>DORCEL Flexi Rabbit - Lib Women&#039;s Store<\/title>\n<meta name=\"description\" content=\"Flexible and heatable bunny vibrator for dual pleasure. Choose this silky-soft, waterproof vibrator if you want clitoral and vaginal stimulation all at once\" \/>\n<meta name=\"robots\" content=\"index, follow, max-snippet:-1, max-image-preview:large, max-video-preview:-1\" \/>\n<link rel=\"canonical\" href=\"https:\/\/libwomenstore.com\/en\/product\/vibrators\/dorcel-flexi-rabbit-flexible-heatable-bunny-vibrator\/\" \/>\n<meta property=\"og:locale\" content=\"en_US\" \/>\n<meta property=\"og:type\" content=\"article\" \/>\n<meta property=\"og:title\" content=\"DORCEL Flexi Rabbit\" \/>\n<meta property=\"og:description\" content=\"Flexible and heatable bunny vibrator for dual pleasure. Choose this silky-soft, waterproof vibrator if you want clitoral and vaginal stimulation all at once\" \/>\n<meta property=\"og:url\" content=\"https:\/\/libwomenstore.com\/en\/product\/vibrators\/dorcel-flexi-rabbit-flexible-heatable-bunny-vibrator\/\" \/>\n<meta property=\"og:site_name\" content=\"Lib Women&#039;s Store\" \/>\n<meta property=\"article:publisher\" content=\"https:\/\/www.facebook.com\/libwomenstore\" \/>\n<meta property=\"article:modified_time\" content=\"2025-04-27T23:03:07+00:00\" \/>\n<meta property=\"og:image\" content=\"https:\/\/libwomenstore.com\/wp-content\/uploads\/2024\/04\/1_a31fd849-343b-442e-a4e6-fa40e7a38900.png\" \/>\n\t<meta property=\"og:image:width\" content=\"1080\" \/>\n\t<meta property=\"og:image:height\" content=\"1080\" \/>\n\t<meta property=\"og:image:type\" content=\"image\/png\" \/>\n<meta name=\"twitter:card\" content=\"summary_large_image\" \/>\n<meta name=\"twitter:label1\" content=\"Price\" \/>\n\t<meta name=\"twitter:data1\" content=\"35.000&#070;&#116;\" \/>\n\t<meta name=\"twitter:label2\" content=\"Availability\" \/>\n\t<meta name=\"twitter:data2\" content=\"Out of stock\" \/>\n<script type=\"application\/ld+json\" class=\"yoast-schema-graph\">{\"@context\":\"https:\\\/\\\/schema.org\",\"@graph\":[{\"@type\":[\"WebPage\",\"ItemPage\"],\"@id\":\"https:\\\/\\\/libwomenstore.com\\\/en\\\/product\\\/vibrators\\\/dorcel-flexi-rabbit-flexible-heatable-bunny-vibrator\\\/\",\"url\":\"https:\\\/\\\/libwomenstore.com\\\/en\\\/product\\\/vibrators\\\/dorcel-flexi-rabbit-flexible-heatable-bunny-vibrator\\\/\",\"name\":\"DORCEL Flexi Rabbit - Lib Women&#039;s Store\",\"isPartOf\":{\"@id\":\"https:\\\/\\\/libwomenstore.com\\\/en\\\/#website\"},\"primaryImageOfPage\":{\"@id\":\"https:\\\/\\\/libwomenstore.com\\\/en\\\/product\\\/vibrators\\\/dorcel-flexi-rabbit-flexible-heatable-bunny-vibrator\\\/#primaryimage\"},\"image\":{\"@id\":\"https:\\\/\\\/libwomenstore.com\\\/en\\\/product\\\/vibrators\\\/dorcel-flexi-rabbit-flexible-heatable-bunny-vibrator\\\/#primaryimage\"},\"thumbnailUrl\":\"https:\\\/\\\/libwomenstore.com\\\/wp-content\\\/uploads\\\/2024\\\/04\\\/dorcel_flexi_rabbit_rugalmas_nyuszi_vibrator.jpg\",\"datePublished\":\"2024-04-16T10:02:32+00:00\",\"dateModified\":\"2025-04-27T23:03:07+00:00\",\"description\":\"Flexible and heatable bunny vibrator for dual pleasure. Choose this silky-soft, waterproof vibrator if you want clitoral and vaginal stimulation all at once\",\"breadcrumb\":{\"@id\":\"https:\\\/\\\/libwomenstore.com\\\/en\\\/product\\\/vibrators\\\/dorcel-flexi-rabbit-flexible-heatable-bunny-vibrator\\\/#breadcrumb\"},\"inLanguage\":\"en-US\",\"potentialAction\":[{\"@type\":\"ReadAction\",\"target\":[\"https:\\\/\\\/libwomenstore.com\\\/en\\\/product\\\/vibrators\\\/dorcel-flexi-rabbit-flexible-heatable-bunny-vibrator\\\/\"]}]},{\"@type\":\"ImageObject\",\"inLanguage\":\"en-US\",\"@id\":\"https:\\\/\\\/libwomenstore.com\\\/en\\\/product\\\/vibrators\\\/dorcel-flexi-rabbit-flexible-heatable-bunny-vibrator\\\/#primaryimage\",\"url\":\"https:\\\/\\\/libwomenstore.com\\\/wp-content\\\/uploads\\\/2024\\\/04\\\/dorcel_flexi_rabbit_rugalmas_nyuszi_vibrator.jpg\",\"contentUrl\":\"https:\\\/\\\/libwomenstore.com\\\/wp-content\\\/uploads\\\/2024\\\/04\\\/dorcel_flexi_rabbit_rugalmas_nyuszi_vibrator.jpg\",\"width\":600,\"height\":600,\"caption\":\"Dorcel Flexi Rabbit nyuszi vibr\u00e1tor meleg\u00edthet\u0151 sz\u00e1rral az extra \u00e9lvezet\u00e9rt\"},{\"@type\":\"BreadcrumbList\",\"@id\":\"https:\\\/\\\/libwomenstore.com\\\/en\\\/product\\\/vibrators\\\/dorcel-flexi-rabbit-flexible-heatable-bunny-vibrator\\\/#breadcrumb\",\"itemListElement\":[{\"@type\":\"ListItem\",\"position\":1,\"name\":\"Kezd\u0151lap\",\"item\":\"https:\\\/\\\/libwomenstore.com\\\/en\\\/\"},{\"@type\":\"ListItem\",\"position\":2,\"name\":\"Shop Home Page &#8211; Product categories\",\"item\":\"https:\\\/\\\/libwomenstore.com\\\/shop-kezdolap-termek-kategoriak\\\/?lang=en\"},{\"@type\":\"ListItem\",\"position\":3,\"name\":\"DORCEL Flexi Rabbit\"}]},{\"@type\":\"WebSite\",\"@id\":\"https:\\\/\\\/libwomenstore.com\\\/en\\\/#website\",\"url\":\"https:\\\/\\\/libwomenstore.com\\\/en\\\/\",\"name\":\"Lib Women Store\",\"description\":\"Magyarorsz\u00e1g els\u0151 n\u0151kre f\u00f3kusz\u00e1l\u00f3 szexshopja, ahol az eg\u00e9szs\u00e9g ugyanolyan fontos, mint az \u00e9lvezetek.\",\"publisher\":{\"@id\":\"https:\\\/\\\/libwomenstore.com\\\/en\\\/#organization\"},\"alternateName\":\"Lib\",\"potentialAction\":[{\"@type\":\"SearchAction\",\"target\":{\"@type\":\"EntryPoint\",\"urlTemplate\":\"https:\\\/\\\/libwomenstore.com\\\/en\\\/?s={search_term_string}\"},\"query-input\":{\"@type\":\"PropertyValueSpecification\",\"valueRequired\":true,\"valueName\":\"search_term_string\"}}],\"inLanguage\":\"en-US\"},{\"@type\":\"Organization\",\"@id\":\"https:\\\/\\\/libwomenstore.com\\\/en\\\/#organization\",\"name\":\"Lib Women Store\",\"url\":\"https:\\\/\\\/libwomenstore.com\\\/en\\\/\",\"logo\":{\"@type\":\"ImageObject\",\"inLanguage\":\"en-US\",\"@id\":\"https:\\\/\\\/libwomenstore.com\\\/en\\\/#\\\/schema\\\/logo\\\/image\\\/\",\"url\":\"https:\\\/\\\/libwomenstore.com\\\/wp-content\\\/uploads\\\/2024\\\/05\\\/cropped-LIB-logo-A.png\",\"contentUrl\":\"https:\\\/\\\/libwomenstore.com\\\/wp-content\\\/uploads\\\/2024\\\/05\\\/cropped-LIB-logo-A.png\",\"width\":512,\"height\":512,\"caption\":\"Lib Women Store\"},\"image\":{\"@id\":\"https:\\\/\\\/libwomenstore.com\\\/en\\\/#\\\/schema\\\/logo\\\/image\\\/\"},\"sameAs\":[\"https:\\\/\\\/www.facebook.com\\\/libwomenstore\"]}]}<\/script>\n<meta property=\"product:price:amount\" content=\"35000\" \/>\n<meta property=\"product:price:currency\" content=\"HUF\" \/>\n<meta property=\"og:availability\" content=\"out of stock\" \/>\n<meta property=\"product:availability\" content=\"out of stock\" \/>\n<meta property=\"product:retailer_item_id\" content=\"LIB-DC003\" \/>\n<meta property=\"product:condition\" content=\"new\" \/>\n<!-- \/ Yoast SEO Premium plugin. -->","yoast_head_json":{"title":"DORCEL Flexi Rabbit - Lib Women&#039;s Store","description":"Flexible and heatable bunny vibrator for dual pleasure. Choose this silky-soft, waterproof vibrator if you want clitoral and vaginal stimulation all at once","robots":{"index":"index","follow":"follow","max-snippet":"max-snippet:-1","max-image-preview":"max-image-preview:large","max-video-preview":"max-video-preview:-1"},"canonical":"https:\/\/libwomenstore.com\/en\/product\/vibrators\/dorcel-flexi-rabbit-flexible-heatable-bunny-vibrator\/","og_locale":"en_US","og_type":"article","og_title":"DORCEL Flexi Rabbit","og_description":"Flexible and heatable bunny vibrator for dual pleasure. Choose this silky-soft, waterproof vibrator if you want clitoral and vaginal stimulation all at once","og_url":"https:\/\/libwomenstore.com\/en\/product\/vibrators\/dorcel-flexi-rabbit-flexible-heatable-bunny-vibrator\/","og_site_name":"Lib Women&#039;s Store","article_publisher":"https:\/\/www.facebook.com\/libwomenstore","article_modified_time":"2025-04-27T23:03:07+00:00","og_image":[{"width":1080,"height":1080,"url":"https:\/\/libwomenstore.com\/wp-content\/uploads\/2024\/04\/1_a31fd849-343b-442e-a4e6-fa40e7a38900.png","type":"image\/png"}],"twitter_card":"summary_large_image","twitter_misc":{"Price":"35.000&#70;&#116;","Availability":"Out of stock"},"schema":{"@context":"https:\/\/schema.org","@graph":[{"@type":["WebPage","ItemPage"],"@id":"https:\/\/libwomenstore.com\/en\/product\/vibrators\/dorcel-flexi-rabbit-flexible-heatable-bunny-vibrator\/","url":"https:\/\/libwomenstore.com\/en\/product\/vibrators\/dorcel-flexi-rabbit-flexible-heatable-bunny-vibrator\/","name":"DORCEL Flexi Rabbit - Lib Women&#039;s Store","isPartOf":{"@id":"https:\/\/libwomenstore.com\/en\/#website"},"primaryImageOfPage":{"@id":"https:\/\/libwomenstore.com\/en\/product\/vibrators\/dorcel-flexi-rabbit-flexible-heatable-bunny-vibrator\/#primaryimage"},"image":{"@id":"https:\/\/libwomenstore.com\/en\/product\/vibrators\/dorcel-flexi-rabbit-flexible-heatable-bunny-vibrator\/#primaryimage"},"thumbnailUrl":"https:\/\/libwomenstore.com\/wp-content\/uploads\/2024\/04\/dorcel_flexi_rabbit_rugalmas_nyuszi_vibrator.jpg","datePublished":"2024-04-16T10:02:32+00:00","dateModified":"2025-04-27T23:03:07+00:00","description":"Flexible and heatable bunny vibrator for dual pleasure. Choose this silky-soft, waterproof vibrator if you want clitoral and vaginal stimulation all at once","breadcrumb":{"@id":"https:\/\/libwomenstore.com\/en\/product\/vibrators\/dorcel-flexi-rabbit-flexible-heatable-bunny-vibrator\/#breadcrumb"},"inLanguage":"en-US","potentialAction":[{"@type":"ReadAction","target":["https:\/\/libwomenstore.com\/en\/product\/vibrators\/dorcel-flexi-rabbit-flexible-heatable-bunny-vibrator\/"]}]},{"@type":"ImageObject","inLanguage":"en-US","@id":"https:\/\/libwomenstore.com\/en\/product\/vibrators\/dorcel-flexi-rabbit-flexible-heatable-bunny-vibrator\/#primaryimage","url":"https:\/\/libwomenstore.com\/wp-content\/uploads\/2024\/04\/dorcel_flexi_rabbit_rugalmas_nyuszi_vibrator.jpg","contentUrl":"https:\/\/libwomenstore.com\/wp-content\/uploads\/2024\/04\/dorcel_flexi_rabbit_rugalmas_nyuszi_vibrator.jpg","width":600,"height":600,"caption":"Dorcel Flexi Rabbit nyuszi vibr\u00e1tor meleg\u00edthet\u0151 sz\u00e1rral az extra \u00e9lvezet\u00e9rt"},{"@type":"BreadcrumbList","@id":"https:\/\/libwomenstore.com\/en\/product\/vibrators\/dorcel-flexi-rabbit-flexible-heatable-bunny-vibrator\/#breadcrumb","itemListElement":[{"@type":"ListItem","position":1,"name":"Kezd\u0151lap","item":"https:\/\/libwomenstore.com\/en\/"},{"@type":"ListItem","position":2,"name":"Shop Home Page &#8211; Product categories","item":"https:\/\/libwomenstore.com\/shop-kezdolap-termek-kategoriak\/?lang=en"},{"@type":"ListItem","position":3,"name":"DORCEL Flexi Rabbit"}]},{"@type":"WebSite","@id":"https:\/\/libwomenstore.com\/en\/#website","url":"https:\/\/libwomenstore.com\/en\/","name":"Lib Women Store","description":"Magyarorsz\u00e1g els\u0151 n\u0151kre f\u00f3kusz\u00e1l\u00f3 szexshopja, ahol az eg\u00e9szs\u00e9g ugyanolyan fontos, mint az \u00e9lvezetek.","publisher":{"@id":"https:\/\/libwomenstore.com\/en\/#organization"},"alternateName":"Lib","potentialAction":[{"@type":"SearchAction","target":{"@type":"EntryPoint","urlTemplate":"https:\/\/libwomenstore.com\/en\/?s={search_term_string}"},"query-input":{"@type":"PropertyValueSpecification","valueRequired":true,"valueName":"search_term_string"}}],"inLanguage":"en-US"},{"@type":"Organization","@id":"https:\/\/libwomenstore.com\/en\/#organization","name":"Lib Women Store","url":"https:\/\/libwomenstore.com\/en\/","logo":{"@type":"ImageObject","inLanguage":"en-US","@id":"https:\/\/libwomenstore.com\/en\/#\/schema\/logo\/image\/","url":"https:\/\/libwomenstore.com\/wp-content\/uploads\/2024\/05\/cropped-LIB-logo-A.png","contentUrl":"https:\/\/libwomenstore.com\/wp-content\/uploads\/2024\/05\/cropped-LIB-logo-A.png","width":512,"height":512,"caption":"Lib Women Store"},"image":{"@id":"https:\/\/libwomenstore.com\/en\/#\/schema\/logo\/image\/"},"sameAs":["https:\/\/www.facebook.com\/libwomenstore"]}]},"product_price_amount":"35000","product_price_currency":"HUF","og_availability":"out of stock","product_availability":"out of stock","product_retailer_item_id":"LIB-DC003","product_condition":"new"},"_links":{"self":[{"href":"https:\/\/libwomenstore.com\/en\/wp-json\/wp\/v2\/product\/28712","targetHints":{"allow":["GET"]}}],"collection":[{"href":"https:\/\/libwomenstore.com\/en\/wp-json\/wp\/v2\/product"}],"about":[{"href":"https:\/\/libwomenstore.com\/en\/wp-json\/wp\/v2\/types\/product"}],"replies":[{"embeddable":true,"href":"https:\/\/libwomenstore.com\/en\/wp-json\/wp\/v2\/comments?post=28712"}],"wp:featuredmedia":[{"embeddable":true,"href":"https:\/\/libwomenstore.com\/en\/wp-json\/wp\/v2\/media\/32390"}],"wp:attachment":[{"href":"https:\/\/libwomenstore.com\/en\/wp-json\/wp\/v2\/media?parent=28712"}],"wp:term":[{"taxonomy":"product_brand","embeddable":true,"href":"https:\/\/libwomenstore.com\/en\/wp-json\/wp\/v2\/product_brand?post=28712"},{"taxonomy":"product_cat","embeddable":true,"href":"https:\/\/libwomenstore.com\/en\/wp-json\/wp\/v2\/product_cat?post=28712"},{"taxonomy":"product_tag","embeddable":true,"href":"https:\/\/libwomenstore.com\/en\/wp-json\/wp\/v2\/product_tag?post=28712"}],"curies":[{"name":"wp","href":"https:\/\/api.w.org\/{rel}","templated":true}]}}