{"id":28715,"date":"2024-04-16T12:02:29","date_gmt":"2024-04-16T10:02:29","guid":{"rendered":"https:\/\/uj.libwomenstore.com\/?post_type=product&#038;p=28715"},"modified":"2025-04-28T01:03:07","modified_gmt":"2025-04-27T23:03:07","slug":"dorcel-divine-rabbit-bunny-vibrator-with-clit-suction","status":"publish","type":"product","link":"https:\/\/libwomenstore.com\/en\/product\/lib-offer\/dorcel-divine-rabbit-bunny-vibrator-with-clit-suction\/","title":{"rendered":"DORCEL Divine Rabbit"},"content":{"rendered":"<p style=\"text-align: center;\"><span style=\"font-weight: 400;\">We recommend the Divine Rabbit to any women who want to discover clitoral stimulation through pulses and suction. Made for those who want to enjoy double stimulation of the vagina and the clitoris simultaneously. The Divine Rabbit is a modern version of the classic rabbit: a perfect mix of a vibrator used for vaginal stimulation and suction stimulation used for the clitoris.<\/span><\/p>\n<p style=\"text-align: center;\"><b>Tip:<\/b><\/p>\n<p style=\"text-align: center;\"><span style=\"font-weight: 400;\">Even beginners can try Divine Rabbit, they won&#8217;t regret it!<\/span><\/p>\n<p style=\"text-align: center;\"><b>Features:<\/b><span style=\"font-weight: 400;\">\u00a0<\/span><\/p>\n<p style=\"text-align: center;\"><span style=\"font-weight: 400;\">Divine Rabbit is made of hypoallergenic, phthalate-free silicone for maximum safety. The vibration buttons are made of ABS plastic.<\/span><\/p>\n<p style=\"text-align: center;\"><span style=\"font-weight: 400;\">\u00a0\u00a0<\/span><\/p>\n<p style=\"text-align: center;\"><span style=\"font-weight: 400;\">Six vibration modes for the vaginal shaft and 3 intensities for the suction arm, you can put together a unique combination to achieve orgasm.<\/span><\/p>\n<p style=\"text-align: center;\"><span style=\"font-weight: 400;\">\u00a0<\/span><\/p>\n<p style=\"text-align: center;\"><span style=\"font-weight: 400;\">Dimensions:\u00a0<\/span><\/p>\n<p style=\"text-align: center;\"><span style=\"font-weight: 400;\">Length: 20 cm<\/span><\/p>\n<p style=\"text-align: center;\"><span style=\"font-weight: 400;\">\u00a0<\/span><\/p>\n<p style=\"text-align: center;\"><span style=\"font-weight: 400;\">Diameter max: 3.5 cm<\/span><\/p>\n<p style=\"text-align: center;\"><span style=\"font-weight: 400;\">\u00a0<\/span><\/p>\n<p style=\"text-align: center;\"><span style=\"font-weight: 400;\">Drip-proof product! Use with a water-based lubricant!<\/span><\/p>\n<p style=\"text-align: center;\"><span style=\"font-weight: 400;\">\u00a0<\/span><\/p>\n<p style=\"text-align: center;\"><span style=\"font-weight: 400;\">Rechargeable via USB.<\/span><\/p>\n<p style=\"text-align: center;\"><span style=\"font-weight: 400;\">\u00a0<\/span><\/p>\n<p style=\"text-align: center;\"><span style=\"font-weight: 400;\">Operating time: 1.5 hours. Charging time: 2.5 hours.<\/span><\/p>\n<p style=\"text-align: center;\"><b>Use &amp; Cleaning<\/b><\/p>\n<p style=\"text-align: center;\"><span style=\"font-weight: 400;\">This product can be disinfected with lukewarm soapy water or cleaning agents developed for this purpose. Clean only with lint-free material.<\/span><\/p>\n<p style=\"text-align: center;\"><span style=\"font-weight: 400;\">\u00a0<\/span><\/p>\n<p style=\"text-align: center;\"><span style=\"font-weight: 400;\">Use only with water-based lubricants!<\/span><\/p>\n<p style=\"text-align: center;\"><span style=\"font-weight: 400;\">\u00a0<\/span><\/p>\n<p style=\"text-align: center;\"><span style=\"font-weight: 400;\">Not recommended for pregnant women.<\/span><\/p>\n","protected":false},"excerpt":{"rendered":"<p style=\"text-align: left;\"><span style=\"font-weight: 400;\">The Divine Rabbit vibrator is a small technological miracle! It simultaneously stimulates the clitoris and the G-spot.<\/span><\/p>\n<p style=\"text-align: left;\"><span style=\"font-weight: 400;\">The vibration shaft is placed in the vagina as close as possible to the G-spot so that the powerful vibrations can stimulate it directly, while the outer arm is placed over the clitoris and stimulates it without touching it, thanks to the amazing suction technology.<\/span><\/p>\n<p style=\"text-align: left;\"><span style=\"font-weight: 400;\">With a length of 20 cm and a diameter of 3.5 cm, this is a vibrator that allows you to explore a larger size and more intense sensation than usual! Matte silicone and gold buttons give it a high-quality look. You can trust its appearance, but you can also trust its powerful engine, which will not let you down!<\/span><\/p>\n","protected":false},"featured_media":32402,"comment_status":"open","ping_status":"closed","template":"","meta":{"_et_pb_use_builder":"","_et_pb_old_content":"","_et_gb_content_width":""},"product_brand":[],"product_cat":[352,323,318],"product_tag":[683],"class_list":{"0":"post-28715","1":"product","2":"type-product","3":"status-publish","4":"has-post-thumbnail","6":"product_cat-bunnies","7":"product_cat-lib-offer","8":"product_cat-vibrators","9":"product_tag-dorcel-en","11":"first","12":"outofstock","13":"sale","14":"taxable","15":"shipping-taxable","16":"purchasable","17":"product-type-simple"},"yoast_head":"<!-- This site is optimized with the Yoast SEO Premium plugin v27.4 (Yoast SEO v27.4) - https:\/\/yoast.com\/product\/yoast-seo-premium-wordpress\/ -->\n<title>DORCEL Divine Rabbit - Lib Women&#039;s Store<\/title>\n<meta name=\"description\" content=\"Try it if you want a divine pampering! The clitoral vibrator with vacuum and the vaginal vibrator with vibration for the ultimate pleasure\" \/>\n<meta name=\"robots\" content=\"index, follow, max-snippet:-1, max-image-preview:large, max-video-preview:-1\" \/>\n<link rel=\"canonical\" href=\"https:\/\/libwomenstore.com\/en\/product\/lib-offer\/dorcel-divine-rabbit-bunny-vibrator-with-clit-suction\/\" \/>\n<meta property=\"og:locale\" content=\"en_US\" \/>\n<meta property=\"og:type\" content=\"article\" \/>\n<meta property=\"og:title\" content=\"DORCEL Divine Rabbit\" \/>\n<meta property=\"og:description\" content=\"Try it if you want a divine pampering! The clitoral vibrator with vacuum and the vaginal vibrator with vibration for the ultimate pleasure\" \/>\n<meta property=\"og:url\" content=\"https:\/\/libwomenstore.com\/en\/product\/lib-offer\/dorcel-divine-rabbit-bunny-vibrator-with-clit-suction\/\" \/>\n<meta property=\"og:site_name\" content=\"Lib Women&#039;s Store\" \/>\n<meta property=\"article:publisher\" content=\"https:\/\/www.facebook.com\/libwomenstore\" \/>\n<meta property=\"article:modified_time\" content=\"2025-04-27T23:03:07+00:00\" \/>\n<meta property=\"og:image\" content=\"https:\/\/libwomenstore.com\/wp-content\/uploads\/2024\/04\/1_bd517b99-d0ed-4961-b65d-c4c077a98d42.png\" \/>\n\t<meta property=\"og:image:width\" content=\"1080\" \/>\n\t<meta property=\"og:image:height\" content=\"1080\" \/>\n\t<meta property=\"og:image:type\" content=\"image\/png\" \/>\n<meta name=\"twitter:card\" content=\"summary_large_image\" \/>\n<meta name=\"twitter:label1\" content=\"Price\" \/>\n\t<meta name=\"twitter:data1\" content=\"26.250&#070;&#116;\" \/>\n\t<meta name=\"twitter:label2\" content=\"Availability\" \/>\n\t<meta name=\"twitter:data2\" content=\"Out of stock\" \/>\n<script type=\"application\/ld+json\" class=\"yoast-schema-graph\">{\"@context\":\"https:\\\/\\\/schema.org\",\"@graph\":[{\"@type\":[\"WebPage\",\"ItemPage\"],\"@id\":\"https:\\\/\\\/libwomenstore.com\\\/en\\\/product\\\/lib-offer\\\/dorcel-divine-rabbit-bunny-vibrator-with-clit-suction\\\/\",\"url\":\"https:\\\/\\\/libwomenstore.com\\\/en\\\/product\\\/lib-offer\\\/dorcel-divine-rabbit-bunny-vibrator-with-clit-suction\\\/\",\"name\":\"DORCEL Divine Rabbit - Lib Women&#039;s Store\",\"isPartOf\":{\"@id\":\"https:\\\/\\\/libwomenstore.com\\\/en\\\/#website\"},\"primaryImageOfPage\":{\"@id\":\"https:\\\/\\\/libwomenstore.com\\\/en\\\/product\\\/lib-offer\\\/dorcel-divine-rabbit-bunny-vibrator-with-clit-suction\\\/#primaryimage\"},\"image\":{\"@id\":\"https:\\\/\\\/libwomenstore.com\\\/en\\\/product\\\/lib-offer\\\/dorcel-divine-rabbit-bunny-vibrator-with-clit-suction\\\/#primaryimage\"},\"thumbnailUrl\":\"https:\\\/\\\/libwomenstore.com\\\/wp-content\\\/uploads\\\/2024\\\/04\\\/dorcel_divine_rabbit_nyuszi_vibrator_kettos_stimulalas.jpg\",\"datePublished\":\"2024-04-16T10:02:29+00:00\",\"dateModified\":\"2025-04-27T23:03:07+00:00\",\"description\":\"Try it if you want a divine pampering! The clitoral vibrator with vacuum and the vaginal vibrator with vibration for the ultimate pleasure\",\"breadcrumb\":{\"@id\":\"https:\\\/\\\/libwomenstore.com\\\/en\\\/product\\\/lib-offer\\\/dorcel-divine-rabbit-bunny-vibrator-with-clit-suction\\\/#breadcrumb\"},\"inLanguage\":\"en-US\",\"potentialAction\":[{\"@type\":\"ReadAction\",\"target\":[\"https:\\\/\\\/libwomenstore.com\\\/en\\\/product\\\/lib-offer\\\/dorcel-divine-rabbit-bunny-vibrator-with-clit-suction\\\/\"]}]},{\"@type\":\"ImageObject\",\"inLanguage\":\"en-US\",\"@id\":\"https:\\\/\\\/libwomenstore.com\\\/en\\\/product\\\/lib-offer\\\/dorcel-divine-rabbit-bunny-vibrator-with-clit-suction\\\/#primaryimage\",\"url\":\"https:\\\/\\\/libwomenstore.com\\\/wp-content\\\/uploads\\\/2024\\\/04\\\/dorcel_divine_rabbit_nyuszi_vibrator_kettos_stimulalas.jpg\",\"contentUrl\":\"https:\\\/\\\/libwomenstore.com\\\/wp-content\\\/uploads\\\/2024\\\/04\\\/dorcel_divine_rabbit_nyuszi_vibrator_kettos_stimulalas.jpg\",\"width\":600,\"height\":600,\"caption\":\"Dorcel Divine Rabbit nyuszi vibr\u00e1tor kett\u0151s stimul\u00e1l\u00f3 szexj\u00e1t\u00e9k\"},{\"@type\":\"BreadcrumbList\",\"@id\":\"https:\\\/\\\/libwomenstore.com\\\/en\\\/product\\\/lib-offer\\\/dorcel-divine-rabbit-bunny-vibrator-with-clit-suction\\\/#breadcrumb\",\"itemListElement\":[{\"@type\":\"ListItem\",\"position\":1,\"name\":\"Kezd\u0151lap\",\"item\":\"https:\\\/\\\/libwomenstore.com\\\/en\\\/\"},{\"@type\":\"ListItem\",\"position\":2,\"name\":\"Shop Home Page &#8211; Product categories\",\"item\":\"https:\\\/\\\/libwomenstore.com\\\/shop-kezdolap-termek-kategoriak\\\/?lang=en\"},{\"@type\":\"ListItem\",\"position\":3,\"name\":\"DORCEL Divine Rabbit\"}]},{\"@type\":\"WebSite\",\"@id\":\"https:\\\/\\\/libwomenstore.com\\\/en\\\/#website\",\"url\":\"https:\\\/\\\/libwomenstore.com\\\/en\\\/\",\"name\":\"Lib Women Store\",\"description\":\"Magyarorsz\u00e1g els\u0151 n\u0151kre f\u00f3kusz\u00e1l\u00f3 szexshopja, ahol az eg\u00e9szs\u00e9g ugyanolyan fontos, mint az \u00e9lvezetek.\",\"publisher\":{\"@id\":\"https:\\\/\\\/libwomenstore.com\\\/en\\\/#organization\"},\"alternateName\":\"Lib\",\"potentialAction\":[{\"@type\":\"SearchAction\",\"target\":{\"@type\":\"EntryPoint\",\"urlTemplate\":\"https:\\\/\\\/libwomenstore.com\\\/en\\\/?s={search_term_string}\"},\"query-input\":{\"@type\":\"PropertyValueSpecification\",\"valueRequired\":true,\"valueName\":\"search_term_string\"}}],\"inLanguage\":\"en-US\"},{\"@type\":\"Organization\",\"@id\":\"https:\\\/\\\/libwomenstore.com\\\/en\\\/#organization\",\"name\":\"Lib Women Store\",\"url\":\"https:\\\/\\\/libwomenstore.com\\\/en\\\/\",\"logo\":{\"@type\":\"ImageObject\",\"inLanguage\":\"en-US\",\"@id\":\"https:\\\/\\\/libwomenstore.com\\\/en\\\/#\\\/schema\\\/logo\\\/image\\\/\",\"url\":\"https:\\\/\\\/libwomenstore.com\\\/wp-content\\\/uploads\\\/2024\\\/05\\\/cropped-LIB-logo-A.png\",\"contentUrl\":\"https:\\\/\\\/libwomenstore.com\\\/wp-content\\\/uploads\\\/2024\\\/05\\\/cropped-LIB-logo-A.png\",\"width\":512,\"height\":512,\"caption\":\"Lib Women Store\"},\"image\":{\"@id\":\"https:\\\/\\\/libwomenstore.com\\\/en\\\/#\\\/schema\\\/logo\\\/image\\\/\"},\"sameAs\":[\"https:\\\/\\\/www.facebook.com\\\/libwomenstore\"]}]}<\/script>\n<meta property=\"product:price:amount\" content=\"26250\" \/>\n<meta property=\"product:price:currency\" content=\"HUF\" \/>\n<meta property=\"og:availability\" content=\"out of stock\" \/>\n<meta property=\"product:availability\" content=\"out of stock\" \/>\n<meta property=\"product:retailer_item_id\" content=\"LIB-DC002\" \/>\n<meta property=\"product:condition\" content=\"new\" \/>\n<!-- \/ Yoast SEO Premium plugin. -->","yoast_head_json":{"title":"DORCEL Divine Rabbit - Lib Women&#039;s Store","description":"Try it if you want a divine pampering! The clitoral vibrator with vacuum and the vaginal vibrator with vibration for the ultimate pleasure","robots":{"index":"index","follow":"follow","max-snippet":"max-snippet:-1","max-image-preview":"max-image-preview:large","max-video-preview":"max-video-preview:-1"},"canonical":"https:\/\/libwomenstore.com\/en\/product\/lib-offer\/dorcel-divine-rabbit-bunny-vibrator-with-clit-suction\/","og_locale":"en_US","og_type":"article","og_title":"DORCEL Divine Rabbit","og_description":"Try it if you want a divine pampering! The clitoral vibrator with vacuum and the vaginal vibrator with vibration for the ultimate pleasure","og_url":"https:\/\/libwomenstore.com\/en\/product\/lib-offer\/dorcel-divine-rabbit-bunny-vibrator-with-clit-suction\/","og_site_name":"Lib Women&#039;s Store","article_publisher":"https:\/\/www.facebook.com\/libwomenstore","article_modified_time":"2025-04-27T23:03:07+00:00","og_image":[{"width":1080,"height":1080,"url":"https:\/\/libwomenstore.com\/wp-content\/uploads\/2024\/04\/1_bd517b99-d0ed-4961-b65d-c4c077a98d42.png","type":"image\/png"}],"twitter_card":"summary_large_image","twitter_misc":{"Price":"26.250&#70;&#116;","Availability":"Out of stock"},"schema":{"@context":"https:\/\/schema.org","@graph":[{"@type":["WebPage","ItemPage"],"@id":"https:\/\/libwomenstore.com\/en\/product\/lib-offer\/dorcel-divine-rabbit-bunny-vibrator-with-clit-suction\/","url":"https:\/\/libwomenstore.com\/en\/product\/lib-offer\/dorcel-divine-rabbit-bunny-vibrator-with-clit-suction\/","name":"DORCEL Divine Rabbit - Lib Women&#039;s Store","isPartOf":{"@id":"https:\/\/libwomenstore.com\/en\/#website"},"primaryImageOfPage":{"@id":"https:\/\/libwomenstore.com\/en\/product\/lib-offer\/dorcel-divine-rabbit-bunny-vibrator-with-clit-suction\/#primaryimage"},"image":{"@id":"https:\/\/libwomenstore.com\/en\/product\/lib-offer\/dorcel-divine-rabbit-bunny-vibrator-with-clit-suction\/#primaryimage"},"thumbnailUrl":"https:\/\/libwomenstore.com\/wp-content\/uploads\/2024\/04\/dorcel_divine_rabbit_nyuszi_vibrator_kettos_stimulalas.jpg","datePublished":"2024-04-16T10:02:29+00:00","dateModified":"2025-04-27T23:03:07+00:00","description":"Try it if you want a divine pampering! The clitoral vibrator with vacuum and the vaginal vibrator with vibration for the ultimate pleasure","breadcrumb":{"@id":"https:\/\/libwomenstore.com\/en\/product\/lib-offer\/dorcel-divine-rabbit-bunny-vibrator-with-clit-suction\/#breadcrumb"},"inLanguage":"en-US","potentialAction":[{"@type":"ReadAction","target":["https:\/\/libwomenstore.com\/en\/product\/lib-offer\/dorcel-divine-rabbit-bunny-vibrator-with-clit-suction\/"]}]},{"@type":"ImageObject","inLanguage":"en-US","@id":"https:\/\/libwomenstore.com\/en\/product\/lib-offer\/dorcel-divine-rabbit-bunny-vibrator-with-clit-suction\/#primaryimage","url":"https:\/\/libwomenstore.com\/wp-content\/uploads\/2024\/04\/dorcel_divine_rabbit_nyuszi_vibrator_kettos_stimulalas.jpg","contentUrl":"https:\/\/libwomenstore.com\/wp-content\/uploads\/2024\/04\/dorcel_divine_rabbit_nyuszi_vibrator_kettos_stimulalas.jpg","width":600,"height":600,"caption":"Dorcel Divine Rabbit nyuszi vibr\u00e1tor kett\u0151s stimul\u00e1l\u00f3 szexj\u00e1t\u00e9k"},{"@type":"BreadcrumbList","@id":"https:\/\/libwomenstore.com\/en\/product\/lib-offer\/dorcel-divine-rabbit-bunny-vibrator-with-clit-suction\/#breadcrumb","itemListElement":[{"@type":"ListItem","position":1,"name":"Kezd\u0151lap","item":"https:\/\/libwomenstore.com\/en\/"},{"@type":"ListItem","position":2,"name":"Shop Home Page &#8211; Product categories","item":"https:\/\/libwomenstore.com\/shop-kezdolap-termek-kategoriak\/?lang=en"},{"@type":"ListItem","position":3,"name":"DORCEL Divine Rabbit"}]},{"@type":"WebSite","@id":"https:\/\/libwomenstore.com\/en\/#website","url":"https:\/\/libwomenstore.com\/en\/","name":"Lib Women Store","description":"Magyarorsz\u00e1g els\u0151 n\u0151kre f\u00f3kusz\u00e1l\u00f3 szexshopja, ahol az eg\u00e9szs\u00e9g ugyanolyan fontos, mint az \u00e9lvezetek.","publisher":{"@id":"https:\/\/libwomenstore.com\/en\/#organization"},"alternateName":"Lib","potentialAction":[{"@type":"SearchAction","target":{"@type":"EntryPoint","urlTemplate":"https:\/\/libwomenstore.com\/en\/?s={search_term_string}"},"query-input":{"@type":"PropertyValueSpecification","valueRequired":true,"valueName":"search_term_string"}}],"inLanguage":"en-US"},{"@type":"Organization","@id":"https:\/\/libwomenstore.com\/en\/#organization","name":"Lib Women Store","url":"https:\/\/libwomenstore.com\/en\/","logo":{"@type":"ImageObject","inLanguage":"en-US","@id":"https:\/\/libwomenstore.com\/en\/#\/schema\/logo\/image\/","url":"https:\/\/libwomenstore.com\/wp-content\/uploads\/2024\/05\/cropped-LIB-logo-A.png","contentUrl":"https:\/\/libwomenstore.com\/wp-content\/uploads\/2024\/05\/cropped-LIB-logo-A.png","width":512,"height":512,"caption":"Lib Women Store"},"image":{"@id":"https:\/\/libwomenstore.com\/en\/#\/schema\/logo\/image\/"},"sameAs":["https:\/\/www.facebook.com\/libwomenstore"]}]},"product_price_amount":"26250","product_price_currency":"HUF","og_availability":"out of stock","product_availability":"out of stock","product_retailer_item_id":"LIB-DC002","product_condition":"new"},"_links":{"self":[{"href":"https:\/\/libwomenstore.com\/en\/wp-json\/wp\/v2\/product\/28715","targetHints":{"allow":["GET"]}}],"collection":[{"href":"https:\/\/libwomenstore.com\/en\/wp-json\/wp\/v2\/product"}],"about":[{"href":"https:\/\/libwomenstore.com\/en\/wp-json\/wp\/v2\/types\/product"}],"replies":[{"embeddable":true,"href":"https:\/\/libwomenstore.com\/en\/wp-json\/wp\/v2\/comments?post=28715"}],"wp:featuredmedia":[{"embeddable":true,"href":"https:\/\/libwomenstore.com\/en\/wp-json\/wp\/v2\/media\/32402"}],"wp:attachment":[{"href":"https:\/\/libwomenstore.com\/en\/wp-json\/wp\/v2\/media?parent=28715"}],"wp:term":[{"taxonomy":"product_brand","embeddable":true,"href":"https:\/\/libwomenstore.com\/en\/wp-json\/wp\/v2\/product_brand?post=28715"},{"taxonomy":"product_cat","embeddable":true,"href":"https:\/\/libwomenstore.com\/en\/wp-json\/wp\/v2\/product_cat?post=28715"},{"taxonomy":"product_tag","embeddable":true,"href":"https:\/\/libwomenstore.com\/en\/wp-json\/wp\/v2\/product_tag?post=28715"}],"curies":[{"name":"wp","href":"https:\/\/api.w.org\/{rel}","templated":true}]}}