{"id":28717,"date":"2024-04-16T12:02:27","date_gmt":"2024-04-16T10:02:27","guid":{"rendered":"https:\/\/uj.libwomenstore.com\/?post_type=product&#038;p=28717"},"modified":"2025-06-24T17:21:43","modified_gmt":"2025-06-24T15:21:43","slug":"dorcel-diamond-anal-plug-size-small","status":"publish","type":"product","link":"https:\/\/libwomenstore.com\/en\/product\/collabs\/lib-x-bliss-glass-toys-hand-crafted\/dorcel-diamond-anal-plug-size-small\/","title":{"rendered":"DORCEL Diamond Anal Plug"},"content":{"rendered":"<p style=\"text-align: center;\"><span style=\"font-weight: 400;\">The Diamond Plug is a metal cone that is easy to insert due to its rounded shape. It ensures safe use thanks to its flat base. The aluminum alloy material is temperature sensitive, allowing users to experiment with temperature games.   <\/span><\/p>\n<p style=\"text-align: center;\"><b>Tip<\/b><\/p>\n<p style=\"text-align: center;\"><span style=\"font-weight: 400;\">Try it at different temperatures to liven up the mood. <\/span><\/p>\n<p style=\"text-align: center;\"><b>Features<\/b><\/p>\n<p style=\"text-align: center;\"><span style=\"font-weight: 400;\">Phthalate-free aluminum alloy. <\/span><\/p>\n<p style=\"text-align: center;\"><span style=\"font-weight: 400;\"><strong>S size<\/strong>: The insertable length is 4.1 cm. The maximum diameter is 3.2 cm. <\/span><\/p>\n<p style=\"text-align: center;\"><strong>M size<\/strong>: The insertion length is 5 cm. The maximum diameter is 3.4 cm<span style=\"font-weight: 400;\">.<\/span> <\/p>\n<p style=\"text-align: center;\"><strong>L size<\/strong>: <span style=\"font-weight: 400;\">The insertion length is 6 cm. The maximum diameter is 4.1 cm. <\/span><\/p>\n<p style=\"text-align: center;\"><span style=\"font-weight: 400;\">Completely waterproof toy.<\/span><\/p>\n<p style=\"text-align: center;\"><b>Usage &amp; Cleaning<\/b><\/p>\n<p style=\"text-align: center;\"><span style=\"font-weight: 400;\">It is recommended to use a generous amount of lubricant with all anal play. Clean with antibacterial cleanser or warm soapy water before and after each use. Do not use if the area is swollen or the skin is broken. Not recommended for use by pregnant women. Discontinue use if you experience pain or discomfort.     <\/span><\/p>\n","protected":false},"excerpt":{"rendered":"<p style=\"text-align: left;\"><span style=\"font-weight: 400;\">Anal cone that gives a little extra shine. Thanks to its ergonomic design, it is easy to insert and provides an intense experience. <\/span><\/p>\n","protected":false},"featured_media":32408,"comment_status":"open","ping_status":"closed","template":"","meta":{"_et_pb_use_builder":"","_et_pb_old_content":"","_et_gb_content_width":""},"product_brand":[],"product_cat":[325,554],"product_tag":[683],"class_list":{"0":"post-28717","1":"product","2":"type-product","3":"status-publish","4":"has-post-thumbnail","6":"product_cat-anal-toys","7":"product_cat-lib-x-bliss-glass-toys-hand-crafted","8":"product_tag-dorcel-en","10":"first","11":"instock","12":"taxable","13":"shipping-taxable","14":"purchasable","15":"product-type-variable"},"yoast_head":"<!-- This site is optimized with the Yoast SEO Premium plugin v27.4 (Yoast SEO v27.4) - https:\/\/yoast.com\/product\/yoast-seo-premium-wordpress\/ -->\n<title>DORCEL Diamond Anal Plug - Lib Women&#039;s Store<\/title>\n<meta name=\"description\" content=\"Choose the S-shaped anal cone to start with! The weight of the metal gives a feeling of fullness, it can be heated and used with various lubricants, and the end shines brightly\" \/>\n<meta name=\"robots\" content=\"index, follow, max-snippet:-1, max-image-preview:large, max-video-preview:-1\" \/>\n<link rel=\"canonical\" href=\"https:\/\/libwomenstore.com\/en\/product\/collabs\/lib-x-bliss-glass-toys-hand-crafted\/dorcel-diamond-anal-plug-size-small\/\" \/>\n<meta property=\"og:locale\" content=\"en_US\" \/>\n<meta property=\"og:type\" content=\"article\" \/>\n<meta property=\"og:title\" content=\"DORCEL Diamond Anal Plug\" \/>\n<meta property=\"og:description\" content=\"Choose the S-shaped anal cone to start with! The weight of the metal gives a feeling of fullness, it can be heated and used with various lubricants, and the end shines brightly\" \/>\n<meta property=\"og:url\" content=\"https:\/\/libwomenstore.com\/en\/product\/collabs\/lib-x-bliss-glass-toys-hand-crafted\/dorcel-diamond-anal-plug-size-small\/\" \/>\n<meta property=\"og:site_name\" content=\"Lib Women&#039;s Store\" \/>\n<meta property=\"article:publisher\" content=\"https:\/\/www.facebook.com\/libwomenstore\" \/>\n<meta property=\"article:modified_time\" content=\"2025-06-24T15:21:43+00:00\" \/>\n<meta property=\"og:image\" content=\"https:\/\/libwomenstore.com\/wp-content\/uploads\/2024\/04\/dorcel_diamond_anal_plug.jpeg\" \/>\n\t<meta property=\"og:image:width\" content=\"472\" \/>\n\t<meta property=\"og:image:height\" content=\"600\" \/>\n\t<meta property=\"og:image:type\" content=\"image\/jpeg\" \/>\n<meta name=\"twitter:card\" content=\"summary_large_image\" \/>\n<meta name=\"twitter:label1\" content=\"Availability\" \/>\n\t<meta name=\"twitter:data1\" content=\"In stock\" \/>\n<script type=\"application\/ld+json\" class=\"yoast-schema-graph\">{\"@context\":\"https:\\\/\\\/schema.org\",\"@graph\":[{\"@type\":[\"WebPage\",\"ItemPage\"],\"@id\":\"https:\\\/\\\/libwomenstore.com\\\/en\\\/product\\\/collabs\\\/lib-x-bliss-glass-toys-hand-crafted\\\/dorcel-diamond-anal-plug-size-small\\\/\",\"url\":\"https:\\\/\\\/libwomenstore.com\\\/en\\\/product\\\/collabs\\\/lib-x-bliss-glass-toys-hand-crafted\\\/dorcel-diamond-anal-plug-size-small\\\/\",\"name\":\"DORCEL Diamond Anal Plug - Lib Women&#039;s Store\",\"isPartOf\":{\"@id\":\"https:\\\/\\\/libwomenstore.com\\\/en\\\/#website\"},\"primaryImageOfPage\":{\"@id\":\"https:\\\/\\\/libwomenstore.com\\\/en\\\/product\\\/collabs\\\/lib-x-bliss-glass-toys-hand-crafted\\\/dorcel-diamond-anal-plug-size-small\\\/#primaryimage\"},\"image\":{\"@id\":\"https:\\\/\\\/libwomenstore.com\\\/en\\\/product\\\/collabs\\\/lib-x-bliss-glass-toys-hand-crafted\\\/dorcel-diamond-anal-plug-size-small\\\/#primaryimage\"},\"thumbnailUrl\":\"https:\\\/\\\/libwomenstore.com\\\/wp-content\\\/uploads\\\/2024\\\/04\\\/dorcel_diamond_anal_plug.jpeg\",\"datePublished\":\"2024-04-16T10:02:27+00:00\",\"dateModified\":\"2025-06-24T15:21:43+00:00\",\"description\":\"Choose the S-shaped anal cone to start with! The weight of the metal gives a feeling of fullness, it can be heated and used with various lubricants, and the end shines brightly\",\"breadcrumb\":{\"@id\":\"https:\\\/\\\/libwomenstore.com\\\/en\\\/product\\\/collabs\\\/lib-x-bliss-glass-toys-hand-crafted\\\/dorcel-diamond-anal-plug-size-small\\\/#breadcrumb\"},\"inLanguage\":\"en-US\",\"potentialAction\":[{\"@type\":\"ReadAction\",\"target\":[\"https:\\\/\\\/libwomenstore.com\\\/en\\\/product\\\/collabs\\\/lib-x-bliss-glass-toys-hand-crafted\\\/dorcel-diamond-anal-plug-size-small\\\/\"]}]},{\"@type\":\"ImageObject\",\"inLanguage\":\"en-US\",\"@id\":\"https:\\\/\\\/libwomenstore.com\\\/en\\\/product\\\/collabs\\\/lib-x-bliss-glass-toys-hand-crafted\\\/dorcel-diamond-anal-plug-size-small\\\/#primaryimage\",\"url\":\"https:\\\/\\\/libwomenstore.com\\\/wp-content\\\/uploads\\\/2024\\\/04\\\/dorcel_diamond_anal_plug.jpeg\",\"contentUrl\":\"https:\\\/\\\/libwomenstore.com\\\/wp-content\\\/uploads\\\/2024\\\/04\\\/dorcel_diamond_anal_plug.jpeg\",\"width\":472,\"height\":600,\"caption\":\"Dorcel Diamond an\u00e1l k\u00fak 3 m\u00e9ret\"},{\"@type\":\"BreadcrumbList\",\"@id\":\"https:\\\/\\\/libwomenstore.com\\\/en\\\/product\\\/collabs\\\/lib-x-bliss-glass-toys-hand-crafted\\\/dorcel-diamond-anal-plug-size-small\\\/#breadcrumb\",\"itemListElement\":[{\"@type\":\"ListItem\",\"position\":1,\"name\":\"Kezd\u0151lap\",\"item\":\"https:\\\/\\\/libwomenstore.com\\\/en\\\/\"},{\"@type\":\"ListItem\",\"position\":2,\"name\":\"Shop Home Page &#8211; Product categories\",\"item\":\"https:\\\/\\\/libwomenstore.com\\\/shop-kezdolap-termek-kategoriak\\\/?lang=en\"},{\"@type\":\"ListItem\",\"position\":3,\"name\":\"DORCEL Diamond Anal Plug\"}]},{\"@type\":\"WebSite\",\"@id\":\"https:\\\/\\\/libwomenstore.com\\\/en\\\/#website\",\"url\":\"https:\\\/\\\/libwomenstore.com\\\/en\\\/\",\"name\":\"Lib Women Store\",\"description\":\"Magyarorsz\u00e1g els\u0151 n\u0151kre f\u00f3kusz\u00e1l\u00f3 szexshopja, ahol az eg\u00e9szs\u00e9g ugyanolyan fontos, mint az \u00e9lvezetek.\",\"publisher\":{\"@id\":\"https:\\\/\\\/libwomenstore.com\\\/en\\\/#organization\"},\"alternateName\":\"Lib\",\"potentialAction\":[{\"@type\":\"SearchAction\",\"target\":{\"@type\":\"EntryPoint\",\"urlTemplate\":\"https:\\\/\\\/libwomenstore.com\\\/en\\\/?s={search_term_string}\"},\"query-input\":{\"@type\":\"PropertyValueSpecification\",\"valueRequired\":true,\"valueName\":\"search_term_string\"}}],\"inLanguage\":\"en-US\"},{\"@type\":\"Organization\",\"@id\":\"https:\\\/\\\/libwomenstore.com\\\/en\\\/#organization\",\"name\":\"Lib Women Store\",\"url\":\"https:\\\/\\\/libwomenstore.com\\\/en\\\/\",\"logo\":{\"@type\":\"ImageObject\",\"inLanguage\":\"en-US\",\"@id\":\"https:\\\/\\\/libwomenstore.com\\\/en\\\/#\\\/schema\\\/logo\\\/image\\\/\",\"url\":\"https:\\\/\\\/libwomenstore.com\\\/wp-content\\\/uploads\\\/2024\\\/05\\\/cropped-LIB-logo-A.png\",\"contentUrl\":\"https:\\\/\\\/libwomenstore.com\\\/wp-content\\\/uploads\\\/2024\\\/05\\\/cropped-LIB-logo-A.png\",\"width\":512,\"height\":512,\"caption\":\"Lib Women Store\"},\"image\":{\"@id\":\"https:\\\/\\\/libwomenstore.com\\\/en\\\/#\\\/schema\\\/logo\\\/image\\\/\"},\"sameAs\":[\"https:\\\/\\\/www.facebook.com\\\/libwomenstore\"]}]}<\/script>\n<meta property=\"og:availability\" content=\"instock\" \/>\n<meta property=\"product:availability\" content=\"instock\" \/>\n<meta property=\"product:condition\" content=\"new\" \/>\n<!-- \/ Yoast SEO Premium plugin. -->","yoast_head_json":{"title":"DORCEL Diamond Anal Plug - Lib Women&#039;s Store","description":"Choose the S-shaped anal cone to start with! The weight of the metal gives a feeling of fullness, it can be heated and used with various lubricants, and the end shines brightly","robots":{"index":"index","follow":"follow","max-snippet":"max-snippet:-1","max-image-preview":"max-image-preview:large","max-video-preview":"max-video-preview:-1"},"canonical":"https:\/\/libwomenstore.com\/en\/product\/collabs\/lib-x-bliss-glass-toys-hand-crafted\/dorcel-diamond-anal-plug-size-small\/","og_locale":"en_US","og_type":"article","og_title":"DORCEL Diamond Anal Plug","og_description":"Choose the S-shaped anal cone to start with! The weight of the metal gives a feeling of fullness, it can be heated and used with various lubricants, and the end shines brightly","og_url":"https:\/\/libwomenstore.com\/en\/product\/collabs\/lib-x-bliss-glass-toys-hand-crafted\/dorcel-diamond-anal-plug-size-small\/","og_site_name":"Lib Women&#039;s Store","article_publisher":"https:\/\/www.facebook.com\/libwomenstore","article_modified_time":"2025-06-24T15:21:43+00:00","og_image":[{"width":472,"height":600,"url":"https:\/\/libwomenstore.com\/wp-content\/uploads\/2024\/04\/dorcel_diamond_anal_plug.jpeg","type":"image\/jpeg"}],"twitter_card":"summary_large_image","twitter_misc":{"Availability":"In stock"},"schema":{"@context":"https:\/\/schema.org","@graph":[{"@type":["WebPage","ItemPage"],"@id":"https:\/\/libwomenstore.com\/en\/product\/collabs\/lib-x-bliss-glass-toys-hand-crafted\/dorcel-diamond-anal-plug-size-small\/","url":"https:\/\/libwomenstore.com\/en\/product\/collabs\/lib-x-bliss-glass-toys-hand-crafted\/dorcel-diamond-anal-plug-size-small\/","name":"DORCEL Diamond Anal Plug - Lib Women&#039;s Store","isPartOf":{"@id":"https:\/\/libwomenstore.com\/en\/#website"},"primaryImageOfPage":{"@id":"https:\/\/libwomenstore.com\/en\/product\/collabs\/lib-x-bliss-glass-toys-hand-crafted\/dorcel-diamond-anal-plug-size-small\/#primaryimage"},"image":{"@id":"https:\/\/libwomenstore.com\/en\/product\/collabs\/lib-x-bliss-glass-toys-hand-crafted\/dorcel-diamond-anal-plug-size-small\/#primaryimage"},"thumbnailUrl":"https:\/\/libwomenstore.com\/wp-content\/uploads\/2024\/04\/dorcel_diamond_anal_plug.jpeg","datePublished":"2024-04-16T10:02:27+00:00","dateModified":"2025-06-24T15:21:43+00:00","description":"Choose the S-shaped anal cone to start with! The weight of the metal gives a feeling of fullness, it can be heated and used with various lubricants, and the end shines brightly","breadcrumb":{"@id":"https:\/\/libwomenstore.com\/en\/product\/collabs\/lib-x-bliss-glass-toys-hand-crafted\/dorcel-diamond-anal-plug-size-small\/#breadcrumb"},"inLanguage":"en-US","potentialAction":[{"@type":"ReadAction","target":["https:\/\/libwomenstore.com\/en\/product\/collabs\/lib-x-bliss-glass-toys-hand-crafted\/dorcel-diamond-anal-plug-size-small\/"]}]},{"@type":"ImageObject","inLanguage":"en-US","@id":"https:\/\/libwomenstore.com\/en\/product\/collabs\/lib-x-bliss-glass-toys-hand-crafted\/dorcel-diamond-anal-plug-size-small\/#primaryimage","url":"https:\/\/libwomenstore.com\/wp-content\/uploads\/2024\/04\/dorcel_diamond_anal_plug.jpeg","contentUrl":"https:\/\/libwomenstore.com\/wp-content\/uploads\/2024\/04\/dorcel_diamond_anal_plug.jpeg","width":472,"height":600,"caption":"Dorcel Diamond an\u00e1l k\u00fak 3 m\u00e9ret"},{"@type":"BreadcrumbList","@id":"https:\/\/libwomenstore.com\/en\/product\/collabs\/lib-x-bliss-glass-toys-hand-crafted\/dorcel-diamond-anal-plug-size-small\/#breadcrumb","itemListElement":[{"@type":"ListItem","position":1,"name":"Kezd\u0151lap","item":"https:\/\/libwomenstore.com\/en\/"},{"@type":"ListItem","position":2,"name":"Shop Home Page &#8211; Product categories","item":"https:\/\/libwomenstore.com\/shop-kezdolap-termek-kategoriak\/?lang=en"},{"@type":"ListItem","position":3,"name":"DORCEL Diamond Anal Plug"}]},{"@type":"WebSite","@id":"https:\/\/libwomenstore.com\/en\/#website","url":"https:\/\/libwomenstore.com\/en\/","name":"Lib Women Store","description":"Magyarorsz\u00e1g els\u0151 n\u0151kre f\u00f3kusz\u00e1l\u00f3 szexshopja, ahol az eg\u00e9szs\u00e9g ugyanolyan fontos, mint az \u00e9lvezetek.","publisher":{"@id":"https:\/\/libwomenstore.com\/en\/#organization"},"alternateName":"Lib","potentialAction":[{"@type":"SearchAction","target":{"@type":"EntryPoint","urlTemplate":"https:\/\/libwomenstore.com\/en\/?s={search_term_string}"},"query-input":{"@type":"PropertyValueSpecification","valueRequired":true,"valueName":"search_term_string"}}],"inLanguage":"en-US"},{"@type":"Organization","@id":"https:\/\/libwomenstore.com\/en\/#organization","name":"Lib Women Store","url":"https:\/\/libwomenstore.com\/en\/","logo":{"@type":"ImageObject","inLanguage":"en-US","@id":"https:\/\/libwomenstore.com\/en\/#\/schema\/logo\/image\/","url":"https:\/\/libwomenstore.com\/wp-content\/uploads\/2024\/05\/cropped-LIB-logo-A.png","contentUrl":"https:\/\/libwomenstore.com\/wp-content\/uploads\/2024\/05\/cropped-LIB-logo-A.png","width":512,"height":512,"caption":"Lib Women Store"},"image":{"@id":"https:\/\/libwomenstore.com\/en\/#\/schema\/logo\/image\/"},"sameAs":["https:\/\/www.facebook.com\/libwomenstore"]}]},"og_availability":"instock","product_availability":"instock","product_condition":"new"},"_links":{"self":[{"href":"https:\/\/libwomenstore.com\/en\/wp-json\/wp\/v2\/product\/28717","targetHints":{"allow":["GET"]}}],"collection":[{"href":"https:\/\/libwomenstore.com\/en\/wp-json\/wp\/v2\/product"}],"about":[{"href":"https:\/\/libwomenstore.com\/en\/wp-json\/wp\/v2\/types\/product"}],"replies":[{"embeddable":true,"href":"https:\/\/libwomenstore.com\/en\/wp-json\/wp\/v2\/comments?post=28717"}],"wp:featuredmedia":[{"embeddable":true,"href":"https:\/\/libwomenstore.com\/en\/wp-json\/wp\/v2\/media\/32408"}],"wp:attachment":[{"href":"https:\/\/libwomenstore.com\/en\/wp-json\/wp\/v2\/media?parent=28717"}],"wp:term":[{"taxonomy":"product_brand","embeddable":true,"href":"https:\/\/libwomenstore.com\/en\/wp-json\/wp\/v2\/product_brand?post=28717"},{"taxonomy":"product_cat","embeddable":true,"href":"https:\/\/libwomenstore.com\/en\/wp-json\/wp\/v2\/product_cat?post=28717"},{"taxonomy":"product_tag","embeddable":true,"href":"https:\/\/libwomenstore.com\/en\/wp-json\/wp\/v2\/product_tag?post=28717"}],"curies":[{"name":"wp","href":"https:\/\/api.w.org\/{rel}","templated":true}]}}