{"id":28736,"date":"2024-04-16T12:02:21","date_gmt":"2024-04-16T10:02:21","guid":{"rendered":"https:\/\/uj.libwomenstore.com\/?post_type=product&#038;p=28736"},"modified":"2025-01-07T17:25:39","modified_gmt":"2025-01-07T16:25:39","slug":"dame-pillo-sex-pillow-accessory","status":"publish","type":"product","link":"https:\/\/libwomenstore.com\/en\/product\/accessories\/dame-pillo-sex-pillow-accessory\/","title":{"rendered":"DAME Pillo"},"content":{"rendered":"<p style=\"text-align: center;\"><span style=\"font-weight: 400;\">Pillo is a comfortable yet firm, well-structured pillow that helps you hit new angles, whether in classic or more experimental poses. The combination of its soft, 100% cotton cover and the firm foam pillow helps you experience a more comfortable yet earth-shattering orgasm. You can also hold on comfortably during all poses by grabbing on to its convenient hand loops!<\/span><\/p>\n<p style=\"text-align: center;\"><strong>Features\u00a0<\/strong><\/p>\n<p style=\"text-align: center;\"><span style=\"font-weight: 400;\">Polyurethane foam cushion<\/span><\/p>\n<p style=\"text-align: center;\"><span style=\"font-weight: 400;\">100% cotton stain resistant outer cover\u00a0<\/span><\/p>\n<p style=\"text-align: center;\"><span style=\"font-weight: 400;\">Nylon <strong>waterproof<\/strong> inner lining<\/span><\/p>\n<p style=\"text-align: center;\"><span style=\"font-weight: 400;\">Dimensions: 15 cm long x 18 cm wide x 7 cm high<\/span><\/p>\n<p style=\"text-align: center;\"><strong>Use &amp; Cleaning<\/strong><\/p>\n<p style=\"text-align: center;\"><span style=\"font-weight: 400;\">The Pillo\u2019s cover can be cleaned in the washing machine on a cold cycle. Let the cover air dry!\u00a0<\/span><\/p>\n","protected":false},"excerpt":{"rendered":"<p style=\"text-align: left;\">The Pillo is a sex pillow which will help you test out new poses, add excitement to old ones, and it will do all this while blending in seamlessly with the other pillows in your bedroom.<\/p>\n","protected":false},"featured_media":32412,"comment_status":"open","ping_status":"closed","template":"","meta":{"_et_pb_use_builder":"","_et_pb_old_content":"","_et_gb_content_width":""},"product_brand":[],"product_cat":[363,327],"product_tag":[581],"class_list":{"0":"post-28736","1":"product","2":"type-product","3":"status-publish","4":"has-post-thumbnail","6":"product_cat-accessories","7":"product_cat-bdsm-accessories","8":"product_tag-dame-en","10":"first","11":"outofstock","12":"taxable","13":"shipping-taxable","14":"purchasable","15":"product-type-simple"},"yoast_head":"<!-- This site is optimized with the Yoast SEO Premium plugin v27.4 (Yoast SEO v27.4) - https:\/\/yoast.com\/product\/yoast-seo-premium-wordpress\/ -->\n<title>DAME Pillo - Lib Women&#039;s Store<\/title>\n<meta name=\"description\" content=\"Sex pillow for new poses! Try this wedge-shaped pillow if you want to get more comfortable in your favourite poses or want to deepen them!\" \/>\n<meta name=\"robots\" content=\"index, follow, max-snippet:-1, max-image-preview:large, max-video-preview:-1\" \/>\n<link rel=\"canonical\" href=\"https:\/\/libwomenstore.com\/en\/product\/accessories\/dame-pillo-sex-pillow-accessory\/\" \/>\n<meta property=\"og:locale\" content=\"en_US\" \/>\n<meta property=\"og:type\" content=\"article\" \/>\n<meta property=\"og:title\" content=\"DAME Pillo\" \/>\n<meta property=\"og:description\" content=\"Sex pillow for new poses! Try this wedge-shaped pillow if you want to get more comfortable in your favourite poses or want to deepen them!\" \/>\n<meta property=\"og:url\" content=\"https:\/\/libwomenstore.com\/en\/product\/accessories\/dame-pillo-sex-pillow-accessory\/\" \/>\n<meta property=\"og:site_name\" content=\"Lib Women&#039;s Store\" \/>\n<meta property=\"article:publisher\" content=\"https:\/\/www.facebook.com\/libwomenstore\" \/>\n<meta property=\"article:modified_time\" content=\"2025-01-07T16:25:39+00:00\" \/>\n<meta property=\"og:image\" content=\"https:\/\/libwomenstore.com\/wp-content\/uploads\/2024\/04\/A00317-Dame-Pillo-03.jpg\" \/>\n\t<meta property=\"og:image:width\" content=\"1200\" \/>\n\t<meta property=\"og:image:height\" content=\"1200\" \/>\n\t<meta property=\"og:image:type\" content=\"image\/jpeg\" \/>\n<meta name=\"twitter:card\" content=\"summary_large_image\" \/>\n<meta name=\"twitter:label1\" content=\"Price\" \/>\n\t<meta name=\"twitter:data1\" content=\"47.000&#070;&#116;\" \/>\n\t<meta name=\"twitter:label2\" content=\"Availability\" \/>\n\t<meta name=\"twitter:data2\" content=\"Out of stock\" \/>\n<script type=\"application\/ld+json\" class=\"yoast-schema-graph\">{\"@context\":\"https:\\\/\\\/schema.org\",\"@graph\":[{\"@type\":[\"WebPage\",\"ItemPage\"],\"@id\":\"https:\\\/\\\/libwomenstore.com\\\/en\\\/product\\\/accessories\\\/dame-pillo-sex-pillow-accessory\\\/\",\"url\":\"https:\\\/\\\/libwomenstore.com\\\/en\\\/product\\\/accessories\\\/dame-pillo-sex-pillow-accessory\\\/\",\"name\":\"DAME Pillo - Lib Women&#039;s Store\",\"isPartOf\":{\"@id\":\"https:\\\/\\\/libwomenstore.com\\\/en\\\/#website\"},\"primaryImageOfPage\":{\"@id\":\"https:\\\/\\\/libwomenstore.com\\\/en\\\/product\\\/accessories\\\/dame-pillo-sex-pillow-accessory\\\/#primaryimage\"},\"image\":{\"@id\":\"https:\\\/\\\/libwomenstore.com\\\/en\\\/product\\\/accessories\\\/dame-pillo-sex-pillow-accessory\\\/#primaryimage\"},\"thumbnailUrl\":\"https:\\\/\\\/libwomenstore.com\\\/wp-content\\\/uploads\\\/2024\\\/04\\\/dame_pillo_szex_parna_derek_ala.jpeg\",\"datePublished\":\"2024-04-16T10:02:21+00:00\",\"dateModified\":\"2025-01-07T16:25:39+00:00\",\"description\":\"Sex pillow for new poses! Try this wedge-shaped pillow if you want to get more comfortable in your favourite poses or want to deepen them!\",\"breadcrumb\":{\"@id\":\"https:\\\/\\\/libwomenstore.com\\\/en\\\/product\\\/accessories\\\/dame-pillo-sex-pillow-accessory\\\/#breadcrumb\"},\"inLanguage\":\"en-US\",\"potentialAction\":[{\"@type\":\"ReadAction\",\"target\":[\"https:\\\/\\\/libwomenstore.com\\\/en\\\/product\\\/accessories\\\/dame-pillo-sex-pillow-accessory\\\/\"]}]},{\"@type\":\"ImageObject\",\"inLanguage\":\"en-US\",\"@id\":\"https:\\\/\\\/libwomenstore.com\\\/en\\\/product\\\/accessories\\\/dame-pillo-sex-pillow-accessory\\\/#primaryimage\",\"url\":\"https:\\\/\\\/libwomenstore.com\\\/wp-content\\\/uploads\\\/2024\\\/04\\\/dame_pillo_szex_parna_derek_ala.jpeg\",\"contentUrl\":\"https:\\\/\\\/libwomenstore.com\\\/wp-content\\\/uploads\\\/2024\\\/04\\\/dame_pillo_szex_parna_derek_ala.jpeg\",\"width\":600,\"height\":600,\"caption\":\"Dame Pillo szexp\u00e1rna fog\u00f3val\"},{\"@type\":\"BreadcrumbList\",\"@id\":\"https:\\\/\\\/libwomenstore.com\\\/en\\\/product\\\/accessories\\\/dame-pillo-sex-pillow-accessory\\\/#breadcrumb\",\"itemListElement\":[{\"@type\":\"ListItem\",\"position\":1,\"name\":\"Kezd\u0151lap\",\"item\":\"https:\\\/\\\/libwomenstore.com\\\/en\\\/\"},{\"@type\":\"ListItem\",\"position\":2,\"name\":\"Shop Home Page &#8211; Product categories\",\"item\":\"https:\\\/\\\/libwomenstore.com\\\/shop-kezdolap-termek-kategoriak\\\/?lang=en\"},{\"@type\":\"ListItem\",\"position\":3,\"name\":\"DAME Pillo\"}]},{\"@type\":\"WebSite\",\"@id\":\"https:\\\/\\\/libwomenstore.com\\\/en\\\/#website\",\"url\":\"https:\\\/\\\/libwomenstore.com\\\/en\\\/\",\"name\":\"Lib Women Store\",\"description\":\"Magyarorsz\u00e1g els\u0151 n\u0151kre f\u00f3kusz\u00e1l\u00f3 szexshopja, ahol az eg\u00e9szs\u00e9g ugyanolyan fontos, mint az \u00e9lvezetek.\",\"publisher\":{\"@id\":\"https:\\\/\\\/libwomenstore.com\\\/en\\\/#organization\"},\"alternateName\":\"Lib\",\"potentialAction\":[{\"@type\":\"SearchAction\",\"target\":{\"@type\":\"EntryPoint\",\"urlTemplate\":\"https:\\\/\\\/libwomenstore.com\\\/en\\\/?s={search_term_string}\"},\"query-input\":{\"@type\":\"PropertyValueSpecification\",\"valueRequired\":true,\"valueName\":\"search_term_string\"}}],\"inLanguage\":\"en-US\"},{\"@type\":\"Organization\",\"@id\":\"https:\\\/\\\/libwomenstore.com\\\/en\\\/#organization\",\"name\":\"Lib Women Store\",\"url\":\"https:\\\/\\\/libwomenstore.com\\\/en\\\/\",\"logo\":{\"@type\":\"ImageObject\",\"inLanguage\":\"en-US\",\"@id\":\"https:\\\/\\\/libwomenstore.com\\\/en\\\/#\\\/schema\\\/logo\\\/image\\\/\",\"url\":\"https:\\\/\\\/libwomenstore.com\\\/wp-content\\\/uploads\\\/2024\\\/05\\\/cropped-LIB-logo-A.png\",\"contentUrl\":\"https:\\\/\\\/libwomenstore.com\\\/wp-content\\\/uploads\\\/2024\\\/05\\\/cropped-LIB-logo-A.png\",\"width\":512,\"height\":512,\"caption\":\"Lib Women Store\"},\"image\":{\"@id\":\"https:\\\/\\\/libwomenstore.com\\\/en\\\/#\\\/schema\\\/logo\\\/image\\\/\"},\"sameAs\":[\"https:\\\/\\\/www.facebook.com\\\/libwomenstore\"]}]}<\/script>\n<meta property=\"product:price:amount\" content=\"47000\" \/>\n<meta property=\"product:price:currency\" content=\"HUF\" \/>\n<meta property=\"og:availability\" content=\"out of stock\" \/>\n<meta property=\"product:availability\" content=\"out of stock\" \/>\n<meta property=\"product:retailer_item_id\" content=\"LIB-DM004\" \/>\n<meta property=\"product:condition\" content=\"new\" \/>\n<!-- \/ Yoast SEO Premium plugin. -->","yoast_head_json":{"title":"DAME Pillo - Lib Women&#039;s Store","description":"Sex pillow for new poses! Try this wedge-shaped pillow if you want to get more comfortable in your favourite poses or want to deepen them!","robots":{"index":"index","follow":"follow","max-snippet":"max-snippet:-1","max-image-preview":"max-image-preview:large","max-video-preview":"max-video-preview:-1"},"canonical":"https:\/\/libwomenstore.com\/en\/product\/accessories\/dame-pillo-sex-pillow-accessory\/","og_locale":"en_US","og_type":"article","og_title":"DAME Pillo","og_description":"Sex pillow for new poses! Try this wedge-shaped pillow if you want to get more comfortable in your favourite poses or want to deepen them!","og_url":"https:\/\/libwomenstore.com\/en\/product\/accessories\/dame-pillo-sex-pillow-accessory\/","og_site_name":"Lib Women&#039;s Store","article_publisher":"https:\/\/www.facebook.com\/libwomenstore","article_modified_time":"2025-01-07T16:25:39+00:00","og_image":[{"width":1200,"height":1200,"url":"https:\/\/libwomenstore.com\/wp-content\/uploads\/2024\/04\/A00317-Dame-Pillo-03.jpg","type":"image\/jpeg"}],"twitter_card":"summary_large_image","twitter_misc":{"Price":"47.000&#70;&#116;","Availability":"Out of stock"},"schema":{"@context":"https:\/\/schema.org","@graph":[{"@type":["WebPage","ItemPage"],"@id":"https:\/\/libwomenstore.com\/en\/product\/accessories\/dame-pillo-sex-pillow-accessory\/","url":"https:\/\/libwomenstore.com\/en\/product\/accessories\/dame-pillo-sex-pillow-accessory\/","name":"DAME Pillo - Lib Women&#039;s Store","isPartOf":{"@id":"https:\/\/libwomenstore.com\/en\/#website"},"primaryImageOfPage":{"@id":"https:\/\/libwomenstore.com\/en\/product\/accessories\/dame-pillo-sex-pillow-accessory\/#primaryimage"},"image":{"@id":"https:\/\/libwomenstore.com\/en\/product\/accessories\/dame-pillo-sex-pillow-accessory\/#primaryimage"},"thumbnailUrl":"https:\/\/libwomenstore.com\/wp-content\/uploads\/2024\/04\/dame_pillo_szex_parna_derek_ala.jpeg","datePublished":"2024-04-16T10:02:21+00:00","dateModified":"2025-01-07T16:25:39+00:00","description":"Sex pillow for new poses! Try this wedge-shaped pillow if you want to get more comfortable in your favourite poses or want to deepen them!","breadcrumb":{"@id":"https:\/\/libwomenstore.com\/en\/product\/accessories\/dame-pillo-sex-pillow-accessory\/#breadcrumb"},"inLanguage":"en-US","potentialAction":[{"@type":"ReadAction","target":["https:\/\/libwomenstore.com\/en\/product\/accessories\/dame-pillo-sex-pillow-accessory\/"]}]},{"@type":"ImageObject","inLanguage":"en-US","@id":"https:\/\/libwomenstore.com\/en\/product\/accessories\/dame-pillo-sex-pillow-accessory\/#primaryimage","url":"https:\/\/libwomenstore.com\/wp-content\/uploads\/2024\/04\/dame_pillo_szex_parna_derek_ala.jpeg","contentUrl":"https:\/\/libwomenstore.com\/wp-content\/uploads\/2024\/04\/dame_pillo_szex_parna_derek_ala.jpeg","width":600,"height":600,"caption":"Dame Pillo szexp\u00e1rna fog\u00f3val"},{"@type":"BreadcrumbList","@id":"https:\/\/libwomenstore.com\/en\/product\/accessories\/dame-pillo-sex-pillow-accessory\/#breadcrumb","itemListElement":[{"@type":"ListItem","position":1,"name":"Kezd\u0151lap","item":"https:\/\/libwomenstore.com\/en\/"},{"@type":"ListItem","position":2,"name":"Shop Home Page &#8211; Product categories","item":"https:\/\/libwomenstore.com\/shop-kezdolap-termek-kategoriak\/?lang=en"},{"@type":"ListItem","position":3,"name":"DAME Pillo"}]},{"@type":"WebSite","@id":"https:\/\/libwomenstore.com\/en\/#website","url":"https:\/\/libwomenstore.com\/en\/","name":"Lib Women Store","description":"Magyarorsz\u00e1g els\u0151 n\u0151kre f\u00f3kusz\u00e1l\u00f3 szexshopja, ahol az eg\u00e9szs\u00e9g ugyanolyan fontos, mint az \u00e9lvezetek.","publisher":{"@id":"https:\/\/libwomenstore.com\/en\/#organization"},"alternateName":"Lib","potentialAction":[{"@type":"SearchAction","target":{"@type":"EntryPoint","urlTemplate":"https:\/\/libwomenstore.com\/en\/?s={search_term_string}"},"query-input":{"@type":"PropertyValueSpecification","valueRequired":true,"valueName":"search_term_string"}}],"inLanguage":"en-US"},{"@type":"Organization","@id":"https:\/\/libwomenstore.com\/en\/#organization","name":"Lib Women Store","url":"https:\/\/libwomenstore.com\/en\/","logo":{"@type":"ImageObject","inLanguage":"en-US","@id":"https:\/\/libwomenstore.com\/en\/#\/schema\/logo\/image\/","url":"https:\/\/libwomenstore.com\/wp-content\/uploads\/2024\/05\/cropped-LIB-logo-A.png","contentUrl":"https:\/\/libwomenstore.com\/wp-content\/uploads\/2024\/05\/cropped-LIB-logo-A.png","width":512,"height":512,"caption":"Lib Women Store"},"image":{"@id":"https:\/\/libwomenstore.com\/en\/#\/schema\/logo\/image\/"},"sameAs":["https:\/\/www.facebook.com\/libwomenstore"]}]},"product_price_amount":"47000","product_price_currency":"HUF","og_availability":"out of stock","product_availability":"out of stock","product_retailer_item_id":"LIB-DM004","product_condition":"new"},"_links":{"self":[{"href":"https:\/\/libwomenstore.com\/en\/wp-json\/wp\/v2\/product\/28736","targetHints":{"allow":["GET"]}}],"collection":[{"href":"https:\/\/libwomenstore.com\/en\/wp-json\/wp\/v2\/product"}],"about":[{"href":"https:\/\/libwomenstore.com\/en\/wp-json\/wp\/v2\/types\/product"}],"replies":[{"embeddable":true,"href":"https:\/\/libwomenstore.com\/en\/wp-json\/wp\/v2\/comments?post=28736"}],"wp:featuredmedia":[{"embeddable":true,"href":"https:\/\/libwomenstore.com\/en\/wp-json\/wp\/v2\/media\/32412"}],"wp:attachment":[{"href":"https:\/\/libwomenstore.com\/en\/wp-json\/wp\/v2\/media?parent=28736"}],"wp:term":[{"taxonomy":"product_brand","embeddable":true,"href":"https:\/\/libwomenstore.com\/en\/wp-json\/wp\/v2\/product_brand?post=28736"},{"taxonomy":"product_cat","embeddable":true,"href":"https:\/\/libwomenstore.com\/en\/wp-json\/wp\/v2\/product_cat?post=28736"},{"taxonomy":"product_tag","embeddable":true,"href":"https:\/\/libwomenstore.com\/en\/wp-json\/wp\/v2\/product_tag?post=28736"}],"curies":[{"name":"wp","href":"https:\/\/api.w.org\/{rel}","templated":true}]}}