{"id":28738,"date":"2024-04-16T12:02:19","date_gmt":"2024-04-16T10:02:19","guid":{"rendered":"https:\/\/uj.libwomenstore.com\/?post_type=product&#038;p=28738"},"modified":"2025-01-07T17:25:17","modified_gmt":"2025-01-07T16:25:17","slug":"dame-massage-oil-candle-soy-wax","status":"publish","type":"product","link":"https:\/\/libwomenstore.com\/en\/product\/bdsm-accessories\/dame-massage-oil-candle-soy-wax\/","title":{"rendered":"DAME Massage Oil Candle"},"content":{"rendered":"<p style=\"text-align: center;\"><strong>Features\u00a0<\/strong><\/p>\n<p style=\"text-align: center;\"><span style=\"font-weight: 400;\">Easy to use thanks to the easy pouring container, with which you can determine the path of the hot wax along your body. Soy wax melts at lower temperatures, which means it is pleasurably warm during a massage. The Kava-kava extract helps you loosen up and give yourself over to touch.<\/span><\/p>\n<p style=\"text-align: center;\"><span style=\"font-weight: 400;\">Body-safe<\/span><\/p>\n<p style=\"text-align: center;\"><span style=\"font-weight: 400;\">Cruelty-free<\/span><\/p>\n<p style=\"text-align: center;\"><span style=\"font-weight: 400;\">Formula approved by doctors<\/span><\/p>\n<p style=\"text-align: center;\"><b>Available in three scents :<\/b><\/p>\n<p style=\"text-align: center;\"><b>Melt together:<\/b><span style=\"font-weight: 400;\"> green tea, fig, cedar<\/span><\/p>\n<p style=\"text-align: center;\"><b>Wild lust:<\/b><span style=\"font-weight: 400;\"> Lime leaves, white peach and ambrette (ambrette seed oil has a sweet, floral, musky scent)<\/span><\/p>\n<p style=\"text-align: center;\"><b>Soft Touch:<\/b><span style=\"font-weight: 400;\"> Benzoin, Guaiac Wood, Sandalwood<\/span><\/p>\n<p style=\"text-align: center;\"><b>Ingredients:<\/b><\/p>\n<p style=\"text-align: center;\"><b>Melt together:<\/b><\/p>\n<p style=\"text-align: center;\"><span style=\"font-weight: 400;\">Glycine Soja (soybean) wax<\/span><\/p>\n<p style=\"text-align: center;\"><span style=\"font-weight: 400;\">Cocos Nucifera (coconut) oil<\/span><\/p>\n<p style=\"text-align: center;\"><span style=\"font-weight: 400;\">Prunus Amygdalus Dulcis (sweet almond)<\/span><\/p>\n<p style=\"text-align: center;\"><span style=\"font-weight: 400;\">Tocopheryl Acetate Oil (Vitamin E)<\/span><\/p>\n<p style=\"text-align: center;\"><span style=\"font-weight: 400;\">Beeswax<\/span><\/p>\n<p style=\"text-align: center;\"><span style=\"font-weight: 400;\">Olea Europaea (Olive) Fruit oil<\/span><\/p>\n<p style=\"text-align: center;\"><span style=\"font-weight: 400;\">Helianthus Annuus (Sunflower) Seed Wax<\/span><\/p>\n<p style=\"text-align: center;\"><span style=\"font-weight: 400;\">Simmondsia Chinensis (jojoba) seed oil<\/span><\/p>\n<p style=\"text-align: center;\"><span style=\"font-weight: 400;\">Vitis Vinifera (grape) seed oil<\/span><\/p>\n<p style=\"text-align: center;\"><span style=\"font-weight: 400;\">Persea Gratissima (avocado) oil<\/span><\/p>\n<p style=\"text-align: center;\"><span style=\"font-weight: 400;\">Butyrospermum Parkii (Shea) Butter Piper<\/span><\/p>\n<p style=\"text-align: center;\"><span style=\"font-weight: 400;\">Methysticum (Kava Kava) root extract<\/span><\/p>\n<p style=\"text-align: center;\"><span style=\"font-weight: 400;\">Melatonin<\/span><\/p>\n<p style=\"text-align: center;\"><span style=\"font-weight: 400;\">Citral<\/span><\/p>\n<p style=\"text-align: center;\"><span style=\"font-weight: 400;\">Coumarin<\/span><\/p>\n<p style=\"text-align: center;\"><span style=\"font-weight: 400;\">Eugenol<\/span><\/p>\n<p style=\"text-align: center;\"><span style=\"font-weight: 400;\">Geraniol<\/span><\/p>\n<p style=\"text-align: center;\"><span style=\"font-weight: 400;\">Limonene<\/span><\/p>\n<p style=\"text-align: center;\"><span style=\"font-weight: 400;\">Linalool<\/span><\/p>\n<p style=\"text-align: center;\"><b>Wild Lust:<\/b><\/p>\n<p style=\"text-align: center;\"><span style=\"font-weight: 400;\">Glycine Soja (soybean) wax<\/span><\/p>\n<p style=\"text-align: center;\"><span style=\"font-weight: 400;\">Cocos Nucifera (coconut) oil<\/span><\/p>\n<p style=\"text-align: center;\"><span style=\"font-weight: 400;\">Prunus Amygdalus Dulcis (sweet almond)<\/span><\/p>\n<p style=\"text-align: center;\"><span style=\"font-weight: 400;\">Tocopheryl Acetate Oil (Vitamin E)<\/span><\/p>\n<p style=\"text-align: center;\"><span style=\"font-weight: 400;\">Beeswax<\/span><\/p>\n<p style=\"text-align: center;\"><span style=\"font-weight: 400;\">Olea Europaea (Olive) Fruit oil<\/span><\/p>\n<p style=\"text-align: center;\"><span style=\"font-weight: 400;\">Helianthus Annuus (Sunflower) Seed Wax<\/span><\/p>\n<p style=\"text-align: center;\"><span style=\"font-weight: 400;\">Simmondsia Chinensis (jojoba) seed oil<\/span><\/p>\n<p style=\"text-align: center;\"><span style=\"font-weight: 400;\">Vitis Vinifera (grape) seed oil<\/span><\/p>\n<p style=\"text-align: center;\"><span style=\"font-weight: 400;\">Persea Gratissima (avocado) oil<\/span><\/p>\n<p style=\"text-align: center;\"><span style=\"font-weight: 400;\">Butyrospermum Parkii (Shea) Butter Piper<\/span><\/p>\n<p style=\"text-align: center;\"><span style=\"font-weight: 400;\">Methysticum (Kava Kava) root extract<\/span><\/p>\n<p style=\"text-align: center;\"><span style=\"font-weight: 400;\">Melatonin<\/span><\/p>\n<p style=\"text-align: center;\"><span style=\"font-weight: 400;\">Benzyl benzoate<\/span><\/p>\n<p style=\"text-align: center;\"><span style=\"font-weight: 400;\">Citral<\/span><\/p>\n<p style=\"text-align: center;\"><span style=\"font-weight: 400;\">With citronello<\/span><\/p>\n<p style=\"text-align: center;\"><span style=\"font-weight: 400;\">Coumarin<\/span><\/p>\n<p style=\"text-align: center;\"><span style=\"font-weight: 400;\">Limonene<\/span><\/p>\n<p style=\"text-align: center;\"><span style=\"font-weight: 400;\">Linalool<\/span><\/p>\n<p style=\"text-align: center;\"><strong>Use &amp; Cleaning<\/strong><\/p>\n<p style=\"text-align: center;\"><span style=\"font-weight: 400;\">Light the wick, and leave the candle until a uniform layer of oil has melted about 20 minutes. Blow out the candle. pour the oil right onto the skin, or use your fingertip to scoop it out of the container. Massage it in for soft and nourished skin.<\/span><\/p>\n<p style=\"text-align: center;\"><span style=\"font-weight: 400;\">For the best user experience make sure to trim the wick, and pay attention to make sure to melt the wax in even layers so the top of the candle remains flat.\u00a0<\/span><\/p>\n<p style=\"text-align: center;\"><span style=\"font-weight: 400;\"><strong>WARNING<\/strong>: If the candle burns for an extended period of time, please check the temperature of the glass container before picking it up.<\/span><\/p>\n","protected":false},"excerpt":{"rendered":"<p style=\"text-align: left;\">Melt into your senses with these plant based, hydrating, winter massage candles.<\/p>\n","protected":false},"featured_media":32424,"comment_status":"open","ping_status":"closed","template":"","meta":{"_et_pb_use_builder":"","_et_pb_old_content":"","_et_gb_content_width":""},"product_brand":[],"product_cat":[327,513,362,554,358],"product_tag":[581,505,698],"class_list":{"0":"post-28738","1":"product","2":"type-product","3":"status-publish","4":"has-post-thumbnail","6":"product_cat-bdsm-accessories","7":"product_cat-collabs","8":"product_cat-enhancers","9":"product_cat-lib-x-bliss-glass-toys-hand-crafted","10":"product_cat-lubes-and-massage-gels","11":"product_tag-dame-en","12":"product_tag-massage-candle-en","13":"product_tag-massage-gel","15":"first","16":"instock","17":"taxable","18":"shipping-taxable","19":"purchasable","20":"product-type-variable"},"yoast_head":"<!-- This site is optimized with the Yoast SEO Premium plugin v27.4 (Yoast SEO v27.4) - https:\/\/yoast.com\/product\/yoast-seo-premium-wordpress\/ -->\n<title>DAME Massage Oil Candle - Lib Women&#039;s Store<\/title>\n<meta name=\"description\" content=\"Massage oil candle in three different scents. Warm it up and pour it directly on the skin and let the sensual pleasure begin!\" \/>\n<meta name=\"robots\" content=\"index, follow, max-snippet:-1, max-image-preview:large, max-video-preview:-1\" \/>\n<link rel=\"canonical\" href=\"https:\/\/libwomenstore.com\/en\/product\/bdsm-accessories\/dame-massage-oil-candle-soy-wax\/\" \/>\n<meta property=\"og:locale\" content=\"en_US\" \/>\n<meta property=\"og:type\" content=\"article\" \/>\n<meta property=\"og:title\" content=\"DAME Massage Oil Candle\" \/>\n<meta property=\"og:description\" content=\"Massage oil candle in three different scents. Warm it up and pour it directly on the skin and let the sensual pleasure begin!\" \/>\n<meta property=\"og:url\" content=\"https:\/\/libwomenstore.com\/en\/product\/bdsm-accessories\/dame-massage-oil-candle-soy-wax\/\" \/>\n<meta property=\"og:site_name\" content=\"Lib Women&#039;s Store\" \/>\n<meta property=\"article:publisher\" content=\"https:\/\/www.facebook.com\/libwomenstore\" \/>\n<meta property=\"article:modified_time\" content=\"2025-01-07T16:25:17+00:00\" \/>\n<meta property=\"og:image\" content=\"https:\/\/libwomenstore.com\/wp-content\/uploads\/2024\/04\/Dame-Products-MassageOilCandle_5oz-141G_05_1024X1024_1200x_48a68694-edfe-4d7a-883d-a12e5a984e0c.jpg\" \/>\n\t<meta property=\"og:image:width\" content=\"1024\" \/>\n\t<meta property=\"og:image:height\" content=\"1024\" \/>\n\t<meta property=\"og:image:type\" content=\"image\/jpeg\" \/>\n<meta name=\"twitter:card\" content=\"summary_large_image\" \/>\n<meta name=\"twitter:label1\" content=\"Availability\" \/>\n\t<meta name=\"twitter:data1\" content=\"In stock\" \/>\n<script type=\"application\/ld+json\" class=\"yoast-schema-graph\">{\"@context\":\"https:\\\/\\\/schema.org\",\"@graph\":[{\"@type\":[\"WebPage\",\"ItemPage\"],\"@id\":\"https:\\\/\\\/libwomenstore.com\\\/en\\\/product\\\/bdsm-accessories\\\/dame-massage-oil-candle-soy-wax\\\/\",\"url\":\"https:\\\/\\\/libwomenstore.com\\\/en\\\/product\\\/bdsm-accessories\\\/dame-massage-oil-candle-soy-wax\\\/\",\"name\":\"DAME Massage Oil Candle - Lib Women&#039;s Store\",\"isPartOf\":{\"@id\":\"https:\\\/\\\/libwomenstore.com\\\/en\\\/#website\"},\"primaryImageOfPage\":{\"@id\":\"https:\\\/\\\/libwomenstore.com\\\/en\\\/product\\\/bdsm-accessories\\\/dame-massage-oil-candle-soy-wax\\\/#primaryimage\"},\"image\":{\"@id\":\"https:\\\/\\\/libwomenstore.com\\\/en\\\/product\\\/bdsm-accessories\\\/dame-massage-oil-candle-soy-wax\\\/#primaryimage\"},\"thumbnailUrl\":\"https:\\\/\\\/libwomenstore.com\\\/wp-content\\\/uploads\\\/2024\\\/04\\\/dame_masszazs_gyertya_kiontovel.jpeg\",\"datePublished\":\"2024-04-16T10:02:19+00:00\",\"dateModified\":\"2025-01-07T16:25:17+00:00\",\"description\":\"Massage oil candle in three different scents. Warm it up and pour it directly on the skin and let the sensual pleasure begin!\",\"breadcrumb\":{\"@id\":\"https:\\\/\\\/libwomenstore.com\\\/en\\\/product\\\/bdsm-accessories\\\/dame-massage-oil-candle-soy-wax\\\/#breadcrumb\"},\"inLanguage\":\"en-US\",\"potentialAction\":[{\"@type\":\"ReadAction\",\"target\":[\"https:\\\/\\\/libwomenstore.com\\\/en\\\/product\\\/bdsm-accessories\\\/dame-massage-oil-candle-soy-wax\\\/\"]}]},{\"@type\":\"ImageObject\",\"inLanguage\":\"en-US\",\"@id\":\"https:\\\/\\\/libwomenstore.com\\\/en\\\/product\\\/bdsm-accessories\\\/dame-massage-oil-candle-soy-wax\\\/#primaryimage\",\"url\":\"https:\\\/\\\/libwomenstore.com\\\/wp-content\\\/uploads\\\/2024\\\/04\\\/dame_masszazs_gyertya_kiontovel.jpeg\",\"contentUrl\":\"https:\\\/\\\/libwomenstore.com\\\/wp-content\\\/uploads\\\/2024\\\/04\\\/dame_masszazs_gyertya_kiontovel.jpeg\",\"width\":600,\"height\":600,\"caption\":\"Dame massz\u00e1zs gyertya k\u00f6zvetlen\u00fcl a b\u0151rre \u00f6nthet\u0151 sz\u00f3javiaszb\u00f3l\"},{\"@type\":\"BreadcrumbList\",\"@id\":\"https:\\\/\\\/libwomenstore.com\\\/en\\\/product\\\/bdsm-accessories\\\/dame-massage-oil-candle-soy-wax\\\/#breadcrumb\",\"itemListElement\":[{\"@type\":\"ListItem\",\"position\":1,\"name\":\"Kezd\u0151lap\",\"item\":\"https:\\\/\\\/libwomenstore.com\\\/en\\\/\"},{\"@type\":\"ListItem\",\"position\":2,\"name\":\"Shop Home Page &#8211; Product categories\",\"item\":\"https:\\\/\\\/libwomenstore.com\\\/shop-kezdolap-termek-kategoriak\\\/?lang=en\"},{\"@type\":\"ListItem\",\"position\":3,\"name\":\"DAME Massage Oil Candle\"}]},{\"@type\":\"WebSite\",\"@id\":\"https:\\\/\\\/libwomenstore.com\\\/en\\\/#website\",\"url\":\"https:\\\/\\\/libwomenstore.com\\\/en\\\/\",\"name\":\"Lib Women Store\",\"description\":\"Magyarorsz\u00e1g els\u0151 n\u0151kre f\u00f3kusz\u00e1l\u00f3 szexshopja, ahol az eg\u00e9szs\u00e9g ugyanolyan fontos, mint az \u00e9lvezetek.\",\"publisher\":{\"@id\":\"https:\\\/\\\/libwomenstore.com\\\/en\\\/#organization\"},\"alternateName\":\"Lib\",\"potentialAction\":[{\"@type\":\"SearchAction\",\"target\":{\"@type\":\"EntryPoint\",\"urlTemplate\":\"https:\\\/\\\/libwomenstore.com\\\/en\\\/?s={search_term_string}\"},\"query-input\":{\"@type\":\"PropertyValueSpecification\",\"valueRequired\":true,\"valueName\":\"search_term_string\"}}],\"inLanguage\":\"en-US\"},{\"@type\":\"Organization\",\"@id\":\"https:\\\/\\\/libwomenstore.com\\\/en\\\/#organization\",\"name\":\"Lib Women Store\",\"url\":\"https:\\\/\\\/libwomenstore.com\\\/en\\\/\",\"logo\":{\"@type\":\"ImageObject\",\"inLanguage\":\"en-US\",\"@id\":\"https:\\\/\\\/libwomenstore.com\\\/en\\\/#\\\/schema\\\/logo\\\/image\\\/\",\"url\":\"https:\\\/\\\/libwomenstore.com\\\/wp-content\\\/uploads\\\/2024\\\/05\\\/cropped-LIB-logo-A.png\",\"contentUrl\":\"https:\\\/\\\/libwomenstore.com\\\/wp-content\\\/uploads\\\/2024\\\/05\\\/cropped-LIB-logo-A.png\",\"width\":512,\"height\":512,\"caption\":\"Lib Women Store\"},\"image\":{\"@id\":\"https:\\\/\\\/libwomenstore.com\\\/en\\\/#\\\/schema\\\/logo\\\/image\\\/\"},\"sameAs\":[\"https:\\\/\\\/www.facebook.com\\\/libwomenstore\"]}]}<\/script>\n<meta property=\"og:availability\" content=\"instock\" \/>\n<meta property=\"product:availability\" content=\"instock\" \/>\n<meta property=\"product:condition\" content=\"new\" \/>\n<!-- \/ Yoast SEO Premium plugin. -->","yoast_head_json":{"title":"DAME Massage Oil Candle - Lib Women&#039;s Store","description":"Massage oil candle in three different scents. Warm it up and pour it directly on the skin and let the sensual pleasure begin!","robots":{"index":"index","follow":"follow","max-snippet":"max-snippet:-1","max-image-preview":"max-image-preview:large","max-video-preview":"max-video-preview:-1"},"canonical":"https:\/\/libwomenstore.com\/en\/product\/bdsm-accessories\/dame-massage-oil-candle-soy-wax\/","og_locale":"en_US","og_type":"article","og_title":"DAME Massage Oil Candle","og_description":"Massage oil candle in three different scents. Warm it up and pour it directly on the skin and let the sensual pleasure begin!","og_url":"https:\/\/libwomenstore.com\/en\/product\/bdsm-accessories\/dame-massage-oil-candle-soy-wax\/","og_site_name":"Lib Women&#039;s Store","article_publisher":"https:\/\/www.facebook.com\/libwomenstore","article_modified_time":"2025-01-07T16:25:17+00:00","og_image":[{"width":1024,"height":1024,"url":"https:\/\/libwomenstore.com\/wp-content\/uploads\/2024\/04\/Dame-Products-MassageOilCandle_5oz-141G_05_1024X1024_1200x_48a68694-edfe-4d7a-883d-a12e5a984e0c.jpg","type":"image\/jpeg"}],"twitter_card":"summary_large_image","twitter_misc":{"Availability":"In stock"},"schema":{"@context":"https:\/\/schema.org","@graph":[{"@type":["WebPage","ItemPage"],"@id":"https:\/\/libwomenstore.com\/en\/product\/bdsm-accessories\/dame-massage-oil-candle-soy-wax\/","url":"https:\/\/libwomenstore.com\/en\/product\/bdsm-accessories\/dame-massage-oil-candle-soy-wax\/","name":"DAME Massage Oil Candle - Lib Women&#039;s Store","isPartOf":{"@id":"https:\/\/libwomenstore.com\/en\/#website"},"primaryImageOfPage":{"@id":"https:\/\/libwomenstore.com\/en\/product\/bdsm-accessories\/dame-massage-oil-candle-soy-wax\/#primaryimage"},"image":{"@id":"https:\/\/libwomenstore.com\/en\/product\/bdsm-accessories\/dame-massage-oil-candle-soy-wax\/#primaryimage"},"thumbnailUrl":"https:\/\/libwomenstore.com\/wp-content\/uploads\/2024\/04\/dame_masszazs_gyertya_kiontovel.jpeg","datePublished":"2024-04-16T10:02:19+00:00","dateModified":"2025-01-07T16:25:17+00:00","description":"Massage oil candle in three different scents. Warm it up and pour it directly on the skin and let the sensual pleasure begin!","breadcrumb":{"@id":"https:\/\/libwomenstore.com\/en\/product\/bdsm-accessories\/dame-massage-oil-candle-soy-wax\/#breadcrumb"},"inLanguage":"en-US","potentialAction":[{"@type":"ReadAction","target":["https:\/\/libwomenstore.com\/en\/product\/bdsm-accessories\/dame-massage-oil-candle-soy-wax\/"]}]},{"@type":"ImageObject","inLanguage":"en-US","@id":"https:\/\/libwomenstore.com\/en\/product\/bdsm-accessories\/dame-massage-oil-candle-soy-wax\/#primaryimage","url":"https:\/\/libwomenstore.com\/wp-content\/uploads\/2024\/04\/dame_masszazs_gyertya_kiontovel.jpeg","contentUrl":"https:\/\/libwomenstore.com\/wp-content\/uploads\/2024\/04\/dame_masszazs_gyertya_kiontovel.jpeg","width":600,"height":600,"caption":"Dame massz\u00e1zs gyertya k\u00f6zvetlen\u00fcl a b\u0151rre \u00f6nthet\u0151 sz\u00f3javiaszb\u00f3l"},{"@type":"BreadcrumbList","@id":"https:\/\/libwomenstore.com\/en\/product\/bdsm-accessories\/dame-massage-oil-candle-soy-wax\/#breadcrumb","itemListElement":[{"@type":"ListItem","position":1,"name":"Kezd\u0151lap","item":"https:\/\/libwomenstore.com\/en\/"},{"@type":"ListItem","position":2,"name":"Shop Home Page &#8211; Product categories","item":"https:\/\/libwomenstore.com\/shop-kezdolap-termek-kategoriak\/?lang=en"},{"@type":"ListItem","position":3,"name":"DAME Massage Oil Candle"}]},{"@type":"WebSite","@id":"https:\/\/libwomenstore.com\/en\/#website","url":"https:\/\/libwomenstore.com\/en\/","name":"Lib Women Store","description":"Magyarorsz\u00e1g els\u0151 n\u0151kre f\u00f3kusz\u00e1l\u00f3 szexshopja, ahol az eg\u00e9szs\u00e9g ugyanolyan fontos, mint az \u00e9lvezetek.","publisher":{"@id":"https:\/\/libwomenstore.com\/en\/#organization"},"alternateName":"Lib","potentialAction":[{"@type":"SearchAction","target":{"@type":"EntryPoint","urlTemplate":"https:\/\/libwomenstore.com\/en\/?s={search_term_string}"},"query-input":{"@type":"PropertyValueSpecification","valueRequired":true,"valueName":"search_term_string"}}],"inLanguage":"en-US"},{"@type":"Organization","@id":"https:\/\/libwomenstore.com\/en\/#organization","name":"Lib Women Store","url":"https:\/\/libwomenstore.com\/en\/","logo":{"@type":"ImageObject","inLanguage":"en-US","@id":"https:\/\/libwomenstore.com\/en\/#\/schema\/logo\/image\/","url":"https:\/\/libwomenstore.com\/wp-content\/uploads\/2024\/05\/cropped-LIB-logo-A.png","contentUrl":"https:\/\/libwomenstore.com\/wp-content\/uploads\/2024\/05\/cropped-LIB-logo-A.png","width":512,"height":512,"caption":"Lib Women Store"},"image":{"@id":"https:\/\/libwomenstore.com\/en\/#\/schema\/logo\/image\/"},"sameAs":["https:\/\/www.facebook.com\/libwomenstore"]}]},"og_availability":"instock","product_availability":"instock","product_condition":"new"},"_links":{"self":[{"href":"https:\/\/libwomenstore.com\/en\/wp-json\/wp\/v2\/product\/28738","targetHints":{"allow":["GET"]}}],"collection":[{"href":"https:\/\/libwomenstore.com\/en\/wp-json\/wp\/v2\/product"}],"about":[{"href":"https:\/\/libwomenstore.com\/en\/wp-json\/wp\/v2\/types\/product"}],"replies":[{"embeddable":true,"href":"https:\/\/libwomenstore.com\/en\/wp-json\/wp\/v2\/comments?post=28738"}],"wp:featuredmedia":[{"embeddable":true,"href":"https:\/\/libwomenstore.com\/en\/wp-json\/wp\/v2\/media\/32424"}],"wp:attachment":[{"href":"https:\/\/libwomenstore.com\/en\/wp-json\/wp\/v2\/media?parent=28738"}],"wp:term":[{"taxonomy":"product_brand","embeddable":true,"href":"https:\/\/libwomenstore.com\/en\/wp-json\/wp\/v2\/product_brand?post=28738"},{"taxonomy":"product_cat","embeddable":true,"href":"https:\/\/libwomenstore.com\/en\/wp-json\/wp\/v2\/product_cat?post=28738"},{"taxonomy":"product_tag","embeddable":true,"href":"https:\/\/libwomenstore.com\/en\/wp-json\/wp\/v2\/product_tag?post=28738"}],"curies":[{"name":"wp","href":"https:\/\/api.w.org\/{rel}","templated":true}]}}