{"id":28748,"date":"2024-04-16T12:02:11","date_gmt":"2024-04-16T10:02:11","guid":{"rendered":"https:\/\/uj.libwomenstore.com\/?post_type=product&#038;p=28748"},"modified":"2025-01-07T17:11:44","modified_gmt":"2025-01-07T16:11:44","slug":"crave-vesper-wear-as-a-necklace-clit-stimulator-vibrator","status":"publish","type":"product","link":"https:\/\/libwomenstore.com\/en\/product\/vibrators\/clitoral-vibrators\/crave-vesper-wear-as-a-necklace-clit-stimulator-vibrator\/","title":{"rendered":"CRAVE Vesper"},"content":{"rendered":"<p>[et_pb_section fb_built=&#8221;1&#8243; _builder_version=&#8221;4.27.4&#8243; _module_preset=&#8221;default&#8221; global_colors_info=&#8221;{}&#8221;][\/et_pb_section]<\/p>\n","protected":false},"excerpt":{"rendered":"<p style=\"text-align: center;\">The necklace, designed for beautiful experiences, holds its own both on the street and in the bedroom &#8211; whether we want to use it as an elegant piece of jewelry or as a strong and thin vibrator.<\/p>\n","protected":false},"featured_media":32463,"comment_status":"open","ping_status":"closed","template":"","meta":{"_et_pb_use_builder":"on","_et_pb_old_content":"<p style=\"text-align: left\"><span style=\"font-weight: 400\">Vesper's beauty comes from within. The body, nib and chain are made of bright 316 stainless steel. Controllable with a single button, it is a discreet and very quiet accessory.<\/span><\/p>\r\n<p style=\"text-align: left\"><b>Tip<\/b><b>\u00a0<\/b><\/p>\r\n<p style=\"text-align: left\"><span style=\"font-weight: 400\">Use it alone or with your favorite chain, the perfect accessory for any occasion!<\/span><\/p>\r\n<p style=\"text-align: center\"><b>Features<\/b><span style=\"font-weight: 400\">\u00a0<\/span><\/p>\r\n<p style=\"text-align: center\"><span style=\"font-weight: 400\">Stainless steel<\/span><\/p>\r\n<p style=\"text-align: center\"><span style=\"font-weight: 400\">\u00a0<\/span><\/p>\r\n<p style=\"text-align: center\"><span style=\"font-weight: 400\">4 vibration modes that you can move though with a button<\/span><\/p>\r\n<p style=\"text-align: center\"><span style=\"font-weight: 400\">\u00a0<\/span><\/p>\r\n<p style=\"text-align: center\"><span style=\"font-weight: 400\">Splash proof - you can workout in it, it is sweat proof also!<\/span><\/p>\r\n<p style=\"text-align: center\"><span style=\"font-weight: 400\">\u00a0<\/span><\/p>\r\n<p style=\"text-align: center\"><span style=\"font-weight: 400\">40 minutes operating time<\/span><\/p>\r\n<p style=\"text-align: center\"><span style=\"font-weight: 400\">\u00a0<\/span><\/p>\r\n<p style=\"text-align: center\"><span style=\"font-weight: 400\">Charger with USB connector<\/span><\/p>\r\n<p style=\"text-align: center\"><span style=\"font-weight: 400\">\u00a0<\/span><\/p>\r\n<p style=\"text-align: center\"><span style=\"font-weight: 400\">Chain length: 66 cm<\/span><\/p>\r\n<p style=\"text-align: center\"><span style=\"font-weight: 400\">\u00a0<\/span><\/p>\r\n<p style=\"text-align: center\"><span style=\"font-weight: 400\">Size: 96.5 \u00d7 12.9 \u00d7 12.9 mm<\/span><\/p>\r\n<p style=\"text-align: center\"><b>Use &amp; Cleaning<\/b><\/p>\r\n<p style=\"text-align: center\"><span style=\"font-weight: 400\">This product can be easily cleaned with a damp cloth, or cleaning agents developed for this purpose. The stainless-steel body is splash resistant.<\/span><\/p>\r\n<p style=\"text-align: center\"><\/p>","_et_gb_content_width":""},"product_brand":[],"product_cat":[347,322,318,343],"product_tag":[493],"class_list":{"0":"post-28748","1":"product","2":"type-product","3":"status-publish","4":"has-post-thumbnail","6":"product_cat-classic","7":"product_cat-clitoral-vibrators","8":"product_cat-vibrators","9":"product_cat-wearable","10":"product_tag-classic","12":"first","13":"outofstock","14":"taxable","15":"shipping-taxable","16":"purchasable","17":"product-type-simple"},"yoast_head":"<!-- This site is optimized with the Yoast SEO Premium plugin v27.4 (Yoast SEO v27.4) - https:\/\/yoast.com\/product\/yoast-seo-premium-wordpress\/ -->\n<title>CRAVE Vesper - Lib Women&#039;s Store<\/title>\n<meta name=\"description\" content=\"A necklace and vibrator in one, so you can have it all. Take it on holiday or to a romantic dinner and spice up your relationship\" \/>\n<meta name=\"robots\" content=\"index, follow, max-snippet:-1, max-image-preview:large, max-video-preview:-1\" \/>\n<link rel=\"canonical\" href=\"https:\/\/libwomenstore.com\/en\/product\/vibrators\/clitoral-vibrators\/crave-vesper-wear-as-a-necklace-clit-stimulator-vibrator\/\" \/>\n<meta property=\"og:locale\" content=\"en_US\" \/>\n<meta property=\"og:type\" content=\"article\" \/>\n<meta property=\"og:title\" content=\"CRAVE Vesper\" \/>\n<meta property=\"og:description\" content=\"A necklace and vibrator in one, so you can have it all. Take it on holiday or to a romantic dinner and spice up your relationship\" \/>\n<meta property=\"og:url\" content=\"https:\/\/libwomenstore.com\/en\/product\/vibrators\/clitoral-vibrators\/crave-vesper-wear-as-a-necklace-clit-stimulator-vibrator\/\" \/>\n<meta property=\"og:site_name\" content=\"Lib Women&#039;s Store\" \/>\n<meta property=\"article:publisher\" content=\"https:\/\/www.facebook.com\/libwomenstore\" \/>\n<meta property=\"article:modified_time\" content=\"2025-01-07T16:11:44+00:00\" \/>\n<meta property=\"og:image\" content=\"https:\/\/libwomenstore.com\/wp-content\/uploads\/2024\/04\/1_ea0c366a-bf20-4d5f-821a-6dd20f735027.png\" \/>\n\t<meta property=\"og:image:width\" content=\"1080\" \/>\n\t<meta property=\"og:image:height\" content=\"1080\" \/>\n\t<meta property=\"og:image:type\" content=\"image\/png\" \/>\n<meta name=\"twitter:card\" content=\"summary_large_image\" \/>\n<meta name=\"twitter:label1\" content=\"Price\" \/>\n\t<meta name=\"twitter:data1\" content=\"55.000&#070;&#116;\" \/>\n\t<meta name=\"twitter:label2\" content=\"Availability\" \/>\n\t<meta name=\"twitter:data2\" content=\"Out of stock\" \/>\n<script type=\"application\/ld+json\" class=\"yoast-schema-graph\">{\"@context\":\"https:\\\/\\\/schema.org\",\"@graph\":[{\"@type\":[\"WebPage\",\"ItemPage\"],\"@id\":\"https:\\\/\\\/libwomenstore.com\\\/en\\\/product\\\/vibrators\\\/clitoral-vibrators\\\/crave-vesper-wear-as-a-necklace-clit-stimulator-vibrator\\\/\",\"url\":\"https:\\\/\\\/libwomenstore.com\\\/en\\\/product\\\/vibrators\\\/clitoral-vibrators\\\/crave-vesper-wear-as-a-necklace-clit-stimulator-vibrator\\\/\",\"name\":\"CRAVE Vesper - Lib Women&#039;s Store\",\"isPartOf\":{\"@id\":\"https:\\\/\\\/libwomenstore.com\\\/en\\\/#website\"},\"primaryImageOfPage\":{\"@id\":\"https:\\\/\\\/libwomenstore.com\\\/en\\\/product\\\/vibrators\\\/clitoral-vibrators\\\/crave-vesper-wear-as-a-necklace-clit-stimulator-vibrator\\\/#primaryimage\"},\"image\":{\"@id\":\"https:\\\/\\\/libwomenstore.com\\\/en\\\/product\\\/vibrators\\\/clitoral-vibrators\\\/crave-vesper-wear-as-a-necklace-clit-stimulator-vibrator\\\/#primaryimage\"},\"thumbnailUrl\":\"https:\\\/\\\/libwomenstore.com\\\/wp-content\\\/uploads\\\/2024\\\/04\\\/crave_vesper_nyaklanc_vibrator_fem.jpg\",\"datePublished\":\"2024-04-16T10:02:11+00:00\",\"dateModified\":\"2025-01-07T16:11:44+00:00\",\"description\":\"A necklace and vibrator in one, so you can have it all. Take it on holiday or to a romantic dinner and spice up your relationship\",\"breadcrumb\":{\"@id\":\"https:\\\/\\\/libwomenstore.com\\\/en\\\/product\\\/vibrators\\\/clitoral-vibrators\\\/crave-vesper-wear-as-a-necklace-clit-stimulator-vibrator\\\/#breadcrumb\"},\"inLanguage\":\"en-US\",\"potentialAction\":[{\"@type\":\"ReadAction\",\"target\":[\"https:\\\/\\\/libwomenstore.com\\\/en\\\/product\\\/vibrators\\\/clitoral-vibrators\\\/crave-vesper-wear-as-a-necklace-clit-stimulator-vibrator\\\/\"]}]},{\"@type\":\"ImageObject\",\"inLanguage\":\"en-US\",\"@id\":\"https:\\\/\\\/libwomenstore.com\\\/en\\\/product\\\/vibrators\\\/clitoral-vibrators\\\/crave-vesper-wear-as-a-necklace-clit-stimulator-vibrator\\\/#primaryimage\",\"url\":\"https:\\\/\\\/libwomenstore.com\\\/wp-content\\\/uploads\\\/2024\\\/04\\\/crave_vesper_nyaklanc_vibrator_fem.jpg\",\"contentUrl\":\"https:\\\/\\\/libwomenstore.com\\\/wp-content\\\/uploads\\\/2024\\\/04\\\/crave_vesper_nyaklanc_vibrator_fem.jpg\",\"width\":600,\"height\":600,\"caption\":\"Crave Vesper nyakl\u00e1nc vibr\u00e1tor rozsdamentes ac\u00e9l\"},{\"@type\":\"BreadcrumbList\",\"@id\":\"https:\\\/\\\/libwomenstore.com\\\/en\\\/product\\\/vibrators\\\/clitoral-vibrators\\\/crave-vesper-wear-as-a-necklace-clit-stimulator-vibrator\\\/#breadcrumb\",\"itemListElement\":[{\"@type\":\"ListItem\",\"position\":1,\"name\":\"Kezd\u0151lap\",\"item\":\"https:\\\/\\\/libwomenstore.com\\\/en\\\/\"},{\"@type\":\"ListItem\",\"position\":2,\"name\":\"Shop Home Page &#8211; Product categories\",\"item\":\"https:\\\/\\\/libwomenstore.com\\\/shop-kezdolap-termek-kategoriak\\\/?lang=en\"},{\"@type\":\"ListItem\",\"position\":3,\"name\":\"CRAVE Vesper\"}]},{\"@type\":\"WebSite\",\"@id\":\"https:\\\/\\\/libwomenstore.com\\\/en\\\/#website\",\"url\":\"https:\\\/\\\/libwomenstore.com\\\/en\\\/\",\"name\":\"Lib Women Store\",\"description\":\"Magyarorsz\u00e1g els\u0151 n\u0151kre f\u00f3kusz\u00e1l\u00f3 szexshopja, ahol az eg\u00e9szs\u00e9g ugyanolyan fontos, mint az \u00e9lvezetek.\",\"publisher\":{\"@id\":\"https:\\\/\\\/libwomenstore.com\\\/en\\\/#organization\"},\"alternateName\":\"Lib\",\"potentialAction\":[{\"@type\":\"SearchAction\",\"target\":{\"@type\":\"EntryPoint\",\"urlTemplate\":\"https:\\\/\\\/libwomenstore.com\\\/en\\\/?s={search_term_string}\"},\"query-input\":{\"@type\":\"PropertyValueSpecification\",\"valueRequired\":true,\"valueName\":\"search_term_string\"}}],\"inLanguage\":\"en-US\"},{\"@type\":\"Organization\",\"@id\":\"https:\\\/\\\/libwomenstore.com\\\/en\\\/#organization\",\"name\":\"Lib Women Store\",\"url\":\"https:\\\/\\\/libwomenstore.com\\\/en\\\/\",\"logo\":{\"@type\":\"ImageObject\",\"inLanguage\":\"en-US\",\"@id\":\"https:\\\/\\\/libwomenstore.com\\\/en\\\/#\\\/schema\\\/logo\\\/image\\\/\",\"url\":\"https:\\\/\\\/libwomenstore.com\\\/wp-content\\\/uploads\\\/2024\\\/05\\\/cropped-LIB-logo-A.png\",\"contentUrl\":\"https:\\\/\\\/libwomenstore.com\\\/wp-content\\\/uploads\\\/2024\\\/05\\\/cropped-LIB-logo-A.png\",\"width\":512,\"height\":512,\"caption\":\"Lib Women Store\"},\"image\":{\"@id\":\"https:\\\/\\\/libwomenstore.com\\\/en\\\/#\\\/schema\\\/logo\\\/image\\\/\"},\"sameAs\":[\"https:\\\/\\\/www.facebook.com\\\/libwomenstore\"]}]}<\/script>\n<meta property=\"product:price:amount\" content=\"55000\" \/>\n<meta property=\"product:price:currency\" content=\"HUF\" \/>\n<meta property=\"og:availability\" content=\"out of stock\" \/>\n<meta property=\"product:availability\" content=\"out of stock\" \/>\n<meta property=\"product:retailer_item_id\" content=\"LIB-CRV001\" \/>\n<meta property=\"product:condition\" content=\"new\" \/>\n<!-- \/ Yoast SEO Premium plugin. -->","yoast_head_json":{"title":"CRAVE Vesper - Lib Women&#039;s Store","description":"A necklace and vibrator in one, so you can have it all. Take it on holiday or to a romantic dinner and spice up your relationship","robots":{"index":"index","follow":"follow","max-snippet":"max-snippet:-1","max-image-preview":"max-image-preview:large","max-video-preview":"max-video-preview:-1"},"canonical":"https:\/\/libwomenstore.com\/en\/product\/vibrators\/clitoral-vibrators\/crave-vesper-wear-as-a-necklace-clit-stimulator-vibrator\/","og_locale":"en_US","og_type":"article","og_title":"CRAVE Vesper","og_description":"A necklace and vibrator in one, so you can have it all. Take it on holiday or to a romantic dinner and spice up your relationship","og_url":"https:\/\/libwomenstore.com\/en\/product\/vibrators\/clitoral-vibrators\/crave-vesper-wear-as-a-necklace-clit-stimulator-vibrator\/","og_site_name":"Lib Women&#039;s Store","article_publisher":"https:\/\/www.facebook.com\/libwomenstore","article_modified_time":"2025-01-07T16:11:44+00:00","og_image":[{"width":1080,"height":1080,"url":"https:\/\/libwomenstore.com\/wp-content\/uploads\/2024\/04\/1_ea0c366a-bf20-4d5f-821a-6dd20f735027.png","type":"image\/png"}],"twitter_card":"summary_large_image","twitter_misc":{"Price":"55.000&#70;&#116;","Availability":"Out of stock"},"schema":{"@context":"https:\/\/schema.org","@graph":[{"@type":["WebPage","ItemPage"],"@id":"https:\/\/libwomenstore.com\/en\/product\/vibrators\/clitoral-vibrators\/crave-vesper-wear-as-a-necklace-clit-stimulator-vibrator\/","url":"https:\/\/libwomenstore.com\/en\/product\/vibrators\/clitoral-vibrators\/crave-vesper-wear-as-a-necklace-clit-stimulator-vibrator\/","name":"CRAVE Vesper - Lib Women&#039;s Store","isPartOf":{"@id":"https:\/\/libwomenstore.com\/en\/#website"},"primaryImageOfPage":{"@id":"https:\/\/libwomenstore.com\/en\/product\/vibrators\/clitoral-vibrators\/crave-vesper-wear-as-a-necklace-clit-stimulator-vibrator\/#primaryimage"},"image":{"@id":"https:\/\/libwomenstore.com\/en\/product\/vibrators\/clitoral-vibrators\/crave-vesper-wear-as-a-necklace-clit-stimulator-vibrator\/#primaryimage"},"thumbnailUrl":"https:\/\/libwomenstore.com\/wp-content\/uploads\/2024\/04\/crave_vesper_nyaklanc_vibrator_fem.jpg","datePublished":"2024-04-16T10:02:11+00:00","dateModified":"2025-01-07T16:11:44+00:00","description":"A necklace and vibrator in one, so you can have it all. Take it on holiday or to a romantic dinner and spice up your relationship","breadcrumb":{"@id":"https:\/\/libwomenstore.com\/en\/product\/vibrators\/clitoral-vibrators\/crave-vesper-wear-as-a-necklace-clit-stimulator-vibrator\/#breadcrumb"},"inLanguage":"en-US","potentialAction":[{"@type":"ReadAction","target":["https:\/\/libwomenstore.com\/en\/product\/vibrators\/clitoral-vibrators\/crave-vesper-wear-as-a-necklace-clit-stimulator-vibrator\/"]}]},{"@type":"ImageObject","inLanguage":"en-US","@id":"https:\/\/libwomenstore.com\/en\/product\/vibrators\/clitoral-vibrators\/crave-vesper-wear-as-a-necklace-clit-stimulator-vibrator\/#primaryimage","url":"https:\/\/libwomenstore.com\/wp-content\/uploads\/2024\/04\/crave_vesper_nyaklanc_vibrator_fem.jpg","contentUrl":"https:\/\/libwomenstore.com\/wp-content\/uploads\/2024\/04\/crave_vesper_nyaklanc_vibrator_fem.jpg","width":600,"height":600,"caption":"Crave Vesper nyakl\u00e1nc vibr\u00e1tor rozsdamentes ac\u00e9l"},{"@type":"BreadcrumbList","@id":"https:\/\/libwomenstore.com\/en\/product\/vibrators\/clitoral-vibrators\/crave-vesper-wear-as-a-necklace-clit-stimulator-vibrator\/#breadcrumb","itemListElement":[{"@type":"ListItem","position":1,"name":"Kezd\u0151lap","item":"https:\/\/libwomenstore.com\/en\/"},{"@type":"ListItem","position":2,"name":"Shop Home Page &#8211; Product categories","item":"https:\/\/libwomenstore.com\/shop-kezdolap-termek-kategoriak\/?lang=en"},{"@type":"ListItem","position":3,"name":"CRAVE Vesper"}]},{"@type":"WebSite","@id":"https:\/\/libwomenstore.com\/en\/#website","url":"https:\/\/libwomenstore.com\/en\/","name":"Lib Women Store","description":"Magyarorsz\u00e1g els\u0151 n\u0151kre f\u00f3kusz\u00e1l\u00f3 szexshopja, ahol az eg\u00e9szs\u00e9g ugyanolyan fontos, mint az \u00e9lvezetek.","publisher":{"@id":"https:\/\/libwomenstore.com\/en\/#organization"},"alternateName":"Lib","potentialAction":[{"@type":"SearchAction","target":{"@type":"EntryPoint","urlTemplate":"https:\/\/libwomenstore.com\/en\/?s={search_term_string}"},"query-input":{"@type":"PropertyValueSpecification","valueRequired":true,"valueName":"search_term_string"}}],"inLanguage":"en-US"},{"@type":"Organization","@id":"https:\/\/libwomenstore.com\/en\/#organization","name":"Lib Women Store","url":"https:\/\/libwomenstore.com\/en\/","logo":{"@type":"ImageObject","inLanguage":"en-US","@id":"https:\/\/libwomenstore.com\/en\/#\/schema\/logo\/image\/","url":"https:\/\/libwomenstore.com\/wp-content\/uploads\/2024\/05\/cropped-LIB-logo-A.png","contentUrl":"https:\/\/libwomenstore.com\/wp-content\/uploads\/2024\/05\/cropped-LIB-logo-A.png","width":512,"height":512,"caption":"Lib Women Store"},"image":{"@id":"https:\/\/libwomenstore.com\/en\/#\/schema\/logo\/image\/"},"sameAs":["https:\/\/www.facebook.com\/libwomenstore"]}]},"product_price_amount":"55000","product_price_currency":"HUF","og_availability":"out of stock","product_availability":"out of stock","product_retailer_item_id":"LIB-CRV001","product_condition":"new"},"_links":{"self":[{"href":"https:\/\/libwomenstore.com\/en\/wp-json\/wp\/v2\/product\/28748","targetHints":{"allow":["GET"]}}],"collection":[{"href":"https:\/\/libwomenstore.com\/en\/wp-json\/wp\/v2\/product"}],"about":[{"href":"https:\/\/libwomenstore.com\/en\/wp-json\/wp\/v2\/types\/product"}],"replies":[{"embeddable":true,"href":"https:\/\/libwomenstore.com\/en\/wp-json\/wp\/v2\/comments?post=28748"}],"wp:featuredmedia":[{"embeddable":true,"href":"https:\/\/libwomenstore.com\/en\/wp-json\/wp\/v2\/media\/32463"}],"wp:attachment":[{"href":"https:\/\/libwomenstore.com\/en\/wp-json\/wp\/v2\/media?parent=28748"}],"wp:term":[{"taxonomy":"product_brand","embeddable":true,"href":"https:\/\/libwomenstore.com\/en\/wp-json\/wp\/v2\/product_brand?post=28748"},{"taxonomy":"product_cat","embeddable":true,"href":"https:\/\/libwomenstore.com\/en\/wp-json\/wp\/v2\/product_cat?post=28748"},{"taxonomy":"product_tag","embeddable":true,"href":"https:\/\/libwomenstore.com\/en\/wp-json\/wp\/v2\/product_tag?post=28748"}],"curies":[{"name":"wp","href":"https:\/\/api.w.org\/{rel}","templated":true}]}}