{"id":28790,"date":"2024-04-16T12:01:15","date_gmt":"2024-04-16T10:01:15","guid":{"rendered":"https:\/\/uj.libwomenstore.com\/?post_type=product&#038;p=28790"},"modified":"2026-02-12T15:26:49","modified_gmt":"2026-02-12T14:26:49","slug":"bijoux-indiscrets-its-a-match-liquid-vibrator-clit-stimulator-balm","status":"publish","type":"product","link":"https:\/\/libwomenstore.com\/en\/product\/bdsm-accessories\/bijoux-indiscrets-its-a-match-liquid-vibrator-clit-stimulator-balm\/","title":{"rendered":"BIJOUX INDISCRETS It&#8217;s A Match! Liquid Vibrator"},"content":{"rendered":"<p style=\"text-align: center;\"><span style=\"font-weight: 400;\">Try it alone or with your partner if you feel like you want a little extra tingle!<\/span><\/p>\n<p style=\"text-align: center;\"><b>Features<\/b><\/p>\n<p style=\"text-align: center;\"><span style=\"font-weight: 400;\">Ingredients: water, caprylic\/caprylic triglyceride, propanediol, Aloe Barbadensis leaf juice, glyceryl stearate citrate, Spilanthes Acmella flower extract, perfume, hydroxyethyl cellulose, sodium benzoate, sclerotium gum, potassium sorbate, xanthan gum, citric acid, sodium citrate, sodium saccharin.<\/span><\/p>\n<p style=\"text-align: center;\"><span style=\"font-weight: 400;\">Use it immediately before intercourse, a few seconds is enough for the cream to take effect. Its effect lasts for about 40 minutes, but this is very unique, however, if you want to prolong the feeling, use a few more drops and wash it off gently with water when you\u2019re done playing.<\/span><\/p>\n<p style=\"text-align: center;\"><span style=\"font-weight: 400;\">\u00a0<\/span><\/p>\n<p style=\"text-align: center;\"><span style=\"font-weight: 400;\">The cream contains high-quality, environmentally friendly materials and its packaging can be recycled.\u00a0<\/span><\/p>\n<p style=\"text-align: center;\"><span style=\"font-weight: 400;\">\u00a0<\/span><\/p>\n<p style=\"text-align: center;\"><span style=\"font-weight: 400;\">10 ml<\/span><\/p>\n<p style=\"text-align: center;\"><b>Use &amp; Cleaning<\/b><\/p>\n<p style=\"text-align: center;\"><span style=\"font-weight: 400;\">Put a few drops on the clitoris, be careful not to overdo it, because the effect is intense. Do not use if you are pregnant! Use with your favorite sex toy, latex condom, or lubricant!<\/span><\/p>\n","protected":false},"excerpt":{"rendered":"<p style=\"text-align: left;\">Thanks to the immediate tingling and warming effect of the Liquid Vibrator cream, blood circulation in the clitoris is jumpstarted. This clitoral cream contains Acmella flower extract, which is known as an aphrodisiac, and it also contains Aloe Vera, which has a great soothing and moisturizing effect.<\/p>\n","protected":false},"featured_media":26422,"comment_status":"open","ping_status":"closed","template":"","meta":{"_et_pb_use_builder":"","_et_pb_old_content":"","_et_gb_content_width":""},"product_brand":[],"product_cat":[327,362,554],"product_tag":[807],"class_list":{"0":"post-28790","1":"product","2":"type-product","3":"status-publish","4":"has-post-thumbnail","6":"product_cat-bdsm-accessories","7":"product_cat-enhancers","8":"product_cat-lib-x-bliss-glass-toys-hand-crafted","9":"product_tag-enhancer","11":"first","12":"outofstock","13":"taxable","14":"shipping-taxable","15":"purchasable","16":"product-type-simple"},"yoast_head":"<!-- This site is optimized with the Yoast SEO Premium plugin v27.5 (Yoast SEO v27.5) - https:\/\/yoast.com\/product\/yoast-seo-premium-wordpress\/ -->\n<title>BIJOUX INDISCRETS It&#039;s A Match! Liquid Vibrator - Lib Women&#039;s Store<\/title>\n<meta name=\"description\" content=\"Try this clitoral stimulating balm if you&#039;re looking for a little extra tingle! A few drops and you&#039;ll feel the effects. Take it with you everywhere!\" \/>\n<meta name=\"robots\" content=\"index, follow, max-snippet:-1, max-image-preview:large, max-video-preview:-1\" \/>\n<link rel=\"canonical\" href=\"https:\/\/libwomenstore.com\/en\/product\/bdsm-accessories\/bijoux-indiscrets-its-a-match-liquid-vibrator-clit-stimulator-balm\/\" \/>\n<meta property=\"og:locale\" content=\"en_US\" \/>\n<meta property=\"og:type\" content=\"article\" \/>\n<meta property=\"og:title\" content=\"BIJOUX INDISCRETS It&#039;s A Match! Liquid Vibrator\" \/>\n<meta property=\"og:description\" content=\"Try this clitoral stimulating balm if you&#039;re looking for a little extra tingle! A few drops and you&#039;ll feel the effects. Take it with you everywhere!\" \/>\n<meta property=\"og:url\" content=\"https:\/\/libwomenstore.com\/en\/product\/bdsm-accessories\/bijoux-indiscrets-its-a-match-liquid-vibrator-clit-stimulator-balm\/\" \/>\n<meta property=\"og:site_name\" content=\"Lib Women&#039;s Store\" \/>\n<meta property=\"article:publisher\" content=\"https:\/\/www.facebook.com\/libwomenstore\" \/>\n<meta property=\"article:modified_time\" content=\"2026-02-12T14:26:49+00:00\" \/>\n<meta property=\"og:image\" content=\"https:\/\/libwomenstore.com\/wp-content\/uploads\/2024\/04\/348-Its-a-Match-Liquid-Vibrator-Bijoux-Indiscrets.jpg\" \/>\n\t<meta property=\"og:image:width\" content=\"2000\" \/>\n\t<meta property=\"og:image:height\" content=\"2000\" \/>\n\t<meta property=\"og:image:type\" content=\"image\/jpeg\" \/>\n<meta name=\"twitter:card\" content=\"summary_large_image\" \/>\n<meta name=\"twitter:label1\" content=\"Price\" \/>\n\t<meta name=\"twitter:data1\" content=\"8.000&#070;&#116;\" \/>\n\t<meta name=\"twitter:label2\" content=\"Availability\" \/>\n\t<meta name=\"twitter:data2\" content=\"Out of stock\" \/>\n<script type=\"application\/ld+json\" class=\"yoast-schema-graph\">{\"@context\":\"https:\\\/\\\/schema.org\",\"@graph\":[{\"@type\":[\"WebPage\",\"ItemPage\"],\"@id\":\"https:\\\/\\\/libwomenstore.com\\\/en\\\/product\\\/bdsm-accessories\\\/bijoux-indiscrets-its-a-match-liquid-vibrator-clit-stimulator-balm\\\/\",\"url\":\"https:\\\/\\\/libwomenstore.com\\\/en\\\/product\\\/bdsm-accessories\\\/bijoux-indiscrets-its-a-match-liquid-vibrator-clit-stimulator-balm\\\/\",\"name\":\"BIJOUX INDISCRETS It's A Match! Liquid Vibrator - Lib Women&#039;s Store\",\"isPartOf\":{\"@id\":\"https:\\\/\\\/libwomenstore.com\\\/en\\\/#website\"},\"primaryImageOfPage\":{\"@id\":\"https:\\\/\\\/libwomenstore.com\\\/en\\\/product\\\/bdsm-accessories\\\/bijoux-indiscrets-its-a-match-liquid-vibrator-clit-stimulator-balm\\\/#primaryimage\"},\"image\":{\"@id\":\"https:\\\/\\\/libwomenstore.com\\\/en\\\/product\\\/bdsm-accessories\\\/bijoux-indiscrets-its-a-match-liquid-vibrator-clit-stimulator-balm\\\/#primaryimage\"},\"thumbnailUrl\":\"https:\\\/\\\/libwomenstore.com\\\/wp-content\\\/uploads\\\/2024\\\/04\\\/348-Its-a-Match-Liquid-Vibrator-Bijoux-Indiscrets.jpg\",\"datePublished\":\"2024-04-16T10:01:15+00:00\",\"dateModified\":\"2026-02-12T14:26:49+00:00\",\"description\":\"Try this clitoral stimulating balm if you're looking for a little extra tingle! A few drops and you'll feel the effects. Take it with you everywhere!\",\"breadcrumb\":{\"@id\":\"https:\\\/\\\/libwomenstore.com\\\/en\\\/product\\\/bdsm-accessories\\\/bijoux-indiscrets-its-a-match-liquid-vibrator-clit-stimulator-balm\\\/#breadcrumb\"},\"inLanguage\":\"en-US\",\"potentialAction\":[{\"@type\":\"ReadAction\",\"target\":[\"https:\\\/\\\/libwomenstore.com\\\/en\\\/product\\\/bdsm-accessories\\\/bijoux-indiscrets-its-a-match-liquid-vibrator-clit-stimulator-balm\\\/\"]}]},{\"@type\":\"ImageObject\",\"inLanguage\":\"en-US\",\"@id\":\"https:\\\/\\\/libwomenstore.com\\\/en\\\/product\\\/bdsm-accessories\\\/bijoux-indiscrets-its-a-match-liquid-vibrator-clit-stimulator-balm\\\/#primaryimage\",\"url\":\"https:\\\/\\\/libwomenstore.com\\\/wp-content\\\/uploads\\\/2024\\\/04\\\/348-Its-a-Match-Liquid-Vibrator-Bijoux-Indiscrets.jpg\",\"contentUrl\":\"https:\\\/\\\/libwomenstore.com\\\/wp-content\\\/uploads\\\/2024\\\/04\\\/348-Its-a-Match-Liquid-Vibrator-Bijoux-Indiscrets.jpg\",\"width\":2000,\"height\":2000,\"caption\":\"Bijoux Indiscrets It's a match Liquid Vibrator csikl\u00f3izgat\u00f3 cseppek\"},{\"@type\":\"BreadcrumbList\",\"@id\":\"https:\\\/\\\/libwomenstore.com\\\/en\\\/product\\\/bdsm-accessories\\\/bijoux-indiscrets-its-a-match-liquid-vibrator-clit-stimulator-balm\\\/#breadcrumb\",\"itemListElement\":[{\"@type\":\"ListItem\",\"position\":1,\"name\":\"Kezd\u0151lap\",\"item\":\"https:\\\/\\\/libwomenstore.com\\\/en\\\/\"},{\"@type\":\"ListItem\",\"position\":2,\"name\":\"Shop Home Page &#8211; Product categories\",\"item\":\"https:\\\/\\\/libwomenstore.com\\\/shop-kezdolap-termek-kategoriak\\\/?lang=en\"},{\"@type\":\"ListItem\",\"position\":3,\"name\":\"BIJOUX INDISCRETS It&#8217;s A Match! Liquid Vibrator\"}]},{\"@type\":\"WebSite\",\"@id\":\"https:\\\/\\\/libwomenstore.com\\\/en\\\/#website\",\"url\":\"https:\\\/\\\/libwomenstore.com\\\/en\\\/\",\"name\":\"Lib Women Store\",\"description\":\"Magyarorsz\u00e1g els\u0151 n\u0151kre f\u00f3kusz\u00e1l\u00f3 szexshopja, ahol az eg\u00e9szs\u00e9g ugyanolyan fontos, mint az \u00e9lvezetek.\",\"publisher\":{\"@id\":\"https:\\\/\\\/libwomenstore.com\\\/en\\\/#organization\"},\"alternateName\":\"Lib\",\"potentialAction\":[{\"@type\":\"SearchAction\",\"target\":{\"@type\":\"EntryPoint\",\"urlTemplate\":\"https:\\\/\\\/libwomenstore.com\\\/en\\\/?s={search_term_string}\"},\"query-input\":{\"@type\":\"PropertyValueSpecification\",\"valueRequired\":true,\"valueName\":\"search_term_string\"}}],\"inLanguage\":\"en-US\"},{\"@type\":\"Organization\",\"@id\":\"https:\\\/\\\/libwomenstore.com\\\/en\\\/#organization\",\"name\":\"Lib Women Store\",\"url\":\"https:\\\/\\\/libwomenstore.com\\\/en\\\/\",\"logo\":{\"@type\":\"ImageObject\",\"inLanguage\":\"en-US\",\"@id\":\"https:\\\/\\\/libwomenstore.com\\\/en\\\/#\\\/schema\\\/logo\\\/image\\\/\",\"url\":\"https:\\\/\\\/libwomenstore.com\\\/wp-content\\\/uploads\\\/2024\\\/05\\\/cropped-LIB-logo-A.png\",\"contentUrl\":\"https:\\\/\\\/libwomenstore.com\\\/wp-content\\\/uploads\\\/2024\\\/05\\\/cropped-LIB-logo-A.png\",\"width\":512,\"height\":512,\"caption\":\"Lib Women Store\"},\"image\":{\"@id\":\"https:\\\/\\\/libwomenstore.com\\\/en\\\/#\\\/schema\\\/logo\\\/image\\\/\"},\"sameAs\":[\"https:\\\/\\\/www.facebook.com\\\/libwomenstore\"]}]}<\/script>\n<meta property=\"product:price:amount\" content=\"8000\" \/>\n<meta property=\"product:price:currency\" content=\"HUF\" \/>\n<meta property=\"og:availability\" content=\"out of stock\" \/>\n<meta property=\"product:availability\" content=\"out of stock\" \/>\n<meta property=\"product:retailer_item_id\" content=\"LIB-BI011\" \/>\n<meta property=\"product:condition\" content=\"new\" \/>\n<!-- \/ Yoast SEO Premium plugin. -->","yoast_head_json":{"title":"BIJOUX INDISCRETS It's A Match! Liquid Vibrator - Lib Women&#039;s Store","description":"Try this clitoral stimulating balm if you're looking for a little extra tingle! A few drops and you'll feel the effects. Take it with you everywhere!","robots":{"index":"index","follow":"follow","max-snippet":"max-snippet:-1","max-image-preview":"max-image-preview:large","max-video-preview":"max-video-preview:-1"},"canonical":"https:\/\/libwomenstore.com\/en\/product\/bdsm-accessories\/bijoux-indiscrets-its-a-match-liquid-vibrator-clit-stimulator-balm\/","og_locale":"en_US","og_type":"article","og_title":"BIJOUX INDISCRETS It's A Match! Liquid Vibrator","og_description":"Try this clitoral stimulating balm if you're looking for a little extra tingle! A few drops and you'll feel the effects. Take it with you everywhere!","og_url":"https:\/\/libwomenstore.com\/en\/product\/bdsm-accessories\/bijoux-indiscrets-its-a-match-liquid-vibrator-clit-stimulator-balm\/","og_site_name":"Lib Women&#039;s Store","article_publisher":"https:\/\/www.facebook.com\/libwomenstore","article_modified_time":"2026-02-12T14:26:49+00:00","og_image":[{"width":2000,"height":2000,"url":"https:\/\/libwomenstore.com\/wp-content\/uploads\/2024\/04\/348-Its-a-Match-Liquid-Vibrator-Bijoux-Indiscrets.jpg","type":"image\/jpeg"}],"twitter_card":"summary_large_image","twitter_misc":{"Price":"8.000&#70;&#116;","Availability":"Out of stock"},"schema":{"@context":"https:\/\/schema.org","@graph":[{"@type":["WebPage","ItemPage"],"@id":"https:\/\/libwomenstore.com\/en\/product\/bdsm-accessories\/bijoux-indiscrets-its-a-match-liquid-vibrator-clit-stimulator-balm\/","url":"https:\/\/libwomenstore.com\/en\/product\/bdsm-accessories\/bijoux-indiscrets-its-a-match-liquid-vibrator-clit-stimulator-balm\/","name":"BIJOUX INDISCRETS It's A Match! Liquid Vibrator - Lib Women&#039;s Store","isPartOf":{"@id":"https:\/\/libwomenstore.com\/en\/#website"},"primaryImageOfPage":{"@id":"https:\/\/libwomenstore.com\/en\/product\/bdsm-accessories\/bijoux-indiscrets-its-a-match-liquid-vibrator-clit-stimulator-balm\/#primaryimage"},"image":{"@id":"https:\/\/libwomenstore.com\/en\/product\/bdsm-accessories\/bijoux-indiscrets-its-a-match-liquid-vibrator-clit-stimulator-balm\/#primaryimage"},"thumbnailUrl":"https:\/\/libwomenstore.com\/wp-content\/uploads\/2024\/04\/348-Its-a-Match-Liquid-Vibrator-Bijoux-Indiscrets.jpg","datePublished":"2024-04-16T10:01:15+00:00","dateModified":"2026-02-12T14:26:49+00:00","description":"Try this clitoral stimulating balm if you're looking for a little extra tingle! A few drops and you'll feel the effects. Take it with you everywhere!","breadcrumb":{"@id":"https:\/\/libwomenstore.com\/en\/product\/bdsm-accessories\/bijoux-indiscrets-its-a-match-liquid-vibrator-clit-stimulator-balm\/#breadcrumb"},"inLanguage":"en-US","potentialAction":[{"@type":"ReadAction","target":["https:\/\/libwomenstore.com\/en\/product\/bdsm-accessories\/bijoux-indiscrets-its-a-match-liquid-vibrator-clit-stimulator-balm\/"]}]},{"@type":"ImageObject","inLanguage":"en-US","@id":"https:\/\/libwomenstore.com\/en\/product\/bdsm-accessories\/bijoux-indiscrets-its-a-match-liquid-vibrator-clit-stimulator-balm\/#primaryimage","url":"https:\/\/libwomenstore.com\/wp-content\/uploads\/2024\/04\/348-Its-a-Match-Liquid-Vibrator-Bijoux-Indiscrets.jpg","contentUrl":"https:\/\/libwomenstore.com\/wp-content\/uploads\/2024\/04\/348-Its-a-Match-Liquid-Vibrator-Bijoux-Indiscrets.jpg","width":2000,"height":2000,"caption":"Bijoux Indiscrets It's a match Liquid Vibrator csikl\u00f3izgat\u00f3 cseppek"},{"@type":"BreadcrumbList","@id":"https:\/\/libwomenstore.com\/en\/product\/bdsm-accessories\/bijoux-indiscrets-its-a-match-liquid-vibrator-clit-stimulator-balm\/#breadcrumb","itemListElement":[{"@type":"ListItem","position":1,"name":"Kezd\u0151lap","item":"https:\/\/libwomenstore.com\/en\/"},{"@type":"ListItem","position":2,"name":"Shop Home Page &#8211; Product categories","item":"https:\/\/libwomenstore.com\/shop-kezdolap-termek-kategoriak\/?lang=en"},{"@type":"ListItem","position":3,"name":"BIJOUX INDISCRETS It&#8217;s A Match! Liquid Vibrator"}]},{"@type":"WebSite","@id":"https:\/\/libwomenstore.com\/en\/#website","url":"https:\/\/libwomenstore.com\/en\/","name":"Lib Women Store","description":"Magyarorsz\u00e1g els\u0151 n\u0151kre f\u00f3kusz\u00e1l\u00f3 szexshopja, ahol az eg\u00e9szs\u00e9g ugyanolyan fontos, mint az \u00e9lvezetek.","publisher":{"@id":"https:\/\/libwomenstore.com\/en\/#organization"},"alternateName":"Lib","potentialAction":[{"@type":"SearchAction","target":{"@type":"EntryPoint","urlTemplate":"https:\/\/libwomenstore.com\/en\/?s={search_term_string}"},"query-input":{"@type":"PropertyValueSpecification","valueRequired":true,"valueName":"search_term_string"}}],"inLanguage":"en-US"},{"@type":"Organization","@id":"https:\/\/libwomenstore.com\/en\/#organization","name":"Lib Women Store","url":"https:\/\/libwomenstore.com\/en\/","logo":{"@type":"ImageObject","inLanguage":"en-US","@id":"https:\/\/libwomenstore.com\/en\/#\/schema\/logo\/image\/","url":"https:\/\/libwomenstore.com\/wp-content\/uploads\/2024\/05\/cropped-LIB-logo-A.png","contentUrl":"https:\/\/libwomenstore.com\/wp-content\/uploads\/2024\/05\/cropped-LIB-logo-A.png","width":512,"height":512,"caption":"Lib Women Store"},"image":{"@id":"https:\/\/libwomenstore.com\/en\/#\/schema\/logo\/image\/"},"sameAs":["https:\/\/www.facebook.com\/libwomenstore"]}]},"product_price_amount":"8000","product_price_currency":"HUF","og_availability":"out of stock","product_availability":"out of stock","product_retailer_item_id":"LIB-BI011","product_condition":"new"},"_links":{"self":[{"href":"https:\/\/libwomenstore.com\/en\/wp-json\/wp\/v2\/product\/28790","targetHints":{"allow":["GET"]}}],"collection":[{"href":"https:\/\/libwomenstore.com\/en\/wp-json\/wp\/v2\/product"}],"about":[{"href":"https:\/\/libwomenstore.com\/en\/wp-json\/wp\/v2\/types\/product"}],"replies":[{"embeddable":true,"href":"https:\/\/libwomenstore.com\/en\/wp-json\/wp\/v2\/comments?post=28790"}],"wp:featuredmedia":[{"embeddable":true,"href":"https:\/\/libwomenstore.com\/en\/wp-json\/wp\/v2\/media\/26422"}],"wp:attachment":[{"href":"https:\/\/libwomenstore.com\/en\/wp-json\/wp\/v2\/media?parent=28790"}],"wp:term":[{"taxonomy":"product_brand","embeddable":true,"href":"https:\/\/libwomenstore.com\/en\/wp-json\/wp\/v2\/product_brand?post=28790"},{"taxonomy":"product_cat","embeddable":true,"href":"https:\/\/libwomenstore.com\/en\/wp-json\/wp\/v2\/product_cat?post=28790"},{"taxonomy":"product_tag","embeddable":true,"href":"https:\/\/libwomenstore.com\/en\/wp-json\/wp\/v2\/product_tag?post=28790"}],"curies":[{"name":"wp","href":"https:\/\/api.w.org\/{rel}","templated":true}]}}