{"id":28792,"date":"2024-04-16T12:01:10","date_gmt":"2024-04-16T10:01:10","guid":{"rendered":"https:\/\/uj.libwomenstore.com\/?post_type=product&#038;p=28792"},"modified":"2025-12-01T00:48:32","modified_gmt":"2025-11-30T23:48:32","slug":"bijoux-indiscrets-desire-metallic-collar-with-waist-band-jewellery","status":"publish","type":"product","link":"https:\/\/libwomenstore.com\/en\/product\/bdsm-accessories\/bijoux-indiscrets-desire-metallic-collar-with-waist-band-jewellery\/","title":{"rendered":"BIJOUX INDISCRETS D\u00e9sire Metallic Collar"},"content":{"rendered":"<p style=\"text-align: center;\"><span style=\"font-weight: 400;\">Metal collar and waist chain, an elegant accessory for BDSM games.<\/span><\/p>\n<p style=\"text-align: center;\"><b>Tip<\/b><\/p>\n<p style=\"text-align: center;\"><span style=\"font-weight: 400;\">You can use it not only in the bedroom, but also as a fashionable accessory, especially with the matching handcuffs!<\/span><\/p>\n<p style=\"text-align: center;\"><b>Features<\/b><\/p>\n<p style=\"text-align: center;\"><span style=\"font-weight: 400;\">Shiny metal collar with waist chain.\u00a0<\/span><\/p>\n<p style=\"text-align: center;\"><span style=\"font-weight: 400;\">Length: minimum 30 cm, maximum 59 cm.<\/span><\/p>\n<p style=\"text-align: center;\"><b>Use &amp; Cleaning<\/b><\/p>\n<p style=\"text-align: center;\"><span style=\"font-weight: 400;\">It is recommended to untie any knots that may form after each use before storing the accessory.<\/span><\/p>\n<p style=\"text-align: center;\">\n","protected":false},"excerpt":{"rendered":"<p style=\"text-align: left;\">Let your imagination run free and give yourself over to pleasure! An easy task with this adjustable metal collar. Elegant metal chains, which frame the torso and waist coming from the neck, emphasize the curves of the body. An easy-to-wear collar for all occasions and a suggestive bedroom accessory for light bondage games.<\/p>\n","protected":false},"featured_media":26416,"comment_status":"open","ping_status":"closed","template":"","meta":{"_et_pb_use_builder":"","_et_pb_old_content":"","_et_gb_content_width":""},"product_brand":[],"product_cat":[363,327,554],"product_tag":[],"class_list":{"0":"post-28792","1":"product","2":"type-product","3":"status-publish","4":"has-post-thumbnail","6":"product_cat-accessories","7":"product_cat-bdsm-accessories","8":"product_cat-lib-x-bliss-glass-toys-hand-crafted","10":"first","11":"outofstock","12":"taxable","13":"shipping-taxable","14":"purchasable","15":"product-type-simple"},"yoast_head":"<!-- This site is optimized with the Yoast SEO Premium plugin v27.4 (Yoast SEO v27.4) - https:\/\/yoast.com\/product\/yoast-seo-premium-wordpress\/ -->\n<title>BIJOUX INDISCRETS D\u00e9sire Metallic Collar - Lib Women&#039;s Store<\/title>\n<meta name=\"description\" content=\"Wear this sexy neck and waist jewellery if you want a little sparkle and want to show your partner that he&#039;s in control! He&#039;d be happy to take the lead\" \/>\n<meta name=\"robots\" content=\"index, follow, max-snippet:-1, max-image-preview:large, max-video-preview:-1\" \/>\n<link rel=\"canonical\" href=\"https:\/\/libwomenstore.com\/en\/product\/bdsm-accessories\/bijoux-indiscrets-desire-metallic-collar-with-waist-band-jewellery\/\" \/>\n<meta property=\"og:locale\" content=\"en_US\" \/>\n<meta property=\"og:type\" content=\"article\" \/>\n<meta property=\"og:title\" content=\"BIJOUX INDISCRETS D\u00e9sire Metallic Collar\" \/>\n<meta property=\"og:description\" content=\"Wear this sexy neck and waist jewellery if you want a little sparkle and want to show your partner that he&#039;s in control! He&#039;d be happy to take the lead\" \/>\n<meta property=\"og:url\" content=\"https:\/\/libwomenstore.com\/en\/product\/bdsm-accessories\/bijoux-indiscrets-desire-metallic-collar-with-waist-band-jewellery\/\" \/>\n<meta property=\"og:site_name\" content=\"Lib Women&#039;s Store\" \/>\n<meta property=\"article:publisher\" content=\"https:\/\/www.facebook.com\/libwomenstore\" \/>\n<meta property=\"article:modified_time\" content=\"2025-11-30T23:48:32+00:00\" \/>\n<meta property=\"og:image\" content=\"https:\/\/libwomenstore.com\/wp-content\/uploads\/2024\/04\/Bijoux_Indiscrets_Desire_Metallique_Collar_1.jpg\" \/>\n\t<meta property=\"og:image:width\" content=\"2000\" \/>\n\t<meta property=\"og:image:height\" content=\"2000\" \/>\n\t<meta property=\"og:image:type\" content=\"image\/jpeg\" \/>\n<meta name=\"twitter:card\" content=\"summary_large_image\" \/>\n<meta name=\"twitter:label1\" content=\"Price\" \/>\n\t<meta name=\"twitter:data1\" content=\"13.000&#070;&#116;\" \/>\n\t<meta name=\"twitter:label2\" content=\"Availability\" \/>\n\t<meta name=\"twitter:data2\" content=\"Out of stock\" \/>\n<script type=\"application\/ld+json\" class=\"yoast-schema-graph\">{\"@context\":\"https:\\\/\\\/schema.org\",\"@graph\":[{\"@type\":[\"WebPage\",\"ItemPage\"],\"@id\":\"https:\\\/\\\/libwomenstore.com\\\/en\\\/product\\\/bdsm-accessories\\\/bijoux-indiscrets-desire-metallic-collar-with-waist-band-jewellery\\\/\",\"url\":\"https:\\\/\\\/libwomenstore.com\\\/en\\\/product\\\/bdsm-accessories\\\/bijoux-indiscrets-desire-metallic-collar-with-waist-band-jewellery\\\/\",\"name\":\"BIJOUX INDISCRETS D\u00e9sire Metallic Collar - Lib Women&#039;s Store\",\"isPartOf\":{\"@id\":\"https:\\\/\\\/libwomenstore.com\\\/en\\\/#website\"},\"primaryImageOfPage\":{\"@id\":\"https:\\\/\\\/libwomenstore.com\\\/en\\\/product\\\/bdsm-accessories\\\/bijoux-indiscrets-desire-metallic-collar-with-waist-band-jewellery\\\/#primaryimage\"},\"image\":{\"@id\":\"https:\\\/\\\/libwomenstore.com\\\/en\\\/product\\\/bdsm-accessories\\\/bijoux-indiscrets-desire-metallic-collar-with-waist-band-jewellery\\\/#primaryimage\"},\"thumbnailUrl\":\"https:\\\/\\\/libwomenstore.com\\\/wp-content\\\/uploads\\\/2024\\\/04\\\/Bijoux_Indiscrets_Desire_Metallique_Collar_1.jpg\",\"datePublished\":\"2024-04-16T10:01:10+00:00\",\"dateModified\":\"2025-11-30T23:48:32+00:00\",\"description\":\"Wear this sexy neck and waist jewellery if you want a little sparkle and want to show your partner that he's in control! He'd be happy to take the lead\",\"breadcrumb\":{\"@id\":\"https:\\\/\\\/libwomenstore.com\\\/en\\\/product\\\/bdsm-accessories\\\/bijoux-indiscrets-desire-metallic-collar-with-waist-band-jewellery\\\/#breadcrumb\"},\"inLanguage\":\"en-US\",\"potentialAction\":[{\"@type\":\"ReadAction\",\"target\":[\"https:\\\/\\\/libwomenstore.com\\\/en\\\/product\\\/bdsm-accessories\\\/bijoux-indiscrets-desire-metallic-collar-with-waist-band-jewellery\\\/\"]}]},{\"@type\":\"ImageObject\",\"inLanguage\":\"en-US\",\"@id\":\"https:\\\/\\\/libwomenstore.com\\\/en\\\/product\\\/bdsm-accessories\\\/bijoux-indiscrets-desire-metallic-collar-with-waist-band-jewellery\\\/#primaryimage\",\"url\":\"https:\\\/\\\/libwomenstore.com\\\/wp-content\\\/uploads\\\/2024\\\/04\\\/Bijoux_Indiscrets_Desire_Metallique_Collar_1.jpg\",\"contentUrl\":\"https:\\\/\\\/libwomenstore.com\\\/wp-content\\\/uploads\\\/2024\\\/04\\\/Bijoux_Indiscrets_Desire_Metallique_Collar_1.jpg\",\"width\":2000,\"height\":2000,\"caption\":\"Bijoux Indiscrets F\u00e9m \u00e9kszer gall\u00e9r szexj\u00e1t\u00e9k kieg\u00e9sz\u00edt\u0151\"},{\"@type\":\"BreadcrumbList\",\"@id\":\"https:\\\/\\\/libwomenstore.com\\\/en\\\/product\\\/bdsm-accessories\\\/bijoux-indiscrets-desire-metallic-collar-with-waist-band-jewellery\\\/#breadcrumb\",\"itemListElement\":[{\"@type\":\"ListItem\",\"position\":1,\"name\":\"Kezd\u0151lap\",\"item\":\"https:\\\/\\\/libwomenstore.com\\\/en\\\/\"},{\"@type\":\"ListItem\",\"position\":2,\"name\":\"Shop Home Page &#8211; Product categories\",\"item\":\"https:\\\/\\\/libwomenstore.com\\\/shop-kezdolap-termek-kategoriak\\\/?lang=en\"},{\"@type\":\"ListItem\",\"position\":3,\"name\":\"BIJOUX INDISCRETS D\u00e9sire Metallic Collar\"}]},{\"@type\":\"WebSite\",\"@id\":\"https:\\\/\\\/libwomenstore.com\\\/en\\\/#website\",\"url\":\"https:\\\/\\\/libwomenstore.com\\\/en\\\/\",\"name\":\"Lib Women Store\",\"description\":\"Magyarorsz\u00e1g els\u0151 n\u0151kre f\u00f3kusz\u00e1l\u00f3 szexshopja, ahol az eg\u00e9szs\u00e9g ugyanolyan fontos, mint az \u00e9lvezetek.\",\"publisher\":{\"@id\":\"https:\\\/\\\/libwomenstore.com\\\/en\\\/#organization\"},\"alternateName\":\"Lib\",\"potentialAction\":[{\"@type\":\"SearchAction\",\"target\":{\"@type\":\"EntryPoint\",\"urlTemplate\":\"https:\\\/\\\/libwomenstore.com\\\/en\\\/?s={search_term_string}\"},\"query-input\":{\"@type\":\"PropertyValueSpecification\",\"valueRequired\":true,\"valueName\":\"search_term_string\"}}],\"inLanguage\":\"en-US\"},{\"@type\":\"Organization\",\"@id\":\"https:\\\/\\\/libwomenstore.com\\\/en\\\/#organization\",\"name\":\"Lib Women Store\",\"url\":\"https:\\\/\\\/libwomenstore.com\\\/en\\\/\",\"logo\":{\"@type\":\"ImageObject\",\"inLanguage\":\"en-US\",\"@id\":\"https:\\\/\\\/libwomenstore.com\\\/en\\\/#\\\/schema\\\/logo\\\/image\\\/\",\"url\":\"https:\\\/\\\/libwomenstore.com\\\/wp-content\\\/uploads\\\/2024\\\/05\\\/cropped-LIB-logo-A.png\",\"contentUrl\":\"https:\\\/\\\/libwomenstore.com\\\/wp-content\\\/uploads\\\/2024\\\/05\\\/cropped-LIB-logo-A.png\",\"width\":512,\"height\":512,\"caption\":\"Lib Women Store\"},\"image\":{\"@id\":\"https:\\\/\\\/libwomenstore.com\\\/en\\\/#\\\/schema\\\/logo\\\/image\\\/\"},\"sameAs\":[\"https:\\\/\\\/www.facebook.com\\\/libwomenstore\"]}]}<\/script>\n<meta property=\"product:price:amount\" content=\"13000\" \/>\n<meta property=\"product:price:currency\" content=\"HUF\" \/>\n<meta property=\"og:availability\" content=\"out of stock\" \/>\n<meta property=\"product:availability\" content=\"out of stock\" \/>\n<meta property=\"product:retailer_item_id\" content=\"LIB-BI006\" \/>\n<meta property=\"product:condition\" content=\"new\" \/>\n<!-- \/ Yoast SEO Premium plugin. -->","yoast_head_json":{"title":"BIJOUX INDISCRETS D\u00e9sire Metallic Collar - Lib Women&#039;s Store","description":"Wear this sexy neck and waist jewellery if you want a little sparkle and want to show your partner that he's in control! He'd be happy to take the lead","robots":{"index":"index","follow":"follow","max-snippet":"max-snippet:-1","max-image-preview":"max-image-preview:large","max-video-preview":"max-video-preview:-1"},"canonical":"https:\/\/libwomenstore.com\/en\/product\/bdsm-accessories\/bijoux-indiscrets-desire-metallic-collar-with-waist-band-jewellery\/","og_locale":"en_US","og_type":"article","og_title":"BIJOUX INDISCRETS D\u00e9sire Metallic Collar","og_description":"Wear this sexy neck and waist jewellery if you want a little sparkle and want to show your partner that he's in control! He'd be happy to take the lead","og_url":"https:\/\/libwomenstore.com\/en\/product\/bdsm-accessories\/bijoux-indiscrets-desire-metallic-collar-with-waist-band-jewellery\/","og_site_name":"Lib Women&#039;s Store","article_publisher":"https:\/\/www.facebook.com\/libwomenstore","article_modified_time":"2025-11-30T23:48:32+00:00","og_image":[{"width":2000,"height":2000,"url":"https:\/\/libwomenstore.com\/wp-content\/uploads\/2024\/04\/Bijoux_Indiscrets_Desire_Metallique_Collar_1.jpg","type":"image\/jpeg"}],"twitter_card":"summary_large_image","twitter_misc":{"Price":"13.000&#70;&#116;","Availability":"Out of stock"},"schema":{"@context":"https:\/\/schema.org","@graph":[{"@type":["WebPage","ItemPage"],"@id":"https:\/\/libwomenstore.com\/en\/product\/bdsm-accessories\/bijoux-indiscrets-desire-metallic-collar-with-waist-band-jewellery\/","url":"https:\/\/libwomenstore.com\/en\/product\/bdsm-accessories\/bijoux-indiscrets-desire-metallic-collar-with-waist-band-jewellery\/","name":"BIJOUX INDISCRETS D\u00e9sire Metallic Collar - Lib Women&#039;s Store","isPartOf":{"@id":"https:\/\/libwomenstore.com\/en\/#website"},"primaryImageOfPage":{"@id":"https:\/\/libwomenstore.com\/en\/product\/bdsm-accessories\/bijoux-indiscrets-desire-metallic-collar-with-waist-band-jewellery\/#primaryimage"},"image":{"@id":"https:\/\/libwomenstore.com\/en\/product\/bdsm-accessories\/bijoux-indiscrets-desire-metallic-collar-with-waist-band-jewellery\/#primaryimage"},"thumbnailUrl":"https:\/\/libwomenstore.com\/wp-content\/uploads\/2024\/04\/Bijoux_Indiscrets_Desire_Metallique_Collar_1.jpg","datePublished":"2024-04-16T10:01:10+00:00","dateModified":"2025-11-30T23:48:32+00:00","description":"Wear this sexy neck and waist jewellery if you want a little sparkle and want to show your partner that he's in control! He'd be happy to take the lead","breadcrumb":{"@id":"https:\/\/libwomenstore.com\/en\/product\/bdsm-accessories\/bijoux-indiscrets-desire-metallic-collar-with-waist-band-jewellery\/#breadcrumb"},"inLanguage":"en-US","potentialAction":[{"@type":"ReadAction","target":["https:\/\/libwomenstore.com\/en\/product\/bdsm-accessories\/bijoux-indiscrets-desire-metallic-collar-with-waist-band-jewellery\/"]}]},{"@type":"ImageObject","inLanguage":"en-US","@id":"https:\/\/libwomenstore.com\/en\/product\/bdsm-accessories\/bijoux-indiscrets-desire-metallic-collar-with-waist-band-jewellery\/#primaryimage","url":"https:\/\/libwomenstore.com\/wp-content\/uploads\/2024\/04\/Bijoux_Indiscrets_Desire_Metallique_Collar_1.jpg","contentUrl":"https:\/\/libwomenstore.com\/wp-content\/uploads\/2024\/04\/Bijoux_Indiscrets_Desire_Metallique_Collar_1.jpg","width":2000,"height":2000,"caption":"Bijoux Indiscrets F\u00e9m \u00e9kszer gall\u00e9r szexj\u00e1t\u00e9k kieg\u00e9sz\u00edt\u0151"},{"@type":"BreadcrumbList","@id":"https:\/\/libwomenstore.com\/en\/product\/bdsm-accessories\/bijoux-indiscrets-desire-metallic-collar-with-waist-band-jewellery\/#breadcrumb","itemListElement":[{"@type":"ListItem","position":1,"name":"Kezd\u0151lap","item":"https:\/\/libwomenstore.com\/en\/"},{"@type":"ListItem","position":2,"name":"Shop Home Page &#8211; Product categories","item":"https:\/\/libwomenstore.com\/shop-kezdolap-termek-kategoriak\/?lang=en"},{"@type":"ListItem","position":3,"name":"BIJOUX INDISCRETS D\u00e9sire Metallic Collar"}]},{"@type":"WebSite","@id":"https:\/\/libwomenstore.com\/en\/#website","url":"https:\/\/libwomenstore.com\/en\/","name":"Lib Women Store","description":"Magyarorsz\u00e1g els\u0151 n\u0151kre f\u00f3kusz\u00e1l\u00f3 szexshopja, ahol az eg\u00e9szs\u00e9g ugyanolyan fontos, mint az \u00e9lvezetek.","publisher":{"@id":"https:\/\/libwomenstore.com\/en\/#organization"},"alternateName":"Lib","potentialAction":[{"@type":"SearchAction","target":{"@type":"EntryPoint","urlTemplate":"https:\/\/libwomenstore.com\/en\/?s={search_term_string}"},"query-input":{"@type":"PropertyValueSpecification","valueRequired":true,"valueName":"search_term_string"}}],"inLanguage":"en-US"},{"@type":"Organization","@id":"https:\/\/libwomenstore.com\/en\/#organization","name":"Lib Women Store","url":"https:\/\/libwomenstore.com\/en\/","logo":{"@type":"ImageObject","inLanguage":"en-US","@id":"https:\/\/libwomenstore.com\/en\/#\/schema\/logo\/image\/","url":"https:\/\/libwomenstore.com\/wp-content\/uploads\/2024\/05\/cropped-LIB-logo-A.png","contentUrl":"https:\/\/libwomenstore.com\/wp-content\/uploads\/2024\/05\/cropped-LIB-logo-A.png","width":512,"height":512,"caption":"Lib Women Store"},"image":{"@id":"https:\/\/libwomenstore.com\/en\/#\/schema\/logo\/image\/"},"sameAs":["https:\/\/www.facebook.com\/libwomenstore"]}]},"product_price_amount":"13000","product_price_currency":"HUF","og_availability":"out of stock","product_availability":"out of stock","product_retailer_item_id":"LIB-BI006","product_condition":"new"},"_links":{"self":[{"href":"https:\/\/libwomenstore.com\/en\/wp-json\/wp\/v2\/product\/28792","targetHints":{"allow":["GET"]}}],"collection":[{"href":"https:\/\/libwomenstore.com\/en\/wp-json\/wp\/v2\/product"}],"about":[{"href":"https:\/\/libwomenstore.com\/en\/wp-json\/wp\/v2\/types\/product"}],"replies":[{"embeddable":true,"href":"https:\/\/libwomenstore.com\/en\/wp-json\/wp\/v2\/comments?post=28792"}],"wp:featuredmedia":[{"embeddable":true,"href":"https:\/\/libwomenstore.com\/en\/wp-json\/wp\/v2\/media\/26416"}],"wp:attachment":[{"href":"https:\/\/libwomenstore.com\/en\/wp-json\/wp\/v2\/media?parent=28792"}],"wp:term":[{"taxonomy":"product_brand","embeddable":true,"href":"https:\/\/libwomenstore.com\/en\/wp-json\/wp\/v2\/product_brand?post=28792"},{"taxonomy":"product_cat","embeddable":true,"href":"https:\/\/libwomenstore.com\/en\/wp-json\/wp\/v2\/product_cat?post=28792"},{"taxonomy":"product_tag","embeddable":true,"href":"https:\/\/libwomenstore.com\/en\/wp-json\/wp\/v2\/product_tag?post=28792"}],"curies":[{"name":"wp","href":"https:\/\/api.w.org\/{rel}","templated":true}]}}