{"id":29056,"date":"2024-04-16T12:02:54","date_gmt":"2024-04-16T10:02:54","guid":{"rendered":"https:\/\/uj.libwomenstore.com\/?post_type=product&#038;p=29056"},"modified":"2025-01-07T17:51:30","modified_gmt":"2025-01-07T16:51:30","slug":"iroha-sakura-clitoris-stimulator-soft-gentle-vibrator","status":"publish","type":"product","link":"https:\/\/libwomenstore.com\/en\/product\/vibrators\/iroha-sakura-clitoris-stimulator-soft-gentle-vibrator\/","title":{"rendered":"IROHA Sakura"},"content":{"rendered":"<p style=\"text-align: center;\">Its simple and discreet design is not only pleasing to the eye.<\/p>\n<p style=\"text-align: center;\">The cherry-blossom pink SAKURA with its\u00a0indented tip allows the sensual experience of delicate stings. It is made using completely hypoallergenic materials, so its tenderness is available to everyone. In addition, its extremely quiet motor pampers you with 4 vibration rhythms.<\/p>\n<p style=\"text-align: center;\"><strong>Tip<\/strong><\/p>\n<p style=\"text-align: center;\">Experiment with water-based lubricant in bed or on the couch! Or try it alone in the shower or sitting in the tub.<\/p>\n<p style=\"text-align: center;\"><strong>Features<\/strong><\/p>\n<p style=\"text-align: center;\">hypoallergenic<\/p>\n<p style=\"text-align: center;\">waterproof up to 50 cm<\/p>\n<p style=\"text-align: center;\">dust-repellent material<\/p>\n<p style=\"text-align: center;\">spectacular, modern design<\/p>\n<p style=\"text-align: center;\">extra soft and silky finish<\/p>\n<p style=\"text-align: center;\">strong, powerful engine<\/p>\n<p style=\"text-align: center;\">4 vibration rhythms<\/p>\n<p style=\"text-align: center;\">rechargeable Li-ion accumulator<\/p>\n<p style=\"text-align: center;\">running time: approx. 90min (Full Power)<\/p>\n<p style=\"text-align: center;\">charging time: approx. 120min (Rated Voltage DC 5V, 1A)<\/p>\n<p style=\"text-align: center;\">1 year warranty<\/p>\n<p style=\"text-align: center;\">materials: body-safe silicone, PC, ABS<\/p>\n<p style=\"text-align: center;\">colour: pale pink<\/p>\n<p style=\"text-align: center;\">dimensions:\u00a08,3 x 5,4 x 3,9 cm<\/p>\n<p style=\"text-align: center;\">weight: 95 g<\/p>\n<p style=\"text-align: center;\">box includes: 1 Sakura, charging case, USB cabel, manual<\/p>\n<p style=\"text-align: center;\"><b>Use &amp; Cleaning<\/b><\/p>\n<p style=\"text-align: center;\">Clean the device thoroughly before first use and after each use. Wash thoroughly with gentle soap and lukewarm water, then rinse and let dry. Recommended: Use of a special cleaning agent.<\/p>\n<p style=\"text-align: center;\">Use exclusively with water-based lubricants, other oils and lubricants can damage the material.<\/p>\n<p style=\"text-align: center;\">\n","protected":false},"excerpt":{"rendered":"<p style=\"text-align: left;\">Iroha Sakura is a revolutionary new luxury vibrator that combines beautiful design, quality materials and easy handling. A unique pillow covered in silky and soft silicone.<\/p>\n","protected":false},"featured_media":26605,"comment_status":"open","ping_status":"closed","template":"","meta":{"_et_pb_use_builder":"","_et_pb_old_content":"","_et_gb_content_width":""},"product_brand":[],"product_cat":[322,318],"product_tag":[],"class_list":{"0":"post-29056","1":"product","2":"type-product","3":"status-publish","4":"has-post-thumbnail","6":"product_cat-clitoral-vibrators","7":"product_cat-vibrators","9":"first","10":"instock","11":"taxable","12":"shipping-taxable","13":"purchasable","14":"product-type-simple"},"yoast_head":"<!-- This site is optimized with the Yoast SEO Premium plugin v27.4 (Yoast SEO v27.4) - https:\/\/yoast.com\/product\/yoast-seo-premium-wordpress\/ -->\n<title>IROHA Sakura - Lib Women&#039;s Store<\/title>\n<meta name=\"description\" content=\"Choose this clitoral vibrator because it has an amazingly soft silicone cover, designed by women for women to fit your body perfectly\" \/>\n<meta name=\"robots\" content=\"index, follow, max-snippet:-1, max-image-preview:large, max-video-preview:-1\" \/>\n<link rel=\"canonical\" href=\"https:\/\/libwomenstore.com\/en\/product\/vibrators\/iroha-sakura-clitoris-stimulator-soft-gentle-vibrator\/\" \/>\n<meta property=\"og:locale\" content=\"en_US\" \/>\n<meta property=\"og:type\" content=\"article\" \/>\n<meta property=\"og:title\" content=\"IROHA Sakura\" \/>\n<meta property=\"og:description\" content=\"Choose this clitoral vibrator because it has an amazingly soft silicone cover, designed by women for women to fit your body perfectly\" \/>\n<meta property=\"og:url\" content=\"https:\/\/libwomenstore.com\/en\/product\/vibrators\/iroha-sakura-clitoris-stimulator-soft-gentle-vibrator\/\" \/>\n<meta property=\"og:site_name\" content=\"Lib Women&#039;s Store\" \/>\n<meta property=\"article:publisher\" content=\"https:\/\/www.facebook.com\/libwomenstore\" \/>\n<meta property=\"article:modified_time\" content=\"2025-01-07T16:51:30+00:00\" \/>\n<meta property=\"og:image\" content=\"https:\/\/libwomenstore.com\/wp-content\/uploads\/2024\/04\/sakura.jpg\" \/>\n\t<meta property=\"og:image:width\" content=\"1705\" \/>\n\t<meta property=\"og:image:height\" content=\"1707\" \/>\n\t<meta property=\"og:image:type\" content=\"image\/jpeg\" \/>\n<meta name=\"twitter:card\" content=\"summary_large_image\" \/>\n<meta name=\"twitter:label1\" content=\"Price\" \/>\n\t<meta name=\"twitter:data1\" content=\"42.000&#070;&#116;\" \/>\n\t<meta name=\"twitter:label2\" content=\"Availability\" \/>\n\t<meta name=\"twitter:data2\" content=\"In stock\" \/>\n<script type=\"application\/ld+json\" class=\"yoast-schema-graph\">{\"@context\":\"https:\\\/\\\/schema.org\",\"@graph\":[{\"@type\":[\"WebPage\",\"ItemPage\"],\"@id\":\"https:\\\/\\\/libwomenstore.com\\\/en\\\/product\\\/vibrators\\\/iroha-sakura-clitoris-stimulator-soft-gentle-vibrator\\\/\",\"url\":\"https:\\\/\\\/libwomenstore.com\\\/en\\\/product\\\/vibrators\\\/iroha-sakura-clitoris-stimulator-soft-gentle-vibrator\\\/\",\"name\":\"IROHA Sakura - Lib Women&#039;s Store\",\"isPartOf\":{\"@id\":\"https:\\\/\\\/libwomenstore.com\\\/en\\\/#website\"},\"primaryImageOfPage\":{\"@id\":\"https:\\\/\\\/libwomenstore.com\\\/en\\\/product\\\/vibrators\\\/iroha-sakura-clitoris-stimulator-soft-gentle-vibrator\\\/#primaryimage\"},\"image\":{\"@id\":\"https:\\\/\\\/libwomenstore.com\\\/en\\\/product\\\/vibrators\\\/iroha-sakura-clitoris-stimulator-soft-gentle-vibrator\\\/#primaryimage\"},\"thumbnailUrl\":\"https:\\\/\\\/libwomenstore.com\\\/wp-content\\\/uploads\\\/2024\\\/04\\\/sakura.jpg\",\"datePublished\":\"2024-04-16T10:02:54+00:00\",\"dateModified\":\"2025-01-07T16:51:30+00:00\",\"description\":\"Choose this clitoral vibrator because it has an amazingly soft silicone cover, designed by women for women to fit your body perfectly\",\"breadcrumb\":{\"@id\":\"https:\\\/\\\/libwomenstore.com\\\/en\\\/product\\\/vibrators\\\/iroha-sakura-clitoris-stimulator-soft-gentle-vibrator\\\/#breadcrumb\"},\"inLanguage\":\"en-US\",\"potentialAction\":[{\"@type\":\"ReadAction\",\"target\":[\"https:\\\/\\\/libwomenstore.com\\\/en\\\/product\\\/vibrators\\\/iroha-sakura-clitoris-stimulator-soft-gentle-vibrator\\\/\"]}]},{\"@type\":\"ImageObject\",\"inLanguage\":\"en-US\",\"@id\":\"https:\\\/\\\/libwomenstore.com\\\/en\\\/product\\\/vibrators\\\/iroha-sakura-clitoris-stimulator-soft-gentle-vibrator\\\/#primaryimage\",\"url\":\"https:\\\/\\\/libwomenstore.com\\\/wp-content\\\/uploads\\\/2024\\\/04\\\/sakura.jpg\",\"contentUrl\":\"https:\\\/\\\/libwomenstore.com\\\/wp-content\\\/uploads\\\/2024\\\/04\\\/sakura.jpg\",\"width\":1705,\"height\":1707,\"caption\":\"Iroha Sakura selymes, puha csikl\u00f3 izgat\u00f3 vibr\u00e1tor k\u00fcls\u0151leg haszn\u00e1lhat\u00f3 szexj\u00e1t\u00e9k\"},{\"@type\":\"BreadcrumbList\",\"@id\":\"https:\\\/\\\/libwomenstore.com\\\/en\\\/product\\\/vibrators\\\/iroha-sakura-clitoris-stimulator-soft-gentle-vibrator\\\/#breadcrumb\",\"itemListElement\":[{\"@type\":\"ListItem\",\"position\":1,\"name\":\"Kezd\u0151lap\",\"item\":\"https:\\\/\\\/libwomenstore.com\\\/en\\\/\"},{\"@type\":\"ListItem\",\"position\":2,\"name\":\"Shop Home Page &#8211; Product categories\",\"item\":\"https:\\\/\\\/libwomenstore.com\\\/shop-kezdolap-termek-kategoriak\\\/?lang=en\"},{\"@type\":\"ListItem\",\"position\":3,\"name\":\"IROHA Sakura\"}]},{\"@type\":\"WebSite\",\"@id\":\"https:\\\/\\\/libwomenstore.com\\\/en\\\/#website\",\"url\":\"https:\\\/\\\/libwomenstore.com\\\/en\\\/\",\"name\":\"Lib Women Store\",\"description\":\"Magyarorsz\u00e1g els\u0151 n\u0151kre f\u00f3kusz\u00e1l\u00f3 szexshopja, ahol az eg\u00e9szs\u00e9g ugyanolyan fontos, mint az \u00e9lvezetek.\",\"publisher\":{\"@id\":\"https:\\\/\\\/libwomenstore.com\\\/en\\\/#organization\"},\"alternateName\":\"Lib\",\"potentialAction\":[{\"@type\":\"SearchAction\",\"target\":{\"@type\":\"EntryPoint\",\"urlTemplate\":\"https:\\\/\\\/libwomenstore.com\\\/en\\\/?s={search_term_string}\"},\"query-input\":{\"@type\":\"PropertyValueSpecification\",\"valueRequired\":true,\"valueName\":\"search_term_string\"}}],\"inLanguage\":\"en-US\"},{\"@type\":\"Organization\",\"@id\":\"https:\\\/\\\/libwomenstore.com\\\/en\\\/#organization\",\"name\":\"Lib Women Store\",\"url\":\"https:\\\/\\\/libwomenstore.com\\\/en\\\/\",\"logo\":{\"@type\":\"ImageObject\",\"inLanguage\":\"en-US\",\"@id\":\"https:\\\/\\\/libwomenstore.com\\\/en\\\/#\\\/schema\\\/logo\\\/image\\\/\",\"url\":\"https:\\\/\\\/libwomenstore.com\\\/wp-content\\\/uploads\\\/2024\\\/05\\\/cropped-LIB-logo-A.png\",\"contentUrl\":\"https:\\\/\\\/libwomenstore.com\\\/wp-content\\\/uploads\\\/2024\\\/05\\\/cropped-LIB-logo-A.png\",\"width\":512,\"height\":512,\"caption\":\"Lib Women Store\"},\"image\":{\"@id\":\"https:\\\/\\\/libwomenstore.com\\\/en\\\/#\\\/schema\\\/logo\\\/image\\\/\"},\"sameAs\":[\"https:\\\/\\\/www.facebook.com\\\/libwomenstore\"]}]}<\/script>\n<meta property=\"product:price:amount\" content=\"42000\" \/>\n<meta property=\"product:price:currency\" content=\"HUF\" \/>\n<meta property=\"og:availability\" content=\"instock\" \/>\n<meta property=\"product:availability\" content=\"instock\" \/>\n<meta property=\"product:retailer_item_id\" content=\"LIB-IH004\" \/>\n<meta property=\"product:condition\" content=\"new\" \/>\n<!-- \/ Yoast SEO Premium plugin. -->","yoast_head_json":{"title":"IROHA Sakura - Lib Women&#039;s Store","description":"Choose this clitoral vibrator because it has an amazingly soft silicone cover, designed by women for women to fit your body perfectly","robots":{"index":"index","follow":"follow","max-snippet":"max-snippet:-1","max-image-preview":"max-image-preview:large","max-video-preview":"max-video-preview:-1"},"canonical":"https:\/\/libwomenstore.com\/en\/product\/vibrators\/iroha-sakura-clitoris-stimulator-soft-gentle-vibrator\/","og_locale":"en_US","og_type":"article","og_title":"IROHA Sakura","og_description":"Choose this clitoral vibrator because it has an amazingly soft silicone cover, designed by women for women to fit your body perfectly","og_url":"https:\/\/libwomenstore.com\/en\/product\/vibrators\/iroha-sakura-clitoris-stimulator-soft-gentle-vibrator\/","og_site_name":"Lib Women&#039;s Store","article_publisher":"https:\/\/www.facebook.com\/libwomenstore","article_modified_time":"2025-01-07T16:51:30+00:00","og_image":[{"width":1705,"height":1707,"url":"https:\/\/libwomenstore.com\/wp-content\/uploads\/2024\/04\/sakura.jpg","type":"image\/jpeg"}],"twitter_card":"summary_large_image","twitter_misc":{"Price":"42.000&#70;&#116;","Availability":"In stock"},"schema":{"@context":"https:\/\/schema.org","@graph":[{"@type":["WebPage","ItemPage"],"@id":"https:\/\/libwomenstore.com\/en\/product\/vibrators\/iroha-sakura-clitoris-stimulator-soft-gentle-vibrator\/","url":"https:\/\/libwomenstore.com\/en\/product\/vibrators\/iroha-sakura-clitoris-stimulator-soft-gentle-vibrator\/","name":"IROHA Sakura - Lib Women&#039;s Store","isPartOf":{"@id":"https:\/\/libwomenstore.com\/en\/#website"},"primaryImageOfPage":{"@id":"https:\/\/libwomenstore.com\/en\/product\/vibrators\/iroha-sakura-clitoris-stimulator-soft-gentle-vibrator\/#primaryimage"},"image":{"@id":"https:\/\/libwomenstore.com\/en\/product\/vibrators\/iroha-sakura-clitoris-stimulator-soft-gentle-vibrator\/#primaryimage"},"thumbnailUrl":"https:\/\/libwomenstore.com\/wp-content\/uploads\/2024\/04\/sakura.jpg","datePublished":"2024-04-16T10:02:54+00:00","dateModified":"2025-01-07T16:51:30+00:00","description":"Choose this clitoral vibrator because it has an amazingly soft silicone cover, designed by women for women to fit your body perfectly","breadcrumb":{"@id":"https:\/\/libwomenstore.com\/en\/product\/vibrators\/iroha-sakura-clitoris-stimulator-soft-gentle-vibrator\/#breadcrumb"},"inLanguage":"en-US","potentialAction":[{"@type":"ReadAction","target":["https:\/\/libwomenstore.com\/en\/product\/vibrators\/iroha-sakura-clitoris-stimulator-soft-gentle-vibrator\/"]}]},{"@type":"ImageObject","inLanguage":"en-US","@id":"https:\/\/libwomenstore.com\/en\/product\/vibrators\/iroha-sakura-clitoris-stimulator-soft-gentle-vibrator\/#primaryimage","url":"https:\/\/libwomenstore.com\/wp-content\/uploads\/2024\/04\/sakura.jpg","contentUrl":"https:\/\/libwomenstore.com\/wp-content\/uploads\/2024\/04\/sakura.jpg","width":1705,"height":1707,"caption":"Iroha Sakura selymes, puha csikl\u00f3 izgat\u00f3 vibr\u00e1tor k\u00fcls\u0151leg haszn\u00e1lhat\u00f3 szexj\u00e1t\u00e9k"},{"@type":"BreadcrumbList","@id":"https:\/\/libwomenstore.com\/en\/product\/vibrators\/iroha-sakura-clitoris-stimulator-soft-gentle-vibrator\/#breadcrumb","itemListElement":[{"@type":"ListItem","position":1,"name":"Kezd\u0151lap","item":"https:\/\/libwomenstore.com\/en\/"},{"@type":"ListItem","position":2,"name":"Shop Home Page &#8211; Product categories","item":"https:\/\/libwomenstore.com\/shop-kezdolap-termek-kategoriak\/?lang=en"},{"@type":"ListItem","position":3,"name":"IROHA Sakura"}]},{"@type":"WebSite","@id":"https:\/\/libwomenstore.com\/en\/#website","url":"https:\/\/libwomenstore.com\/en\/","name":"Lib Women Store","description":"Magyarorsz\u00e1g els\u0151 n\u0151kre f\u00f3kusz\u00e1l\u00f3 szexshopja, ahol az eg\u00e9szs\u00e9g ugyanolyan fontos, mint az \u00e9lvezetek.","publisher":{"@id":"https:\/\/libwomenstore.com\/en\/#organization"},"alternateName":"Lib","potentialAction":[{"@type":"SearchAction","target":{"@type":"EntryPoint","urlTemplate":"https:\/\/libwomenstore.com\/en\/?s={search_term_string}"},"query-input":{"@type":"PropertyValueSpecification","valueRequired":true,"valueName":"search_term_string"}}],"inLanguage":"en-US"},{"@type":"Organization","@id":"https:\/\/libwomenstore.com\/en\/#organization","name":"Lib Women Store","url":"https:\/\/libwomenstore.com\/en\/","logo":{"@type":"ImageObject","inLanguage":"en-US","@id":"https:\/\/libwomenstore.com\/en\/#\/schema\/logo\/image\/","url":"https:\/\/libwomenstore.com\/wp-content\/uploads\/2024\/05\/cropped-LIB-logo-A.png","contentUrl":"https:\/\/libwomenstore.com\/wp-content\/uploads\/2024\/05\/cropped-LIB-logo-A.png","width":512,"height":512,"caption":"Lib Women Store"},"image":{"@id":"https:\/\/libwomenstore.com\/en\/#\/schema\/logo\/image\/"},"sameAs":["https:\/\/www.facebook.com\/libwomenstore"]}]},"product_price_amount":"42000","product_price_currency":"HUF","og_availability":"instock","product_availability":"instock","product_retailer_item_id":"LIB-IH004","product_condition":"new"},"_links":{"self":[{"href":"https:\/\/libwomenstore.com\/en\/wp-json\/wp\/v2\/product\/29056","targetHints":{"allow":["GET"]}}],"collection":[{"href":"https:\/\/libwomenstore.com\/en\/wp-json\/wp\/v2\/product"}],"about":[{"href":"https:\/\/libwomenstore.com\/en\/wp-json\/wp\/v2\/types\/product"}],"replies":[{"embeddable":true,"href":"https:\/\/libwomenstore.com\/en\/wp-json\/wp\/v2\/comments?post=29056"}],"wp:featuredmedia":[{"embeddable":true,"href":"https:\/\/libwomenstore.com\/en\/wp-json\/wp\/v2\/media\/26605"}],"wp:attachment":[{"href":"https:\/\/libwomenstore.com\/en\/wp-json\/wp\/v2\/media?parent=29056"}],"wp:term":[{"taxonomy":"product_brand","embeddable":true,"href":"https:\/\/libwomenstore.com\/en\/wp-json\/wp\/v2\/product_brand?post=29056"},{"taxonomy":"product_cat","embeddable":true,"href":"https:\/\/libwomenstore.com\/en\/wp-json\/wp\/v2\/product_cat?post=29056"},{"taxonomy":"product_tag","embeddable":true,"href":"https:\/\/libwomenstore.com\/en\/wp-json\/wp\/v2\/product_tag?post=29056"}],"curies":[{"name":"wp","href":"https:\/\/api.w.org\/{rel}","templated":true}]}}