{"id":29107,"date":"2024-04-16T12:05:06","date_gmt":"2024-04-16T10:05:06","guid":{"rendered":"https:\/\/uj.libwomenstore.com\/?post_type=product&#038;p=29107"},"modified":"2025-01-10T12:41:42","modified_gmt":"2025-01-10T11:41:42","slug":"strap-on-me-curious-faux-leather-harness-for-dildos-couple-play-pegging","status":"publish","type":"product","link":"https:\/\/libwomenstore.com\/en\/product\/bdsm-accessories\/strap-on-me-curious-faux-leather-harness-for-dildos-couple-play-pegging\/","title":{"rendered":"STRAP-ON-ME Curious Harness"},"content":{"rendered":"<p style=\"text-align: center;\">The Curious harness adapts to your shape with adjustable waist and thigh straps. It can be put on easily in two or three movements, thanks to the velcro waist solution, you don&#8217;t have to fiddle with clips a lot.<\/p>\n<p style=\"text-align: center;\">For comfort and freedom of movement, the Curious harness has a padded crotch area. The elastic ring allows for easy insertion of the dildos. These suction cup dildos stay in place while your hips move, thanks to the good support of the belt and strap.<\/p>\n<p style=\"text-align: center;\"><strong>Tip<\/strong><\/p>\n<p style=\"text-align: center;\">We recommend it to all couples who are curious about the world of pegging or want to liven up their sex life.<\/p>\n<p style=\"text-align: center;\"><strong>Features<\/strong><\/p>\n<p style=\"text-align: center;\">The harness is a high-quality accessory made of vegan leather. It is available in one size, as it is easily adjustable and can be tailored to individual needs.<\/p>\n<p style=\"text-align: center;\"><b>Use &amp; Cleaning<\/b><\/p>\n<p style=\"text-align: center;\">To keep it clean, mix lukewarm soapy water, dip a soft cloth in it, squeeze out the excess water, and use a damp cloth to wipe off any stains on the harness. Compatible with all Strap-on-me dildos.<\/p>\n","protected":false},"excerpt":{"rendered":"<p style=\"text-align: left;\">The Strap-On-Me Curious harness awakens curiosity and mischief. The Curious vegan leather harness unfolds its seductive power with its unique cut and elegant design. Spice up your intimate life, play with your partner. Dare to wear a harness and enter the exciting world of strap-on dildos.<\/p>\n","protected":false},"featured_media":26809,"comment_status":"open","ping_status":"closed","template":"","meta":{"_et_pb_use_builder":"","_et_pb_old_content":"","_et_gb_content_width":""},"product_brand":[],"product_cat":[327,344],"product_tag":[],"class_list":{"0":"post-29107","1":"product","2":"type-product","3":"status-publish","4":"has-post-thumbnail","6":"product_cat-bdsm-accessories","7":"product_cat-harnesses","9":"first","10":"outofstock","11":"taxable","12":"shipping-taxable","13":"purchasable","14":"product-type-simple"},"yoast_head":"<!-- This site is optimized with the Yoast SEO Premium plugin v27.4 (Yoast SEO v27.4) - https:\/\/yoast.com\/product\/yoast-seo-premium-wordpress\/ -->\n<title>STRAP-ON-ME Curious Harness - Lib Women&#039;s Store<\/title>\n<meta name=\"description\" content=\"The Curious harness awakens curiosity and mischief. The Curious vegan leather harness unleashes its seductive power with its unique cut and elegant design.\" \/>\n<meta name=\"robots\" content=\"index, follow, max-snippet:-1, max-image-preview:large, max-video-preview:-1\" \/>\n<link rel=\"canonical\" href=\"https:\/\/libwomenstore.com\/en\/product\/bdsm-accessories\/strap-on-me-curious-faux-leather-harness-for-dildos-couple-play-pegging\/\" \/>\n<meta property=\"og:locale\" content=\"en_US\" \/>\n<meta property=\"og:type\" content=\"article\" \/>\n<meta property=\"og:title\" content=\"STRAP-ON-ME Curious Harness\" \/>\n<meta property=\"og:description\" content=\"The Curious harness awakens curiosity and mischief. The Curious vegan leather harness unleashes its seductive power with its unique cut and elegant design.\" \/>\n<meta property=\"og:url\" content=\"https:\/\/libwomenstore.com\/en\/product\/bdsm-accessories\/strap-on-me-curious-faux-leather-harness-for-dildos-couple-play-pegging\/\" \/>\n<meta property=\"og:site_name\" content=\"Lib Women&#039;s Store\" \/>\n<meta property=\"article:publisher\" content=\"https:\/\/www.facebook.com\/libwomenstore\" \/>\n<meta property=\"article:modified_time\" content=\"2025-01-10T11:41:42+00:00\" \/>\n<meta property=\"og:image\" content=\"https:\/\/libwomenstore.com\/wp-content\/uploads\/2024\/04\/Strap-on-me_Curious_Harness_3.jpg\" \/>\n\t<meta property=\"og:image:width\" content=\"2000\" \/>\n\t<meta property=\"og:image:height\" content=\"2000\" \/>\n\t<meta property=\"og:image:type\" content=\"image\/jpeg\" \/>\n<meta name=\"twitter:card\" content=\"summary_large_image\" \/>\n<meta name=\"twitter:label1\" content=\"Price\" \/>\n\t<meta name=\"twitter:data1\" content=\"25.000&#070;&#116;\" \/>\n\t<meta name=\"twitter:label2\" content=\"Availability\" \/>\n\t<meta name=\"twitter:data2\" content=\"Out of stock\" \/>\n<script type=\"application\/ld+json\" class=\"yoast-schema-graph\">{\"@context\":\"https:\\\/\\\/schema.org\",\"@graph\":[{\"@type\":[\"WebPage\",\"ItemPage\"],\"@id\":\"https:\\\/\\\/libwomenstore.com\\\/en\\\/product\\\/bdsm-accessories\\\/strap-on-me-curious-faux-leather-harness-for-dildos-couple-play-pegging\\\/\",\"url\":\"https:\\\/\\\/libwomenstore.com\\\/en\\\/product\\\/bdsm-accessories\\\/strap-on-me-curious-faux-leather-harness-for-dildos-couple-play-pegging\\\/\",\"name\":\"STRAP-ON-ME Curious Harness - Lib Women&#039;s Store\",\"isPartOf\":{\"@id\":\"https:\\\/\\\/libwomenstore.com\\\/en\\\/#website\"},\"primaryImageOfPage\":{\"@id\":\"https:\\\/\\\/libwomenstore.com\\\/en\\\/product\\\/bdsm-accessories\\\/strap-on-me-curious-faux-leather-harness-for-dildos-couple-play-pegging\\\/#primaryimage\"},\"image\":{\"@id\":\"https:\\\/\\\/libwomenstore.com\\\/en\\\/product\\\/bdsm-accessories\\\/strap-on-me-curious-faux-leather-harness-for-dildos-couple-play-pegging\\\/#primaryimage\"},\"thumbnailUrl\":\"https:\\\/\\\/libwomenstore.com\\\/wp-content\\\/uploads\\\/2024\\\/04\\\/Strap-on-me_Curious_Harness_3.jpg\",\"datePublished\":\"2024-04-16T10:05:06+00:00\",\"dateModified\":\"2025-01-10T11:41:42+00:00\",\"description\":\"The Curious harness awakens curiosity and mischief. The Curious vegan leather harness unleashes its seductive power with its unique cut and elegant design.\",\"breadcrumb\":{\"@id\":\"https:\\\/\\\/libwomenstore.com\\\/en\\\/product\\\/bdsm-accessories\\\/strap-on-me-curious-faux-leather-harness-for-dildos-couple-play-pegging\\\/#breadcrumb\"},\"inLanguage\":\"en-US\",\"potentialAction\":[{\"@type\":\"ReadAction\",\"target\":[\"https:\\\/\\\/libwomenstore.com\\\/en\\\/product\\\/bdsm-accessories\\\/strap-on-me-curious-faux-leather-harness-for-dildos-couple-play-pegging\\\/\"]}]},{\"@type\":\"ImageObject\",\"inLanguage\":\"en-US\",\"@id\":\"https:\\\/\\\/libwomenstore.com\\\/en\\\/product\\\/bdsm-accessories\\\/strap-on-me-curious-faux-leather-harness-for-dildos-couple-play-pegging\\\/#primaryimage\",\"url\":\"https:\\\/\\\/libwomenstore.com\\\/wp-content\\\/uploads\\\/2024\\\/04\\\/Strap-on-me_Curious_Harness_3.jpg\",\"contentUrl\":\"https:\\\/\\\/libwomenstore.com\\\/wp-content\\\/uploads\\\/2024\\\/04\\\/Strap-on-me_Curious_Harness_3.jpg\",\"width\":2000,\"height\":2000,\"caption\":\"Strap-on-me Curious h\u00e1m felcsatolhat\u00f3 dild\u00f3hoz\"},{\"@type\":\"BreadcrumbList\",\"@id\":\"https:\\\/\\\/libwomenstore.com\\\/en\\\/product\\\/bdsm-accessories\\\/strap-on-me-curious-faux-leather-harness-for-dildos-couple-play-pegging\\\/#breadcrumb\",\"itemListElement\":[{\"@type\":\"ListItem\",\"position\":1,\"name\":\"Kezd\u0151lap\",\"item\":\"https:\\\/\\\/libwomenstore.com\\\/en\\\/\"},{\"@type\":\"ListItem\",\"position\":2,\"name\":\"Shop Home Page &#8211; Product categories\",\"item\":\"https:\\\/\\\/libwomenstore.com\\\/shop-kezdolap-termek-kategoriak\\\/?lang=en\"},{\"@type\":\"ListItem\",\"position\":3,\"name\":\"STRAP-ON-ME Curious Harness\"}]},{\"@type\":\"WebSite\",\"@id\":\"https:\\\/\\\/libwomenstore.com\\\/en\\\/#website\",\"url\":\"https:\\\/\\\/libwomenstore.com\\\/en\\\/\",\"name\":\"Lib Women Store\",\"description\":\"Magyarorsz\u00e1g els\u0151 n\u0151kre f\u00f3kusz\u00e1l\u00f3 szexshopja, ahol az eg\u00e9szs\u00e9g ugyanolyan fontos, mint az \u00e9lvezetek.\",\"publisher\":{\"@id\":\"https:\\\/\\\/libwomenstore.com\\\/en\\\/#organization\"},\"alternateName\":\"Lib\",\"potentialAction\":[{\"@type\":\"SearchAction\",\"target\":{\"@type\":\"EntryPoint\",\"urlTemplate\":\"https:\\\/\\\/libwomenstore.com\\\/en\\\/?s={search_term_string}\"},\"query-input\":{\"@type\":\"PropertyValueSpecification\",\"valueRequired\":true,\"valueName\":\"search_term_string\"}}],\"inLanguage\":\"en-US\"},{\"@type\":\"Organization\",\"@id\":\"https:\\\/\\\/libwomenstore.com\\\/en\\\/#organization\",\"name\":\"Lib Women Store\",\"url\":\"https:\\\/\\\/libwomenstore.com\\\/en\\\/\",\"logo\":{\"@type\":\"ImageObject\",\"inLanguage\":\"en-US\",\"@id\":\"https:\\\/\\\/libwomenstore.com\\\/en\\\/#\\\/schema\\\/logo\\\/image\\\/\",\"url\":\"https:\\\/\\\/libwomenstore.com\\\/wp-content\\\/uploads\\\/2024\\\/05\\\/cropped-LIB-logo-A.png\",\"contentUrl\":\"https:\\\/\\\/libwomenstore.com\\\/wp-content\\\/uploads\\\/2024\\\/05\\\/cropped-LIB-logo-A.png\",\"width\":512,\"height\":512,\"caption\":\"Lib Women Store\"},\"image\":{\"@id\":\"https:\\\/\\\/libwomenstore.com\\\/en\\\/#\\\/schema\\\/logo\\\/image\\\/\"},\"sameAs\":[\"https:\\\/\\\/www.facebook.com\\\/libwomenstore\"]}]}<\/script>\n<meta property=\"product:price:amount\" content=\"25000\" \/>\n<meta property=\"product:price:currency\" content=\"HUF\" \/>\n<meta property=\"og:availability\" content=\"out of stock\" \/>\n<meta property=\"product:availability\" content=\"out of stock\" \/>\n<meta property=\"product:retailer_item_id\" content=\"LIB-SOM002\" \/>\n<meta property=\"product:condition\" content=\"new\" \/>\n<!-- \/ Yoast SEO Premium plugin. -->","yoast_head_json":{"title":"STRAP-ON-ME Curious Harness - Lib Women&#039;s Store","description":"The Curious harness awakens curiosity and mischief. The Curious vegan leather harness unleashes its seductive power with its unique cut and elegant design.","robots":{"index":"index","follow":"follow","max-snippet":"max-snippet:-1","max-image-preview":"max-image-preview:large","max-video-preview":"max-video-preview:-1"},"canonical":"https:\/\/libwomenstore.com\/en\/product\/bdsm-accessories\/strap-on-me-curious-faux-leather-harness-for-dildos-couple-play-pegging\/","og_locale":"en_US","og_type":"article","og_title":"STRAP-ON-ME Curious Harness","og_description":"The Curious harness awakens curiosity and mischief. The Curious vegan leather harness unleashes its seductive power with its unique cut and elegant design.","og_url":"https:\/\/libwomenstore.com\/en\/product\/bdsm-accessories\/strap-on-me-curious-faux-leather-harness-for-dildos-couple-play-pegging\/","og_site_name":"Lib Women&#039;s Store","article_publisher":"https:\/\/www.facebook.com\/libwomenstore","article_modified_time":"2025-01-10T11:41:42+00:00","og_image":[{"width":2000,"height":2000,"url":"https:\/\/libwomenstore.com\/wp-content\/uploads\/2024\/04\/Strap-on-me_Curious_Harness_3.jpg","type":"image\/jpeg"}],"twitter_card":"summary_large_image","twitter_misc":{"Price":"25.000&#70;&#116;","Availability":"Out of stock"},"schema":{"@context":"https:\/\/schema.org","@graph":[{"@type":["WebPage","ItemPage"],"@id":"https:\/\/libwomenstore.com\/en\/product\/bdsm-accessories\/strap-on-me-curious-faux-leather-harness-for-dildos-couple-play-pegging\/","url":"https:\/\/libwomenstore.com\/en\/product\/bdsm-accessories\/strap-on-me-curious-faux-leather-harness-for-dildos-couple-play-pegging\/","name":"STRAP-ON-ME Curious Harness - Lib Women&#039;s Store","isPartOf":{"@id":"https:\/\/libwomenstore.com\/en\/#website"},"primaryImageOfPage":{"@id":"https:\/\/libwomenstore.com\/en\/product\/bdsm-accessories\/strap-on-me-curious-faux-leather-harness-for-dildos-couple-play-pegging\/#primaryimage"},"image":{"@id":"https:\/\/libwomenstore.com\/en\/product\/bdsm-accessories\/strap-on-me-curious-faux-leather-harness-for-dildos-couple-play-pegging\/#primaryimage"},"thumbnailUrl":"https:\/\/libwomenstore.com\/wp-content\/uploads\/2024\/04\/Strap-on-me_Curious_Harness_3.jpg","datePublished":"2024-04-16T10:05:06+00:00","dateModified":"2025-01-10T11:41:42+00:00","description":"The Curious harness awakens curiosity and mischief. The Curious vegan leather harness unleashes its seductive power with its unique cut and elegant design.","breadcrumb":{"@id":"https:\/\/libwomenstore.com\/en\/product\/bdsm-accessories\/strap-on-me-curious-faux-leather-harness-for-dildos-couple-play-pegging\/#breadcrumb"},"inLanguage":"en-US","potentialAction":[{"@type":"ReadAction","target":["https:\/\/libwomenstore.com\/en\/product\/bdsm-accessories\/strap-on-me-curious-faux-leather-harness-for-dildos-couple-play-pegging\/"]}]},{"@type":"ImageObject","inLanguage":"en-US","@id":"https:\/\/libwomenstore.com\/en\/product\/bdsm-accessories\/strap-on-me-curious-faux-leather-harness-for-dildos-couple-play-pegging\/#primaryimage","url":"https:\/\/libwomenstore.com\/wp-content\/uploads\/2024\/04\/Strap-on-me_Curious_Harness_3.jpg","contentUrl":"https:\/\/libwomenstore.com\/wp-content\/uploads\/2024\/04\/Strap-on-me_Curious_Harness_3.jpg","width":2000,"height":2000,"caption":"Strap-on-me Curious h\u00e1m felcsatolhat\u00f3 dild\u00f3hoz"},{"@type":"BreadcrumbList","@id":"https:\/\/libwomenstore.com\/en\/product\/bdsm-accessories\/strap-on-me-curious-faux-leather-harness-for-dildos-couple-play-pegging\/#breadcrumb","itemListElement":[{"@type":"ListItem","position":1,"name":"Kezd\u0151lap","item":"https:\/\/libwomenstore.com\/en\/"},{"@type":"ListItem","position":2,"name":"Shop Home Page &#8211; Product categories","item":"https:\/\/libwomenstore.com\/shop-kezdolap-termek-kategoriak\/?lang=en"},{"@type":"ListItem","position":3,"name":"STRAP-ON-ME Curious Harness"}]},{"@type":"WebSite","@id":"https:\/\/libwomenstore.com\/en\/#website","url":"https:\/\/libwomenstore.com\/en\/","name":"Lib Women Store","description":"Magyarorsz\u00e1g els\u0151 n\u0151kre f\u00f3kusz\u00e1l\u00f3 szexshopja, ahol az eg\u00e9szs\u00e9g ugyanolyan fontos, mint az \u00e9lvezetek.","publisher":{"@id":"https:\/\/libwomenstore.com\/en\/#organization"},"alternateName":"Lib","potentialAction":[{"@type":"SearchAction","target":{"@type":"EntryPoint","urlTemplate":"https:\/\/libwomenstore.com\/en\/?s={search_term_string}"},"query-input":{"@type":"PropertyValueSpecification","valueRequired":true,"valueName":"search_term_string"}}],"inLanguage":"en-US"},{"@type":"Organization","@id":"https:\/\/libwomenstore.com\/en\/#organization","name":"Lib Women Store","url":"https:\/\/libwomenstore.com\/en\/","logo":{"@type":"ImageObject","inLanguage":"en-US","@id":"https:\/\/libwomenstore.com\/en\/#\/schema\/logo\/image\/","url":"https:\/\/libwomenstore.com\/wp-content\/uploads\/2024\/05\/cropped-LIB-logo-A.png","contentUrl":"https:\/\/libwomenstore.com\/wp-content\/uploads\/2024\/05\/cropped-LIB-logo-A.png","width":512,"height":512,"caption":"Lib Women Store"},"image":{"@id":"https:\/\/libwomenstore.com\/en\/#\/schema\/logo\/image\/"},"sameAs":["https:\/\/www.facebook.com\/libwomenstore"]}]},"product_price_amount":"25000","product_price_currency":"HUF","og_availability":"out of stock","product_availability":"out of stock","product_retailer_item_id":"LIB-SOM002","product_condition":"new"},"_links":{"self":[{"href":"https:\/\/libwomenstore.com\/en\/wp-json\/wp\/v2\/product\/29107","targetHints":{"allow":["GET"]}}],"collection":[{"href":"https:\/\/libwomenstore.com\/en\/wp-json\/wp\/v2\/product"}],"about":[{"href":"https:\/\/libwomenstore.com\/en\/wp-json\/wp\/v2\/types\/product"}],"replies":[{"embeddable":true,"href":"https:\/\/libwomenstore.com\/en\/wp-json\/wp\/v2\/comments?post=29107"}],"wp:featuredmedia":[{"embeddable":true,"href":"https:\/\/libwomenstore.com\/en\/wp-json\/wp\/v2\/media\/26809"}],"wp:attachment":[{"href":"https:\/\/libwomenstore.com\/en\/wp-json\/wp\/v2\/media?parent=29107"}],"wp:term":[{"taxonomy":"product_brand","embeddable":true,"href":"https:\/\/libwomenstore.com\/en\/wp-json\/wp\/v2\/product_brand?post=29107"},{"taxonomy":"product_cat","embeddable":true,"href":"https:\/\/libwomenstore.com\/en\/wp-json\/wp\/v2\/product_cat?post=29107"},{"taxonomy":"product_tag","embeddable":true,"href":"https:\/\/libwomenstore.com\/en\/wp-json\/wp\/v2\/product_tag?post=29107"}],"curies":[{"name":"wp","href":"https:\/\/api.w.org\/{rel}","templated":true}]}}