{"id":294,"date":"2024-04-16T12:03:13","date_gmt":"2024-04-16T10:03:13","guid":{"rendered":"https:\/\/uj.libwomenstore.com\/termek\/kacsur-adrienn-szexpert-legy-szakertoje-a-szexualitasodnak\/"},"modified":"2025-10-07T18:30:03","modified_gmt":"2025-10-07T16:30:03","slug":"kacsur-adrienn-szexpert-legy-szakertoje-a-szexualitasodnak-konyv-peldakkal","status":"publish","type":"product","link":"https:\/\/libwomenstore.com\/en\/product\/books\/kacsur-adrienn-szexpert-legy-szakertoje-a-szexualitasodnak-konyv-peldakkal\/","title":{"rendered":"KACSUR ADRIENN: Szexpert &#8211; L\u00e9gy szak\u00e9rt\u0151je a szexualit\u00e1sodnak!"},"content":{"rendered":"<p style=\"text-align: center;\"><span data-mce-fragment=\"1\">Kacsur Adrienn a Mindset Pszichol\u00f3gia tan\u00e1csad\u00f3k\u00f6zpontj\u00e1nak szexu\u00e1lpszichol\u00f3giai szakpszichol\u00f3gusa egy utaz\u00e1sra h\u00edv, \u00e9s v\u00e9gigvezet t\u00e9ged (\u00e9s p\u00e1rodat) a szexu\u00e1lpszichol\u00f3gia alapjain. Ez a k\u00f6nyv univerz\u00e1lisan mindenkinek sz\u00f3l: lehetsz fiatal, id\u0151s, szingli, elv\u00e1lt, p\u00e1rkapcsolatban \u00e9l\u0151, h\u00e1zas. Lehet, hogy sok tapasztalatod van a szex ter\u00e9n, \u00e9s lehet, hogy m\u00e9g egy\u00e1ltal\u00e1n nincs.<\/span><br data-mce-fragment=\"1\" \/><br data-mce-fragment=\"1\" \/><span data-mce-fragment=\"1\">A Mindset-sorozat els\u0151 k\u00f6nyv\u00e9ben az elm\u00e9leti tud\u00e1son t\u00fal t\u00f6bb egy\u00e9ni \u00e9s p\u00e1ros gyakorlatot tal\u00e1lsz annak \u00e9rdek\u00e9ben, hogy \u00faj szintre emelkedhessen a szexualit\u00e1sod. S\u0151t, m\u00e9g egy k\u00e9rd\u0151\u00edv is a seg\u00edts\u00e9gedre lesz ebben. Esetp\u00e9ld\u00e1k is t\u00e1mogatj\u00e1k az \u00f6nismereti munk\u00e1t, lehet, hogy ezeket olvasva te is r\u00e1j\u00f6ssz: nem vagy egyed\u00fcl a k\u00e9rd\u00e9seiddel, a f\u00e9lelmeiddel vagy \u00e9pp a v\u00e1gyaiddal.<\/span><\/p>\n<table class=\"product-parameters table aligncenter\">\n<tbody>\n<tr class=\"product-parameter-row featured-param-row featured-param-2 featured-param-id-isbn\">\n<td class=\"param-label featured-param-label featured-isbn\">ISBN<\/td>\n<td class=\"param-value featured-param-label featured-isbn\">9789636301132<\/td>\n<\/tr>\n<tr class=\"product-parameter-row featured-param-row featured-param-3 featured-param-id-megjelenes\">\n<td class=\"param-label featured-param-label featured-megjelenes\">Megjelen\u00e9s<\/td>\n<td class=\"param-value featured-param-label featured-megjelenes\">2023.10.11.<\/td>\n<\/tr>\n<tr class=\"product-parameter-row featured-param-row featured-param-4 featured-param-id-terjedelem2\">\n<td class=\"param-label featured-param-label featured-terjedelem2\">Terjedelem<\/td>\n<td class=\"param-value featured-param-label featured-terjedelem2\">274 oldal<\/td>\n<\/tr>\n<tr class=\"product-parameter-row featured-param-row featured-param-5 featured-param-id-kotes\">\n<td class=\"param-label featured-param-label featured-kotes\">K\u00f6t\u00e9s<\/td>\n<td class=\"param-value featured-param-label featured-kotes\">Kem\u00e9nyt\u00e1bl\u00e1s<\/td>\n<\/tr>\n<\/tbody>\n<\/table>\n","protected":false},"excerpt":{"rendered":"<p style=\"text-align: left;\">Vannak k\u00e9rd\u00e9seid a szexszel kapcsolatban? P\u00e9ld\u00e1ul, hogy hogyan \u00e9p\u00fcl fel az orgazmus? Mik lehetnek hat\u00e1ssal a szexu\u00e1lis v\u00e1gyra? Hogyan tarthat\u00f3 fenn a t\u0171z egy hossz\u00fa t\u00e1v\u00fa kapcsolatban? Sz\u00e1m\u00edt-e a m\u00e9ret? Ha szeretn\u00e9l ezekre a k\u00e9rd\u00e9sekre megb\u00edzhat\u00f3 v\u00e1laszt kapni, akkor ez a rendhagy\u00f3 k\u00e9zik\u00f6nyv neked sz\u00f3l!<\/p>\n","protected":false},"featured_media":32318,"comment_status":"open","ping_status":"closed","template":"","meta":{"_et_pb_use_builder":"","_et_pb_old_content":"","_et_gb_content_width":""},"product_brand":[],"product_cat":[160,184],"product_tag":[106,105],"class_list":{"0":"post-294","1":"product","2":"type-product","3":"status-publish","4":"has-post-thumbnail","6":"product_cat-konyv-edukacio-magyar-szerzo","7":"product_cat-konyv-ajandekkartya-lib-ajandekotlet-merch","8":"product_tag-onismeret","9":"product_tag-szex","11":"first","12":"instock","13":"taxable","14":"shipping-taxable","15":"purchasable","16":"product-type-simple"},"yoast_head":"<!-- This site is optimized with the Yoast SEO Premium plugin v27.4 (Yoast SEO v27.4) - https:\/\/yoast.com\/product\/yoast-seo-premium-wordpress\/ -->\n<title>KACSUR ADRIENN: Szexpert - L\u00e9gy szak\u00e9rt\u0151je a szexualit\u00e1sodnak! - Lib Women&#039;s Store<\/title>\n<meta name=\"description\" content=\"Kacsur Adrienn pszichol\u00f3gus els\u0151 k\u00f6nyve, mely remek seg\u00edts\u00e9g az \u00f6nismeret \u00fatj\u00e1n. Ebben a k\u00f6nyvben nem csak elm\u00e9leti de gyakorlati p\u00e9ld\u00e1kat is hoz az \u00edr\u00f3\" \/>\n<meta name=\"robots\" content=\"index, follow, max-snippet:-1, max-image-preview:large, max-video-preview:-1\" \/>\n<link rel=\"canonical\" href=\"https:\/\/libwomenstore.com\/en\/product\/books\/kacsur-adrienn-szexpert-legy-szakertoje-a-szexualitasodnak-konyv-peldakkal\/\" \/>\n<meta property=\"og:locale\" content=\"en_US\" \/>\n<meta property=\"og:type\" content=\"article\" \/>\n<meta property=\"og:title\" content=\"KACSUR ADRIENN: Szexpert - L\u00e9gy szak\u00e9rt\u0151je a szexualit\u00e1sodnak!\" \/>\n<meta property=\"og:description\" content=\"Kacsur Adrienn pszichol\u00f3gus els\u0151 k\u00f6nyve, mely remek seg\u00edts\u00e9g az \u00f6nismeret \u00fatj\u00e1n. Ebben a k\u00f6nyvben nem csak elm\u00e9leti de gyakorlati p\u00e9ld\u00e1kat is hoz az \u00edr\u00f3\" \/>\n<meta property=\"og:url\" content=\"https:\/\/libwomenstore.com\/en\/product\/books\/kacsur-adrienn-szexpert-legy-szakertoje-a-szexualitasodnak-konyv-peldakkal\/\" \/>\n<meta property=\"og:site_name\" content=\"Lib Women&#039;s Store\" \/>\n<meta property=\"article:publisher\" content=\"https:\/\/www.facebook.com\/libwomenstore\" \/>\n<meta property=\"article:modified_time\" content=\"2025-10-07T16:30:03+00:00\" \/>\n<meta property=\"og:image\" content=\"https:\/\/libwomenstore.com\/wp-content\/uploads\/2024\/04\/kacsur_adrienn_szexpert_konyv.jpg\" \/>\n\t<meta property=\"og:image:width\" content=\"600\" \/>\n\t<meta property=\"og:image:height\" content=\"600\" \/>\n\t<meta property=\"og:image:type\" content=\"image\/jpeg\" \/>\n<meta name=\"twitter:card\" content=\"summary_large_image\" \/>\n<meta name=\"twitter:label1\" content=\"Price\" \/>\n\t<meta name=\"twitter:data1\" content=\"6.990&#070;&#116;\" \/>\n\t<meta name=\"twitter:label2\" content=\"Availability\" \/>\n\t<meta name=\"twitter:data2\" content=\"In stock\" \/>\n<script type=\"application\/ld+json\" class=\"yoast-schema-graph\">{\"@context\":\"https:\\\/\\\/schema.org\",\"@graph\":[{\"@type\":[\"WebPage\",\"ItemPage\"],\"@id\":\"https:\\\/\\\/libwomenstore.com\\\/en\\\/product\\\/books\\\/kacsur-adrienn-szexpert-legy-szakertoje-a-szexualitasodnak-konyv-peldakkal\\\/\",\"url\":\"https:\\\/\\\/libwomenstore.com\\\/en\\\/product\\\/books\\\/kacsur-adrienn-szexpert-legy-szakertoje-a-szexualitasodnak-konyv-peldakkal\\\/\",\"name\":\"KACSUR ADRIENN: Szexpert - L\u00e9gy szak\u00e9rt\u0151je a szexualit\u00e1sodnak! - Lib Women&#039;s Store\",\"isPartOf\":{\"@id\":\"https:\\\/\\\/libwomenstore.com\\\/en\\\/#website\"},\"primaryImageOfPage\":{\"@id\":\"https:\\\/\\\/libwomenstore.com\\\/en\\\/product\\\/books\\\/kacsur-adrienn-szexpert-legy-szakertoje-a-szexualitasodnak-konyv-peldakkal\\\/#primaryimage\"},\"image\":{\"@id\":\"https:\\\/\\\/libwomenstore.com\\\/en\\\/product\\\/books\\\/kacsur-adrienn-szexpert-legy-szakertoje-a-szexualitasodnak-konyv-peldakkal\\\/#primaryimage\"},\"thumbnailUrl\":\"https:\\\/\\\/libwomenstore.com\\\/wp-content\\\/uploads\\\/2024\\\/04\\\/kacsur_adrienn_szexpert_konyv.jpg\",\"datePublished\":\"2024-04-16T10:03:13+00:00\",\"dateModified\":\"2025-10-07T16:30:03+00:00\",\"description\":\"Kacsur Adrienn pszichol\u00f3gus els\u0151 k\u00f6nyve, mely remek seg\u00edts\u00e9g az \u00f6nismeret \u00fatj\u00e1n. Ebben a k\u00f6nyvben nem csak elm\u00e9leti de gyakorlati p\u00e9ld\u00e1kat is hoz az \u00edr\u00f3\",\"breadcrumb\":{\"@id\":\"https:\\\/\\\/libwomenstore.com\\\/en\\\/product\\\/books\\\/kacsur-adrienn-szexpert-legy-szakertoje-a-szexualitasodnak-konyv-peldakkal\\\/#breadcrumb\"},\"inLanguage\":\"en-US\",\"potentialAction\":[{\"@type\":\"ReadAction\",\"target\":[\"https:\\\/\\\/libwomenstore.com\\\/en\\\/product\\\/books\\\/kacsur-adrienn-szexpert-legy-szakertoje-a-szexualitasodnak-konyv-peldakkal\\\/\"]}]},{\"@type\":\"ImageObject\",\"inLanguage\":\"en-US\",\"@id\":\"https:\\\/\\\/libwomenstore.com\\\/en\\\/product\\\/books\\\/kacsur-adrienn-szexpert-legy-szakertoje-a-szexualitasodnak-konyv-peldakkal\\\/#primaryimage\",\"url\":\"https:\\\/\\\/libwomenstore.com\\\/wp-content\\\/uploads\\\/2024\\\/04\\\/kacsur_adrienn_szexpert_konyv.jpg\",\"contentUrl\":\"https:\\\/\\\/libwomenstore.com\\\/wp-content\\\/uploads\\\/2024\\\/04\\\/kacsur_adrienn_szexpert_konyv.jpg\",\"width\":600,\"height\":600,\"caption\":\"Kacsur Adrienn szexu\u00e1lpszichol\u00f3gus Szexpert, l\u00e9gy szak\u00e9rt\u0151je a szexualit\u00e1sodnak c\u00edm\u0171 k\u00f6nyve\"},{\"@type\":\"BreadcrumbList\",\"@id\":\"https:\\\/\\\/libwomenstore.com\\\/en\\\/product\\\/books\\\/kacsur-adrienn-szexpert-legy-szakertoje-a-szexualitasodnak-konyv-peldakkal\\\/#breadcrumb\",\"itemListElement\":[{\"@type\":\"ListItem\",\"position\":1,\"name\":\"Kezd\u0151lap\",\"item\":\"https:\\\/\\\/libwomenstore.com\\\/en\\\/\"},{\"@type\":\"ListItem\",\"position\":2,\"name\":\"Shop Home Page &#8211; Product categories\",\"item\":\"https:\\\/\\\/libwomenstore.com\\\/shop-kezdolap-termek-kategoriak\\\/?lang=en\"},{\"@type\":\"ListItem\",\"position\":3,\"name\":\"KACSUR ADRIENN: Szexpert &#8211; L\u00e9gy szak\u00e9rt\u0151je a szexualit\u00e1sodnak!\"}]},{\"@type\":\"WebSite\",\"@id\":\"https:\\\/\\\/libwomenstore.com\\\/en\\\/#website\",\"url\":\"https:\\\/\\\/libwomenstore.com\\\/en\\\/\",\"name\":\"Lib Women Store\",\"description\":\"Magyarorsz\u00e1g els\u0151 n\u0151kre f\u00f3kusz\u00e1l\u00f3 szexshopja, ahol az eg\u00e9szs\u00e9g ugyanolyan fontos, mint az \u00e9lvezetek.\",\"publisher\":{\"@id\":\"https:\\\/\\\/libwomenstore.com\\\/en\\\/#organization\"},\"alternateName\":\"Lib\",\"potentialAction\":[{\"@type\":\"SearchAction\",\"target\":{\"@type\":\"EntryPoint\",\"urlTemplate\":\"https:\\\/\\\/libwomenstore.com\\\/en\\\/?s={search_term_string}\"},\"query-input\":{\"@type\":\"PropertyValueSpecification\",\"valueRequired\":true,\"valueName\":\"search_term_string\"}}],\"inLanguage\":\"en-US\"},{\"@type\":\"Organization\",\"@id\":\"https:\\\/\\\/libwomenstore.com\\\/en\\\/#organization\",\"name\":\"Lib Women Store\",\"url\":\"https:\\\/\\\/libwomenstore.com\\\/en\\\/\",\"logo\":{\"@type\":\"ImageObject\",\"inLanguage\":\"en-US\",\"@id\":\"https:\\\/\\\/libwomenstore.com\\\/en\\\/#\\\/schema\\\/logo\\\/image\\\/\",\"url\":\"https:\\\/\\\/libwomenstore.com\\\/wp-content\\\/uploads\\\/2024\\\/05\\\/cropped-LIB-logo-A.png\",\"contentUrl\":\"https:\\\/\\\/libwomenstore.com\\\/wp-content\\\/uploads\\\/2024\\\/05\\\/cropped-LIB-logo-A.png\",\"width\":512,\"height\":512,\"caption\":\"Lib Women Store\"},\"image\":{\"@id\":\"https:\\\/\\\/libwomenstore.com\\\/en\\\/#\\\/schema\\\/logo\\\/image\\\/\"},\"sameAs\":[\"https:\\\/\\\/www.facebook.com\\\/libwomenstore\"]}]}<\/script>\n<meta property=\"product:price:amount\" content=\"6990\" \/>\n<meta property=\"product:price:currency\" content=\"HUF\" \/>\n<meta property=\"og:availability\" content=\"instock\" \/>\n<meta property=\"product:availability\" content=\"instock\" \/>\n<meta property=\"product:retailer_item_id\" content=\"LIB-KA001\" \/>\n<meta property=\"product:condition\" content=\"new\" \/>\n<!-- \/ Yoast SEO Premium plugin. -->","yoast_head_json":{"title":"KACSUR ADRIENN: Szexpert - L\u00e9gy szak\u00e9rt\u0151je a szexualit\u00e1sodnak! - Lib Women&#039;s Store","description":"Kacsur Adrienn pszichol\u00f3gus els\u0151 k\u00f6nyve, mely remek seg\u00edts\u00e9g az \u00f6nismeret \u00fatj\u00e1n. Ebben a k\u00f6nyvben nem csak elm\u00e9leti de gyakorlati p\u00e9ld\u00e1kat is hoz az \u00edr\u00f3","robots":{"index":"index","follow":"follow","max-snippet":"max-snippet:-1","max-image-preview":"max-image-preview:large","max-video-preview":"max-video-preview:-1"},"canonical":"https:\/\/libwomenstore.com\/en\/product\/books\/kacsur-adrienn-szexpert-legy-szakertoje-a-szexualitasodnak-konyv-peldakkal\/","og_locale":"en_US","og_type":"article","og_title":"KACSUR ADRIENN: Szexpert - L\u00e9gy szak\u00e9rt\u0151je a szexualit\u00e1sodnak!","og_description":"Kacsur Adrienn pszichol\u00f3gus els\u0151 k\u00f6nyve, mely remek seg\u00edts\u00e9g az \u00f6nismeret \u00fatj\u00e1n. Ebben a k\u00f6nyvben nem csak elm\u00e9leti de gyakorlati p\u00e9ld\u00e1kat is hoz az \u00edr\u00f3","og_url":"https:\/\/libwomenstore.com\/en\/product\/books\/kacsur-adrienn-szexpert-legy-szakertoje-a-szexualitasodnak-konyv-peldakkal\/","og_site_name":"Lib Women&#039;s Store","article_publisher":"https:\/\/www.facebook.com\/libwomenstore","article_modified_time":"2025-10-07T16:30:03+00:00","og_image":[{"width":600,"height":600,"url":"https:\/\/libwomenstore.com\/wp-content\/uploads\/2024\/04\/kacsur_adrienn_szexpert_konyv.jpg","type":"image\/jpeg"}],"twitter_card":"summary_large_image","twitter_misc":{"Price":"6.990&#70;&#116;","Availability":"In stock"},"schema":{"@context":"https:\/\/schema.org","@graph":[{"@type":["WebPage","ItemPage"],"@id":"https:\/\/libwomenstore.com\/en\/product\/books\/kacsur-adrienn-szexpert-legy-szakertoje-a-szexualitasodnak-konyv-peldakkal\/","url":"https:\/\/libwomenstore.com\/en\/product\/books\/kacsur-adrienn-szexpert-legy-szakertoje-a-szexualitasodnak-konyv-peldakkal\/","name":"KACSUR ADRIENN: Szexpert - L\u00e9gy szak\u00e9rt\u0151je a szexualit\u00e1sodnak! - Lib Women&#039;s Store","isPartOf":{"@id":"https:\/\/libwomenstore.com\/en\/#website"},"primaryImageOfPage":{"@id":"https:\/\/libwomenstore.com\/en\/product\/books\/kacsur-adrienn-szexpert-legy-szakertoje-a-szexualitasodnak-konyv-peldakkal\/#primaryimage"},"image":{"@id":"https:\/\/libwomenstore.com\/en\/product\/books\/kacsur-adrienn-szexpert-legy-szakertoje-a-szexualitasodnak-konyv-peldakkal\/#primaryimage"},"thumbnailUrl":"https:\/\/libwomenstore.com\/wp-content\/uploads\/2024\/04\/kacsur_adrienn_szexpert_konyv.jpg","datePublished":"2024-04-16T10:03:13+00:00","dateModified":"2025-10-07T16:30:03+00:00","description":"Kacsur Adrienn pszichol\u00f3gus els\u0151 k\u00f6nyve, mely remek seg\u00edts\u00e9g az \u00f6nismeret \u00fatj\u00e1n. Ebben a k\u00f6nyvben nem csak elm\u00e9leti de gyakorlati p\u00e9ld\u00e1kat is hoz az \u00edr\u00f3","breadcrumb":{"@id":"https:\/\/libwomenstore.com\/en\/product\/books\/kacsur-adrienn-szexpert-legy-szakertoje-a-szexualitasodnak-konyv-peldakkal\/#breadcrumb"},"inLanguage":"en-US","potentialAction":[{"@type":"ReadAction","target":["https:\/\/libwomenstore.com\/en\/product\/books\/kacsur-adrienn-szexpert-legy-szakertoje-a-szexualitasodnak-konyv-peldakkal\/"]}]},{"@type":"ImageObject","inLanguage":"en-US","@id":"https:\/\/libwomenstore.com\/en\/product\/books\/kacsur-adrienn-szexpert-legy-szakertoje-a-szexualitasodnak-konyv-peldakkal\/#primaryimage","url":"https:\/\/libwomenstore.com\/wp-content\/uploads\/2024\/04\/kacsur_adrienn_szexpert_konyv.jpg","contentUrl":"https:\/\/libwomenstore.com\/wp-content\/uploads\/2024\/04\/kacsur_adrienn_szexpert_konyv.jpg","width":600,"height":600,"caption":"Kacsur Adrienn szexu\u00e1lpszichol\u00f3gus Szexpert, l\u00e9gy szak\u00e9rt\u0151je a szexualit\u00e1sodnak c\u00edm\u0171 k\u00f6nyve"},{"@type":"BreadcrumbList","@id":"https:\/\/libwomenstore.com\/en\/product\/books\/kacsur-adrienn-szexpert-legy-szakertoje-a-szexualitasodnak-konyv-peldakkal\/#breadcrumb","itemListElement":[{"@type":"ListItem","position":1,"name":"Kezd\u0151lap","item":"https:\/\/libwomenstore.com\/en\/"},{"@type":"ListItem","position":2,"name":"Shop Home Page &#8211; Product categories","item":"https:\/\/libwomenstore.com\/shop-kezdolap-termek-kategoriak\/?lang=en"},{"@type":"ListItem","position":3,"name":"KACSUR ADRIENN: Szexpert &#8211; L\u00e9gy szak\u00e9rt\u0151je a szexualit\u00e1sodnak!"}]},{"@type":"WebSite","@id":"https:\/\/libwomenstore.com\/en\/#website","url":"https:\/\/libwomenstore.com\/en\/","name":"Lib Women Store","description":"Magyarorsz\u00e1g els\u0151 n\u0151kre f\u00f3kusz\u00e1l\u00f3 szexshopja, ahol az eg\u00e9szs\u00e9g ugyanolyan fontos, mint az \u00e9lvezetek.","publisher":{"@id":"https:\/\/libwomenstore.com\/en\/#organization"},"alternateName":"Lib","potentialAction":[{"@type":"SearchAction","target":{"@type":"EntryPoint","urlTemplate":"https:\/\/libwomenstore.com\/en\/?s={search_term_string}"},"query-input":{"@type":"PropertyValueSpecification","valueRequired":true,"valueName":"search_term_string"}}],"inLanguage":"en-US"},{"@type":"Organization","@id":"https:\/\/libwomenstore.com\/en\/#organization","name":"Lib Women Store","url":"https:\/\/libwomenstore.com\/en\/","logo":{"@type":"ImageObject","inLanguage":"en-US","@id":"https:\/\/libwomenstore.com\/en\/#\/schema\/logo\/image\/","url":"https:\/\/libwomenstore.com\/wp-content\/uploads\/2024\/05\/cropped-LIB-logo-A.png","contentUrl":"https:\/\/libwomenstore.com\/wp-content\/uploads\/2024\/05\/cropped-LIB-logo-A.png","width":512,"height":512,"caption":"Lib Women Store"},"image":{"@id":"https:\/\/libwomenstore.com\/en\/#\/schema\/logo\/image\/"},"sameAs":["https:\/\/www.facebook.com\/libwomenstore"]}]},"product_price_amount":"6990","product_price_currency":"HUF","og_availability":"instock","product_availability":"instock","product_retailer_item_id":"LIB-KA001","product_condition":"new"},"_links":{"self":[{"href":"https:\/\/libwomenstore.com\/en\/wp-json\/wp\/v2\/product\/294","targetHints":{"allow":["GET"]}}],"collection":[{"href":"https:\/\/libwomenstore.com\/en\/wp-json\/wp\/v2\/product"}],"about":[{"href":"https:\/\/libwomenstore.com\/en\/wp-json\/wp\/v2\/types\/product"}],"replies":[{"embeddable":true,"href":"https:\/\/libwomenstore.com\/en\/wp-json\/wp\/v2\/comments?post=294"}],"wp:featuredmedia":[{"embeddable":true,"href":"https:\/\/libwomenstore.com\/en\/wp-json\/wp\/v2\/media\/32318"}],"wp:attachment":[{"href":"https:\/\/libwomenstore.com\/en\/wp-json\/wp\/v2\/media?parent=294"}],"wp:term":[{"taxonomy":"product_brand","embeddable":true,"href":"https:\/\/libwomenstore.com\/en\/wp-json\/wp\/v2\/product_brand?post=294"},{"taxonomy":"product_cat","embeddable":true,"href":"https:\/\/libwomenstore.com\/en\/wp-json\/wp\/v2\/product_cat?post=294"},{"taxonomy":"product_tag","embeddable":true,"href":"https:\/\/libwomenstore.com\/en\/wp-json\/wp\/v2\/product_tag?post=294"}],"curies":[{"name":"wp","href":"https:\/\/api.w.org\/{rel}","templated":true}]}}