{"id":29439,"date":"2024-11-21T18:08:15","date_gmt":"2024-11-21T17:08:15","guid":{"rendered":"https:\/\/uj.libwomenstore.com\/?post_type=product&#038;p=29439"},"modified":"2025-01-17T18:31:09","modified_gmt":"2025-01-17T17:31:09","slug":"obsessions-bonnie-beginner-friendly-bunny-vibrator","status":"publish","type":"product","link":"https:\/\/libwomenstore.com\/en\/product\/vibrators\/bunnies\/obsessions-bonnie-beginner-friendly-bunny-vibrator\/","title":{"rendered":"OBSESSIONS Bonnie"},"content":{"rendered":"<div style=\"text-align: center;\">\n<p>Made of premium silicone, Bonnie&#8217;s velvety soft texture feels heavenly on the skin. With its extra flexible design, it easily adapts to the contours of your body, providing a personalized and comfortable experience.<\/p>\n<p>But that&#8217;s not all &#8211; Bonnie is equipped with a powerful motor. Experience mind-blowing vibrations that will send shivers down your entire body.<\/p>\n<p>Indulge yourself with different pulsation patterns and intensity levels, allowing you to discover the perfect combination to suit your desires!<\/p>\n<p>A bunny vibrator that is just the right size for beginners and powerful enough for advanced users!<\/p>\n<p><strong>Tip<\/strong><\/p>\n<\/div>\n<div style=\"text-align: center;\"><\/div>\n<div style=\"text-align: center;\">\n<p>Try it with your partner, it&#8217;s not your typical couples game, but it gives you both an exciting new perspective!<\/p>\n<p><strong>Features<\/strong><\/p>\n<p>Body-safe silicone coating<\/p>\n<p>Silky silicone coating<\/p>\n<p>Flexible material<\/p>\n<p>Waterproof &#8211; can be used in the shower or bath<\/p>\n<p>Rechargeable battery<\/p>\n<p>Ergonomic design<\/p>\n<p>3 vibration intensities<\/p>\n<p>9 vibration patterns<\/p>\n<p>Size: 19.5 x 3.8 x 3.4 cm<\/p>\n<p><strong>Use &amp; Cleaning<\/strong><\/p>\n<\/div>\n<div style=\"text-align: center;\">\n<p>Allow the product to cool down after each use before storing. Clean the device with warm water and soap after each use. To avoid damage to the device, please ensure that no water gets into the charging port. Store the product in a clean, cool and dry place. Moisture can damage the batteries and motor. Avoid direct sunlight. To avoid chemical reactions, store the product alone. Do not store with other silicone-coated products.Before using a new product, allow the device to fully charge and make sure to clean it thoroughly before applying it to your body.<\/p>\n<p>Use only with WATER-BASED lubricants, oils and silicone-based lubricants will damage the material.<\/p>\n<\/div>\n","protected":false},"excerpt":{"rendered":"<p style=\"text-align: left;\">A powerful yet wallet-friendly bunny if you crave both inner and outer pampering!<\/p>\n","protected":false},"featured_media":31391,"comment_status":"closed","ping_status":"closed","template":"","meta":{"_et_pb_use_builder":"","_et_pb_old_content":"","_et_gb_content_width":""},"product_brand":[],"product_cat":[352,318],"product_tag":[],"class_list":{"0":"post-29439","1":"product","2":"type-product","3":"status-publish","4":"has-post-thumbnail","6":"product_cat-bunnies","7":"product_cat-vibrators","9":"first","10":"outofstock","11":"taxable","12":"shipping-taxable","13":"purchasable","14":"product-type-simple"},"yoast_head":"<!-- This site is optimized with the Yoast SEO Premium plugin v27.4 (Yoast SEO v27.4) - https:\/\/yoast.com\/product\/yoast-seo-premium-wordpress\/ -->\n<title>OBSESSIONS Bonnie - Lib Women&#039;s Store<\/title>\n<meta name=\"description\" content=\"A powerful yet wallet-friendly bunny if you crave both inner and outer pampering! A perfect choice even for a first vibrator.\" \/>\n<meta name=\"robots\" content=\"index, follow, max-snippet:-1, max-image-preview:large, max-video-preview:-1\" \/>\n<link rel=\"canonical\" href=\"https:\/\/libwomenstore.com\/en\/product\/vibrators\/bunnies\/obsessions-bonnie-beginner-friendly-bunny-vibrator\/\" \/>\n<meta property=\"og:locale\" content=\"en_US\" \/>\n<meta property=\"og:type\" content=\"article\" \/>\n<meta property=\"og:title\" content=\"OBSESSIONS Bonnie\" \/>\n<meta property=\"og:description\" content=\"A powerful yet wallet-friendly bunny if you crave both inner and outer pampering! A perfect choice even for a first vibrator.\" \/>\n<meta property=\"og:url\" content=\"https:\/\/libwomenstore.com\/en\/product\/vibrators\/bunnies\/obsessions-bonnie-beginner-friendly-bunny-vibrator\/\" \/>\n<meta property=\"og:site_name\" content=\"Lib Women&#039;s Store\" \/>\n<meta property=\"article:publisher\" content=\"https:\/\/www.facebook.com\/libwomenstore\" \/>\n<meta property=\"article:modified_time\" content=\"2025-01-17T17:31:09+00:00\" \/>\n<meta property=\"og:image\" content=\"https:\/\/libwomenstore.com\/wp-content\/uploads\/2024\/11\/4_44057889-8e32-4438-a565-aee27bf022ee.png\" \/>\n\t<meta property=\"og:image:width\" content=\"1080\" \/>\n\t<meta property=\"og:image:height\" content=\"1080\" \/>\n\t<meta property=\"og:image:type\" content=\"image\/png\" \/>\n<meta name=\"twitter:card\" content=\"summary_large_image\" \/>\n<meta name=\"twitter:label1\" content=\"Price\" \/>\n\t<meta name=\"twitter:data1\" content=\"22.500&#070;&#116;\" \/>\n\t<meta name=\"twitter:label2\" content=\"Availability\" \/>\n\t<meta name=\"twitter:data2\" content=\"Out of stock\" \/>\n<script type=\"application\/ld+json\" class=\"yoast-schema-graph\">{\"@context\":\"https:\\\/\\\/schema.org\",\"@graph\":[{\"@type\":[\"WebPage\",\"ItemPage\"],\"@id\":\"https:\\\/\\\/libwomenstore.com\\\/en\\\/product\\\/vibrators\\\/bunnies\\\/obsessions-bonnie-beginner-friendly-bunny-vibrator\\\/\",\"url\":\"https:\\\/\\\/libwomenstore.com\\\/en\\\/product\\\/vibrators\\\/bunnies\\\/obsessions-bonnie-beginner-friendly-bunny-vibrator\\\/\",\"name\":\"OBSESSIONS Bonnie - Lib Women&#039;s Store\",\"isPartOf\":{\"@id\":\"https:\\\/\\\/libwomenstore.com\\\/en\\\/#website\"},\"primaryImageOfPage\":{\"@id\":\"https:\\\/\\\/libwomenstore.com\\\/en\\\/product\\\/vibrators\\\/bunnies\\\/obsessions-bonnie-beginner-friendly-bunny-vibrator\\\/#primaryimage\"},\"image\":{\"@id\":\"https:\\\/\\\/libwomenstore.com\\\/en\\\/product\\\/vibrators\\\/bunnies\\\/obsessions-bonnie-beginner-friendly-bunny-vibrator\\\/#primaryimage\"},\"thumbnailUrl\":\"https:\\\/\\\/libwomenstore.com\\\/wp-content\\\/uploads\\\/2024\\\/11\\\/38950_1000x1000.jpg\",\"datePublished\":\"2024-11-21T17:08:15+00:00\",\"dateModified\":\"2025-01-17T17:31:09+00:00\",\"description\":\"A powerful yet wallet-friendly bunny if you crave both inner and outer pampering! A perfect choice even for a first vibrator.\",\"breadcrumb\":{\"@id\":\"https:\\\/\\\/libwomenstore.com\\\/en\\\/product\\\/vibrators\\\/bunnies\\\/obsessions-bonnie-beginner-friendly-bunny-vibrator\\\/#breadcrumb\"},\"inLanguage\":\"en-US\",\"potentialAction\":[{\"@type\":\"ReadAction\",\"target\":[\"https:\\\/\\\/libwomenstore.com\\\/en\\\/product\\\/vibrators\\\/bunnies\\\/obsessions-bonnie-beginner-friendly-bunny-vibrator\\\/\"]}]},{\"@type\":\"ImageObject\",\"inLanguage\":\"en-US\",\"@id\":\"https:\\\/\\\/libwomenstore.com\\\/en\\\/product\\\/vibrators\\\/bunnies\\\/obsessions-bonnie-beginner-friendly-bunny-vibrator\\\/#primaryimage\",\"url\":\"https:\\\/\\\/libwomenstore.com\\\/wp-content\\\/uploads\\\/2024\\\/11\\\/38950_1000x1000.jpg\",\"contentUrl\":\"https:\\\/\\\/libwomenstore.com\\\/wp-content\\\/uploads\\\/2024\\\/11\\\/38950_1000x1000.jpg\",\"width\":1000,\"height\":1000,\"caption\":\"Obsessions Bonnie flexibilis, v\u00edz\u00e1ll\u00f3 nyuszi vibr\u00e1tor\"},{\"@type\":\"BreadcrumbList\",\"@id\":\"https:\\\/\\\/libwomenstore.com\\\/en\\\/product\\\/vibrators\\\/bunnies\\\/obsessions-bonnie-beginner-friendly-bunny-vibrator\\\/#breadcrumb\",\"itemListElement\":[{\"@type\":\"ListItem\",\"position\":1,\"name\":\"Kezd\u0151lap\",\"item\":\"https:\\\/\\\/libwomenstore.com\\\/en\\\/\"},{\"@type\":\"ListItem\",\"position\":2,\"name\":\"Shop Home Page &#8211; Product categories\",\"item\":\"https:\\\/\\\/libwomenstore.com\\\/shop-kezdolap-termek-kategoriak\\\/?lang=en\"},{\"@type\":\"ListItem\",\"position\":3,\"name\":\"OBSESSIONS Bonnie\"}]},{\"@type\":\"WebSite\",\"@id\":\"https:\\\/\\\/libwomenstore.com\\\/en\\\/#website\",\"url\":\"https:\\\/\\\/libwomenstore.com\\\/en\\\/\",\"name\":\"Lib Women Store\",\"description\":\"Magyarorsz\u00e1g els\u0151 n\u0151kre f\u00f3kusz\u00e1l\u00f3 szexshopja, ahol az eg\u00e9szs\u00e9g ugyanolyan fontos, mint az \u00e9lvezetek.\",\"publisher\":{\"@id\":\"https:\\\/\\\/libwomenstore.com\\\/en\\\/#organization\"},\"alternateName\":\"Lib\",\"potentialAction\":[{\"@type\":\"SearchAction\",\"target\":{\"@type\":\"EntryPoint\",\"urlTemplate\":\"https:\\\/\\\/libwomenstore.com\\\/en\\\/?s={search_term_string}\"},\"query-input\":{\"@type\":\"PropertyValueSpecification\",\"valueRequired\":true,\"valueName\":\"search_term_string\"}}],\"inLanguage\":\"en-US\"},{\"@type\":\"Organization\",\"@id\":\"https:\\\/\\\/libwomenstore.com\\\/en\\\/#organization\",\"name\":\"Lib Women Store\",\"url\":\"https:\\\/\\\/libwomenstore.com\\\/en\\\/\",\"logo\":{\"@type\":\"ImageObject\",\"inLanguage\":\"en-US\",\"@id\":\"https:\\\/\\\/libwomenstore.com\\\/en\\\/#\\\/schema\\\/logo\\\/image\\\/\",\"url\":\"https:\\\/\\\/libwomenstore.com\\\/wp-content\\\/uploads\\\/2024\\\/05\\\/cropped-LIB-logo-A.png\",\"contentUrl\":\"https:\\\/\\\/libwomenstore.com\\\/wp-content\\\/uploads\\\/2024\\\/05\\\/cropped-LIB-logo-A.png\",\"width\":512,\"height\":512,\"caption\":\"Lib Women Store\"},\"image\":{\"@id\":\"https:\\\/\\\/libwomenstore.com\\\/en\\\/#\\\/schema\\\/logo\\\/image\\\/\"},\"sameAs\":[\"https:\\\/\\\/www.facebook.com\\\/libwomenstore\"]}]}<\/script>\n<meta property=\"product:price:amount\" content=\"22500\" \/>\n<meta property=\"product:price:currency\" content=\"HUF\" \/>\n<meta property=\"og:availability\" content=\"out of stock\" \/>\n<meta property=\"product:availability\" content=\"out of stock\" \/>\n<meta property=\"product:retailer_item_id\" content=\"LIB-OB001\" \/>\n<meta property=\"product:condition\" content=\"new\" \/>\n<!-- \/ Yoast SEO Premium plugin. -->","yoast_head_json":{"title":"OBSESSIONS Bonnie - Lib Women&#039;s Store","description":"A powerful yet wallet-friendly bunny if you crave both inner and outer pampering! A perfect choice even for a first vibrator.","robots":{"index":"index","follow":"follow","max-snippet":"max-snippet:-1","max-image-preview":"max-image-preview:large","max-video-preview":"max-video-preview:-1"},"canonical":"https:\/\/libwomenstore.com\/en\/product\/vibrators\/bunnies\/obsessions-bonnie-beginner-friendly-bunny-vibrator\/","og_locale":"en_US","og_type":"article","og_title":"OBSESSIONS Bonnie","og_description":"A powerful yet wallet-friendly bunny if you crave both inner and outer pampering! A perfect choice even for a first vibrator.","og_url":"https:\/\/libwomenstore.com\/en\/product\/vibrators\/bunnies\/obsessions-bonnie-beginner-friendly-bunny-vibrator\/","og_site_name":"Lib Women&#039;s Store","article_publisher":"https:\/\/www.facebook.com\/libwomenstore","article_modified_time":"2025-01-17T17:31:09+00:00","og_image":[{"width":1080,"height":1080,"url":"https:\/\/libwomenstore.com\/wp-content\/uploads\/2024\/11\/4_44057889-8e32-4438-a565-aee27bf022ee.png","type":"image\/png"}],"twitter_card":"summary_large_image","twitter_misc":{"Price":"22.500&#70;&#116;","Availability":"Out of stock"},"schema":{"@context":"https:\/\/schema.org","@graph":[{"@type":["WebPage","ItemPage"],"@id":"https:\/\/libwomenstore.com\/en\/product\/vibrators\/bunnies\/obsessions-bonnie-beginner-friendly-bunny-vibrator\/","url":"https:\/\/libwomenstore.com\/en\/product\/vibrators\/bunnies\/obsessions-bonnie-beginner-friendly-bunny-vibrator\/","name":"OBSESSIONS Bonnie - Lib Women&#039;s Store","isPartOf":{"@id":"https:\/\/libwomenstore.com\/en\/#website"},"primaryImageOfPage":{"@id":"https:\/\/libwomenstore.com\/en\/product\/vibrators\/bunnies\/obsessions-bonnie-beginner-friendly-bunny-vibrator\/#primaryimage"},"image":{"@id":"https:\/\/libwomenstore.com\/en\/product\/vibrators\/bunnies\/obsessions-bonnie-beginner-friendly-bunny-vibrator\/#primaryimage"},"thumbnailUrl":"https:\/\/libwomenstore.com\/wp-content\/uploads\/2024\/11\/38950_1000x1000.jpg","datePublished":"2024-11-21T17:08:15+00:00","dateModified":"2025-01-17T17:31:09+00:00","description":"A powerful yet wallet-friendly bunny if you crave both inner and outer pampering! A perfect choice even for a first vibrator.","breadcrumb":{"@id":"https:\/\/libwomenstore.com\/en\/product\/vibrators\/bunnies\/obsessions-bonnie-beginner-friendly-bunny-vibrator\/#breadcrumb"},"inLanguage":"en-US","potentialAction":[{"@type":"ReadAction","target":["https:\/\/libwomenstore.com\/en\/product\/vibrators\/bunnies\/obsessions-bonnie-beginner-friendly-bunny-vibrator\/"]}]},{"@type":"ImageObject","inLanguage":"en-US","@id":"https:\/\/libwomenstore.com\/en\/product\/vibrators\/bunnies\/obsessions-bonnie-beginner-friendly-bunny-vibrator\/#primaryimage","url":"https:\/\/libwomenstore.com\/wp-content\/uploads\/2024\/11\/38950_1000x1000.jpg","contentUrl":"https:\/\/libwomenstore.com\/wp-content\/uploads\/2024\/11\/38950_1000x1000.jpg","width":1000,"height":1000,"caption":"Obsessions Bonnie flexibilis, v\u00edz\u00e1ll\u00f3 nyuszi vibr\u00e1tor"},{"@type":"BreadcrumbList","@id":"https:\/\/libwomenstore.com\/en\/product\/vibrators\/bunnies\/obsessions-bonnie-beginner-friendly-bunny-vibrator\/#breadcrumb","itemListElement":[{"@type":"ListItem","position":1,"name":"Kezd\u0151lap","item":"https:\/\/libwomenstore.com\/en\/"},{"@type":"ListItem","position":2,"name":"Shop Home Page &#8211; Product categories","item":"https:\/\/libwomenstore.com\/shop-kezdolap-termek-kategoriak\/?lang=en"},{"@type":"ListItem","position":3,"name":"OBSESSIONS Bonnie"}]},{"@type":"WebSite","@id":"https:\/\/libwomenstore.com\/en\/#website","url":"https:\/\/libwomenstore.com\/en\/","name":"Lib Women Store","description":"Magyarorsz\u00e1g els\u0151 n\u0151kre f\u00f3kusz\u00e1l\u00f3 szexshopja, ahol az eg\u00e9szs\u00e9g ugyanolyan fontos, mint az \u00e9lvezetek.","publisher":{"@id":"https:\/\/libwomenstore.com\/en\/#organization"},"alternateName":"Lib","potentialAction":[{"@type":"SearchAction","target":{"@type":"EntryPoint","urlTemplate":"https:\/\/libwomenstore.com\/en\/?s={search_term_string}"},"query-input":{"@type":"PropertyValueSpecification","valueRequired":true,"valueName":"search_term_string"}}],"inLanguage":"en-US"},{"@type":"Organization","@id":"https:\/\/libwomenstore.com\/en\/#organization","name":"Lib Women Store","url":"https:\/\/libwomenstore.com\/en\/","logo":{"@type":"ImageObject","inLanguage":"en-US","@id":"https:\/\/libwomenstore.com\/en\/#\/schema\/logo\/image\/","url":"https:\/\/libwomenstore.com\/wp-content\/uploads\/2024\/05\/cropped-LIB-logo-A.png","contentUrl":"https:\/\/libwomenstore.com\/wp-content\/uploads\/2024\/05\/cropped-LIB-logo-A.png","width":512,"height":512,"caption":"Lib Women Store"},"image":{"@id":"https:\/\/libwomenstore.com\/en\/#\/schema\/logo\/image\/"},"sameAs":["https:\/\/www.facebook.com\/libwomenstore"]}]},"product_price_amount":"22500","product_price_currency":"HUF","og_availability":"out of stock","product_availability":"out of stock","product_retailer_item_id":"LIB-OB001","product_condition":"new"},"_links":{"self":[{"href":"https:\/\/libwomenstore.com\/en\/wp-json\/wp\/v2\/product\/29439","targetHints":{"allow":["GET"]}}],"collection":[{"href":"https:\/\/libwomenstore.com\/en\/wp-json\/wp\/v2\/product"}],"about":[{"href":"https:\/\/libwomenstore.com\/en\/wp-json\/wp\/v2\/types\/product"}],"replies":[{"embeddable":true,"href":"https:\/\/libwomenstore.com\/en\/wp-json\/wp\/v2\/comments?post=29439"}],"wp:featuredmedia":[{"embeddable":true,"href":"https:\/\/libwomenstore.com\/en\/wp-json\/wp\/v2\/media\/31391"}],"wp:attachment":[{"href":"https:\/\/libwomenstore.com\/en\/wp-json\/wp\/v2\/media?parent=29439"}],"wp:term":[{"taxonomy":"product_brand","embeddable":true,"href":"https:\/\/libwomenstore.com\/en\/wp-json\/wp\/v2\/product_brand?post=29439"},{"taxonomy":"product_cat","embeddable":true,"href":"https:\/\/libwomenstore.com\/en\/wp-json\/wp\/v2\/product_cat?post=29439"},{"taxonomy":"product_tag","embeddable":true,"href":"https:\/\/libwomenstore.com\/en\/wp-json\/wp\/v2\/product_tag?post=29439"}],"curies":[{"name":"wp","href":"https:\/\/api.w.org\/{rel}","templated":true}]}}