{"id":29455,"date":"2024-11-21T18:25:11","date_gmt":"2024-11-21T17:25:11","guid":{"rendered":"https:\/\/uj.libwomenstore.com\/?post_type=product&#038;p=29455"},"modified":"2025-01-10T12:52:29","modified_gmt":"2025-01-10T11:52:29","slug":"svakom-ava-neo-thrusting-g-spot-vibrator","status":"publish","type":"product","link":"https:\/\/libwomenstore.com\/en\/product\/g-spot\/svakom-ava-neo-thrusting-g-spot-vibrator\/","title":{"rendered":"SVAKOM Ava Neo"},"content":{"rendered":"<div style=\"text-align: center;\">\n<p>Made of premium liquid silicone, the Ava Neo has a padded head for comfort and a thin, gently ribbed shaft that doesn\u2019t pinch, so you can give in to the thrusting force. The curved design and thrusts all help stimulate the G-spot, creating a truly earth-shattering orgasm!<\/p>\n<p>Explore 5 modes and 5 thrusts, vibrations or combinations to suit your mood, as independent motors control the different sensations.<\/p>\n<p>Plus, get creative with the SVAKOM App, where you can explore additional presets and customization options. You can also use the Ava Neo with the Feel Connect 3 app to sync your play with interactive adult video content.<\/p>\n<p>In the SVAKOM App, you can control the vibration to music, finger drawing or environmental sounds!<\/p>\n<p><strong>Tip<\/strong><\/p>\n<p>Try giving up control, a new world will open up for you!<\/p>\n<\/div>\n<div style=\"text-align: center;\">\n<p><strong>Features<\/strong><\/p>\n<p>Body-safe silicone cover<\/p>\n<p>Extra soft head<\/p>\n<p>Waterproof &#8211; use in the bath or shower<\/p>\n<p>Insertion size:<\/p>\n<p>Length: 11.2cm<\/p>\n<p>Diameter: 3.2cm, Thrust: 8mm<\/p>\n<p>5 Thrust modes, 5 Vibration modes, 5 Combination modes<\/p>\n<p>SVAKOM APP compatible<\/p>\n<p>Charging time: 2 hours<\/p>\n<p>Playtime: 1 hour<\/p>\n<p><strong>Use &amp; Cleaning<\/strong><\/p>\n<p>After each use, allow the product to cool down before storing. After each use, clean the device with warm water and soap. To avoid damage to the device, please make sure that no water gets into the battery compartment. Store the product in a clean, cool and dry place. Moisture can damage the batteries and motor. Avoid direct sunlight. To avoid chemical reactions, store the product alone. Do not store with other silicone-coated products.<\/p>\n<p>Before using a new SVAKOM product, allow the device to fully charge and make sure to clean it thoroughly before using it on your body.<\/p>\n<p>Use only with WATER-BASED lubricant, oils and silicone-based lubricants will damage the material.<\/p>\n<\/div>\n","protected":false},"excerpt":{"rendered":"<p style=\"text-align: left;\">Ava Neo is a new thrusting vibrator that puts you in the center! You can customize the thrusts mixed with vibration with the buttons or with the Svakom app if you want to play with a partner!<\/p>\n","protected":false},"featured_media":31950,"comment_status":"closed","ping_status":"closed","template":"","meta":{"_et_pb_use_builder":"","_et_pb_old_content":"","_et_gb_content_width":""},"product_brand":[],"product_cat":[342,318],"product_tag":[],"class_list":{"0":"post-29455","1":"product","2":"type-product","3":"status-publish","4":"has-post-thumbnail","6":"product_cat-g-spot","7":"product_cat-vibrators","9":"first","10":"instock","11":"taxable","12":"shipping-taxable","13":"purchasable","14":"product-type-simple"},"yoast_head":"<!-- This site is optimized with the Yoast SEO Premium plugin v27.4 (Yoast SEO v27.4) - https:\/\/yoast.com\/product\/yoast-seo-premium-wordpress\/ -->\n<title>SVAKOM Ava Neo - Lib Women&#039;s Store<\/title>\n<meta name=\"description\" content=\"The Svakom Ava Neo is a premium quality thrusting vibrator. Its design ensures sting-free, comfortable yet powerful g-spot pleasure.\" \/>\n<meta name=\"robots\" content=\"index, follow, max-snippet:-1, max-image-preview:large, max-video-preview:-1\" \/>\n<link rel=\"canonical\" href=\"https:\/\/libwomenstore.com\/en\/product\/g-spot\/svakom-ava-neo-thrusting-g-spot-vibrator\/\" \/>\n<meta property=\"og:locale\" content=\"en_US\" \/>\n<meta property=\"og:type\" content=\"article\" \/>\n<meta property=\"og:title\" content=\"SVAKOM Ava Neo\" \/>\n<meta property=\"og:description\" content=\"The Svakom Ava Neo is a premium quality thrusting vibrator. Its design ensures sting-free, comfortable yet powerful g-spot pleasure.\" \/>\n<meta property=\"og:url\" content=\"https:\/\/libwomenstore.com\/en\/product\/g-spot\/svakom-ava-neo-thrusting-g-spot-vibrator\/\" \/>\n<meta property=\"og:site_name\" content=\"Lib Women&#039;s Store\" \/>\n<meta property=\"article:publisher\" content=\"https:\/\/www.facebook.com\/libwomenstore\" \/>\n<meta property=\"article:modified_time\" content=\"2025-01-10T11:52:29+00:00\" \/>\n<meta property=\"og:image\" content=\"https:\/\/libwomenstore.com\/wp-content\/uploads\/2024\/11\/2_3cce4613-d47e-4de0-a954-bd9fa6743361.png\" \/>\n\t<meta property=\"og:image:width\" content=\"1080\" \/>\n\t<meta property=\"og:image:height\" content=\"1080\" \/>\n\t<meta property=\"og:image:type\" content=\"image\/png\" \/>\n<meta name=\"twitter:card\" content=\"summary_large_image\" \/>\n<meta name=\"twitter:label1\" content=\"Price\" \/>\n\t<meta name=\"twitter:data1\" content=\"32.000&#070;&#116;\" \/>\n\t<meta name=\"twitter:label2\" content=\"Availability\" \/>\n\t<meta name=\"twitter:data2\" content=\"In stock\" \/>\n<script type=\"application\/ld+json\" class=\"yoast-schema-graph\">{\"@context\":\"https:\\\/\\\/schema.org\",\"@graph\":[{\"@type\":[\"WebPage\",\"ItemPage\"],\"@id\":\"https:\\\/\\\/libwomenstore.com\\\/en\\\/product\\\/g-spot\\\/svakom-ava-neo-thrusting-g-spot-vibrator\\\/\",\"url\":\"https:\\\/\\\/libwomenstore.com\\\/en\\\/product\\\/g-spot\\\/svakom-ava-neo-thrusting-g-spot-vibrator\\\/\",\"name\":\"SVAKOM Ava Neo - Lib Women&#039;s Store\",\"isPartOf\":{\"@id\":\"https:\\\/\\\/libwomenstore.com\\\/en\\\/#website\"},\"primaryImageOfPage\":{\"@id\":\"https:\\\/\\\/libwomenstore.com\\\/en\\\/product\\\/g-spot\\\/svakom-ava-neo-thrusting-g-spot-vibrator\\\/#primaryimage\"},\"image\":{\"@id\":\"https:\\\/\\\/libwomenstore.com\\\/en\\\/product\\\/g-spot\\\/svakom-ava-neo-thrusting-g-spot-vibrator\\\/#primaryimage\"},\"thumbnailUrl\":\"https:\\\/\\\/libwomenstore.com\\\/wp-content\\\/uploads\\\/2024\\\/11\\\/svakom_ava_neo_vizallo_vibraotr.jpg\",\"datePublished\":\"2024-11-21T17:25:11+00:00\",\"dateModified\":\"2025-01-10T11:52:29+00:00\",\"description\":\"The Svakom Ava Neo is a premium quality thrusting vibrator. Its design ensures sting-free, comfortable yet powerful g-spot pleasure.\",\"breadcrumb\":{\"@id\":\"https:\\\/\\\/libwomenstore.com\\\/en\\\/product\\\/g-spot\\\/svakom-ava-neo-thrusting-g-spot-vibrator\\\/#breadcrumb\"},\"inLanguage\":\"en-US\",\"potentialAction\":[{\"@type\":\"ReadAction\",\"target\":[\"https:\\\/\\\/libwomenstore.com\\\/en\\\/product\\\/g-spot\\\/svakom-ava-neo-thrusting-g-spot-vibrator\\\/\"]}]},{\"@type\":\"ImageObject\",\"inLanguage\":\"en-US\",\"@id\":\"https:\\\/\\\/libwomenstore.com\\\/en\\\/product\\\/g-spot\\\/svakom-ava-neo-thrusting-g-spot-vibrator\\\/#primaryimage\",\"url\":\"https:\\\/\\\/libwomenstore.com\\\/wp-content\\\/uploads\\\/2024\\\/11\\\/svakom_ava_neo_vizallo_vibraotr.jpg\",\"contentUrl\":\"https:\\\/\\\/libwomenstore.com\\\/wp-content\\\/uploads\\\/2024\\\/11\\\/svakom_ava_neo_vizallo_vibraotr.jpg\",\"width\":600,\"height\":600,\"caption\":\"Svakom Ava Neo G-pont vibr\u00e1tor tol\u00f3 funkci\u00f3val\"},{\"@type\":\"BreadcrumbList\",\"@id\":\"https:\\\/\\\/libwomenstore.com\\\/en\\\/product\\\/g-spot\\\/svakom-ava-neo-thrusting-g-spot-vibrator\\\/#breadcrumb\",\"itemListElement\":[{\"@type\":\"ListItem\",\"position\":1,\"name\":\"Kezd\u0151lap\",\"item\":\"https:\\\/\\\/libwomenstore.com\\\/en\\\/\"},{\"@type\":\"ListItem\",\"position\":2,\"name\":\"Shop Home Page &#8211; Product categories\",\"item\":\"https:\\\/\\\/libwomenstore.com\\\/shop-kezdolap-termek-kategoriak\\\/?lang=en\"},{\"@type\":\"ListItem\",\"position\":3,\"name\":\"SVAKOM Ava Neo\"}]},{\"@type\":\"WebSite\",\"@id\":\"https:\\\/\\\/libwomenstore.com\\\/en\\\/#website\",\"url\":\"https:\\\/\\\/libwomenstore.com\\\/en\\\/\",\"name\":\"Lib Women Store\",\"description\":\"Magyarorsz\u00e1g els\u0151 n\u0151kre f\u00f3kusz\u00e1l\u00f3 szexshopja, ahol az eg\u00e9szs\u00e9g ugyanolyan fontos, mint az \u00e9lvezetek.\",\"publisher\":{\"@id\":\"https:\\\/\\\/libwomenstore.com\\\/en\\\/#organization\"},\"alternateName\":\"Lib\",\"potentialAction\":[{\"@type\":\"SearchAction\",\"target\":{\"@type\":\"EntryPoint\",\"urlTemplate\":\"https:\\\/\\\/libwomenstore.com\\\/en\\\/?s={search_term_string}\"},\"query-input\":{\"@type\":\"PropertyValueSpecification\",\"valueRequired\":true,\"valueName\":\"search_term_string\"}}],\"inLanguage\":\"en-US\"},{\"@type\":\"Organization\",\"@id\":\"https:\\\/\\\/libwomenstore.com\\\/en\\\/#organization\",\"name\":\"Lib Women Store\",\"url\":\"https:\\\/\\\/libwomenstore.com\\\/en\\\/\",\"logo\":{\"@type\":\"ImageObject\",\"inLanguage\":\"en-US\",\"@id\":\"https:\\\/\\\/libwomenstore.com\\\/en\\\/#\\\/schema\\\/logo\\\/image\\\/\",\"url\":\"https:\\\/\\\/libwomenstore.com\\\/wp-content\\\/uploads\\\/2024\\\/05\\\/cropped-LIB-logo-A.png\",\"contentUrl\":\"https:\\\/\\\/libwomenstore.com\\\/wp-content\\\/uploads\\\/2024\\\/05\\\/cropped-LIB-logo-A.png\",\"width\":512,\"height\":512,\"caption\":\"Lib Women Store\"},\"image\":{\"@id\":\"https:\\\/\\\/libwomenstore.com\\\/en\\\/#\\\/schema\\\/logo\\\/image\\\/\"},\"sameAs\":[\"https:\\\/\\\/www.facebook.com\\\/libwomenstore\"]}]}<\/script>\n<meta property=\"product:price:amount\" content=\"32000\" \/>\n<meta property=\"product:price:currency\" content=\"HUF\" \/>\n<meta property=\"og:availability\" content=\"instock\" \/>\n<meta property=\"product:availability\" content=\"instock\" \/>\n<meta property=\"product:retailer_item_id\" content=\"LIB-SV007\" \/>\n<meta property=\"product:condition\" content=\"new\" \/>\n<!-- \/ Yoast SEO Premium plugin. -->","yoast_head_json":{"title":"SVAKOM Ava Neo - Lib Women&#039;s Store","description":"The Svakom Ava Neo is a premium quality thrusting vibrator. Its design ensures sting-free, comfortable yet powerful g-spot pleasure.","robots":{"index":"index","follow":"follow","max-snippet":"max-snippet:-1","max-image-preview":"max-image-preview:large","max-video-preview":"max-video-preview:-1"},"canonical":"https:\/\/libwomenstore.com\/en\/product\/g-spot\/svakom-ava-neo-thrusting-g-spot-vibrator\/","og_locale":"en_US","og_type":"article","og_title":"SVAKOM Ava Neo","og_description":"The Svakom Ava Neo is a premium quality thrusting vibrator. Its design ensures sting-free, comfortable yet powerful g-spot pleasure.","og_url":"https:\/\/libwomenstore.com\/en\/product\/g-spot\/svakom-ava-neo-thrusting-g-spot-vibrator\/","og_site_name":"Lib Women&#039;s Store","article_publisher":"https:\/\/www.facebook.com\/libwomenstore","article_modified_time":"2025-01-10T11:52:29+00:00","og_image":[{"width":1080,"height":1080,"url":"https:\/\/libwomenstore.com\/wp-content\/uploads\/2024\/11\/2_3cce4613-d47e-4de0-a954-bd9fa6743361.png","type":"image\/png"}],"twitter_card":"summary_large_image","twitter_misc":{"Price":"32.000&#70;&#116;","Availability":"In stock"},"schema":{"@context":"https:\/\/schema.org","@graph":[{"@type":["WebPage","ItemPage"],"@id":"https:\/\/libwomenstore.com\/en\/product\/g-spot\/svakom-ava-neo-thrusting-g-spot-vibrator\/","url":"https:\/\/libwomenstore.com\/en\/product\/g-spot\/svakom-ava-neo-thrusting-g-spot-vibrator\/","name":"SVAKOM Ava Neo - Lib Women&#039;s Store","isPartOf":{"@id":"https:\/\/libwomenstore.com\/en\/#website"},"primaryImageOfPage":{"@id":"https:\/\/libwomenstore.com\/en\/product\/g-spot\/svakom-ava-neo-thrusting-g-spot-vibrator\/#primaryimage"},"image":{"@id":"https:\/\/libwomenstore.com\/en\/product\/g-spot\/svakom-ava-neo-thrusting-g-spot-vibrator\/#primaryimage"},"thumbnailUrl":"https:\/\/libwomenstore.com\/wp-content\/uploads\/2024\/11\/svakom_ava_neo_vizallo_vibraotr.jpg","datePublished":"2024-11-21T17:25:11+00:00","dateModified":"2025-01-10T11:52:29+00:00","description":"The Svakom Ava Neo is a premium quality thrusting vibrator. Its design ensures sting-free, comfortable yet powerful g-spot pleasure.","breadcrumb":{"@id":"https:\/\/libwomenstore.com\/en\/product\/g-spot\/svakom-ava-neo-thrusting-g-spot-vibrator\/#breadcrumb"},"inLanguage":"en-US","potentialAction":[{"@type":"ReadAction","target":["https:\/\/libwomenstore.com\/en\/product\/g-spot\/svakom-ava-neo-thrusting-g-spot-vibrator\/"]}]},{"@type":"ImageObject","inLanguage":"en-US","@id":"https:\/\/libwomenstore.com\/en\/product\/g-spot\/svakom-ava-neo-thrusting-g-spot-vibrator\/#primaryimage","url":"https:\/\/libwomenstore.com\/wp-content\/uploads\/2024\/11\/svakom_ava_neo_vizallo_vibraotr.jpg","contentUrl":"https:\/\/libwomenstore.com\/wp-content\/uploads\/2024\/11\/svakom_ava_neo_vizallo_vibraotr.jpg","width":600,"height":600,"caption":"Svakom Ava Neo G-pont vibr\u00e1tor tol\u00f3 funkci\u00f3val"},{"@type":"BreadcrumbList","@id":"https:\/\/libwomenstore.com\/en\/product\/g-spot\/svakom-ava-neo-thrusting-g-spot-vibrator\/#breadcrumb","itemListElement":[{"@type":"ListItem","position":1,"name":"Kezd\u0151lap","item":"https:\/\/libwomenstore.com\/en\/"},{"@type":"ListItem","position":2,"name":"Shop Home Page &#8211; Product categories","item":"https:\/\/libwomenstore.com\/shop-kezdolap-termek-kategoriak\/?lang=en"},{"@type":"ListItem","position":3,"name":"SVAKOM Ava Neo"}]},{"@type":"WebSite","@id":"https:\/\/libwomenstore.com\/en\/#website","url":"https:\/\/libwomenstore.com\/en\/","name":"Lib Women Store","description":"Magyarorsz\u00e1g els\u0151 n\u0151kre f\u00f3kusz\u00e1l\u00f3 szexshopja, ahol az eg\u00e9szs\u00e9g ugyanolyan fontos, mint az \u00e9lvezetek.","publisher":{"@id":"https:\/\/libwomenstore.com\/en\/#organization"},"alternateName":"Lib","potentialAction":[{"@type":"SearchAction","target":{"@type":"EntryPoint","urlTemplate":"https:\/\/libwomenstore.com\/en\/?s={search_term_string}"},"query-input":{"@type":"PropertyValueSpecification","valueRequired":true,"valueName":"search_term_string"}}],"inLanguage":"en-US"},{"@type":"Organization","@id":"https:\/\/libwomenstore.com\/en\/#organization","name":"Lib Women Store","url":"https:\/\/libwomenstore.com\/en\/","logo":{"@type":"ImageObject","inLanguage":"en-US","@id":"https:\/\/libwomenstore.com\/en\/#\/schema\/logo\/image\/","url":"https:\/\/libwomenstore.com\/wp-content\/uploads\/2024\/05\/cropped-LIB-logo-A.png","contentUrl":"https:\/\/libwomenstore.com\/wp-content\/uploads\/2024\/05\/cropped-LIB-logo-A.png","width":512,"height":512,"caption":"Lib Women Store"},"image":{"@id":"https:\/\/libwomenstore.com\/en\/#\/schema\/logo\/image\/"},"sameAs":["https:\/\/www.facebook.com\/libwomenstore"]}]},"product_price_amount":"32000","product_price_currency":"HUF","og_availability":"instock","product_availability":"instock","product_retailer_item_id":"LIB-SV007","product_condition":"new"},"_links":{"self":[{"href":"https:\/\/libwomenstore.com\/en\/wp-json\/wp\/v2\/product\/29455","targetHints":{"allow":["GET"]}}],"collection":[{"href":"https:\/\/libwomenstore.com\/en\/wp-json\/wp\/v2\/product"}],"about":[{"href":"https:\/\/libwomenstore.com\/en\/wp-json\/wp\/v2\/types\/product"}],"replies":[{"embeddable":true,"href":"https:\/\/libwomenstore.com\/en\/wp-json\/wp\/v2\/comments?post=29455"}],"wp:featuredmedia":[{"embeddable":true,"href":"https:\/\/libwomenstore.com\/en\/wp-json\/wp\/v2\/media\/31950"}],"wp:attachment":[{"href":"https:\/\/libwomenstore.com\/en\/wp-json\/wp\/v2\/media?parent=29455"}],"wp:term":[{"taxonomy":"product_brand","embeddable":true,"href":"https:\/\/libwomenstore.com\/en\/wp-json\/wp\/v2\/product_brand?post=29455"},{"taxonomy":"product_cat","embeddable":true,"href":"https:\/\/libwomenstore.com\/en\/wp-json\/wp\/v2\/product_cat?post=29455"},{"taxonomy":"product_tag","embeddable":true,"href":"https:\/\/libwomenstore.com\/en\/wp-json\/wp\/v2\/product_tag?post=29455"}],"curies":[{"name":"wp","href":"https:\/\/api.w.org\/{rel}","templated":true}]}}