{"id":29478,"date":"2024-11-21T18:46:45","date_gmt":"2024-11-21T17:46:45","guid":{"rendered":"https:\/\/uj.libwomenstore.com\/?post_type=product&#038;p=29478"},"modified":"2025-01-17T18:37:34","modified_gmt":"2025-01-17T17:37:34","slug":"svakom-tulip-small-bullet-vibrator-waterproof","status":"publish","type":"product","link":"https:\/\/libwomenstore.com\/en\/product\/vibrators\/svakom-tulip-small-bullet-vibrator-waterproof\/","title":{"rendered":"SVAKOM Tulip"},"content":{"rendered":"<div style=\"text-align: center;\">The Tulip is made of extremely soft and silky silicone, and the ribbed curved design ensures a comfortable fit during gaming. Thanks to the ergonomic design, you can hold it comfortably while gaming and control it easily with the one-button solution.<\/div>\n<div style=\"text-align: center;\"><\/div>\n<div style=\"text-align: center;\">\n<p>Compact yet powerful, fits in the palm of your hand, yet intense enough to give you a thrilling sensation. Small in size, it&#8217;s easy to take with you anywhere. Just throw it in your bag and let the fun begin!<\/p>\n<p>It has 10 different vibration modes so you can easily find the right one for the occasion. A journey to discover your deepest desires. Tulip can be used on erogenous zones such as the clitoris, testicles, nipples, but only use it externally!<\/p>\n<p><strong>Tip<\/strong><\/p>\n<p>Take it with you on a trip if you want an unforgettable experience<\/p>\n<\/div>\n<div style=\"text-align: center;\"><\/div>\n<div style=\"text-align: center;\">\n<p><strong>Features<\/strong><\/p>\n<p>10 vibration modes<\/p>\n<p>Body-safe silicone cover<\/p>\n<p>100% waterproof<\/p>\n<p>Size:<\/p>\n<p>Length: 10.6cm, diameter: 2.6cm<\/p>\n<p>Charging time: 1 hour<\/p>\n<p>Playtime: 1 hour<\/p>\n<p><strong>Use &amp; Cleaning<\/strong><\/p>\n<p>After each use, allow the product to cool before storing. Clean the device with warm water and soap after each use. To avoid damage to the device, please make sure that no water gets into the battery compartment. Store the product in a clean, cool and dry place. Moisture can damage the batteries and motor. Avoid direct sunlight. To avoid chemical reactions, store the product alone. Do not store with other silicone-coated products.<\/p>\n<p>Before using a new SVAKOM product, allow the device to fully charge and make sure to clean it thoroughly before applying it to your body.<\/p>\n<p>Use only with WATER-BASED lubricant, oils and silicone-based lubricants will damage the material.<\/p>\n<p><strong>FOR EXTERNAL USE ONLY!<\/strong><\/p>\n<\/div>\n<p style=\"text-align: center;\">\n","protected":false},"excerpt":{"rendered":"<p style=\"text-align: left;\">Size is not the point! Its powerful motor and silky silicone cover will quickly captivate you, and its small size helps you take it with you everywhere!<\/p>\n","protected":false},"featured_media":31918,"comment_status":"closed","ping_status":"closed","template":"","meta":{"_et_pb_use_builder":"","_et_pb_old_content":"","_et_gb_content_width":""},"product_brand":[],"product_cat":[322,318],"product_tag":[],"class_list":{"0":"post-29478","1":"product","2":"type-product","3":"status-publish","4":"has-post-thumbnail","6":"product_cat-clitoral-vibrators","7":"product_cat-vibrators","9":"first","10":"onbackorder","11":"taxable","12":"shipping-taxable","13":"purchasable","14":"product-type-simple"},"yoast_head":"<!-- This site is optimized with the Yoast SEO Premium plugin v27.4 (Yoast SEO v27.4) - https:\/\/yoast.com\/product\/yoast-seo-premium-wordpress\/ -->\n<title>SVAKOM Tulip - Lib Women&#039;s Store<\/title>\n<meta name=\"description\" content=\"Tulip is a small vibrator made of extremely soft and silky silicone, and has a ribbed curved design, which still provides powerful pleasure.\" \/>\n<meta name=\"robots\" content=\"index, follow, max-snippet:-1, max-image-preview:large, max-video-preview:-1\" \/>\n<link rel=\"canonical\" href=\"https:\/\/libwomenstore.com\/en\/product\/vibrators\/svakom-tulip-small-bullet-vibrator-waterproof\/\" \/>\n<meta property=\"og:locale\" content=\"en_US\" \/>\n<meta property=\"og:type\" content=\"article\" \/>\n<meta property=\"og:title\" content=\"SVAKOM Tulip\" \/>\n<meta property=\"og:description\" content=\"Tulip is a small vibrator made of extremely soft and silky silicone, and has a ribbed curved design, which still provides powerful pleasure.\" \/>\n<meta property=\"og:url\" content=\"https:\/\/libwomenstore.com\/en\/product\/vibrators\/svakom-tulip-small-bullet-vibrator-waterproof\/\" \/>\n<meta property=\"og:site_name\" content=\"Lib Women&#039;s Store\" \/>\n<meta property=\"article:publisher\" content=\"https:\/\/www.facebook.com\/libwomenstore\" \/>\n<meta property=\"article:modified_time\" content=\"2025-01-17T17:37:34+00:00\" \/>\n<meta property=\"og:image\" content=\"https:\/\/libwomenstore.com\/wp-content\/uploads\/2024\/11\/5_2c149238-913b-470f-ba2d-43d95bea67ec.png\" \/>\n\t<meta property=\"og:image:width\" content=\"1080\" \/>\n\t<meta property=\"og:image:height\" content=\"1080\" \/>\n\t<meta property=\"og:image:type\" content=\"image\/png\" \/>\n<meta name=\"twitter:card\" content=\"summary_large_image\" \/>\n<meta name=\"twitter:label1\" content=\"Price\" \/>\n\t<meta name=\"twitter:data1\" content=\"13.500&#070;&#116;\" \/>\n\t<meta name=\"twitter:label2\" content=\"Availability\" \/>\n\t<meta name=\"twitter:data2\" content=\"On backorder\" \/>\n<script type=\"application\/ld+json\" class=\"yoast-schema-graph\">{\"@context\":\"https:\\\/\\\/schema.org\",\"@graph\":[{\"@type\":[\"WebPage\",\"ItemPage\"],\"@id\":\"https:\\\/\\\/libwomenstore.com\\\/en\\\/product\\\/vibrators\\\/svakom-tulip-small-bullet-vibrator-waterproof\\\/\",\"url\":\"https:\\\/\\\/libwomenstore.com\\\/en\\\/product\\\/vibrators\\\/svakom-tulip-small-bullet-vibrator-waterproof\\\/\",\"name\":\"SVAKOM Tulip - Lib Women&#039;s Store\",\"isPartOf\":{\"@id\":\"https:\\\/\\\/libwomenstore.com\\\/en\\\/#website\"},\"primaryImageOfPage\":{\"@id\":\"https:\\\/\\\/libwomenstore.com\\\/en\\\/product\\\/vibrators\\\/svakom-tulip-small-bullet-vibrator-waterproof\\\/#primaryimage\"},\"image\":{\"@id\":\"https:\\\/\\\/libwomenstore.com\\\/en\\\/product\\\/vibrators\\\/svakom-tulip-small-bullet-vibrator-waterproof\\\/#primaryimage\"},\"thumbnailUrl\":\"https:\\\/\\\/libwomenstore.com\\\/wp-content\\\/uploads\\\/2024\\\/11\\\/svakom_tulip_vibrator.jpg\",\"datePublished\":\"2024-11-21T17:46:45+00:00\",\"dateModified\":\"2025-01-17T17:37:34+00:00\",\"description\":\"Tulip is a small vibrator made of extremely soft and silky silicone, and has a ribbed curved design, which still provides powerful pleasure.\",\"breadcrumb\":{\"@id\":\"https:\\\/\\\/libwomenstore.com\\\/en\\\/product\\\/vibrators\\\/svakom-tulip-small-bullet-vibrator-waterproof\\\/#breadcrumb\"},\"inLanguage\":\"en-US\",\"potentialAction\":[{\"@type\":\"ReadAction\",\"target\":[\"https:\\\/\\\/libwomenstore.com\\\/en\\\/product\\\/vibrators\\\/svakom-tulip-small-bullet-vibrator-waterproof\\\/\"]}]},{\"@type\":\"ImageObject\",\"inLanguage\":\"en-US\",\"@id\":\"https:\\\/\\\/libwomenstore.com\\\/en\\\/product\\\/vibrators\\\/svakom-tulip-small-bullet-vibrator-waterproof\\\/#primaryimage\",\"url\":\"https:\\\/\\\/libwomenstore.com\\\/wp-content\\\/uploads\\\/2024\\\/11\\\/svakom_tulip_vibrator.jpg\",\"contentUrl\":\"https:\\\/\\\/libwomenstore.com\\\/wp-content\\\/uploads\\\/2024\\\/11\\\/svakom_tulip_vibrator.jpg\",\"width\":600,\"height\":600,\"caption\":\"Svakom Tulip bullet vibr\u00e1tor csikl\u00f3 izgat\u00e1shoz\"},{\"@type\":\"BreadcrumbList\",\"@id\":\"https:\\\/\\\/libwomenstore.com\\\/en\\\/product\\\/vibrators\\\/svakom-tulip-small-bullet-vibrator-waterproof\\\/#breadcrumb\",\"itemListElement\":[{\"@type\":\"ListItem\",\"position\":1,\"name\":\"Kezd\u0151lap\",\"item\":\"https:\\\/\\\/libwomenstore.com\\\/en\\\/\"},{\"@type\":\"ListItem\",\"position\":2,\"name\":\"Shop Home Page &#8211; Product categories\",\"item\":\"https:\\\/\\\/libwomenstore.com\\\/shop-kezdolap-termek-kategoriak\\\/?lang=en\"},{\"@type\":\"ListItem\",\"position\":3,\"name\":\"SVAKOM Tulip\"}]},{\"@type\":\"WebSite\",\"@id\":\"https:\\\/\\\/libwomenstore.com\\\/en\\\/#website\",\"url\":\"https:\\\/\\\/libwomenstore.com\\\/en\\\/\",\"name\":\"Lib Women Store\",\"description\":\"Magyarorsz\u00e1g els\u0151 n\u0151kre f\u00f3kusz\u00e1l\u00f3 szexshopja, ahol az eg\u00e9szs\u00e9g ugyanolyan fontos, mint az \u00e9lvezetek.\",\"publisher\":{\"@id\":\"https:\\\/\\\/libwomenstore.com\\\/en\\\/#organization\"},\"alternateName\":\"Lib\",\"potentialAction\":[{\"@type\":\"SearchAction\",\"target\":{\"@type\":\"EntryPoint\",\"urlTemplate\":\"https:\\\/\\\/libwomenstore.com\\\/en\\\/?s={search_term_string}\"},\"query-input\":{\"@type\":\"PropertyValueSpecification\",\"valueRequired\":true,\"valueName\":\"search_term_string\"}}],\"inLanguage\":\"en-US\"},{\"@type\":\"Organization\",\"@id\":\"https:\\\/\\\/libwomenstore.com\\\/en\\\/#organization\",\"name\":\"Lib Women Store\",\"url\":\"https:\\\/\\\/libwomenstore.com\\\/en\\\/\",\"logo\":{\"@type\":\"ImageObject\",\"inLanguage\":\"en-US\",\"@id\":\"https:\\\/\\\/libwomenstore.com\\\/en\\\/#\\\/schema\\\/logo\\\/image\\\/\",\"url\":\"https:\\\/\\\/libwomenstore.com\\\/wp-content\\\/uploads\\\/2024\\\/05\\\/cropped-LIB-logo-A.png\",\"contentUrl\":\"https:\\\/\\\/libwomenstore.com\\\/wp-content\\\/uploads\\\/2024\\\/05\\\/cropped-LIB-logo-A.png\",\"width\":512,\"height\":512,\"caption\":\"Lib Women Store\"},\"image\":{\"@id\":\"https:\\\/\\\/libwomenstore.com\\\/en\\\/#\\\/schema\\\/logo\\\/image\\\/\"},\"sameAs\":[\"https:\\\/\\\/www.facebook.com\\\/libwomenstore\"]}]}<\/script>\n<meta property=\"product:price:amount\" content=\"13500\" \/>\n<meta property=\"product:price:currency\" content=\"HUF\" \/>\n<meta property=\"og:availability\" content=\"backorder\" \/>\n<meta property=\"product:availability\" content=\"available for order\" \/>\n<meta property=\"product:retailer_item_id\" content=\"LIB-SV006\" \/>\n<meta property=\"product:condition\" content=\"new\" \/>\n<!-- \/ Yoast SEO Premium plugin. -->","yoast_head_json":{"title":"SVAKOM Tulip - Lib Women&#039;s Store","description":"Tulip is a small vibrator made of extremely soft and silky silicone, and has a ribbed curved design, which still provides powerful pleasure.","robots":{"index":"index","follow":"follow","max-snippet":"max-snippet:-1","max-image-preview":"max-image-preview:large","max-video-preview":"max-video-preview:-1"},"canonical":"https:\/\/libwomenstore.com\/en\/product\/vibrators\/svakom-tulip-small-bullet-vibrator-waterproof\/","og_locale":"en_US","og_type":"article","og_title":"SVAKOM Tulip","og_description":"Tulip is a small vibrator made of extremely soft and silky silicone, and has a ribbed curved design, which still provides powerful pleasure.","og_url":"https:\/\/libwomenstore.com\/en\/product\/vibrators\/svakom-tulip-small-bullet-vibrator-waterproof\/","og_site_name":"Lib Women&#039;s Store","article_publisher":"https:\/\/www.facebook.com\/libwomenstore","article_modified_time":"2025-01-17T17:37:34+00:00","og_image":[{"width":1080,"height":1080,"url":"https:\/\/libwomenstore.com\/wp-content\/uploads\/2024\/11\/5_2c149238-913b-470f-ba2d-43d95bea67ec.png","type":"image\/png"}],"twitter_card":"summary_large_image","twitter_misc":{"Price":"13.500&#70;&#116;","Availability":"On backorder"},"schema":{"@context":"https:\/\/schema.org","@graph":[{"@type":["WebPage","ItemPage"],"@id":"https:\/\/libwomenstore.com\/en\/product\/vibrators\/svakom-tulip-small-bullet-vibrator-waterproof\/","url":"https:\/\/libwomenstore.com\/en\/product\/vibrators\/svakom-tulip-small-bullet-vibrator-waterproof\/","name":"SVAKOM Tulip - Lib Women&#039;s Store","isPartOf":{"@id":"https:\/\/libwomenstore.com\/en\/#website"},"primaryImageOfPage":{"@id":"https:\/\/libwomenstore.com\/en\/product\/vibrators\/svakom-tulip-small-bullet-vibrator-waterproof\/#primaryimage"},"image":{"@id":"https:\/\/libwomenstore.com\/en\/product\/vibrators\/svakom-tulip-small-bullet-vibrator-waterproof\/#primaryimage"},"thumbnailUrl":"https:\/\/libwomenstore.com\/wp-content\/uploads\/2024\/11\/svakom_tulip_vibrator.jpg","datePublished":"2024-11-21T17:46:45+00:00","dateModified":"2025-01-17T17:37:34+00:00","description":"Tulip is a small vibrator made of extremely soft and silky silicone, and has a ribbed curved design, which still provides powerful pleasure.","breadcrumb":{"@id":"https:\/\/libwomenstore.com\/en\/product\/vibrators\/svakom-tulip-small-bullet-vibrator-waterproof\/#breadcrumb"},"inLanguage":"en-US","potentialAction":[{"@type":"ReadAction","target":["https:\/\/libwomenstore.com\/en\/product\/vibrators\/svakom-tulip-small-bullet-vibrator-waterproof\/"]}]},{"@type":"ImageObject","inLanguage":"en-US","@id":"https:\/\/libwomenstore.com\/en\/product\/vibrators\/svakom-tulip-small-bullet-vibrator-waterproof\/#primaryimage","url":"https:\/\/libwomenstore.com\/wp-content\/uploads\/2024\/11\/svakom_tulip_vibrator.jpg","contentUrl":"https:\/\/libwomenstore.com\/wp-content\/uploads\/2024\/11\/svakom_tulip_vibrator.jpg","width":600,"height":600,"caption":"Svakom Tulip bullet vibr\u00e1tor csikl\u00f3 izgat\u00e1shoz"},{"@type":"BreadcrumbList","@id":"https:\/\/libwomenstore.com\/en\/product\/vibrators\/svakom-tulip-small-bullet-vibrator-waterproof\/#breadcrumb","itemListElement":[{"@type":"ListItem","position":1,"name":"Kezd\u0151lap","item":"https:\/\/libwomenstore.com\/en\/"},{"@type":"ListItem","position":2,"name":"Shop Home Page &#8211; Product categories","item":"https:\/\/libwomenstore.com\/shop-kezdolap-termek-kategoriak\/?lang=en"},{"@type":"ListItem","position":3,"name":"SVAKOM Tulip"}]},{"@type":"WebSite","@id":"https:\/\/libwomenstore.com\/en\/#website","url":"https:\/\/libwomenstore.com\/en\/","name":"Lib Women Store","description":"Magyarorsz\u00e1g els\u0151 n\u0151kre f\u00f3kusz\u00e1l\u00f3 szexshopja, ahol az eg\u00e9szs\u00e9g ugyanolyan fontos, mint az \u00e9lvezetek.","publisher":{"@id":"https:\/\/libwomenstore.com\/en\/#organization"},"alternateName":"Lib","potentialAction":[{"@type":"SearchAction","target":{"@type":"EntryPoint","urlTemplate":"https:\/\/libwomenstore.com\/en\/?s={search_term_string}"},"query-input":{"@type":"PropertyValueSpecification","valueRequired":true,"valueName":"search_term_string"}}],"inLanguage":"en-US"},{"@type":"Organization","@id":"https:\/\/libwomenstore.com\/en\/#organization","name":"Lib Women Store","url":"https:\/\/libwomenstore.com\/en\/","logo":{"@type":"ImageObject","inLanguage":"en-US","@id":"https:\/\/libwomenstore.com\/en\/#\/schema\/logo\/image\/","url":"https:\/\/libwomenstore.com\/wp-content\/uploads\/2024\/05\/cropped-LIB-logo-A.png","contentUrl":"https:\/\/libwomenstore.com\/wp-content\/uploads\/2024\/05\/cropped-LIB-logo-A.png","width":512,"height":512,"caption":"Lib Women Store"},"image":{"@id":"https:\/\/libwomenstore.com\/en\/#\/schema\/logo\/image\/"},"sameAs":["https:\/\/www.facebook.com\/libwomenstore"]}]},"product_price_amount":"13500","product_price_currency":"HUF","og_availability":"backorder","product_availability":"available for order","product_retailer_item_id":"LIB-SV006","product_condition":"new"},"_links":{"self":[{"href":"https:\/\/libwomenstore.com\/en\/wp-json\/wp\/v2\/product\/29478","targetHints":{"allow":["GET"]}}],"collection":[{"href":"https:\/\/libwomenstore.com\/en\/wp-json\/wp\/v2\/product"}],"about":[{"href":"https:\/\/libwomenstore.com\/en\/wp-json\/wp\/v2\/types\/product"}],"replies":[{"embeddable":true,"href":"https:\/\/libwomenstore.com\/en\/wp-json\/wp\/v2\/comments?post=29478"}],"wp:featuredmedia":[{"embeddable":true,"href":"https:\/\/libwomenstore.com\/en\/wp-json\/wp\/v2\/media\/31918"}],"wp:attachment":[{"href":"https:\/\/libwomenstore.com\/en\/wp-json\/wp\/v2\/media?parent=29478"}],"wp:term":[{"taxonomy":"product_brand","embeddable":true,"href":"https:\/\/libwomenstore.com\/en\/wp-json\/wp\/v2\/product_brand?post=29478"},{"taxonomy":"product_cat","embeddable":true,"href":"https:\/\/libwomenstore.com\/en\/wp-json\/wp\/v2\/product_cat?post=29478"},{"taxonomy":"product_tag","embeddable":true,"href":"https:\/\/libwomenstore.com\/en\/wp-json\/wp\/v2\/product_tag?post=29478"}],"curies":[{"name":"wp","href":"https:\/\/api.w.org\/{rel}","templated":true}]}}