{"id":29490,"date":"2024-11-21T18:57:33","date_gmt":"2024-11-21T17:57:33","guid":{"rendered":"https:\/\/uj.libwomenstore.com\/?post_type=product&#038;p=29490"},"modified":"2026-02-12T15:26:49","modified_gmt":"2026-02-12T14:26:49","slug":"lustiq-venus-elixir-drops-to-enhance-female-libido","status":"publish","type":"product","link":"https:\/\/libwomenstore.com\/en\/product\/sexual-health\/lustiq-venus-elixir-drops-to-enhance-female-libido\/","title":{"rendered":"LUSTIQ Venus Elixir Drops to Enhance Female Libido"},"content":{"rendered":"<p style=\"text-align: center;\">Venus Elixir is a unique aphrodisiac elixir specifically formulated for the needs of the female body. Created by food engineers and a nutritionist, our adaptogenic blend is designed to enhance libido while deepening emotional connection. It contains the highest quality, natural ingredients that deliver their effectiveness in a pure, concentrated form. The adaptogenic ingredients reinforce each other, so they work much better than if consumed separately, maximizing support for intimacy and hormonal balance.<\/p>\n<p>Why choose Venus Elixir?<\/p>\n<p style=\"text-align: center;\"><strong>Synergistic effect:<\/strong> Adaptogenic active ingredients reinforce each other, increasing their effectiveness.<\/p>\n<p><strong>Natural ingredients:<\/strong> High-quality, natural aphrodisiacs and adaptogens.<\/p>\n<p><strong>Inner balance:<\/strong> Helps with hormonal balance, gives energy and reduces stress. \u2022 Developed for women: Formula optimized specifically for the needs of the female body.<\/p>\n<p><strong>Easy daily use:<\/strong> Neutral taste, so it can be easily integrated into your daily routine.<\/p>\n<p><strong>Vegan:<\/strong> Made with natural, Ayurvedic plant-based ingredients.<\/p>\n<p>Inner balance in a bottle, specifically tailored to the needs of the female body. Awaken your inner desire with the power of nature.<\/p>\n<p><strong>Ingredients:<\/strong><\/p>\n<p><strong>Maca root extract:<\/strong> Helps restore hormonal balance and increases sexual desire while reducing stress.<\/p>\n<p><strong>Siberian ginseng extract:<\/strong> Increases stamina and vitality, has a supportive effect on physical and mental energy.<\/p>\n<p><strong>Chinese Caterpillar Mushroom Extract:<\/strong> Supports sexual energy and the immune system.<\/p>\n<p><strong>Shatavari Root Extract:<\/strong> Contributes to maintaining hormonal balance and increases the vitality of the female body.<\/p>\n<p><strong>KSM-66 Ashwagandha Extract:<\/strong> Promotes hormonal balance through its stress-reducing effect, enhancing intimacy and desire.<\/p>\n<p style=\"text-align: center;\"><strong>Suggested Use:<\/strong><\/p>\n<p>Take 2.5 ml (75 drops) daily, mixed with 0.5 dl of water or other liquid. Shake well before use!<\/p>\n<p>Experience the passion and balance provided by Venus Elixir and achieve physical and mental harmony!<\/p>\n<p style=\"text-align: center;\"><strong>Benefits<\/strong><\/p>\n<p><strong>1. Maca<\/strong> (Lepedinum meyenii):<\/p>\n<p><strong>\u2022 Energy and Stamina:<\/strong> Maca root is a powerful adaptogen that increases energy levels and improves stamina.<\/p>\n<p><strong>\u2022 Libido Enhancement:<\/strong> Maca is known to increase sexual desire in both men and women. It helps restore hormonal balance, which has a positive effect on sex drive and fertility.<\/p>\n<p><strong>\u2022 Mood Enhancement:<\/strong> It improves mental well-being through its stress-relieving effect, which also plays an important role in sexual satisfaction.<\/p>\n<p><strong>2. Siberian Ginseng <\/strong>(Eleutherococcus senticosus):<\/p>\n<p><strong>\u2022 Stress Reduction:<\/strong> Siberian Ginseng helps reduce stress and enhance mental performance.<\/p>\n<p><strong>\u2022 Physical and Mental Stamina:<\/strong> Improves physical performance and mental alertness, which has a positive effect on sexual stamina.<\/p>\n<p><strong>\u2022 Improve Stamina:<\/strong> Plays a role in maintaining sexual energy, resulting in longer intercourse.<\/p>\n<p><strong>3. Cordyceps sinensis<\/strong> (cordyceps):<\/p>\n<p><strong>\u2022 Physical Stamina:<\/strong> Cordyceps is excellent for improving physical stamina and energy levels, which helps with longer intercourse.<\/p>\n<p><strong>\u2022 Improves Circulation:<\/strong> Increases blood flow, which is especially important for erectile function and can improve the overall sexual experience.<\/p>\n<p><strong>4. Shatavari<\/strong> (Asparagus racemosus):<\/p>\n<p><strong>\u2022 Supports Women&#8217;s Health:<\/strong> Shatavari supports hormonal balance and increases fertility, especially in women.<\/p>\n<p><strong>\u2022 Increases Libido:<\/strong> Helps increase sex drive and improves emotional and physical connection.<\/p>\n<p><strong>\u2022 Maintains Hormonal Balance:<\/strong> Supports the health of the female reproductive system, which contributes to better sexual health.<\/p>\n<p><strong>5. KSM-66 Ashwagandha<\/strong> (Withania somnifera):<\/p>\n<p><strong>\u2022 Stress Reduction:<\/strong> Ashwagandha is a powerful adaptogen that helps reduce stress and anxiety, promoting mental and physical relaxation, which improves sexual performance.<\/p>\n<p><strong>\u2022 Libido Enhancement:<\/strong> Increases libido in both men and women and helps maintain healthy hormonal balance.<\/p>\n<p><strong>\u2022 Body and Mind Harmony:<\/strong> Promotes overall well-being, which is an important factor in maintaining a satisfying sex life.<\/p>\n<p>Overall, these ingredients work together to improve sexual health and performance, increasing desire, energy, and contributing to mental and physical well-being. The synergy of adaptogens makes the product\u2019s effects more complex and profound than if the ingredients were used individually.<\/p>\n<p style=\"text-align: center;\"><strong>Usage<\/strong><\/p>\n<p>Take 1 x 2.5 ml daily, mixed in 0.5 dl of water or other beverage. Shake before use!<\/p>\n<p>After opening, store in a cool, dry place, protected from light. After opening, do not store the product for more than 6 months.<\/p>\n<p>Do not exceed the recommended daily dose. This product is not a substitute for a balanced diet and a healthy lifestyle. The product is not intended for children under 12 years of age. Do not use during pregnancy or breastfeeding.<\/p>\n","protected":false},"excerpt":{"rendered":"<p style=\"text-align: left;\">Lustiq is a new Hungarian brand on the market, who are a huge innovation in the field of desire-enhancing supplements. Venus Elixir contains high-purity, natural active ingredients designed to enhance complex female desire, supporting the female body in achieving a more pleasurable life.<\/p>\n","protected":false},"featured_media":32202,"comment_status":"closed","ping_status":"closed","template":"","meta":{"_et_pb_use_builder":"","_et_pb_old_content":"","_et_gb_content_width":""},"product_brand":[],"product_cat":[362,356],"product_tag":[],"class_list":{"0":"post-29490","1":"product","2":"type-product","3":"status-publish","4":"has-post-thumbnail","6":"product_cat-enhancers","7":"product_cat-sexual-health","9":"first","10":"instock","11":"taxable","12":"shipping-taxable","13":"purchasable","14":"product-type-simple"},"yoast_head":"<!-- This site is optimized with the Yoast SEO Premium plugin v27.4 (Yoast SEO v27.4) - https:\/\/yoast.com\/product\/yoast-seo-premium-wordpress\/ -->\n<title>LUSTIQ Venus Elixir Drops to Enhance Female Libido - Lib Women&#039;s Store<\/title>\n<meta name=\"description\" content=\"The aphrodisiac Venus Elixir contains high-purity, natural active ingredients designed to enhance complex female desire, supporting the female body.\" \/>\n<meta name=\"robots\" content=\"index, follow, max-snippet:-1, max-image-preview:large, max-video-preview:-1\" \/>\n<link rel=\"canonical\" href=\"https:\/\/libwomenstore.com\/en\/product\/sexual-health\/lustiq-venus-elixir-drops-to-enhance-female-libido\/\" \/>\n<meta property=\"og:locale\" content=\"en_US\" \/>\n<meta property=\"og:type\" content=\"article\" \/>\n<meta property=\"og:title\" content=\"LUSTIQ Venus Elixir Drops to Enhance Female Libido\" \/>\n<meta property=\"og:description\" content=\"The aphrodisiac Venus Elixir contains high-purity, natural active ingredients designed to enhance complex female desire, supporting the female body.\" \/>\n<meta property=\"og:url\" content=\"https:\/\/libwomenstore.com\/en\/product\/sexual-health\/lustiq-venus-elixir-drops-to-enhance-female-libido\/\" \/>\n<meta property=\"og:site_name\" content=\"Lib Women&#039;s Store\" \/>\n<meta property=\"article:publisher\" content=\"https:\/\/www.facebook.com\/libwomenstore\" \/>\n<meta property=\"article:modified_time\" content=\"2026-02-12T14:26:49+00:00\" \/>\n<meta property=\"og:image\" content=\"https:\/\/libwomenstore.com\/wp-content\/uploads\/2024\/11\/1_b31eee6b-6c14-4fd2-b685-59e9832369a4.png\" \/>\n\t<meta property=\"og:image:width\" content=\"1080\" \/>\n\t<meta property=\"og:image:height\" content=\"1080\" \/>\n\t<meta property=\"og:image:type\" content=\"image\/png\" \/>\n<meta name=\"twitter:card\" content=\"summary_large_image\" \/>\n<meta name=\"twitter:label1\" content=\"Price\" \/>\n\t<meta name=\"twitter:data1\" content=\"15.000&#070;&#116;\" \/>\n\t<meta name=\"twitter:label2\" content=\"Availability\" \/>\n\t<meta name=\"twitter:data2\" content=\"In stock\" \/>\n<script type=\"application\/ld+json\" class=\"yoast-schema-graph\">{\"@context\":\"https:\\\/\\\/schema.org\",\"@graph\":[{\"@type\":[\"WebPage\",\"ItemPage\"],\"@id\":\"https:\\\/\\\/libwomenstore.com\\\/en\\\/product\\\/sexual-health\\\/lustiq-venus-elixir-drops-to-enhance-female-libido\\\/\",\"url\":\"https:\\\/\\\/libwomenstore.com\\\/en\\\/product\\\/sexual-health\\\/lustiq-venus-elixir-drops-to-enhance-female-libido\\\/\",\"name\":\"LUSTIQ Venus Elixir Drops to Enhance Female Libido - Lib Women&#039;s Store\",\"isPartOf\":{\"@id\":\"https:\\\/\\\/libwomenstore.com\\\/en\\\/#website\"},\"primaryImageOfPage\":{\"@id\":\"https:\\\/\\\/libwomenstore.com\\\/en\\\/product\\\/sexual-health\\\/lustiq-venus-elixir-drops-to-enhance-female-libido\\\/#primaryimage\"},\"image\":{\"@id\":\"https:\\\/\\\/libwomenstore.com\\\/en\\\/product\\\/sexual-health\\\/lustiq-venus-elixir-drops-to-enhance-female-libido\\\/#primaryimage\"},\"thumbnailUrl\":\"https:\\\/\\\/libwomenstore.com\\\/wp-content\\\/uploads\\\/2024\\\/11\\\/lustiq_venus_elixir.jpg\",\"datePublished\":\"2024-11-21T17:57:33+00:00\",\"dateModified\":\"2026-02-12T14:26:49+00:00\",\"description\":\"The aphrodisiac Venus Elixir contains high-purity, natural active ingredients designed to enhance complex female desire, supporting the female body.\",\"breadcrumb\":{\"@id\":\"https:\\\/\\\/libwomenstore.com\\\/en\\\/product\\\/sexual-health\\\/lustiq-venus-elixir-drops-to-enhance-female-libido\\\/#breadcrumb\"},\"inLanguage\":\"en-US\",\"potentialAction\":[{\"@type\":\"ReadAction\",\"target\":[\"https:\\\/\\\/libwomenstore.com\\\/en\\\/product\\\/sexual-health\\\/lustiq-venus-elixir-drops-to-enhance-female-libido\\\/\"]}]},{\"@type\":\"ImageObject\",\"inLanguage\":\"en-US\",\"@id\":\"https:\\\/\\\/libwomenstore.com\\\/en\\\/product\\\/sexual-health\\\/lustiq-venus-elixir-drops-to-enhance-female-libido\\\/#primaryimage\",\"url\":\"https:\\\/\\\/libwomenstore.com\\\/wp-content\\\/uploads\\\/2024\\\/11\\\/lustiq_venus_elixir.jpg\",\"contentUrl\":\"https:\\\/\\\/libwomenstore.com\\\/wp-content\\\/uploads\\\/2024\\\/11\\\/lustiq_venus_elixir.jpg\",\"width\":600,\"height\":600,\"caption\":\"Lustiq V\u00e9nusz Elix\u00edr term\u00e9szetes libid\u00f3 n\u00f6vel\u0151 szer n\u0151knek\"},{\"@type\":\"BreadcrumbList\",\"@id\":\"https:\\\/\\\/libwomenstore.com\\\/en\\\/product\\\/sexual-health\\\/lustiq-venus-elixir-drops-to-enhance-female-libido\\\/#breadcrumb\",\"itemListElement\":[{\"@type\":\"ListItem\",\"position\":1,\"name\":\"Kezd\u0151lap\",\"item\":\"https:\\\/\\\/libwomenstore.com\\\/en\\\/\"},{\"@type\":\"ListItem\",\"position\":2,\"name\":\"Shop Home Page &#8211; Product categories\",\"item\":\"https:\\\/\\\/libwomenstore.com\\\/shop-kezdolap-termek-kategoriak\\\/?lang=en\"},{\"@type\":\"ListItem\",\"position\":3,\"name\":\"LUSTIQ Venus Elixir Drops to Enhance Female Libido\"}]},{\"@type\":\"WebSite\",\"@id\":\"https:\\\/\\\/libwomenstore.com\\\/en\\\/#website\",\"url\":\"https:\\\/\\\/libwomenstore.com\\\/en\\\/\",\"name\":\"Lib Women Store\",\"description\":\"Magyarorsz\u00e1g els\u0151 n\u0151kre f\u00f3kusz\u00e1l\u00f3 szexshopja, ahol az eg\u00e9szs\u00e9g ugyanolyan fontos, mint az \u00e9lvezetek.\",\"publisher\":{\"@id\":\"https:\\\/\\\/libwomenstore.com\\\/en\\\/#organization\"},\"alternateName\":\"Lib\",\"potentialAction\":[{\"@type\":\"SearchAction\",\"target\":{\"@type\":\"EntryPoint\",\"urlTemplate\":\"https:\\\/\\\/libwomenstore.com\\\/en\\\/?s={search_term_string}\"},\"query-input\":{\"@type\":\"PropertyValueSpecification\",\"valueRequired\":true,\"valueName\":\"search_term_string\"}}],\"inLanguage\":\"en-US\"},{\"@type\":\"Organization\",\"@id\":\"https:\\\/\\\/libwomenstore.com\\\/en\\\/#organization\",\"name\":\"Lib Women Store\",\"url\":\"https:\\\/\\\/libwomenstore.com\\\/en\\\/\",\"logo\":{\"@type\":\"ImageObject\",\"inLanguage\":\"en-US\",\"@id\":\"https:\\\/\\\/libwomenstore.com\\\/en\\\/#\\\/schema\\\/logo\\\/image\\\/\",\"url\":\"https:\\\/\\\/libwomenstore.com\\\/wp-content\\\/uploads\\\/2024\\\/05\\\/cropped-LIB-logo-A.png\",\"contentUrl\":\"https:\\\/\\\/libwomenstore.com\\\/wp-content\\\/uploads\\\/2024\\\/05\\\/cropped-LIB-logo-A.png\",\"width\":512,\"height\":512,\"caption\":\"Lib Women Store\"},\"image\":{\"@id\":\"https:\\\/\\\/libwomenstore.com\\\/en\\\/#\\\/schema\\\/logo\\\/image\\\/\"},\"sameAs\":[\"https:\\\/\\\/www.facebook.com\\\/libwomenstore\"]}]}<\/script>\n<meta property=\"product:price:amount\" content=\"15000\" \/>\n<meta property=\"product:price:currency\" content=\"HUF\" \/>\n<meta property=\"og:availability\" content=\"instock\" \/>\n<meta property=\"product:availability\" content=\"instock\" \/>\n<meta property=\"product:retailer_item_id\" content=\"LIB-LQ001\" \/>\n<meta property=\"product:condition\" content=\"new\" \/>\n<!-- \/ Yoast SEO Premium plugin. -->","yoast_head_json":{"title":"LUSTIQ Venus Elixir Drops to Enhance Female Libido - Lib Women&#039;s Store","description":"The aphrodisiac Venus Elixir contains high-purity, natural active ingredients designed to enhance complex female desire, supporting the female body.","robots":{"index":"index","follow":"follow","max-snippet":"max-snippet:-1","max-image-preview":"max-image-preview:large","max-video-preview":"max-video-preview:-1"},"canonical":"https:\/\/libwomenstore.com\/en\/product\/sexual-health\/lustiq-venus-elixir-drops-to-enhance-female-libido\/","og_locale":"en_US","og_type":"article","og_title":"LUSTIQ Venus Elixir Drops to Enhance Female Libido","og_description":"The aphrodisiac Venus Elixir contains high-purity, natural active ingredients designed to enhance complex female desire, supporting the female body.","og_url":"https:\/\/libwomenstore.com\/en\/product\/sexual-health\/lustiq-venus-elixir-drops-to-enhance-female-libido\/","og_site_name":"Lib Women&#039;s Store","article_publisher":"https:\/\/www.facebook.com\/libwomenstore","article_modified_time":"2026-02-12T14:26:49+00:00","og_image":[{"width":1080,"height":1080,"url":"https:\/\/libwomenstore.com\/wp-content\/uploads\/2024\/11\/1_b31eee6b-6c14-4fd2-b685-59e9832369a4.png","type":"image\/png"}],"twitter_card":"summary_large_image","twitter_misc":{"Price":"15.000&#70;&#116;","Availability":"In stock"},"schema":{"@context":"https:\/\/schema.org","@graph":[{"@type":["WebPage","ItemPage"],"@id":"https:\/\/libwomenstore.com\/en\/product\/sexual-health\/lustiq-venus-elixir-drops-to-enhance-female-libido\/","url":"https:\/\/libwomenstore.com\/en\/product\/sexual-health\/lustiq-venus-elixir-drops-to-enhance-female-libido\/","name":"LUSTIQ Venus Elixir Drops to Enhance Female Libido - Lib Women&#039;s Store","isPartOf":{"@id":"https:\/\/libwomenstore.com\/en\/#website"},"primaryImageOfPage":{"@id":"https:\/\/libwomenstore.com\/en\/product\/sexual-health\/lustiq-venus-elixir-drops-to-enhance-female-libido\/#primaryimage"},"image":{"@id":"https:\/\/libwomenstore.com\/en\/product\/sexual-health\/lustiq-venus-elixir-drops-to-enhance-female-libido\/#primaryimage"},"thumbnailUrl":"https:\/\/libwomenstore.com\/wp-content\/uploads\/2024\/11\/lustiq_venus_elixir.jpg","datePublished":"2024-11-21T17:57:33+00:00","dateModified":"2026-02-12T14:26:49+00:00","description":"The aphrodisiac Venus Elixir contains high-purity, natural active ingredients designed to enhance complex female desire, supporting the female body.","breadcrumb":{"@id":"https:\/\/libwomenstore.com\/en\/product\/sexual-health\/lustiq-venus-elixir-drops-to-enhance-female-libido\/#breadcrumb"},"inLanguage":"en-US","potentialAction":[{"@type":"ReadAction","target":["https:\/\/libwomenstore.com\/en\/product\/sexual-health\/lustiq-venus-elixir-drops-to-enhance-female-libido\/"]}]},{"@type":"ImageObject","inLanguage":"en-US","@id":"https:\/\/libwomenstore.com\/en\/product\/sexual-health\/lustiq-venus-elixir-drops-to-enhance-female-libido\/#primaryimage","url":"https:\/\/libwomenstore.com\/wp-content\/uploads\/2024\/11\/lustiq_venus_elixir.jpg","contentUrl":"https:\/\/libwomenstore.com\/wp-content\/uploads\/2024\/11\/lustiq_venus_elixir.jpg","width":600,"height":600,"caption":"Lustiq V\u00e9nusz Elix\u00edr term\u00e9szetes libid\u00f3 n\u00f6vel\u0151 szer n\u0151knek"},{"@type":"BreadcrumbList","@id":"https:\/\/libwomenstore.com\/en\/product\/sexual-health\/lustiq-venus-elixir-drops-to-enhance-female-libido\/#breadcrumb","itemListElement":[{"@type":"ListItem","position":1,"name":"Kezd\u0151lap","item":"https:\/\/libwomenstore.com\/en\/"},{"@type":"ListItem","position":2,"name":"Shop Home Page &#8211; Product categories","item":"https:\/\/libwomenstore.com\/shop-kezdolap-termek-kategoriak\/?lang=en"},{"@type":"ListItem","position":3,"name":"LUSTIQ Venus Elixir Drops to Enhance Female Libido"}]},{"@type":"WebSite","@id":"https:\/\/libwomenstore.com\/en\/#website","url":"https:\/\/libwomenstore.com\/en\/","name":"Lib Women Store","description":"Magyarorsz\u00e1g els\u0151 n\u0151kre f\u00f3kusz\u00e1l\u00f3 szexshopja, ahol az eg\u00e9szs\u00e9g ugyanolyan fontos, mint az \u00e9lvezetek.","publisher":{"@id":"https:\/\/libwomenstore.com\/en\/#organization"},"alternateName":"Lib","potentialAction":[{"@type":"SearchAction","target":{"@type":"EntryPoint","urlTemplate":"https:\/\/libwomenstore.com\/en\/?s={search_term_string}"},"query-input":{"@type":"PropertyValueSpecification","valueRequired":true,"valueName":"search_term_string"}}],"inLanguage":"en-US"},{"@type":"Organization","@id":"https:\/\/libwomenstore.com\/en\/#organization","name":"Lib Women Store","url":"https:\/\/libwomenstore.com\/en\/","logo":{"@type":"ImageObject","inLanguage":"en-US","@id":"https:\/\/libwomenstore.com\/en\/#\/schema\/logo\/image\/","url":"https:\/\/libwomenstore.com\/wp-content\/uploads\/2024\/05\/cropped-LIB-logo-A.png","contentUrl":"https:\/\/libwomenstore.com\/wp-content\/uploads\/2024\/05\/cropped-LIB-logo-A.png","width":512,"height":512,"caption":"Lib Women Store"},"image":{"@id":"https:\/\/libwomenstore.com\/en\/#\/schema\/logo\/image\/"},"sameAs":["https:\/\/www.facebook.com\/libwomenstore"]}]},"product_price_amount":"15000","product_price_currency":"HUF","og_availability":"instock","product_availability":"instock","product_retailer_item_id":"LIB-LQ001","product_condition":"new"},"_links":{"self":[{"href":"https:\/\/libwomenstore.com\/en\/wp-json\/wp\/v2\/product\/29490","targetHints":{"allow":["GET"]}}],"collection":[{"href":"https:\/\/libwomenstore.com\/en\/wp-json\/wp\/v2\/product"}],"about":[{"href":"https:\/\/libwomenstore.com\/en\/wp-json\/wp\/v2\/types\/product"}],"replies":[{"embeddable":true,"href":"https:\/\/libwomenstore.com\/en\/wp-json\/wp\/v2\/comments?post=29490"}],"wp:featuredmedia":[{"embeddable":true,"href":"https:\/\/libwomenstore.com\/en\/wp-json\/wp\/v2\/media\/32202"}],"wp:attachment":[{"href":"https:\/\/libwomenstore.com\/en\/wp-json\/wp\/v2\/media?parent=29490"}],"wp:term":[{"taxonomy":"product_brand","embeddable":true,"href":"https:\/\/libwomenstore.com\/en\/wp-json\/wp\/v2\/product_brand?post=29490"},{"taxonomy":"product_cat","embeddable":true,"href":"https:\/\/libwomenstore.com\/en\/wp-json\/wp\/v2\/product_cat?post=29490"},{"taxonomy":"product_tag","embeddable":true,"href":"https:\/\/libwomenstore.com\/en\/wp-json\/wp\/v2\/product_tag?post=29490"}],"curies":[{"name":"wp","href":"https:\/\/api.w.org\/{rel}","templated":true}]}}