{"id":29898,"date":"2024-04-16T12:02:14","date_gmt":"2024-04-16T10:02:14","guid":{"rendered":"https:\/\/libwomenstore.com\/?post_type=product&#038;p=29898"},"modified":"2025-07-24T12:12:03","modified_gmt":"2025-07-24T10:12:03","slug":"dame-eva-ii-wearable-clit-stimulator-vibrator","status":"publish","type":"product","link":"https:\/\/libwomenstore.com\/en\/product\/vibrators\/clitoral-vibrators\/dame-eva-ii-wearable-clit-stimulator-vibrator\/","title":{"rendered":"DAME Eva II"},"content":{"rendered":"<p style=\"text-align: center\"><span style=\"font-weight: 400\">The EVA II is an improved version of the crowd-funded vibrator idea of two American ladies. Thanks to its revolutionary design, it is extremely easy to use hands-free.<\/span><\/p>\n<p style=\"text-align: center\"><span style=\"font-weight: 400\">\u00a0<\/span><\/p>\n<p style=\"text-align: center\"><span style=\"font-weight: 400\">With its small size and two very flexible wings, which are discreetly hidden and rest on the outer labia, the vibrator is held on the clitoris without any distracting straps or strings.<\/span><\/p>\n<p style=\"text-align: center\"><b>Tip<\/b><b>\u00a0<\/b><\/p>\n<p style=\"text-align: center\"><span style=\"font-weight: 400\">The EVA II is made of skin-friendly material with a velvety touch, it is completely waterproof, so it can be used in the bathtub or in the shower and is easy to clean.<\/span><\/p>\n<p style=\"text-align: center\"><b>Features<\/b><span style=\"font-weight: 400\">\u00a0<\/span><\/p>\n<p style=\"text-align: center\"><span style=\"font-weight: 400\">unique, adjustable double wing design<\/span><\/p>\n<p style=\"text-align: center\"><span style=\"font-weight: 400\">revolutionary, hands-free use<\/span><\/p>\n<p style=\"text-align: center\"><span style=\"font-weight: 400\">streamlined, clean design<\/span><\/p>\n<p style=\"text-align: center\"><span style=\"font-weight: 400\">can also be used during sex<\/span><\/p>\n<p style=\"text-align: center\"><span style=\"font-weight: 400\">small size<\/span><\/p>\n<p style=\"text-align: center\"><span style=\"font-weight: 400\">battery with special charging case, rechargeable via USB<\/span><\/p>\n<p style=\"text-align: center\"><span style=\"font-weight: 400\">low battery indication<\/span><\/p>\n<p style=\"text-align: center\"><span style=\"font-weight: 400\">waterproof, easy to clean<\/span><\/p>\n<p style=\"text-align: center\"><span style=\"font-weight: 400\">high performance engine<\/span><\/p>\n<p style=\"text-align: center\"><span style=\"font-weight: 400\">extremely strong vibration\u00a0<\/span><\/p>\n<p style=\"text-align: center\"><span style=\"font-weight: 400\">3 vibration speeds<\/span><\/p>\n<p style=\"text-align: center\"><span style=\"font-weight: 400\">simple, one-button control<\/span><\/p>\n<p style=\"text-align: center\"><span style=\"font-weight: 400\">skin-friendly silicone material<\/span><\/p>\n<p style=\"text-align: center\"><span style=\"font-weight: 400\">size: 6.3 x 4.3 x 2.8cm<\/span><\/p>\n<p style=\"text-align: center\"><span style=\"font-weight: 400\">\u00a0<\/span><\/p>\n<p style=\"text-align: center\"><span style=\"font-weight: 400\">The package contains: 1 pc Dame Eva II, 1 pc USB cable for charging and a fully closable design-designed charging case, in which the product can be charged discreetly and hygienically.<\/span><\/p>\n<p style=\"text-align: center\"><b>Use &amp; Cleaning<\/b><\/p>\n<p style=\"text-align: center\"><span style=\"font-weight: 400\">Clean the device thoroughly before first use and after each use. Wash thoroughly with gentle soap and lukewarm water, then rinse and let dry. Recommended: Use of a special cleaning agent.<\/span><\/p>\n<p style=\"text-align: center\"><span style=\"font-weight: 400\">Use exclusively with water-based lubricants, other oils or lubricants can damage the material.<\/span><\/p>\n","protected":false},"excerpt":{"rendered":"<p style=\"text-align: left\">DAME Eva II is a special clitoral vibrator that can be used as a couple during sex as it leaves your hands completely free. Its clean design is not only pleasing to the eye, but also ensures maximum adaptation to the clitoris, while pampering you with intense, tingling vibrations.<\/p>\n","protected":false},"featured_media":34331,"comment_status":"open","ping_status":"closed","template":"","meta":{"_et_pb_use_builder":"","_et_pb_old_content":"","_et_gb_content_width":""},"product_brand":[],"product_cat":[322,355,318,343],"product_tag":[581],"class_list":{"0":"post-29898","1":"product","2":"type-product","3":"status-publish","4":"has-post-thumbnail","6":"product_cat-clitoral-vibrators","7":"product_cat-couple","8":"product_cat-vibrators","9":"product_cat-wearable","10":"product_tag-dame-en","12":"first","13":"outofstock","14":"taxable","15":"shipping-taxable","16":"purchasable","17":"product-type-variable"},"yoast_head":"<!-- This site is optimized with the Yoast SEO Premium plugin v27.4 (Yoast SEO v27.4) - https:\/\/yoast.com\/product\/yoast-seo-premium-wordpress\/ -->\n<title>DAME Eva II - Lib Women&#039;s Store<\/title>\n<meta name=\"description\" content=\"Discreet clitoral vibrator to spice up your couples play! Wearable, so you don&#039;t have to hold it, it stays there and gently vibrates on your clit\" \/>\n<meta name=\"robots\" content=\"index, follow, max-snippet:-1, max-image-preview:large, max-video-preview:-1\" \/>\n<link rel=\"canonical\" href=\"https:\/\/libwomenstore.com\/en\/product\/vibrators\/clitoral-vibrators\/dame-eva-ii-wearable-clit-stimulator-vibrator\/\" \/>\n<meta property=\"og:locale\" content=\"en_US\" \/>\n<meta property=\"og:type\" content=\"article\" \/>\n<meta property=\"og:title\" content=\"DAME Eva II\" \/>\n<meta property=\"og:description\" content=\"Discreet clitoral vibrator to spice up your couples play! Wearable, so you don&#039;t have to hold it, it stays there and gently vibrates on your clit\" \/>\n<meta property=\"og:url\" content=\"https:\/\/libwomenstore.com\/en\/product\/vibrators\/clitoral-vibrators\/dame-eva-ii-wearable-clit-stimulator-vibrator\/\" \/>\n<meta property=\"og:site_name\" content=\"Lib Women&#039;s Store\" \/>\n<meta property=\"article:publisher\" content=\"https:\/\/www.facebook.com\/libwomenstore\" \/>\n<meta property=\"article:modified_time\" content=\"2025-07-24T10:12:03+00:00\" \/>\n<meta property=\"og:image\" content=\"https:\/\/libwomenstore.com\/wp-content\/uploads\/2024\/04\/dame_eva_paros_szexjatek.jpeg\" \/>\n\t<meta property=\"og:image:width\" content=\"460\" \/>\n\t<meta property=\"og:image:height\" content=\"600\" \/>\n\t<meta property=\"og:image:type\" content=\"image\/jpeg\" \/>\n<meta name=\"twitter:card\" content=\"summary_large_image\" \/>\n<meta name=\"twitter:label1\" content=\"Availability\" \/>\n\t<meta name=\"twitter:data1\" content=\"Out of stock\" \/>\n<script type=\"application\/ld+json\" class=\"yoast-schema-graph\">{\"@context\":\"https:\\\/\\\/schema.org\",\"@graph\":[{\"@type\":[\"WebPage\",\"ItemPage\"],\"@id\":\"https:\\\/\\\/libwomenstore.com\\\/en\\\/product\\\/vibrators\\\/clitoral-vibrators\\\/dame-eva-ii-wearable-clit-stimulator-vibrator\\\/\",\"url\":\"https:\\\/\\\/libwomenstore.com\\\/en\\\/product\\\/vibrators\\\/clitoral-vibrators\\\/dame-eva-ii-wearable-clit-stimulator-vibrator\\\/\",\"name\":\"DAME Eva II - Lib Women&#039;s Store\",\"isPartOf\":{\"@id\":\"https:\\\/\\\/libwomenstore.com\\\/en\\\/#website\"},\"primaryImageOfPage\":{\"@id\":\"https:\\\/\\\/libwomenstore.com\\\/en\\\/product\\\/vibrators\\\/clitoral-vibrators\\\/dame-eva-ii-wearable-clit-stimulator-vibrator\\\/#primaryimage\"},\"image\":{\"@id\":\"https:\\\/\\\/libwomenstore.com\\\/en\\\/product\\\/vibrators\\\/clitoral-vibrators\\\/dame-eva-ii-wearable-clit-stimulator-vibrator\\\/#primaryimage\"},\"thumbnailUrl\":\"https:\\\/\\\/libwomenstore.com\\\/wp-content\\\/uploads\\\/2024\\\/04\\\/dame-eva-ice-blue.jpg\",\"datePublished\":\"2024-04-16T10:02:14+00:00\",\"dateModified\":\"2025-07-24T10:12:03+00:00\",\"description\":\"Discreet clitoral vibrator to spice up your couples play! Wearable, so you don't have to hold it, it stays there and gently vibrates on your clit\",\"breadcrumb\":{\"@id\":\"https:\\\/\\\/libwomenstore.com\\\/en\\\/product\\\/vibrators\\\/clitoral-vibrators\\\/dame-eva-ii-wearable-clit-stimulator-vibrator\\\/#breadcrumb\"},\"inLanguage\":\"en-US\",\"potentialAction\":[{\"@type\":\"ReadAction\",\"target\":[\"https:\\\/\\\/libwomenstore.com\\\/en\\\/product\\\/vibrators\\\/clitoral-vibrators\\\/dame-eva-ii-wearable-clit-stimulator-vibrator\\\/\"]}]},{\"@type\":\"ImageObject\",\"inLanguage\":\"en-US\",\"@id\":\"https:\\\/\\\/libwomenstore.com\\\/en\\\/product\\\/vibrators\\\/clitoral-vibrators\\\/dame-eva-ii-wearable-clit-stimulator-vibrator\\\/#primaryimage\",\"url\":\"https:\\\/\\\/libwomenstore.com\\\/wp-content\\\/uploads\\\/2024\\\/04\\\/dame-eva-ice-blue.jpg\",\"contentUrl\":\"https:\\\/\\\/libwomenstore.com\\\/wp-content\\\/uploads\\\/2024\\\/04\\\/dame-eva-ice-blue.jpg\",\"width\":1080,\"height\":1080,\"caption\":\"Dame Eva II in ice blue color\"},{\"@type\":\"BreadcrumbList\",\"@id\":\"https:\\\/\\\/libwomenstore.com\\\/en\\\/product\\\/vibrators\\\/clitoral-vibrators\\\/dame-eva-ii-wearable-clit-stimulator-vibrator\\\/#breadcrumb\",\"itemListElement\":[{\"@type\":\"ListItem\",\"position\":1,\"name\":\"Kezd\u0151lap\",\"item\":\"https:\\\/\\\/libwomenstore.com\\\/en\\\/\"},{\"@type\":\"ListItem\",\"position\":2,\"name\":\"Shop Home Page &#8211; Product categories\",\"item\":\"https:\\\/\\\/libwomenstore.com\\\/shop-kezdolap-termek-kategoriak\\\/?lang=en\"},{\"@type\":\"ListItem\",\"position\":3,\"name\":\"DAME Eva II\"}]},{\"@type\":\"WebSite\",\"@id\":\"https:\\\/\\\/libwomenstore.com\\\/en\\\/#website\",\"url\":\"https:\\\/\\\/libwomenstore.com\\\/en\\\/\",\"name\":\"Lib Women Store\",\"description\":\"Magyarorsz\u00e1g els\u0151 n\u0151kre f\u00f3kusz\u00e1l\u00f3 szexshopja, ahol az eg\u00e9szs\u00e9g ugyanolyan fontos, mint az \u00e9lvezetek.\",\"publisher\":{\"@id\":\"https:\\\/\\\/libwomenstore.com\\\/en\\\/#organization\"},\"alternateName\":\"Lib\",\"potentialAction\":[{\"@type\":\"SearchAction\",\"target\":{\"@type\":\"EntryPoint\",\"urlTemplate\":\"https:\\\/\\\/libwomenstore.com\\\/en\\\/?s={search_term_string}\"},\"query-input\":{\"@type\":\"PropertyValueSpecification\",\"valueRequired\":true,\"valueName\":\"search_term_string\"}}],\"inLanguage\":\"en-US\"},{\"@type\":\"Organization\",\"@id\":\"https:\\\/\\\/libwomenstore.com\\\/en\\\/#organization\",\"name\":\"Lib Women Store\",\"url\":\"https:\\\/\\\/libwomenstore.com\\\/en\\\/\",\"logo\":{\"@type\":\"ImageObject\",\"inLanguage\":\"en-US\",\"@id\":\"https:\\\/\\\/libwomenstore.com\\\/en\\\/#\\\/schema\\\/logo\\\/image\\\/\",\"url\":\"https:\\\/\\\/libwomenstore.com\\\/wp-content\\\/uploads\\\/2024\\\/05\\\/cropped-LIB-logo-A.png\",\"contentUrl\":\"https:\\\/\\\/libwomenstore.com\\\/wp-content\\\/uploads\\\/2024\\\/05\\\/cropped-LIB-logo-A.png\",\"width\":512,\"height\":512,\"caption\":\"Lib Women Store\"},\"image\":{\"@id\":\"https:\\\/\\\/libwomenstore.com\\\/en\\\/#\\\/schema\\\/logo\\\/image\\\/\"},\"sameAs\":[\"https:\\\/\\\/www.facebook.com\\\/libwomenstore\"]}]}<\/script>\n<meta property=\"og:availability\" content=\"out of stock\" \/>\n<meta property=\"product:availability\" content=\"out of stock\" \/>\n<meta property=\"product:retailer_item_id\" content=\"8116954792204\" \/>\n<meta property=\"product:condition\" content=\"new\" \/>\n<!-- \/ Yoast SEO Premium plugin. -->","yoast_head_json":{"title":"DAME Eva II - Lib Women&#039;s Store","description":"Discreet clitoral vibrator to spice up your couples play! Wearable, so you don't have to hold it, it stays there and gently vibrates on your clit","robots":{"index":"index","follow":"follow","max-snippet":"max-snippet:-1","max-image-preview":"max-image-preview:large","max-video-preview":"max-video-preview:-1"},"canonical":"https:\/\/libwomenstore.com\/en\/product\/vibrators\/clitoral-vibrators\/dame-eva-ii-wearable-clit-stimulator-vibrator\/","og_locale":"en_US","og_type":"article","og_title":"DAME Eva II","og_description":"Discreet clitoral vibrator to spice up your couples play! Wearable, so you don't have to hold it, it stays there and gently vibrates on your clit","og_url":"https:\/\/libwomenstore.com\/en\/product\/vibrators\/clitoral-vibrators\/dame-eva-ii-wearable-clit-stimulator-vibrator\/","og_site_name":"Lib Women&#039;s Store","article_publisher":"https:\/\/www.facebook.com\/libwomenstore","article_modified_time":"2025-07-24T10:12:03+00:00","og_image":[{"width":460,"height":600,"url":"https:\/\/libwomenstore.com\/wp-content\/uploads\/2024\/04\/dame_eva_paros_szexjatek.jpeg","type":"image\/jpeg"}],"twitter_card":"summary_large_image","twitter_misc":{"Availability":"Out of stock"},"schema":{"@context":"https:\/\/schema.org","@graph":[{"@type":["WebPage","ItemPage"],"@id":"https:\/\/libwomenstore.com\/en\/product\/vibrators\/clitoral-vibrators\/dame-eva-ii-wearable-clit-stimulator-vibrator\/","url":"https:\/\/libwomenstore.com\/en\/product\/vibrators\/clitoral-vibrators\/dame-eva-ii-wearable-clit-stimulator-vibrator\/","name":"DAME Eva II - Lib Women&#039;s Store","isPartOf":{"@id":"https:\/\/libwomenstore.com\/en\/#website"},"primaryImageOfPage":{"@id":"https:\/\/libwomenstore.com\/en\/product\/vibrators\/clitoral-vibrators\/dame-eva-ii-wearable-clit-stimulator-vibrator\/#primaryimage"},"image":{"@id":"https:\/\/libwomenstore.com\/en\/product\/vibrators\/clitoral-vibrators\/dame-eva-ii-wearable-clit-stimulator-vibrator\/#primaryimage"},"thumbnailUrl":"https:\/\/libwomenstore.com\/wp-content\/uploads\/2024\/04\/dame-eva-ice-blue.jpg","datePublished":"2024-04-16T10:02:14+00:00","dateModified":"2025-07-24T10:12:03+00:00","description":"Discreet clitoral vibrator to spice up your couples play! Wearable, so you don't have to hold it, it stays there and gently vibrates on your clit","breadcrumb":{"@id":"https:\/\/libwomenstore.com\/en\/product\/vibrators\/clitoral-vibrators\/dame-eva-ii-wearable-clit-stimulator-vibrator\/#breadcrumb"},"inLanguage":"en-US","potentialAction":[{"@type":"ReadAction","target":["https:\/\/libwomenstore.com\/en\/product\/vibrators\/clitoral-vibrators\/dame-eva-ii-wearable-clit-stimulator-vibrator\/"]}]},{"@type":"ImageObject","inLanguage":"en-US","@id":"https:\/\/libwomenstore.com\/en\/product\/vibrators\/clitoral-vibrators\/dame-eva-ii-wearable-clit-stimulator-vibrator\/#primaryimage","url":"https:\/\/libwomenstore.com\/wp-content\/uploads\/2024\/04\/dame-eva-ice-blue.jpg","contentUrl":"https:\/\/libwomenstore.com\/wp-content\/uploads\/2024\/04\/dame-eva-ice-blue.jpg","width":1080,"height":1080,"caption":"Dame Eva II in ice blue color"},{"@type":"BreadcrumbList","@id":"https:\/\/libwomenstore.com\/en\/product\/vibrators\/clitoral-vibrators\/dame-eva-ii-wearable-clit-stimulator-vibrator\/#breadcrumb","itemListElement":[{"@type":"ListItem","position":1,"name":"Kezd\u0151lap","item":"https:\/\/libwomenstore.com\/en\/"},{"@type":"ListItem","position":2,"name":"Shop Home Page &#8211; Product categories","item":"https:\/\/libwomenstore.com\/shop-kezdolap-termek-kategoriak\/?lang=en"},{"@type":"ListItem","position":3,"name":"DAME Eva II"}]},{"@type":"WebSite","@id":"https:\/\/libwomenstore.com\/en\/#website","url":"https:\/\/libwomenstore.com\/en\/","name":"Lib Women Store","description":"Magyarorsz\u00e1g els\u0151 n\u0151kre f\u00f3kusz\u00e1l\u00f3 szexshopja, ahol az eg\u00e9szs\u00e9g ugyanolyan fontos, mint az \u00e9lvezetek.","publisher":{"@id":"https:\/\/libwomenstore.com\/en\/#organization"},"alternateName":"Lib","potentialAction":[{"@type":"SearchAction","target":{"@type":"EntryPoint","urlTemplate":"https:\/\/libwomenstore.com\/en\/?s={search_term_string}"},"query-input":{"@type":"PropertyValueSpecification","valueRequired":true,"valueName":"search_term_string"}}],"inLanguage":"en-US"},{"@type":"Organization","@id":"https:\/\/libwomenstore.com\/en\/#organization","name":"Lib Women Store","url":"https:\/\/libwomenstore.com\/en\/","logo":{"@type":"ImageObject","inLanguage":"en-US","@id":"https:\/\/libwomenstore.com\/en\/#\/schema\/logo\/image\/","url":"https:\/\/libwomenstore.com\/wp-content\/uploads\/2024\/05\/cropped-LIB-logo-A.png","contentUrl":"https:\/\/libwomenstore.com\/wp-content\/uploads\/2024\/05\/cropped-LIB-logo-A.png","width":512,"height":512,"caption":"Lib Women Store"},"image":{"@id":"https:\/\/libwomenstore.com\/en\/#\/schema\/logo\/image\/"},"sameAs":["https:\/\/www.facebook.com\/libwomenstore"]}]},"og_availability":"out of stock","product_availability":"out of stock","product_retailer_item_id":"8116954792204","product_condition":"new"},"_links":{"self":[{"href":"https:\/\/libwomenstore.com\/en\/wp-json\/wp\/v2\/product\/29898","targetHints":{"allow":["GET"]}}],"collection":[{"href":"https:\/\/libwomenstore.com\/en\/wp-json\/wp\/v2\/product"}],"about":[{"href":"https:\/\/libwomenstore.com\/en\/wp-json\/wp\/v2\/types\/product"}],"replies":[{"embeddable":true,"href":"https:\/\/libwomenstore.com\/en\/wp-json\/wp\/v2\/comments?post=29898"}],"wp:featuredmedia":[{"embeddable":true,"href":"https:\/\/libwomenstore.com\/en\/wp-json\/wp\/v2\/media\/34331"}],"wp:attachment":[{"href":"https:\/\/libwomenstore.com\/en\/wp-json\/wp\/v2\/media?parent=29898"}],"wp:term":[{"taxonomy":"product_brand","embeddable":true,"href":"https:\/\/libwomenstore.com\/en\/wp-json\/wp\/v2\/product_brand?post=29898"},{"taxonomy":"product_cat","embeddable":true,"href":"https:\/\/libwomenstore.com\/en\/wp-json\/wp\/v2\/product_cat?post=29898"},{"taxonomy":"product_tag","embeddable":true,"href":"https:\/\/libwomenstore.com\/en\/wp-json\/wp\/v2\/product_tag?post=29898"}],"curies":[{"name":"wp","href":"https:\/\/api.w.org\/{rel}","templated":true}]}}