{"id":30511,"date":"2025-01-21T15:26:55","date_gmt":"2025-01-21T14:26:55","guid":{"rendered":"https:\/\/libwomenstore.com\/?post_type=product&#038;p=30511"},"modified":"2025-02-13T12:27:49","modified_gmt":"2025-02-13T11:27:49","slug":"lib-x-racz-rebeka-ceramic-dildo-bubbles","status":"publish","type":"product","link":"https:\/\/libwomenstore.com\/en\/product\/dildos\/lib-x-racz-rebeka-ceramic-dildo-bubbles\/","title":{"rendered":"LIB X Rebeka R\u00e1cz Dildos Bubbles"},"content":{"rendered":"<p style=\"text-align: center;\"><span style=\"font-weight: 400;\">Why is a ceramic dildo good?<\/span><\/p>\n<p style=\"text-align: center;\">\n<p style=\"text-align: center;\"><span style=\"font-weight: 400;\">Nowadays, the sex toy market is absolutely dominated by medical silicone, which of course has its advantages, but as the need to slow down is increasingly apparent in this fast-paced world, bringing natural materials back to the market is becoming increasingly important.<\/span><\/p>\n<p style=\"text-align: center;\">\n<p style=\"text-align: center;\"><span style=\"font-weight: 400;\">Ceramics have been used to make sex toys for thousands of years, but this archaic material still holds its place in the sector today.<\/span><\/p>\n<p style=\"text-align: center;\">\n<p style=\"text-align: center;\"><span style=\"font-weight: 400;\">The question may arise whether ceramic is not porous and therefore not suitable for dildos. During the production of ceramic dildos, a technology is used that makes the clay non-porous <\/span><span style=\"font-weight: 400;\"> and a body is provided with a solid glaze, which is also used for mugs and plates found in our households, since safety is also very important for them, due to contact with mucous membranes.<\/span><\/p>\n<p style=\"text-align: center;\">\n<p style=\"text-align: center;\"><span style=\"font-weight: 400;\">The advantage of ceramic is that it can be heated up or cooled down very easily by placing it under water, if we feel like having a little temperature play in the summer heat. It is also extremely easy to clean, just like its silicone counterparts, you need to wash it with lukewarm soapy water and then wipe it dry. Ceramic is a very durable, long-lasting material, you don&#8217;t have to worry about breaking it inside yourself, because this material is much stronger. You have to be careful not to drop it, and handle it with care.   <\/span><\/p>\n<p style=\"text-align: center;\">\n<p style=\"text-align: center;\"><span style=\"font-weight: 400;\">A ceramic dildo is a great opportunity to slow down, to turn inward. While with a vibrator we can reach orgasm in as little as 3 minutes, with a ceramic dildo we are much more attuned to our body&#8217;s feedback, we pay attention to ourselves, during a longer connection. Here, the object itself does not dictate the process, but we ourselves use the possibilities provided by the object according to our own needs. Rebeka&#8217;s dildos are made with care, each toy has a hole where you can insert your finger, giving you more control over the movement.   <\/span><\/p>\n<p style=\"text-align: center;\">\n<p style=\"text-align: center;\"><span style=\"font-weight: 400;\">Lib x Rebeka R\u00e1cz dildos are all handmade and completely unique. Rebeka has used her own techniques in this collection, which makes them not only pleasurable but also work as works of art, and perhaps even stand out in a collection. <\/span><\/p>\n<p style=\"text-align: center;\">\n<p style=\"text-align: center;\"><span style=\"font-weight: 400;\">Try them out to see if they can give you the connection with yourself and nature that has made them so popular for thousands of years. Connect with yourself, take your time, choose one that appeals to you and seduces you. <\/span><\/p>\n<p>&nbsp;<\/p>\n<p style=\"text-align: center;\">Usage &amp; Cleaning<\/p>\n<p style=\"text-align: center;\">You can use them with any lubricant, be it water-based, silicone or oil-based. Wash them with warm soapy water and let them air dry. Store them carefully so they don&#8217;t break or crack. If the material is damaged, do not use it to avoid injury!   <\/p>\n","protected":false},"excerpt":{"rendered":"<p><span style=\"font-weight: 400;\">Lib x Rebeka R\u00e1cz dildos are all handmade and completely unique. Rebeka has used her own techniques in this collection, which makes them not only pleasurable but also work as works of art, and perhaps even stand out in a collection. <\/span><\/p>\n","protected":false},"featured_media":30508,"comment_status":"closed","ping_status":"closed","template":"","meta":{"_et_pb_use_builder":"","_et_pb_old_content":"","_et_gb_content_width":""},"product_brand":[],"product_cat":[340,554,432],"product_tag":[434,433],"class_list":{"0":"post-30511","1":"product","2":"type-product","3":"status-publish","4":"has-post-thumbnail","6":"product_cat-dildos","7":"product_cat-lib-x-bliss-glass-toys-hand-crafted","8":"product_cat-lib-x-rebeka-racz-dildos-tapys","9":"product_tag-ceramic-en","10":"product_tag-rebeka-racz-en","12":"first","13":"instock","14":"taxable","15":"shipping-taxable","16":"purchasable","17":"product-type-variable"},"yoast_head":"<!-- This site is optimized with the Yoast SEO Premium plugin v27.4 (Yoast SEO v27.4) - https:\/\/yoast.com\/product\/yoast-seo-premium-wordpress\/ -->\n<title>LIB X Rebeka R\u00e1cz Dildos Bubbles - Lib Women&#039;s Store<\/title>\n<meta name=\"description\" content=\"Ceramicist Rebeka R\u00e1cz&#039;s playful world has been added to the Lib Women&#039;s Store and can be brought to your home through us! Choose one of the artistic toys!\" \/>\n<meta name=\"robots\" content=\"index, follow, max-snippet:-1, max-image-preview:large, max-video-preview:-1\" \/>\n<link rel=\"canonical\" href=\"https:\/\/libwomenstore.com\/en\/product\/dildos\/lib-x-racz-rebeka-ceramic-dildo-bubbles\/\" \/>\n<meta property=\"og:locale\" content=\"en_US\" \/>\n<meta property=\"og:type\" content=\"article\" \/>\n<meta property=\"og:title\" content=\"LIB X Rebeka R\u00e1cz Dildos Bubbles\" \/>\n<meta property=\"og:description\" content=\"Ceramicist Rebeka R\u00e1cz&#039;s playful world has been added to the Lib Women&#039;s Store and can be brought to your home through us! Choose one of the artistic toys!\" \/>\n<meta property=\"og:url\" content=\"https:\/\/libwomenstore.com\/en\/product\/dildos\/lib-x-racz-rebeka-ceramic-dildo-bubbles\/\" \/>\n<meta property=\"og:site_name\" content=\"Lib Women&#039;s Store\" \/>\n<meta property=\"article:publisher\" content=\"https:\/\/www.facebook.com\/libwomenstore\" \/>\n<meta property=\"article:modified_time\" content=\"2025-02-13T11:27:49+00:00\" \/>\n<meta property=\"og:image\" content=\"https:\/\/libwomenstore.com\/wp-content\/uploads\/2025\/01\/lib-x-racz-rebeka-_-rjanosjanos_websize-2584-819x1024.jpg\" \/>\n\t<meta property=\"og:image:width\" content=\"819\" \/>\n\t<meta property=\"og:image:height\" content=\"1024\" \/>\n\t<meta property=\"og:image:type\" content=\"image\/jpeg\" \/>\n<meta name=\"twitter:card\" content=\"summary_large_image\" \/>\n<meta name=\"twitter:label1\" content=\"Availability\" \/>\n\t<meta name=\"twitter:data1\" content=\"In stock\" \/>\n<script type=\"application\/ld+json\" class=\"yoast-schema-graph\">{\"@context\":\"https:\\\/\\\/schema.org\",\"@graph\":[{\"@type\":[\"WebPage\",\"ItemPage\"],\"@id\":\"https:\\\/\\\/libwomenstore.com\\\/en\\\/product\\\/dildos\\\/lib-x-racz-rebeka-ceramic-dildo-bubbles\\\/\",\"url\":\"https:\\\/\\\/libwomenstore.com\\\/en\\\/product\\\/dildos\\\/lib-x-racz-rebeka-ceramic-dildo-bubbles\\\/\",\"name\":\"LIB X Rebeka R\u00e1cz Dildos Bubbles - Lib Women&#039;s Store\",\"isPartOf\":{\"@id\":\"https:\\\/\\\/libwomenstore.com\\\/en\\\/#website\"},\"primaryImageOfPage\":{\"@id\":\"https:\\\/\\\/libwomenstore.com\\\/en\\\/product\\\/dildos\\\/lib-x-racz-rebeka-ceramic-dildo-bubbles\\\/#primaryimage\"},\"image\":{\"@id\":\"https:\\\/\\\/libwomenstore.com\\\/en\\\/product\\\/dildos\\\/lib-x-racz-rebeka-ceramic-dildo-bubbles\\\/#primaryimage\"},\"thumbnailUrl\":\"https:\\\/\\\/libwomenstore.com\\\/wp-content\\\/uploads\\\/2025\\\/01\\\/lib-x-racz-rebeka-_-rjanosjanos_websize-2584.jpg\",\"datePublished\":\"2025-01-21T14:26:55+00:00\",\"dateModified\":\"2025-02-13T11:27:49+00:00\",\"description\":\"Ceramicist Rebeka R\u00e1cz's playful world has been added to the Lib Women's Store and can be brought to your home through us! Choose one of the artistic toys!\",\"breadcrumb\":{\"@id\":\"https:\\\/\\\/libwomenstore.com\\\/en\\\/product\\\/dildos\\\/lib-x-racz-rebeka-ceramic-dildo-bubbles\\\/#breadcrumb\"},\"inLanguage\":\"en-US\",\"potentialAction\":[{\"@type\":\"ReadAction\",\"target\":[\"https:\\\/\\\/libwomenstore.com\\\/en\\\/product\\\/dildos\\\/lib-x-racz-rebeka-ceramic-dildo-bubbles\\\/\"]}]},{\"@type\":\"ImageObject\",\"inLanguage\":\"en-US\",\"@id\":\"https:\\\/\\\/libwomenstore.com\\\/en\\\/product\\\/dildos\\\/lib-x-racz-rebeka-ceramic-dildo-bubbles\\\/#primaryimage\",\"url\":\"https:\\\/\\\/libwomenstore.com\\\/wp-content\\\/uploads\\\/2025\\\/01\\\/lib-x-racz-rebeka-_-rjanosjanos_websize-2584.jpg\",\"contentUrl\":\"https:\\\/\\\/libwomenstore.com\\\/wp-content\\\/uploads\\\/2025\\\/01\\\/lib-x-racz-rebeka-_-rjanosjanos_websize-2584.jpg\",\"width\":1960,\"height\":2450,\"caption\":\"Lib x R\u00e1cz Rebeka ker\u00e1mia dild\u00f3k g\u00f6mb\u00f6s\"},{\"@type\":\"BreadcrumbList\",\"@id\":\"https:\\\/\\\/libwomenstore.com\\\/en\\\/product\\\/dildos\\\/lib-x-racz-rebeka-ceramic-dildo-bubbles\\\/#breadcrumb\",\"itemListElement\":[{\"@type\":\"ListItem\",\"position\":1,\"name\":\"Kezd\u0151lap\",\"item\":\"https:\\\/\\\/libwomenstore.com\\\/en\\\/\"},{\"@type\":\"ListItem\",\"position\":2,\"name\":\"Shop Home Page &#8211; Product categories\",\"item\":\"https:\\\/\\\/libwomenstore.com\\\/shop-kezdolap-termek-kategoriak\\\/?lang=en\"},{\"@type\":\"ListItem\",\"position\":3,\"name\":\"LIB X Rebeka R\u00e1cz Dildos Bubbles\"}]},{\"@type\":\"WebSite\",\"@id\":\"https:\\\/\\\/libwomenstore.com\\\/en\\\/#website\",\"url\":\"https:\\\/\\\/libwomenstore.com\\\/en\\\/\",\"name\":\"Lib Women Store\",\"description\":\"Magyarorsz\u00e1g els\u0151 n\u0151kre f\u00f3kusz\u00e1l\u00f3 szexshopja, ahol az eg\u00e9szs\u00e9g ugyanolyan fontos, mint az \u00e9lvezetek.\",\"publisher\":{\"@id\":\"https:\\\/\\\/libwomenstore.com\\\/en\\\/#organization\"},\"alternateName\":\"Lib\",\"potentialAction\":[{\"@type\":\"SearchAction\",\"target\":{\"@type\":\"EntryPoint\",\"urlTemplate\":\"https:\\\/\\\/libwomenstore.com\\\/en\\\/?s={search_term_string}\"},\"query-input\":{\"@type\":\"PropertyValueSpecification\",\"valueRequired\":true,\"valueName\":\"search_term_string\"}}],\"inLanguage\":\"en-US\"},{\"@type\":\"Organization\",\"@id\":\"https:\\\/\\\/libwomenstore.com\\\/en\\\/#organization\",\"name\":\"Lib Women Store\",\"url\":\"https:\\\/\\\/libwomenstore.com\\\/en\\\/\",\"logo\":{\"@type\":\"ImageObject\",\"inLanguage\":\"en-US\",\"@id\":\"https:\\\/\\\/libwomenstore.com\\\/en\\\/#\\\/schema\\\/logo\\\/image\\\/\",\"url\":\"https:\\\/\\\/libwomenstore.com\\\/wp-content\\\/uploads\\\/2024\\\/05\\\/cropped-LIB-logo-A.png\",\"contentUrl\":\"https:\\\/\\\/libwomenstore.com\\\/wp-content\\\/uploads\\\/2024\\\/05\\\/cropped-LIB-logo-A.png\",\"width\":512,\"height\":512,\"caption\":\"Lib Women Store\"},\"image\":{\"@id\":\"https:\\\/\\\/libwomenstore.com\\\/en\\\/#\\\/schema\\\/logo\\\/image\\\/\"},\"sameAs\":[\"https:\\\/\\\/www.facebook.com\\\/libwomenstore\"]}]}<\/script>\n<meta property=\"og:availability\" content=\"instock\" \/>\n<meta property=\"product:availability\" content=\"instock\" \/>\n<meta property=\"product:condition\" content=\"new\" \/>\n<!-- \/ Yoast SEO Premium plugin. -->","yoast_head_json":{"title":"LIB X Rebeka R\u00e1cz Dildos Bubbles - Lib Women&#039;s Store","description":"Ceramicist Rebeka R\u00e1cz's playful world has been added to the Lib Women's Store and can be brought to your home through us! Choose one of the artistic toys!","robots":{"index":"index","follow":"follow","max-snippet":"max-snippet:-1","max-image-preview":"max-image-preview:large","max-video-preview":"max-video-preview:-1"},"canonical":"https:\/\/libwomenstore.com\/en\/product\/dildos\/lib-x-racz-rebeka-ceramic-dildo-bubbles\/","og_locale":"en_US","og_type":"article","og_title":"LIB X Rebeka R\u00e1cz Dildos Bubbles","og_description":"Ceramicist Rebeka R\u00e1cz's playful world has been added to the Lib Women's Store and can be brought to your home through us! Choose one of the artistic toys!","og_url":"https:\/\/libwomenstore.com\/en\/product\/dildos\/lib-x-racz-rebeka-ceramic-dildo-bubbles\/","og_site_name":"Lib Women&#039;s Store","article_publisher":"https:\/\/www.facebook.com\/libwomenstore","article_modified_time":"2025-02-13T11:27:49+00:00","og_image":[{"width":819,"height":1024,"url":"https:\/\/libwomenstore.com\/wp-content\/uploads\/2025\/01\/lib-x-racz-rebeka-_-rjanosjanos_websize-2584-819x1024.jpg","type":"image\/jpeg"}],"twitter_card":"summary_large_image","twitter_misc":{"Availability":"In stock"},"schema":{"@context":"https:\/\/schema.org","@graph":[{"@type":["WebPage","ItemPage"],"@id":"https:\/\/libwomenstore.com\/en\/product\/dildos\/lib-x-racz-rebeka-ceramic-dildo-bubbles\/","url":"https:\/\/libwomenstore.com\/en\/product\/dildos\/lib-x-racz-rebeka-ceramic-dildo-bubbles\/","name":"LIB X Rebeka R\u00e1cz Dildos Bubbles - Lib Women&#039;s Store","isPartOf":{"@id":"https:\/\/libwomenstore.com\/en\/#website"},"primaryImageOfPage":{"@id":"https:\/\/libwomenstore.com\/en\/product\/dildos\/lib-x-racz-rebeka-ceramic-dildo-bubbles\/#primaryimage"},"image":{"@id":"https:\/\/libwomenstore.com\/en\/product\/dildos\/lib-x-racz-rebeka-ceramic-dildo-bubbles\/#primaryimage"},"thumbnailUrl":"https:\/\/libwomenstore.com\/wp-content\/uploads\/2025\/01\/lib-x-racz-rebeka-_-rjanosjanos_websize-2584.jpg","datePublished":"2025-01-21T14:26:55+00:00","dateModified":"2025-02-13T11:27:49+00:00","description":"Ceramicist Rebeka R\u00e1cz's playful world has been added to the Lib Women's Store and can be brought to your home through us! Choose one of the artistic toys!","breadcrumb":{"@id":"https:\/\/libwomenstore.com\/en\/product\/dildos\/lib-x-racz-rebeka-ceramic-dildo-bubbles\/#breadcrumb"},"inLanguage":"en-US","potentialAction":[{"@type":"ReadAction","target":["https:\/\/libwomenstore.com\/en\/product\/dildos\/lib-x-racz-rebeka-ceramic-dildo-bubbles\/"]}]},{"@type":"ImageObject","inLanguage":"en-US","@id":"https:\/\/libwomenstore.com\/en\/product\/dildos\/lib-x-racz-rebeka-ceramic-dildo-bubbles\/#primaryimage","url":"https:\/\/libwomenstore.com\/wp-content\/uploads\/2025\/01\/lib-x-racz-rebeka-_-rjanosjanos_websize-2584.jpg","contentUrl":"https:\/\/libwomenstore.com\/wp-content\/uploads\/2025\/01\/lib-x-racz-rebeka-_-rjanosjanos_websize-2584.jpg","width":1960,"height":2450,"caption":"Lib x R\u00e1cz Rebeka ker\u00e1mia dild\u00f3k g\u00f6mb\u00f6s"},{"@type":"BreadcrumbList","@id":"https:\/\/libwomenstore.com\/en\/product\/dildos\/lib-x-racz-rebeka-ceramic-dildo-bubbles\/#breadcrumb","itemListElement":[{"@type":"ListItem","position":1,"name":"Kezd\u0151lap","item":"https:\/\/libwomenstore.com\/en\/"},{"@type":"ListItem","position":2,"name":"Shop Home Page &#8211; Product categories","item":"https:\/\/libwomenstore.com\/shop-kezdolap-termek-kategoriak\/?lang=en"},{"@type":"ListItem","position":3,"name":"LIB X Rebeka R\u00e1cz Dildos Bubbles"}]},{"@type":"WebSite","@id":"https:\/\/libwomenstore.com\/en\/#website","url":"https:\/\/libwomenstore.com\/en\/","name":"Lib Women Store","description":"Magyarorsz\u00e1g els\u0151 n\u0151kre f\u00f3kusz\u00e1l\u00f3 szexshopja, ahol az eg\u00e9szs\u00e9g ugyanolyan fontos, mint az \u00e9lvezetek.","publisher":{"@id":"https:\/\/libwomenstore.com\/en\/#organization"},"alternateName":"Lib","potentialAction":[{"@type":"SearchAction","target":{"@type":"EntryPoint","urlTemplate":"https:\/\/libwomenstore.com\/en\/?s={search_term_string}"},"query-input":{"@type":"PropertyValueSpecification","valueRequired":true,"valueName":"search_term_string"}}],"inLanguage":"en-US"},{"@type":"Organization","@id":"https:\/\/libwomenstore.com\/en\/#organization","name":"Lib Women Store","url":"https:\/\/libwomenstore.com\/en\/","logo":{"@type":"ImageObject","inLanguage":"en-US","@id":"https:\/\/libwomenstore.com\/en\/#\/schema\/logo\/image\/","url":"https:\/\/libwomenstore.com\/wp-content\/uploads\/2024\/05\/cropped-LIB-logo-A.png","contentUrl":"https:\/\/libwomenstore.com\/wp-content\/uploads\/2024\/05\/cropped-LIB-logo-A.png","width":512,"height":512,"caption":"Lib Women Store"},"image":{"@id":"https:\/\/libwomenstore.com\/en\/#\/schema\/logo\/image\/"},"sameAs":["https:\/\/www.facebook.com\/libwomenstore"]}]},"og_availability":"instock","product_availability":"instock","product_condition":"new"},"_links":{"self":[{"href":"https:\/\/libwomenstore.com\/en\/wp-json\/wp\/v2\/product\/30511","targetHints":{"allow":["GET"]}}],"collection":[{"href":"https:\/\/libwomenstore.com\/en\/wp-json\/wp\/v2\/product"}],"about":[{"href":"https:\/\/libwomenstore.com\/en\/wp-json\/wp\/v2\/types\/product"}],"replies":[{"embeddable":true,"href":"https:\/\/libwomenstore.com\/en\/wp-json\/wp\/v2\/comments?post=30511"}],"wp:featuredmedia":[{"embeddable":true,"href":"https:\/\/libwomenstore.com\/en\/wp-json\/wp\/v2\/media\/30508"}],"wp:attachment":[{"href":"https:\/\/libwomenstore.com\/en\/wp-json\/wp\/v2\/media?parent=30511"}],"wp:term":[{"taxonomy":"product_brand","embeddable":true,"href":"https:\/\/libwomenstore.com\/en\/wp-json\/wp\/v2\/product_brand?post=30511"},{"taxonomy":"product_cat","embeddable":true,"href":"https:\/\/libwomenstore.com\/en\/wp-json\/wp\/v2\/product_cat?post=30511"},{"taxonomy":"product_tag","embeddable":true,"href":"https:\/\/libwomenstore.com\/en\/wp-json\/wp\/v2\/product_tag?post=30511"}],"curies":[{"name":"wp","href":"https:\/\/api.w.org\/{rel}","templated":true}]}}